{"id":51918,"date":"2020-12-04T10:46:53","date_gmt":"2020-12-04T09:46:53","guid":{"rendered":"https:\/\/hempking.eu\/pl\/?post_type=product&#038;p=51918"},"modified":"2021-08-17T10:39:53","modified_gmt":"2021-08-17T08:39:53","slug":"zestaw-kubek-hempking-wybrany-kosmetyk","status":"publish","type":"product","link":"https:\/\/dev.hempking.eu\/pl\/zestaw-kubek-hempking-wybrany-kosmetyk\/","title":{"rendered":"Zestaw: Kubek Hempking + wybrany kosmetyk"},"content":{"rendered":"<h2><strong>Zestaw z kubkiem, kt\u00f3ry tworzysz Ty!<\/strong><\/h2>\n<p>W zestawie na pewno znajdzie si\u0119 nasz <a href=\"https:\/\/dev.hempking.eu\/pl\/kubek-hempking-jestes-krolem\/\">kubek Hempking<\/a>. A co jeszcze? to zale\u017cy tylko od Ciebie! Mo\u017cesz wybra\u0107 jeden z poni\u017cej wymienionych kosmetyk\u00f3w i to w\u0142a\u015bnie ten kosmetyk znajdzie si\u0119 w przesy\u0142ce!<\/p>\n<ul>\n<li><a href=\"https:\/\/dev.hempking.eu\/pl\/konopny-peeling-do-ust-z-cbd-z-pomarancza\/\">pomara\u0144czowy peeling do ust<\/a><\/li>\n<li><a href=\"https:\/\/dev.hempking.eu\/pl\/kojace-serum-konopne-do-ust-z-cbd\/\">mi\u0119towe serum do ust<\/a><\/li>\n<li><a href=\"https:\/\/dev.hempking.eu\/pl\/regenerujace-serum-do-stop-z-cbd-o-zapachu-drzewa-herbacianego\/\">serum do st\u00f3p o zapachu drzewa herbacianego<\/a><\/li>\n<li><a href=\"https:\/\/dev.hempking.eu\/pl\/konopny-krem-do-rak-z-cbd-o-zapachu-wanilii-i-pomaranczy\/\">krem do r\u0105k pomara\u0144cza z wanili\u0105<\/a><\/li>\n<li><a href=\"https:\/\/dev.hempking.eu\/pl\/ultraodzywczy-konopny-krem-do-rak-z-cbd-o-zapachu-trawy-cytrynowej\/\">krem do r\u0105k trawa cytrynowa<\/a><\/li>\n<li><a href=\"https:\/\/dev.hempking.eu\/pl\/budyniowy-peeling-konopny-z-cbd-do-ciala\/\">budyniowy peeling do cia\u0142a<\/a><\/li>\n<li><a href=\"https:\/\/dev.hempking.eu\/pl\/jogurtowy-mus-konopny-z-cbd-do-ciala-o-zapachu-owocow-lesnych\/\">jogurtowy mus do cia\u0142a<\/a><\/li>\n<li><a href=\"https:\/\/dev.hempking.eu\/pl\/olejowy-mus-konopny-z-cbd-do-ciala-o-zapachu-rozowego-lotosu\/\">olejowy mus do cia\u0142a\u00a0<\/a><\/li>\n<li><a href=\"https:\/\/dev.hempking.eu\/pl\/naturalny-dezodorant-konopny-z-cbd-o-zapachu-wanilii-i-kwiatow-ylang-ylang\/\">dezodorant damski w kremie kwiaty ylang ylang\u00a0<\/a><\/li>\n<li><a href=\"https:\/\/dev.hempking.eu\/pl\/naturalny-dezodorant-konopny-dla-mezczyzn-z-cbd-i-mieta-pieprzowa\/\">dezodorant m\u0119ski w kremie mi\u0119ta pieprzowa<\/a><\/li>\n<\/ul>\n<p><strong>Napisz w komentarzu do zam\u00f3wienia, kt\u00f3ry kosmetyk wybierasz, w przeciwnym wypadku wy\u015blemy losowy kosmetyk!<\/strong><\/p>\n","protected":false},"excerpt":{"rendered":"<h2><strong>Zestaw do samodzielnego stworzenia!\u00a0<\/strong><\/h2>\n<ul>\n<li>kubek Hempking<\/li>\n<li>dowolny kosmetyk (z listy)<\/li>\n<\/ul>\n","protected":false},"featured_media":72802,"template":"","meta":{"_acf_changed":false},"product_cat":[33],"product_tag":[],"class_list":{"0":"post-51918","1":"product","2":"type-product","3":"status-publish","4":"has-post-thumbnail","6":"product_cat-zestawy","8":"first","9":"instock","10":"sale","11":"shipping-taxable","12":"purchasable","13":"product-type-simple"},"acf":[],"yoast_head":"<!-- This site is optimized with the Yoast SEO Premium plugin v23.4 (Yoast SEO v24.0) - https:\/\/yoast.com\/wordpress\/plugins\/seo\/ -->\n<title>Zestaw: Kubek Hempking + wybrany kosmetyk - Hemp King<\/title>\n<meta name=\"description\" content=\"Zobacz \u261b Zestaw: Kubek Hempking + wybrany kosmetyk w konopnym sklepie HempKing \u2705100% naturalne \u2705 Zadbaj z nami o swoj\u0105 diet\u0119!\" \/>\n<link rel=\"canonical\" href=\"https:\/\/dev.hempking.eu\/pl\/zestaw-kubek-hempking-wybrany-kosmetyk\/\" \/>\n<meta property=\"og:locale\" content=\"pl_PL\" \/>\n<meta property=\"og:type\" content=\"article\" \/>\n<meta property=\"og:title\" content=\"Zestaw: Kubek Hempking + wybrany kosmetyk\" \/>\n<meta property=\"og:description\" content=\"Zobacz \u261b Zestaw: Kubek Hempking + wybrany kosmetyk w konopnym sklepie HempKing \u2705100% naturalne \u2705 Zadbaj z nami o swoj\u0105 diet\u0119!\" \/>\n<meta property=\"og:url\" content=\"https:\/\/dev.hempking.eu\/pl\/zestaw-kubek-hempking-wybrany-kosmetyk\/\" \/>\n<meta property=\"og:site_name\" content=\"Hemp King\" \/>\n<meta property=\"article:publisher\" content=\"https:\/\/www.facebook.com\/hempkingpoland\" \/>\n<meta property=\"article:modified_time\" content=\"2021-08-17T08:39:53+00:00\" \/>\n<meta property=\"og:image\" content=\"https:\/\/dev.hempking.eu\/pl\/wp-content\/uploads\/sites\/2\/2020\/12\/zestaw-z-kubkiem.jpg\" \/>\n\t<meta property=\"og:image:width\" content=\"1000\" \/>\n\t<meta property=\"og:image:height\" content=\"1000\" \/>\n\t<meta property=\"og:image:type\" content=\"image\/jpeg\" \/>\n<meta name=\"twitter:card\" content=\"summary_large_image\" \/>\n<meta name=\"twitter:site\" content=\"@hempkingeu\" \/>\n<meta name=\"twitter:label1\" content=\"Price\" \/>\n\t<meta name=\"twitter:data1\" content=\"49.90&nbsp;&#122;&#322;\" \/>\n\t<meta name=\"twitter:label2\" content=\"Availability\" \/>\n\t<meta name=\"twitter:data2\" content=\"In stock\" \/>\n<script type=\"application\/ld+json\" class=\"yoast-schema-graph\">{\"@context\":\"https:\/\/schema.org\",\"@graph\":[{\"@type\":\"WebPage\",\"@id\":\"https:\/\/dev.hempking.eu\/pl\/zestaw-kubek-hempking-wybrany-kosmetyk\/\",\"url\":\"https:\/\/dev.hempking.eu\/pl\/zestaw-kubek-hempking-wybrany-kosmetyk\/\",\"name\":\"Zestaw: Kubek Hempking + wybrany kosmetyk - Hemp King\",\"isPartOf\":{\"@id\":\"https:\/\/dev.hempking.eu\/pl\/#website\"},\"primaryImageOfPage\":{\"@id\":\"https:\/\/dev.hempking.eu\/pl\/zestaw-kubek-hempking-wybrany-kosmetyk\/#primaryimage\"},\"image\":{\"@id\":\"https:\/\/dev.hempking.eu\/pl\/zestaw-kubek-hempking-wybrany-kosmetyk\/#primaryimage\"},\"thumbnailUrl\":\"https:\/\/dev.hempking.eu\/pl\/wp-content\/uploads\/sites\/2\/2020\/12\/zestaw-z-kubkiem.jpg\",\"datePublished\":\"2020-12-04T09:46:53+00:00\",\"dateModified\":\"2021-08-17T08:39:53+00:00\",\"description\":\"Zobacz \u261b Zestaw: Kubek Hempking + wybrany kosmetyk w konopnym sklepie HempKing \u2705100% naturalne \u2705 Zadbaj z nami o swoj\u0105 diet\u0119!\",\"breadcrumb\":{\"@id\":\"https:\/\/dev.hempking.eu\/pl\/zestaw-kubek-hempking-wybrany-kosmetyk\/#breadcrumb\"},\"inLanguage\":\"pl-PL\",\"potentialAction\":[{\"@type\":\"ReadAction\",\"target\":[\"https:\/\/dev.hempking.eu\/pl\/zestaw-kubek-hempking-wybrany-kosmetyk\/\"]}]},{\"@type\":\"ImageObject\",\"inLanguage\":\"pl-PL\",\"@id\":\"https:\/\/dev.hempking.eu\/pl\/zestaw-kubek-hempking-wybrany-kosmetyk\/#primaryimage\",\"url\":\"https:\/\/dev.hempking.eu\/pl\/wp-content\/uploads\/sites\/2\/2020\/12\/zestaw-z-kubkiem.jpg\",\"contentUrl\":\"https:\/\/dev.hempking.eu\/pl\/wp-content\/uploads\/sites\/2\/2020\/12\/zestaw-z-kubkiem.jpg\",\"width\":1000,\"height\":1000,\"caption\":\"zestaw z kubkiem\"},{\"@type\":\"BreadcrumbList\",\"@id\":\"https:\/\/dev.hempking.eu\/pl\/zestaw-kubek-hempking-wybrany-kosmetyk\/#breadcrumb\",\"itemListElement\":[{\"@type\":\"ListItem\",\"position\":1,\"name\":\"Home\",\"item\":\"https:\/\/dev.hempking.eu\/pl\/\"},{\"@type\":\"ListItem\",\"position\":2,\"name\":\"Sklep\",\"item\":\"https:\/\/dev.hempking.eu\/pl\/shop\/\"},{\"@type\":\"ListItem\",\"position\":3,\"name\":\"Zestawy\",\"item\":\"https:\/\/dev.hempking.eu\/pl\/zestawy\/\"},{\"@type\":\"ListItem\",\"position\":4,\"name\":\"Zestaw: Kubek Hempking + wybrany kosmetyk\"}]},{\"@type\":\"WebSite\",\"@id\":\"https:\/\/dev.hempking.eu\/pl\/#website\",\"url\":\"https:\/\/dev.hempking.eu\/pl\/\",\"name\":\"Hemp King\",\"description\":\"\",\"publisher\":{\"@id\":\"https:\/\/dev.hempking.eu\/pl\/#organization\"},\"potentialAction\":[{\"@type\":\"SearchAction\",\"target\":{\"@type\":\"EntryPoint\",\"urlTemplate\":\"https:\/\/dev.hempking.eu\/pl\/?s={search_term_string}\"},\"query-input\":{\"@type\":\"PropertyValueSpecification\",\"valueRequired\":true,\"valueName\":\"search_term_string\"}}],\"inLanguage\":\"pl-PL\"},{\"@type\":\"Organization\",\"@id\":\"https:\/\/dev.hempking.eu\/pl\/#organization\",\"name\":\"Hemp King\",\"url\":\"https:\/\/dev.hempking.eu\/pl\/\",\"logo\":{\"@type\":\"ImageObject\",\"inLanguage\":\"pl-PL\",\"@id\":\"https:\/\/dev.hempking.eu\/pl\/#\/schema\/logo\/image\/\",\"url\":\"https:\/\/dev.hempking.eu\/pl\/wp-content\/uploads\/sites\/2\/2020\/05\/hempking.png\",\"contentUrl\":\"https:\/\/dev.hempking.eu\/pl\/wp-content\/uploads\/sites\/2\/2020\/05\/hempking.png\",\"width\":148,\"height\":91,\"caption\":\"Hemp King\"},\"image\":{\"@id\":\"https:\/\/dev.hempking.eu\/pl\/#\/schema\/logo\/image\/\"},\"sameAs\":[\"https:\/\/www.facebook.com\/hempkingpoland\",\"https:\/\/x.com\/hempkingeu\",\"https:\/\/www.instagram.com\/hempkingeu\/\",\"https:\/\/www.linkedin.com\/company\/hempking-eu\/mycompany\/\",\"https:\/\/pl.pinterest.com\/hempkingeu\/\",\"https:\/\/www.youtube.com\/channel\/UCUkeZA1fj4hSZfoYm0WpZ7w\"]}]}<\/script>\n<meta property=\"product:price:amount\" content=\"49.90\" \/>\n<meta property=\"product:price:currency\" content=\"PLN\" \/>\n<meta property=\"og:availability\" content=\"instock\" \/>\n<meta property=\"product:availability\" content=\"instock\" \/>\n<meta property=\"product:condition\" content=\"new\" \/>\n<!-- \/ Yoast SEO Premium plugin. -->","yoast_head_json":{"title":"Zestaw: Kubek Hempking + wybrany kosmetyk - Hemp King","description":"Zobacz \u261b Zestaw: Kubek Hempking + wybrany kosmetyk w konopnym sklepie HempKing \u2705100% naturalne \u2705 Zadbaj z nami o swoj\u0105 diet\u0119!","canonical":"https:\/\/dev.hempking.eu\/pl\/zestaw-kubek-hempking-wybrany-kosmetyk\/","og_locale":"pl_PL","og_type":"article","og_title":"Zestaw: Kubek Hempking + wybrany kosmetyk","og_description":"Zobacz \u261b Zestaw: Kubek Hempking + wybrany kosmetyk w konopnym sklepie HempKing \u2705100% naturalne \u2705 Zadbaj z nami o swoj\u0105 diet\u0119!","og_url":"https:\/\/dev.hempking.eu\/pl\/zestaw-kubek-hempking-wybrany-kosmetyk\/","og_site_name":"Hemp King","article_publisher":"https:\/\/www.facebook.com\/hempkingpoland","article_modified_time":"2021-08-17T08:39:53+00:00","og_image":[{"width":1000,"height":1000,"url":"https:\/\/dev.hempking.eu\/pl\/wp-content\/uploads\/sites\/2\/2020\/12\/zestaw-z-kubkiem.jpg","type":"image\/jpeg"}],"twitter_card":"summary_large_image","twitter_site":"@hempkingeu","twitter_misc":{"Price":"49.90&nbsp;&#122;&#322;","Availability":"In stock"},"schema":{"@context":"https:\/\/schema.org","@graph":[{"@type":"WebPage","@id":"https:\/\/dev.hempking.eu\/pl\/zestaw-kubek-hempking-wybrany-kosmetyk\/","url":"https:\/\/dev.hempking.eu\/pl\/zestaw-kubek-hempking-wybrany-kosmetyk\/","name":"Zestaw: Kubek Hempking + wybrany kosmetyk - Hemp King","isPartOf":{"@id":"https:\/\/dev.hempking.eu\/pl\/#website"},"primaryImageOfPage":{"@id":"https:\/\/dev.hempking.eu\/pl\/zestaw-kubek-hempking-wybrany-kosmetyk\/#primaryimage"},"image":{"@id":"https:\/\/dev.hempking.eu\/pl\/zestaw-kubek-hempking-wybrany-kosmetyk\/#primaryimage"},"thumbnailUrl":"https:\/\/dev.hempking.eu\/pl\/wp-content\/uploads\/sites\/2\/2020\/12\/zestaw-z-kubkiem.jpg","datePublished":"2020-12-04T09:46:53+00:00","dateModified":"2021-08-17T08:39:53+00:00","description":"Zobacz \u261b Zestaw: Kubek Hempking + wybrany kosmetyk w konopnym sklepie HempKing \u2705100% naturalne \u2705 Zadbaj z nami o swoj\u0105 diet\u0119!","breadcrumb":{"@id":"https:\/\/dev.hempking.eu\/pl\/zestaw-kubek-hempking-wybrany-kosmetyk\/#breadcrumb"},"inLanguage":"pl-PL","potentialAction":[{"@type":"ReadAction","target":["https:\/\/dev.hempking.eu\/pl\/zestaw-kubek-hempking-wybrany-kosmetyk\/"]}]},{"@type":"ImageObject","inLanguage":"pl-PL","@id":"https:\/\/dev.hempking.eu\/pl\/zestaw-kubek-hempking-wybrany-kosmetyk\/#primaryimage","url":"https:\/\/dev.hempking.eu\/pl\/wp-content\/uploads\/sites\/2\/2020\/12\/zestaw-z-kubkiem.jpg","contentUrl":"https:\/\/dev.hempking.eu\/pl\/wp-content\/uploads\/sites\/2\/2020\/12\/zestaw-z-kubkiem.jpg","width":1000,"height":1000,"caption":"zestaw z kubkiem"},{"@type":"BreadcrumbList","@id":"https:\/\/dev.hempking.eu\/pl\/zestaw-kubek-hempking-wybrany-kosmetyk\/#breadcrumb","itemListElement":[{"@type":"ListItem","position":1,"name":"Home","item":"https:\/\/dev.hempking.eu\/pl\/"},{"@type":"ListItem","position":2,"name":"Sklep","item":"https:\/\/dev.hempking.eu\/pl\/shop\/"},{"@type":"ListItem","position":3,"name":"Zestawy","item":"https:\/\/dev.hempking.eu\/pl\/zestawy\/"},{"@type":"ListItem","position":4,"name":"Zestaw: Kubek Hempking + wybrany kosmetyk"}]},{"@type":"WebSite","@id":"https:\/\/dev.hempking.eu\/pl\/#website","url":"https:\/\/dev.hempking.eu\/pl\/","name":"Hemp King","description":"","publisher":{"@id":"https:\/\/dev.hempking.eu\/pl\/#organization"},"potentialAction":[{"@type":"SearchAction","target":{"@type":"EntryPoint","urlTemplate":"https:\/\/dev.hempking.eu\/pl\/?s={search_term_string}"},"query-input":{"@type":"PropertyValueSpecification","valueRequired":true,"valueName":"search_term_string"}}],"inLanguage":"pl-PL"},{"@type":"Organization","@id":"https:\/\/dev.hempking.eu\/pl\/#organization","name":"Hemp King","url":"https:\/\/dev.hempking.eu\/pl\/","logo":{"@type":"ImageObject","inLanguage":"pl-PL","@id":"https:\/\/dev.hempking.eu\/pl\/#\/schema\/logo\/image\/","url":"https:\/\/dev.hempking.eu\/pl\/wp-content\/uploads\/sites\/2\/2020\/05\/hempking.png","contentUrl":"https:\/\/dev.hempking.eu\/pl\/wp-content\/uploads\/sites\/2\/2020\/05\/hempking.png","width":148,"height":91,"caption":"Hemp King"},"image":{"@id":"https:\/\/dev.hempking.eu\/pl\/#\/schema\/logo\/image\/"},"sameAs":["https:\/\/www.facebook.com\/hempkingpoland","https:\/\/x.com\/hempkingeu","https:\/\/www.instagram.com\/hempkingeu\/","https:\/\/www.linkedin.com\/company\/hempking-eu\/mycompany\/","https:\/\/pl.pinterest.com\/hempkingeu\/","https:\/\/www.youtube.com\/channel\/UCUkeZA1fj4hSZfoYm0WpZ7w"]}]},"product_price_amount":"49.90","product_price_currency":"PLN","og_availability":"instock","product_availability":"instock","product_condition":"new"},"_links":{"self":[{"href":"https:\/\/dev.hempking.eu\/pl\/wp-json\/wp\/v2\/product\/51918","targetHints":{"allow":["GET"]}}],"collection":[{"href":"https:\/\/dev.hempking.eu\/pl\/wp-json\/wp\/v2\/product"}],"about":[{"href":"https:\/\/dev.hempking.eu\/pl\/wp-json\/wp\/v2\/types\/product"}],"wp:featuredmedia":[{"embeddable":true,"href":"https:\/\/dev.hempking.eu\/pl\/wp-json\/wp\/v2\/media\/72802"}],"wp:attachment":[{"href":"https:\/\/dev.hempking.eu\/pl\/wp-json\/wp\/v2\/media?parent=51918"}],"wp:term":[{"taxonomy":"product_cat","embeddable":true,"href":"https:\/\/dev.hempking.eu\/pl\/wp-json\/wp\/v2\/product_cat?post=51918"},{"taxonomy":"product_tag","embeddable":true,"href":"https:\/\/dev.hempking.eu\/pl\/wp-json\/wp\/v2\/product_tag?post=51918"}],"curies":[{"name":"wp","href":"https:\/\/api.w.org\/{rel}","templated":true}]}}