{"id":545,"date":"2020-07-07T13:11:36","date_gmt":"2020-07-07T11:11:36","guid":{"rendered":"https:\/\/hempking.eu\/pl\/?post_type=product&#038;p=545"},"modified":"2023-05-17T13:39:24","modified_gmt":"2023-05-17T11:39:24","slug":"olej-cbd-natural-plus-10-1000mg-10ml","status":"publish","type":"product","link":"https:\/\/dev.hempking.eu\/pl\/olej-cbd-natural-plus-10-1000mg-10ml\/","title":{"rendered":"Olej CBD 10% + CBDA, CBC, CBGA, CBG, CBDV, CBN Natural Plus (1000mg) \u2013 10ml"},"content":{"rendered":"<h2 style=\"text-align: justify;\">Bestsellerowy olej z konopi CBD z naturalnie wyst\u0119puj\u0105cymi fitosk\u0142adnikami 10% Natural Plus Full Spectrum<\/h2>\n<p style=\"text-align: justify;\">Suplement diety jakim jest nasz olej konopny CBD z naturalnymi fitosk\u0142adnikami 10%\u00a0 zawiera minimum 1000 mg naturalnego fitosk\u0142adnika oraz innych fitosk\u0142adnik\u00f3w (CBD, CBDA, CBC, CBGA, CBG, CBDV, CBN) w pe\u0142nym spektrum.<\/p>\n<p style=\"text-align: justify;\">W olejku konopnym 10% s\u0105 wszystkie sk\u0142adniki, kt\u00f3re naturalnie mo\u017cesz znale\u017a\u0107 w konopiach: wspomniane fitosk\u0142adniki, terpeny, fenole, flawonoidy, a tak\u017ce nienasycone kwasy t\u0142uszczowe omega-3, omega-6 i omega-9, tak wa\u017cne w naszej diecie.<\/p>\n<h2 style=\"text-align: justify;\">Olej konopny CBD z fitosk\u0142adnikami Natural Plus 10% &#8211; 10ml &#8211; co go wyr\u00f3\u017cnia?<\/h2>\n<p style=\"text-align: justify;\"><strong>Wysokie st\u0119\u017cenie w jednej kropli<br \/>\n<\/strong>Olej konopny 10% Hempking daje Ci wysoki procent st\u0119\u017cenia na kropl\u0119 produktu. Co to oznacza? Oferujemy produkty o korzystnej cenie za fitosk\u0142adnik na 1mg. W kropli olejku konopnego Natural Plus 10% znajduje si\u0119 minimum 5mg fitosk\u0142adnika, a dodatkowo pozosta\u0142e fitosk\u0142adniki wyst\u0119puj\u0105ce w konopiach, jak fenole, terpeny i flawonoidy oraz CBD, CBDA, CBC, CBGA, CBG, CBDV, CBN.<\/p>\n<p style=\"text-align: justify;\">Wybieraj\u0105c nasze produkty, masz gwarancj\u0119 wysokiego st\u0119\u017cenia na 1 kropl\u0119 i mo\u017cesz zu\u017cy\u0107 mniej produktu, dostarczaj\u0105c sobie po\u017c\u0105dan\u0105 ilo\u015b\u0107 wymienionych wy\u017cej fitosk\u0142adnik\u00f3w.<\/p>\n<p style=\"text-align: justify;\"><strong>100% natury<br \/>\n<\/strong>Do produkcji naszych produkt\u00f3w u\u017cywamy tylko naturalnych sk\u0142adnik\u00f3w. Nie ma w nich izolat\u00f3w czy syntetycznego fitosk\u0142adnika (lista bada\u0144 poni\u017cej). Nasze olejki powstaj\u0105 metod\u0105 ekstrakcji nadkrytycznym CO2 &#8211; bezpieczn\u0105, nowoczesn\u0105 metod\u0105, kt\u00f3ra pozwala zachowa\u0107 naturalne fitosk\u0142adniki konopne w pe\u0142nym spektrum!<\/p>\n<p style=\"text-align: justify;\"><strong>Produkt polski<br \/>\n<\/strong>Konopne bogactwo polskich upraw zamkn\u0119li\u015bmy w szklanej buteleczce. Wybrali\u015bmy takie uprawy, kt\u00f3re znajduj\u0105 si\u0119 w czystych zak\u0105tkach Polski. Nasze olejki s\u0105 produkowane w Polsce. Mo\u017cesz mie\u0107 pewno\u015b\u0107, \u017ce wybierasz najlepszy konopny suplement diety dla siebie. Oraz \u017ce p\u0142acisz za to, czego wymagasz!<\/p>\n<h2 style=\"text-align: justify;\">Jako\u015b\u0107 olejk\u00f3w CBD z fitosk\u0142adnikami 10% znaczy dla nas najwi\u0119cej!<\/h2>\n<p style=\"text-align: justify;\">Olejek Natural Plus 10% przebadali\u015bmy na zawarto\u015b\u0107 fitosk\u0142adnik\u00f3w, terpen\u00f3w oraz metali ci\u0119\u017ckich.<\/p>\n<p style=\"text-align: justify;\">Korzystamy tylko z samych sprawdzonych i bezpiecznych upraw konopi do produkcji naszych suplement\u00f3w, \u017cywno\u015bci oraz kosmetyk\u00f3w.<\/p>\n<p style=\"text-align: justify;\"><a href=\"https:\/\/dev.hempking.eu\/pl\/wp-content\/uploads\/sites\/2\/2020\/07\/warunki4-1.jpg\"><img loading=\"lazy\" decoding=\"async\" class=\"alignnone wp-image-104414 size-full\" src=\"https:\/\/dev.hempking.eu\/pl\/wp-content\/uploads\/sites\/2\/2020\/07\/warunki4-1.jpg\" alt=\"o\u015bwiadczenia CBD w UE\" width=\"755\" height=\"353\" srcset=\"https:\/\/dev.hempking.eu\/pl\/wp-content\/uploads\/sites\/2\/2020\/07\/warunki4-1.jpg 755w, https:\/\/dev.hempking.eu\/pl\/wp-content\/uploads\/sites\/2\/2020\/07\/warunki4-1-640x299.jpg 640w, https:\/\/dev.hempking.eu\/pl\/wp-content\/uploads\/sites\/2\/2020\/07\/warunki4-1-400x187.jpg 400w\" sizes=\"auto, (max-width: 755px) 100vw, 755px\" \/><\/a><\/p>\n<p style=\"text-align: justify;\"><a href=\"https:\/\/dev.hempking.eu\/pl\/wp-content\/uploads\/sites\/2\/2020\/07\/warunki_4.jpg\"><img loading=\"lazy\" decoding=\"async\" class=\"alignnone size-full wp-image-100623\" src=\"https:\/\/dev.hempking.eu\/pl\/wp-content\/uploads\/sites\/2\/2020\/07\/warunki_4.jpg\" alt=\"fito sk\u0142adniki novel food\" width=\"755\" height=\"237\" srcset=\"https:\/\/dev.hempking.eu\/pl\/wp-content\/uploads\/sites\/2\/2020\/07\/warunki_4.jpg 755w, https:\/\/dev.hempking.eu\/pl\/wp-content\/uploads\/sites\/2\/2020\/07\/warunki_4-640x201.jpg 640w, https:\/\/dev.hempking.eu\/pl\/wp-content\/uploads\/sites\/2\/2020\/07\/warunki_4-400x126.jpg 400w\" sizes=\"auto, (max-width: 755px) 100vw, 755px\" \/><\/a><\/p>\n<p style=\"text-align: justify;\"><a href=\"https:\/\/dev.hempking.eu\/pl\/wp-content\/uploads\/sites\/2\/2022\/01\/warunki2.jpg\"><img loading=\"lazy\" decoding=\"async\" class=\"alignnone wp-image-85647 size-full\" src=\"https:\/\/dev.hempking.eu\/pl\/wp-content\/uploads\/sites\/2\/2022\/01\/warunki2.jpg\" alt=\"warunki2\" width=\"755\" height=\"307\" srcset=\"https:\/\/dev.hempking.eu\/pl\/wp-content\/uploads\/sites\/2\/2022\/01\/warunki2.jpg 755w, https:\/\/dev.hempking.eu\/pl\/wp-content\/uploads\/sites\/2\/2022\/01\/warunki2-640x260.jpg 640w, https:\/\/dev.hempking.eu\/pl\/wp-content\/uploads\/sites\/2\/2022\/01\/warunki2-400x163.jpg 400w, https:\/\/dev.hempking.eu\/pl\/wp-content\/uploads\/sites\/2\/2022\/01\/warunki2-600x244.jpg 600w\" sizes=\"auto, (max-width: 755px) 100vw, 755px\" \/><\/a><\/p>\n","protected":false},"excerpt":{"rendered":"<h2><strong>Olej CBD z naturalnymi fitosk\u0142adnikami 10% Natural Plus to:<\/strong><\/h2>\n<p>&nbsp;<\/p>\n<ul>\n<li>Olej CBD 10% Natural Plus zawiera naturalne fitosk\u0142adniki: CBD, CBDA, CBC, CBGA, CBG, CBDV, CBN<\/li>\n<li><a href=\"https:\/\/dev.hempking.eu\/wp-content\/certificates\/fitoskladniki-olej-cbd-10-biodio-20-08-2021.pdf\">Badanie olejku CBD z fitosk\u0142adnikami 10% na zawarto\u015b\u0107 fitosk\u0142anik\u00f3w<\/a><\/li>\n<li><strong>Ponad 1000 mg fitosk\u0142adnika<\/strong><\/li>\n<li>Full spectrum fitosk\u0142adnik\u00f3w<\/li>\n<li>Terpeny, flawonoidy, fenole naturalnie wyst\u0119puj\u0105ce w konopiach<\/li>\n<li><strong>Nienasycone kwasy t\u0142uszczowe: omega-3, omega-6 oraz omega-9<\/strong><\/li>\n<li><strong>1 kropla to minimalnie 5 mg fitosk\u0142adnika<\/strong><\/li>\n<li>Jako\u015b\u0107 produktu jest stale kontrolowana<\/li>\n<li>Olejek powstaje bez u\u017cycia rozpuszczalnik\u00f3w, wzbogacenia syntetycznego lub krystalicznego fitosk\u0142adnika<\/li>\n<li><strong>100% natury &#8211; badania znajdziesz w zak\u0142adce\u00a0<a href=\"https:\/\/dev.hempking.eu\/pl\/atesty-i-certyfikaty\/\">Atesty i Certyfikaty<\/a>.<\/strong><\/li>\n<li>w butelce jest 200 kropli olejku<\/li>\n<li>produkt wystarcza na ok. 2 miesi\u0105ce<\/li>\n<\/ul>\n<p><strong>Pojemno\u015b\u0107: 10ml<\/strong><\/p>\n","protected":false},"featured_media":91773,"template":"","meta":{"_acf_changed":false},"product_cat":[20,39,122,36],"product_tag":[91],"class_list":{"0":"post-545","1":"product","2":"type-product","3":"status-publish","4":"has-post-thumbnail","6":"product_cat-olej-cbd","7":"product_cat-olej-cbd-10","8":"product_cat-olej-konopny-full-spectrum","9":"product_cat-bestsellery","10":"product_tag-home","12":"first","13":"instock","14":"featured","15":"shipping-taxable","16":"purchasable","17":"product-type-simple"},"acf":[],"yoast_head":"<!-- This site is optimized with the Yoast SEO Premium plugin v23.4 (Yoast SEO v24.0) - https:\/\/yoast.com\/wordpress\/plugins\/seo\/ -->\n<title>Olej CBD 10% 1000 mg CBD 10ml Hempking<\/title>\n<meta name=\"description\" content=\"Olej konopny CBD 10% Natural Plus (1000mg) \u2013 10ml w konopnym sklepie HempKing 100% naturalne. Zadbaj z nami o swoj\u0105 diet\u0119! Sprawd\u017a teraz!\" \/>\n<link rel=\"canonical\" href=\"https:\/\/dev.hempking.eu\/pl\/olej-cbd-natural-plus-10-1000mg-10ml\/\" \/>\n<meta property=\"og:locale\" content=\"pl_PL\" \/>\n<meta property=\"og:type\" content=\"article\" \/>\n<meta property=\"og:title\" content=\"Olej CBD 10% Natural Plus (1000mg) \u2013 10ml Hempking\" \/>\n<meta property=\"og:description\" content=\"Olej CBD 10% Natural Plus (1000mg) \u2013 10ml w konopnym sklepie HempKing 100% naturalne. Zadbaj z nami o swoj\u0105 diet\u0119! Sprawd\u017a teraz!\" \/>\n<meta property=\"og:url\" content=\"https:\/\/dev.hempking.eu\/pl\/olej-cbd-natural-plus-10-1000mg-10ml\/\" \/>\n<meta property=\"og:site_name\" content=\"Hemp King\" \/>\n<meta property=\"article:publisher\" content=\"https:\/\/www.facebook.com\/hempkingpoland\" \/>\n<meta property=\"article:modified_time\" content=\"2023-05-17T11:39:24+00:00\" \/>\n<meta property=\"og:image\" content=\"https:\/\/dev.hempking.eu\/pl\/wp-content\/uploads\/sites\/2\/2020\/07\/olej-konopny-NATURAL-PLUS-full-spectrum-1-1-scaled.jpg\" \/>\n\t<meta property=\"og:image:width\" content=\"2560\" \/>\n\t<meta property=\"og:image:height\" content=\"2560\" \/>\n\t<meta property=\"og:image:type\" content=\"image\/jpeg\" \/>\n<meta name=\"twitter:card\" content=\"summary_large_image\" \/>\n<meta name=\"twitter:title\" content=\"Olej CBD 10% Natural Plus (1000mg) \u2013 10ml Hempking\" \/>\n<meta name=\"twitter:description\" content=\"Olej CBD 10% Natural Plus (1000mg) \u2013 10ml w konopnym sklepie HempKing 100% naturalne. Zadbaj z nami o swoj\u0105 diet\u0119! Sprawd\u017a teraz!\" \/>\n<meta name=\"twitter:image\" content=\"https:\/\/dev.hempking.eu\/pl\/wp-content\/uploads\/sites\/2\/2020\/07\/olej-konopny-NATURAL-PLUS-full-spectrum-1-1-scaled.jpg\" \/>\n<meta name=\"twitter:site\" content=\"@hempkingeu\" \/>\n<meta name=\"twitter:label1\" content=\"Price\" \/>\n\t<meta name=\"twitter:data1\" content=\"209.00&nbsp;&#122;&#322;\" \/>\n\t<meta name=\"twitter:label2\" content=\"Availability\" \/>\n\t<meta name=\"twitter:data2\" content=\"In stock\" \/>\n<script type=\"application\/ld+json\" class=\"yoast-schema-graph\">{\"@context\":\"https:\/\/schema.org\",\"@graph\":[{\"@type\":[\"WebPage\",\"ItemPage\"],\"@id\":\"https:\/\/dev.hempking.eu\/pl\/olej-cbd-natural-plus-10-1000mg-10ml\/\",\"url\":\"https:\/\/dev.hempking.eu\/pl\/olej-cbd-natural-plus-10-1000mg-10ml\/\",\"name\":\"Olej CBD 10% 1000 mg CBD 10ml Hempking\",\"isPartOf\":{\"@id\":\"https:\/\/dev.hempking.eu\/pl\/#website\"},\"primaryImageOfPage\":{\"@id\":\"https:\/\/dev.hempking.eu\/pl\/olej-cbd-natural-plus-10-1000mg-10ml\/#primaryimage\"},\"image\":{\"@id\":\"https:\/\/dev.hempking.eu\/pl\/olej-cbd-natural-plus-10-1000mg-10ml\/#primaryimage\"},\"thumbnailUrl\":\"https:\/\/dev.hempking.eu\/pl\/wp-content\/uploads\/sites\/2\/2020\/07\/olejek_natural_plus.jpg\",\"datePublished\":\"2020-07-07T11:11:36+00:00\",\"dateModified\":\"2023-05-17T11:39:24+00:00\",\"description\":\"Olej konopny CBD 10% Natural Plus (1000mg) \u2013 10ml w konopnym sklepie HempKing 100% naturalne. Zadbaj z nami o swoj\u0105 diet\u0119! Sprawd\u017a teraz!\",\"breadcrumb\":{\"@id\":\"https:\/\/dev.hempking.eu\/pl\/olej-cbd-natural-plus-10-1000mg-10ml\/#breadcrumb\"},\"inLanguage\":\"pl-PL\",\"potentialAction\":[{\"@type\":\"ReadAction\",\"target\":[\"https:\/\/dev.hempking.eu\/pl\/olej-cbd-natural-plus-10-1000mg-10ml\/\"]}]},{\"@type\":\"ImageObject\",\"inLanguage\":\"pl-PL\",\"@id\":\"https:\/\/dev.hempking.eu\/pl\/olej-cbd-natural-plus-10-1000mg-10ml\/#primaryimage\",\"url\":\"https:\/\/dev.hempking.eu\/pl\/wp-content\/uploads\/sites\/2\/2020\/07\/olejek_natural_plus.jpg\",\"contentUrl\":\"https:\/\/dev.hempking.eu\/pl\/wp-content\/uploads\/sites\/2\/2020\/07\/olejek_natural_plus.jpg\",\"width\":1000,\"height\":1000,\"caption\":\"olej CBD 10% natural\"},{\"@type\":\"BreadcrumbList\",\"@id\":\"https:\/\/dev.hempking.eu\/pl\/olej-cbd-natural-plus-10-1000mg-10ml\/#breadcrumb\",\"itemListElement\":[{\"@type\":\"ListItem\",\"position\":1,\"name\":\"Home\",\"item\":\"https:\/\/dev.hempking.eu\/pl\/\"},{\"@type\":\"ListItem\",\"position\":2,\"name\":\"Sklep\",\"item\":\"https:\/\/dev.hempking.eu\/pl\/shop\/\"},{\"@type\":\"ListItem\",\"position\":3,\"name\":\"Olej CBD\",\"item\":\"https:\/\/dev.hempking.eu\/pl\/olej-cbd\/\"},{\"@type\":\"ListItem\",\"position\":4,\"name\":\"Olej CBD 10% + CBDA, CBC, CBGA, CBG, CBDV, CBN Natural Plus (1000mg) \u2013 10ml\"}]},{\"@type\":\"WebSite\",\"@id\":\"https:\/\/dev.hempking.eu\/pl\/#website\",\"url\":\"https:\/\/dev.hempking.eu\/pl\/\",\"name\":\"Hemp King\",\"description\":\"\",\"publisher\":{\"@id\":\"https:\/\/dev.hempking.eu\/pl\/#organization\"},\"potentialAction\":[{\"@type\":\"SearchAction\",\"target\":{\"@type\":\"EntryPoint\",\"urlTemplate\":\"https:\/\/dev.hempking.eu\/pl\/?s={search_term_string}\"},\"query-input\":{\"@type\":\"PropertyValueSpecification\",\"valueRequired\":true,\"valueName\":\"search_term_string\"}}],\"inLanguage\":\"pl-PL\"},{\"@type\":\"Organization\",\"@id\":\"https:\/\/dev.hempking.eu\/pl\/#organization\",\"name\":\"Hemp King\",\"url\":\"https:\/\/dev.hempking.eu\/pl\/\",\"logo\":{\"@type\":\"ImageObject\",\"inLanguage\":\"pl-PL\",\"@id\":\"https:\/\/dev.hempking.eu\/pl\/#\/schema\/logo\/image\/\",\"url\":\"https:\/\/dev.hempking.eu\/pl\/wp-content\/uploads\/sites\/2\/2020\/05\/hempking.png\",\"contentUrl\":\"https:\/\/dev.hempking.eu\/pl\/wp-content\/uploads\/sites\/2\/2020\/05\/hempking.png\",\"width\":148,\"height\":91,\"caption\":\"Hemp King\"},\"image\":{\"@id\":\"https:\/\/dev.hempking.eu\/pl\/#\/schema\/logo\/image\/\"},\"sameAs\":[\"https:\/\/www.facebook.com\/hempkingpoland\",\"https:\/\/x.com\/hempkingeu\",\"https:\/\/www.instagram.com\/hempkingeu\/\",\"https:\/\/www.linkedin.com\/company\/hempking-eu\/mycompany\/\",\"https:\/\/pl.pinterest.com\/hempkingeu\/\",\"https:\/\/www.youtube.com\/channel\/UCUkeZA1fj4hSZfoYm0WpZ7w\"]}]}<\/script>\n<meta property=\"product:price:amount\" content=\"209.00\" \/>\n<meta property=\"product:price:currency\" content=\"PLN\" \/>\n<meta property=\"og:availability\" content=\"instock\" \/>\n<meta property=\"product:availability\" content=\"instock\" \/>\n<meta property=\"product:retailer_item_id\" content=\"5903636627021\" \/>\n<meta property=\"product:condition\" content=\"new\" \/>\n<!-- \/ Yoast SEO Premium plugin. -->","yoast_head_json":{"title":"Olej CBD 10% 1000 mg CBD 10ml Hempking","description":"Olej konopny CBD 10% Natural Plus (1000mg) \u2013 10ml w konopnym sklepie HempKing 100% naturalne. Zadbaj z nami o swoj\u0105 diet\u0119! Sprawd\u017a teraz!","canonical":"https:\/\/dev.hempking.eu\/pl\/olej-cbd-natural-plus-10-1000mg-10ml\/","og_locale":"pl_PL","og_type":"article","og_title":"Olej CBD 10% Natural Plus (1000mg) \u2013 10ml Hempking","og_description":"Olej CBD 10% Natural Plus (1000mg) \u2013 10ml w konopnym sklepie HempKing 100% naturalne. Zadbaj z nami o swoj\u0105 diet\u0119! Sprawd\u017a teraz!","og_url":"https:\/\/dev.hempking.eu\/pl\/olej-cbd-natural-plus-10-1000mg-10ml\/","og_site_name":"Hemp King","article_publisher":"https:\/\/www.facebook.com\/hempkingpoland","article_modified_time":"2023-05-17T11:39:24+00:00","og_image":[{"width":2560,"height":2560,"url":"https:\/\/dev.hempking.eu\/pl\/wp-content\/uploads\/sites\/2\/2020\/07\/olej-konopny-NATURAL-PLUS-full-spectrum-1-1-scaled.jpg","type":"image\/jpeg"}],"twitter_card":"summary_large_image","twitter_title":"Olej CBD 10% Natural Plus (1000mg) \u2013 10ml Hempking","twitter_description":"Olej CBD 10% Natural Plus (1000mg) \u2013 10ml w konopnym sklepie HempKing 100% naturalne. Zadbaj z nami o swoj\u0105 diet\u0119! Sprawd\u017a teraz!","twitter_image":"https:\/\/dev.hempking.eu\/pl\/wp-content\/uploads\/sites\/2\/2020\/07\/olej-konopny-NATURAL-PLUS-full-spectrum-1-1-scaled.jpg","twitter_site":"@hempkingeu","twitter_misc":{"Price":"209.00&nbsp;&#122;&#322;","Availability":"In stock"},"schema":{"@context":"https:\/\/schema.org","@graph":[{"@type":["WebPage","ItemPage"],"@id":"https:\/\/dev.hempking.eu\/pl\/olej-cbd-natural-plus-10-1000mg-10ml\/","url":"https:\/\/dev.hempking.eu\/pl\/olej-cbd-natural-plus-10-1000mg-10ml\/","name":"Olej CBD 10% 1000 mg CBD 10ml Hempking","isPartOf":{"@id":"https:\/\/dev.hempking.eu\/pl\/#website"},"primaryImageOfPage":{"@id":"https:\/\/dev.hempking.eu\/pl\/olej-cbd-natural-plus-10-1000mg-10ml\/#primaryimage"},"image":{"@id":"https:\/\/dev.hempking.eu\/pl\/olej-cbd-natural-plus-10-1000mg-10ml\/#primaryimage"},"thumbnailUrl":"https:\/\/dev.hempking.eu\/pl\/wp-content\/uploads\/sites\/2\/2020\/07\/olejek_natural_plus.jpg","datePublished":"2020-07-07T11:11:36+00:00","dateModified":"2023-05-17T11:39:24+00:00","description":"Olej konopny CBD 10% Natural Plus (1000mg) \u2013 10ml w konopnym sklepie HempKing 100% naturalne. Zadbaj z nami o swoj\u0105 diet\u0119! Sprawd\u017a teraz!","breadcrumb":{"@id":"https:\/\/dev.hempking.eu\/pl\/olej-cbd-natural-plus-10-1000mg-10ml\/#breadcrumb"},"inLanguage":"pl-PL","potentialAction":[{"@type":"ReadAction","target":["https:\/\/dev.hempking.eu\/pl\/olej-cbd-natural-plus-10-1000mg-10ml\/"]}]},{"@type":"ImageObject","inLanguage":"pl-PL","@id":"https:\/\/dev.hempking.eu\/pl\/olej-cbd-natural-plus-10-1000mg-10ml\/#primaryimage","url":"https:\/\/dev.hempking.eu\/pl\/wp-content\/uploads\/sites\/2\/2020\/07\/olejek_natural_plus.jpg","contentUrl":"https:\/\/dev.hempking.eu\/pl\/wp-content\/uploads\/sites\/2\/2020\/07\/olejek_natural_plus.jpg","width":1000,"height":1000,"caption":"olej CBD 10% natural"},{"@type":"BreadcrumbList","@id":"https:\/\/dev.hempking.eu\/pl\/olej-cbd-natural-plus-10-1000mg-10ml\/#breadcrumb","itemListElement":[{"@type":"ListItem","position":1,"name":"Home","item":"https:\/\/dev.hempking.eu\/pl\/"},{"@type":"ListItem","position":2,"name":"Sklep","item":"https:\/\/dev.hempking.eu\/pl\/shop\/"},{"@type":"ListItem","position":3,"name":"Olej CBD","item":"https:\/\/dev.hempking.eu\/pl\/olej-cbd\/"},{"@type":"ListItem","position":4,"name":"Olej CBD 10% + CBDA, CBC, CBGA, CBG, CBDV, CBN Natural Plus (1000mg) \u2013 10ml"}]},{"@type":"WebSite","@id":"https:\/\/dev.hempking.eu\/pl\/#website","url":"https:\/\/dev.hempking.eu\/pl\/","name":"Hemp King","description":"","publisher":{"@id":"https:\/\/dev.hempking.eu\/pl\/#organization"},"potentialAction":[{"@type":"SearchAction","target":{"@type":"EntryPoint","urlTemplate":"https:\/\/dev.hempking.eu\/pl\/?s={search_term_string}"},"query-input":{"@type":"PropertyValueSpecification","valueRequired":true,"valueName":"search_term_string"}}],"inLanguage":"pl-PL"},{"@type":"Organization","@id":"https:\/\/dev.hempking.eu\/pl\/#organization","name":"Hemp King","url":"https:\/\/dev.hempking.eu\/pl\/","logo":{"@type":"ImageObject","inLanguage":"pl-PL","@id":"https:\/\/dev.hempking.eu\/pl\/#\/schema\/logo\/image\/","url":"https:\/\/dev.hempking.eu\/pl\/wp-content\/uploads\/sites\/2\/2020\/05\/hempking.png","contentUrl":"https:\/\/dev.hempking.eu\/pl\/wp-content\/uploads\/sites\/2\/2020\/05\/hempking.png","width":148,"height":91,"caption":"Hemp King"},"image":{"@id":"https:\/\/dev.hempking.eu\/pl\/#\/schema\/logo\/image\/"},"sameAs":["https:\/\/www.facebook.com\/hempkingpoland","https:\/\/x.com\/hempkingeu","https:\/\/www.instagram.com\/hempkingeu\/","https:\/\/www.linkedin.com\/company\/hempking-eu\/mycompany\/","https:\/\/pl.pinterest.com\/hempkingeu\/","https:\/\/www.youtube.com\/channel\/UCUkeZA1fj4hSZfoYm0WpZ7w"]}]},"product_price_amount":"209.00","product_price_currency":"PLN","og_availability":"instock","product_availability":"instock","product_retailer_item_id":"5903636627021","product_condition":"new"},"_links":{"self":[{"href":"https:\/\/dev.hempking.eu\/pl\/wp-json\/wp\/v2\/product\/545","targetHints":{"allow":["GET"]}}],"collection":[{"href":"https:\/\/dev.hempking.eu\/pl\/wp-json\/wp\/v2\/product"}],"about":[{"href":"https:\/\/dev.hempking.eu\/pl\/wp-json\/wp\/v2\/types\/product"}],"wp:featuredmedia":[{"embeddable":true,"href":"https:\/\/dev.hempking.eu\/pl\/wp-json\/wp\/v2\/media\/91773"}],"wp:attachment":[{"href":"https:\/\/dev.hempking.eu\/pl\/wp-json\/wp\/v2\/media?parent=545"}],"wp:term":[{"taxonomy":"product_cat","embeddable":true,"href":"https:\/\/dev.hempking.eu\/pl\/wp-json\/wp\/v2\/product_cat?post=545"},{"taxonomy":"product_tag","embeddable":true,"href":"https:\/\/dev.hempking.eu\/pl\/wp-json\/wp\/v2\/product_tag?post=545"}],"curies":[{"name":"wp","href":"https:\/\/api.w.org\/{rel}","templated":true}]}}