{"id":547,"date":"2020-07-07T13:20:10","date_gmt":"2020-07-07T11:20:10","guid":{"rendered":"https:\/\/hempking.eu\/pl\/?post_type=product&#038;p=547"},"modified":"2023-05-17T13:43:53","modified_gmt":"2023-05-17T11:43:53","slug":"olej-cbd-natural-strong-15-1500mg-10ml","status":"publish","type":"product","link":"https:\/\/dev.hempking.eu\/pl\/olej-cbd-natural-strong-15-1500mg-10ml\/","title":{"rendered":"Olej CBD 15% + CBDA, CBC, CBGA, CBG, CBDV, CBN Natural Strong (1500mg) \u2013 10ml"},"content":{"rendered":"<h2 style=\"text-align: justify;\">Olej konopny Natural Strong 15% &#8211; Full Spectrum wysokiej jako\u015bci<\/h2>\n<p style=\"text-align: justify;\"><strong>Olej konopny 15% zawiera ponad 1500 mg fitosk\u0142adnika<\/strong> oraz innych fitosk\u0142adnik\u00f3w (CBD, CBDA, CBC, CBGA, CBG, CBDV, CBN)\u00a0 w pe\u0142nym spektrum.<\/p>\n<p style=\"text-align: justify;\">W olejku znajdziesz te\u017c wszystkie sk\u0142adniki, kt\u00f3re naturalnie s\u0105 w konopiach: terpeny, fenole, flawonoidy, a tak\u017ce nienasycone kwasy t\u0142uszczowe omega-3, omega-6 i omega-9. To suplement diety wspomagaj\u0105cy ka\u017cd\u0105 zbilansowan\u0105 diet\u0119 w naturalny spos\u00f3b.<\/p>\n<h2 style=\"text-align: justify;\">Olej z fitosk\u0142adnikami 15% Natural Strong &#8211; si\u0142a wsparcia<\/h2>\n<p style=\"text-align: justify;\"><strong>Wysokie st\u0119\u017cenie na kropl\u0119 olejku<br \/>\n<\/strong><strong>Olej 15% Hempking to wysoki procent st\u0119\u017cenia na kropl\u0119 produktu.<\/strong> W jednej kropli olejku konopnego o st\u0119\u017ceniu 15% znajdziesz ponad 7,5mg naturalnego fitosk\u0142adnika oraz pozosta\u0142e fitosk\u0142adniki kt\u00f3re wyst\u0119puj\u0105 konopiach, m.in terpeny<\/p>\n<p style=\"text-align: justify;\">Zatem korzystaj\u0105c z naszych produkt\u00f3w jeste\u015b w stanie zu\u017cy\u0107 mniej produktu, ni\u017c gdyby\u015b korzysta\u0142 z olejk\u00f3w o mniejszej zawarto\u015bci naturalnych fitosk\u0142adnik\u00f3w.<\/p>\n<p style=\"text-align: justify;\"><strong>100% natury<br \/>\n<\/strong>W naszym olejku z fitosk\u0142adnikami znajdziesz <strong>tylko naturalne sk\u0142adniki<\/strong>. M\u00f3wimy stanowcze NIE izolatom czy syntetycznemu fitosk\u0142adnikowi. Do jego stworzenia korzystamy z bezpiecznej i nowoczesnej metody ekstrakcji nadkrytycznym CO2. Dzi\u0119ki temu zawiera pe\u0142ne spektum fitosk\u0142adnik\u00f3w.<\/p>\n<p style=\"text-align: justify;\"><strong>Produkt polski<br \/>\n<\/strong><strong>Szklana buteleczka z konopnymi skarbami powsta\u0142a z polskich upraw<\/strong>, w czystych zak\u0105tkach Polski P\u0142acisz za to, czego wymagasz! Oraz wiesz, \u017ce kupujesz to, co polskie.<\/p>\n<h2 style=\"text-align: justify;\">Jako\u015b\u0107 stawiamy najwy\u017cej!<\/h2>\n<p style=\"text-align: justify;\">Olejek Natural Plus 15% zosta\u0142 zbadany nie tylko na zawarto\u015b\u0107 fitosk\u0142adnik\u00f3w, ale r\u00f3wnie\u017c terpen\u00f3w oraz metali ci\u0119\u017ckich.<\/p>\n<p style=\"text-align: justify;\"><strong>Najnowsze badania znajdziesz tutaj: <a href=\"https:\/\/dev.hempking.eu\/pl\/atesty-i-certyfikaty\/\">Atesty i Certyfikaty<\/a>.<\/strong><\/p>\n<p style=\"text-align: justify;\">Uprawy konopi do produkcji naszych suplement\u00f3w, \u017cywno\u015bci oraz kosmetyk\u00f3w zosta\u0142y sprawdzone.<\/p>\n<p style=\"text-align: justify;\"><a href=\"https:\/\/dev.hempking.eu\/pl\/wp-content\/uploads\/sites\/2\/2020\/07\/warunki4-1.jpg\"><img loading=\"lazy\" decoding=\"async\" class=\"alignnone wp-image-104414 size-full\" src=\"https:\/\/dev.hempking.eu\/pl\/wp-content\/uploads\/sites\/2\/2020\/07\/warunki4-1.jpg\" alt=\"o\u015bwiadczenia CBD w UE\" width=\"755\" height=\"353\" srcset=\"https:\/\/dev.hempking.eu\/pl\/wp-content\/uploads\/sites\/2\/2020\/07\/warunki4-1.jpg 755w, https:\/\/dev.hempking.eu\/pl\/wp-content\/uploads\/sites\/2\/2020\/07\/warunki4-1-640x299.jpg 640w, https:\/\/dev.hempking.eu\/pl\/wp-content\/uploads\/sites\/2\/2020\/07\/warunki4-1-400x187.jpg 400w\" sizes=\"auto, (max-width: 755px) 100vw, 755px\" \/><\/a><\/p>\n<p style=\"text-align: justify;\"><a href=\"https:\/\/dev.hempking.eu\/pl\/wp-content\/uploads\/sites\/2\/2020\/07\/warunki_4.jpg\"><img loading=\"lazy\" decoding=\"async\" class=\"alignnone size-full wp-image-100623\" src=\"https:\/\/dev.hempking.eu\/pl\/wp-content\/uploads\/sites\/2\/2020\/07\/warunki_4.jpg\" alt=\"fito sk\u0142adniki novel food\" width=\"755\" height=\"237\" srcset=\"https:\/\/dev.hempking.eu\/pl\/wp-content\/uploads\/sites\/2\/2020\/07\/warunki_4.jpg 755w, https:\/\/dev.hempking.eu\/pl\/wp-content\/uploads\/sites\/2\/2020\/07\/warunki_4-640x201.jpg 640w, https:\/\/dev.hempking.eu\/pl\/wp-content\/uploads\/sites\/2\/2020\/07\/warunki_4-400x126.jpg 400w\" sizes=\"auto, (max-width: 755px) 100vw, 755px\" \/><\/a><\/p>\n<p style=\"text-align: justify;\"><a href=\"https:\/\/dev.hempking.eu\/pl\/wp-content\/uploads\/sites\/2\/2022\/01\/warunki2.jpg\"><img loading=\"lazy\" decoding=\"async\" class=\"alignnone wp-image-85647 size-full\" src=\"https:\/\/dev.hempking.eu\/pl\/wp-content\/uploads\/sites\/2\/2022\/01\/warunki2.jpg\" alt=\"warunki2\" width=\"755\" height=\"307\" srcset=\"https:\/\/dev.hempking.eu\/pl\/wp-content\/uploads\/sites\/2\/2022\/01\/warunki2.jpg 755w, https:\/\/dev.hempking.eu\/pl\/wp-content\/uploads\/sites\/2\/2022\/01\/warunki2-640x260.jpg 640w, https:\/\/dev.hempking.eu\/pl\/wp-content\/uploads\/sites\/2\/2022\/01\/warunki2-400x163.jpg 400w, https:\/\/dev.hempking.eu\/pl\/wp-content\/uploads\/sites\/2\/2022\/01\/warunki2-600x244.jpg 600w\" sizes=\"auto, (max-width: 755px) 100vw, 755px\" \/><\/a><\/p>\n","protected":false},"excerpt":{"rendered":"<h2><strong>Olej konopny\u00a0 Natural Strong 15% to:<\/strong><\/h2>\n<ul>\n<li>Ponad 1500 mg fitosk\u0142adnika<\/li>\n<li><strong>Full spectrum naturalnie wyst\u0119puj\u0105cych fitosk\u0142adnik\u00f3w CBD, CBDA, CBC, CBGA, CBG, CBDV, CBN<\/strong><\/li>\n<li>Terpeny, flawonoidy oraz fenole<\/li>\n<li>Regularne badania na st\u0119\u017cenie fitosk\u0142adnik\u00f3w<\/li>\n<li>Nienasycone kwasy t\u0142uszczowe: omega-3, omega-6 oraz omega-9<\/li>\n<li><strong>1 kropla olejku to a\u017c 7,5 mg fitosk\u0142adnika<\/strong><\/li>\n<li>Stale kontrolowana jako\u015b\u0107 produktu<\/li>\n<li><strong>0% rozpuszczalnik\u00f3w<\/strong>, syntetycznego lub krystalicznego fitosk\u0142adnika<\/li>\n<li><strong>Tylko 100% natury<\/strong><\/li>\n<li>200 kropli olejku konopnego<\/li>\n<li>wystarcza na ok. 2 miesi\u0105ce suplementacji<\/li>\n<\/ul>\n<p><strong>Pojemno\u015b\u0107: 10ml<\/strong><\/p>\n","protected":false},"featured_media":91777,"template":"","meta":{"_acf_changed":false},"product_cat":[20,40,122,36],"product_tag":[],"class_list":{"0":"post-547","1":"product","2":"type-product","3":"status-publish","4":"has-post-thumbnail","6":"product_cat-olej-cbd","7":"product_cat-olej-cbd-15","8":"product_cat-olej-konopny-full-spectrum","9":"product_cat-bestsellery","11":"first","12":"instock","13":"featured","14":"shipping-taxable","15":"purchasable","16":"product-type-simple"},"acf":[],"yoast_head":"<!-- This site is optimized with the Yoast SEO Premium plugin v23.4 (Yoast SEO v24.0) - https:\/\/yoast.com\/wordpress\/plugins\/seo\/ -->\n<title>Olej CBD 15% HempKing = Olejek konopny CBD 1500mg<\/title>\n<meta name=\"description\" content=\"Poznaj olej CBD 15% Natural Strong, kt\u00f3ry zawiera ponad 1500 mg CBD oraz innych fitosk\u0142adnik\u00f3w (kannabinoid\u00f3w) w pe\u0142nym spektrum. Kup teraz!\" \/>\n<link rel=\"canonical\" href=\"https:\/\/dev.hempking.eu\/pl\/olej-cbd-natural-strong-15-1500mg-10ml\/\" \/>\n<meta property=\"og:locale\" content=\"pl_PL\" \/>\n<meta property=\"og:type\" content=\"article\" \/>\n<meta property=\"og:title\" content=\"Olej CBD 15% + CBDA, CBC, CBGA, CBG, CBDV, CBN Natural Strong (1500mg) \u2013 10ml\" \/>\n<meta property=\"og:description\" content=\"Poznaj olej CBD 15% Natural Strong, kt\u00f3ry zawiera ponad 1500 mg CBD oraz innych fitosk\u0142adnik\u00f3w (kannabinoid\u00f3w) w pe\u0142nym spektrum. Kup teraz!\" \/>\n<meta property=\"og:url\" content=\"https:\/\/dev.hempking.eu\/pl\/olej-cbd-natural-strong-15-1500mg-10ml\/\" \/>\n<meta property=\"og:site_name\" content=\"Hemp King\" \/>\n<meta property=\"article:publisher\" content=\"https:\/\/www.facebook.com\/hempkingpoland\" \/>\n<meta property=\"article:modified_time\" content=\"2023-05-17T11:43:53+00:00\" \/>\n<meta property=\"og:image\" content=\"https:\/\/dev.hempking.eu\/pl\/wp-content\/uploads\/sites\/2\/2020\/07\/olejek_natural_strong.jpg\" \/>\n\t<meta property=\"og:image:width\" content=\"1000\" \/>\n\t<meta property=\"og:image:height\" content=\"1000\" \/>\n\t<meta property=\"og:image:type\" content=\"image\/jpeg\" \/>\n<meta name=\"twitter:card\" content=\"summary_large_image\" \/>\n<meta name=\"twitter:site\" content=\"@hempkingeu\" \/>\n<meta name=\"twitter:label1\" content=\"Price\" \/>\n\t<meta name=\"twitter:data1\" content=\"319.00&nbsp;&#122;&#322;\" \/>\n\t<meta name=\"twitter:label2\" content=\"Availability\" \/>\n\t<meta name=\"twitter:data2\" content=\"In stock\" \/>\n<script type=\"application\/ld+json\" class=\"yoast-schema-graph\">{\"@context\":\"https:\/\/schema.org\",\"@graph\":[{\"@type\":\"WebPage\",\"@id\":\"https:\/\/dev.hempking.eu\/pl\/olej-cbd-natural-strong-15-1500mg-10ml\/\",\"url\":\"https:\/\/dev.hempking.eu\/pl\/olej-cbd-natural-strong-15-1500mg-10ml\/\",\"name\":\"Olej CBD 15% HempKing = Olejek konopny CBD 1500mg\",\"isPartOf\":{\"@id\":\"https:\/\/dev.hempking.eu\/pl\/#website\"},\"primaryImageOfPage\":{\"@id\":\"https:\/\/dev.hempking.eu\/pl\/olej-cbd-natural-strong-15-1500mg-10ml\/#primaryimage\"},\"image\":{\"@id\":\"https:\/\/dev.hempking.eu\/pl\/olej-cbd-natural-strong-15-1500mg-10ml\/#primaryimage\"},\"thumbnailUrl\":\"https:\/\/dev.hempking.eu\/pl\/wp-content\/uploads\/sites\/2\/2020\/07\/olejek_natural_strong.jpg\",\"datePublished\":\"2020-07-07T11:20:10+00:00\",\"dateModified\":\"2023-05-17T11:43:53+00:00\",\"description\":\"Poznaj olej CBD 15% Natural Strong, kt\u00f3ry zawiera ponad 1500 mg CBD oraz innych fitosk\u0142adnik\u00f3w (kannabinoid\u00f3w) w pe\u0142nym spektrum. Kup teraz!\",\"breadcrumb\":{\"@id\":\"https:\/\/dev.hempking.eu\/pl\/olej-cbd-natural-strong-15-1500mg-10ml\/#breadcrumb\"},\"inLanguage\":\"pl-PL\",\"potentialAction\":[{\"@type\":\"ReadAction\",\"target\":[\"https:\/\/dev.hempking.eu\/pl\/olej-cbd-natural-strong-15-1500mg-10ml\/\"]}]},{\"@type\":\"ImageObject\",\"inLanguage\":\"pl-PL\",\"@id\":\"https:\/\/dev.hempking.eu\/pl\/olej-cbd-natural-strong-15-1500mg-10ml\/#primaryimage\",\"url\":\"https:\/\/dev.hempking.eu\/pl\/wp-content\/uploads\/sites\/2\/2020\/07\/olejek_natural_strong.jpg\",\"contentUrl\":\"https:\/\/dev.hempking.eu\/pl\/wp-content\/uploads\/sites\/2\/2020\/07\/olejek_natural_strong.jpg\",\"width\":1000,\"height\":1000,\"caption\":\"Olej CBD 15% natural strong\"},{\"@type\":\"BreadcrumbList\",\"@id\":\"https:\/\/dev.hempking.eu\/pl\/olej-cbd-natural-strong-15-1500mg-10ml\/#breadcrumb\",\"itemListElement\":[{\"@type\":\"ListItem\",\"position\":1,\"name\":\"Home\",\"item\":\"https:\/\/dev.hempking.eu\/pl\/\"},{\"@type\":\"ListItem\",\"position\":2,\"name\":\"Sklep\",\"item\":\"https:\/\/dev.hempking.eu\/pl\/shop\/\"},{\"@type\":\"ListItem\",\"position\":3,\"name\":\"Olej CBD\",\"item\":\"https:\/\/dev.hempking.eu\/pl\/olej-cbd\/\"},{\"@type\":\"ListItem\",\"position\":4,\"name\":\"Olej CBD 15% + CBDA, CBC, CBGA, CBG, CBDV, CBN Natural Strong (1500mg) \u2013 10ml\"}]},{\"@type\":\"WebSite\",\"@id\":\"https:\/\/dev.hempking.eu\/pl\/#website\",\"url\":\"https:\/\/dev.hempking.eu\/pl\/\",\"name\":\"Hemp King\",\"description\":\"\",\"publisher\":{\"@id\":\"https:\/\/dev.hempking.eu\/pl\/#organization\"},\"potentialAction\":[{\"@type\":\"SearchAction\",\"target\":{\"@type\":\"EntryPoint\",\"urlTemplate\":\"https:\/\/dev.hempking.eu\/pl\/?s={search_term_string}\"},\"query-input\":{\"@type\":\"PropertyValueSpecification\",\"valueRequired\":true,\"valueName\":\"search_term_string\"}}],\"inLanguage\":\"pl-PL\"},{\"@type\":\"Organization\",\"@id\":\"https:\/\/dev.hempking.eu\/pl\/#organization\",\"name\":\"Hemp King\",\"url\":\"https:\/\/dev.hempking.eu\/pl\/\",\"logo\":{\"@type\":\"ImageObject\",\"inLanguage\":\"pl-PL\",\"@id\":\"https:\/\/dev.hempking.eu\/pl\/#\/schema\/logo\/image\/\",\"url\":\"https:\/\/dev.hempking.eu\/pl\/wp-content\/uploads\/sites\/2\/2020\/05\/hempking.png\",\"contentUrl\":\"https:\/\/dev.hempking.eu\/pl\/wp-content\/uploads\/sites\/2\/2020\/05\/hempking.png\",\"width\":148,\"height\":91,\"caption\":\"Hemp King\"},\"image\":{\"@id\":\"https:\/\/dev.hempking.eu\/pl\/#\/schema\/logo\/image\/\"},\"sameAs\":[\"https:\/\/www.facebook.com\/hempkingpoland\",\"https:\/\/x.com\/hempkingeu\",\"https:\/\/www.instagram.com\/hempkingeu\/\",\"https:\/\/www.linkedin.com\/company\/hempking-eu\/mycompany\/\",\"https:\/\/pl.pinterest.com\/hempkingeu\/\",\"https:\/\/www.youtube.com\/channel\/UCUkeZA1fj4hSZfoYm0WpZ7w\"]}]}<\/script>\n<meta property=\"product:price:amount\" content=\"319.00\" \/>\n<meta property=\"product:price:currency\" content=\"PLN\" \/>\n<meta property=\"og:availability\" content=\"instock\" \/>\n<meta property=\"product:availability\" content=\"instock\" \/>\n<meta property=\"product:condition\" content=\"new\" \/>\n<!-- \/ Yoast SEO Premium plugin. -->","yoast_head_json":{"title":"Olej CBD 15% HempKing = Olejek konopny CBD 1500mg","description":"Poznaj olej CBD 15% Natural Strong, kt\u00f3ry zawiera ponad 1500 mg CBD oraz innych fitosk\u0142adnik\u00f3w (kannabinoid\u00f3w) w pe\u0142nym spektrum. Kup teraz!","canonical":"https:\/\/dev.hempking.eu\/pl\/olej-cbd-natural-strong-15-1500mg-10ml\/","og_locale":"pl_PL","og_type":"article","og_title":"Olej CBD 15% + CBDA, CBC, CBGA, CBG, CBDV, CBN Natural Strong (1500mg) \u2013 10ml","og_description":"Poznaj olej CBD 15% Natural Strong, kt\u00f3ry zawiera ponad 1500 mg CBD oraz innych fitosk\u0142adnik\u00f3w (kannabinoid\u00f3w) w pe\u0142nym spektrum. Kup teraz!","og_url":"https:\/\/dev.hempking.eu\/pl\/olej-cbd-natural-strong-15-1500mg-10ml\/","og_site_name":"Hemp King","article_publisher":"https:\/\/www.facebook.com\/hempkingpoland","article_modified_time":"2023-05-17T11:43:53+00:00","og_image":[{"width":1000,"height":1000,"url":"https:\/\/dev.hempking.eu\/pl\/wp-content\/uploads\/sites\/2\/2020\/07\/olejek_natural_strong.jpg","type":"image\/jpeg"}],"twitter_card":"summary_large_image","twitter_site":"@hempkingeu","twitter_misc":{"Price":"319.00&nbsp;&#122;&#322;","Availability":"In stock"},"schema":{"@context":"https:\/\/schema.org","@graph":[{"@type":"WebPage","@id":"https:\/\/dev.hempking.eu\/pl\/olej-cbd-natural-strong-15-1500mg-10ml\/","url":"https:\/\/dev.hempking.eu\/pl\/olej-cbd-natural-strong-15-1500mg-10ml\/","name":"Olej CBD 15% HempKing = Olejek konopny CBD 1500mg","isPartOf":{"@id":"https:\/\/dev.hempking.eu\/pl\/#website"},"primaryImageOfPage":{"@id":"https:\/\/dev.hempking.eu\/pl\/olej-cbd-natural-strong-15-1500mg-10ml\/#primaryimage"},"image":{"@id":"https:\/\/dev.hempking.eu\/pl\/olej-cbd-natural-strong-15-1500mg-10ml\/#primaryimage"},"thumbnailUrl":"https:\/\/dev.hempking.eu\/pl\/wp-content\/uploads\/sites\/2\/2020\/07\/olejek_natural_strong.jpg","datePublished":"2020-07-07T11:20:10+00:00","dateModified":"2023-05-17T11:43:53+00:00","description":"Poznaj olej CBD 15% Natural Strong, kt\u00f3ry zawiera ponad 1500 mg CBD oraz innych fitosk\u0142adnik\u00f3w (kannabinoid\u00f3w) w pe\u0142nym spektrum. Kup teraz!","breadcrumb":{"@id":"https:\/\/dev.hempking.eu\/pl\/olej-cbd-natural-strong-15-1500mg-10ml\/#breadcrumb"},"inLanguage":"pl-PL","potentialAction":[{"@type":"ReadAction","target":["https:\/\/dev.hempking.eu\/pl\/olej-cbd-natural-strong-15-1500mg-10ml\/"]}]},{"@type":"ImageObject","inLanguage":"pl-PL","@id":"https:\/\/dev.hempking.eu\/pl\/olej-cbd-natural-strong-15-1500mg-10ml\/#primaryimage","url":"https:\/\/dev.hempking.eu\/pl\/wp-content\/uploads\/sites\/2\/2020\/07\/olejek_natural_strong.jpg","contentUrl":"https:\/\/dev.hempking.eu\/pl\/wp-content\/uploads\/sites\/2\/2020\/07\/olejek_natural_strong.jpg","width":1000,"height":1000,"caption":"Olej CBD 15% natural strong"},{"@type":"BreadcrumbList","@id":"https:\/\/dev.hempking.eu\/pl\/olej-cbd-natural-strong-15-1500mg-10ml\/#breadcrumb","itemListElement":[{"@type":"ListItem","position":1,"name":"Home","item":"https:\/\/dev.hempking.eu\/pl\/"},{"@type":"ListItem","position":2,"name":"Sklep","item":"https:\/\/dev.hempking.eu\/pl\/shop\/"},{"@type":"ListItem","position":3,"name":"Olej CBD","item":"https:\/\/dev.hempking.eu\/pl\/olej-cbd\/"},{"@type":"ListItem","position":4,"name":"Olej CBD 15% + CBDA, CBC, CBGA, CBG, CBDV, CBN Natural Strong (1500mg) \u2013 10ml"}]},{"@type":"WebSite","@id":"https:\/\/dev.hempking.eu\/pl\/#website","url":"https:\/\/dev.hempking.eu\/pl\/","name":"Hemp King","description":"","publisher":{"@id":"https:\/\/dev.hempking.eu\/pl\/#organization"},"potentialAction":[{"@type":"SearchAction","target":{"@type":"EntryPoint","urlTemplate":"https:\/\/dev.hempking.eu\/pl\/?s={search_term_string}"},"query-input":{"@type":"PropertyValueSpecification","valueRequired":true,"valueName":"search_term_string"}}],"inLanguage":"pl-PL"},{"@type":"Organization","@id":"https:\/\/dev.hempking.eu\/pl\/#organization","name":"Hemp King","url":"https:\/\/dev.hempking.eu\/pl\/","logo":{"@type":"ImageObject","inLanguage":"pl-PL","@id":"https:\/\/dev.hempking.eu\/pl\/#\/schema\/logo\/image\/","url":"https:\/\/dev.hempking.eu\/pl\/wp-content\/uploads\/sites\/2\/2020\/05\/hempking.png","contentUrl":"https:\/\/dev.hempking.eu\/pl\/wp-content\/uploads\/sites\/2\/2020\/05\/hempking.png","width":148,"height":91,"caption":"Hemp King"},"image":{"@id":"https:\/\/dev.hempking.eu\/pl\/#\/schema\/logo\/image\/"},"sameAs":["https:\/\/www.facebook.com\/hempkingpoland","https:\/\/x.com\/hempkingeu","https:\/\/www.instagram.com\/hempkingeu\/","https:\/\/www.linkedin.com\/company\/hempking-eu\/mycompany\/","https:\/\/pl.pinterest.com\/hempkingeu\/","https:\/\/www.youtube.com\/channel\/UCUkeZA1fj4hSZfoYm0WpZ7w"]}]},"product_price_amount":"319.00","product_price_currency":"PLN","og_availability":"instock","product_availability":"instock","product_condition":"new"},"_links":{"self":[{"href":"https:\/\/dev.hempking.eu\/pl\/wp-json\/wp\/v2\/product\/547","targetHints":{"allow":["GET"]}}],"collection":[{"href":"https:\/\/dev.hempking.eu\/pl\/wp-json\/wp\/v2\/product"}],"about":[{"href":"https:\/\/dev.hempking.eu\/pl\/wp-json\/wp\/v2\/types\/product"}],"wp:featuredmedia":[{"embeddable":true,"href":"https:\/\/dev.hempking.eu\/pl\/wp-json\/wp\/v2\/media\/91777"}],"wp:attachment":[{"href":"https:\/\/dev.hempking.eu\/pl\/wp-json\/wp\/v2\/media?parent=547"}],"wp:term":[{"taxonomy":"product_cat","embeddable":true,"href":"https:\/\/dev.hempking.eu\/pl\/wp-json\/wp\/v2\/product_cat?post=547"},{"taxonomy":"product_tag","embeddable":true,"href":"https:\/\/dev.hempking.eu\/pl\/wp-json\/wp\/v2\/product_tag?post=547"}],"curies":[{"name":"wp","href":"https:\/\/api.w.org\/{rel}","templated":true}]}}