{"id":549,"date":"2020-07-07T13:27:40","date_gmt":"2020-07-07T11:27:40","guid":{"rendered":"https:\/\/hempking.eu\/pl\/?post_type=product&#038;p=549"},"modified":"2023-05-17T13:44:31","modified_gmt":"2023-05-17T11:44:31","slug":"olej-cbd-1-raw-10ml","status":"publish","type":"product","link":"https:\/\/dev.hempking.eu\/pl\/olej-cbd-1-raw-10ml\/","title":{"rendered":"Olej CBD 1% + CBDA, CBC, CBGA, CBG, CBDV, CBN RAW \u2013 10 ml"},"content":{"rendered":"<h2 style=\"text-align: justify;\">Olej konopny RAW 1%\u00a0 z fitosk\u0142adnikami &#8211; \u0142agodne naturalne wsparcie<\/h2>\n<p style=\"text-align: justify;\"><strong>Olejek konopny 1% RAW to suplement diety<\/strong>, kt\u00f3ry charakteryzuje si\u0119 wysok\u0105 jako\u015bci\u0105 i zawiera naturalnie wyst\u0119puj\u0105ce w przyrodzie sk\u0142adniki ro\u015blinne (m.in. CBD, CBDA, CBC, CBGA, CBG, CBDV, CBN). Produkowany jest z pochodz\u0105cych z wysokiej jako\u015bci upraw konopi siewnych.<\/p>\n<h2 style=\"text-align: justify;\">Olej konopny RAW 1% &#8211; dlaczego warto?<\/h2>\n<p style=\"text-align: justify;\"><strong>Gwarancja st\u0119\u017cenia<\/strong><br \/>\nKupuj\u0105c produkt konopny, musisz mie\u0107 pewno\u015b\u0107, \u017ce p\u0142acisz za tak\u0105 ilo\u015b\u0107 naturalnie wyst\u0119puj\u0105cych fitosk\u0142adnik\u00f3w (CBD, CBDA, CBC, CBGA, CBG, CBDV, CBN), jakiej oczekujesz. A na pewno nie mniejsz\u0105! Tak te\u017c jest w przypadku olejku konopnego RAW 1%. Ka\u017cda butelka zawiera minimum 100 mg naturalnego fitosk\u0142adnika oraz dodatkowo pozosta\u0142e naturalnie wyst\u0119puj\u0105ce fitosk\u0142adniki (CBD, CBDA, CBC, CBGA, CBG, CBDV, CBN) w pe\u0142nym spektrum, terpeny i fenole.<\/p>\n<p style=\"text-align: justify;\"><strong>Olejki Hempking 1%<\/strong> to wysokie st\u0119\u017cenie na jedn\u0105 kropl\u0119 produktu. Co to oznacza? \u017be w ka\u017cdej kropli naszego oleju konopnego RAW 1% jest nie mniej ni\u017c 0,5 mg fitosk\u0142adnika. Reszta to pozosta\u0142e naturalne sk\u0142adniki wyst\u0119puj\u0105ce w konopiach (w tym fitosk\u0142adniki: CBD, CBDA, CBC, CBGA, CBG, CBDV, CBN).<\/p>\n<p style=\"text-align: justify;\"><strong>100% natury<\/strong><br \/>\nW Hempking wierzymy w si\u0142\u0119 natury, dlatego do naszych produkt\u00f3w nie u\u017cywamy sztucznych sk\u0142adnik\u00f3w, jak syntetyczne fitosk\u0142adniki. M\u00f3wimy te\u017c NIE wszelkiej chemii, pestycydom i herbicydom (odno\u015bniki do bada\u0144 poni\u017cej). Do jego stworzenia u\u017cywamy bezpiecznej metody, zwanej metod\u0105 ekstrakcji nadkrytycznym CO2.<\/p>\n<p style=\"text-align: justify;\"><strong>Produkt polski<\/strong><br \/>\nNasze olejki s\u0105 w 100% polskim produktem. Produkowane w Bia\u0142ymstoku, z konopi rosn\u0105cych na polskich polach. <strong>Jako\u015b\u0107 to nasz priorytet!<\/strong><\/p>\n<p style=\"text-align: justify;\"><strong>Olejek konopny 1% jest zbadany<\/strong>. Na naszej stronie znajdziesz potwierdzenie zawarto\u015bci naturalnie wyst\u0119puj\u0105cych fitosk\u0142adnik\u00f3w, terpen\u00f3w oraz badanie na metale ci\u0119\u017ckie.<\/p>\n<p style=\"text-align: justify;\"><a href=\"https:\/\/dev.hempking.eu\/pl\/wp-content\/uploads\/sites\/2\/2020\/07\/warunki4-1.jpg\"><img loading=\"lazy\" decoding=\"async\" class=\"alignnone wp-image-104414 size-full\" src=\"https:\/\/dev.hempking.eu\/pl\/wp-content\/uploads\/sites\/2\/2020\/07\/warunki4-1.jpg\" alt=\"o\u015bwiadczenia CBD w UE\" width=\"755\" height=\"353\" srcset=\"https:\/\/dev.hempking.eu\/pl\/wp-content\/uploads\/sites\/2\/2020\/07\/warunki4-1.jpg 755w, https:\/\/dev.hempking.eu\/pl\/wp-content\/uploads\/sites\/2\/2020\/07\/warunki4-1-640x299.jpg 640w, https:\/\/dev.hempking.eu\/pl\/wp-content\/uploads\/sites\/2\/2020\/07\/warunki4-1-400x187.jpg 400w\" sizes=\"auto, (max-width: 755px) 100vw, 755px\" \/><\/a><\/p>\n<p style=\"text-align: justify;\"><a href=\"https:\/\/dev.hempking.eu\/pl\/wp-content\/uploads\/sites\/2\/2020\/07\/warunki_4.jpg\"><img loading=\"lazy\" decoding=\"async\" class=\"alignnone size-full wp-image-100623\" src=\"https:\/\/dev.hempking.eu\/pl\/wp-content\/uploads\/sites\/2\/2020\/07\/warunki_4.jpg\" alt=\"fito sk\u0142adniki novel food\" width=\"755\" height=\"237\" srcset=\"https:\/\/dev.hempking.eu\/pl\/wp-content\/uploads\/sites\/2\/2020\/07\/warunki_4.jpg 755w, https:\/\/dev.hempking.eu\/pl\/wp-content\/uploads\/sites\/2\/2020\/07\/warunki_4-640x201.jpg 640w, https:\/\/dev.hempking.eu\/pl\/wp-content\/uploads\/sites\/2\/2020\/07\/warunki_4-400x126.jpg 400w\" sizes=\"auto, (max-width: 755px) 100vw, 755px\" \/><\/a><\/p>\n<p style=\"text-align: justify;\"><a href=\"https:\/\/dev.hempking.eu\/pl\/wp-content\/uploads\/sites\/2\/2022\/01\/warunki2.jpg\"><img loading=\"lazy\" decoding=\"async\" class=\"alignnone wp-image-85647 size-full\" src=\"https:\/\/dev.hempking.eu\/pl\/wp-content\/uploads\/sites\/2\/2022\/01\/warunki2.jpg\" alt=\"warunki2\" width=\"755\" height=\"307\" srcset=\"https:\/\/dev.hempking.eu\/pl\/wp-content\/uploads\/sites\/2\/2022\/01\/warunki2.jpg 755w, https:\/\/dev.hempking.eu\/pl\/wp-content\/uploads\/sites\/2\/2022\/01\/warunki2-640x260.jpg 640w, https:\/\/dev.hempking.eu\/pl\/wp-content\/uploads\/sites\/2\/2022\/01\/warunki2-400x163.jpg 400w, https:\/\/dev.hempking.eu\/pl\/wp-content\/uploads\/sites\/2\/2022\/01\/warunki2-600x244.jpg 600w\" sizes=\"auto, (max-width: 755px) 100vw, 755px\" \/><\/a><\/p>\n","protected":false},"excerpt":{"rendered":"<h2><strong>Olej konopny RAW 1% to:<\/strong><\/h2>\n<ul>\n<li><strong>100 mg wysokiej jako\u015bci naturalnie wyst\u0119puj\u0105cych fitosk\u0142adnik\u00f3w: <\/strong>CBD, CBDA, CBC, CBGA, CBG, CBDV, CBN<strong><br \/>\n<\/strong><\/li>\n<li>olej dla tych, kt\u00f3rzy dopiero rozpoczynaj\u0105 przygod\u0119 z konopiami<\/li>\n<li>wsparcie Twojej naturalnej odporno\u015bci (olej konopny),<\/li>\n<li>wygoda stosowania,<\/li>\n<li><strong>pe\u0142ne spektrum naturalnie wyst\u0119puj\u0105cych fitosk\u0142adnik\u00f3w (CBD, CBDA, CBC, CBGA, CBG, CBDV, CBN)<\/strong><\/li>\n<li>100% naturalnych sk\u0142adnik\u00f3w &#8211; <strong>badania znajdziesz tutaj: <a href=\"https:\/\/dev.hempking.eu\/pl\/atesty-i-certyfikaty\/\">Atesty i Certyfikaty<\/a>.<\/strong><\/li>\n<\/ul>\n<p><strong>Pojemno\u015b\u0107: 10ml<\/strong><\/p>\n","protected":false},"featured_media":87497,"template":"","meta":{"_acf_changed":false},"product_cat":[20,37,122],"product_tag":[],"class_list":{"0":"post-549","1":"product","2":"type-product","3":"status-publish","4":"has-post-thumbnail","6":"product_cat-olej-cbd","7":"product_cat-olej-cbd-1","8":"product_cat-olej-konopny-full-spectrum","10":"first","11":"instock","12":"featured","13":"shipping-taxable","14":"purchasable","15":"product-type-simple"},"acf":[],"yoast_head":"<!-- This site is optimized with the Yoast SEO Premium plugin v23.4 (Yoast SEO v24.0) - https:\/\/yoast.com\/wordpress\/plugins\/seo\/ -->\n<title>Olej CBD 1% 100 mg RAW HempKing | 10 ml | Full Spectrum<\/title>\n<meta name=\"description\" content=\"Olej CBD 1% RAW to produkt idealny na pocz\u0105tek. Naturalne wsparcie odporno\u015bci. Kup teraz za jedyne 34,90 z\u0142 na hempking.eu! Zapraszamy!\" \/>\n<link rel=\"canonical\" href=\"https:\/\/dev.hempking.eu\/pl\/olej-cbd-1-raw-10ml\/\" \/>\n<meta property=\"og:locale\" content=\"pl_PL\" \/>\n<meta property=\"og:type\" content=\"article\" \/>\n<meta property=\"og:title\" content=\"Olej CBD 1% + CBDA, CBC, CBGA, CBG, CBDV, CBN RAW \u2013 10 ml\" \/>\n<meta property=\"og:description\" content=\"Olej CBD 1% RAW to produkt idealny na pocz\u0105tek. Naturalne wsparcie odporno\u015bci. Kup teraz za jedyne 34,90 z\u0142 na hempking.eu! Zapraszamy!\" \/>\n<meta property=\"og:url\" content=\"https:\/\/dev.hempking.eu\/pl\/olej-cbd-1-raw-10ml\/\" \/>\n<meta property=\"og:site_name\" content=\"Hemp King\" \/>\n<meta property=\"article:publisher\" content=\"https:\/\/www.facebook.com\/hempkingpoland\" \/>\n<meta property=\"article:modified_time\" content=\"2023-05-17T11:44:31+00:00\" \/>\n<meta property=\"og:image\" content=\"https:\/\/dev.hempking.eu\/pl\/wp-content\/uploads\/sites\/2\/2022\/01\/olejek_raw.jpg\" \/>\n\t<meta property=\"og:image:width\" content=\"1000\" \/>\n\t<meta property=\"og:image:height\" content=\"1000\" \/>\n\t<meta property=\"og:image:type\" content=\"image\/jpeg\" \/>\n<meta name=\"twitter:card\" content=\"summary_large_image\" \/>\n<meta name=\"twitter:site\" content=\"@hempkingeu\" \/>\n<meta name=\"twitter:label1\" content=\"Price\" \/>\n\t<meta name=\"twitter:data1\" content=\"34.90&nbsp;&#122;&#322;\" \/>\n\t<meta name=\"twitter:label2\" content=\"Availability\" \/>\n\t<meta name=\"twitter:data2\" content=\"In stock\" \/>\n<script type=\"application\/ld+json\" class=\"yoast-schema-graph\">{\"@context\":\"https:\/\/schema.org\",\"@graph\":[{\"@type\":\"WebPage\",\"@id\":\"https:\/\/dev.hempking.eu\/pl\/olej-cbd-1-raw-10ml\/\",\"url\":\"https:\/\/dev.hempking.eu\/pl\/olej-cbd-1-raw-10ml\/\",\"name\":\"Olej CBD 1% 100 mg RAW HempKing | 10 ml | Full Spectrum\",\"isPartOf\":{\"@id\":\"https:\/\/dev.hempking.eu\/pl\/#website\"},\"primaryImageOfPage\":{\"@id\":\"https:\/\/dev.hempking.eu\/pl\/olej-cbd-1-raw-10ml\/#primaryimage\"},\"image\":{\"@id\":\"https:\/\/dev.hempking.eu\/pl\/olej-cbd-1-raw-10ml\/#primaryimage\"},\"thumbnailUrl\":\"https:\/\/dev.hempking.eu\/pl\/wp-content\/uploads\/sites\/2\/2022\/01\/olejek_raw.jpg\",\"datePublished\":\"2020-07-07T11:27:40+00:00\",\"dateModified\":\"2023-05-17T11:44:31+00:00\",\"description\":\"Olej CBD 1% RAW to produkt idealny na pocz\u0105tek. Naturalne wsparcie odporno\u015bci. Kup teraz za jedyne 34,90 z\u0142 na hempking.eu! Zapraszamy!\",\"breadcrumb\":{\"@id\":\"https:\/\/dev.hempking.eu\/pl\/olej-cbd-1-raw-10ml\/#breadcrumb\"},\"inLanguage\":\"pl-PL\",\"potentialAction\":[{\"@type\":\"ReadAction\",\"target\":[\"https:\/\/dev.hempking.eu\/pl\/olej-cbd-1-raw-10ml\/\"]}]},{\"@type\":\"ImageObject\",\"inLanguage\":\"pl-PL\",\"@id\":\"https:\/\/dev.hempking.eu\/pl\/olej-cbd-1-raw-10ml\/#primaryimage\",\"url\":\"https:\/\/dev.hempking.eu\/pl\/wp-content\/uploads\/sites\/2\/2022\/01\/olejek_raw.jpg\",\"contentUrl\":\"https:\/\/dev.hempking.eu\/pl\/wp-content\/uploads\/sites\/2\/2022\/01\/olejek_raw.jpg\",\"width\":1000,\"height\":1000,\"caption\":\"Olej CBD Raw 1% 10 ml HempKing\"},{\"@type\":\"BreadcrumbList\",\"@id\":\"https:\/\/dev.hempking.eu\/pl\/olej-cbd-1-raw-10ml\/#breadcrumb\",\"itemListElement\":[{\"@type\":\"ListItem\",\"position\":1,\"name\":\"Home\",\"item\":\"https:\/\/dev.hempking.eu\/pl\/\"},{\"@type\":\"ListItem\",\"position\":2,\"name\":\"Sklep\",\"item\":\"https:\/\/dev.hempking.eu\/pl\/shop\/\"},{\"@type\":\"ListItem\",\"position\":3,\"name\":\"Olej CBD\",\"item\":\"https:\/\/dev.hempking.eu\/pl\/olej-cbd\/\"},{\"@type\":\"ListItem\",\"position\":4,\"name\":\"Olej CBD 1% + CBDA, CBC, CBGA, CBG, CBDV, CBN RAW \u2013 10 ml\"}]},{\"@type\":\"WebSite\",\"@id\":\"https:\/\/dev.hempking.eu\/pl\/#website\",\"url\":\"https:\/\/dev.hempking.eu\/pl\/\",\"name\":\"Hemp King\",\"description\":\"\",\"publisher\":{\"@id\":\"https:\/\/dev.hempking.eu\/pl\/#organization\"},\"potentialAction\":[{\"@type\":\"SearchAction\",\"target\":{\"@type\":\"EntryPoint\",\"urlTemplate\":\"https:\/\/dev.hempking.eu\/pl\/?s={search_term_string}\"},\"query-input\":{\"@type\":\"PropertyValueSpecification\",\"valueRequired\":true,\"valueName\":\"search_term_string\"}}],\"inLanguage\":\"pl-PL\"},{\"@type\":\"Organization\",\"@id\":\"https:\/\/dev.hempking.eu\/pl\/#organization\",\"name\":\"Hemp King\",\"url\":\"https:\/\/dev.hempking.eu\/pl\/\",\"logo\":{\"@type\":\"ImageObject\",\"inLanguage\":\"pl-PL\",\"@id\":\"https:\/\/dev.hempking.eu\/pl\/#\/schema\/logo\/image\/\",\"url\":\"https:\/\/dev.hempking.eu\/pl\/wp-content\/uploads\/sites\/2\/2020\/05\/hempking.png\",\"contentUrl\":\"https:\/\/dev.hempking.eu\/pl\/wp-content\/uploads\/sites\/2\/2020\/05\/hempking.png\",\"width\":148,\"height\":91,\"caption\":\"Hemp King\"},\"image\":{\"@id\":\"https:\/\/dev.hempking.eu\/pl\/#\/schema\/logo\/image\/\"},\"sameAs\":[\"https:\/\/www.facebook.com\/hempkingpoland\",\"https:\/\/x.com\/hempkingeu\",\"https:\/\/www.instagram.com\/hempkingeu\/\",\"https:\/\/www.linkedin.com\/company\/hempking-eu\/mycompany\/\",\"https:\/\/pl.pinterest.com\/hempkingeu\/\",\"https:\/\/www.youtube.com\/channel\/UCUkeZA1fj4hSZfoYm0WpZ7w\"]}]}<\/script>\n<meta property=\"product:price:amount\" content=\"34.90\" \/>\n<meta property=\"product:price:currency\" content=\"PLN\" \/>\n<meta property=\"og:availability\" content=\"instock\" \/>\n<meta property=\"product:availability\" content=\"instock\" \/>\n<meta property=\"product:retailer_item_id\" content=\"5903636627045\" \/>\n<meta property=\"product:condition\" content=\"new\" \/>\n<!-- \/ Yoast SEO Premium plugin. -->","yoast_head_json":{"title":"Olej CBD 1% 100 mg RAW HempKing | 10 ml | Full Spectrum","description":"Olej CBD 1% RAW to produkt idealny na pocz\u0105tek. Naturalne wsparcie odporno\u015bci. Kup teraz za jedyne 34,90 z\u0142 na hempking.eu! Zapraszamy!","canonical":"https:\/\/dev.hempking.eu\/pl\/olej-cbd-1-raw-10ml\/","og_locale":"pl_PL","og_type":"article","og_title":"Olej CBD 1% + CBDA, CBC, CBGA, CBG, CBDV, CBN RAW \u2013 10 ml","og_description":"Olej CBD 1% RAW to produkt idealny na pocz\u0105tek. Naturalne wsparcie odporno\u015bci. Kup teraz za jedyne 34,90 z\u0142 na hempking.eu! Zapraszamy!","og_url":"https:\/\/dev.hempking.eu\/pl\/olej-cbd-1-raw-10ml\/","og_site_name":"Hemp King","article_publisher":"https:\/\/www.facebook.com\/hempkingpoland","article_modified_time":"2023-05-17T11:44:31+00:00","og_image":[{"width":1000,"height":1000,"url":"https:\/\/dev.hempking.eu\/pl\/wp-content\/uploads\/sites\/2\/2022\/01\/olejek_raw.jpg","type":"image\/jpeg"}],"twitter_card":"summary_large_image","twitter_site":"@hempkingeu","twitter_misc":{"Price":"34.90&nbsp;&#122;&#322;","Availability":"In stock"},"schema":{"@context":"https:\/\/schema.org","@graph":[{"@type":"WebPage","@id":"https:\/\/dev.hempking.eu\/pl\/olej-cbd-1-raw-10ml\/","url":"https:\/\/dev.hempking.eu\/pl\/olej-cbd-1-raw-10ml\/","name":"Olej CBD 1% 100 mg RAW HempKing | 10 ml | Full Spectrum","isPartOf":{"@id":"https:\/\/dev.hempking.eu\/pl\/#website"},"primaryImageOfPage":{"@id":"https:\/\/dev.hempking.eu\/pl\/olej-cbd-1-raw-10ml\/#primaryimage"},"image":{"@id":"https:\/\/dev.hempking.eu\/pl\/olej-cbd-1-raw-10ml\/#primaryimage"},"thumbnailUrl":"https:\/\/dev.hempking.eu\/pl\/wp-content\/uploads\/sites\/2\/2022\/01\/olejek_raw.jpg","datePublished":"2020-07-07T11:27:40+00:00","dateModified":"2023-05-17T11:44:31+00:00","description":"Olej CBD 1% RAW to produkt idealny na pocz\u0105tek. Naturalne wsparcie odporno\u015bci. Kup teraz za jedyne 34,90 z\u0142 na hempking.eu! Zapraszamy!","breadcrumb":{"@id":"https:\/\/dev.hempking.eu\/pl\/olej-cbd-1-raw-10ml\/#breadcrumb"},"inLanguage":"pl-PL","potentialAction":[{"@type":"ReadAction","target":["https:\/\/dev.hempking.eu\/pl\/olej-cbd-1-raw-10ml\/"]}]},{"@type":"ImageObject","inLanguage":"pl-PL","@id":"https:\/\/dev.hempking.eu\/pl\/olej-cbd-1-raw-10ml\/#primaryimage","url":"https:\/\/dev.hempking.eu\/pl\/wp-content\/uploads\/sites\/2\/2022\/01\/olejek_raw.jpg","contentUrl":"https:\/\/dev.hempking.eu\/pl\/wp-content\/uploads\/sites\/2\/2022\/01\/olejek_raw.jpg","width":1000,"height":1000,"caption":"Olej CBD Raw 1% 10 ml HempKing"},{"@type":"BreadcrumbList","@id":"https:\/\/dev.hempking.eu\/pl\/olej-cbd-1-raw-10ml\/#breadcrumb","itemListElement":[{"@type":"ListItem","position":1,"name":"Home","item":"https:\/\/dev.hempking.eu\/pl\/"},{"@type":"ListItem","position":2,"name":"Sklep","item":"https:\/\/dev.hempking.eu\/pl\/shop\/"},{"@type":"ListItem","position":3,"name":"Olej CBD","item":"https:\/\/dev.hempking.eu\/pl\/olej-cbd\/"},{"@type":"ListItem","position":4,"name":"Olej CBD 1% + CBDA, CBC, CBGA, CBG, CBDV, CBN RAW \u2013 10 ml"}]},{"@type":"WebSite","@id":"https:\/\/dev.hempking.eu\/pl\/#website","url":"https:\/\/dev.hempking.eu\/pl\/","name":"Hemp King","description":"","publisher":{"@id":"https:\/\/dev.hempking.eu\/pl\/#organization"},"potentialAction":[{"@type":"SearchAction","target":{"@type":"EntryPoint","urlTemplate":"https:\/\/dev.hempking.eu\/pl\/?s={search_term_string}"},"query-input":{"@type":"PropertyValueSpecification","valueRequired":true,"valueName":"search_term_string"}}],"inLanguage":"pl-PL"},{"@type":"Organization","@id":"https:\/\/dev.hempking.eu\/pl\/#organization","name":"Hemp King","url":"https:\/\/dev.hempking.eu\/pl\/","logo":{"@type":"ImageObject","inLanguage":"pl-PL","@id":"https:\/\/dev.hempking.eu\/pl\/#\/schema\/logo\/image\/","url":"https:\/\/dev.hempking.eu\/pl\/wp-content\/uploads\/sites\/2\/2020\/05\/hempking.png","contentUrl":"https:\/\/dev.hempking.eu\/pl\/wp-content\/uploads\/sites\/2\/2020\/05\/hempking.png","width":148,"height":91,"caption":"Hemp King"},"image":{"@id":"https:\/\/dev.hempking.eu\/pl\/#\/schema\/logo\/image\/"},"sameAs":["https:\/\/www.facebook.com\/hempkingpoland","https:\/\/x.com\/hempkingeu","https:\/\/www.instagram.com\/hempkingeu\/","https:\/\/www.linkedin.com\/company\/hempking-eu\/mycompany\/","https:\/\/pl.pinterest.com\/hempkingeu\/","https:\/\/www.youtube.com\/channel\/UCUkeZA1fj4hSZfoYm0WpZ7w"]}]},"product_price_amount":"34.90","product_price_currency":"PLN","og_availability":"instock","product_availability":"instock","product_retailer_item_id":"5903636627045","product_condition":"new"},"_links":{"self":[{"href":"https:\/\/dev.hempking.eu\/pl\/wp-json\/wp\/v2\/product\/549","targetHints":{"allow":["GET"]}}],"collection":[{"href":"https:\/\/dev.hempking.eu\/pl\/wp-json\/wp\/v2\/product"}],"about":[{"href":"https:\/\/dev.hempking.eu\/pl\/wp-json\/wp\/v2\/types\/product"}],"wp:featuredmedia":[{"embeddable":true,"href":"https:\/\/dev.hempking.eu\/pl\/wp-json\/wp\/v2\/media\/87497"}],"wp:attachment":[{"href":"https:\/\/dev.hempking.eu\/pl\/wp-json\/wp\/v2\/media?parent=549"}],"wp:term":[{"taxonomy":"product_cat","embeddable":true,"href":"https:\/\/dev.hempking.eu\/pl\/wp-json\/wp\/v2\/product_cat?post=549"},{"taxonomy":"product_tag","embeddable":true,"href":"https:\/\/dev.hempking.eu\/pl\/wp-json\/wp\/v2\/product_tag?post=549"}],"curies":[{"name":"wp","href":"https:\/\/api.w.org\/{rel}","templated":true}]}}