{"id":551,"date":"2020-07-07T13:40:58","date_gmt":"2020-07-07T11:40:58","guid":{"rendered":"https:\/\/hempking.eu\/pl\/?post_type=product&#038;p=551"},"modified":"2023-05-17T13:46:24","modified_gmt":"2023-05-17T11:46:24","slug":"olej-cbd-1-czosnek-i-imbir-10ml","status":"publish","type":"product","link":"https:\/\/dev.hempking.eu\/pl\/olej-cbd-1-czosnek-i-imbir-10ml\/","title":{"rendered":"Olej CBD 1% + CBDA, CBC, CBGA, CBG, CBDV, CBN - Czosnek i Imbir \u2013 10 ml"},"content":{"rendered":"<h2 style=\"text-align: justify;\">Olej konopny 1% Czosnek i Imbir &#8211; naturalne po\u0142\u0105czenie<\/h2>\n<p style=\"text-align: justify;\">Olejek 1% Czosnek i Imbir to nowoczesny suplement diety. Jest on uzupe\u0142nieniem dla codziennej, zdrowo zbilansowanej diety. Dodatek czosnku i imbiru sprawia, \u017ce smak olejku jest wyj\u0105tkowy.<\/p>\n<h2 style=\"text-align: justify;\">Wyj\u0105tkowy Olej konopny 1% Czosnek i Imbir<\/h2>\n<p style=\"text-align: justify;\"><strong>1. Gwarancja st\u0119\u017cenia<br \/>\n<\/strong>Wybieraj\u0105c olejki konopne z naturalnie wyst\u0119puj\u0105cymi fitosk\u0142adnikami (CBD, CBDA, CBC, CBGA, CBG, CBDV, CBN) chcesz by\u0107 pewnym, \u017ce dostaniesz tyle fitosk\u0142adnika, ile chcesz. Ka\u017cda butelka naszego olejku konopnego z czosnkiem i imbirem zawiera ponad 100 mg naturalnego fitosk\u0142adnika. Olejek konopny dodatkowo zawiera te\u017c inne fitosk\u0142adniki (CBD, CBDA, CBC, CBGA, CBG, CBDV, CBN) w pe\u0142nym spektrum, fenole oraz terpeny.<\/p>\n<p style=\"text-align: justify;\">Olejki Hempking 1% to te\u017c dobre st\u0119\u017cenie w 1 kropli produktu. A to znaczy, \u017ce w <strong>jedna kropla olejku 1% zawiera wi\u0119cej ni\u017c tylko 0,5 mg fitosk\u0142adnika<\/strong>. Znajduj\u0105 si\u0119 w niej te\u017c inne naturalne fitosk\u0142adniki.<\/p>\n<p style=\"text-align: justify;\">Dzi\u0119ki temu mo\u017cesz zu\u017cy\u0107 mniej produktu, nadal suplementuj\u0105c tyle samo fitosk\u0142adnik\u00f3w ile chcesz.<\/p>\n<p style=\"text-align: justify;\"><strong>2. 100% natury<br \/>\n<\/strong>W Hempking wiemy jak\u0105 si\u0142\u0119 ma natura i \u017ce nie potrzebuje ulepszenia. Dlatego w sk\u0142adzie naszych<strong> produkt\u00f3w nie znajdziesz \u017cadnych sztucznych sk\u0142adnik\u00f3w<\/strong>. Syntetyczne fitosk\u0142adniki, rozpuszczalniki czy izolaty s\u0105 nie dla nas. W naszych produktach nie znajdziesz chemii, pestycyd\u00f3w i herbicyd\u00f3w (lista bada\u0144 poni\u017cej). Olejek jest wyprodukowany metod\u0105 ekstrakcji nadkrytycznym CO2.<\/p>\n<p style=\"text-align: justify;\"><strong>3. Produkt polski<br \/>\n<\/strong>Z dum\u0105 m\u00f3wimy o tym, \u017ce<strong> olejki Hempking s\u0105 w 100% polskie!<\/strong> Od upraw, przez produkcj\u0119 oraz dystrybucj\u0119 &#8211; to wszystko ma miejsce w naszym kraju!<\/p>\n<h2 style=\"text-align: justify;\"><strong>Jako\u015b\u0107 to filar naszej pracy!<\/strong><\/h2>\n<p style=\"text-align: justify;\">Olejek z fitosk\u0142adnikami 1% Czosnek i Imbir jest przebadany na kilka sposob\u00f3w. Przeszed\u0142 badania na zawarto\u015b\u0107 fitosk\u0142adnik\u00f3w a tak\u017ce terpen\u00f3w oraz na oznaczenie metali ci\u0119\u017ckich.<\/p>\n<p style=\"text-align: justify;\"><a href=\"https:\/\/dev.hempking.eu\/pl\/wp-content\/uploads\/sites\/2\/2020\/07\/warunki4-1.jpg\"><img loading=\"lazy\" decoding=\"async\" class=\"alignnone wp-image-104414 size-full\" src=\"https:\/\/dev.hempking.eu\/pl\/wp-content\/uploads\/sites\/2\/2020\/07\/warunki4-1.jpg\" alt=\"o\u015bwiadczenia CBD w UE\" width=\"755\" height=\"353\" srcset=\"https:\/\/dev.hempking.eu\/pl\/wp-content\/uploads\/sites\/2\/2020\/07\/warunki4-1.jpg 755w, https:\/\/dev.hempking.eu\/pl\/wp-content\/uploads\/sites\/2\/2020\/07\/warunki4-1-640x299.jpg 640w, https:\/\/dev.hempking.eu\/pl\/wp-content\/uploads\/sites\/2\/2020\/07\/warunki4-1-400x187.jpg 400w\" sizes=\"auto, (max-width: 755px) 100vw, 755px\" \/><\/a><\/p>\n<p style=\"text-align: justify;\"><a href=\"https:\/\/dev.hempking.eu\/pl\/wp-content\/uploads\/sites\/2\/2020\/07\/warunki_4.jpg\"><img loading=\"lazy\" decoding=\"async\" class=\"alignnone size-full wp-image-100623\" src=\"https:\/\/dev.hempking.eu\/pl\/wp-content\/uploads\/sites\/2\/2020\/07\/warunki_4.jpg\" alt=\"fito sk\u0142adniki novel food\" width=\"755\" height=\"237\" srcset=\"https:\/\/dev.hempking.eu\/pl\/wp-content\/uploads\/sites\/2\/2020\/07\/warunki_4.jpg 755w, https:\/\/dev.hempking.eu\/pl\/wp-content\/uploads\/sites\/2\/2020\/07\/warunki_4-640x201.jpg 640w, https:\/\/dev.hempking.eu\/pl\/wp-content\/uploads\/sites\/2\/2020\/07\/warunki_4-400x126.jpg 400w\" sizes=\"auto, (max-width: 755px) 100vw, 755px\" \/><\/a><\/p>\n<p style=\"text-align: justify;\"><a href=\"https:\/\/dev.hempking.eu\/pl\/wp-content\/uploads\/sites\/2\/2022\/01\/warunki2.jpg\"><img loading=\"lazy\" decoding=\"async\" class=\"alignnone wp-image-85647 size-full\" src=\"https:\/\/dev.hempking.eu\/pl\/wp-content\/uploads\/sites\/2\/2022\/01\/warunki2.jpg\" alt=\"warunki2\" width=\"755\" height=\"307\" srcset=\"https:\/\/dev.hempking.eu\/pl\/wp-content\/uploads\/sites\/2\/2022\/01\/warunki2.jpg 755w, https:\/\/dev.hempking.eu\/pl\/wp-content\/uploads\/sites\/2\/2022\/01\/warunki2-640x260.jpg 640w, https:\/\/dev.hempking.eu\/pl\/wp-content\/uploads\/sites\/2\/2022\/01\/warunki2-400x163.jpg 400w, https:\/\/dev.hempking.eu\/pl\/wp-content\/uploads\/sites\/2\/2022\/01\/warunki2-600x244.jpg 600w\" sizes=\"auto, (max-width: 755px) 100vw, 755px\" \/><\/a><\/p>\n","protected":false},"excerpt":{"rendered":"<h2><strong>Olej konopny 1% z Czosnkiem i Imbirem to:<\/strong><\/h2>\n<ul>\n<li><strong>100 mg\u00a0 fitosk\u0142adnika<\/strong><\/li>\n<li><strong>1 kropla zawiera 0,5 mg fitosk\u0142adnika<\/strong> \u2013 idealna porcja dla pocz\u0105tkuj\u0105cych<\/li>\n<li>naturalne wsparcie odporno\u015bci (olej konopny, czosnek, imbir),<\/li>\n<li><strong>dodatek czosnku i imbiru<\/strong><\/li>\n<li><strong>full spectrum fitosk\u0142adnik\u00f3w (CBD, CBDA, CBC, CBGA, CBG, CBDV, CBN)<\/strong><\/li>\n<li>100% natury \u2013\u00a0<strong>badania znajdziesz tutaj:\u00a0<a href=\"https:\/\/dev.hempking.eu\/pl\/atesty-i-certyfikaty\/\">Atesty i Certyfikaty<\/a>.<\/strong><\/li>\n<\/ul>\n<p><strong>Pojemno\u015b\u0107: 10ml<\/strong><\/p>\n","protected":false},"featured_media":87494,"template":"","meta":{"_acf_changed":false},"product_cat":[20,37,122],"product_tag":[],"class_list":{"0":"post-551","1":"product","2":"type-product","3":"status-publish","4":"has-post-thumbnail","6":"product_cat-olej-cbd","7":"product_cat-olej-cbd-1","8":"product_cat-olej-konopny-full-spectrum","10":"first","11":"instock","12":"featured","13":"shipping-taxable","14":"purchasable","15":"product-type-simple"},"acf":[],"yoast_head":"<!-- This site is optimized with the Yoast SEO Premium plugin v23.4 (Yoast SEO v24.0) - https:\/\/yoast.com\/wordpress\/plugins\/seo\/ -->\n<title>Olej CBD 1% Czosnek i Imbir Hempking | 10 ml | Full Spectrum<\/title>\n<meta name=\"description\" content=\"Wyj\u0105tkowy olej CBD 1% Czosnek i Imbir. Naturalne po\u0142\u0105czenie wspomagaj\u0105ce odporno\u015b\u0107 organizmu. Kup teraz za 34.90 z\u0142 na hempking.eu!\" \/>\n<link rel=\"canonical\" href=\"https:\/\/dev.hempking.eu\/pl\/olej-cbd-1-czosnek-i-imbir-10ml\/\" \/>\n<meta property=\"og:locale\" content=\"pl_PL\" \/>\n<meta property=\"og:type\" content=\"article\" \/>\n<meta property=\"og:title\" content=\"Olej CBD 1% + CBDA, CBC, CBGA, CBG, CBDV, CBN - Czosnek i Imbir \u2013 10 ml\" \/>\n<meta property=\"og:description\" content=\"Wyj\u0105tkowy olej CBD 1% Czosnek i Imbir. Naturalne po\u0142\u0105czenie wspomagaj\u0105ce odporno\u015b\u0107 organizmu. Kup teraz za 34.90 z\u0142 na hempking.eu!\" \/>\n<meta property=\"og:url\" content=\"https:\/\/dev.hempking.eu\/pl\/olej-cbd-1-czosnek-i-imbir-10ml\/\" \/>\n<meta property=\"og:site_name\" content=\"Hemp King\" \/>\n<meta property=\"article:publisher\" content=\"https:\/\/www.facebook.com\/hempkingpoland\" \/>\n<meta property=\"article:modified_time\" content=\"2023-05-17T11:46:24+00:00\" \/>\n<meta property=\"og:image\" content=\"https:\/\/dev.hempking.eu\/pl\/wp-content\/uploads\/sites\/2\/2022\/01\/olejek_imbir_czosnek.jpg\" \/>\n\t<meta property=\"og:image:width\" content=\"1000\" \/>\n\t<meta property=\"og:image:height\" content=\"1000\" \/>\n\t<meta property=\"og:image:type\" content=\"image\/jpeg\" \/>\n<meta name=\"twitter:card\" content=\"summary_large_image\" \/>\n<meta name=\"twitter:site\" content=\"@hempkingeu\" \/>\n<meta name=\"twitter:label1\" content=\"Price\" \/>\n\t<meta name=\"twitter:data1\" content=\"34.90&nbsp;&#122;&#322;\" \/>\n\t<meta name=\"twitter:label2\" content=\"Availability\" \/>\n\t<meta name=\"twitter:data2\" content=\"In stock\" \/>\n<script type=\"application\/ld+json\" class=\"yoast-schema-graph\">{\"@context\":\"https:\/\/schema.org\",\"@graph\":[{\"@type\":\"WebPage\",\"@id\":\"https:\/\/dev.hempking.eu\/pl\/olej-cbd-1-czosnek-i-imbir-10ml\/\",\"url\":\"https:\/\/dev.hempking.eu\/pl\/olej-cbd-1-czosnek-i-imbir-10ml\/\",\"name\":\"Olej CBD 1% Czosnek i Imbir Hempking | 10 ml | Full Spectrum\",\"isPartOf\":{\"@id\":\"https:\/\/dev.hempking.eu\/pl\/#website\"},\"primaryImageOfPage\":{\"@id\":\"https:\/\/dev.hempking.eu\/pl\/olej-cbd-1-czosnek-i-imbir-10ml\/#primaryimage\"},\"image\":{\"@id\":\"https:\/\/dev.hempking.eu\/pl\/olej-cbd-1-czosnek-i-imbir-10ml\/#primaryimage\"},\"thumbnailUrl\":\"https:\/\/dev.hempking.eu\/pl\/wp-content\/uploads\/sites\/2\/2022\/01\/olejek_imbir_czosnek.jpg\",\"datePublished\":\"2020-07-07T11:40:58+00:00\",\"dateModified\":\"2023-05-17T11:46:24+00:00\",\"description\":\"Wyj\u0105tkowy olej CBD 1% Czosnek i Imbir. Naturalne po\u0142\u0105czenie wspomagaj\u0105ce odporno\u015b\u0107 organizmu. Kup teraz za 34.90 z\u0142 na hempking.eu!\",\"breadcrumb\":{\"@id\":\"https:\/\/dev.hempking.eu\/pl\/olej-cbd-1-czosnek-i-imbir-10ml\/#breadcrumb\"},\"inLanguage\":\"pl-PL\",\"potentialAction\":[{\"@type\":\"ReadAction\",\"target\":[\"https:\/\/dev.hempking.eu\/pl\/olej-cbd-1-czosnek-i-imbir-10ml\/\"]}]},{\"@type\":\"ImageObject\",\"inLanguage\":\"pl-PL\",\"@id\":\"https:\/\/dev.hempking.eu\/pl\/olej-cbd-1-czosnek-i-imbir-10ml\/#primaryimage\",\"url\":\"https:\/\/dev.hempking.eu\/pl\/wp-content\/uploads\/sites\/2\/2022\/01\/olejek_imbir_czosnek.jpg\",\"contentUrl\":\"https:\/\/dev.hempking.eu\/pl\/wp-content\/uploads\/sites\/2\/2022\/01\/olejek_imbir_czosnek.jpg\",\"width\":1000,\"height\":1000,\"caption\":\"Olejek CBD 1% Imibir+Czosnej HempKing\"},{\"@type\":\"BreadcrumbList\",\"@id\":\"https:\/\/dev.hempking.eu\/pl\/olej-cbd-1-czosnek-i-imbir-10ml\/#breadcrumb\",\"itemListElement\":[{\"@type\":\"ListItem\",\"position\":1,\"name\":\"Home\",\"item\":\"https:\/\/dev.hempking.eu\/pl\/\"},{\"@type\":\"ListItem\",\"position\":2,\"name\":\"Sklep\",\"item\":\"https:\/\/dev.hempking.eu\/pl\/shop\/\"},{\"@type\":\"ListItem\",\"position\":3,\"name\":\"Olej CBD\",\"item\":\"https:\/\/dev.hempking.eu\/pl\/olej-cbd\/\"},{\"@type\":\"ListItem\",\"position\":4,\"name\":\"Olej CBD 1% + CBDA, CBC, CBGA, CBG, CBDV, CBN - Czosnek i Imbir \u2013 10 ml\"}]},{\"@type\":\"WebSite\",\"@id\":\"https:\/\/dev.hempking.eu\/pl\/#website\",\"url\":\"https:\/\/dev.hempking.eu\/pl\/\",\"name\":\"Hemp King\",\"description\":\"\",\"publisher\":{\"@id\":\"https:\/\/dev.hempking.eu\/pl\/#organization\"},\"potentialAction\":[{\"@type\":\"SearchAction\",\"target\":{\"@type\":\"EntryPoint\",\"urlTemplate\":\"https:\/\/dev.hempking.eu\/pl\/?s={search_term_string}\"},\"query-input\":{\"@type\":\"PropertyValueSpecification\",\"valueRequired\":true,\"valueName\":\"search_term_string\"}}],\"inLanguage\":\"pl-PL\"},{\"@type\":\"Organization\",\"@id\":\"https:\/\/dev.hempking.eu\/pl\/#organization\",\"name\":\"Hemp King\",\"url\":\"https:\/\/dev.hempking.eu\/pl\/\",\"logo\":{\"@type\":\"ImageObject\",\"inLanguage\":\"pl-PL\",\"@id\":\"https:\/\/dev.hempking.eu\/pl\/#\/schema\/logo\/image\/\",\"url\":\"https:\/\/dev.hempking.eu\/pl\/wp-content\/uploads\/sites\/2\/2020\/05\/hempking.png\",\"contentUrl\":\"https:\/\/dev.hempking.eu\/pl\/wp-content\/uploads\/sites\/2\/2020\/05\/hempking.png\",\"width\":148,\"height\":91,\"caption\":\"Hemp King\"},\"image\":{\"@id\":\"https:\/\/dev.hempking.eu\/pl\/#\/schema\/logo\/image\/\"},\"sameAs\":[\"https:\/\/www.facebook.com\/hempkingpoland\",\"https:\/\/x.com\/hempkingeu\",\"https:\/\/www.instagram.com\/hempkingeu\/\",\"https:\/\/www.linkedin.com\/company\/hempking-eu\/mycompany\/\",\"https:\/\/pl.pinterest.com\/hempkingeu\/\",\"https:\/\/www.youtube.com\/channel\/UCUkeZA1fj4hSZfoYm0WpZ7w\"]}]}<\/script>\n<meta property=\"product:price:amount\" content=\"34.90\" \/>\n<meta property=\"product:price:currency\" content=\"PLN\" \/>\n<meta property=\"og:availability\" content=\"instock\" \/>\n<meta property=\"product:availability\" content=\"instock\" \/>\n<meta property=\"product:condition\" content=\"new\" \/>\n<!-- \/ Yoast SEO Premium plugin. -->","yoast_head_json":{"title":"Olej CBD 1% Czosnek i Imbir Hempking | 10 ml | Full Spectrum","description":"Wyj\u0105tkowy olej CBD 1% Czosnek i Imbir. Naturalne po\u0142\u0105czenie wspomagaj\u0105ce odporno\u015b\u0107 organizmu. Kup teraz za 34.90 z\u0142 na hempking.eu!","canonical":"https:\/\/dev.hempking.eu\/pl\/olej-cbd-1-czosnek-i-imbir-10ml\/","og_locale":"pl_PL","og_type":"article","og_title":"Olej CBD 1% + CBDA, CBC, CBGA, CBG, CBDV, CBN - Czosnek i Imbir \u2013 10 ml","og_description":"Wyj\u0105tkowy olej CBD 1% Czosnek i Imbir. Naturalne po\u0142\u0105czenie wspomagaj\u0105ce odporno\u015b\u0107 organizmu. Kup teraz za 34.90 z\u0142 na hempking.eu!","og_url":"https:\/\/dev.hempking.eu\/pl\/olej-cbd-1-czosnek-i-imbir-10ml\/","og_site_name":"Hemp King","article_publisher":"https:\/\/www.facebook.com\/hempkingpoland","article_modified_time":"2023-05-17T11:46:24+00:00","og_image":[{"width":1000,"height":1000,"url":"https:\/\/dev.hempking.eu\/pl\/wp-content\/uploads\/sites\/2\/2022\/01\/olejek_imbir_czosnek.jpg","type":"image\/jpeg"}],"twitter_card":"summary_large_image","twitter_site":"@hempkingeu","twitter_misc":{"Price":"34.90&nbsp;&#122;&#322;","Availability":"In stock"},"schema":{"@context":"https:\/\/schema.org","@graph":[{"@type":"WebPage","@id":"https:\/\/dev.hempking.eu\/pl\/olej-cbd-1-czosnek-i-imbir-10ml\/","url":"https:\/\/dev.hempking.eu\/pl\/olej-cbd-1-czosnek-i-imbir-10ml\/","name":"Olej CBD 1% Czosnek i Imbir Hempking | 10 ml | Full Spectrum","isPartOf":{"@id":"https:\/\/dev.hempking.eu\/pl\/#website"},"primaryImageOfPage":{"@id":"https:\/\/dev.hempking.eu\/pl\/olej-cbd-1-czosnek-i-imbir-10ml\/#primaryimage"},"image":{"@id":"https:\/\/dev.hempking.eu\/pl\/olej-cbd-1-czosnek-i-imbir-10ml\/#primaryimage"},"thumbnailUrl":"https:\/\/dev.hempking.eu\/pl\/wp-content\/uploads\/sites\/2\/2022\/01\/olejek_imbir_czosnek.jpg","datePublished":"2020-07-07T11:40:58+00:00","dateModified":"2023-05-17T11:46:24+00:00","description":"Wyj\u0105tkowy olej CBD 1% Czosnek i Imbir. Naturalne po\u0142\u0105czenie wspomagaj\u0105ce odporno\u015b\u0107 organizmu. Kup teraz za 34.90 z\u0142 na hempking.eu!","breadcrumb":{"@id":"https:\/\/dev.hempking.eu\/pl\/olej-cbd-1-czosnek-i-imbir-10ml\/#breadcrumb"},"inLanguage":"pl-PL","potentialAction":[{"@type":"ReadAction","target":["https:\/\/dev.hempking.eu\/pl\/olej-cbd-1-czosnek-i-imbir-10ml\/"]}]},{"@type":"ImageObject","inLanguage":"pl-PL","@id":"https:\/\/dev.hempking.eu\/pl\/olej-cbd-1-czosnek-i-imbir-10ml\/#primaryimage","url":"https:\/\/dev.hempking.eu\/pl\/wp-content\/uploads\/sites\/2\/2022\/01\/olejek_imbir_czosnek.jpg","contentUrl":"https:\/\/dev.hempking.eu\/pl\/wp-content\/uploads\/sites\/2\/2022\/01\/olejek_imbir_czosnek.jpg","width":1000,"height":1000,"caption":"Olejek CBD 1% Imibir+Czosnej HempKing"},{"@type":"BreadcrumbList","@id":"https:\/\/dev.hempking.eu\/pl\/olej-cbd-1-czosnek-i-imbir-10ml\/#breadcrumb","itemListElement":[{"@type":"ListItem","position":1,"name":"Home","item":"https:\/\/dev.hempking.eu\/pl\/"},{"@type":"ListItem","position":2,"name":"Sklep","item":"https:\/\/dev.hempking.eu\/pl\/shop\/"},{"@type":"ListItem","position":3,"name":"Olej CBD","item":"https:\/\/dev.hempking.eu\/pl\/olej-cbd\/"},{"@type":"ListItem","position":4,"name":"Olej CBD 1% + CBDA, CBC, CBGA, CBG, CBDV, CBN - Czosnek i Imbir \u2013 10 ml"}]},{"@type":"WebSite","@id":"https:\/\/dev.hempking.eu\/pl\/#website","url":"https:\/\/dev.hempking.eu\/pl\/","name":"Hemp King","description":"","publisher":{"@id":"https:\/\/dev.hempking.eu\/pl\/#organization"},"potentialAction":[{"@type":"SearchAction","target":{"@type":"EntryPoint","urlTemplate":"https:\/\/dev.hempking.eu\/pl\/?s={search_term_string}"},"query-input":{"@type":"PropertyValueSpecification","valueRequired":true,"valueName":"search_term_string"}}],"inLanguage":"pl-PL"},{"@type":"Organization","@id":"https:\/\/dev.hempking.eu\/pl\/#organization","name":"Hemp King","url":"https:\/\/dev.hempking.eu\/pl\/","logo":{"@type":"ImageObject","inLanguage":"pl-PL","@id":"https:\/\/dev.hempking.eu\/pl\/#\/schema\/logo\/image\/","url":"https:\/\/dev.hempking.eu\/pl\/wp-content\/uploads\/sites\/2\/2020\/05\/hempking.png","contentUrl":"https:\/\/dev.hempking.eu\/pl\/wp-content\/uploads\/sites\/2\/2020\/05\/hempking.png","width":148,"height":91,"caption":"Hemp King"},"image":{"@id":"https:\/\/dev.hempking.eu\/pl\/#\/schema\/logo\/image\/"},"sameAs":["https:\/\/www.facebook.com\/hempkingpoland","https:\/\/x.com\/hempkingeu","https:\/\/www.instagram.com\/hempkingeu\/","https:\/\/www.linkedin.com\/company\/hempking-eu\/mycompany\/","https:\/\/pl.pinterest.com\/hempkingeu\/","https:\/\/www.youtube.com\/channel\/UCUkeZA1fj4hSZfoYm0WpZ7w"]}]},"product_price_amount":"34.90","product_price_currency":"PLN","og_availability":"instock","product_availability":"instock","product_condition":"new"},"_links":{"self":[{"href":"https:\/\/dev.hempking.eu\/pl\/wp-json\/wp\/v2\/product\/551","targetHints":{"allow":["GET"]}}],"collection":[{"href":"https:\/\/dev.hempking.eu\/pl\/wp-json\/wp\/v2\/product"}],"about":[{"href":"https:\/\/dev.hempking.eu\/pl\/wp-json\/wp\/v2\/types\/product"}],"wp:featuredmedia":[{"embeddable":true,"href":"https:\/\/dev.hempking.eu\/pl\/wp-json\/wp\/v2\/media\/87494"}],"wp:attachment":[{"href":"https:\/\/dev.hempking.eu\/pl\/wp-json\/wp\/v2\/media?parent=551"}],"wp:term":[{"taxonomy":"product_cat","embeddable":true,"href":"https:\/\/dev.hempking.eu\/pl\/wp-json\/wp\/v2\/product_cat?post=551"},{"taxonomy":"product_tag","embeddable":true,"href":"https:\/\/dev.hempking.eu\/pl\/wp-json\/wp\/v2\/product_tag?post=551"}],"curies":[{"name":"wp","href":"https:\/\/api.w.org\/{rel}","templated":true}]}}