{"id":553,"date":"2020-07-07T13:49:02","date_gmt":"2020-07-07T11:49:02","guid":{"rendered":"https:\/\/hempking.eu\/pl\/?post_type=product&#038;p=553"},"modified":"2023-05-17T13:45:37","modified_gmt":"2023-05-17T11:45:37","slug":"olej-cbd-1-pieprz-czarny-i-kurkuma-10ml","status":"publish","type":"product","link":"https:\/\/dev.hempking.eu\/pl\/olej-cbd-1-pieprz-czarny-i-kurkuma-10ml\/","title":{"rendered":"Olej CBD 1% + CBDA, CBC, CBGA, CBG, CBDV, CBN - Pieprz Czarny i Kurkuma \u2013 10 ml"},"content":{"rendered":"<h2 style=\"text-align: justify;\">Olej konopny 1% Pieprz Czarny i Kurkuma &#8211; naturalny suplement na zdrow\u0105 w\u0105trob\u0119 i odporno\u015b\u0107<\/h2>\n<p style=\"text-align: justify;\"><strong>Olejek CBD 1%\u00a0 z naturalnymi zwi\u0105zkami ro\u015blinnymi &#8211; Pieprz Czarny i Kurkuma<\/strong> to nowoczesny suplement diety. Kompleksowo wspiera i uzupe\u0142nia Twoj\u0105 codzienn\u0105 diet\u0119. Dodatek pieprzu oraz kurkumy sprawia, \u017ce smak olejku jest wyj\u0105tkowy. Zosta\u0142 stworzony dla os\u00f3b, szukaj\u0105cych \u0142agodnego produktu konopnego.<\/p>\n<h2 style=\"text-align: justify;\">Wyj\u0105tkowy Olej konopny 1% Pieprz Czarny i Kurkuma<\/h2>\n<p style=\"text-align: justify;\"><strong>1. Gwarancja st\u0119\u017cenia<br \/>\n<\/strong>Nasze olejki konopne to gwarancja, \u017ce kupujesz tyle fitosk\u0142adnika, za ile p\u0142acisz. Ka\u017cda butelka naszego <strong>olejku konopnego z pieprzem czarnym i kurkum\u0105<\/strong> zawiera nie mniej ni\u017c 100 mg fitosk\u0142adnika . Oraz pozosta\u0142e naturalnie wyst\u0119puj\u0105ce fitosk\u0142adniki w pe\u0142nym spektrum: CBD, CBDA, CBC, CBGA, CBG, CBDV, CBN.<\/p>\n<p style=\"text-align: justify;\"><strong>Dzi\u0119ki temu zu\u017cywasz mniej produktu, suplementuj\u0105c wi\u0119ksz\u0105 ilo\u015b\u0107 fitosk\u0142adnik\u00f3w.<\/strong><\/p>\n<p style=\"text-align: justify;\"><strong>2. 100% natury<br \/>\n<\/strong>Olejek jest produktem w <strong>100% naturalnego pochodzenia<\/strong>. Nie zawiera pestycyd\u00f3w, herbicyd\u00f3w, metali ci\u0119\u017ckich i innych zanieczyszcze\u0144. Nad ca\u0142ym procesem produkcji olejku czuwa szereg najlepszych specjalist\u00f3w. Pozyskiwany jest nowoczesn\u0105 metod\u0105 ekstrakcji nadkrytycznej CO2 (forma t\u0142oczenia oleju), dzi\u0119ki kt\u00f3rej ka\u017cda kropla produktu charakteryzuje si\u0119 idealn\u0105 czysto\u015bci\u0105, a jednocze\u015bnie zawarto\u015bci\u0105 cennych, naturalnie wyst\u0119puj\u0105cych fitozwi\u0105zk\u00f3w (lista bada\u0144 poni\u017cej).<\/p>\n<p style=\"text-align: justify;\"><strong>3. Produkt polski<br \/>\n<\/strong>Nasze olejki s\u0105<strong> w ca\u0142o\u015bci polskie<\/strong>! Konopie zbieramy z upraw polskich rolnik\u00f3w, produkcja odbywa si\u0119 w Polsce. Nie sprowadzamy gotowych sk\u0142adnik\u00f3w olejk\u00f3w zza granicy!<\/p>\n<h2 style=\"text-align: justify;\"><strong>Jako\u015b\u0107 ma dla nas ogromne znaczenie!<\/strong><\/h2>\n<p style=\"text-align: justify;\">Przebadali\u015bmy nasz Olejek konopny 1% Kurkuma i Pieprz Czarny, by dostarczy\u0107 ci produkt dobrej jako\u015bci. Zlecili\u015bmy niezale\u017cnym laboratoriom badania na zawarto\u015b\u0107 fitosk\u0142adnik\u00f3w, terpen\u00f3w oraz na oznaczenie metali ci\u0119\u017ckich.<\/p>\n<p style=\"text-align: justify;\"><strong>Czytaj wi\u0119cej o kurkumie na naszym blogu:\u00a0<\/strong><\/p>\n<p style=\"text-align: justify;\"><a href=\"https:\/\/dev.hempking.eu\/pl\/na-co-pomoga-kurkuma\/\" target=\"_blank\" rel=\"noopener\">Na co pomaga kurkuma?<\/a><\/p>\n<p style=\"text-align: justify;\"><a href=\"https:\/\/dev.hempking.eu\/pl\/wp-content\/uploads\/sites\/2\/2020\/07\/warunki4-1.jpg\"><img loading=\"lazy\" decoding=\"async\" class=\"alignnone wp-image-104414 size-full\" src=\"https:\/\/dev.hempking.eu\/pl\/wp-content\/uploads\/sites\/2\/2020\/07\/warunki4-1.jpg\" alt=\"o\u015bwiadczenia CBD w UE\" width=\"755\" height=\"353\" srcset=\"https:\/\/dev.hempking.eu\/pl\/wp-content\/uploads\/sites\/2\/2020\/07\/warunki4-1.jpg 755w, https:\/\/dev.hempking.eu\/pl\/wp-content\/uploads\/sites\/2\/2020\/07\/warunki4-1-640x299.jpg 640w, https:\/\/dev.hempking.eu\/pl\/wp-content\/uploads\/sites\/2\/2020\/07\/warunki4-1-400x187.jpg 400w\" sizes=\"auto, (max-width: 755px) 100vw, 755px\" \/><\/a><\/p>\n<p style=\"text-align: justify;\"><a href=\"https:\/\/dev.hempking.eu\/pl\/wp-content\/uploads\/sites\/2\/2020\/07\/warunki_4.jpg\"><img loading=\"lazy\" decoding=\"async\" class=\"alignnone size-full wp-image-100623\" src=\"https:\/\/dev.hempking.eu\/pl\/wp-content\/uploads\/sites\/2\/2020\/07\/warunki_4.jpg\" alt=\"fito sk\u0142adniki novel food\" width=\"755\" height=\"237\" srcset=\"https:\/\/dev.hempking.eu\/pl\/wp-content\/uploads\/sites\/2\/2020\/07\/warunki_4.jpg 755w, https:\/\/dev.hempking.eu\/pl\/wp-content\/uploads\/sites\/2\/2020\/07\/warunki_4-640x201.jpg 640w, https:\/\/dev.hempking.eu\/pl\/wp-content\/uploads\/sites\/2\/2020\/07\/warunki_4-400x126.jpg 400w\" sizes=\"auto, (max-width: 755px) 100vw, 755px\" \/><\/a><\/p>\n<p style=\"text-align: justify;\"><a href=\"https:\/\/dev.hempking.eu\/pl\/wp-content\/uploads\/sites\/2\/2022\/01\/warunki2.jpg\"><img loading=\"lazy\" decoding=\"async\" class=\"alignnone wp-image-85647 size-full\" src=\"https:\/\/dev.hempking.eu\/pl\/wp-content\/uploads\/sites\/2\/2022\/01\/warunki2.jpg\" alt=\"warunki2\" width=\"755\" height=\"307\" srcset=\"https:\/\/dev.hempking.eu\/pl\/wp-content\/uploads\/sites\/2\/2022\/01\/warunki2.jpg 755w, https:\/\/dev.hempking.eu\/pl\/wp-content\/uploads\/sites\/2\/2022\/01\/warunki2-640x260.jpg 640w, https:\/\/dev.hempking.eu\/pl\/wp-content\/uploads\/sites\/2\/2022\/01\/warunki2-400x163.jpg 400w, https:\/\/dev.hempking.eu\/pl\/wp-content\/uploads\/sites\/2\/2022\/01\/warunki2-600x244.jpg 600w\" sizes=\"auto, (max-width: 755px) 100vw, 755px\" \/><\/a><\/p>\n<p style=\"text-align: justify;\">\n","protected":false},"excerpt":{"rendered":"<h2><strong>Olej konopny 1% z Pieprzem Czarnym i Kurkum\u0105 to:<\/strong><\/h2>\n<ul>\n<li>nie mniej ni\u017c 100 mg fitosk\u0142adnika<\/li>\n<li><strong>jedna kropla to 0,5 mg fitosk\u0142adnik\u00f3w<\/strong><\/li>\n<li>wsparcie Twojej naturalnej odporno\u015bci (olej konopny),<\/li>\n<li><strong>dodatkowe korzystne w\u0142a\u015bciwo\u015bci pieprzu i kurkumy,<\/strong><\/li>\n<li><strong>full spectrum<\/strong> naturalnie wyst\u0119puj\u0105cych w konopiach siewnych fitosk\u0142adnik\u00f3w (CBD, CBDA, CBC, CBGA, CBG, CBDV, CBN)<\/li>\n<li>100% natury &#8211; <strong>badania s\u0105 dost\u0119pne tutaj: <a href=\"https:\/\/dev.hempking.eu\/pl\/atesty-i-certyfikaty\/\">Atesty i Certyfikaty.<\/a><\/strong><\/li>\n<\/ul>\n<p><strong>Pojemno\u015b\u0107: 10ml<\/strong><\/p>\n","protected":false},"featured_media":87496,"template":"","meta":{"_acf_changed":false},"product_cat":[20,37,122],"product_tag":[],"class_list":{"0":"post-553","1":"product","2":"type-product","3":"status-publish","4":"has-post-thumbnail","6":"product_cat-olej-cbd","7":"product_cat-olej-cbd-1","8":"product_cat-olej-konopny-full-spectrum","10":"first","11":"instock","12":"featured","13":"shipping-taxable","14":"purchasable","15":"product-type-simple"},"acf":[],"yoast_head":"<!-- This site is optimized with the Yoast SEO Premium plugin v23.4 (Yoast SEO v24.0) - https:\/\/yoast.com\/wordpress\/plugins\/seo\/ -->\n<title>Olej CBD 1% 100 mg Pieprz Czarny i Kurkuma na zdrow\u0105 w\u0105trob\u0119<\/title>\n<meta name=\"description\" content=\"Olej CBD 1% Pieprz Czarny i Kurkuma. Naturalne wsparcie uk\u0142adu nerwowego, oddechowego. Wspomaga procesy trawienne i w\u0105trob\u0119.\" \/>\n<link rel=\"canonical\" href=\"https:\/\/dev.hempking.eu\/pl\/olej-cbd-1-pieprz-czarny-i-kurkuma-10ml\/\" \/>\n<meta property=\"og:locale\" content=\"pl_PL\" \/>\n<meta property=\"og:type\" content=\"article\" \/>\n<meta property=\"og:title\" content=\"Olej CBD 1% + CBDA, CBC, CBGA, CBG, CBDV, CBN - Pieprz Czarny i Kurkuma \u2013 10 ml\" \/>\n<meta property=\"og:description\" content=\"Olej CBD 1% Pieprz Czarny i Kurkuma. Naturalne wsparcie uk\u0142adu nerwowego, oddechowego. Wspomaga procesy trawienne i w\u0105trob\u0119.\" \/>\n<meta property=\"og:url\" content=\"https:\/\/dev.hempking.eu\/pl\/olej-cbd-1-pieprz-czarny-i-kurkuma-10ml\/\" \/>\n<meta property=\"og:site_name\" content=\"Hemp King\" \/>\n<meta property=\"article:publisher\" content=\"https:\/\/www.facebook.com\/hempkingpoland\" \/>\n<meta property=\"article:modified_time\" content=\"2023-05-17T11:45:37+00:00\" \/>\n<meta property=\"og:image\" content=\"https:\/\/dev.hempking.eu\/pl\/wp-content\/uploads\/sites\/2\/2022\/01\/olejek_kurkuma.jpg\" \/>\n\t<meta property=\"og:image:width\" content=\"1000\" \/>\n\t<meta property=\"og:image:height\" content=\"1000\" \/>\n\t<meta property=\"og:image:type\" content=\"image\/jpeg\" \/>\n<meta name=\"twitter:card\" content=\"summary_large_image\" \/>\n<meta name=\"twitter:site\" content=\"@hempkingeu\" \/>\n<meta name=\"twitter:label1\" content=\"Price\" \/>\n\t<meta name=\"twitter:data1\" content=\"34.90&nbsp;&#122;&#322;\" \/>\n\t<meta name=\"twitter:label2\" content=\"Availability\" \/>\n\t<meta name=\"twitter:data2\" content=\"In stock\" \/>\n<script type=\"application\/ld+json\" class=\"yoast-schema-graph\">{\"@context\":\"https:\/\/schema.org\",\"@graph\":[{\"@type\":\"WebPage\",\"@id\":\"https:\/\/dev.hempking.eu\/pl\/olej-cbd-1-pieprz-czarny-i-kurkuma-10ml\/\",\"url\":\"https:\/\/dev.hempking.eu\/pl\/olej-cbd-1-pieprz-czarny-i-kurkuma-10ml\/\",\"name\":\"Olej CBD 1% 100 mg Pieprz Czarny i Kurkuma na zdrow\u0105 w\u0105trob\u0119\",\"isPartOf\":{\"@id\":\"https:\/\/dev.hempking.eu\/pl\/#website\"},\"primaryImageOfPage\":{\"@id\":\"https:\/\/dev.hempking.eu\/pl\/olej-cbd-1-pieprz-czarny-i-kurkuma-10ml\/#primaryimage\"},\"image\":{\"@id\":\"https:\/\/dev.hempking.eu\/pl\/olej-cbd-1-pieprz-czarny-i-kurkuma-10ml\/#primaryimage\"},\"thumbnailUrl\":\"https:\/\/dev.hempking.eu\/pl\/wp-content\/uploads\/sites\/2\/2022\/01\/olejek_kurkuma.jpg\",\"datePublished\":\"2020-07-07T11:49:02+00:00\",\"dateModified\":\"2023-05-17T11:45:37+00:00\",\"description\":\"Olej CBD 1% Pieprz Czarny i Kurkuma. Naturalne wsparcie uk\u0142adu nerwowego, oddechowego. Wspomaga procesy trawienne i w\u0105trob\u0119.\",\"breadcrumb\":{\"@id\":\"https:\/\/dev.hempking.eu\/pl\/olej-cbd-1-pieprz-czarny-i-kurkuma-10ml\/#breadcrumb\"},\"inLanguage\":\"pl-PL\",\"potentialAction\":[{\"@type\":\"ReadAction\",\"target\":[\"https:\/\/dev.hempking.eu\/pl\/olej-cbd-1-pieprz-czarny-i-kurkuma-10ml\/\"]}]},{\"@type\":\"ImageObject\",\"inLanguage\":\"pl-PL\",\"@id\":\"https:\/\/dev.hempking.eu\/pl\/olej-cbd-1-pieprz-czarny-i-kurkuma-10ml\/#primaryimage\",\"url\":\"https:\/\/dev.hempking.eu\/pl\/wp-content\/uploads\/sites\/2\/2022\/01\/olejek_kurkuma.jpg\",\"contentUrl\":\"https:\/\/dev.hempking.eu\/pl\/wp-content\/uploads\/sites\/2\/2022\/01\/olejek_kurkuma.jpg\",\"width\":1000,\"height\":1000,\"caption\":\"Olej CBD Kurkuma + Piperyna 1% 10 ml HempKing\"},{\"@type\":\"BreadcrumbList\",\"@id\":\"https:\/\/dev.hempking.eu\/pl\/olej-cbd-1-pieprz-czarny-i-kurkuma-10ml\/#breadcrumb\",\"itemListElement\":[{\"@type\":\"ListItem\",\"position\":1,\"name\":\"Home\",\"item\":\"https:\/\/dev.hempking.eu\/pl\/\"},{\"@type\":\"ListItem\",\"position\":2,\"name\":\"Sklep\",\"item\":\"https:\/\/dev.hempking.eu\/pl\/shop\/\"},{\"@type\":\"ListItem\",\"position\":3,\"name\":\"Olej CBD\",\"item\":\"https:\/\/dev.hempking.eu\/pl\/olej-cbd\/\"},{\"@type\":\"ListItem\",\"position\":4,\"name\":\"Olej CBD 1% + CBDA, CBC, CBGA, CBG, CBDV, CBN - Pieprz Czarny i Kurkuma \u2013 10 ml\"}]},{\"@type\":\"WebSite\",\"@id\":\"https:\/\/dev.hempking.eu\/pl\/#website\",\"url\":\"https:\/\/dev.hempking.eu\/pl\/\",\"name\":\"Hemp King\",\"description\":\"\",\"publisher\":{\"@id\":\"https:\/\/dev.hempking.eu\/pl\/#organization\"},\"potentialAction\":[{\"@type\":\"SearchAction\",\"target\":{\"@type\":\"EntryPoint\",\"urlTemplate\":\"https:\/\/dev.hempking.eu\/pl\/?s={search_term_string}\"},\"query-input\":{\"@type\":\"PropertyValueSpecification\",\"valueRequired\":true,\"valueName\":\"search_term_string\"}}],\"inLanguage\":\"pl-PL\"},{\"@type\":\"Organization\",\"@id\":\"https:\/\/dev.hempking.eu\/pl\/#organization\",\"name\":\"Hemp King\",\"url\":\"https:\/\/dev.hempking.eu\/pl\/\",\"logo\":{\"@type\":\"ImageObject\",\"inLanguage\":\"pl-PL\",\"@id\":\"https:\/\/dev.hempking.eu\/pl\/#\/schema\/logo\/image\/\",\"url\":\"https:\/\/dev.hempking.eu\/pl\/wp-content\/uploads\/sites\/2\/2020\/05\/hempking.png\",\"contentUrl\":\"https:\/\/dev.hempking.eu\/pl\/wp-content\/uploads\/sites\/2\/2020\/05\/hempking.png\",\"width\":148,\"height\":91,\"caption\":\"Hemp King\"},\"image\":{\"@id\":\"https:\/\/dev.hempking.eu\/pl\/#\/schema\/logo\/image\/\"},\"sameAs\":[\"https:\/\/www.facebook.com\/hempkingpoland\",\"https:\/\/x.com\/hempkingeu\",\"https:\/\/www.instagram.com\/hempkingeu\/\",\"https:\/\/www.linkedin.com\/company\/hempking-eu\/mycompany\/\",\"https:\/\/pl.pinterest.com\/hempkingeu\/\",\"https:\/\/www.youtube.com\/channel\/UCUkeZA1fj4hSZfoYm0WpZ7w\"]}]}<\/script>\n<meta property=\"product:price:amount\" content=\"34.90\" \/>\n<meta property=\"product:price:currency\" content=\"PLN\" \/>\n<meta property=\"og:availability\" content=\"instock\" \/>\n<meta property=\"product:availability\" content=\"instock\" \/>\n<meta property=\"product:condition\" content=\"new\" \/>\n<!-- \/ Yoast SEO Premium plugin. -->","yoast_head_json":{"title":"Olej CBD 1% 100 mg Pieprz Czarny i Kurkuma na zdrow\u0105 w\u0105trob\u0119","description":"Olej CBD 1% Pieprz Czarny i Kurkuma. Naturalne wsparcie uk\u0142adu nerwowego, oddechowego. Wspomaga procesy trawienne i w\u0105trob\u0119.","canonical":"https:\/\/dev.hempking.eu\/pl\/olej-cbd-1-pieprz-czarny-i-kurkuma-10ml\/","og_locale":"pl_PL","og_type":"article","og_title":"Olej CBD 1% + CBDA, CBC, CBGA, CBG, CBDV, CBN - Pieprz Czarny i Kurkuma \u2013 10 ml","og_description":"Olej CBD 1% Pieprz Czarny i Kurkuma. Naturalne wsparcie uk\u0142adu nerwowego, oddechowego. Wspomaga procesy trawienne i w\u0105trob\u0119.","og_url":"https:\/\/dev.hempking.eu\/pl\/olej-cbd-1-pieprz-czarny-i-kurkuma-10ml\/","og_site_name":"Hemp King","article_publisher":"https:\/\/www.facebook.com\/hempkingpoland","article_modified_time":"2023-05-17T11:45:37+00:00","og_image":[{"width":1000,"height":1000,"url":"https:\/\/dev.hempking.eu\/pl\/wp-content\/uploads\/sites\/2\/2022\/01\/olejek_kurkuma.jpg","type":"image\/jpeg"}],"twitter_card":"summary_large_image","twitter_site":"@hempkingeu","twitter_misc":{"Price":"34.90&nbsp;&#122;&#322;","Availability":"In stock"},"schema":{"@context":"https:\/\/schema.org","@graph":[{"@type":"WebPage","@id":"https:\/\/dev.hempking.eu\/pl\/olej-cbd-1-pieprz-czarny-i-kurkuma-10ml\/","url":"https:\/\/dev.hempking.eu\/pl\/olej-cbd-1-pieprz-czarny-i-kurkuma-10ml\/","name":"Olej CBD 1% 100 mg Pieprz Czarny i Kurkuma na zdrow\u0105 w\u0105trob\u0119","isPartOf":{"@id":"https:\/\/dev.hempking.eu\/pl\/#website"},"primaryImageOfPage":{"@id":"https:\/\/dev.hempking.eu\/pl\/olej-cbd-1-pieprz-czarny-i-kurkuma-10ml\/#primaryimage"},"image":{"@id":"https:\/\/dev.hempking.eu\/pl\/olej-cbd-1-pieprz-czarny-i-kurkuma-10ml\/#primaryimage"},"thumbnailUrl":"https:\/\/dev.hempking.eu\/pl\/wp-content\/uploads\/sites\/2\/2022\/01\/olejek_kurkuma.jpg","datePublished":"2020-07-07T11:49:02+00:00","dateModified":"2023-05-17T11:45:37+00:00","description":"Olej CBD 1% Pieprz Czarny i Kurkuma. Naturalne wsparcie uk\u0142adu nerwowego, oddechowego. Wspomaga procesy trawienne i w\u0105trob\u0119.","breadcrumb":{"@id":"https:\/\/dev.hempking.eu\/pl\/olej-cbd-1-pieprz-czarny-i-kurkuma-10ml\/#breadcrumb"},"inLanguage":"pl-PL","potentialAction":[{"@type":"ReadAction","target":["https:\/\/dev.hempking.eu\/pl\/olej-cbd-1-pieprz-czarny-i-kurkuma-10ml\/"]}]},{"@type":"ImageObject","inLanguage":"pl-PL","@id":"https:\/\/dev.hempking.eu\/pl\/olej-cbd-1-pieprz-czarny-i-kurkuma-10ml\/#primaryimage","url":"https:\/\/dev.hempking.eu\/pl\/wp-content\/uploads\/sites\/2\/2022\/01\/olejek_kurkuma.jpg","contentUrl":"https:\/\/dev.hempking.eu\/pl\/wp-content\/uploads\/sites\/2\/2022\/01\/olejek_kurkuma.jpg","width":1000,"height":1000,"caption":"Olej CBD Kurkuma + Piperyna 1% 10 ml HempKing"},{"@type":"BreadcrumbList","@id":"https:\/\/dev.hempking.eu\/pl\/olej-cbd-1-pieprz-czarny-i-kurkuma-10ml\/#breadcrumb","itemListElement":[{"@type":"ListItem","position":1,"name":"Home","item":"https:\/\/dev.hempking.eu\/pl\/"},{"@type":"ListItem","position":2,"name":"Sklep","item":"https:\/\/dev.hempking.eu\/pl\/shop\/"},{"@type":"ListItem","position":3,"name":"Olej CBD","item":"https:\/\/dev.hempking.eu\/pl\/olej-cbd\/"},{"@type":"ListItem","position":4,"name":"Olej CBD 1% + CBDA, CBC, CBGA, CBG, CBDV, CBN - Pieprz Czarny i Kurkuma \u2013 10 ml"}]},{"@type":"WebSite","@id":"https:\/\/dev.hempking.eu\/pl\/#website","url":"https:\/\/dev.hempking.eu\/pl\/","name":"Hemp King","description":"","publisher":{"@id":"https:\/\/dev.hempking.eu\/pl\/#organization"},"potentialAction":[{"@type":"SearchAction","target":{"@type":"EntryPoint","urlTemplate":"https:\/\/dev.hempking.eu\/pl\/?s={search_term_string}"},"query-input":{"@type":"PropertyValueSpecification","valueRequired":true,"valueName":"search_term_string"}}],"inLanguage":"pl-PL"},{"@type":"Organization","@id":"https:\/\/dev.hempking.eu\/pl\/#organization","name":"Hemp King","url":"https:\/\/dev.hempking.eu\/pl\/","logo":{"@type":"ImageObject","inLanguage":"pl-PL","@id":"https:\/\/dev.hempking.eu\/pl\/#\/schema\/logo\/image\/","url":"https:\/\/dev.hempking.eu\/pl\/wp-content\/uploads\/sites\/2\/2020\/05\/hempking.png","contentUrl":"https:\/\/dev.hempking.eu\/pl\/wp-content\/uploads\/sites\/2\/2020\/05\/hempking.png","width":148,"height":91,"caption":"Hemp King"},"image":{"@id":"https:\/\/dev.hempking.eu\/pl\/#\/schema\/logo\/image\/"},"sameAs":["https:\/\/www.facebook.com\/hempkingpoland","https:\/\/x.com\/hempkingeu","https:\/\/www.instagram.com\/hempkingeu\/","https:\/\/www.linkedin.com\/company\/hempking-eu\/mycompany\/","https:\/\/pl.pinterest.com\/hempkingeu\/","https:\/\/www.youtube.com\/channel\/UCUkeZA1fj4hSZfoYm0WpZ7w"]}]},"product_price_amount":"34.90","product_price_currency":"PLN","og_availability":"instock","product_availability":"instock","product_condition":"new"},"_links":{"self":[{"href":"https:\/\/dev.hempking.eu\/pl\/wp-json\/wp\/v2\/product\/553","targetHints":{"allow":["GET"]}}],"collection":[{"href":"https:\/\/dev.hempking.eu\/pl\/wp-json\/wp\/v2\/product"}],"about":[{"href":"https:\/\/dev.hempking.eu\/pl\/wp-json\/wp\/v2\/types\/product"}],"wp:featuredmedia":[{"embeddable":true,"href":"https:\/\/dev.hempking.eu\/pl\/wp-json\/wp\/v2\/media\/87496"}],"wp:attachment":[{"href":"https:\/\/dev.hempking.eu\/pl\/wp-json\/wp\/v2\/media?parent=553"}],"wp:term":[{"taxonomy":"product_cat","embeddable":true,"href":"https:\/\/dev.hempking.eu\/pl\/wp-json\/wp\/v2\/product_cat?post=553"},{"taxonomy":"product_tag","embeddable":true,"href":"https:\/\/dev.hempking.eu\/pl\/wp-json\/wp\/v2\/product_tag?post=553"}],"curies":[{"name":"wp","href":"https:\/\/api.w.org\/{rel}","templated":true}]}}