{"id":555,"date":"2020-07-07T13:56:29","date_gmt":"2020-07-07T11:56:29","guid":{"rendered":"https:\/\/hempking.eu\/pl\/?post_type=product&#038;p=555"},"modified":"2023-05-17T13:46:52","modified_gmt":"2023-05-17T11:46:52","slug":"olej-cbg-gold-5-10ml","status":"publish","type":"product","link":"https:\/\/dev.hempking.eu\/pl\/olej-cbg-gold-5-10ml\/","title":{"rendered":"Olej CBG 5% + CBD, CBDA, CBC, CBGA, CBDV, CBN Green \u2013 10 ml"},"content":{"rendered":"<h2 style=\"text-align: justify;\">Olej CBG 5% Green (z naturalnymi fitosk\u0142adnikami) &#8211; cenny sk\u0142adnik konopi siewnych<\/h2>\n<p style=\"text-align: justify;\"><strong>Wyj\u0105tkowy olej z CBG 5% Green to suplement diety,<\/strong> kt\u00f3ry w \u0142agodny spos\u00f3b wspomo\u017ce Twoj\u0105 diet\u0119! Olej ten zawiera pe\u0142ne spektrum wymienionych powy\u017cej fitosk\u0142adnik\u00f3w, a w tym CBG, czyli kannabigerol. To jedna z substancji aktywnych, wyst\u0119puj\u0105cych w konopiach siewnych.<\/p>\n<p style=\"text-align: justify;\">Stworzyli\u015bmy produkt, kt\u00f3ry daje Ci wy\u017csze st\u0119\u017cenie tego cennego kannabinoidu, kt\u00f3ry w olejkach konopnych wyst\u0119puje w \u015bladowych ilo\u015bciach.<\/p>\n<h2 style=\"text-align: justify;\">Co wyr\u00f3\u017cnia nasz Olej konopny CBG 5% (oraz z pozosta\u0142ymi konopnymi fitosk\u0142adnikami)?<\/h2>\n<p style=\"text-align: justify;\"><strong>Wyj\u0105tkowy fitosk\u0142adnik CBG<\/strong><\/p>\n<p style=\"text-align: justify;\">W tym olejku konopnym znajdziesz kannabinoid CBG, czyli kannabigerol w st\u0119\u017ceniu a\u017c 5%! W konopiach ten fitosk\u0142adnik wyst\u0119puje w bardzo ma\u0142ych ilo\u015bciach, a jest wa\u017cny! Dlatego postanowili\u015bmy podarowa\u0107 Ci wyj\u0105tkowy produkt, kt\u00f3ry sprawi, \u017ce suplementacja b\u0119dzie prosta. Pozosta\u0142ymi fitosk\u0142adnikami s\u0105 CBD, CBDA, CBC, CBGA, CBDV oraz CBN.<\/p>\n<p style=\"text-align: justify;\"><strong>Gwarancja st\u0119\u017cenia<\/strong><\/p>\n<p style=\"text-align: justify;\">Nasz olej CBG 5% daje Ci gwarancj\u0119 st\u0119\u017cenia. Znajdziesz w nim a\u017c 500 mg samego CBG, w towarzystwie pozosta\u0142ych fitosk\u0142adnik\u00f3w znajduj\u0105cych si\u0119 w konopiach. Mi\u0119dzy innymi s\u0105 to CBD, CBDA, CBDV, CBG, CBC, CBN, CBGA.<\/p>\n<p style=\"text-align: justify;\">W kropli olejku konopnego o st\u0119\u017ceniu <strong>5% CBG znajduje si\u0119 ponad 2,5mg Kannabigerolu<\/strong>, a dodatkowo pozosta\u0142e kannabinoidy (fitosk\u0142adniki) z konopi oraz fenole, terpeny i flawonoidy.<\/p>\n<p style=\"text-align: justify;\">Je\u015bli chcesz spo\u017cy\u0107 wybran\u0105 porcj\u0119 miligram\u00f3w fitosk\u0142adnika, wybieraj\u0105c ten olejek, nie b\u0119dziesz mie\u0107 problemu z dostarczeniem sobie jego odpowiedniej ilo\u015bci.<\/p>\n<p style=\"text-align: justify;\"><strong>100% natury<\/strong><\/p>\n<p style=\"text-align: justify;\">Do produkcji naszych produkt\u00f3w nie u\u017cywamy sztucznych sk\u0142adnik\u00f3w, izolat\u00f3w czy syntetycznych fitosk\u0142adnik\u00f3w. Wszystko, co znajdziesz w naszych olejkach to czysta natura, niezm\u0105cona \u017cadn\u0105 chemi\u0105.<\/p>\n<p style=\"text-align: justify;\"><strong>Produkt polski<\/strong><\/p>\n<p style=\"text-align: justify;\">Wybieraj\u0105c nasze produkty, wspierasz polsk\u0105 gospodark\u0119 oraz polskich rolnik\u00f3w. Konopie, z kt\u00f3rych wytwarzamy nasze produkty rosn\u0105 na polach znajduj\u0105cych si\u0119 w najczystszych zak\u0105tkach Polski. A same olejki produkujemy sami, na terenie naszego kraju!<\/p>\n<h2 style=\"text-align: justify;\">Jako\u015b\u0107 jest naszym powodem do dumy!<\/h2>\n<p>Dok\u0142adamy wszelkich stara\u0144, by dostarczy\u0107 Ci jako\u015bciowy produkt. Tak by\u015b m\u00f3g\u0142 cieszy\u0107 si\u0119 suplementacj\u0105. Olejek CBG 5% (zawiera naturalne sk\u0142adniki, w tym w\u0142a\u015bnie CBG) jest przebadany. Niezale\u017cne laboratorium sprawdzi\u0142o go na zawarto\u015b\u0107: fitokannabinoid\u00f3w, metali ci\u0119\u017ckich, dro\u017cd\u017cy i ple\u015bni, pestycyd\u00f3w.<\/p>\n<p style=\"text-align: justify;\"><a href=\"https:\/\/dev.hempking.eu\/pl\/wp-content\/uploads\/sites\/2\/2020\/07\/warunki4-1.jpg\"><img loading=\"lazy\" decoding=\"async\" class=\"alignnone wp-image-104414 size-full\" src=\"https:\/\/dev.hempking.eu\/pl\/wp-content\/uploads\/sites\/2\/2020\/07\/warunki4-1.jpg\" alt=\"o\u015bwiadczenia CBD w UE\" width=\"755\" height=\"353\" srcset=\"https:\/\/dev.hempking.eu\/pl\/wp-content\/uploads\/sites\/2\/2020\/07\/warunki4-1.jpg 755w, https:\/\/dev.hempking.eu\/pl\/wp-content\/uploads\/sites\/2\/2020\/07\/warunki4-1-640x299.jpg 640w, https:\/\/dev.hempking.eu\/pl\/wp-content\/uploads\/sites\/2\/2020\/07\/warunki4-1-400x187.jpg 400w\" sizes=\"auto, (max-width: 755px) 100vw, 755px\" \/><\/a><\/p>\n<p style=\"text-align: justify;\"><a href=\"https:\/\/dev.hempking.eu\/pl\/wp-content\/uploads\/sites\/2\/2020\/07\/warunki_4.jpg\"><img loading=\"lazy\" decoding=\"async\" class=\"alignnone size-full wp-image-100623\" src=\"https:\/\/dev.hempking.eu\/pl\/wp-content\/uploads\/sites\/2\/2020\/07\/warunki_4.jpg\" alt=\"fito sk\u0142adniki novel food\" width=\"755\" height=\"237\" srcset=\"https:\/\/dev.hempking.eu\/pl\/wp-content\/uploads\/sites\/2\/2020\/07\/warunki_4.jpg 755w, https:\/\/dev.hempking.eu\/pl\/wp-content\/uploads\/sites\/2\/2020\/07\/warunki_4-640x201.jpg 640w, https:\/\/dev.hempking.eu\/pl\/wp-content\/uploads\/sites\/2\/2020\/07\/warunki_4-400x126.jpg 400w\" sizes=\"auto, (max-width: 755px) 100vw, 755px\" \/><\/a><\/p>\n<p style=\"text-align: justify;\"><a href=\"https:\/\/dev.hempking.eu\/pl\/wp-content\/uploads\/sites\/2\/2022\/01\/warunki2.jpg\"><img loading=\"lazy\" decoding=\"async\" class=\"alignnone wp-image-85647 size-full\" src=\"https:\/\/dev.hempking.eu\/pl\/wp-content\/uploads\/sites\/2\/2022\/01\/warunki2.jpg\" alt=\"warunki2\" width=\"755\" height=\"307\" srcset=\"https:\/\/dev.hempking.eu\/pl\/wp-content\/uploads\/sites\/2\/2022\/01\/warunki2.jpg 755w, https:\/\/dev.hempking.eu\/pl\/wp-content\/uploads\/sites\/2\/2022\/01\/warunki2-640x260.jpg 640w, https:\/\/dev.hempking.eu\/pl\/wp-content\/uploads\/sites\/2\/2022\/01\/warunki2-400x163.jpg 400w, https:\/\/dev.hempking.eu\/pl\/wp-content\/uploads\/sites\/2\/2022\/01\/warunki2-600x244.jpg 600w\" sizes=\"auto, (max-width: 755px) 100vw, 755px\" \/><\/a><\/p>\n","protected":false},"excerpt":{"rendered":"<h2><strong>Olej konopny zawieraj\u0105cy CBG 5% i inne fitosk\u0142adniki to:<\/strong><\/h2>\n<ul>\n<li><strong>\u00a0A\u017c 500 mg CBG (kannabigerolu)<\/strong><\/li>\n<li>Pe\u0142ne spektrum innych kannabinoid\u00f3w (fitosk\u0142adnik\u00f3w), w tym: CBD, CBDA, CBC, CBGA, CBDV, CBN<\/li>\n<li>Zawarto\u015b\u0107 terpen\u00f3w, flawonoid\u00f3w i fenoli<\/li>\n<li>Cenne kwasy t\u0142uszczowe: omega-3, omega-6 oraz omega-9<\/li>\n<li><strong>\u00a01 kropla \u2013 2,5 mg CBG<\/strong><\/li>\n<li>Produkt jest poddawany ci\u0105g\u0142ej kontroli jako\u015bci (badania znajdziesz tutaj:\u00a0<a href=\"https:\/\/dev.hempking.eu\/pl\/atesty-i-certyfikaty\/\"><strong>Atesty i Certyfikaty<\/strong>)<\/a><\/li>\n<li>Olej produkowany bez u\u017cycia rozpuszczalnik\u00f3w, syntetycznego lub krystalicznego CBD<\/li>\n<li><strong>100% naturalny produkt<\/strong><\/li>\n<li>wystarcza na ok. 2 miesi\u0105ce suplementacji<\/li>\n<\/ul>\n<p><strong>\u00a0Pojemno\u015b\u0107: 10ml<\/strong><\/p>\n<p>&nbsp;<\/p>\n","protected":false},"featured_media":93187,"template":"","meta":{"_acf_changed":false},"product_cat":[20,21],"product_tag":[],"class_list":{"0":"post-555","1":"product","2":"type-product","3":"status-publish","4":"has-post-thumbnail","6":"product_cat-olej-cbd","7":"product_cat-olej-cbg","9":"first","10":"instock","11":"featured","12":"shipping-taxable","13":"purchasable","14":"product-type-simple"},"acf":[],"yoast_head":"<!-- This site is optimized with the Yoast SEO Premium plugin v23.4 (Yoast SEO v24.0) - https:\/\/yoast.com\/wordpress\/plugins\/seo\/ -->\n<title>Olej CBG 5% Green HempKing Olej konopny z CBG 5%<\/title>\n<meta name=\"description\" content=\"Olej CBG 5% Green HempKing w konopnym sklepie HempKing 100% naturalne. Zadbaj z nami o swoj\u0105 diet\u0119! Kup teraz na hempking.eu !\" \/>\n<link rel=\"canonical\" href=\"https:\/\/dev.hempking.eu\/pl\/olej-cbg-gold-5-10ml\/\" \/>\n<meta property=\"og:locale\" content=\"pl_PL\" \/>\n<meta property=\"og:type\" content=\"article\" \/>\n<meta property=\"og:title\" content=\"Olej CBG 5% + CBD, CBDA, CBC, CBGA, CBDV, CBN Green \u2013 10 ml\" \/>\n<meta property=\"og:description\" content=\"Olej CBG 5% Green HempKing w konopnym sklepie HempKing 100% naturalne. Zadbaj z nami o swoj\u0105 diet\u0119! Kup teraz na hempking.eu !\" \/>\n<meta property=\"og:url\" content=\"https:\/\/dev.hempking.eu\/pl\/olej-cbg-gold-5-10ml\/\" \/>\n<meta property=\"og:site_name\" content=\"Hemp King\" \/>\n<meta property=\"article:publisher\" content=\"https:\/\/www.facebook.com\/hempkingpoland\" \/>\n<meta property=\"article:modified_time\" content=\"2023-05-17T11:46:52+00:00\" \/>\n<meta property=\"og:image\" content=\"https:\/\/dev.hempking.eu\/pl\/wp-content\/uploads\/sites\/2\/2020\/07\/olejek5-green-scaled.jpg\" \/>\n\t<meta property=\"og:image:width\" content=\"2560\" \/>\n\t<meta property=\"og:image:height\" content=\"2560\" \/>\n\t<meta property=\"og:image:type\" content=\"image\/jpeg\" \/>\n<meta name=\"twitter:card\" content=\"summary_large_image\" \/>\n<meta name=\"twitter:site\" content=\"@hempkingeu\" \/>\n<meta name=\"twitter:label1\" content=\"Price\" \/>\n\t<meta name=\"twitter:data1\" content=\"109.00&nbsp;&#122;&#322;\" \/>\n\t<meta name=\"twitter:label2\" content=\"Availability\" \/>\n\t<meta name=\"twitter:data2\" content=\"In stock\" \/>\n<script type=\"application\/ld+json\" class=\"yoast-schema-graph\">{\"@context\":\"https:\/\/schema.org\",\"@graph\":[{\"@type\":\"WebPage\",\"@id\":\"https:\/\/dev.hempking.eu\/pl\/olej-cbg-gold-5-10ml\/\",\"url\":\"https:\/\/dev.hempking.eu\/pl\/olej-cbg-gold-5-10ml\/\",\"name\":\"Olej CBG 5% Green HempKing Olej konopny z CBG 5%\",\"isPartOf\":{\"@id\":\"https:\/\/dev.hempking.eu\/pl\/#website\"},\"primaryImageOfPage\":{\"@id\":\"https:\/\/dev.hempking.eu\/pl\/olej-cbg-gold-5-10ml\/#primaryimage\"},\"image\":{\"@id\":\"https:\/\/dev.hempking.eu\/pl\/olej-cbg-gold-5-10ml\/#primaryimage\"},\"thumbnailUrl\":\"https:\/\/dev.hempking.eu\/pl\/wp-content\/uploads\/sites\/2\/2020\/07\/olejek5-green-scaled.jpg\",\"datePublished\":\"2020-07-07T11:56:29+00:00\",\"dateModified\":\"2023-05-17T11:46:52+00:00\",\"description\":\"Olej CBG 5% Green HempKing w konopnym sklepie HempKing 100% naturalne. Zadbaj z nami o swoj\u0105 diet\u0119! Kup teraz na hempking.eu !\",\"breadcrumb\":{\"@id\":\"https:\/\/dev.hempking.eu\/pl\/olej-cbg-gold-5-10ml\/#breadcrumb\"},\"inLanguage\":\"pl-PL\",\"potentialAction\":[{\"@type\":\"ReadAction\",\"target\":[\"https:\/\/dev.hempking.eu\/pl\/olej-cbg-gold-5-10ml\/\"]}]},{\"@type\":\"ImageObject\",\"inLanguage\":\"pl-PL\",\"@id\":\"https:\/\/dev.hempking.eu\/pl\/olej-cbg-gold-5-10ml\/#primaryimage\",\"url\":\"https:\/\/dev.hempking.eu\/pl\/wp-content\/uploads\/sites\/2\/2020\/07\/olejek5-green-scaled.jpg\",\"contentUrl\":\"https:\/\/dev.hempking.eu\/pl\/wp-content\/uploads\/sites\/2\/2020\/07\/olejek5-green-scaled.jpg\",\"width\":2560,\"height\":2560},{\"@type\":\"BreadcrumbList\",\"@id\":\"https:\/\/dev.hempking.eu\/pl\/olej-cbg-gold-5-10ml\/#breadcrumb\",\"itemListElement\":[{\"@type\":\"ListItem\",\"position\":1,\"name\":\"Home\",\"item\":\"https:\/\/dev.hempking.eu\/pl\/\"},{\"@type\":\"ListItem\",\"position\":2,\"name\":\"Sklep\",\"item\":\"https:\/\/dev.hempking.eu\/pl\/shop\/\"},{\"@type\":\"ListItem\",\"position\":3,\"name\":\"Olej CBG\",\"item\":\"https:\/\/dev.hempking.eu\/pl\/olej-cbg\/\"},{\"@type\":\"ListItem\",\"position\":4,\"name\":\"Olej CBG 5% + CBD, CBDA, CBC, CBGA, CBDV, CBN Green \u2013 10 ml\"}]},{\"@type\":\"WebSite\",\"@id\":\"https:\/\/dev.hempking.eu\/pl\/#website\",\"url\":\"https:\/\/dev.hempking.eu\/pl\/\",\"name\":\"Hemp King\",\"description\":\"\",\"publisher\":{\"@id\":\"https:\/\/dev.hempking.eu\/pl\/#organization\"},\"potentialAction\":[{\"@type\":\"SearchAction\",\"target\":{\"@type\":\"EntryPoint\",\"urlTemplate\":\"https:\/\/dev.hempking.eu\/pl\/?s={search_term_string}\"},\"query-input\":{\"@type\":\"PropertyValueSpecification\",\"valueRequired\":true,\"valueName\":\"search_term_string\"}}],\"inLanguage\":\"pl-PL\"},{\"@type\":\"Organization\",\"@id\":\"https:\/\/dev.hempking.eu\/pl\/#organization\",\"name\":\"Hemp King\",\"url\":\"https:\/\/dev.hempking.eu\/pl\/\",\"logo\":{\"@type\":\"ImageObject\",\"inLanguage\":\"pl-PL\",\"@id\":\"https:\/\/dev.hempking.eu\/pl\/#\/schema\/logo\/image\/\",\"url\":\"https:\/\/dev.hempking.eu\/pl\/wp-content\/uploads\/sites\/2\/2020\/05\/hempking.png\",\"contentUrl\":\"https:\/\/dev.hempking.eu\/pl\/wp-content\/uploads\/sites\/2\/2020\/05\/hempking.png\",\"width\":148,\"height\":91,\"caption\":\"Hemp King\"},\"image\":{\"@id\":\"https:\/\/dev.hempking.eu\/pl\/#\/schema\/logo\/image\/\"},\"sameAs\":[\"https:\/\/www.facebook.com\/hempkingpoland\",\"https:\/\/x.com\/hempkingeu\",\"https:\/\/www.instagram.com\/hempkingeu\/\",\"https:\/\/www.linkedin.com\/company\/hempking-eu\/mycompany\/\",\"https:\/\/pl.pinterest.com\/hempkingeu\/\",\"https:\/\/www.youtube.com\/channel\/UCUkeZA1fj4hSZfoYm0WpZ7w\"]}]}<\/script>\n<meta property=\"product:price:amount\" content=\"109.00\" \/>\n<meta property=\"product:price:currency\" content=\"PLN\" \/>\n<meta property=\"og:availability\" content=\"instock\" \/>\n<meta property=\"product:availability\" content=\"instock\" \/>\n<meta property=\"product:condition\" content=\"new\" \/>\n<!-- \/ Yoast SEO Premium plugin. -->","yoast_head_json":{"title":"Olej CBG 5% Green HempKing Olej konopny z CBG 5%","description":"Olej CBG 5% Green HempKing w konopnym sklepie HempKing 100% naturalne. Zadbaj z nami o swoj\u0105 diet\u0119! Kup teraz na hempking.eu !","canonical":"https:\/\/dev.hempking.eu\/pl\/olej-cbg-gold-5-10ml\/","og_locale":"pl_PL","og_type":"article","og_title":"Olej CBG 5% + CBD, CBDA, CBC, CBGA, CBDV, CBN Green \u2013 10 ml","og_description":"Olej CBG 5% Green HempKing w konopnym sklepie HempKing 100% naturalne. Zadbaj z nami o swoj\u0105 diet\u0119! Kup teraz na hempking.eu !","og_url":"https:\/\/dev.hempking.eu\/pl\/olej-cbg-gold-5-10ml\/","og_site_name":"Hemp King","article_publisher":"https:\/\/www.facebook.com\/hempkingpoland","article_modified_time":"2023-05-17T11:46:52+00:00","og_image":[{"width":2560,"height":2560,"url":"https:\/\/dev.hempking.eu\/pl\/wp-content\/uploads\/sites\/2\/2020\/07\/olejek5-green-scaled.jpg","type":"image\/jpeg"}],"twitter_card":"summary_large_image","twitter_site":"@hempkingeu","twitter_misc":{"Price":"109.00&nbsp;&#122;&#322;","Availability":"In stock"},"schema":{"@context":"https:\/\/schema.org","@graph":[{"@type":"WebPage","@id":"https:\/\/dev.hempking.eu\/pl\/olej-cbg-gold-5-10ml\/","url":"https:\/\/dev.hempking.eu\/pl\/olej-cbg-gold-5-10ml\/","name":"Olej CBG 5% Green HempKing Olej konopny z CBG 5%","isPartOf":{"@id":"https:\/\/dev.hempking.eu\/pl\/#website"},"primaryImageOfPage":{"@id":"https:\/\/dev.hempking.eu\/pl\/olej-cbg-gold-5-10ml\/#primaryimage"},"image":{"@id":"https:\/\/dev.hempking.eu\/pl\/olej-cbg-gold-5-10ml\/#primaryimage"},"thumbnailUrl":"https:\/\/dev.hempking.eu\/pl\/wp-content\/uploads\/sites\/2\/2020\/07\/olejek5-green-scaled.jpg","datePublished":"2020-07-07T11:56:29+00:00","dateModified":"2023-05-17T11:46:52+00:00","description":"Olej CBG 5% Green HempKing w konopnym sklepie HempKing 100% naturalne. Zadbaj z nami o swoj\u0105 diet\u0119! Kup teraz na hempking.eu !","breadcrumb":{"@id":"https:\/\/dev.hempking.eu\/pl\/olej-cbg-gold-5-10ml\/#breadcrumb"},"inLanguage":"pl-PL","potentialAction":[{"@type":"ReadAction","target":["https:\/\/dev.hempking.eu\/pl\/olej-cbg-gold-5-10ml\/"]}]},{"@type":"ImageObject","inLanguage":"pl-PL","@id":"https:\/\/dev.hempking.eu\/pl\/olej-cbg-gold-5-10ml\/#primaryimage","url":"https:\/\/dev.hempking.eu\/pl\/wp-content\/uploads\/sites\/2\/2020\/07\/olejek5-green-scaled.jpg","contentUrl":"https:\/\/dev.hempking.eu\/pl\/wp-content\/uploads\/sites\/2\/2020\/07\/olejek5-green-scaled.jpg","width":2560,"height":2560},{"@type":"BreadcrumbList","@id":"https:\/\/dev.hempking.eu\/pl\/olej-cbg-gold-5-10ml\/#breadcrumb","itemListElement":[{"@type":"ListItem","position":1,"name":"Home","item":"https:\/\/dev.hempking.eu\/pl\/"},{"@type":"ListItem","position":2,"name":"Sklep","item":"https:\/\/dev.hempking.eu\/pl\/shop\/"},{"@type":"ListItem","position":3,"name":"Olej CBG","item":"https:\/\/dev.hempking.eu\/pl\/olej-cbg\/"},{"@type":"ListItem","position":4,"name":"Olej CBG 5% + CBD, CBDA, CBC, CBGA, CBDV, CBN Green \u2013 10 ml"}]},{"@type":"WebSite","@id":"https:\/\/dev.hempking.eu\/pl\/#website","url":"https:\/\/dev.hempking.eu\/pl\/","name":"Hemp King","description":"","publisher":{"@id":"https:\/\/dev.hempking.eu\/pl\/#organization"},"potentialAction":[{"@type":"SearchAction","target":{"@type":"EntryPoint","urlTemplate":"https:\/\/dev.hempking.eu\/pl\/?s={search_term_string}"},"query-input":{"@type":"PropertyValueSpecification","valueRequired":true,"valueName":"search_term_string"}}],"inLanguage":"pl-PL"},{"@type":"Organization","@id":"https:\/\/dev.hempking.eu\/pl\/#organization","name":"Hemp King","url":"https:\/\/dev.hempking.eu\/pl\/","logo":{"@type":"ImageObject","inLanguage":"pl-PL","@id":"https:\/\/dev.hempking.eu\/pl\/#\/schema\/logo\/image\/","url":"https:\/\/dev.hempking.eu\/pl\/wp-content\/uploads\/sites\/2\/2020\/05\/hempking.png","contentUrl":"https:\/\/dev.hempking.eu\/pl\/wp-content\/uploads\/sites\/2\/2020\/05\/hempking.png","width":148,"height":91,"caption":"Hemp King"},"image":{"@id":"https:\/\/dev.hempking.eu\/pl\/#\/schema\/logo\/image\/"},"sameAs":["https:\/\/www.facebook.com\/hempkingpoland","https:\/\/x.com\/hempkingeu","https:\/\/www.instagram.com\/hempkingeu\/","https:\/\/www.linkedin.com\/company\/hempking-eu\/mycompany\/","https:\/\/pl.pinterest.com\/hempkingeu\/","https:\/\/www.youtube.com\/channel\/UCUkeZA1fj4hSZfoYm0WpZ7w"]}]},"product_price_amount":"109.00","product_price_currency":"PLN","og_availability":"instock","product_availability":"instock","product_condition":"new"},"_links":{"self":[{"href":"https:\/\/dev.hempking.eu\/pl\/wp-json\/wp\/v2\/product\/555","targetHints":{"allow":["GET"]}}],"collection":[{"href":"https:\/\/dev.hempking.eu\/pl\/wp-json\/wp\/v2\/product"}],"about":[{"href":"https:\/\/dev.hempking.eu\/pl\/wp-json\/wp\/v2\/types\/product"}],"wp:featuredmedia":[{"embeddable":true,"href":"https:\/\/dev.hempking.eu\/pl\/wp-json\/wp\/v2\/media\/93187"}],"wp:attachment":[{"href":"https:\/\/dev.hempking.eu\/pl\/wp-json\/wp\/v2\/media?parent=555"}],"wp:term":[{"taxonomy":"product_cat","embeddable":true,"href":"https:\/\/dev.hempking.eu\/pl\/wp-json\/wp\/v2\/product_cat?post=555"},{"taxonomy":"product_tag","embeddable":true,"href":"https:\/\/dev.hempking.eu\/pl\/wp-json\/wp\/v2\/product_tag?post=555"}],"curies":[{"name":"wp","href":"https:\/\/api.w.org\/{rel}","templated":true}]}}