{"id":55971,"date":"2021-02-02T13:54:09","date_gmt":"2021-02-02T12:54:09","guid":{"rendered":"https:\/\/hempking.eu\/pl\/?post_type=product&#038;p=55971"},"modified":"2023-02-02T15:09:48","modified_gmt":"2023-02-02T14:09:48","slug":"dla-niego-olej-cbd-5-d3-dezodorant-meski-w-kremie","status":"publish","type":"product","link":"https:\/\/dev.hempking.eu\/pl\/dla-niego-olej-cbd-5-d3-dezodorant-meski-w-kremie\/","title":{"rendered":"Dla niego: Olej CBD 5% + D3 + dezodorant m\u0119ski w kremie"},"content":{"rendered":"<h2><strong>M\u0119ski dezodorant w kremie + i olej CBD 5% z wit. D3 \u2013 naturalne po\u0142\u0105czenie w zestawie!<\/strong><\/h2>\n<p>Dwa produkty, kt\u00f3re s\u0105 bogate w naturalne sk\u0142adniki. Witamina D3 z lanoliny oraz m\u0119ski dezodorant konopny z naturalnym ekstraktem CBD i innymi sk\u0142adnikami w 100% z natury! Poka\u017c bliskiemu m\u0119\u017cczy\u017anie, \u017ce dbasz o jego zdrowie oraz komfort wraz z tym zestawem!<\/p>\n<p><strong>Sprawd\u017a ten konopny zestaw!<\/strong><\/p>\n<h2><strong>Zestaw z dezodorantem i olejkiem CBD z witaminami<\/strong><\/h2>\n<p><a href=\"https:\/\/dev.hempking.eu\/pl\/olej-cbd-5-d3-10ml\/\"><strong>Olej CBD 5% + D3 to:<\/strong><\/a><\/p>\n<ul>\n<li>olej CBD 5% z naturaln\u0105 witamin\u0105 D3<\/li>\n<li>st\u0119\u017cenie CBD wynosi 5%<\/li>\n<li>pe\u0142ne spektrum fitokannabinoid\u00f3w<\/li>\n<li>1 kropla to 2,5mg CBD oraz 17 mcg witaminy D3<\/li>\n<li>produkt jest przebadany i wysokiej jako\u015bci<\/li>\n<li>100% natury<\/li>\n<li>10ml<\/li>\n<\/ul>\n<p><a href=\"https:\/\/dev.hempking.eu\/pl\/naturalny-dezodorant-konopny-dla-mezczyzn-z-cbd-i-mieta-pieprzowa\/\"><strong>M\u0119ski dezodorant CBD o zapachu mi\u0119ty pieprzowej to:<\/strong><\/a><\/p>\n<ul>\n<li>65g naturalnego kosmetyku<\/li>\n<li>wyj\u0105tkowy zapach mi\u0119ty pieprzowej<\/li>\n<li>skuteczne dzia\u0142anie<\/li>\n<li>piel\u0119gnuj\u0105ce sk\u0142adniki wprost z natury<\/li>\n<li>zawiera ekstrakt konopny CBD<\/li>\n<\/ul>\n","protected":false},"excerpt":{"rendered":"<h2><strong>Zestaw zawiera pe\u0142nowymiarowe:\u00a0<\/strong><\/h2>\n<ul>\n<li><a href=\"https:\/\/dev.hempking.eu\/pl\/naturalny-dezodorant-konopny-dla-mezczyzn-z-cbd-i-mieta-pieprzowa\/\" target=\"_blank\" rel=\"noopener\">M\u0119ski dezodorant konopny z CBD o zapachu mi\u0119ty pieprzowej &#8211; 65g<\/a> &#8211; <strong>50.90 z\u0142<\/strong><\/li>\n<li><a href=\"https:\/\/dev.hempking.eu\/pl\/olej-cbd-5-d3-10ml\/\" target=\"_blank\" rel=\"noopener\">Olej CBD 5% z wit. D3 &#8211; 10ml<\/a> &#8211; <strong>119 z\u0142<\/strong><\/li>\n<\/ul>\n<p><strong>Kupuj\u0105c zestaw oszcz\u0119dzasz 20%!<\/strong><\/p>\n","protected":false},"featured_media":114514,"template":"","meta":{"_acf_changed":false},"product_cat":[33,151],"product_tag":[],"class_list":{"0":"post-55971","1":"product","2":"type-product","3":"status-publish","4":"has-post-thumbnail","6":"product_cat-zestawy","7":"product_cat-zestawy-dla-mezczyzn","9":"first","10":"instock","11":"sale","12":"shipping-taxable","13":"purchasable","14":"product-type-simple"},"acf":[],"yoast_head":"<!-- This site is optimized with the Yoast SEO Premium plugin v23.4 (Yoast SEO v24.0) - https:\/\/yoast.com\/wordpress\/plugins\/seo\/ -->\n<title>Dla niego: Olej CBD 5% + D3 + dezodorant m\u0119ski w kremie - Hemp King<\/title>\n<meta name=\"description\" content=\"Zobacz \u261b Dla niego: Olej CBD 5% + D3 + dezodorant m\u0119ski w kremie w konopnym sklepie HempKing \u2705100% naturalne \u2705 Zadbaj z nami o swoj\u0105 diet\u0119!\" \/>\n<link rel=\"canonical\" href=\"https:\/\/dev.hempking.eu\/pl\/dla-niego-olej-cbd-5-d3-dezodorant-meski-w-kremie\/\" \/>\n<meta property=\"og:locale\" content=\"pl_PL\" \/>\n<meta property=\"og:type\" content=\"article\" \/>\n<meta property=\"og:title\" content=\"Dla niego: Olej CBD 5% + D3 + dezodorant m\u0119ski w kremie\" \/>\n<meta property=\"og:description\" content=\"Zobacz \u261b Dla niego: Olej CBD 5% + D3 + dezodorant m\u0119ski w kremie w konopnym sklepie HempKing \u2705100% naturalne \u2705 Zadbaj z nami o swoj\u0105 diet\u0119!\" \/>\n<meta property=\"og:url\" content=\"https:\/\/dev.hempking.eu\/pl\/dla-niego-olej-cbd-5-d3-dezodorant-meski-w-kremie\/\" \/>\n<meta property=\"og:site_name\" content=\"Hemp King\" \/>\n<meta property=\"article:publisher\" content=\"https:\/\/www.facebook.com\/hempkingpoland\" \/>\n<meta property=\"article:modified_time\" content=\"2023-02-02T14:09:48+00:00\" \/>\n<meta property=\"og:image\" content=\"https:\/\/dev.hempking.eu\/pl\/wp-content\/uploads\/sites\/2\/2021\/02\/1000x1000_zestaw_10.jpg\" \/>\n\t<meta property=\"og:image:width\" content=\"1000\" \/>\n\t<meta property=\"og:image:height\" content=\"1000\" \/>\n\t<meta property=\"og:image:type\" content=\"image\/jpeg\" \/>\n<meta name=\"twitter:card\" content=\"summary_large_image\" \/>\n<meta name=\"twitter:site\" content=\"@hempkingeu\" \/>\n<meta name=\"twitter:label1\" content=\"Price\" \/>\n\t<meta name=\"twitter:data1\" content=\"135.92&nbsp;&#122;&#322;\" \/>\n\t<meta name=\"twitter:label2\" content=\"Availability\" \/>\n\t<meta name=\"twitter:data2\" content=\"In stock\" \/>\n<script type=\"application\/ld+json\" class=\"yoast-schema-graph\">{\"@context\":\"https:\/\/schema.org\",\"@graph\":[{\"@type\":\"WebPage\",\"@id\":\"https:\/\/dev.hempking.eu\/pl\/dla-niego-olej-cbd-5-d3-dezodorant-meski-w-kremie\/\",\"url\":\"https:\/\/dev.hempking.eu\/pl\/dla-niego-olej-cbd-5-d3-dezodorant-meski-w-kremie\/\",\"name\":\"Dla niego: Olej CBD 5% + D3 + dezodorant m\u0119ski w kremie - Hemp King\",\"isPartOf\":{\"@id\":\"https:\/\/dev.hempking.eu\/pl\/#website\"},\"primaryImageOfPage\":{\"@id\":\"https:\/\/dev.hempking.eu\/pl\/dla-niego-olej-cbd-5-d3-dezodorant-meski-w-kremie\/#primaryimage\"},\"image\":{\"@id\":\"https:\/\/dev.hempking.eu\/pl\/dla-niego-olej-cbd-5-d3-dezodorant-meski-w-kremie\/#primaryimage\"},\"thumbnailUrl\":\"https:\/\/dev.hempking.eu\/pl\/wp-content\/uploads\/sites\/2\/2021\/02\/1000x1000_zestaw_10.jpg\",\"datePublished\":\"2021-02-02T12:54:09+00:00\",\"dateModified\":\"2023-02-02T14:09:48+00:00\",\"description\":\"Zobacz \u261b Dla niego: Olej CBD 5% + D3 + dezodorant m\u0119ski w kremie w konopnym sklepie HempKing \u2705100% naturalne \u2705 Zadbaj z nami o swoj\u0105 diet\u0119!\",\"breadcrumb\":{\"@id\":\"https:\/\/dev.hempking.eu\/pl\/dla-niego-olej-cbd-5-d3-dezodorant-meski-w-kremie\/#breadcrumb\"},\"inLanguage\":\"pl-PL\",\"potentialAction\":[{\"@type\":\"ReadAction\",\"target\":[\"https:\/\/dev.hempking.eu\/pl\/dla-niego-olej-cbd-5-d3-dezodorant-meski-w-kremie\/\"]}]},{\"@type\":\"ImageObject\",\"inLanguage\":\"pl-PL\",\"@id\":\"https:\/\/dev.hempking.eu\/pl\/dla-niego-olej-cbd-5-d3-dezodorant-meski-w-kremie\/#primaryimage\",\"url\":\"https:\/\/dev.hempking.eu\/pl\/wp-content\/uploads\/sites\/2\/2021\/02\/1000x1000_zestaw_10.jpg\",\"contentUrl\":\"https:\/\/dev.hempking.eu\/pl\/wp-content\/uploads\/sites\/2\/2021\/02\/1000x1000_zestaw_10.jpg\",\"width\":1000,\"height\":1000,\"caption\":\"zestaw dezodorant cbd5% D3\"},{\"@type\":\"BreadcrumbList\",\"@id\":\"https:\/\/dev.hempking.eu\/pl\/dla-niego-olej-cbd-5-d3-dezodorant-meski-w-kremie\/#breadcrumb\",\"itemListElement\":[{\"@type\":\"ListItem\",\"position\":1,\"name\":\"Home\",\"item\":\"https:\/\/dev.hempking.eu\/pl\/\"},{\"@type\":\"ListItem\",\"position\":2,\"name\":\"Sklep\",\"item\":\"https:\/\/dev.hempking.eu\/pl\/shop\/\"},{\"@type\":\"ListItem\",\"position\":3,\"name\":\"Zestawy\",\"item\":\"https:\/\/dev.hempking.eu\/pl\/zestawy\/\"},{\"@type\":\"ListItem\",\"position\":4,\"name\":\"Dla niego: Olej CBD 5% + D3 + dezodorant m\u0119ski w kremie\"}]},{\"@type\":\"WebSite\",\"@id\":\"https:\/\/dev.hempking.eu\/pl\/#website\",\"url\":\"https:\/\/dev.hempking.eu\/pl\/\",\"name\":\"Hemp King\",\"description\":\"\",\"publisher\":{\"@id\":\"https:\/\/dev.hempking.eu\/pl\/#organization\"},\"potentialAction\":[{\"@type\":\"SearchAction\",\"target\":{\"@type\":\"EntryPoint\",\"urlTemplate\":\"https:\/\/dev.hempking.eu\/pl\/?s={search_term_string}\"},\"query-input\":{\"@type\":\"PropertyValueSpecification\",\"valueRequired\":true,\"valueName\":\"search_term_string\"}}],\"inLanguage\":\"pl-PL\"},{\"@type\":\"Organization\",\"@id\":\"https:\/\/dev.hempking.eu\/pl\/#organization\",\"name\":\"Hemp King\",\"url\":\"https:\/\/dev.hempking.eu\/pl\/\",\"logo\":{\"@type\":\"ImageObject\",\"inLanguage\":\"pl-PL\",\"@id\":\"https:\/\/dev.hempking.eu\/pl\/#\/schema\/logo\/image\/\",\"url\":\"https:\/\/dev.hempking.eu\/pl\/wp-content\/uploads\/sites\/2\/2020\/05\/hempking.png\",\"contentUrl\":\"https:\/\/dev.hempking.eu\/pl\/wp-content\/uploads\/sites\/2\/2020\/05\/hempking.png\",\"width\":148,\"height\":91,\"caption\":\"Hemp King\"},\"image\":{\"@id\":\"https:\/\/dev.hempking.eu\/pl\/#\/schema\/logo\/image\/\"},\"sameAs\":[\"https:\/\/www.facebook.com\/hempkingpoland\",\"https:\/\/x.com\/hempkingeu\",\"https:\/\/www.instagram.com\/hempkingeu\/\",\"https:\/\/www.linkedin.com\/company\/hempking-eu\/mycompany\/\",\"https:\/\/pl.pinterest.com\/hempkingeu\/\",\"https:\/\/www.youtube.com\/channel\/UCUkeZA1fj4hSZfoYm0WpZ7w\"]}]}<\/script>\n<meta property=\"product:price:amount\" content=\"135.92\" \/>\n<meta property=\"product:price:currency\" content=\"PLN\" \/>\n<meta property=\"og:availability\" content=\"instock\" \/>\n<meta property=\"product:availability\" content=\"instock\" \/>\n<meta property=\"product:condition\" content=\"new\" \/>\n<!-- \/ Yoast SEO Premium plugin. -->","yoast_head_json":{"title":"Dla niego: Olej CBD 5% + D3 + dezodorant m\u0119ski w kremie - Hemp King","description":"Zobacz \u261b Dla niego: Olej CBD 5% + D3 + dezodorant m\u0119ski w kremie w konopnym sklepie HempKing \u2705100% naturalne \u2705 Zadbaj z nami o swoj\u0105 diet\u0119!","canonical":"https:\/\/dev.hempking.eu\/pl\/dla-niego-olej-cbd-5-d3-dezodorant-meski-w-kremie\/","og_locale":"pl_PL","og_type":"article","og_title":"Dla niego: Olej CBD 5% + D3 + dezodorant m\u0119ski w kremie","og_description":"Zobacz \u261b Dla niego: Olej CBD 5% + D3 + dezodorant m\u0119ski w kremie w konopnym sklepie HempKing \u2705100% naturalne \u2705 Zadbaj z nami o swoj\u0105 diet\u0119!","og_url":"https:\/\/dev.hempking.eu\/pl\/dla-niego-olej-cbd-5-d3-dezodorant-meski-w-kremie\/","og_site_name":"Hemp King","article_publisher":"https:\/\/www.facebook.com\/hempkingpoland","article_modified_time":"2023-02-02T14:09:48+00:00","og_image":[{"width":1000,"height":1000,"url":"https:\/\/dev.hempking.eu\/pl\/wp-content\/uploads\/sites\/2\/2021\/02\/1000x1000_zestaw_10.jpg","type":"image\/jpeg"}],"twitter_card":"summary_large_image","twitter_site":"@hempkingeu","twitter_misc":{"Price":"135.92&nbsp;&#122;&#322;","Availability":"In stock"},"schema":{"@context":"https:\/\/schema.org","@graph":[{"@type":"WebPage","@id":"https:\/\/dev.hempking.eu\/pl\/dla-niego-olej-cbd-5-d3-dezodorant-meski-w-kremie\/","url":"https:\/\/dev.hempking.eu\/pl\/dla-niego-olej-cbd-5-d3-dezodorant-meski-w-kremie\/","name":"Dla niego: Olej CBD 5% + D3 + dezodorant m\u0119ski w kremie - Hemp King","isPartOf":{"@id":"https:\/\/dev.hempking.eu\/pl\/#website"},"primaryImageOfPage":{"@id":"https:\/\/dev.hempking.eu\/pl\/dla-niego-olej-cbd-5-d3-dezodorant-meski-w-kremie\/#primaryimage"},"image":{"@id":"https:\/\/dev.hempking.eu\/pl\/dla-niego-olej-cbd-5-d3-dezodorant-meski-w-kremie\/#primaryimage"},"thumbnailUrl":"https:\/\/dev.hempking.eu\/pl\/wp-content\/uploads\/sites\/2\/2021\/02\/1000x1000_zestaw_10.jpg","datePublished":"2021-02-02T12:54:09+00:00","dateModified":"2023-02-02T14:09:48+00:00","description":"Zobacz \u261b Dla niego: Olej CBD 5% + D3 + dezodorant m\u0119ski w kremie w konopnym sklepie HempKing \u2705100% naturalne \u2705 Zadbaj z nami o swoj\u0105 diet\u0119!","breadcrumb":{"@id":"https:\/\/dev.hempking.eu\/pl\/dla-niego-olej-cbd-5-d3-dezodorant-meski-w-kremie\/#breadcrumb"},"inLanguage":"pl-PL","potentialAction":[{"@type":"ReadAction","target":["https:\/\/dev.hempking.eu\/pl\/dla-niego-olej-cbd-5-d3-dezodorant-meski-w-kremie\/"]}]},{"@type":"ImageObject","inLanguage":"pl-PL","@id":"https:\/\/dev.hempking.eu\/pl\/dla-niego-olej-cbd-5-d3-dezodorant-meski-w-kremie\/#primaryimage","url":"https:\/\/dev.hempking.eu\/pl\/wp-content\/uploads\/sites\/2\/2021\/02\/1000x1000_zestaw_10.jpg","contentUrl":"https:\/\/dev.hempking.eu\/pl\/wp-content\/uploads\/sites\/2\/2021\/02\/1000x1000_zestaw_10.jpg","width":1000,"height":1000,"caption":"zestaw dezodorant cbd5% D3"},{"@type":"BreadcrumbList","@id":"https:\/\/dev.hempking.eu\/pl\/dla-niego-olej-cbd-5-d3-dezodorant-meski-w-kremie\/#breadcrumb","itemListElement":[{"@type":"ListItem","position":1,"name":"Home","item":"https:\/\/dev.hempking.eu\/pl\/"},{"@type":"ListItem","position":2,"name":"Sklep","item":"https:\/\/dev.hempking.eu\/pl\/shop\/"},{"@type":"ListItem","position":3,"name":"Zestawy","item":"https:\/\/dev.hempking.eu\/pl\/zestawy\/"},{"@type":"ListItem","position":4,"name":"Dla niego: Olej CBD 5% + D3 + dezodorant m\u0119ski w kremie"}]},{"@type":"WebSite","@id":"https:\/\/dev.hempking.eu\/pl\/#website","url":"https:\/\/dev.hempking.eu\/pl\/","name":"Hemp King","description":"","publisher":{"@id":"https:\/\/dev.hempking.eu\/pl\/#organization"},"potentialAction":[{"@type":"SearchAction","target":{"@type":"EntryPoint","urlTemplate":"https:\/\/dev.hempking.eu\/pl\/?s={search_term_string}"},"query-input":{"@type":"PropertyValueSpecification","valueRequired":true,"valueName":"search_term_string"}}],"inLanguage":"pl-PL"},{"@type":"Organization","@id":"https:\/\/dev.hempking.eu\/pl\/#organization","name":"Hemp King","url":"https:\/\/dev.hempking.eu\/pl\/","logo":{"@type":"ImageObject","inLanguage":"pl-PL","@id":"https:\/\/dev.hempking.eu\/pl\/#\/schema\/logo\/image\/","url":"https:\/\/dev.hempking.eu\/pl\/wp-content\/uploads\/sites\/2\/2020\/05\/hempking.png","contentUrl":"https:\/\/dev.hempking.eu\/pl\/wp-content\/uploads\/sites\/2\/2020\/05\/hempking.png","width":148,"height":91,"caption":"Hemp King"},"image":{"@id":"https:\/\/dev.hempking.eu\/pl\/#\/schema\/logo\/image\/"},"sameAs":["https:\/\/www.facebook.com\/hempkingpoland","https:\/\/x.com\/hempkingeu","https:\/\/www.instagram.com\/hempkingeu\/","https:\/\/www.linkedin.com\/company\/hempking-eu\/mycompany\/","https:\/\/pl.pinterest.com\/hempkingeu\/","https:\/\/www.youtube.com\/channel\/UCUkeZA1fj4hSZfoYm0WpZ7w"]}]},"product_price_amount":"135.92","product_price_currency":"PLN","og_availability":"instock","product_availability":"instock","product_condition":"new"},"_links":{"self":[{"href":"https:\/\/dev.hempking.eu\/pl\/wp-json\/wp\/v2\/product\/55971","targetHints":{"allow":["GET"]}}],"collection":[{"href":"https:\/\/dev.hempking.eu\/pl\/wp-json\/wp\/v2\/product"}],"about":[{"href":"https:\/\/dev.hempking.eu\/pl\/wp-json\/wp\/v2\/types\/product"}],"wp:featuredmedia":[{"embeddable":true,"href":"https:\/\/dev.hempking.eu\/pl\/wp-json\/wp\/v2\/media\/114514"}],"wp:attachment":[{"href":"https:\/\/dev.hempking.eu\/pl\/wp-json\/wp\/v2\/media?parent=55971"}],"wp:term":[{"taxonomy":"product_cat","embeddable":true,"href":"https:\/\/dev.hempking.eu\/pl\/wp-json\/wp\/v2\/product_cat?post=55971"},{"taxonomy":"product_tag","embeddable":true,"href":"https:\/\/dev.hempking.eu\/pl\/wp-json\/wp\/v2\/product_tag?post=55971"}],"curies":[{"name":"wp","href":"https:\/\/api.w.org\/{rel}","templated":true}]}}