{"id":55977,"date":"2021-02-02T14:00:54","date_gmt":"2021-02-02T13:00:54","guid":{"rendered":"https:\/\/hempking.eu\/pl\/?post_type=product&#038;p=55977"},"modified":"2023-02-07T12:43:26","modified_gmt":"2023-02-07T11:43:26","slug":"dla-niej-olej-cbd-5-d3-dezodorant-konopny-w-kremie","status":"publish","type":"product","link":"https:\/\/dev.hempking.eu\/pl\/dla-niej-olej-cbd-5-d3-dezodorant-konopny-w-kremie\/","title":{"rendered":"Dla niej: Olej CBD 5% + D3 + dezodorant konopny w kremie"},"content":{"rendered":"<h2><strong>Damski dezodorant w kremie + i olej CBD 5% z wit. D3 \u2013 naturalne po\u0142\u0105czenie dla niej!<\/strong><\/h2>\n<p>Bogactwo naturalnych sk\u0142adnik\u00f3w zamkni\u0119te w tym zestawie to prezent idealny! Naturalna witamina D3 z lanoliny w certyfikowanym olejku CBD 5% oraz dezodorant konopny z ekstraktem CBD i innymi sk\u0142adnikami dla piel\u0119gnacji delikatnej sk\u00f3ry! Z takim zestawem prezent musi by\u0107 udany!<\/p>\n<p><strong>Sprawd\u017a ten konopny zestaw!<\/strong><\/p>\n<h2><strong>Zestaw dla niej z dezodorantem i olejkiem CBD z witaminami<\/strong><\/h2>\n<p><strong>Olej CBD 5% + D3 to:<\/strong><\/p>\n<ul>\n<li>olej CBD 5% z naturaln\u0105 witamin\u0105 D3<\/li>\n<li>st\u0119\u017cenie CBD wynosi 5%<\/li>\n<li>pe\u0142ne spektrum fitokannabinoid\u00f3w<\/li>\n<li>1 kropla to 2,5mg CBD oraz 17 mcg witaminy D3<\/li>\n<li>produkt jest przebadany i wysokiej jako\u015bci<\/li>\n<li>100% natury<\/li>\n<li>10ml<\/li>\n<\/ul>\n<p><strong>Damski dezodorant CBD o zapachu kwiat\u00f3w Ylang Ylang to:<\/strong><\/p>\n<ul>\n<li>65g naturalnego kosmetyku<\/li>\n<li>wyj\u0105tkowy i delikatny zapach<\/li>\n<li>skuteczno\u015b\u0107 dzia\u0142ania<\/li>\n<li>piel\u0119gnuj\u0105ce sk\u0142adniki nawet dla wra\u017cliwej sk\u00f3ry<\/li>\n<li>certyfikowany ekstrakt konopny CBD<\/li>\n<\/ul>\n","protected":false},"excerpt":{"rendered":"<h2><strong>Zestaw zawiera:\u00a0<\/strong><\/h2>\n<ul>\n<li><a href=\"https:\/\/dev.hempking.eu\/pl\/naturalny-dezodorant-konopny-o-zapachu-wanilii-i-kwiatow-ylang-ylang\/\" target=\"_blank\" rel=\"noopener\">Damski dezodorant konopny z CBD \u2013 65g<\/a> &#8211; <strong>50.90 z\u0142<\/strong><\/li>\n<li><a href=\"https:\/\/dev.hempking.eu\/pl\/olej-cbd-5-d3-10ml\/\" target=\"_blank\" rel=\"noopener\">Olej CBD 5% z wit. D3 \u2013 10ml<\/a> &#8211; <strong>119 z\u0142<\/strong><\/li>\n<\/ul>\n<p><strong>Kupuj\u0105c w zestawie oszcz\u0119dzasz 20%!<\/strong><\/p>\n","protected":false},"featured_media":114512,"template":"","meta":{"_acf_changed":false},"product_cat":[33,150],"product_tag":[],"class_list":{"0":"post-55977","1":"product","2":"type-product","3":"status-publish","4":"has-post-thumbnail","6":"product_cat-zestawy","7":"product_cat-zestawy-dla-kobiet","9":"first","10":"instock","11":"sale","12":"shipping-taxable","13":"purchasable","14":"product-type-simple"},"acf":[],"yoast_head":"<!-- This site is optimized with the Yoast SEO Premium plugin v23.4 (Yoast SEO v24.0) - https:\/\/yoast.com\/wordpress\/plugins\/seo\/ -->\n<title>Dla niej: Olej CBD 5% + D3 + dezodorant konopny w kremie - Hemp King<\/title>\n<meta name=\"description\" content=\"Zobacz \u261b Dla niej: Olej CBD 5% + D3 + dezodorant konopny w kremie w konopnym sklepie HempKing \u2705100% naturalne \u2705 Zadbaj z nami o swoj\u0105 diet\u0119!\" \/>\n<link rel=\"canonical\" href=\"https:\/\/dev.hempking.eu\/pl\/dla-niej-olej-cbd-5-d3-dezodorant-konopny-w-kremie\/\" \/>\n<meta property=\"og:locale\" content=\"pl_PL\" \/>\n<meta property=\"og:type\" content=\"article\" \/>\n<meta property=\"og:title\" content=\"Dla niej: Olej CBD 5% + D3 + dezodorant konopny w kremie\" \/>\n<meta property=\"og:description\" content=\"Zobacz \u261b Dla niej: Olej CBD 5% + D3 + dezodorant konopny w kremie w konopnym sklepie HempKing \u2705100% naturalne \u2705 Zadbaj z nami o swoj\u0105 diet\u0119!\" \/>\n<meta property=\"og:url\" content=\"https:\/\/dev.hempking.eu\/pl\/dla-niej-olej-cbd-5-d3-dezodorant-konopny-w-kremie\/\" \/>\n<meta property=\"og:site_name\" content=\"Hemp King\" \/>\n<meta property=\"article:publisher\" content=\"https:\/\/www.facebook.com\/hempkingpoland\" \/>\n<meta property=\"article:modified_time\" content=\"2023-02-07T11:43:26+00:00\" \/>\n<meta property=\"og:image\" content=\"https:\/\/dev.hempking.eu\/pl\/wp-content\/uploads\/sites\/2\/2021\/02\/1000x1000_zestaw_6.jpg\" \/>\n\t<meta property=\"og:image:width\" content=\"1000\" \/>\n\t<meta property=\"og:image:height\" content=\"1000\" \/>\n\t<meta property=\"og:image:type\" content=\"image\/jpeg\" \/>\n<meta name=\"twitter:card\" content=\"summary_large_image\" \/>\n<meta name=\"twitter:site\" content=\"@hempkingeu\" \/>\n<meta name=\"twitter:label1\" content=\"Price\" \/>\n\t<meta name=\"twitter:data1\" content=\"135.92&nbsp;&#122;&#322;\" \/>\n\t<meta name=\"twitter:label2\" content=\"Availability\" \/>\n\t<meta name=\"twitter:data2\" content=\"In stock\" \/>\n<script type=\"application\/ld+json\" class=\"yoast-schema-graph\">{\"@context\":\"https:\/\/schema.org\",\"@graph\":[{\"@type\":\"WebPage\",\"@id\":\"https:\/\/dev.hempking.eu\/pl\/dla-niej-olej-cbd-5-d3-dezodorant-konopny-w-kremie\/\",\"url\":\"https:\/\/dev.hempking.eu\/pl\/dla-niej-olej-cbd-5-d3-dezodorant-konopny-w-kremie\/\",\"name\":\"Dla niej: Olej CBD 5% + D3 + dezodorant konopny w kremie - Hemp King\",\"isPartOf\":{\"@id\":\"https:\/\/dev.hempking.eu\/pl\/#website\"},\"primaryImageOfPage\":{\"@id\":\"https:\/\/dev.hempking.eu\/pl\/dla-niej-olej-cbd-5-d3-dezodorant-konopny-w-kremie\/#primaryimage\"},\"image\":{\"@id\":\"https:\/\/dev.hempking.eu\/pl\/dla-niej-olej-cbd-5-d3-dezodorant-konopny-w-kremie\/#primaryimage\"},\"thumbnailUrl\":\"https:\/\/dev.hempking.eu\/pl\/wp-content\/uploads\/sites\/2\/2021\/02\/1000x1000_zestaw_6.jpg\",\"datePublished\":\"2021-02-02T13:00:54+00:00\",\"dateModified\":\"2023-02-07T11:43:26+00:00\",\"description\":\"Zobacz \u261b Dla niej: Olej CBD 5% + D3 + dezodorant konopny w kremie w konopnym sklepie HempKing \u2705100% naturalne \u2705 Zadbaj z nami o swoj\u0105 diet\u0119!\",\"breadcrumb\":{\"@id\":\"https:\/\/dev.hempking.eu\/pl\/dla-niej-olej-cbd-5-d3-dezodorant-konopny-w-kremie\/#breadcrumb\"},\"inLanguage\":\"pl-PL\",\"potentialAction\":[{\"@type\":\"ReadAction\",\"target\":[\"https:\/\/dev.hempking.eu\/pl\/dla-niej-olej-cbd-5-d3-dezodorant-konopny-w-kremie\/\"]}]},{\"@type\":\"ImageObject\",\"inLanguage\":\"pl-PL\",\"@id\":\"https:\/\/dev.hempking.eu\/pl\/dla-niej-olej-cbd-5-d3-dezodorant-konopny-w-kremie\/#primaryimage\",\"url\":\"https:\/\/dev.hempking.eu\/pl\/wp-content\/uploads\/sites\/2\/2021\/02\/1000x1000_zestaw_6.jpg\",\"contentUrl\":\"https:\/\/dev.hempking.eu\/pl\/wp-content\/uploads\/sites\/2\/2021\/02\/1000x1000_zestaw_6.jpg\",\"width\":1000,\"height\":1000,\"caption\":\"CBD 5% D3 i dezodorant\"},{\"@type\":\"BreadcrumbList\",\"@id\":\"https:\/\/dev.hempking.eu\/pl\/dla-niej-olej-cbd-5-d3-dezodorant-konopny-w-kremie\/#breadcrumb\",\"itemListElement\":[{\"@type\":\"ListItem\",\"position\":1,\"name\":\"Home\",\"item\":\"https:\/\/dev.hempking.eu\/pl\/\"},{\"@type\":\"ListItem\",\"position\":2,\"name\":\"Sklep\",\"item\":\"https:\/\/dev.hempking.eu\/pl\/shop\/\"},{\"@type\":\"ListItem\",\"position\":3,\"name\":\"Zestawy\",\"item\":\"https:\/\/dev.hempking.eu\/pl\/zestawy\/\"},{\"@type\":\"ListItem\",\"position\":4,\"name\":\"Dla niej: Olej CBD 5% + D3 + dezodorant konopny w kremie\"}]},{\"@type\":\"WebSite\",\"@id\":\"https:\/\/dev.hempking.eu\/pl\/#website\",\"url\":\"https:\/\/dev.hempking.eu\/pl\/\",\"name\":\"Hemp King\",\"description\":\"\",\"publisher\":{\"@id\":\"https:\/\/dev.hempking.eu\/pl\/#organization\"},\"potentialAction\":[{\"@type\":\"SearchAction\",\"target\":{\"@type\":\"EntryPoint\",\"urlTemplate\":\"https:\/\/dev.hempking.eu\/pl\/?s={search_term_string}\"},\"query-input\":{\"@type\":\"PropertyValueSpecification\",\"valueRequired\":true,\"valueName\":\"search_term_string\"}}],\"inLanguage\":\"pl-PL\"},{\"@type\":\"Organization\",\"@id\":\"https:\/\/dev.hempking.eu\/pl\/#organization\",\"name\":\"Hemp King\",\"url\":\"https:\/\/dev.hempking.eu\/pl\/\",\"logo\":{\"@type\":\"ImageObject\",\"inLanguage\":\"pl-PL\",\"@id\":\"https:\/\/dev.hempking.eu\/pl\/#\/schema\/logo\/image\/\",\"url\":\"https:\/\/dev.hempking.eu\/pl\/wp-content\/uploads\/sites\/2\/2020\/05\/hempking.png\",\"contentUrl\":\"https:\/\/dev.hempking.eu\/pl\/wp-content\/uploads\/sites\/2\/2020\/05\/hempking.png\",\"width\":148,\"height\":91,\"caption\":\"Hemp King\"},\"image\":{\"@id\":\"https:\/\/dev.hempking.eu\/pl\/#\/schema\/logo\/image\/\"},\"sameAs\":[\"https:\/\/www.facebook.com\/hempkingpoland\",\"https:\/\/x.com\/hempkingeu\",\"https:\/\/www.instagram.com\/hempkingeu\/\",\"https:\/\/www.linkedin.com\/company\/hempking-eu\/mycompany\/\",\"https:\/\/pl.pinterest.com\/hempkingeu\/\",\"https:\/\/www.youtube.com\/channel\/UCUkeZA1fj4hSZfoYm0WpZ7w\"]}]}<\/script>\n<meta property=\"product:price:amount\" content=\"135.92\" \/>\n<meta property=\"product:price:currency\" content=\"PLN\" \/>\n<meta property=\"og:availability\" content=\"instock\" \/>\n<meta property=\"product:availability\" content=\"instock\" \/>\n<meta property=\"product:condition\" content=\"new\" \/>\n<!-- \/ Yoast SEO Premium plugin. -->","yoast_head_json":{"title":"Dla niej: Olej CBD 5% + D3 + dezodorant konopny w kremie - Hemp King","description":"Zobacz \u261b Dla niej: Olej CBD 5% + D3 + dezodorant konopny w kremie w konopnym sklepie HempKing \u2705100% naturalne \u2705 Zadbaj z nami o swoj\u0105 diet\u0119!","canonical":"https:\/\/dev.hempking.eu\/pl\/dla-niej-olej-cbd-5-d3-dezodorant-konopny-w-kremie\/","og_locale":"pl_PL","og_type":"article","og_title":"Dla niej: Olej CBD 5% + D3 + dezodorant konopny w kremie","og_description":"Zobacz \u261b Dla niej: Olej CBD 5% + D3 + dezodorant konopny w kremie w konopnym sklepie HempKing \u2705100% naturalne \u2705 Zadbaj z nami o swoj\u0105 diet\u0119!","og_url":"https:\/\/dev.hempking.eu\/pl\/dla-niej-olej-cbd-5-d3-dezodorant-konopny-w-kremie\/","og_site_name":"Hemp King","article_publisher":"https:\/\/www.facebook.com\/hempkingpoland","article_modified_time":"2023-02-07T11:43:26+00:00","og_image":[{"width":1000,"height":1000,"url":"https:\/\/dev.hempking.eu\/pl\/wp-content\/uploads\/sites\/2\/2021\/02\/1000x1000_zestaw_6.jpg","type":"image\/jpeg"}],"twitter_card":"summary_large_image","twitter_site":"@hempkingeu","twitter_misc":{"Price":"135.92&nbsp;&#122;&#322;","Availability":"In stock"},"schema":{"@context":"https:\/\/schema.org","@graph":[{"@type":"WebPage","@id":"https:\/\/dev.hempking.eu\/pl\/dla-niej-olej-cbd-5-d3-dezodorant-konopny-w-kremie\/","url":"https:\/\/dev.hempking.eu\/pl\/dla-niej-olej-cbd-5-d3-dezodorant-konopny-w-kremie\/","name":"Dla niej: Olej CBD 5% + D3 + dezodorant konopny w kremie - Hemp King","isPartOf":{"@id":"https:\/\/dev.hempking.eu\/pl\/#website"},"primaryImageOfPage":{"@id":"https:\/\/dev.hempking.eu\/pl\/dla-niej-olej-cbd-5-d3-dezodorant-konopny-w-kremie\/#primaryimage"},"image":{"@id":"https:\/\/dev.hempking.eu\/pl\/dla-niej-olej-cbd-5-d3-dezodorant-konopny-w-kremie\/#primaryimage"},"thumbnailUrl":"https:\/\/dev.hempking.eu\/pl\/wp-content\/uploads\/sites\/2\/2021\/02\/1000x1000_zestaw_6.jpg","datePublished":"2021-02-02T13:00:54+00:00","dateModified":"2023-02-07T11:43:26+00:00","description":"Zobacz \u261b Dla niej: Olej CBD 5% + D3 + dezodorant konopny w kremie w konopnym sklepie HempKing \u2705100% naturalne \u2705 Zadbaj z nami o swoj\u0105 diet\u0119!","breadcrumb":{"@id":"https:\/\/dev.hempking.eu\/pl\/dla-niej-olej-cbd-5-d3-dezodorant-konopny-w-kremie\/#breadcrumb"},"inLanguage":"pl-PL","potentialAction":[{"@type":"ReadAction","target":["https:\/\/dev.hempking.eu\/pl\/dla-niej-olej-cbd-5-d3-dezodorant-konopny-w-kremie\/"]}]},{"@type":"ImageObject","inLanguage":"pl-PL","@id":"https:\/\/dev.hempking.eu\/pl\/dla-niej-olej-cbd-5-d3-dezodorant-konopny-w-kremie\/#primaryimage","url":"https:\/\/dev.hempking.eu\/pl\/wp-content\/uploads\/sites\/2\/2021\/02\/1000x1000_zestaw_6.jpg","contentUrl":"https:\/\/dev.hempking.eu\/pl\/wp-content\/uploads\/sites\/2\/2021\/02\/1000x1000_zestaw_6.jpg","width":1000,"height":1000,"caption":"CBD 5% D3 i dezodorant"},{"@type":"BreadcrumbList","@id":"https:\/\/dev.hempking.eu\/pl\/dla-niej-olej-cbd-5-d3-dezodorant-konopny-w-kremie\/#breadcrumb","itemListElement":[{"@type":"ListItem","position":1,"name":"Home","item":"https:\/\/dev.hempking.eu\/pl\/"},{"@type":"ListItem","position":2,"name":"Sklep","item":"https:\/\/dev.hempking.eu\/pl\/shop\/"},{"@type":"ListItem","position":3,"name":"Zestawy","item":"https:\/\/dev.hempking.eu\/pl\/zestawy\/"},{"@type":"ListItem","position":4,"name":"Dla niej: Olej CBD 5% + D3 + dezodorant konopny w kremie"}]},{"@type":"WebSite","@id":"https:\/\/dev.hempking.eu\/pl\/#website","url":"https:\/\/dev.hempking.eu\/pl\/","name":"Hemp King","description":"","publisher":{"@id":"https:\/\/dev.hempking.eu\/pl\/#organization"},"potentialAction":[{"@type":"SearchAction","target":{"@type":"EntryPoint","urlTemplate":"https:\/\/dev.hempking.eu\/pl\/?s={search_term_string}"},"query-input":{"@type":"PropertyValueSpecification","valueRequired":true,"valueName":"search_term_string"}}],"inLanguage":"pl-PL"},{"@type":"Organization","@id":"https:\/\/dev.hempking.eu\/pl\/#organization","name":"Hemp King","url":"https:\/\/dev.hempking.eu\/pl\/","logo":{"@type":"ImageObject","inLanguage":"pl-PL","@id":"https:\/\/dev.hempking.eu\/pl\/#\/schema\/logo\/image\/","url":"https:\/\/dev.hempking.eu\/pl\/wp-content\/uploads\/sites\/2\/2020\/05\/hempking.png","contentUrl":"https:\/\/dev.hempking.eu\/pl\/wp-content\/uploads\/sites\/2\/2020\/05\/hempking.png","width":148,"height":91,"caption":"Hemp King"},"image":{"@id":"https:\/\/dev.hempking.eu\/pl\/#\/schema\/logo\/image\/"},"sameAs":["https:\/\/www.facebook.com\/hempkingpoland","https:\/\/x.com\/hempkingeu","https:\/\/www.instagram.com\/hempkingeu\/","https:\/\/www.linkedin.com\/company\/hempking-eu\/mycompany\/","https:\/\/pl.pinterest.com\/hempkingeu\/","https:\/\/www.youtube.com\/channel\/UCUkeZA1fj4hSZfoYm0WpZ7w"]}]},"product_price_amount":"135.92","product_price_currency":"PLN","og_availability":"instock","product_availability":"instock","product_condition":"new"},"_links":{"self":[{"href":"https:\/\/dev.hempking.eu\/pl\/wp-json\/wp\/v2\/product\/55977","targetHints":{"allow":["GET"]}}],"collection":[{"href":"https:\/\/dev.hempking.eu\/pl\/wp-json\/wp\/v2\/product"}],"about":[{"href":"https:\/\/dev.hempking.eu\/pl\/wp-json\/wp\/v2\/types\/product"}],"wp:featuredmedia":[{"embeddable":true,"href":"https:\/\/dev.hempking.eu\/pl\/wp-json\/wp\/v2\/media\/114512"}],"wp:attachment":[{"href":"https:\/\/dev.hempking.eu\/pl\/wp-json\/wp\/v2\/media?parent=55977"}],"wp:term":[{"taxonomy":"product_cat","embeddable":true,"href":"https:\/\/dev.hempking.eu\/pl\/wp-json\/wp\/v2\/product_cat?post=55977"},{"taxonomy":"product_tag","embeddable":true,"href":"https:\/\/dev.hempking.eu\/pl\/wp-json\/wp\/v2\/product_tag?post=55977"}],"curies":[{"name":"wp","href":"https:\/\/api.w.org\/{rel}","templated":true}]}}