{"id":58221,"date":"2021-03-02T08:50:14","date_gmt":"2021-03-02T07:50:14","guid":{"rendered":"https:\/\/hempking.eu\/pl\/?post_type=product&#038;p=58221"},"modified":"2022-12-01T12:29:15","modified_gmt":"2022-12-01T11:29:15","slug":"zestaw-dla-niej-peeling-do-ciala-mus-jogurtowy-peeling-do-ust","status":"publish","type":"product","link":"https:\/\/dev.hempking.eu\/pl\/zestaw-dla-niej-peeling-do-ciala-mus-jogurtowy-peeling-do-ust\/","title":{"rendered":"Zestaw dla niej: Peeling do cia\u0142a + mus jogurtowy + peeling do ust"},"content":{"rendered":"<h2><strong>Zestaw dla niej, idealny na ka\u017cd\u0105 okazj\u0119!\u00a0<\/strong><\/h2>\n<p>Zestaw kosmetyk\u00f3w sk\u0142adaj\u0105cy si\u0119 z trzech bestseller\u00f3w konopnych do piel\u0119gnacji cia\u0142a: nawil\u017caj\u0105cego musu jagodowego o pi\u0119knym zapachu, cukrowego peelingu do cia\u0142a, kt\u00f3ry pachnie jak najlepszy deser oraz peelingu do ust, kt\u00f3ry dzi\u0119ki swojej formule, r\u00f3wnie\u017c je nawil\u017ca!<\/p>\n<p><strong>To zestaw idealny na prezent!\u00a0<\/strong><\/p>\n<h2><a href=\"https:\/\/dev.hempking.eu\/pl\/budyniowy-peeling-konopny-z-cbd-do-ciala\/\"><strong>Budyniowy peeling do cia\u0142a z CBD:\u00a0<\/strong><\/a><\/h2>\n<ul>\n<li>nie zawiera mikroplastik\u00f3w,<\/li>\n<li>zawiera certyfikowany olej konopny z fitosk\u0142adnikami,<\/li>\n<li>w pi\u0119knym s\u0142oiczku zero\/less waste,<\/li>\n<li>w 100% naturalny,<\/li>\n<li>zjawiskowo pachnie i pozostawia sk\u00f3r\u0119 mi\u0119kk\u0105,<\/li>\n<li>dzi\u0119ki bogatej formule przy okazji z\u0142uszczania, r\u00f3wnie\u017c nawil\u017ca!<\/li>\n<\/ul>\n<h2><strong>Jogurtowy mus do cia\u0142a z CBD:<\/strong><\/h2>\n<ul>\n<li>100% naturalnych sk\u0142adnik\u00f3w,<\/li>\n<li>nie zawiera chemicznych dodatk\u00f3w czy konserwant\u00f3w,<\/li>\n<li>pachnie tak, \u017ce chce si\u0119 go zje\u015b\u0107!<\/li>\n<li>jest bardzo wydajny &#8211; wystarczy ma\u0142a ilo\u015b\u0107, by nawil\u017cy\u0107 du\u017ce powierzchnie cia\u0142a,<\/li>\n<li>dzi\u0119ki sk\u0142adnikom aktywnym i po\u0142\u0105czeniu wielu mase\u0142 i olej\u00f3w, jest odpowiedni do wra\u017cliwej sk\u00f3ry<\/li>\n<\/ul>\n<h2><a href=\"https:\/\/dev.hempking.eu\/pl\/konopny-peeling-do-ust-z-cbd-z-pomarancza\/\"><strong>Konopny peeling do ust z CBD o zapachu pomara\u0144czy:<\/strong><\/a><\/h2>\n<ul>\n<li>nie zawiera mikroplastik\u00f3w,<\/li>\n<li>za z\u0142uszczanie odpowiada cukier oraz zmielone nasiona malin,<\/li>\n<li>100% natury w szklanym s\u0142oiczku,<\/li>\n<li>pi\u0119knie pachnie i z przyjemno\u015bci\u0105 u\u017cywa si\u0119 go na ustach,<\/li>\n<li>skutecznie z\u0142uszcza martwy nask\u00f3rek!<\/li>\n<\/ul>\n","protected":false},"excerpt":{"rendered":"<h2><strong>Zestaw zawiera:\u00a0<\/strong><\/h2>\n<ul>\n<li>Budyniowy peeling do cia\u0142a z CBD &#8211; 200ml<\/li>\n<li>Jogurtowy mus do cia\u0142a o zapachu owoc\u00f3w le\u015bnych z CBD &#8211; 100ml<\/li>\n<li>Konopny peeling do ust z CBD z pomara\u0144cz\u0105 &#8211; 15ml<\/li>\n<\/ul>\n<p><strong>Wszystkie produkty s\u0105 pe\u0142nowymiarowe!<\/strong><\/p>\n","protected":false},"featured_media":58222,"template":"","meta":{"_acf_changed":false},"product_cat":[33,150],"product_tag":[],"class_list":{"0":"post-58221","1":"product","2":"type-product","3":"status-publish","4":"has-post-thumbnail","6":"product_cat-zestawy","7":"product_cat-zestawy-dla-kobiet","9":"first","10":"outofstock","11":"sale","12":"shipping-taxable","13":"purchasable","14":"product-type-simple"},"acf":[],"yoast_head":"<!-- This site is optimized with the Yoast SEO Premium plugin v23.4 (Yoast SEO v24.0) - https:\/\/yoast.com\/wordpress\/plugins\/seo\/ -->\n<title>Zestaw dla niej: Peeling do cia\u0142a + mus jogurtowy + peeling do ust<\/title>\n<meta name=\"description\" content=\"Zestaw dla niej: Peeling do cia\u0142a + mus jogurtowy + peeling do ust. Zestaw kosmetyk\u00f3w sk\u0142adaj\u0105cy si\u0119 z trzech bestseller\u00f3w konopnych. Sprawd\u017a!\" \/>\n<link rel=\"canonical\" href=\"https:\/\/dev.hempking.eu\/pl\/budyniowy-peeling-konopny-z-cbd-do-ciala\/\" \/>\n<meta property=\"og:locale\" content=\"pl_PL\" \/>\n<meta property=\"og:type\" content=\"article\" \/>\n<meta property=\"og:title\" content=\"Zestaw dla niej: Peeling do cia\u0142a + mus jogurtowy + peeling do ust\" \/>\n<meta property=\"og:description\" content=\"Zestaw dla niej: Peeling do cia\u0142a + mus jogurtowy + peeling do ust. Zestaw kosmetyk\u00f3w sk\u0142adaj\u0105cy si\u0119 z trzech bestseller\u00f3w konopnych. Sprawd\u017a!\" \/>\n<meta property=\"og:url\" content=\"https:\/\/dev.hempking.eu\/pl\/budyniowy-peeling-konopny-z-cbd-do-ciala\/\" \/>\n<meta property=\"og:site_name\" content=\"Hemp King\" \/>\n<meta property=\"article:publisher\" content=\"https:\/\/www.facebook.com\/hempkingpoland\" \/>\n<meta property=\"article:modified_time\" content=\"2022-12-01T11:29:15+00:00\" \/>\n<meta property=\"og:image\" content=\"https:\/\/dev.hempking.eu\/pl\/wp-content\/uploads\/sites\/2\/2021\/03\/zestaw_kosmetyki.jpg\" \/>\n\t<meta property=\"og:image:width\" content=\"1000\" \/>\n\t<meta property=\"og:image:height\" content=\"1000\" \/>\n\t<meta property=\"og:image:type\" content=\"image\/jpeg\" \/>\n<meta name=\"twitter:card\" content=\"summary_large_image\" \/>\n<meta name=\"twitter:site\" content=\"@hempkingeu\" \/>\n<meta name=\"twitter:label1\" content=\"Price\" \/>\n\t<meta name=\"twitter:data1\" content=\"99.90&nbsp;&#122;&#322;\" \/>\n\t<meta name=\"twitter:label2\" content=\"Availability\" \/>\n\t<meta name=\"twitter:data2\" content=\"Out of stock\" \/>\n<script type=\"application\/ld+json\" class=\"yoast-schema-graph\">{\"@context\":\"https:\/\/schema.org\",\"@graph\":[{\"@type\":\"WebPage\",\"@id\":\"https:\/\/dev.hempking.eu\/pl\/zestaw-dla-niej-peeling-do-ciala-mus-jogurtowy-peeling-do-ust\/\",\"url\":\"https:\/\/dev.hempking.eu\/pl\/budyniowy-peeling-konopny-z-cbd-do-ciala\/\",\"name\":\"Zestaw dla niej: Peeling do cia\u0142a + mus jogurtowy + peeling do ust\",\"isPartOf\":{\"@id\":\"https:\/\/dev.hempking.eu\/pl\/#website\"},\"primaryImageOfPage\":{\"@id\":\"https:\/\/dev.hempking.eu\/pl\/budyniowy-peeling-konopny-z-cbd-do-ciala\/#primaryimage\"},\"image\":{\"@id\":\"https:\/\/dev.hempking.eu\/pl\/budyniowy-peeling-konopny-z-cbd-do-ciala\/#primaryimage\"},\"thumbnailUrl\":\"https:\/\/dev.hempking.eu\/pl\/wp-content\/uploads\/sites\/2\/2021\/03\/zestaw_kosmetyki.jpg\",\"datePublished\":\"2021-03-02T07:50:14+00:00\",\"dateModified\":\"2022-12-01T11:29:15+00:00\",\"description\":\"Zestaw dla niej: Peeling do cia\u0142a + mus jogurtowy + peeling do ust. Zestaw kosmetyk\u00f3w sk\u0142adaj\u0105cy si\u0119 z trzech bestseller\u00f3w konopnych. Sprawd\u017a!\",\"breadcrumb\":{\"@id\":\"https:\/\/dev.hempking.eu\/pl\/budyniowy-peeling-konopny-z-cbd-do-ciala\/#breadcrumb\"},\"inLanguage\":\"pl-PL\",\"potentialAction\":[{\"@type\":\"ReadAction\",\"target\":[\"https:\/\/dev.hempking.eu\/pl\/budyniowy-peeling-konopny-z-cbd-do-ciala\/\"]}]},{\"@type\":\"ImageObject\",\"inLanguage\":\"pl-PL\",\"@id\":\"https:\/\/dev.hempking.eu\/pl\/budyniowy-peeling-konopny-z-cbd-do-ciala\/#primaryimage\",\"url\":\"https:\/\/dev.hempking.eu\/pl\/wp-content\/uploads\/sites\/2\/2021\/03\/zestaw_kosmetyki.jpg\",\"contentUrl\":\"https:\/\/dev.hempking.eu\/pl\/wp-content\/uploads\/sites\/2\/2021\/03\/zestaw_kosmetyki.jpg\",\"width\":1000,\"height\":1000,\"caption\":\"zestaw 5 kosmetyk\u00f3w dla kobiet od hempking\"},{\"@type\":\"BreadcrumbList\",\"@id\":\"https:\/\/dev.hempking.eu\/pl\/budyniowy-peeling-konopny-z-cbd-do-ciala\/#breadcrumb\",\"itemListElement\":[{\"@type\":\"ListItem\",\"position\":1,\"name\":\"Home\",\"item\":\"https:\/\/dev.hempking.eu\/pl\/\"},{\"@type\":\"ListItem\",\"position\":2,\"name\":\"Sklep\",\"item\":\"https:\/\/dev.hempking.eu\/pl\/shop\/\"},{\"@type\":\"ListItem\",\"position\":3,\"name\":\"Zestawy\",\"item\":\"https:\/\/dev.hempking.eu\/pl\/zestawy\/\"},{\"@type\":\"ListItem\",\"position\":4,\"name\":\"Zestaw dla niej: Peeling do cia\u0142a + mus jogurtowy + peeling do ust\"}]},{\"@type\":\"WebSite\",\"@id\":\"https:\/\/dev.hempking.eu\/pl\/#website\",\"url\":\"https:\/\/dev.hempking.eu\/pl\/\",\"name\":\"Hemp King\",\"description\":\"\",\"publisher\":{\"@id\":\"https:\/\/dev.hempking.eu\/pl\/#organization\"},\"potentialAction\":[{\"@type\":\"SearchAction\",\"target\":{\"@type\":\"EntryPoint\",\"urlTemplate\":\"https:\/\/dev.hempking.eu\/pl\/?s={search_term_string}\"},\"query-input\":{\"@type\":\"PropertyValueSpecification\",\"valueRequired\":true,\"valueName\":\"search_term_string\"}}],\"inLanguage\":\"pl-PL\"},{\"@type\":\"Organization\",\"@id\":\"https:\/\/dev.hempking.eu\/pl\/#organization\",\"name\":\"Hemp King\",\"url\":\"https:\/\/dev.hempking.eu\/pl\/\",\"logo\":{\"@type\":\"ImageObject\",\"inLanguage\":\"pl-PL\",\"@id\":\"https:\/\/dev.hempking.eu\/pl\/#\/schema\/logo\/image\/\",\"url\":\"https:\/\/dev.hempking.eu\/pl\/wp-content\/uploads\/sites\/2\/2020\/05\/hempking.png\",\"contentUrl\":\"https:\/\/dev.hempking.eu\/pl\/wp-content\/uploads\/sites\/2\/2020\/05\/hempking.png\",\"width\":148,\"height\":91,\"caption\":\"Hemp King\"},\"image\":{\"@id\":\"https:\/\/dev.hempking.eu\/pl\/#\/schema\/logo\/image\/\"},\"sameAs\":[\"https:\/\/www.facebook.com\/hempkingpoland\",\"https:\/\/x.com\/hempkingeu\",\"https:\/\/www.instagram.com\/hempkingeu\/\",\"https:\/\/www.linkedin.com\/company\/hempking-eu\/mycompany\/\",\"https:\/\/pl.pinterest.com\/hempkingeu\/\",\"https:\/\/www.youtube.com\/channel\/UCUkeZA1fj4hSZfoYm0WpZ7w\"]}]}<\/script>\n<meta property=\"product:price:amount\" content=\"99.90\" \/>\n<meta property=\"product:price:currency\" content=\"PLN\" \/>\n<meta property=\"og:availability\" content=\"out of stock\" \/>\n<meta property=\"product:availability\" content=\"out of stock\" \/>\n<meta property=\"product:condition\" content=\"new\" \/>\n<!-- \/ Yoast SEO Premium plugin. -->","yoast_head_json":{"title":"Zestaw dla niej: Peeling do cia\u0142a + mus jogurtowy + peeling do ust","description":"Zestaw dla niej: Peeling do cia\u0142a + mus jogurtowy + peeling do ust. Zestaw kosmetyk\u00f3w sk\u0142adaj\u0105cy si\u0119 z trzech bestseller\u00f3w konopnych. Sprawd\u017a!","canonical":"https:\/\/dev.hempking.eu\/pl\/budyniowy-peeling-konopny-z-cbd-do-ciala\/","og_locale":"pl_PL","og_type":"article","og_title":"Zestaw dla niej: Peeling do cia\u0142a + mus jogurtowy + peeling do ust","og_description":"Zestaw dla niej: Peeling do cia\u0142a + mus jogurtowy + peeling do ust. Zestaw kosmetyk\u00f3w sk\u0142adaj\u0105cy si\u0119 z trzech bestseller\u00f3w konopnych. Sprawd\u017a!","og_url":"https:\/\/dev.hempking.eu\/pl\/budyniowy-peeling-konopny-z-cbd-do-ciala\/","og_site_name":"Hemp King","article_publisher":"https:\/\/www.facebook.com\/hempkingpoland","article_modified_time":"2022-12-01T11:29:15+00:00","og_image":[{"width":1000,"height":1000,"url":"https:\/\/dev.hempking.eu\/pl\/wp-content\/uploads\/sites\/2\/2021\/03\/zestaw_kosmetyki.jpg","type":"image\/jpeg"}],"twitter_card":"summary_large_image","twitter_site":"@hempkingeu","twitter_misc":{"Price":"99.90&nbsp;&#122;&#322;","Availability":"Out of stock"},"schema":{"@context":"https:\/\/schema.org","@graph":[{"@type":"WebPage","@id":"https:\/\/dev.hempking.eu\/pl\/zestaw-dla-niej-peeling-do-ciala-mus-jogurtowy-peeling-do-ust\/","url":"https:\/\/dev.hempking.eu\/pl\/budyniowy-peeling-konopny-z-cbd-do-ciala\/","name":"Zestaw dla niej: Peeling do cia\u0142a + mus jogurtowy + peeling do ust","isPartOf":{"@id":"https:\/\/dev.hempking.eu\/pl\/#website"},"primaryImageOfPage":{"@id":"https:\/\/dev.hempking.eu\/pl\/budyniowy-peeling-konopny-z-cbd-do-ciala\/#primaryimage"},"image":{"@id":"https:\/\/dev.hempking.eu\/pl\/budyniowy-peeling-konopny-z-cbd-do-ciala\/#primaryimage"},"thumbnailUrl":"https:\/\/dev.hempking.eu\/pl\/wp-content\/uploads\/sites\/2\/2021\/03\/zestaw_kosmetyki.jpg","datePublished":"2021-03-02T07:50:14+00:00","dateModified":"2022-12-01T11:29:15+00:00","description":"Zestaw dla niej: Peeling do cia\u0142a + mus jogurtowy + peeling do ust. Zestaw kosmetyk\u00f3w sk\u0142adaj\u0105cy si\u0119 z trzech bestseller\u00f3w konopnych. Sprawd\u017a!","breadcrumb":{"@id":"https:\/\/dev.hempking.eu\/pl\/budyniowy-peeling-konopny-z-cbd-do-ciala\/#breadcrumb"},"inLanguage":"pl-PL","potentialAction":[{"@type":"ReadAction","target":["https:\/\/dev.hempking.eu\/pl\/budyniowy-peeling-konopny-z-cbd-do-ciala\/"]}]},{"@type":"ImageObject","inLanguage":"pl-PL","@id":"https:\/\/dev.hempking.eu\/pl\/budyniowy-peeling-konopny-z-cbd-do-ciala\/#primaryimage","url":"https:\/\/dev.hempking.eu\/pl\/wp-content\/uploads\/sites\/2\/2021\/03\/zestaw_kosmetyki.jpg","contentUrl":"https:\/\/dev.hempking.eu\/pl\/wp-content\/uploads\/sites\/2\/2021\/03\/zestaw_kosmetyki.jpg","width":1000,"height":1000,"caption":"zestaw 5 kosmetyk\u00f3w dla kobiet od hempking"},{"@type":"BreadcrumbList","@id":"https:\/\/dev.hempking.eu\/pl\/budyniowy-peeling-konopny-z-cbd-do-ciala\/#breadcrumb","itemListElement":[{"@type":"ListItem","position":1,"name":"Home","item":"https:\/\/dev.hempking.eu\/pl\/"},{"@type":"ListItem","position":2,"name":"Sklep","item":"https:\/\/dev.hempking.eu\/pl\/shop\/"},{"@type":"ListItem","position":3,"name":"Zestawy","item":"https:\/\/dev.hempking.eu\/pl\/zestawy\/"},{"@type":"ListItem","position":4,"name":"Zestaw dla niej: Peeling do cia\u0142a + mus jogurtowy + peeling do ust"}]},{"@type":"WebSite","@id":"https:\/\/dev.hempking.eu\/pl\/#website","url":"https:\/\/dev.hempking.eu\/pl\/","name":"Hemp King","description":"","publisher":{"@id":"https:\/\/dev.hempking.eu\/pl\/#organization"},"potentialAction":[{"@type":"SearchAction","target":{"@type":"EntryPoint","urlTemplate":"https:\/\/dev.hempking.eu\/pl\/?s={search_term_string}"},"query-input":{"@type":"PropertyValueSpecification","valueRequired":true,"valueName":"search_term_string"}}],"inLanguage":"pl-PL"},{"@type":"Organization","@id":"https:\/\/dev.hempking.eu\/pl\/#organization","name":"Hemp King","url":"https:\/\/dev.hempking.eu\/pl\/","logo":{"@type":"ImageObject","inLanguage":"pl-PL","@id":"https:\/\/dev.hempking.eu\/pl\/#\/schema\/logo\/image\/","url":"https:\/\/dev.hempking.eu\/pl\/wp-content\/uploads\/sites\/2\/2020\/05\/hempking.png","contentUrl":"https:\/\/dev.hempking.eu\/pl\/wp-content\/uploads\/sites\/2\/2020\/05\/hempking.png","width":148,"height":91,"caption":"Hemp King"},"image":{"@id":"https:\/\/dev.hempking.eu\/pl\/#\/schema\/logo\/image\/"},"sameAs":["https:\/\/www.facebook.com\/hempkingpoland","https:\/\/x.com\/hempkingeu","https:\/\/www.instagram.com\/hempkingeu\/","https:\/\/www.linkedin.com\/company\/hempking-eu\/mycompany\/","https:\/\/pl.pinterest.com\/hempkingeu\/","https:\/\/www.youtube.com\/channel\/UCUkeZA1fj4hSZfoYm0WpZ7w"]}]},"product_price_amount":"99.90","product_price_currency":"PLN","og_availability":"out of stock","product_availability":"out of stock","product_condition":"new"},"_links":{"self":[{"href":"https:\/\/dev.hempking.eu\/pl\/wp-json\/wp\/v2\/product\/58221","targetHints":{"allow":["GET"]}}],"collection":[{"href":"https:\/\/dev.hempking.eu\/pl\/wp-json\/wp\/v2\/product"}],"about":[{"href":"https:\/\/dev.hempking.eu\/pl\/wp-json\/wp\/v2\/types\/product"}],"wp:featuredmedia":[{"embeddable":true,"href":"https:\/\/dev.hempking.eu\/pl\/wp-json\/wp\/v2\/media\/58222"}],"wp:attachment":[{"href":"https:\/\/dev.hempking.eu\/pl\/wp-json\/wp\/v2\/media?parent=58221"}],"wp:term":[{"taxonomy":"product_cat","embeddable":true,"href":"https:\/\/dev.hempking.eu\/pl\/wp-json\/wp\/v2\/product_cat?post=58221"},{"taxonomy":"product_tag","embeddable":true,"href":"https:\/\/dev.hempking.eu\/pl\/wp-json\/wp\/v2\/product_tag?post=58221"}],"curies":[{"name":"wp","href":"https:\/\/api.w.org\/{rel}","templated":true}]}}