{"id":598,"date":"2020-07-10T13:26:20","date_gmt":"2020-07-10T11:26:20","guid":{"rendered":"https:\/\/hempking.eu\/pl\/?post_type=product&#038;p=598"},"modified":"2023-04-24T09:54:25","modified_gmt":"2023-04-24T07:54:25","slug":"bio-bialko-konopne-bananowe-250g","status":"publish","type":"product","link":"https:\/\/dev.hempking.eu\/pl\/bio-bialko-konopne-bananowe-250g\/","title":{"rendered":"BIO bia\u0142ko konopne - banan - 250 g"},"content":{"rendered":"<h2 style=\"text-align: justify;\">BIO bia\u0142ko konopne bananowe &#8211; smakowite po\u0142\u0105czenie konopi i banana<\/h2>\n<p style=\"text-align: justify;\">BIO bia\u0142ko konopne bananowe sk\u0142ada si\u0119 w 80% z nasion konopi siewnych, pochodz\u0105cych z organicznych upraw, z dodatkiem 20% BIO banana najwy\u017cszej jako\u015bci.<\/p>\n<p style=\"text-align: justify;\">Bia\u0142ko konopne z bananem zawiera mn\u00f3stwo <strong>nienasyconych kwas\u00f3w t\u0142uszczowych oraz protein, wraz z aminokwasami, witaminami oraz innymi sk\u0142adnikami od\u017cywczymi.<\/strong> To zdrowe uzupe\u0142nienie Twojej diety, a dzi\u0119ki dodatkowi banana, r\u00f3wnie\u017c smaczne!<br \/>\n<strong>Bia\u0142ko konopne jest idealne dla wegan i wegetarian!<\/strong><\/p>\n<p style=\"text-align: justify;\">BIO bia\u0142ko konopne bananowe to:<\/p>\n<ul style=\"text-align: justify;\">\n<li>uzupe\u0142nienie Twojej diety w zdrowy i smaczny spos\u00f3b,<\/li>\n<li>bananowy smak,<\/li>\n<li>pewno\u015b\u0107 pochodzenia sk\u0142adnik\u00f3w,<\/li>\n<li>nienasycone kwasy t\u0142uszczowe niezb\u0119dne w ka\u017cdej diecie,<\/li>\n<li>aminokwasy egzogenne,<\/li>\n<li>zupe\u0142ny brak glutenu,<\/li>\n<li>mn\u00f3stwo b\u0142onnika dla lepszego trawienia.<\/li>\n<\/ul>\n<p style=\"text-align: justify;\">Nasze BIO bia\u0142ko konopno-bananowe powstaje dzi\u0119ki metodzie <strong>mielenia na zimno.<\/strong> To pozwala nam zachowa\u0107 w bia\u0142ku du\u017co warto\u015bci od\u017cywczych.<\/p>\n<h2 style=\"text-align: justify;\">Kto mo\u017ce spo\u017cywa\u0107 BIO bia\u0142ko konopne z bananem?<\/h2>\n<p style=\"text-align: justify;\"><strong>BIO bia\u0142ko konopne bananowe powsta\u0142o dla ka\u017cdego, kto:<\/strong><\/p>\n<ul style=\"text-align: justify;\">\n<li>odchudza si\u0119 lub pr\u00f3buje utrzyma\u0107 wag\u0119,<\/li>\n<li>\u0107wiczy i trenuje,<\/li>\n<li>chce zwi\u0119kszy\u0107 mas\u0119 mi\u0119\u015bniow\u0105,<\/li>\n<li>jest na diecie wegetaria\u0144skiej lub wega\u0144skiej,<\/li>\n<li>zwraca uwag\u0119 na organiczne produkty,<\/li>\n<li>oczekuje od bia\u0142ka r\u00f3wnie\u017c dobrego smaku.<\/li>\n<\/ul>\n","protected":false},"excerpt":{"rendered":"<h2><strong>BIO bia\u0142ko konopne bananowe to:<\/strong><\/h2>\n<ul>\n<li>bia\u0142ko konopne z dodatkiem organicznego banana<\/li>\n<li>certyfikat EU Organic<\/li>\n<li>b\u0142onnik, kwasy omega oraz aminokwasy<\/li>\n<li>smakowite uzupe\u0142nienie Twojej diety<\/li>\n<li>odpowiedni dla wegan i wegetarian<\/li>\n<li>0% glutenu<\/li>\n<li>100% natury<\/li>\n<\/ul>\n<p><strong>Waga: 250g<\/strong><\/p>\n","protected":false},"featured_media":87461,"template":"","meta":{"_acf_changed":false},"product_cat":[23,27,117,36],"product_tag":[],"class_list":{"0":"post-598","1":"product","2":"type-product","3":"status-publish","4":"has-post-thumbnail","6":"product_cat-zywnosc-konopna","7":"product_cat-bialko-konopne","8":"product_cat-bialko-roslinne","9":"product_cat-bestsellery","11":"first","12":"instock","13":"shipping-taxable","14":"purchasable","15":"product-type-simple"},"acf":[],"yoast_head":"<!-- This site is optimized with the Yoast SEO Premium plugin v23.4 (Yoast SEO v24.0) - https:\/\/yoast.com\/wordpress\/plugins\/seo\/ -->\n<title>Bio bia\u0142ko konopne bananowe 250 g - HempKing<\/title>\n<meta name=\"description\" content=\"Bia\u0142ko konopne banan. Smakowite po\u0142\u0105czenie konopi i banana. Prosty sk\u0142ad - 80% konopi siewnych + 20% bio banana. Wypr\u00f3buj !\" \/>\n<link rel=\"canonical\" href=\"https:\/\/dev.hempking.eu\/pl\/bio-bialko-konopne-bananowe-250g\/\" \/>\n<meta property=\"og:locale\" content=\"pl_PL\" \/>\n<meta property=\"og:type\" content=\"article\" \/>\n<meta property=\"og:title\" content=\"BIO bia\u0142ko konopne - banan - 250 g\" \/>\n<meta property=\"og:description\" content=\"Bia\u0142ko konopne banan. Smakowite po\u0142\u0105czenie konopi i banana. Prosty sk\u0142ad - 80% konopi siewnych + 20% bio banana. Wypr\u00f3buj !\" \/>\n<meta property=\"og:url\" content=\"https:\/\/dev.hempking.eu\/pl\/bio-bialko-konopne-bananowe-250g\/\" \/>\n<meta property=\"og:site_name\" content=\"Hemp King\" \/>\n<meta property=\"article:publisher\" content=\"https:\/\/www.facebook.com\/hempkingpoland\" \/>\n<meta property=\"article:modified_time\" content=\"2023-04-24T07:54:25+00:00\" \/>\n<meta property=\"og:image\" content=\"https:\/\/dev.hempking.eu\/pl\/wp-content\/uploads\/sites\/2\/2022\/01\/bialko_bananowe.jpg\" \/>\n\t<meta property=\"og:image:width\" content=\"1000\" \/>\n\t<meta property=\"og:image:height\" content=\"1000\" \/>\n\t<meta property=\"og:image:type\" content=\"image\/jpeg\" \/>\n<meta name=\"twitter:card\" content=\"summary_large_image\" \/>\n<meta name=\"twitter:site\" content=\"@hempkingeu\" \/>\n<meta name=\"twitter:label1\" content=\"Price\" \/>\n\t<meta name=\"twitter:data1\" content=\"37.50&nbsp;&#122;&#322;\" \/>\n\t<meta name=\"twitter:label2\" content=\"Availability\" \/>\n\t<meta name=\"twitter:data2\" content=\"In stock\" \/>\n<script type=\"application\/ld+json\" class=\"yoast-schema-graph\">{\"@context\":\"https:\/\/schema.org\",\"@graph\":[{\"@type\":\"WebPage\",\"@id\":\"https:\/\/dev.hempking.eu\/pl\/bio-bialko-konopne-bananowe-250g\/\",\"url\":\"https:\/\/dev.hempking.eu\/pl\/bio-bialko-konopne-bananowe-250g\/\",\"name\":\"Bio bia\u0142ko konopne bananowe 250 g - HempKing\",\"isPartOf\":{\"@id\":\"https:\/\/dev.hempking.eu\/pl\/#website\"},\"primaryImageOfPage\":{\"@id\":\"https:\/\/dev.hempking.eu\/pl\/bio-bialko-konopne-bananowe-250g\/#primaryimage\"},\"image\":{\"@id\":\"https:\/\/dev.hempking.eu\/pl\/bio-bialko-konopne-bananowe-250g\/#primaryimage\"},\"thumbnailUrl\":\"https:\/\/dev.hempking.eu\/pl\/wp-content\/uploads\/sites\/2\/2022\/01\/bialko_bananowe.jpg\",\"datePublished\":\"2020-07-10T11:26:20+00:00\",\"dateModified\":\"2023-04-24T07:54:25+00:00\",\"description\":\"Bia\u0142ko konopne banan. Smakowite po\u0142\u0105czenie konopi i banana. Prosty sk\u0142ad - 80% konopi siewnych + 20% bio banana. Wypr\u00f3buj !\",\"breadcrumb\":{\"@id\":\"https:\/\/dev.hempking.eu\/pl\/bio-bialko-konopne-bananowe-250g\/#breadcrumb\"},\"inLanguage\":\"pl-PL\",\"potentialAction\":[{\"@type\":\"ReadAction\",\"target\":[\"https:\/\/dev.hempking.eu\/pl\/bio-bialko-konopne-bananowe-250g\/\"]}]},{\"@type\":\"ImageObject\",\"inLanguage\":\"pl-PL\",\"@id\":\"https:\/\/dev.hempking.eu\/pl\/bio-bialko-konopne-bananowe-250g\/#primaryimage\",\"url\":\"https:\/\/dev.hempking.eu\/pl\/wp-content\/uploads\/sites\/2\/2022\/01\/bialko_bananowe.jpg\",\"contentUrl\":\"https:\/\/dev.hempking.eu\/pl\/wp-content\/uploads\/sites\/2\/2022\/01\/bialko_bananowe.jpg\",\"width\":1000,\"height\":1000,\"caption\":\"Bia\u0142ko konopne bananowe 250 g HempKing\"},{\"@type\":\"BreadcrumbList\",\"@id\":\"https:\/\/dev.hempking.eu\/pl\/bio-bialko-konopne-bananowe-250g\/#breadcrumb\",\"itemListElement\":[{\"@type\":\"ListItem\",\"position\":1,\"name\":\"Home\",\"item\":\"https:\/\/dev.hempking.eu\/pl\/\"},{\"@type\":\"ListItem\",\"position\":2,\"name\":\"Sklep\",\"item\":\"https:\/\/dev.hempking.eu\/pl\/shop\/\"},{\"@type\":\"ListItem\",\"position\":3,\"name\":\"\u017bywno\u015b\u0107 konopna\",\"item\":\"https:\/\/dev.hempking.eu\/pl\/zywnosc-konopna\/\"},{\"@type\":\"ListItem\",\"position\":4,\"name\":\"Bia\u0142ko konopne\",\"item\":\"https:\/\/dev.hempking.eu\/pl\/bialko-konopne\/\"},{\"@type\":\"ListItem\",\"position\":5,\"name\":\"BIO bia\u0142ko konopne - banan - 250 g\"}]},{\"@type\":\"WebSite\",\"@id\":\"https:\/\/dev.hempking.eu\/pl\/#website\",\"url\":\"https:\/\/dev.hempking.eu\/pl\/\",\"name\":\"Hemp King\",\"description\":\"\",\"publisher\":{\"@id\":\"https:\/\/dev.hempking.eu\/pl\/#organization\"},\"potentialAction\":[{\"@type\":\"SearchAction\",\"target\":{\"@type\":\"EntryPoint\",\"urlTemplate\":\"https:\/\/dev.hempking.eu\/pl\/?s={search_term_string}\"},\"query-input\":{\"@type\":\"PropertyValueSpecification\",\"valueRequired\":true,\"valueName\":\"search_term_string\"}}],\"inLanguage\":\"pl-PL\"},{\"@type\":\"Organization\",\"@id\":\"https:\/\/dev.hempking.eu\/pl\/#organization\",\"name\":\"Hemp King\",\"url\":\"https:\/\/dev.hempking.eu\/pl\/\",\"logo\":{\"@type\":\"ImageObject\",\"inLanguage\":\"pl-PL\",\"@id\":\"https:\/\/dev.hempking.eu\/pl\/#\/schema\/logo\/image\/\",\"url\":\"https:\/\/dev.hempking.eu\/pl\/wp-content\/uploads\/sites\/2\/2020\/05\/hempking.png\",\"contentUrl\":\"https:\/\/dev.hempking.eu\/pl\/wp-content\/uploads\/sites\/2\/2020\/05\/hempking.png\",\"width\":148,\"height\":91,\"caption\":\"Hemp King\"},\"image\":{\"@id\":\"https:\/\/dev.hempking.eu\/pl\/#\/schema\/logo\/image\/\"},\"sameAs\":[\"https:\/\/www.facebook.com\/hempkingpoland\",\"https:\/\/x.com\/hempkingeu\",\"https:\/\/www.instagram.com\/hempkingeu\/\",\"https:\/\/www.linkedin.com\/company\/hempking-eu\/mycompany\/\",\"https:\/\/pl.pinterest.com\/hempkingeu\/\",\"https:\/\/www.youtube.com\/channel\/UCUkeZA1fj4hSZfoYm0WpZ7w\"]}]}<\/script>\n<meta property=\"product:price:amount\" content=\"37.50\" \/>\n<meta property=\"product:price:currency\" content=\"PLN\" \/>\n<meta property=\"og:availability\" content=\"instock\" \/>\n<meta property=\"product:availability\" content=\"instock\" \/>\n<meta property=\"product:condition\" content=\"new\" \/>\n<!-- \/ Yoast SEO Premium plugin. -->","yoast_head_json":{"title":"Bio bia\u0142ko konopne bananowe 250 g - HempKing","description":"Bia\u0142ko konopne banan. Smakowite po\u0142\u0105czenie konopi i banana. Prosty sk\u0142ad - 80% konopi siewnych + 20% bio banana. Wypr\u00f3buj !","canonical":"https:\/\/dev.hempking.eu\/pl\/bio-bialko-konopne-bananowe-250g\/","og_locale":"pl_PL","og_type":"article","og_title":"BIO bia\u0142ko konopne - banan - 250 g","og_description":"Bia\u0142ko konopne banan. Smakowite po\u0142\u0105czenie konopi i banana. Prosty sk\u0142ad - 80% konopi siewnych + 20% bio banana. Wypr\u00f3buj !","og_url":"https:\/\/dev.hempking.eu\/pl\/bio-bialko-konopne-bananowe-250g\/","og_site_name":"Hemp King","article_publisher":"https:\/\/www.facebook.com\/hempkingpoland","article_modified_time":"2023-04-24T07:54:25+00:00","og_image":[{"width":1000,"height":1000,"url":"https:\/\/dev.hempking.eu\/pl\/wp-content\/uploads\/sites\/2\/2022\/01\/bialko_bananowe.jpg","type":"image\/jpeg"}],"twitter_card":"summary_large_image","twitter_site":"@hempkingeu","twitter_misc":{"Price":"37.50&nbsp;&#122;&#322;","Availability":"In stock"},"schema":{"@context":"https:\/\/schema.org","@graph":[{"@type":"WebPage","@id":"https:\/\/dev.hempking.eu\/pl\/bio-bialko-konopne-bananowe-250g\/","url":"https:\/\/dev.hempking.eu\/pl\/bio-bialko-konopne-bananowe-250g\/","name":"Bio bia\u0142ko konopne bananowe 250 g - HempKing","isPartOf":{"@id":"https:\/\/dev.hempking.eu\/pl\/#website"},"primaryImageOfPage":{"@id":"https:\/\/dev.hempking.eu\/pl\/bio-bialko-konopne-bananowe-250g\/#primaryimage"},"image":{"@id":"https:\/\/dev.hempking.eu\/pl\/bio-bialko-konopne-bananowe-250g\/#primaryimage"},"thumbnailUrl":"https:\/\/dev.hempking.eu\/pl\/wp-content\/uploads\/sites\/2\/2022\/01\/bialko_bananowe.jpg","datePublished":"2020-07-10T11:26:20+00:00","dateModified":"2023-04-24T07:54:25+00:00","description":"Bia\u0142ko konopne banan. Smakowite po\u0142\u0105czenie konopi i banana. Prosty sk\u0142ad - 80% konopi siewnych + 20% bio banana. Wypr\u00f3buj !","breadcrumb":{"@id":"https:\/\/dev.hempking.eu\/pl\/bio-bialko-konopne-bananowe-250g\/#breadcrumb"},"inLanguage":"pl-PL","potentialAction":[{"@type":"ReadAction","target":["https:\/\/dev.hempking.eu\/pl\/bio-bialko-konopne-bananowe-250g\/"]}]},{"@type":"ImageObject","inLanguage":"pl-PL","@id":"https:\/\/dev.hempking.eu\/pl\/bio-bialko-konopne-bananowe-250g\/#primaryimage","url":"https:\/\/dev.hempking.eu\/pl\/wp-content\/uploads\/sites\/2\/2022\/01\/bialko_bananowe.jpg","contentUrl":"https:\/\/dev.hempking.eu\/pl\/wp-content\/uploads\/sites\/2\/2022\/01\/bialko_bananowe.jpg","width":1000,"height":1000,"caption":"Bia\u0142ko konopne bananowe 250 g HempKing"},{"@type":"BreadcrumbList","@id":"https:\/\/dev.hempking.eu\/pl\/bio-bialko-konopne-bananowe-250g\/#breadcrumb","itemListElement":[{"@type":"ListItem","position":1,"name":"Home","item":"https:\/\/dev.hempking.eu\/pl\/"},{"@type":"ListItem","position":2,"name":"Sklep","item":"https:\/\/dev.hempking.eu\/pl\/shop\/"},{"@type":"ListItem","position":3,"name":"\u017bywno\u015b\u0107 konopna","item":"https:\/\/dev.hempking.eu\/pl\/zywnosc-konopna\/"},{"@type":"ListItem","position":4,"name":"Bia\u0142ko konopne","item":"https:\/\/dev.hempking.eu\/pl\/bialko-konopne\/"},{"@type":"ListItem","position":5,"name":"BIO bia\u0142ko konopne - banan - 250 g"}]},{"@type":"WebSite","@id":"https:\/\/dev.hempking.eu\/pl\/#website","url":"https:\/\/dev.hempking.eu\/pl\/","name":"Hemp King","description":"","publisher":{"@id":"https:\/\/dev.hempking.eu\/pl\/#organization"},"potentialAction":[{"@type":"SearchAction","target":{"@type":"EntryPoint","urlTemplate":"https:\/\/dev.hempking.eu\/pl\/?s={search_term_string}"},"query-input":{"@type":"PropertyValueSpecification","valueRequired":true,"valueName":"search_term_string"}}],"inLanguage":"pl-PL"},{"@type":"Organization","@id":"https:\/\/dev.hempking.eu\/pl\/#organization","name":"Hemp King","url":"https:\/\/dev.hempking.eu\/pl\/","logo":{"@type":"ImageObject","inLanguage":"pl-PL","@id":"https:\/\/dev.hempking.eu\/pl\/#\/schema\/logo\/image\/","url":"https:\/\/dev.hempking.eu\/pl\/wp-content\/uploads\/sites\/2\/2020\/05\/hempking.png","contentUrl":"https:\/\/dev.hempking.eu\/pl\/wp-content\/uploads\/sites\/2\/2020\/05\/hempking.png","width":148,"height":91,"caption":"Hemp King"},"image":{"@id":"https:\/\/dev.hempking.eu\/pl\/#\/schema\/logo\/image\/"},"sameAs":["https:\/\/www.facebook.com\/hempkingpoland","https:\/\/x.com\/hempkingeu","https:\/\/www.instagram.com\/hempkingeu\/","https:\/\/www.linkedin.com\/company\/hempking-eu\/mycompany\/","https:\/\/pl.pinterest.com\/hempkingeu\/","https:\/\/www.youtube.com\/channel\/UCUkeZA1fj4hSZfoYm0WpZ7w"]}]},"product_price_amount":"37.50","product_price_currency":"PLN","og_availability":"instock","product_availability":"instock","product_condition":"new"},"_links":{"self":[{"href":"https:\/\/dev.hempking.eu\/pl\/wp-json\/wp\/v2\/product\/598","targetHints":{"allow":["GET"]}}],"collection":[{"href":"https:\/\/dev.hempking.eu\/pl\/wp-json\/wp\/v2\/product"}],"about":[{"href":"https:\/\/dev.hempking.eu\/pl\/wp-json\/wp\/v2\/types\/product"}],"wp:featuredmedia":[{"embeddable":true,"href":"https:\/\/dev.hempking.eu\/pl\/wp-json\/wp\/v2\/media\/87461"}],"wp:attachment":[{"href":"https:\/\/dev.hempking.eu\/pl\/wp-json\/wp\/v2\/media?parent=598"}],"wp:term":[{"taxonomy":"product_cat","embeddable":true,"href":"https:\/\/dev.hempking.eu\/pl\/wp-json\/wp\/v2\/product_cat?post=598"},{"taxonomy":"product_tag","embeddable":true,"href":"https:\/\/dev.hempking.eu\/pl\/wp-json\/wp\/v2\/product_tag?post=598"}],"curies":[{"name":"wp","href":"https:\/\/api.w.org\/{rel}","templated":true}]}}