{"id":606,"date":"2020-07-10T13:36:14","date_gmt":"2020-07-10T11:36:14","guid":{"rendered":"https:\/\/hempking.eu\/pl\/?post_type=product&#038;p=606"},"modified":"2023-04-24T07:44:17","modified_gmt":"2023-04-24T05:44:17","slug":"bio-bialko-konopne-250g","status":"publish","type":"product","link":"https:\/\/dev.hempking.eu\/pl\/bio-bialko-konopne-250g\/","title":{"rendered":"BIO bia\u0142ko konopne \u2013 250 g"},"content":{"rendered":"<h2 style=\"text-align: justify;\">Organiczne BIO bia\u0142ko konopne &#8211; produkt dla lepszej diety<\/h2>\n<p style=\"text-align: justify;\">BIO bia\u0142ko konopne to 100% organicznego bia\u0142ka konopnego, wytwarzanego w niskich temperaturach. <strong>Najwy\u017csza BIO jako\u015b\u0107!<\/strong><\/p>\n<p style=\"text-align: justify;\">Zawiera nienasycone kwasy t\u0142uszczowe, proteiny i aminokwasy, a tak\u017ce witaminy. To zdrowe uzupe\u0142nienie Twojej diety w naturalny i organiczny spos\u00f3b.<\/p>\n<p style=\"text-align: justify;\"><strong>Bia\u0142ko z ziaren konopi mog\u0105 stosowa\u0107 weganie i wegetarianie!<\/strong><\/p>\n<p style=\"text-align: justify;\"><strong>BIO bia\u0142ko z konopi to:<\/strong><\/p>\n<ul style=\"text-align: justify;\">\n<li>pewno\u015b\u0107 pochodzenia sk\u0142adnik\u00f3w z organicznych upraw,<\/li>\n<li>dostarczenie organizmowi nienasyconych kwas\u00f3w t\u0142uszczowych<\/li>\n<li>wprowadzenie do diety aminokwas\u00f3w egzogennych,<\/li>\n<li>zero glutenu,<\/li>\n<li>za to dodatek b\u0142onnika.<\/li>\n<\/ul>\n<p style=\"text-align: justify;\">Nasze naturalne bia\u0142ko konopne zachowuje swoje warto\u015bci od\u017cywcze, dzi\u0119ki <strong>produkcji na zimno<\/strong>.<\/p>\n<p style=\"text-align: justify;\"><strong>Nasze BIO bia\u0142ko konopne jest odznaczone certyfikatem EU Organic, kt\u00f3ry \u015bwiadczy o organiczno\u015bci produktu konopnego.<\/strong><\/p>\n<h2 style=\"text-align: justify;\">Naturalne bia\u0142ko konopne &#8211; czy jest dla Ciebie?<\/h2>\n<p style=\"text-align: justify;\"><strong>BIO bia\u0142ko z nasion konopi powsta\u0142o jako odpowied\u017a dla os\u00f3b, kt\u00f3re:<\/strong><\/p>\n<ul style=\"text-align: justify;\">\n<li>prowadz\u0105 aktywny tryb \u017cycia i potrzebuj\u0105 wi\u0119cej bia\u0142ka w diecie,<\/li>\n<li>pr\u00f3buj\u0105 zwi\u0119kszy\u0107 mas\u0119 mi\u0119\u015bniow\u0105,<\/li>\n<li>s\u0105 wegetarianami lub weganami i szukaj\u0105 dobrego \u017ar\u00f3d\u0142a bia\u0142ka ro\u015blinnego,<\/li>\n<li>ceni\u0105 sobie produkty 100% naturalne i organiczne,<\/li>\n<li>chc\u0105 wprowadzi\u0107 do swojej diety zdrowe produkty.<\/li>\n<\/ul>\n","protected":false},"excerpt":{"rendered":"<h2><strong>BIO bia\u0142ko konopne to:<\/strong><\/h2>\n<ul>\n<li>certyfikat EU Organic<\/li>\n<li>pewno\u015b\u0107 pochodzenia konopi<\/li>\n<li>zawarto\u015b\u0107 b\u0142onnika i aminokwas\u00f3w<\/li>\n<li>pe\u0142nowarto\u015bciowe bia\u0142ko dla lepszej diety<\/li>\n<li>uzupe\u0142nienie diety wega\u0144skiej i wegetaria\u0144skiej<\/li>\n<li>100% naturalny produkt<\/li>\n<\/ul>\n<p><strong>Waga: 250g<\/strong><\/p>\n","protected":false},"featured_media":87465,"template":"","meta":{"_acf_changed":false},"product_cat":[23,27,117,36],"product_tag":[],"class_list":{"0":"post-606","1":"product","2":"type-product","3":"status-publish","4":"has-post-thumbnail","6":"product_cat-zywnosc-konopna","7":"product_cat-bialko-konopne","8":"product_cat-bialko-roslinne","9":"product_cat-bestsellery","11":"first","12":"instock","13":"shipping-taxable","14":"purchasable","15":"product-type-simple"},"acf":[],"yoast_head":"<!-- This site is optimized with the Yoast SEO Premium plugin v23.4 (Yoast SEO v24.0) - https:\/\/yoast.com\/wordpress\/plugins\/seo\/ -->\n<title>Bio bia\u0142ko konopne | Naturalne bia\u0142ko konopne 250g - HempKing<\/title>\n<meta name=\"description\" content=\"Bio bia\u0142ko konopne - 100 % organicznego, naturalnego bia\u0142ka z konopi. Bogactwo b\u0142onnika. Idealny dla wegan i wegetarian. Sprawd\u017a teraz!\" \/>\n<link rel=\"canonical\" href=\"https:\/\/dev.hempking.eu\/pl\/bio-bialko-konopne-250g\/\" \/>\n<meta property=\"og:locale\" content=\"pl_PL\" \/>\n<meta property=\"og:type\" content=\"article\" \/>\n<meta property=\"og:title\" content=\"BIO bia\u0142ko konopne \u2013 250 g\" \/>\n<meta property=\"og:description\" content=\"Bio bia\u0142ko konopne - 100 % organicznego, naturalnego bia\u0142ka z konopi. Bogactwo b\u0142onnika. Idealny dla wegan i wegetarian. Sprawd\u017a teraz!\" \/>\n<meta property=\"og:url\" content=\"https:\/\/dev.hempking.eu\/pl\/bio-bialko-konopne-250g\/\" \/>\n<meta property=\"og:site_name\" content=\"Hemp King\" \/>\n<meta property=\"article:publisher\" content=\"https:\/\/www.facebook.com\/hempkingpoland\" \/>\n<meta property=\"article:modified_time\" content=\"2023-04-24T05:44:17+00:00\" \/>\n<meta property=\"og:image\" content=\"https:\/\/dev.hempking.eu\/pl\/wp-content\/uploads\/sites\/2\/2022\/01\/bialko_konopne.jpg\" \/>\n\t<meta property=\"og:image:width\" content=\"1000\" \/>\n\t<meta property=\"og:image:height\" content=\"1000\" \/>\n\t<meta property=\"og:image:type\" content=\"image\/jpeg\" \/>\n<meta name=\"twitter:card\" content=\"summary_large_image\" \/>\n<meta name=\"twitter:site\" content=\"@hempkingeu\" \/>\n<meta name=\"twitter:label1\" content=\"Price\" \/>\n\t<meta name=\"twitter:data1\" content=\"35.90&nbsp;&#122;&#322;\" \/>\n\t<meta name=\"twitter:label2\" content=\"Availability\" \/>\n\t<meta name=\"twitter:data2\" content=\"In stock\" \/>\n<script type=\"application\/ld+json\" class=\"yoast-schema-graph\">{\"@context\":\"https:\/\/schema.org\",\"@graph\":[{\"@type\":\"WebPage\",\"@id\":\"https:\/\/dev.hempking.eu\/pl\/bio-bialko-konopne-250g\/\",\"url\":\"https:\/\/dev.hempking.eu\/pl\/bio-bialko-konopne-250g\/\",\"name\":\"Bio bia\u0142ko konopne | Naturalne bia\u0142ko konopne 250g - HempKing\",\"isPartOf\":{\"@id\":\"https:\/\/dev.hempking.eu\/pl\/#website\"},\"primaryImageOfPage\":{\"@id\":\"https:\/\/dev.hempking.eu\/pl\/bio-bialko-konopne-250g\/#primaryimage\"},\"image\":{\"@id\":\"https:\/\/dev.hempking.eu\/pl\/bio-bialko-konopne-250g\/#primaryimage\"},\"thumbnailUrl\":\"https:\/\/dev.hempking.eu\/pl\/wp-content\/uploads\/sites\/2\/2022\/01\/bialko_konopne.jpg\",\"datePublished\":\"2020-07-10T11:36:14+00:00\",\"dateModified\":\"2023-04-24T05:44:17+00:00\",\"description\":\"Bio bia\u0142ko konopne - 100 % organicznego, naturalnego bia\u0142ka z konopi. Bogactwo b\u0142onnika. Idealny dla wegan i wegetarian. Sprawd\u017a teraz!\",\"breadcrumb\":{\"@id\":\"https:\/\/dev.hempking.eu\/pl\/bio-bialko-konopne-250g\/#breadcrumb\"},\"inLanguage\":\"pl-PL\",\"potentialAction\":[{\"@type\":\"ReadAction\",\"target\":[\"https:\/\/dev.hempking.eu\/pl\/bio-bialko-konopne-250g\/\"]}]},{\"@type\":\"ImageObject\",\"inLanguage\":\"pl-PL\",\"@id\":\"https:\/\/dev.hempking.eu\/pl\/bio-bialko-konopne-250g\/#primaryimage\",\"url\":\"https:\/\/dev.hempking.eu\/pl\/wp-content\/uploads\/sites\/2\/2022\/01\/bialko_konopne.jpg\",\"contentUrl\":\"https:\/\/dev.hempking.eu\/pl\/wp-content\/uploads\/sites\/2\/2022\/01\/bialko_konopne.jpg\",\"width\":1000,\"height\":1000,\"caption\":\"Bia\u0142ko konopne Organic 250 g HempKing\"},{\"@type\":\"BreadcrumbList\",\"@id\":\"https:\/\/dev.hempking.eu\/pl\/bio-bialko-konopne-250g\/#breadcrumb\",\"itemListElement\":[{\"@type\":\"ListItem\",\"position\":1,\"name\":\"Home\",\"item\":\"https:\/\/dev.hempking.eu\/pl\/\"},{\"@type\":\"ListItem\",\"position\":2,\"name\":\"Sklep\",\"item\":\"https:\/\/dev.hempking.eu\/pl\/shop\/\"},{\"@type\":\"ListItem\",\"position\":3,\"name\":\"\u017bywno\u015b\u0107 konopna\",\"item\":\"https:\/\/dev.hempking.eu\/pl\/zywnosc-konopna\/\"},{\"@type\":\"ListItem\",\"position\":4,\"name\":\"Bia\u0142ko konopne\",\"item\":\"https:\/\/dev.hempking.eu\/pl\/bialko-konopne\/\"},{\"@type\":\"ListItem\",\"position\":5,\"name\":\"BIO bia\u0142ko konopne \u2013 250 g\"}]},{\"@type\":\"WebSite\",\"@id\":\"https:\/\/dev.hempking.eu\/pl\/#website\",\"url\":\"https:\/\/dev.hempking.eu\/pl\/\",\"name\":\"Hemp King\",\"description\":\"\",\"publisher\":{\"@id\":\"https:\/\/dev.hempking.eu\/pl\/#organization\"},\"potentialAction\":[{\"@type\":\"SearchAction\",\"target\":{\"@type\":\"EntryPoint\",\"urlTemplate\":\"https:\/\/dev.hempking.eu\/pl\/?s={search_term_string}\"},\"query-input\":{\"@type\":\"PropertyValueSpecification\",\"valueRequired\":true,\"valueName\":\"search_term_string\"}}],\"inLanguage\":\"pl-PL\"},{\"@type\":\"Organization\",\"@id\":\"https:\/\/dev.hempking.eu\/pl\/#organization\",\"name\":\"Hemp King\",\"url\":\"https:\/\/dev.hempking.eu\/pl\/\",\"logo\":{\"@type\":\"ImageObject\",\"inLanguage\":\"pl-PL\",\"@id\":\"https:\/\/dev.hempking.eu\/pl\/#\/schema\/logo\/image\/\",\"url\":\"https:\/\/dev.hempking.eu\/pl\/wp-content\/uploads\/sites\/2\/2020\/05\/hempking.png\",\"contentUrl\":\"https:\/\/dev.hempking.eu\/pl\/wp-content\/uploads\/sites\/2\/2020\/05\/hempking.png\",\"width\":148,\"height\":91,\"caption\":\"Hemp King\"},\"image\":{\"@id\":\"https:\/\/dev.hempking.eu\/pl\/#\/schema\/logo\/image\/\"},\"sameAs\":[\"https:\/\/www.facebook.com\/hempkingpoland\",\"https:\/\/x.com\/hempkingeu\",\"https:\/\/www.instagram.com\/hempkingeu\/\",\"https:\/\/www.linkedin.com\/company\/hempking-eu\/mycompany\/\",\"https:\/\/pl.pinterest.com\/hempkingeu\/\",\"https:\/\/www.youtube.com\/channel\/UCUkeZA1fj4hSZfoYm0WpZ7w\"]}]}<\/script>\n<meta property=\"product:price:amount\" content=\"35.90\" \/>\n<meta property=\"product:price:currency\" content=\"PLN\" \/>\n<meta property=\"og:availability\" content=\"instock\" \/>\n<meta property=\"product:availability\" content=\"instock\" \/>\n<meta property=\"product:condition\" content=\"new\" \/>\n<!-- \/ Yoast SEO Premium plugin. -->","yoast_head_json":{"title":"Bio bia\u0142ko konopne | Naturalne bia\u0142ko konopne 250g - HempKing","description":"Bio bia\u0142ko konopne - 100 % organicznego, naturalnego bia\u0142ka z konopi. Bogactwo b\u0142onnika. Idealny dla wegan i wegetarian. Sprawd\u017a teraz!","canonical":"https:\/\/dev.hempking.eu\/pl\/bio-bialko-konopne-250g\/","og_locale":"pl_PL","og_type":"article","og_title":"BIO bia\u0142ko konopne \u2013 250 g","og_description":"Bio bia\u0142ko konopne - 100 % organicznego, naturalnego bia\u0142ka z konopi. Bogactwo b\u0142onnika. Idealny dla wegan i wegetarian. Sprawd\u017a teraz!","og_url":"https:\/\/dev.hempking.eu\/pl\/bio-bialko-konopne-250g\/","og_site_name":"Hemp King","article_publisher":"https:\/\/www.facebook.com\/hempkingpoland","article_modified_time":"2023-04-24T05:44:17+00:00","og_image":[{"width":1000,"height":1000,"url":"https:\/\/dev.hempking.eu\/pl\/wp-content\/uploads\/sites\/2\/2022\/01\/bialko_konopne.jpg","type":"image\/jpeg"}],"twitter_card":"summary_large_image","twitter_site":"@hempkingeu","twitter_misc":{"Price":"35.90&nbsp;&#122;&#322;","Availability":"In stock"},"schema":{"@context":"https:\/\/schema.org","@graph":[{"@type":"WebPage","@id":"https:\/\/dev.hempking.eu\/pl\/bio-bialko-konopne-250g\/","url":"https:\/\/dev.hempking.eu\/pl\/bio-bialko-konopne-250g\/","name":"Bio bia\u0142ko konopne | Naturalne bia\u0142ko konopne 250g - HempKing","isPartOf":{"@id":"https:\/\/dev.hempking.eu\/pl\/#website"},"primaryImageOfPage":{"@id":"https:\/\/dev.hempking.eu\/pl\/bio-bialko-konopne-250g\/#primaryimage"},"image":{"@id":"https:\/\/dev.hempking.eu\/pl\/bio-bialko-konopne-250g\/#primaryimage"},"thumbnailUrl":"https:\/\/dev.hempking.eu\/pl\/wp-content\/uploads\/sites\/2\/2022\/01\/bialko_konopne.jpg","datePublished":"2020-07-10T11:36:14+00:00","dateModified":"2023-04-24T05:44:17+00:00","description":"Bio bia\u0142ko konopne - 100 % organicznego, naturalnego bia\u0142ka z konopi. Bogactwo b\u0142onnika. Idealny dla wegan i wegetarian. Sprawd\u017a teraz!","breadcrumb":{"@id":"https:\/\/dev.hempking.eu\/pl\/bio-bialko-konopne-250g\/#breadcrumb"},"inLanguage":"pl-PL","potentialAction":[{"@type":"ReadAction","target":["https:\/\/dev.hempking.eu\/pl\/bio-bialko-konopne-250g\/"]}]},{"@type":"ImageObject","inLanguage":"pl-PL","@id":"https:\/\/dev.hempking.eu\/pl\/bio-bialko-konopne-250g\/#primaryimage","url":"https:\/\/dev.hempking.eu\/pl\/wp-content\/uploads\/sites\/2\/2022\/01\/bialko_konopne.jpg","contentUrl":"https:\/\/dev.hempking.eu\/pl\/wp-content\/uploads\/sites\/2\/2022\/01\/bialko_konopne.jpg","width":1000,"height":1000,"caption":"Bia\u0142ko konopne Organic 250 g HempKing"},{"@type":"BreadcrumbList","@id":"https:\/\/dev.hempking.eu\/pl\/bio-bialko-konopne-250g\/#breadcrumb","itemListElement":[{"@type":"ListItem","position":1,"name":"Home","item":"https:\/\/dev.hempking.eu\/pl\/"},{"@type":"ListItem","position":2,"name":"Sklep","item":"https:\/\/dev.hempking.eu\/pl\/shop\/"},{"@type":"ListItem","position":3,"name":"\u017bywno\u015b\u0107 konopna","item":"https:\/\/dev.hempking.eu\/pl\/zywnosc-konopna\/"},{"@type":"ListItem","position":4,"name":"Bia\u0142ko konopne","item":"https:\/\/dev.hempking.eu\/pl\/bialko-konopne\/"},{"@type":"ListItem","position":5,"name":"BIO bia\u0142ko konopne \u2013 250 g"}]},{"@type":"WebSite","@id":"https:\/\/dev.hempking.eu\/pl\/#website","url":"https:\/\/dev.hempking.eu\/pl\/","name":"Hemp King","description":"","publisher":{"@id":"https:\/\/dev.hempking.eu\/pl\/#organization"},"potentialAction":[{"@type":"SearchAction","target":{"@type":"EntryPoint","urlTemplate":"https:\/\/dev.hempking.eu\/pl\/?s={search_term_string}"},"query-input":{"@type":"PropertyValueSpecification","valueRequired":true,"valueName":"search_term_string"}}],"inLanguage":"pl-PL"},{"@type":"Organization","@id":"https:\/\/dev.hempking.eu\/pl\/#organization","name":"Hemp King","url":"https:\/\/dev.hempking.eu\/pl\/","logo":{"@type":"ImageObject","inLanguage":"pl-PL","@id":"https:\/\/dev.hempking.eu\/pl\/#\/schema\/logo\/image\/","url":"https:\/\/dev.hempking.eu\/pl\/wp-content\/uploads\/sites\/2\/2020\/05\/hempking.png","contentUrl":"https:\/\/dev.hempking.eu\/pl\/wp-content\/uploads\/sites\/2\/2020\/05\/hempking.png","width":148,"height":91,"caption":"Hemp King"},"image":{"@id":"https:\/\/dev.hempking.eu\/pl\/#\/schema\/logo\/image\/"},"sameAs":["https:\/\/www.facebook.com\/hempkingpoland","https:\/\/x.com\/hempkingeu","https:\/\/www.instagram.com\/hempkingeu\/","https:\/\/www.linkedin.com\/company\/hempking-eu\/mycompany\/","https:\/\/pl.pinterest.com\/hempkingeu\/","https:\/\/www.youtube.com\/channel\/UCUkeZA1fj4hSZfoYm0WpZ7w"]}]},"product_price_amount":"35.90","product_price_currency":"PLN","og_availability":"instock","product_availability":"instock","product_condition":"new"},"_links":{"self":[{"href":"https:\/\/dev.hempking.eu\/pl\/wp-json\/wp\/v2\/product\/606","targetHints":{"allow":["GET"]}}],"collection":[{"href":"https:\/\/dev.hempking.eu\/pl\/wp-json\/wp\/v2\/product"}],"about":[{"href":"https:\/\/dev.hempking.eu\/pl\/wp-json\/wp\/v2\/types\/product"}],"wp:featuredmedia":[{"embeddable":true,"href":"https:\/\/dev.hempking.eu\/pl\/wp-json\/wp\/v2\/media\/87465"}],"wp:attachment":[{"href":"https:\/\/dev.hempking.eu\/pl\/wp-json\/wp\/v2\/media?parent=606"}],"wp:term":[{"taxonomy":"product_cat","embeddable":true,"href":"https:\/\/dev.hempking.eu\/pl\/wp-json\/wp\/v2\/product_cat?post=606"},{"taxonomy":"product_tag","embeddable":true,"href":"https:\/\/dev.hempking.eu\/pl\/wp-json\/wp\/v2\/product_tag?post=606"}],"curies":[{"name":"wp","href":"https:\/\/api.w.org\/{rel}","templated":true}]}}