{"id":615,"date":"2020-07-10T14:13:54","date_gmt":"2020-07-10T12:13:54","guid":{"rendered":"https:\/\/hempking.eu\/pl\/?post_type=product&#038;p=615"},"modified":"2023-05-23T23:37:21","modified_gmt":"2023-05-23T21:37:21","slug":"herbatka-konopna-na-metabolizm-40g","status":"publish","type":"product","link":"https:\/\/dev.hempking.eu\/pl\/herbatka-konopna-na-metabolizm-40g\/","title":{"rendered":"Herbatka konopna na metabolizm* \u2013 40g"},"content":{"rendered":"<h2 style=\"text-align: justify\">Herbatka konopna na metabolizm &#8211; wsparcie prawid\u0142owej wagi<\/h2>\n<p style=\"text-align: justify\">Herbatka konopna na metabolizm zawiera to, co najlepsze w suszu konopnym &#8211; kannabinoidy, terpeny i fenole, wszystkie o wielu w\u0142a\u015bciwo\u015bciach. Dodatkowo zosta\u0142a wzbogacona o moring\u0119 i imbir, kt\u00f3re korzystnie wp\u0142ywaj\u0105 na Tw\u00f3j metabolizm.<\/p>\n<p style=\"text-align: justify\">Susz ro\u015blin u\u017cytych do produkcji herbaty z konopi jest zbierany i sortowany r\u0119cznie. To pozwala nam zapewni\u0107 jak najwy\u017csz\u0105 jako\u015b\u0107 produktu. Herbatka to smakowite uzupe\u0142nienie codziennej diety.<\/p>\n<p style=\"text-align: justify\">Nie zawiera chemii, sztucznych dodatk\u00f3w, pestycyd\u00f3w i herbicyd\u00f3w.<\/p>\n<p style=\"text-align: justify\">Opakowanie 40g to mieszanka 40% suszone kwiaty i li\u015bcie konopi siewnych, 20% imbir, 20% cynamon, 20% moringa.<\/p>\n<p style=\"text-align: justify\">Herbatka konopna to idealny napar do picia w ci\u0105gu dnia, mi\u0119dzy posi\u0142kami. Je\u015bli cenisz sobie dbanie o swoj\u0105 lini\u0119 i nie jest ci oboj\u0119tne co wprowadzasz do organizmu, dodaj kubek herbaty konopnej do swojej codzienno\u015bci.<\/p>\n<h2 style=\"text-align: justify\">Herbata konopna na metabolizm &#8211; najwy\u017csza jako\u015b\u0107 dla Ciebie<\/h2>\n<p style=\"text-align: justify\">Wszystkie nasze produkty s\u0105 wolne od chemii i sztucznych sk\u0142adnik\u00f3w, dla zachowania bezpiecze\u0144stwa i zapewnienia najwy\u017cszej jako\u015bci.<br \/>\nWsp\u00f3\u0142pracujemy z niezale\u017cnymi laboratoriami, kt\u00f3re stale badaj\u0105 nasze produktu. \u015awiadcz\u0105 o tym badania opublikowane na naszej stronie.<\/p>\n","protected":false},"excerpt":{"rendered":"<h2><strong>Herbatka konopna na metabolizm to:<\/strong><\/h2>\n<ul>\n<li>r\u0119cznie zbierany i sortowany susz,<\/li>\n<li>konopie, imbir, cynamon, moringa<\/li>\n<li>moc kannabinoid\u00f3w, terpen\u00f3w i flawonoid\u00f3w<\/li>\n<li>100% naturalny produkt, bez dodatk\u00f3w chemii,<\/li>\n<li>suszony naturalnymi sposobami,<\/li>\n<li>przebadana przez niezale\u017cne laboratorium<\/li>\n<\/ul>\n<p><strong>Waga: 40 g<\/strong><\/p>\n","protected":false},"featured_media":87473,"template":"","meta":{"_acf_changed":false},"product_cat":[23,26,36],"product_tag":[],"class_list":{"0":"post-615","1":"product","2":"type-product","3":"status-publish","4":"has-post-thumbnail","6":"product_cat-zywnosc-konopna","7":"product_cat-herbatki-konopne","8":"product_cat-bestsellery","10":"first","11":"instock","12":"shipping-taxable","13":"purchasable","14":"product-type-simple"},"acf":[],"yoast_head":"<!-- This site is optimized with the Yoast SEO Premium plugin v23.4 (Yoast SEO v24.0) - https:\/\/yoast.com\/wordpress\/plugins\/seo\/ -->\n<title>Herbatka konopna na metabolizm 40 g HempKing<\/title>\n<meta name=\"description\" content=\"Herbatka konopna na metabolizm HempKing. Pomaga utrzyma\u0107 prawid\u0142ow\u0105 wag\u0119, wp\u0142ywa na metabolizm glukozy. Wpiera procesy trawienne.\" \/>\n<link rel=\"canonical\" href=\"https:\/\/dev.hempking.eu\/pl\/herbatka-konopna-na-metabolizm-40g\/\" \/>\n<meta property=\"og:locale\" content=\"pl_PL\" \/>\n<meta property=\"og:type\" content=\"article\" \/>\n<meta property=\"og:title\" content=\"Herbatka konopna na metabolizm* \u2013 40g\" \/>\n<meta property=\"og:description\" content=\"Herbatka konopna na metabolizm HempKing. Pomaga utrzyma\u0107 prawid\u0142ow\u0105 wag\u0119, wp\u0142ywa na metabolizm glukozy. Wpiera procesy trawienne.\" \/>\n<meta property=\"og:url\" content=\"https:\/\/dev.hempking.eu\/pl\/herbatka-konopna-na-metabolizm-40g\/\" \/>\n<meta property=\"og:site_name\" content=\"Hemp King\" \/>\n<meta property=\"article:publisher\" content=\"https:\/\/www.facebook.com\/hempkingpoland\" \/>\n<meta property=\"article:modified_time\" content=\"2023-05-23T21:37:21+00:00\" \/>\n<meta property=\"og:image\" content=\"https:\/\/dev.hempking.eu\/pl\/wp-content\/uploads\/sites\/2\/2022\/01\/herbatka_metabolizm.jpg\" \/>\n\t<meta property=\"og:image:width\" content=\"1000\" \/>\n\t<meta property=\"og:image:height\" content=\"1000\" \/>\n\t<meta property=\"og:image:type\" content=\"image\/jpeg\" \/>\n<meta name=\"twitter:card\" content=\"summary_large_image\" \/>\n<meta name=\"twitter:site\" content=\"@hempkingeu\" \/>\n<meta name=\"twitter:label1\" content=\"Price\" \/>\n\t<meta name=\"twitter:data1\" content=\"36.90&nbsp;&#122;&#322;\" \/>\n\t<meta name=\"twitter:label2\" content=\"Availability\" \/>\n\t<meta name=\"twitter:data2\" content=\"In stock\" \/>\n<script type=\"application\/ld+json\" class=\"yoast-schema-graph\">{\"@context\":\"https:\/\/schema.org\",\"@graph\":[{\"@type\":\"WebPage\",\"@id\":\"https:\/\/dev.hempking.eu\/pl\/herbatka-konopna-na-metabolizm-40g\/\",\"url\":\"https:\/\/dev.hempking.eu\/pl\/herbatka-konopna-na-metabolizm-40g\/\",\"name\":\"Herbatka konopna na metabolizm 40 g HempKing\",\"isPartOf\":{\"@id\":\"https:\/\/dev.hempking.eu\/pl\/#website\"},\"primaryImageOfPage\":{\"@id\":\"https:\/\/dev.hempking.eu\/pl\/herbatka-konopna-na-metabolizm-40g\/#primaryimage\"},\"image\":{\"@id\":\"https:\/\/dev.hempking.eu\/pl\/herbatka-konopna-na-metabolizm-40g\/#primaryimage\"},\"thumbnailUrl\":\"https:\/\/dev.hempking.eu\/pl\/wp-content\/uploads\/sites\/2\/2022\/01\/herbatka_metabolizm.jpg\",\"datePublished\":\"2020-07-10T12:13:54+00:00\",\"dateModified\":\"2023-05-23T21:37:21+00:00\",\"description\":\"Herbatka konopna na metabolizm HempKing. Pomaga utrzyma\u0107 prawid\u0142ow\u0105 wag\u0119, wp\u0142ywa na metabolizm glukozy. Wpiera procesy trawienne.\",\"breadcrumb\":{\"@id\":\"https:\/\/dev.hempking.eu\/pl\/herbatka-konopna-na-metabolizm-40g\/#breadcrumb\"},\"inLanguage\":\"pl-PL\",\"potentialAction\":[{\"@type\":\"ReadAction\",\"target\":[\"https:\/\/dev.hempking.eu\/pl\/herbatka-konopna-na-metabolizm-40g\/\"]}]},{\"@type\":\"ImageObject\",\"inLanguage\":\"pl-PL\",\"@id\":\"https:\/\/dev.hempking.eu\/pl\/herbatka-konopna-na-metabolizm-40g\/#primaryimage\",\"url\":\"https:\/\/dev.hempking.eu\/pl\/wp-content\/uploads\/sites\/2\/2022\/01\/herbatka_metabolizm.jpg\",\"contentUrl\":\"https:\/\/dev.hempking.eu\/pl\/wp-content\/uploads\/sites\/2\/2022\/01\/herbatka_metabolizm.jpg\",\"width\":1000,\"height\":1000,\"caption\":\"Herbata konopna na metabolizm 40 g HempKing\"},{\"@type\":\"BreadcrumbList\",\"@id\":\"https:\/\/dev.hempking.eu\/pl\/herbatka-konopna-na-metabolizm-40g\/#breadcrumb\",\"itemListElement\":[{\"@type\":\"ListItem\",\"position\":1,\"name\":\"Home\",\"item\":\"https:\/\/dev.hempking.eu\/pl\/\"},{\"@type\":\"ListItem\",\"position\":2,\"name\":\"Sklep\",\"item\":\"https:\/\/dev.hempking.eu\/pl\/shop\/\"},{\"@type\":\"ListItem\",\"position\":3,\"name\":\"\u017bywno\u015b\u0107 konopna\",\"item\":\"https:\/\/dev.hempking.eu\/pl\/zywnosc-konopna\/\"},{\"@type\":\"ListItem\",\"position\":4,\"name\":\"Herbatki konopne\",\"item\":\"https:\/\/dev.hempking.eu\/pl\/herbatki-konopne\/\"},{\"@type\":\"ListItem\",\"position\":5,\"name\":\"Herbatka konopna na metabolizm* \u2013 40g\"}]},{\"@type\":\"WebSite\",\"@id\":\"https:\/\/dev.hempking.eu\/pl\/#website\",\"url\":\"https:\/\/dev.hempking.eu\/pl\/\",\"name\":\"Hemp King\",\"description\":\"\",\"publisher\":{\"@id\":\"https:\/\/dev.hempking.eu\/pl\/#organization\"},\"potentialAction\":[{\"@type\":\"SearchAction\",\"target\":{\"@type\":\"EntryPoint\",\"urlTemplate\":\"https:\/\/dev.hempking.eu\/pl\/?s={search_term_string}\"},\"query-input\":{\"@type\":\"PropertyValueSpecification\",\"valueRequired\":true,\"valueName\":\"search_term_string\"}}],\"inLanguage\":\"pl-PL\"},{\"@type\":\"Organization\",\"@id\":\"https:\/\/dev.hempking.eu\/pl\/#organization\",\"name\":\"Hemp King\",\"url\":\"https:\/\/dev.hempking.eu\/pl\/\",\"logo\":{\"@type\":\"ImageObject\",\"inLanguage\":\"pl-PL\",\"@id\":\"https:\/\/dev.hempking.eu\/pl\/#\/schema\/logo\/image\/\",\"url\":\"https:\/\/dev.hempking.eu\/pl\/wp-content\/uploads\/sites\/2\/2020\/05\/hempking.png\",\"contentUrl\":\"https:\/\/dev.hempking.eu\/pl\/wp-content\/uploads\/sites\/2\/2020\/05\/hempking.png\",\"width\":148,\"height\":91,\"caption\":\"Hemp King\"},\"image\":{\"@id\":\"https:\/\/dev.hempking.eu\/pl\/#\/schema\/logo\/image\/\"},\"sameAs\":[\"https:\/\/www.facebook.com\/hempkingpoland\",\"https:\/\/x.com\/hempkingeu\",\"https:\/\/www.instagram.com\/hempkingeu\/\",\"https:\/\/www.linkedin.com\/company\/hempking-eu\/mycompany\/\",\"https:\/\/pl.pinterest.com\/hempkingeu\/\",\"https:\/\/www.youtube.com\/channel\/UCUkeZA1fj4hSZfoYm0WpZ7w\"]}]}<\/script>\n<meta property=\"product:price:amount\" content=\"36.90\" \/>\n<meta property=\"product:price:currency\" content=\"PLN\" \/>\n<meta property=\"og:availability\" content=\"instock\" \/>\n<meta property=\"product:availability\" content=\"instock\" \/>\n<meta property=\"product:condition\" content=\"new\" \/>\n<!-- \/ Yoast SEO Premium plugin. -->","yoast_head_json":{"title":"Herbatka konopna na metabolizm 40 g HempKing","description":"Herbatka konopna na metabolizm HempKing. Pomaga utrzyma\u0107 prawid\u0142ow\u0105 wag\u0119, wp\u0142ywa na metabolizm glukozy. Wpiera procesy trawienne.","canonical":"https:\/\/dev.hempking.eu\/pl\/herbatka-konopna-na-metabolizm-40g\/","og_locale":"pl_PL","og_type":"article","og_title":"Herbatka konopna na metabolizm* \u2013 40g","og_description":"Herbatka konopna na metabolizm HempKing. Pomaga utrzyma\u0107 prawid\u0142ow\u0105 wag\u0119, wp\u0142ywa na metabolizm glukozy. Wpiera procesy trawienne.","og_url":"https:\/\/dev.hempking.eu\/pl\/herbatka-konopna-na-metabolizm-40g\/","og_site_name":"Hemp King","article_publisher":"https:\/\/www.facebook.com\/hempkingpoland","article_modified_time":"2023-05-23T21:37:21+00:00","og_image":[{"width":1000,"height":1000,"url":"https:\/\/dev.hempking.eu\/pl\/wp-content\/uploads\/sites\/2\/2022\/01\/herbatka_metabolizm.jpg","type":"image\/jpeg"}],"twitter_card":"summary_large_image","twitter_site":"@hempkingeu","twitter_misc":{"Price":"36.90&nbsp;&#122;&#322;","Availability":"In stock"},"schema":{"@context":"https:\/\/schema.org","@graph":[{"@type":"WebPage","@id":"https:\/\/dev.hempking.eu\/pl\/herbatka-konopna-na-metabolizm-40g\/","url":"https:\/\/dev.hempking.eu\/pl\/herbatka-konopna-na-metabolizm-40g\/","name":"Herbatka konopna na metabolizm 40 g HempKing","isPartOf":{"@id":"https:\/\/dev.hempking.eu\/pl\/#website"},"primaryImageOfPage":{"@id":"https:\/\/dev.hempking.eu\/pl\/herbatka-konopna-na-metabolizm-40g\/#primaryimage"},"image":{"@id":"https:\/\/dev.hempking.eu\/pl\/herbatka-konopna-na-metabolizm-40g\/#primaryimage"},"thumbnailUrl":"https:\/\/dev.hempking.eu\/pl\/wp-content\/uploads\/sites\/2\/2022\/01\/herbatka_metabolizm.jpg","datePublished":"2020-07-10T12:13:54+00:00","dateModified":"2023-05-23T21:37:21+00:00","description":"Herbatka konopna na metabolizm HempKing. Pomaga utrzyma\u0107 prawid\u0142ow\u0105 wag\u0119, wp\u0142ywa na metabolizm glukozy. Wpiera procesy trawienne.","breadcrumb":{"@id":"https:\/\/dev.hempking.eu\/pl\/herbatka-konopna-na-metabolizm-40g\/#breadcrumb"},"inLanguage":"pl-PL","potentialAction":[{"@type":"ReadAction","target":["https:\/\/dev.hempking.eu\/pl\/herbatka-konopna-na-metabolizm-40g\/"]}]},{"@type":"ImageObject","inLanguage":"pl-PL","@id":"https:\/\/dev.hempking.eu\/pl\/herbatka-konopna-na-metabolizm-40g\/#primaryimage","url":"https:\/\/dev.hempking.eu\/pl\/wp-content\/uploads\/sites\/2\/2022\/01\/herbatka_metabolizm.jpg","contentUrl":"https:\/\/dev.hempking.eu\/pl\/wp-content\/uploads\/sites\/2\/2022\/01\/herbatka_metabolizm.jpg","width":1000,"height":1000,"caption":"Herbata konopna na metabolizm 40 g HempKing"},{"@type":"BreadcrumbList","@id":"https:\/\/dev.hempking.eu\/pl\/herbatka-konopna-na-metabolizm-40g\/#breadcrumb","itemListElement":[{"@type":"ListItem","position":1,"name":"Home","item":"https:\/\/dev.hempking.eu\/pl\/"},{"@type":"ListItem","position":2,"name":"Sklep","item":"https:\/\/dev.hempking.eu\/pl\/shop\/"},{"@type":"ListItem","position":3,"name":"\u017bywno\u015b\u0107 konopna","item":"https:\/\/dev.hempking.eu\/pl\/zywnosc-konopna\/"},{"@type":"ListItem","position":4,"name":"Herbatki konopne","item":"https:\/\/dev.hempking.eu\/pl\/herbatki-konopne\/"},{"@type":"ListItem","position":5,"name":"Herbatka konopna na metabolizm* \u2013 40g"}]},{"@type":"WebSite","@id":"https:\/\/dev.hempking.eu\/pl\/#website","url":"https:\/\/dev.hempking.eu\/pl\/","name":"Hemp King","description":"","publisher":{"@id":"https:\/\/dev.hempking.eu\/pl\/#organization"},"potentialAction":[{"@type":"SearchAction","target":{"@type":"EntryPoint","urlTemplate":"https:\/\/dev.hempking.eu\/pl\/?s={search_term_string}"},"query-input":{"@type":"PropertyValueSpecification","valueRequired":true,"valueName":"search_term_string"}}],"inLanguage":"pl-PL"},{"@type":"Organization","@id":"https:\/\/dev.hempking.eu\/pl\/#organization","name":"Hemp King","url":"https:\/\/dev.hempking.eu\/pl\/","logo":{"@type":"ImageObject","inLanguage":"pl-PL","@id":"https:\/\/dev.hempking.eu\/pl\/#\/schema\/logo\/image\/","url":"https:\/\/dev.hempking.eu\/pl\/wp-content\/uploads\/sites\/2\/2020\/05\/hempking.png","contentUrl":"https:\/\/dev.hempking.eu\/pl\/wp-content\/uploads\/sites\/2\/2020\/05\/hempking.png","width":148,"height":91,"caption":"Hemp King"},"image":{"@id":"https:\/\/dev.hempking.eu\/pl\/#\/schema\/logo\/image\/"},"sameAs":["https:\/\/www.facebook.com\/hempkingpoland","https:\/\/x.com\/hempkingeu","https:\/\/www.instagram.com\/hempkingeu\/","https:\/\/www.linkedin.com\/company\/hempking-eu\/mycompany\/","https:\/\/pl.pinterest.com\/hempkingeu\/","https:\/\/www.youtube.com\/channel\/UCUkeZA1fj4hSZfoYm0WpZ7w"]}]},"product_price_amount":"36.90","product_price_currency":"PLN","og_availability":"instock","product_availability":"instock","product_condition":"new"},"_links":{"self":[{"href":"https:\/\/dev.hempking.eu\/pl\/wp-json\/wp\/v2\/product\/615","targetHints":{"allow":["GET"]}}],"collection":[{"href":"https:\/\/dev.hempking.eu\/pl\/wp-json\/wp\/v2\/product"}],"about":[{"href":"https:\/\/dev.hempking.eu\/pl\/wp-json\/wp\/v2\/types\/product"}],"wp:featuredmedia":[{"embeddable":true,"href":"https:\/\/dev.hempking.eu\/pl\/wp-json\/wp\/v2\/media\/87473"}],"wp:attachment":[{"href":"https:\/\/dev.hempking.eu\/pl\/wp-json\/wp\/v2\/media?parent=615"}],"wp:term":[{"taxonomy":"product_cat","embeddable":true,"href":"https:\/\/dev.hempking.eu\/pl\/wp-json\/wp\/v2\/product_cat?post=615"},{"taxonomy":"product_tag","embeddable":true,"href":"https:\/\/dev.hempking.eu\/pl\/wp-json\/wp\/v2\/product_tag?post=615"}],"curies":[{"name":"wp","href":"https:\/\/api.w.org\/{rel}","templated":true}]}}