{"id":616,"date":"2020-07-10T14:18:41","date_gmt":"2020-07-10T12:18:41","guid":{"rendered":"https:\/\/hempking.eu\/pl\/?post_type=product&#038;p=616"},"modified":"2023-03-28T10:47:47","modified_gmt":"2023-03-28T08:47:47","slug":"herbatka-konopna-na-odpornosc-40g","status":"publish","type":"product","link":"https:\/\/dev.hempking.eu\/pl\/herbatka-konopna-na-odpornosc-40g\/","title":{"rendered":"Herbatka konopna na odporno\u015b\u0107* \u2013 40g"},"content":{"rendered":"<h2 style=\"text-align: justify;\">Herbatka konopna na odporno\u015b\u0107 &#8211; dla Twojego uk\u0142adu odporno\u015bciowego!<\/h2>\n<p style=\"text-align: justify;\">Nasza herbatka konopna na odporno\u015b\u0107 to wszystko co najlepsze w suszu konopnym. Zawiera wszelkie sk\u0142adniki konopi, w tym pe\u0142ne spektrum kannabinoid\u00f3w (fitosk\u0142adnik\u00f3w), r\u00f3\u017cne terpeny i fenole o szerokim zastosowaniu. Dodatkowo susz konopny wzbogacili\u015bmy o kurkum\u0119*, kt\u00f3ra pozytywnie wspiera Tw\u00f3j uk\u0142ad odporno\u015bciowy.<\/p>\n<p style=\"text-align: justify;\">Susz u\u017cyty do produkcji herbaty z li\u015bci konopi i nie tylko jest zbierany i sortowany r\u0119cznie. To daje nam mo\u017cliwo\u015b\u0107, by da\u0107 ci herbatk\u0119 CBD najwy\u017cszej jako\u015bci. Mieszanka suszu to idealne uzupe\u0142nienie codziennej diety.<\/p>\n<p style=\"text-align: justify;\">0% chemii, sztucznych dodatk\u00f3w, pestycyd\u00f3w i herbicyd\u00f3w.<\/p>\n<p style=\"text-align: justify;\">Opakowanie 40g to mieszanka 40% suszone kwiaty i li\u015bcie konopi siewnych, 15% imbir, 15% kurkuma, 15% moringa, 15% hibiskus.<\/p>\n<p style=\"text-align: justify;\">Herbata konopna to idealny napar do picia w ci\u0105gu dnia, mi\u0119dzy posi\u0142kami oraz wieczorem, przed snem.<\/p>\n<h2 style=\"text-align: justify;\">Herbata konopna na odporno\u015b\u0107 &#8211; tylko sprawdzone uprawy<\/h2>\n<p style=\"text-align: justify;\">Twoje bezpiecze\u0144stwo jest dla nas priorytetem! Nasze produkty s\u0105 w 100% naturalne, bez chemii czy pestycyd\u00f3w.<br \/>\nDodatkowo wszystkie produkty badaj\u0105 i testuj\u0105 niezale\u017cne laboratoria.<\/p>\n","protected":false},"excerpt":{"rendered":"<h2><strong>Herbatka konopna na odporno\u015b\u0107 to:<\/strong><\/h2>\n<ul>\n<li>r\u0119cznie zbierany i sortowany susz,<\/li>\n<li>konopie, imbir, kurkuma, moringa, hibiskus,<\/li>\n<li>zawiera kannabinoidy, fenole i terpeny,<\/li>\n<li>100% natury<\/li>\n<li>herbatk\u0119 suszymy naturalnie<\/li>\n<li>przebadany produkt<\/li>\n<\/ul>\n<p><strong>Waga: 40 g<\/strong><\/p>\n","protected":false},"featured_media":87474,"template":"","meta":{"_acf_changed":false},"product_cat":[23,26,36],"product_tag":[],"class_list":{"0":"post-616","1":"product","2":"type-product","3":"status-publish","4":"has-post-thumbnail","6":"product_cat-zywnosc-konopna","7":"product_cat-herbatki-konopne","8":"product_cat-bestsellery","10":"first","11":"instock","12":"shipping-taxable","13":"purchasable","14":"product-type-simple"},"acf":[],"yoast_head":"<!-- This site is optimized with the Yoast SEO Premium plugin v23.4 (Yoast SEO v24.0) - https:\/\/yoast.com\/wordpress\/plugins\/seo\/ -->\n<title>Herbatka konopna na odporno\u015b\u0107 HempKing 40g - Sklep konopny<\/title>\n<meta name=\"description\" content=\"Herbatka konopna na odporno\u015b\u0107 40g to mieszanka 40% suszone kwiaty, li\u015bcie konopi siewnych, 15% imbir, 15% kurkuma, 15% moringa, 15% hibiskus.\" \/>\n<link rel=\"canonical\" href=\"https:\/\/dev.hempking.eu\/pl\/herbatka-konopna-na-odpornosc-40g\/\" \/>\n<meta property=\"og:locale\" content=\"pl_PL\" \/>\n<meta property=\"og:type\" content=\"article\" \/>\n<meta property=\"og:title\" content=\"Herbatka konopna na odporno\u015b\u0107* \u2013 40g\" \/>\n<meta property=\"og:description\" content=\"Herbatka konopna na odporno\u015b\u0107 40g to mieszanka 40% suszone kwiaty, li\u015bcie konopi siewnych, 15% imbir, 15% kurkuma, 15% moringa, 15% hibiskus.\" \/>\n<meta property=\"og:url\" content=\"https:\/\/dev.hempking.eu\/pl\/herbatka-konopna-na-odpornosc-40g\/\" \/>\n<meta property=\"og:site_name\" content=\"Hemp King\" \/>\n<meta property=\"article:publisher\" content=\"https:\/\/www.facebook.com\/hempkingpoland\" \/>\n<meta property=\"article:modified_time\" content=\"2023-03-28T08:47:47+00:00\" \/>\n<meta property=\"og:image\" content=\"https:\/\/dev.hempking.eu\/pl\/wp-content\/uploads\/sites\/2\/2022\/01\/herbatka_odpornosc.jpg\" \/>\n\t<meta property=\"og:image:width\" content=\"1000\" \/>\n\t<meta property=\"og:image:height\" content=\"1000\" \/>\n\t<meta property=\"og:image:type\" content=\"image\/jpeg\" \/>\n<meta name=\"twitter:card\" content=\"summary_large_image\" \/>\n<meta name=\"twitter:site\" content=\"@hempkingeu\" \/>\n<meta name=\"twitter:label1\" content=\"Price\" \/>\n\t<meta name=\"twitter:data1\" content=\"36.90&nbsp;&#122;&#322;\" \/>\n\t<meta name=\"twitter:label2\" content=\"Availability\" \/>\n\t<meta name=\"twitter:data2\" content=\"In stock\" \/>\n<script type=\"application\/ld+json\" class=\"yoast-schema-graph\">{\"@context\":\"https:\/\/schema.org\",\"@graph\":[{\"@type\":\"WebPage\",\"@id\":\"https:\/\/dev.hempking.eu\/pl\/herbatka-konopna-na-odpornosc-40g\/\",\"url\":\"https:\/\/dev.hempking.eu\/pl\/herbatka-konopna-na-odpornosc-40g\/\",\"name\":\"Herbatka konopna na odporno\u015b\u0107 HempKing 40g - Sklep konopny\",\"isPartOf\":{\"@id\":\"https:\/\/dev.hempking.eu\/pl\/#website\"},\"primaryImageOfPage\":{\"@id\":\"https:\/\/dev.hempking.eu\/pl\/herbatka-konopna-na-odpornosc-40g\/#primaryimage\"},\"image\":{\"@id\":\"https:\/\/dev.hempking.eu\/pl\/herbatka-konopna-na-odpornosc-40g\/#primaryimage\"},\"thumbnailUrl\":\"https:\/\/dev.hempking.eu\/pl\/wp-content\/uploads\/sites\/2\/2022\/01\/herbatka_odpornosc.jpg\",\"datePublished\":\"2020-07-10T12:18:41+00:00\",\"dateModified\":\"2023-03-28T08:47:47+00:00\",\"description\":\"Herbatka konopna na odporno\u015b\u0107 40g to mieszanka 40% suszone kwiaty, li\u015bcie konopi siewnych, 15% imbir, 15% kurkuma, 15% moringa, 15% hibiskus.\",\"breadcrumb\":{\"@id\":\"https:\/\/dev.hempking.eu\/pl\/herbatka-konopna-na-odpornosc-40g\/#breadcrumb\"},\"inLanguage\":\"pl-PL\",\"potentialAction\":[{\"@type\":\"ReadAction\",\"target\":[\"https:\/\/dev.hempking.eu\/pl\/herbatka-konopna-na-odpornosc-40g\/\"]}]},{\"@type\":\"ImageObject\",\"inLanguage\":\"pl-PL\",\"@id\":\"https:\/\/dev.hempking.eu\/pl\/herbatka-konopna-na-odpornosc-40g\/#primaryimage\",\"url\":\"https:\/\/dev.hempking.eu\/pl\/wp-content\/uploads\/sites\/2\/2022\/01\/herbatka_odpornosc.jpg\",\"contentUrl\":\"https:\/\/dev.hempking.eu\/pl\/wp-content\/uploads\/sites\/2\/2022\/01\/herbatka_odpornosc.jpg\",\"width\":1000,\"height\":1000,\"caption\":\"Herbata konopna na odporno\u015b\u0107 40g Hempking\"},{\"@type\":\"BreadcrumbList\",\"@id\":\"https:\/\/dev.hempking.eu\/pl\/herbatka-konopna-na-odpornosc-40g\/#breadcrumb\",\"itemListElement\":[{\"@type\":\"ListItem\",\"position\":1,\"name\":\"Home\",\"item\":\"https:\/\/dev.hempking.eu\/pl\/\"},{\"@type\":\"ListItem\",\"position\":2,\"name\":\"Sklep\",\"item\":\"https:\/\/dev.hempking.eu\/pl\/shop\/\"},{\"@type\":\"ListItem\",\"position\":3,\"name\":\"\u017bywno\u015b\u0107 konopna\",\"item\":\"https:\/\/dev.hempking.eu\/pl\/zywnosc-konopna\/\"},{\"@type\":\"ListItem\",\"position\":4,\"name\":\"Herbatki konopne\",\"item\":\"https:\/\/dev.hempking.eu\/pl\/herbatki-konopne\/\"},{\"@type\":\"ListItem\",\"position\":5,\"name\":\"Herbatka konopna na odporno\u015b\u0107* \u2013 40g\"}]},{\"@type\":\"WebSite\",\"@id\":\"https:\/\/dev.hempking.eu\/pl\/#website\",\"url\":\"https:\/\/dev.hempking.eu\/pl\/\",\"name\":\"Hemp King\",\"description\":\"\",\"publisher\":{\"@id\":\"https:\/\/dev.hempking.eu\/pl\/#organization\"},\"potentialAction\":[{\"@type\":\"SearchAction\",\"target\":{\"@type\":\"EntryPoint\",\"urlTemplate\":\"https:\/\/dev.hempking.eu\/pl\/?s={search_term_string}\"},\"query-input\":{\"@type\":\"PropertyValueSpecification\",\"valueRequired\":true,\"valueName\":\"search_term_string\"}}],\"inLanguage\":\"pl-PL\"},{\"@type\":\"Organization\",\"@id\":\"https:\/\/dev.hempking.eu\/pl\/#organization\",\"name\":\"Hemp King\",\"url\":\"https:\/\/dev.hempking.eu\/pl\/\",\"logo\":{\"@type\":\"ImageObject\",\"inLanguage\":\"pl-PL\",\"@id\":\"https:\/\/dev.hempking.eu\/pl\/#\/schema\/logo\/image\/\",\"url\":\"https:\/\/dev.hempking.eu\/pl\/wp-content\/uploads\/sites\/2\/2020\/05\/hempking.png\",\"contentUrl\":\"https:\/\/dev.hempking.eu\/pl\/wp-content\/uploads\/sites\/2\/2020\/05\/hempking.png\",\"width\":148,\"height\":91,\"caption\":\"Hemp King\"},\"image\":{\"@id\":\"https:\/\/dev.hempking.eu\/pl\/#\/schema\/logo\/image\/\"},\"sameAs\":[\"https:\/\/www.facebook.com\/hempkingpoland\",\"https:\/\/x.com\/hempkingeu\",\"https:\/\/www.instagram.com\/hempkingeu\/\",\"https:\/\/www.linkedin.com\/company\/hempking-eu\/mycompany\/\",\"https:\/\/pl.pinterest.com\/hempkingeu\/\",\"https:\/\/www.youtube.com\/channel\/UCUkeZA1fj4hSZfoYm0WpZ7w\"]}]}<\/script>\n<meta property=\"product:price:amount\" content=\"36.90\" \/>\n<meta property=\"product:price:currency\" content=\"PLN\" \/>\n<meta property=\"og:availability\" content=\"instock\" \/>\n<meta property=\"product:availability\" content=\"instock\" \/>\n<meta property=\"product:condition\" content=\"new\" \/>\n<!-- \/ Yoast SEO Premium plugin. -->","yoast_head_json":{"title":"Herbatka konopna na odporno\u015b\u0107 HempKing 40g - Sklep konopny","description":"Herbatka konopna na odporno\u015b\u0107 40g to mieszanka 40% suszone kwiaty, li\u015bcie konopi siewnych, 15% imbir, 15% kurkuma, 15% moringa, 15% hibiskus.","canonical":"https:\/\/dev.hempking.eu\/pl\/herbatka-konopna-na-odpornosc-40g\/","og_locale":"pl_PL","og_type":"article","og_title":"Herbatka konopna na odporno\u015b\u0107* \u2013 40g","og_description":"Herbatka konopna na odporno\u015b\u0107 40g to mieszanka 40% suszone kwiaty, li\u015bcie konopi siewnych, 15% imbir, 15% kurkuma, 15% moringa, 15% hibiskus.","og_url":"https:\/\/dev.hempking.eu\/pl\/herbatka-konopna-na-odpornosc-40g\/","og_site_name":"Hemp King","article_publisher":"https:\/\/www.facebook.com\/hempkingpoland","article_modified_time":"2023-03-28T08:47:47+00:00","og_image":[{"width":1000,"height":1000,"url":"https:\/\/dev.hempking.eu\/pl\/wp-content\/uploads\/sites\/2\/2022\/01\/herbatka_odpornosc.jpg","type":"image\/jpeg"}],"twitter_card":"summary_large_image","twitter_site":"@hempkingeu","twitter_misc":{"Price":"36.90&nbsp;&#122;&#322;","Availability":"In stock"},"schema":{"@context":"https:\/\/schema.org","@graph":[{"@type":"WebPage","@id":"https:\/\/dev.hempking.eu\/pl\/herbatka-konopna-na-odpornosc-40g\/","url":"https:\/\/dev.hempking.eu\/pl\/herbatka-konopna-na-odpornosc-40g\/","name":"Herbatka konopna na odporno\u015b\u0107 HempKing 40g - Sklep konopny","isPartOf":{"@id":"https:\/\/dev.hempking.eu\/pl\/#website"},"primaryImageOfPage":{"@id":"https:\/\/dev.hempking.eu\/pl\/herbatka-konopna-na-odpornosc-40g\/#primaryimage"},"image":{"@id":"https:\/\/dev.hempking.eu\/pl\/herbatka-konopna-na-odpornosc-40g\/#primaryimage"},"thumbnailUrl":"https:\/\/dev.hempking.eu\/pl\/wp-content\/uploads\/sites\/2\/2022\/01\/herbatka_odpornosc.jpg","datePublished":"2020-07-10T12:18:41+00:00","dateModified":"2023-03-28T08:47:47+00:00","description":"Herbatka konopna na odporno\u015b\u0107 40g to mieszanka 40% suszone kwiaty, li\u015bcie konopi siewnych, 15% imbir, 15% kurkuma, 15% moringa, 15% hibiskus.","breadcrumb":{"@id":"https:\/\/dev.hempking.eu\/pl\/herbatka-konopna-na-odpornosc-40g\/#breadcrumb"},"inLanguage":"pl-PL","potentialAction":[{"@type":"ReadAction","target":["https:\/\/dev.hempking.eu\/pl\/herbatka-konopna-na-odpornosc-40g\/"]}]},{"@type":"ImageObject","inLanguage":"pl-PL","@id":"https:\/\/dev.hempking.eu\/pl\/herbatka-konopna-na-odpornosc-40g\/#primaryimage","url":"https:\/\/dev.hempking.eu\/pl\/wp-content\/uploads\/sites\/2\/2022\/01\/herbatka_odpornosc.jpg","contentUrl":"https:\/\/dev.hempking.eu\/pl\/wp-content\/uploads\/sites\/2\/2022\/01\/herbatka_odpornosc.jpg","width":1000,"height":1000,"caption":"Herbata konopna na odporno\u015b\u0107 40g Hempking"},{"@type":"BreadcrumbList","@id":"https:\/\/dev.hempking.eu\/pl\/herbatka-konopna-na-odpornosc-40g\/#breadcrumb","itemListElement":[{"@type":"ListItem","position":1,"name":"Home","item":"https:\/\/dev.hempking.eu\/pl\/"},{"@type":"ListItem","position":2,"name":"Sklep","item":"https:\/\/dev.hempking.eu\/pl\/shop\/"},{"@type":"ListItem","position":3,"name":"\u017bywno\u015b\u0107 konopna","item":"https:\/\/dev.hempking.eu\/pl\/zywnosc-konopna\/"},{"@type":"ListItem","position":4,"name":"Herbatki konopne","item":"https:\/\/dev.hempking.eu\/pl\/herbatki-konopne\/"},{"@type":"ListItem","position":5,"name":"Herbatka konopna na odporno\u015b\u0107* \u2013 40g"}]},{"@type":"WebSite","@id":"https:\/\/dev.hempking.eu\/pl\/#website","url":"https:\/\/dev.hempking.eu\/pl\/","name":"Hemp King","description":"","publisher":{"@id":"https:\/\/dev.hempking.eu\/pl\/#organization"},"potentialAction":[{"@type":"SearchAction","target":{"@type":"EntryPoint","urlTemplate":"https:\/\/dev.hempking.eu\/pl\/?s={search_term_string}"},"query-input":{"@type":"PropertyValueSpecification","valueRequired":true,"valueName":"search_term_string"}}],"inLanguage":"pl-PL"},{"@type":"Organization","@id":"https:\/\/dev.hempking.eu\/pl\/#organization","name":"Hemp King","url":"https:\/\/dev.hempking.eu\/pl\/","logo":{"@type":"ImageObject","inLanguage":"pl-PL","@id":"https:\/\/dev.hempking.eu\/pl\/#\/schema\/logo\/image\/","url":"https:\/\/dev.hempking.eu\/pl\/wp-content\/uploads\/sites\/2\/2020\/05\/hempking.png","contentUrl":"https:\/\/dev.hempking.eu\/pl\/wp-content\/uploads\/sites\/2\/2020\/05\/hempking.png","width":148,"height":91,"caption":"Hemp King"},"image":{"@id":"https:\/\/dev.hempking.eu\/pl\/#\/schema\/logo\/image\/"},"sameAs":["https:\/\/www.facebook.com\/hempkingpoland","https:\/\/x.com\/hempkingeu","https:\/\/www.instagram.com\/hempkingeu\/","https:\/\/www.linkedin.com\/company\/hempking-eu\/mycompany\/","https:\/\/pl.pinterest.com\/hempkingeu\/","https:\/\/www.youtube.com\/channel\/UCUkeZA1fj4hSZfoYm0WpZ7w"]}]},"product_price_amount":"36.90","product_price_currency":"PLN","og_availability":"instock","product_availability":"instock","product_condition":"new"},"_links":{"self":[{"href":"https:\/\/dev.hempking.eu\/pl\/wp-json\/wp\/v2\/product\/616","targetHints":{"allow":["GET"]}}],"collection":[{"href":"https:\/\/dev.hempking.eu\/pl\/wp-json\/wp\/v2\/product"}],"about":[{"href":"https:\/\/dev.hempking.eu\/pl\/wp-json\/wp\/v2\/types\/product"}],"wp:featuredmedia":[{"embeddable":true,"href":"https:\/\/dev.hempking.eu\/pl\/wp-json\/wp\/v2\/media\/87474"}],"wp:attachment":[{"href":"https:\/\/dev.hempking.eu\/pl\/wp-json\/wp\/v2\/media?parent=616"}],"wp:term":[{"taxonomy":"product_cat","embeddable":true,"href":"https:\/\/dev.hempking.eu\/pl\/wp-json\/wp\/v2\/product_cat?post=616"},{"taxonomy":"product_tag","embeddable":true,"href":"https:\/\/dev.hempking.eu\/pl\/wp-json\/wp\/v2\/product_tag?post=616"}],"curies":[{"name":"wp","href":"https:\/\/api.w.org\/{rel}","templated":true}]}}