{"id":617,"date":"2020-07-10T15:54:51","date_gmt":"2020-07-10T13:54:51","guid":{"rendered":"https:\/\/hempking.eu\/pl\/?post_type=product&#038;p=617"},"modified":"2023-03-31T13:45:27","modified_gmt":"2023-03-31T11:45:27","slug":"nasiona-konopi-500g","status":"publish","type":"product","link":"https:\/\/dev.hempking.eu\/pl\/nasiona-konopi-500g\/","title":{"rendered":"Nasiona konopi 500 g"},"content":{"rendered":"<h2 style=\"text-align: justify;\"><span style=\"font-weight: 400;\">Nie\u0142uskane nasiona konopi Hempking\u00a0 500 g<\/span><\/h2>\n<p style=\"text-align: justify;\"><span style=\"font-weight: 400;\">Nie\u0142uskane <\/span><b>nasiona konopi<\/b><span style=\"font-weight: 400;\"> o pojemno\u015bci 500 gram\u00f3w, to wi\u0119ksze opakowanie naszych bestsellerowych konwencjonalnych ziaren konopi. Nie\u0142uskane <\/span><b>ziarna konopi<\/b><span style=\"font-weight: 400;\"> nie s\u0105 pozbawione \u0142uski. Jednak bez obaw &#8211; jest ona w 100% jadalna i nie musisz si\u0119 obawia\u0107, \u017ce b\u0119dziesz musie\u0107 obiera\u0107 500 gram\u00f3w drobnych nasion konopnych! B\u0119d\u0105 smakowa\u0107 ci tak samo, jak smakuj\u0105 \u0142uskane nasiona konopne! <\/span><b>Ziarna konopi<\/b><span style=\"font-weight: 400;\"> 500 g to naturalny produkt, kt\u00f3ry mo\u017cesz wykorzysta\u0107 na wiele sposob\u00f3w w swojej funkcji. <\/span><b>Nasiona konopi <\/b><span style=\"font-weight: 400;\">w formie nie\u0142uskanej mo\u017cesz:\u00a0<\/span><\/p>\n<ul style=\"text-align: justify;\">\n<li style=\"font-weight: 400;\" aria-level=\"1\"><span style=\"font-weight: 400;\">je\u015b\u0107 na surowo,<\/span><\/li>\n<li style=\"font-weight: 400;\" aria-level=\"1\"><span style=\"font-weight: 400;\">dorzuci\u0107 do zupy,\u00a0<\/span><\/li>\n<li style=\"font-weight: 400;\" aria-level=\"1\"><span style=\"font-weight: 400;\">doda\u0107 do sa\u0142atki,\u00a0<\/span><\/li>\n<li style=\"font-weight: 400;\" aria-level=\"1\"><span style=\"font-weight: 400;\">pra\u017cy\u0107, gotowa\u0107 i piec,\u00a0<\/span><\/li>\n<li style=\"font-weight: 400;\" aria-level=\"1\"><span style=\"font-weight: 400;\">blendowa\u0107 (np. w koktajlu),\u00a0<\/span><\/li>\n<li style=\"font-weight: 400;\" aria-level=\"1\"><span style=\"font-weight: 400;\">u\u017cy\u0107 jako posypk\u0119 na s\u0142odyczach domowej roboty,\u00a0<\/span><\/li>\n<li style=\"font-weight: 400;\" aria-level=\"1\"><span style=\"font-weight: 400;\">i wiele wi\u0119cej!\u00a0<\/span><\/li>\n<\/ul>\n<p style=\"text-align: justify;\"><b>Nasiona konopi <\/b><span style=\"font-weight: 400;\">wyr\u00f3\u017cnia znakomity smak &#8211; zw\u0142aszcza gdy s\u0105 tak \u015bwie\u017ce, jak nasze. Smak mo\u017cna por\u00f3wna\u0107 do po\u0142\u0105czenia orzech\u00f3w ze s\u0142onecznikiem. Zdrowe chrupanie <\/span><b>ziarna konopi <\/b><span style=\"font-weight: 400;\">b\u0119dzie po\u0142\u0105czeniem po\u017cytecznego (jedzenie zdrowej \u017cywno\u015bci) z przyjemno\u015bci\u0105 (ten smak, kt\u00f3ry pokochasz, je\u015bli lubisz wcze\u015bniej wymienione nasiona!)<\/span><\/p>\n<p style=\"text-align: justify;\"><b>Nasiona konopne<\/b><span style=\"font-weight: 400;\"> to superfoods! Wszystko za spraw\u0105 wielu cennych sk\u0142adnik\u00f3w, kt\u00f3re zawieraj\u0105 (sp\u00f3jrz w sekcj\u0119 \u201cSk\u0142ad\u201d). S\u0105 w 100% naturalne i pochodz\u0105 ze sprawdzonych upraw, na kt\u00f3rych nie stosuje si\u0119 \u015brodk\u00f3w ochrony ro\u015blin, kt\u00f3rych sk\u0142adniki mog\u0142yby przenikn\u0105\u0107 do nasion konopi. <\/span><\/p>\n","protected":false},"excerpt":{"rendered":"<h2><strong>Nasiona konopi 500g to:<\/strong><\/h2>\n<ul>\n<li>nie\u0142uskane nasiona,<\/li>\n<li>witaminy A, B1, B2, B3, B6, C i E<\/li>\n<li>minera\u0142y m.in. fosfor, magnez, cynk czy \u017celazo<\/li>\n<li>100% naturalny produkt<\/li>\n<li>spos\u00f3b na wzbogacenie diety<\/li>\n<li>r\u0119cznie zbierany i sortowany produkt<\/li>\n<\/ul>\n<p><strong>Waga: 500g<\/strong><\/p>\n","protected":false},"featured_media":87481,"template":"","meta":{"_acf_changed":false},"product_cat":[23,25],"product_tag":[],"class_list":{"0":"post-617","1":"product","2":"type-product","3":"status-publish","4":"has-post-thumbnail","6":"product_cat-zywnosc-konopna","7":"product_cat-nasiona-konopi","9":"first","10":"instock","11":"shipping-taxable","12":"purchasable","13":"product-type-simple"},"acf":[],"yoast_head":"<!-- This site is optimized with the Yoast SEO Premium plugin v23.4 (Yoast SEO v24.0) - https:\/\/yoast.com\/wordpress\/plugins\/seo\/ -->\n<title>Nasiona konopi 500 gr HempKing - Sklep konopny<\/title>\n<meta name=\"description\" content=\"Nasiona konopi 500 gram. Nie\u0142uskane. Z witaminami i minera\u0142ami. Kup w konopnym sklepie HempKing w 100% naturalny produkt!\" \/>\n<link rel=\"canonical\" href=\"https:\/\/dev.hempking.eu\/pl\/nasiona-konopi-500g\/\" \/>\n<meta property=\"og:locale\" content=\"pl_PL\" \/>\n<meta property=\"og:type\" content=\"article\" \/>\n<meta property=\"og:title\" content=\"Nasiona konopi 500 g\" \/>\n<meta property=\"og:description\" content=\"Nasiona konopi 500 gram. Nie\u0142uskane. Z witaminami i minera\u0142ami. Kup w konopnym sklepie HempKing w 100% naturalny produkt!\" \/>\n<meta property=\"og:url\" content=\"https:\/\/dev.hempking.eu\/pl\/nasiona-konopi-500g\/\" \/>\n<meta property=\"og:site_name\" content=\"Hemp King\" \/>\n<meta property=\"article:publisher\" content=\"https:\/\/www.facebook.com\/hempkingpoland\" \/>\n<meta property=\"article:modified_time\" content=\"2023-03-31T11:45:27+00:00\" \/>\n<meta property=\"og:image\" content=\"https:\/\/dev.hempking.eu\/pl\/wp-content\/uploads\/sites\/2\/2022\/01\/nasiona_500g.jpg\" \/>\n\t<meta property=\"og:image:width\" content=\"1000\" \/>\n\t<meta property=\"og:image:height\" content=\"1000\" \/>\n\t<meta property=\"og:image:type\" content=\"image\/jpeg\" \/>\n<meta name=\"twitter:card\" content=\"summary_large_image\" \/>\n<meta name=\"twitter:site\" content=\"@hempkingeu\" \/>\n<meta name=\"twitter:label1\" content=\"Price\" \/>\n\t<meta name=\"twitter:data1\" content=\"24.90&nbsp;&#122;&#322;\" \/>\n\t<meta name=\"twitter:label2\" content=\"Availability\" \/>\n\t<meta name=\"twitter:data2\" content=\"In stock\" \/>\n<script type=\"application\/ld+json\" class=\"yoast-schema-graph\">{\"@context\":\"https:\/\/schema.org\",\"@graph\":[{\"@type\":\"WebPage\",\"@id\":\"https:\/\/dev.hempking.eu\/pl\/nasiona-konopi-500g\/\",\"url\":\"https:\/\/dev.hempking.eu\/pl\/nasiona-konopi-500g\/\",\"name\":\"Nasiona konopi 500 gr HempKing - Sklep konopny\",\"isPartOf\":{\"@id\":\"https:\/\/dev.hempking.eu\/pl\/#website\"},\"primaryImageOfPage\":{\"@id\":\"https:\/\/dev.hempking.eu\/pl\/nasiona-konopi-500g\/#primaryimage\"},\"image\":{\"@id\":\"https:\/\/dev.hempking.eu\/pl\/nasiona-konopi-500g\/#primaryimage\"},\"thumbnailUrl\":\"https:\/\/dev.hempking.eu\/pl\/wp-content\/uploads\/sites\/2\/2022\/01\/nasiona_500g.jpg\",\"datePublished\":\"2020-07-10T13:54:51+00:00\",\"dateModified\":\"2023-03-31T11:45:27+00:00\",\"description\":\"Nasiona konopi 500 gram. Nie\u0142uskane. Z witaminami i minera\u0142ami. Kup w konopnym sklepie HempKing w 100% naturalny produkt!\",\"breadcrumb\":{\"@id\":\"https:\/\/dev.hempking.eu\/pl\/nasiona-konopi-500g\/#breadcrumb\"},\"inLanguage\":\"pl-PL\",\"potentialAction\":[{\"@type\":\"ReadAction\",\"target\":[\"https:\/\/dev.hempking.eu\/pl\/nasiona-konopi-500g\/\"]}]},{\"@type\":\"ImageObject\",\"inLanguage\":\"pl-PL\",\"@id\":\"https:\/\/dev.hempking.eu\/pl\/nasiona-konopi-500g\/#primaryimage\",\"url\":\"https:\/\/dev.hempking.eu\/pl\/wp-content\/uploads\/sites\/2\/2022\/01\/nasiona_500g.jpg\",\"contentUrl\":\"https:\/\/dev.hempking.eu\/pl\/wp-content\/uploads\/sites\/2\/2022\/01\/nasiona_500g.jpg\",\"width\":1000,\"height\":1000,\"caption\":\"Ziarna konopi nie\u0142uskane 500 g HempKing 100% Vegan\"},{\"@type\":\"BreadcrumbList\",\"@id\":\"https:\/\/dev.hempking.eu\/pl\/nasiona-konopi-500g\/#breadcrumb\",\"itemListElement\":[{\"@type\":\"ListItem\",\"position\":1,\"name\":\"Home\",\"item\":\"https:\/\/dev.hempking.eu\/pl\/\"},{\"@type\":\"ListItem\",\"position\":2,\"name\":\"Sklep\",\"item\":\"https:\/\/dev.hempking.eu\/pl\/shop\/\"},{\"@type\":\"ListItem\",\"position\":3,\"name\":\"\u017bywno\u015b\u0107 konopna\",\"item\":\"https:\/\/dev.hempking.eu\/pl\/zywnosc-konopna\/\"},{\"@type\":\"ListItem\",\"position\":4,\"name\":\"Nasiona konopi 500 g\"}]},{\"@type\":\"WebSite\",\"@id\":\"https:\/\/dev.hempking.eu\/pl\/#website\",\"url\":\"https:\/\/dev.hempking.eu\/pl\/\",\"name\":\"Hemp King\",\"description\":\"\",\"publisher\":{\"@id\":\"https:\/\/dev.hempking.eu\/pl\/#organization\"},\"potentialAction\":[{\"@type\":\"SearchAction\",\"target\":{\"@type\":\"EntryPoint\",\"urlTemplate\":\"https:\/\/dev.hempking.eu\/pl\/?s={search_term_string}\"},\"query-input\":{\"@type\":\"PropertyValueSpecification\",\"valueRequired\":true,\"valueName\":\"search_term_string\"}}],\"inLanguage\":\"pl-PL\"},{\"@type\":\"Organization\",\"@id\":\"https:\/\/dev.hempking.eu\/pl\/#organization\",\"name\":\"Hemp King\",\"url\":\"https:\/\/dev.hempking.eu\/pl\/\",\"logo\":{\"@type\":\"ImageObject\",\"inLanguage\":\"pl-PL\",\"@id\":\"https:\/\/dev.hempking.eu\/pl\/#\/schema\/logo\/image\/\",\"url\":\"https:\/\/dev.hempking.eu\/pl\/wp-content\/uploads\/sites\/2\/2020\/05\/hempking.png\",\"contentUrl\":\"https:\/\/dev.hempking.eu\/pl\/wp-content\/uploads\/sites\/2\/2020\/05\/hempking.png\",\"width\":148,\"height\":91,\"caption\":\"Hemp King\"},\"image\":{\"@id\":\"https:\/\/dev.hempking.eu\/pl\/#\/schema\/logo\/image\/\"},\"sameAs\":[\"https:\/\/www.facebook.com\/hempkingpoland\",\"https:\/\/x.com\/hempkingeu\",\"https:\/\/www.instagram.com\/hempkingeu\/\",\"https:\/\/www.linkedin.com\/company\/hempking-eu\/mycompany\/\",\"https:\/\/pl.pinterest.com\/hempkingeu\/\",\"https:\/\/www.youtube.com\/channel\/UCUkeZA1fj4hSZfoYm0WpZ7w\"]}]}<\/script>\n<meta property=\"product:price:amount\" content=\"24.90\" \/>\n<meta property=\"product:price:currency\" content=\"PLN\" \/>\n<meta property=\"og:availability\" content=\"instock\" \/>\n<meta property=\"product:availability\" content=\"instock\" \/>\n<meta property=\"product:condition\" content=\"new\" \/>\n<!-- \/ Yoast SEO Premium plugin. -->","yoast_head_json":{"title":"Nasiona konopi 500 gr HempKing - Sklep konopny","description":"Nasiona konopi 500 gram. Nie\u0142uskane. Z witaminami i minera\u0142ami. Kup w konopnym sklepie HempKing w 100% naturalny produkt!","canonical":"https:\/\/dev.hempking.eu\/pl\/nasiona-konopi-500g\/","og_locale":"pl_PL","og_type":"article","og_title":"Nasiona konopi 500 g","og_description":"Nasiona konopi 500 gram. Nie\u0142uskane. Z witaminami i minera\u0142ami. Kup w konopnym sklepie HempKing w 100% naturalny produkt!","og_url":"https:\/\/dev.hempking.eu\/pl\/nasiona-konopi-500g\/","og_site_name":"Hemp King","article_publisher":"https:\/\/www.facebook.com\/hempkingpoland","article_modified_time":"2023-03-31T11:45:27+00:00","og_image":[{"width":1000,"height":1000,"url":"https:\/\/dev.hempking.eu\/pl\/wp-content\/uploads\/sites\/2\/2022\/01\/nasiona_500g.jpg","type":"image\/jpeg"}],"twitter_card":"summary_large_image","twitter_site":"@hempkingeu","twitter_misc":{"Price":"24.90&nbsp;&#122;&#322;","Availability":"In stock"},"schema":{"@context":"https:\/\/schema.org","@graph":[{"@type":"WebPage","@id":"https:\/\/dev.hempking.eu\/pl\/nasiona-konopi-500g\/","url":"https:\/\/dev.hempking.eu\/pl\/nasiona-konopi-500g\/","name":"Nasiona konopi 500 gr HempKing - Sklep konopny","isPartOf":{"@id":"https:\/\/dev.hempking.eu\/pl\/#website"},"primaryImageOfPage":{"@id":"https:\/\/dev.hempking.eu\/pl\/nasiona-konopi-500g\/#primaryimage"},"image":{"@id":"https:\/\/dev.hempking.eu\/pl\/nasiona-konopi-500g\/#primaryimage"},"thumbnailUrl":"https:\/\/dev.hempking.eu\/pl\/wp-content\/uploads\/sites\/2\/2022\/01\/nasiona_500g.jpg","datePublished":"2020-07-10T13:54:51+00:00","dateModified":"2023-03-31T11:45:27+00:00","description":"Nasiona konopi 500 gram. Nie\u0142uskane. Z witaminami i minera\u0142ami. Kup w konopnym sklepie HempKing w 100% naturalny produkt!","breadcrumb":{"@id":"https:\/\/dev.hempking.eu\/pl\/nasiona-konopi-500g\/#breadcrumb"},"inLanguage":"pl-PL","potentialAction":[{"@type":"ReadAction","target":["https:\/\/dev.hempking.eu\/pl\/nasiona-konopi-500g\/"]}]},{"@type":"ImageObject","inLanguage":"pl-PL","@id":"https:\/\/dev.hempking.eu\/pl\/nasiona-konopi-500g\/#primaryimage","url":"https:\/\/dev.hempking.eu\/pl\/wp-content\/uploads\/sites\/2\/2022\/01\/nasiona_500g.jpg","contentUrl":"https:\/\/dev.hempking.eu\/pl\/wp-content\/uploads\/sites\/2\/2022\/01\/nasiona_500g.jpg","width":1000,"height":1000,"caption":"Ziarna konopi nie\u0142uskane 500 g HempKing 100% Vegan"},{"@type":"BreadcrumbList","@id":"https:\/\/dev.hempking.eu\/pl\/nasiona-konopi-500g\/#breadcrumb","itemListElement":[{"@type":"ListItem","position":1,"name":"Home","item":"https:\/\/dev.hempking.eu\/pl\/"},{"@type":"ListItem","position":2,"name":"Sklep","item":"https:\/\/dev.hempking.eu\/pl\/shop\/"},{"@type":"ListItem","position":3,"name":"\u017bywno\u015b\u0107 konopna","item":"https:\/\/dev.hempking.eu\/pl\/zywnosc-konopna\/"},{"@type":"ListItem","position":4,"name":"Nasiona konopi 500 g"}]},{"@type":"WebSite","@id":"https:\/\/dev.hempking.eu\/pl\/#website","url":"https:\/\/dev.hempking.eu\/pl\/","name":"Hemp King","description":"","publisher":{"@id":"https:\/\/dev.hempking.eu\/pl\/#organization"},"potentialAction":[{"@type":"SearchAction","target":{"@type":"EntryPoint","urlTemplate":"https:\/\/dev.hempking.eu\/pl\/?s={search_term_string}"},"query-input":{"@type":"PropertyValueSpecification","valueRequired":true,"valueName":"search_term_string"}}],"inLanguage":"pl-PL"},{"@type":"Organization","@id":"https:\/\/dev.hempking.eu\/pl\/#organization","name":"Hemp King","url":"https:\/\/dev.hempking.eu\/pl\/","logo":{"@type":"ImageObject","inLanguage":"pl-PL","@id":"https:\/\/dev.hempking.eu\/pl\/#\/schema\/logo\/image\/","url":"https:\/\/dev.hempking.eu\/pl\/wp-content\/uploads\/sites\/2\/2020\/05\/hempking.png","contentUrl":"https:\/\/dev.hempking.eu\/pl\/wp-content\/uploads\/sites\/2\/2020\/05\/hempking.png","width":148,"height":91,"caption":"Hemp King"},"image":{"@id":"https:\/\/dev.hempking.eu\/pl\/#\/schema\/logo\/image\/"},"sameAs":["https:\/\/www.facebook.com\/hempkingpoland","https:\/\/x.com\/hempkingeu","https:\/\/www.instagram.com\/hempkingeu\/","https:\/\/www.linkedin.com\/company\/hempking-eu\/mycompany\/","https:\/\/pl.pinterest.com\/hempkingeu\/","https:\/\/www.youtube.com\/channel\/UCUkeZA1fj4hSZfoYm0WpZ7w"]}]},"product_price_amount":"24.90","product_price_currency":"PLN","og_availability":"instock","product_availability":"instock","product_condition":"new"},"_links":{"self":[{"href":"https:\/\/dev.hempking.eu\/pl\/wp-json\/wp\/v2\/product\/617","targetHints":{"allow":["GET"]}}],"collection":[{"href":"https:\/\/dev.hempking.eu\/pl\/wp-json\/wp\/v2\/product"}],"about":[{"href":"https:\/\/dev.hempking.eu\/pl\/wp-json\/wp\/v2\/types\/product"}],"wp:featuredmedia":[{"embeddable":true,"href":"https:\/\/dev.hempking.eu\/pl\/wp-json\/wp\/v2\/media\/87481"}],"wp:attachment":[{"href":"https:\/\/dev.hempking.eu\/pl\/wp-json\/wp\/v2\/media?parent=617"}],"wp:term":[{"taxonomy":"product_cat","embeddable":true,"href":"https:\/\/dev.hempking.eu\/pl\/wp-json\/wp\/v2\/product_cat?post=617"},{"taxonomy":"product_tag","embeddable":true,"href":"https:\/\/dev.hempking.eu\/pl\/wp-json\/wp\/v2\/product_tag?post=617"}],"curies":[{"name":"wp","href":"https:\/\/api.w.org\/{rel}","templated":true}]}}