{"id":626,"date":"2020-07-10T16:17:09","date_gmt":"2020-07-10T14:17:09","guid":{"rendered":"https:\/\/hempking.eu\/pl\/?post_type=product&#038;p=626"},"modified":"2023-02-27T20:28:47","modified_gmt":"2023-02-27T19:28:47","slug":"olej-konopny-z-ostropestem-250ml","status":"publish","type":"product","link":"https:\/\/dev.hempking.eu\/pl\/olej-konopny-z-ostropestem-250ml\/","title":{"rendered":"Olej konopny z ostropestem - 250ml"},"content":{"rendered":"<h2><strong>Sk\u0142adniki:<\/strong><\/h2>\n<p>50% olej konopny z nasion konopi siewnych ( Cannabis sativa L.), 50% olej z ostropestu.<br \/>\nPojemno\u015b\u0107: 250 ml<\/p>\n<p style=\"text-align: center\"><a href=\"https:\/\/dev.hempking.eu\/pl\/wp-content\/uploads\/sites\/2\/2020\/07\/olej_ostropest_tabelka.jpg\"><img loading=\"lazy\" decoding=\"async\" class=\"alignnone size-medium wp-image-68641\" src=\"https:\/\/dev.hempking.eu\/pl\/wp-content\/uploads\/sites\/2\/2020\/07\/olej_ostropest_tabelka-255x300.jpg\" alt=\"olej z ostropestem tabelka\" width=\"255\" height=\"300\" \/><\/a><\/p>\n<h2>Olej konopny 250 ml z ostropestem &#8211; mo\u017cliwo\u015bci, kt\u00f3re zaskakuj\u0105<\/h2>\n<p>Olej konopny to prawdziwy hit, kt\u00f3ry ka\u017cdego dnia zdobywa Wasze serca! Jego \u0142agodny smak \u0142\u0105czy si\u0119 z licznymi, pozytywnymi w\u0142a\u015bciwo\u015bciami, dzi\u0119ki czemu staje si\u0119 produktem numer jeden w ka\u017cdej kuchni, w kt\u00f3re stawia si\u0119 na zdrowe od\u017cywianie. Olej ma bardzo szerokie zastosowanie \u2013 \u015bwietnie nadaje si\u0119 dla wszystkich, kt\u00f3rzy lubi\u0105 eksperymentowa\u0107 w kuchni lub\u2026 w \u0142azience!<\/p>\n<h2>Olej konopny z ostropestem \u2013 dla kogo ta \u017cywno\u015b\u0107 konopna?<\/h2>\n<p>Olej konopny z ostropestem to idealne uzupe\u0142nienie zdrowej diety. Je\u015bli dbasz o to, co l\u0105duje na Twoim talerzu, jeste\u015b aktywny fizycznie, starasz si\u0119 unika\u0107 stresu i spa\u0107 odpowiedni\u0105 ilo\u015b\u0107 godzin, olej konopny z ostropestem jest idealny dla Ciebie.<\/p>\n<p>Olej doskonale nadaje si\u0119 dla os\u00f3b w ka\u017cdym wieku \u2013 dla m\u0142odszych i dla starszych. Nie zawiera produkt\u00f3w odzwierz\u0119cych, dlatego mog\u0105 stosowa\u0107 go r\u00f3wnie\u017c weganie i wegetarianie.<\/p>\n<p>Ostropest wzmacnia pozytywne w\u0142a\u015bciwo\u015bci oleju konopnego, dzi\u0119ki czemu olej ma ich jeszcze wi\u0119cej. Charakteryzuje si\u0119 znaczn\u0105 ilo\u015bci\u0105 nienasyconych kwas\u00f3w t\u0142uszczowych, w tym cennego kwasu linolowego.<\/p>\n<h2><strong> Olej konopny z ostropestem na zdrowe serce i w\u0105trob\u0119 &#8211; w\u0142a\u015bciwo\u015bci<\/strong><\/h2>\n<p>Konopny olej z ostropestem plamistym posiada wiele cennych w\u0142a\u015bciwo\u015bci.<\/p>\n<p><strong>Olej konopny:<\/strong><\/p>\n<ul>\n<li>wspiera naturaln\u0105 odporno\u015b\u0107 organizmu,<\/li>\n<li>zawiera kwasy omega-3, omega-6 i omega-9 w idealnych dla cz\u0142owieka proporcjach,<\/li>\n<li>pomaga regulowa\u0107 cholesterol oraz tr\u00f3jglicerydy we krwi<\/li>\n<li>wspiera sk\u00f3r\u0119 od zewn\u0105trz i wewn\u0105trz.<\/li>\n<\/ul>\n<p><strong>Ostropest: <\/strong><\/p>\n<ul>\n<li>bierze udzia\u0142 w obronie organizmu przed czynnikami zewn\u0119trznymi<\/li>\n<li>wspiera utrzymanie prawid\u0142owego st\u0119\u017cenia glukozy we krwi<\/li>\n<li>pomaga utrzyma\u0107 zdrowe serce<\/li>\n<li>dzia\u0142a ochronnie na w\u0105trob\u0119<\/li>\n<li>wspiera regeneracj\u0119 w\u0105troby<\/li>\n<li>przyczynia si\u0119 do prawid\u0142owej produkcji \u017c\u00f3\u0142ci<\/li>\n<\/ul>\n<h2><strong>Olej konopny z ostropestem &#8211; nie tylko na talerzu<\/strong><\/h2>\n<p><strong>Olej konopny mo\u017cesz wykorzysta\u0107 w swojej kuchni na wiele sposob\u00f3w!<\/strong><\/p>\n<p>Mo\u017cesz go doda\u0107 do:<\/p>\n<p>kolorowych kanapek,<\/p>\n<p>pe\u0142nych \u015bwie\u017cych warzyw sa\u0142atek,<\/p>\n<p>da\u0144 makaronowych i zapiekanek,<\/p>\n<p>smakowitych koktajli i zdrowych smoothie,<\/p>\n<p>zup,<\/p>\n<p>tworzenia w\u0142asnych past kanapkowych lub domowego hummusu.<\/p>\n<p><strong>\u2026a tak\u017ce przy produkcji naturalnych, domowych kosmetyk\u00f3w:<\/strong><\/p>\n<ul>\n<li>mo\u017cesz doda\u0107 go do balsamu do cia\u0142a czy kremu \u2013 w ten spos\u00f3b wzmocnisz piel\u0119gnuj\u0105ce dzia\u0142anie kosmetyku,<\/li>\n<li>dodaj kilka kropli oleju do od\u017cywki lub maski do w\u0142os\u00f3w, a odzyskaj\u0105 pi\u0119kny blask i wygl\u0105d,<\/li>\n<li>przygotuj domowy, od\u017cywiaj\u0105cy balsam \u2013 wyg\u0142adzi i g\u0142\u0119boko nawil\u017cy Twoj\u0105 sk\u00f3r\u0119.<\/li>\n<\/ul>\n<p><strong>Pami\u0119taj, \u017ce oleje konopne nie s\u0105 odpowiednie do sma\u017cenia.<\/strong> W tak wysokiej<br \/>\ntemperaturze trac\u0105 swoje w\u0142a\u015bciwo\u015bci oraz walory smakowe.<\/p>\n<p>W sklepie znajdziesz r\u00f3wnie\u017c \u00a0<a href=\"https:\/\/dev.hempking.eu\/pl\/olej-konopny-raw-250ml\/\">olej konopny RAW.<\/a><\/p>\n<h3><strong>Spos\u00f3b u\u017cycia:<\/strong><\/h3>\n<p>Oleju konopnego z ostropestem u\u017cywaj w kuchni do potraw na zimno, jako dodatek do sa\u0142atek, hummusu, dressing\u00f3w itd. Nietypowym pomys\u0142em jest u\u017cywanie go na pieczywo, zamiast mas\u0142a oraz dodawanie do domowych kosmetyk\u00f3w.<\/p>\n<p><strong>Olej najlepiej przechowuj w lod\u00f3wce.<\/strong><\/p>\n","protected":false},"excerpt":{"rendered":"<h2><strong>Olej konopny 250ml z ostropestem to:<\/strong><\/h2>\n<ul>\n<li>mnogo\u015b\u0107 sk\u0142adnik\u00f3w konopnych,<\/li>\n<li>olej t\u0142oczony z ziaren konopnych, nierafinowany,<\/li>\n<li>wysokiej jako\u015bci ostropest,<\/li>\n<li>0% zanieczyszcze\u0144 i 0% chemii,<\/li>\n<li>wiele zastosowa\u0144 w kuchni i domowych kosmetykach.<\/li>\n<\/ul>\n<p><strong>Pojemno\u015b\u0107: 250 ml<\/strong><\/p>\n","protected":false},"featured_media":87487,"template":"","meta":{"_acf_changed":false},"product_cat":[23,24],"product_tag":[],"class_list":{"0":"post-626","1":"product","2":"type-product","3":"status-publish","4":"has-post-thumbnail","6":"product_cat-zywnosc-konopna","7":"product_cat-olej-konopny","9":"first","10":"outofstock","11":"shipping-taxable","12":"purchasable","13":"product-type-simple"},"acf":[],"yoast_head":"<!-- This site is optimized with the Yoast SEO Premium plugin v23.4 (Yoast SEO v24.0) - https:\/\/yoast.com\/wordpress\/plugins\/seo\/ -->\n<title>Olej konopny z ostropestem na ochron\u0119 w\u0105troby i zdrowe serce HempKing<\/title>\n<meta name=\"description\" content=\"Olej konopny z ostropestem HempKing to nie tylko idealny dodatek do sa\u0142atek, ale tak\u017ce naturalna ochrona organizmu i wsparcie dla w\u0105troby.\" \/>\n<link rel=\"canonical\" href=\"https:\/\/dev.hempking.eu\/pl\/olej-konopny-z-ostropestem-250ml\/\" \/>\n<meta property=\"og:locale\" content=\"pl_PL\" \/>\n<meta property=\"og:type\" content=\"article\" \/>\n<meta property=\"og:title\" content=\"Olej konopny z ostropestem - 250ml\" \/>\n<meta property=\"og:description\" content=\"Olej konopny z ostropestem HempKing to nie tylko idealny dodatek do sa\u0142atek, ale tak\u017ce naturalna ochrona organizmu i wsparcie dla w\u0105troby.\" \/>\n<meta property=\"og:url\" content=\"https:\/\/dev.hempking.eu\/pl\/olej-konopny-z-ostropestem-250ml\/\" \/>\n<meta property=\"og:site_name\" content=\"Hemp King\" \/>\n<meta property=\"article:publisher\" content=\"https:\/\/www.facebook.com\/hempkingpoland\" \/>\n<meta property=\"article:modified_time\" content=\"2023-02-27T19:28:47+00:00\" \/>\n<meta property=\"og:image\" content=\"https:\/\/dev.hempking.eu\/pl\/wp-content\/uploads\/sites\/2\/2022\/01\/olej_ostropest.jpg\" \/>\n\t<meta property=\"og:image:width\" content=\"1000\" \/>\n\t<meta property=\"og:image:height\" content=\"1000\" \/>\n\t<meta property=\"og:image:type\" content=\"image\/jpeg\" \/>\n<meta name=\"twitter:card\" content=\"summary_large_image\" \/>\n<meta name=\"twitter:site\" content=\"@hempkingeu\" \/>\n<meta name=\"twitter:label1\" content=\"Price\" \/>\n\t<meta name=\"twitter:data1\" content=\"33.50&nbsp;&#122;&#322;\" \/>\n\t<meta name=\"twitter:label2\" content=\"Availability\" \/>\n\t<meta name=\"twitter:data2\" content=\"Out of stock\" \/>\n<script type=\"application\/ld+json\" class=\"yoast-schema-graph\">{\"@context\":\"https:\/\/schema.org\",\"@graph\":[{\"@type\":\"WebPage\",\"@id\":\"https:\/\/dev.hempking.eu\/pl\/olej-konopny-z-ostropestem-250ml\/\",\"url\":\"https:\/\/dev.hempking.eu\/pl\/olej-konopny-z-ostropestem-250ml\/\",\"name\":\"Olej konopny z ostropestem na ochron\u0119 w\u0105troby i zdrowe serce HempKing\",\"isPartOf\":{\"@id\":\"https:\/\/dev.hempking.eu\/pl\/#website\"},\"primaryImageOfPage\":{\"@id\":\"https:\/\/dev.hempking.eu\/pl\/olej-konopny-z-ostropestem-250ml\/#primaryimage\"},\"image\":{\"@id\":\"https:\/\/dev.hempking.eu\/pl\/olej-konopny-z-ostropestem-250ml\/#primaryimage\"},\"thumbnailUrl\":\"https:\/\/dev.hempking.eu\/pl\/wp-content\/uploads\/sites\/2\/2022\/01\/olej_ostropest.jpg\",\"datePublished\":\"2020-07-10T14:17:09+00:00\",\"dateModified\":\"2023-02-27T19:28:47+00:00\",\"description\":\"Olej konopny z ostropestem HempKing to nie tylko idealny dodatek do sa\u0142atek, ale tak\u017ce naturalna ochrona organizmu i wsparcie dla w\u0105troby.\",\"breadcrumb\":{\"@id\":\"https:\/\/dev.hempking.eu\/pl\/olej-konopny-z-ostropestem-250ml\/#breadcrumb\"},\"inLanguage\":\"pl-PL\",\"potentialAction\":[{\"@type\":\"ReadAction\",\"target\":[\"https:\/\/dev.hempking.eu\/pl\/olej-konopny-z-ostropestem-250ml\/\"]}]},{\"@type\":\"ImageObject\",\"inLanguage\":\"pl-PL\",\"@id\":\"https:\/\/dev.hempking.eu\/pl\/olej-konopny-z-ostropestem-250ml\/#primaryimage\",\"url\":\"https:\/\/dev.hempking.eu\/pl\/wp-content\/uploads\/sites\/2\/2022\/01\/olej_ostropest.jpg\",\"contentUrl\":\"https:\/\/dev.hempking.eu\/pl\/wp-content\/uploads\/sites\/2\/2022\/01\/olej_ostropest.jpg\",\"width\":1000,\"height\":1000,\"caption\":\"Olej konopny spo\u017cywczy z ostropestestem 250 ml HempKing\"},{\"@type\":\"BreadcrumbList\",\"@id\":\"https:\/\/dev.hempking.eu\/pl\/olej-konopny-z-ostropestem-250ml\/#breadcrumb\",\"itemListElement\":[{\"@type\":\"ListItem\",\"position\":1,\"name\":\"Home\",\"item\":\"https:\/\/dev.hempking.eu\/pl\/\"},{\"@type\":\"ListItem\",\"position\":2,\"name\":\"Sklep\",\"item\":\"https:\/\/dev.hempking.eu\/pl\/shop\/\"},{\"@type\":\"ListItem\",\"position\":3,\"name\":\"\u017bywno\u015b\u0107 konopna\",\"item\":\"https:\/\/dev.hempking.eu\/pl\/zywnosc-konopna\/\"},{\"@type\":\"ListItem\",\"position\":4,\"name\":\"Olej konopny\",\"item\":\"https:\/\/dev.hempking.eu\/pl\/olej-konopny\/\"},{\"@type\":\"ListItem\",\"position\":5,\"name\":\"Olej konopny z ostropestem - 250ml\"}]},{\"@type\":\"WebSite\",\"@id\":\"https:\/\/dev.hempking.eu\/pl\/#website\",\"url\":\"https:\/\/dev.hempking.eu\/pl\/\",\"name\":\"Hemp King\",\"description\":\"\",\"publisher\":{\"@id\":\"https:\/\/dev.hempking.eu\/pl\/#organization\"},\"potentialAction\":[{\"@type\":\"SearchAction\",\"target\":{\"@type\":\"EntryPoint\",\"urlTemplate\":\"https:\/\/dev.hempking.eu\/pl\/?s={search_term_string}\"},\"query-input\":{\"@type\":\"PropertyValueSpecification\",\"valueRequired\":true,\"valueName\":\"search_term_string\"}}],\"inLanguage\":\"pl-PL\"},{\"@type\":\"Organization\",\"@id\":\"https:\/\/dev.hempking.eu\/pl\/#organization\",\"name\":\"Hemp King\",\"url\":\"https:\/\/dev.hempking.eu\/pl\/\",\"logo\":{\"@type\":\"ImageObject\",\"inLanguage\":\"pl-PL\",\"@id\":\"https:\/\/dev.hempking.eu\/pl\/#\/schema\/logo\/image\/\",\"url\":\"https:\/\/dev.hempking.eu\/pl\/wp-content\/uploads\/sites\/2\/2020\/05\/hempking.png\",\"contentUrl\":\"https:\/\/dev.hempking.eu\/pl\/wp-content\/uploads\/sites\/2\/2020\/05\/hempking.png\",\"width\":148,\"height\":91,\"caption\":\"Hemp King\"},\"image\":{\"@id\":\"https:\/\/dev.hempking.eu\/pl\/#\/schema\/logo\/image\/\"},\"sameAs\":[\"https:\/\/www.facebook.com\/hempkingpoland\",\"https:\/\/x.com\/hempkingeu\",\"https:\/\/www.instagram.com\/hempkingeu\/\",\"https:\/\/www.linkedin.com\/company\/hempking-eu\/mycompany\/\",\"https:\/\/pl.pinterest.com\/hempkingeu\/\",\"https:\/\/www.youtube.com\/channel\/UCUkeZA1fj4hSZfoYm0WpZ7w\"]}]}<\/script>\n<meta property=\"product:price:amount\" content=\"33.50\" \/>\n<meta property=\"product:price:currency\" content=\"PLN\" \/>\n<meta property=\"og:availability\" content=\"out of stock\" \/>\n<meta property=\"product:availability\" content=\"out of stock\" \/>\n<meta property=\"product:condition\" content=\"new\" \/>\n<!-- \/ Yoast SEO Premium plugin. -->","yoast_head_json":{"title":"Olej konopny z ostropestem na ochron\u0119 w\u0105troby i zdrowe serce HempKing","description":"Olej konopny z ostropestem HempKing to nie tylko idealny dodatek do sa\u0142atek, ale tak\u017ce naturalna ochrona organizmu i wsparcie dla w\u0105troby.","canonical":"https:\/\/dev.hempking.eu\/pl\/olej-konopny-z-ostropestem-250ml\/","og_locale":"pl_PL","og_type":"article","og_title":"Olej konopny z ostropestem - 250ml","og_description":"Olej konopny z ostropestem HempKing to nie tylko idealny dodatek do sa\u0142atek, ale tak\u017ce naturalna ochrona organizmu i wsparcie dla w\u0105troby.","og_url":"https:\/\/dev.hempking.eu\/pl\/olej-konopny-z-ostropestem-250ml\/","og_site_name":"Hemp King","article_publisher":"https:\/\/www.facebook.com\/hempkingpoland","article_modified_time":"2023-02-27T19:28:47+00:00","og_image":[{"width":1000,"height":1000,"url":"https:\/\/dev.hempking.eu\/pl\/wp-content\/uploads\/sites\/2\/2022\/01\/olej_ostropest.jpg","type":"image\/jpeg"}],"twitter_card":"summary_large_image","twitter_site":"@hempkingeu","twitter_misc":{"Price":"33.50&nbsp;&#122;&#322;","Availability":"Out of stock"},"schema":{"@context":"https:\/\/schema.org","@graph":[{"@type":"WebPage","@id":"https:\/\/dev.hempking.eu\/pl\/olej-konopny-z-ostropestem-250ml\/","url":"https:\/\/dev.hempking.eu\/pl\/olej-konopny-z-ostropestem-250ml\/","name":"Olej konopny z ostropestem na ochron\u0119 w\u0105troby i zdrowe serce HempKing","isPartOf":{"@id":"https:\/\/dev.hempking.eu\/pl\/#website"},"primaryImageOfPage":{"@id":"https:\/\/dev.hempking.eu\/pl\/olej-konopny-z-ostropestem-250ml\/#primaryimage"},"image":{"@id":"https:\/\/dev.hempking.eu\/pl\/olej-konopny-z-ostropestem-250ml\/#primaryimage"},"thumbnailUrl":"https:\/\/dev.hempking.eu\/pl\/wp-content\/uploads\/sites\/2\/2022\/01\/olej_ostropest.jpg","datePublished":"2020-07-10T14:17:09+00:00","dateModified":"2023-02-27T19:28:47+00:00","description":"Olej konopny z ostropestem HempKing to nie tylko idealny dodatek do sa\u0142atek, ale tak\u017ce naturalna ochrona organizmu i wsparcie dla w\u0105troby.","breadcrumb":{"@id":"https:\/\/dev.hempking.eu\/pl\/olej-konopny-z-ostropestem-250ml\/#breadcrumb"},"inLanguage":"pl-PL","potentialAction":[{"@type":"ReadAction","target":["https:\/\/dev.hempking.eu\/pl\/olej-konopny-z-ostropestem-250ml\/"]}]},{"@type":"ImageObject","inLanguage":"pl-PL","@id":"https:\/\/dev.hempking.eu\/pl\/olej-konopny-z-ostropestem-250ml\/#primaryimage","url":"https:\/\/dev.hempking.eu\/pl\/wp-content\/uploads\/sites\/2\/2022\/01\/olej_ostropest.jpg","contentUrl":"https:\/\/dev.hempking.eu\/pl\/wp-content\/uploads\/sites\/2\/2022\/01\/olej_ostropest.jpg","width":1000,"height":1000,"caption":"Olej konopny spo\u017cywczy z ostropestestem 250 ml HempKing"},{"@type":"BreadcrumbList","@id":"https:\/\/dev.hempking.eu\/pl\/olej-konopny-z-ostropestem-250ml\/#breadcrumb","itemListElement":[{"@type":"ListItem","position":1,"name":"Home","item":"https:\/\/dev.hempking.eu\/pl\/"},{"@type":"ListItem","position":2,"name":"Sklep","item":"https:\/\/dev.hempking.eu\/pl\/shop\/"},{"@type":"ListItem","position":3,"name":"\u017bywno\u015b\u0107 konopna","item":"https:\/\/dev.hempking.eu\/pl\/zywnosc-konopna\/"},{"@type":"ListItem","position":4,"name":"Olej konopny","item":"https:\/\/dev.hempking.eu\/pl\/olej-konopny\/"},{"@type":"ListItem","position":5,"name":"Olej konopny z ostropestem - 250ml"}]},{"@type":"WebSite","@id":"https:\/\/dev.hempking.eu\/pl\/#website","url":"https:\/\/dev.hempking.eu\/pl\/","name":"Hemp King","description":"","publisher":{"@id":"https:\/\/dev.hempking.eu\/pl\/#organization"},"potentialAction":[{"@type":"SearchAction","target":{"@type":"EntryPoint","urlTemplate":"https:\/\/dev.hempking.eu\/pl\/?s={search_term_string}"},"query-input":{"@type":"PropertyValueSpecification","valueRequired":true,"valueName":"search_term_string"}}],"inLanguage":"pl-PL"},{"@type":"Organization","@id":"https:\/\/dev.hempking.eu\/pl\/#organization","name":"Hemp King","url":"https:\/\/dev.hempking.eu\/pl\/","logo":{"@type":"ImageObject","inLanguage":"pl-PL","@id":"https:\/\/dev.hempking.eu\/pl\/#\/schema\/logo\/image\/","url":"https:\/\/dev.hempking.eu\/pl\/wp-content\/uploads\/sites\/2\/2020\/05\/hempking.png","contentUrl":"https:\/\/dev.hempking.eu\/pl\/wp-content\/uploads\/sites\/2\/2020\/05\/hempking.png","width":148,"height":91,"caption":"Hemp King"},"image":{"@id":"https:\/\/dev.hempking.eu\/pl\/#\/schema\/logo\/image\/"},"sameAs":["https:\/\/www.facebook.com\/hempkingpoland","https:\/\/x.com\/hempkingeu","https:\/\/www.instagram.com\/hempkingeu\/","https:\/\/www.linkedin.com\/company\/hempking-eu\/mycompany\/","https:\/\/pl.pinterest.com\/hempkingeu\/","https:\/\/www.youtube.com\/channel\/UCUkeZA1fj4hSZfoYm0WpZ7w"]}]},"product_price_amount":"33.50","product_price_currency":"PLN","og_availability":"out of stock","product_availability":"out of stock","product_condition":"new"},"_links":{"self":[{"href":"https:\/\/dev.hempking.eu\/pl\/wp-json\/wp\/v2\/product\/626","targetHints":{"allow":["GET"]}}],"collection":[{"href":"https:\/\/dev.hempking.eu\/pl\/wp-json\/wp\/v2\/product"}],"about":[{"href":"https:\/\/dev.hempking.eu\/pl\/wp-json\/wp\/v2\/types\/product"}],"wp:featuredmedia":[{"embeddable":true,"href":"https:\/\/dev.hempking.eu\/pl\/wp-json\/wp\/v2\/media\/87487"}],"wp:attachment":[{"href":"https:\/\/dev.hempking.eu\/pl\/wp-json\/wp\/v2\/media?parent=626"}],"wp:term":[{"taxonomy":"product_cat","embeddable":true,"href":"https:\/\/dev.hempking.eu\/pl\/wp-json\/wp\/v2\/product_cat?post=626"},{"taxonomy":"product_tag","embeddable":true,"href":"https:\/\/dev.hempking.eu\/pl\/wp-json\/wp\/v2\/product_tag?post=626"}],"curies":[{"name":"wp","href":"https:\/\/api.w.org\/{rel}","templated":true}]}}