{"id":640,"date":"2020-07-10T17:28:25","date_gmt":"2020-07-10T15:28:25","guid":{"rendered":"https:\/\/hempking.eu\/pl\/?post_type=product&#038;p=640"},"modified":"2023-03-31T14:57:01","modified_gmt":"2023-03-31T12:57:01","slug":"susz-konopny-cbd-cbda-2-4-40g","status":"publish","type":"product","link":"https:\/\/dev.hempking.eu\/pl\/susz-konopny-cbd-cbda-2-4-40g\/","title":{"rendered":"Susz konopny CBD\/CBDA 2-4% + CBDA, CBC, CBGA, CBG, CBDV, CBN - 40 g"},"content":{"rendered":"<h2 style=\"text-align: justify;\"><span style=\"font-weight: 400;\">Susz konopny CBD\/CBDA HempKing<\/span><\/h2>\n<p style=\"text-align: justify;\"><span style=\"font-weight: 400;\">Susz konopny CBD\/CBDA to starannie wyselekcjonowane suszone konopie o wszechstronnym zastosowaniu. Susz CBD\/CBDA ma bardzo uniwersalny zakres stosowania. Do tego fantastyczny konopny zapach, kt\u00f3ry troch\u0119 przypomina skoszon\u0105 traw\u0119 na \u0142\u0105ce. I konopny smak, por\u00f3wnywalny z herbatk\u0105 zio\u0142ow\u0105. Gdy zaparzysz susz CBD\/CBDA, konopny aromat wype\u0142ni pomieszczenie, ale tak\u017ce ogarnie Twoje kubki smakowe, gdy spr\u00f3bujesz naparu. Konopny susz CBD\/CBDA to konopny produkt tak naprawd\u0119 dla ka\u017cdego!\u00a0<\/span><\/p>\n<h2 style=\"text-align: justify;\"><span style=\"font-weight: 400;\">Susz konopny CBD &#8211; co to jest?<\/span><\/h2>\n<p style=\"text-align: justify;\"><span style=\"font-weight: 400;\">Co to jest susz konopny? Najpro\u015bciej m\u00f3wi\u0105c, to suszone cz\u0119\u015bci ro\u015bliny konopi. Zawiera wysuszone cz\u0119\u015bci nadziemne ro\u015bliny (np. li\u015bcie), jak i w niewielkiej cz\u0119\u015bci nasiona konopne. To naturalny produkt konopny, r\u0119cznie sortowany i suszony w naturalny spos\u00f3b. Tak, by dostarczy\u0107 Ci wy\u0142\u0105cznie naturalnych i bezpiecznych sk\u0142adnik\u00f3w konopnych, bez ryzyka zanieczyszczenia suszu np. ple\u015bni\u0105, kt\u00f3ra mo\u017ce powsta\u0107 podczas nieprawid\u0142owego suszenia ro\u015blin.\u00a0<\/span><\/p>\n<p style=\"text-align: justify;\"><span style=\"font-weight: 400;\">Susz CBD\/CBDA zawiera pe\u0142ne spektrum fitosk\u0142adnik\u00f3w konopnych, flawonoidy, fenole i terpeny. To tak\u017ce za ich spraw\u0105 ma tak bogaty, konopny smak! Susz konopny mo\u017cesz stosowa\u0107 np. do stworzenia aromatycznych napar\u00f3w, zaparzaj\u0105c w kubku \u0142y\u017ceczk\u0119 produktu. Mo\u017cesz z niego tworzy\u0107 r\u00f3wnie\u017c zio\u0142owe wyci\u0105gi. \u015awietnie sprawdza si\u0119 w relaksuj\u0105cej, gor\u0105cej k\u0105pieli jako dodatek. To r\u00f3wnie\u017c produkt, po kt\u00f3ry mo\u017cesz si\u0119gn\u0105\u0107, chc\u0105c wykona\u0107 zio\u0142ow\u0105 inhalacj\u0119. Sprawdzi si\u0119 r\u00f3wnie\u017c w r\u00f3\u017cnych daniach &#8211; zar\u00f3wno tych przygotowywanych bez u\u017cycia ciep\u0142a, jak sa\u0142atki, jak i w tych gotowanych i pieczonych!\u00a0<\/span><\/p>\n<h2 style=\"text-align: justify;\"><span style=\"font-weight: 400;\">Dlaczego warto wypr\u00f3bowa\u0107 <\/span><b>susz konopny CBD\/CBDA HempKing<\/b><span style=\"font-weight: 400;\">?\u00a0<\/span><\/h2>\n<p style=\"text-align: justify;\"><span style=\"font-weight: 400;\">Susz konopny warto wypr\u00f3bowa\u0107 z kilku powod\u00f3w, a ka\u017cdy jest tak samo wa\u017cny! Oto one:\u00a0<\/span><\/p>\n<ul>\n<li style=\"font-weight: 400; text-align: justify;\" aria-level=\"1\"><span style=\"font-weight: 400;\">chcesz dostarczy\u0107 sobie konopnych fitosk\u0142adnik\u00f3w, pij\u0105c napar,\u00a0<\/span><\/li>\n<li style=\"font-weight: 400; text-align: justify;\" aria-level=\"1\"><span style=\"font-weight: 400;\">lubisz smak zio\u0142owych herbatek i szukasz przyjemnego w smaku i zdrowego napoju,\u00a0<\/span><\/li>\n<li style=\"font-weight: 400; text-align: justify;\" aria-level=\"1\"><span style=\"font-weight: 400;\">lubisz tworzy\u0107 nietypowe potrawy w kuchni i pr\u00f3bowa\u0107 nowych smak\u00f3w,\u00a0<\/span><\/li>\n<li style=\"font-weight: 400; text-align: justify;\" aria-level=\"1\"><span style=\"font-weight: 400;\">kochasz aromatyczne, zio\u0142owe k\u0105piele, kt\u00f3re wykonujesz dla relaksu,\u00a0<\/span><\/li>\n<li style=\"font-weight: 400; text-align: justify;\" aria-level=\"1\"><span style=\"font-weight: 400;\">chcesz spr\u00f3bowa\u0107 stworzy\u0107 w\u0142asny konopny wyci\u0105g,\u00a0<\/span><\/li>\n<li style=\"font-weight: 400; text-align: justify;\" aria-level=\"1\"><span style=\"font-weight: 400;\">to spos\u00f3b na konopn\u0105 inhalacj\u0119 &#8211; wystarczy \u017ce do miski z gor\u0105c\u0105 wod\u0105 wrzucisz 2 \u0142y\u017cki suszu, a nast\u0119pnie b\u0119dziesz wdycha\u0107 par\u0119 z g\u0142ow\u0105 przykryt\u0105 r\u0119cznikiem!<\/span><\/li>\n<\/ul>\n","protected":false},"excerpt":{"rendered":"<h2><strong>Susz konopny &#8211; herbata 40g to:<\/strong><\/h2>\n<ul>\n<li>2 \u2013 4% CBD\/CBDA &#8211; naturalne fitosk\u0142adniki<\/li>\n<li><strong><a href=\"https:\/\/dev.hempking.eu\/wp-content\/certificates\/2021.01.04_Biodio_CLS_2839_20.pdf\">badanie na zawarto\u015b\u0107 fitosk\u0142adnik\u00f3w\u00a0<\/a><\/strong><\/li>\n<li>R\u0119cznie zbierane i sortowane zio\u0142o<\/li>\n<li>Bogaty w kanabinoidy, terpeny, flawonoidy, fenole<\/li>\n<li>Suszony naturalnymi sposobami<\/li>\n<li>100% naturalny<\/li>\n<li>idealny do napar\u00f3w, k\u0105pieli zio\u0142owych i stosowania w kuchni<\/li>\n<li>Produkt poddawany sta\u0142ej kontroli jako\u015bci<\/li>\n<\/ul>\n<p><strong>Waga: 40g<\/strong><\/p>\n","protected":false},"featured_media":87472,"template":"","meta":{"_acf_changed":false},"product_cat":[26,32,36],"product_tag":[],"class_list":{"0":"post-640","1":"product","2":"type-product","3":"status-publish","4":"has-post-thumbnail","6":"product_cat-herbatki-konopne","7":"product_cat-susz-konopny-cbd","8":"product_cat-bestsellery","10":"first","11":"instock","12":"shipping-taxable","13":"purchasable","14":"product-type-simple"},"acf":[],"yoast_head":"<!-- This site is optimized with the Yoast SEO Premium plugin v23.4 (Yoast SEO v24.0) - https:\/\/yoast.com\/wordpress\/plugins\/seo\/ -->\n<title>Susz konopny CBD\/CBDA 2-4% - 40g | Sklep konopny HempKing<\/title>\n<meta name=\"description\" content=\"Susz konopny CBD\/CBDA 2-4% - 40g HempKing . Aromatyczny kubek herbatki konopnej. Kup ju\u017c dzi\u015b na hempking.eu! Sprawd\u017a jej w\u0142a\u015bciwo\u015bci.\" \/>\n<link rel=\"canonical\" href=\"https:\/\/dev.hempking.eu\/pl\/susz-konopny-cbd-cbda-2-4-40g\/\" \/>\n<meta property=\"og:locale\" content=\"pl_PL\" \/>\n<meta property=\"og:type\" content=\"article\" \/>\n<meta property=\"og:title\" content=\"Susz konopny CBD\/CBDA 2-4% + CBDA, CBC, CBGA, CBG, CBDV, CBN - 40 g\" \/>\n<meta property=\"og:description\" content=\"Susz konopny CBD\/CBDA 2-4% - 40g HempKing . Aromatyczny kubek herbatki konopnej. Kup ju\u017c dzi\u015b na hempking.eu! Sprawd\u017a jej w\u0142a\u015bciwo\u015bci.\" \/>\n<meta property=\"og:url\" content=\"https:\/\/dev.hempking.eu\/pl\/susz-konopny-cbd-cbda-2-4-40g\/\" \/>\n<meta property=\"og:site_name\" content=\"Hemp King\" \/>\n<meta property=\"article:publisher\" content=\"https:\/\/www.facebook.com\/hempkingpoland\" \/>\n<meta property=\"article:modified_time\" content=\"2023-03-31T12:57:01+00:00\" \/>\n<meta property=\"og:image\" content=\"https:\/\/dev.hempking.eu\/pl\/wp-content\/uploads\/sites\/2\/2022\/01\/hemp_cbd.jpg\" \/>\n\t<meta property=\"og:image:width\" content=\"1000\" \/>\n\t<meta property=\"og:image:height\" content=\"1000\" \/>\n\t<meta property=\"og:image:type\" content=\"image\/jpeg\" \/>\n<meta name=\"twitter:card\" content=\"summary_large_image\" \/>\n<meta name=\"twitter:site\" content=\"@hempkingeu\" \/>\n<meta name=\"twitter:label1\" content=\"Price\" \/>\n\t<meta name=\"twitter:data1\" content=\"30.00&nbsp;&#122;&#322;\" \/>\n\t<meta name=\"twitter:label2\" content=\"Availability\" \/>\n\t<meta name=\"twitter:data2\" content=\"In stock\" \/>\n<script type=\"application\/ld+json\" class=\"yoast-schema-graph\">{\"@context\":\"https:\/\/schema.org\",\"@graph\":[{\"@type\":\"WebPage\",\"@id\":\"https:\/\/dev.hempking.eu\/pl\/susz-konopny-cbd-cbda-2-4-40g\/\",\"url\":\"https:\/\/dev.hempking.eu\/pl\/susz-konopny-cbd-cbda-2-4-40g\/\",\"name\":\"Susz konopny CBD\/CBDA 2-4% - 40g | Sklep konopny HempKing\",\"isPartOf\":{\"@id\":\"https:\/\/dev.hempking.eu\/pl\/#website\"},\"primaryImageOfPage\":{\"@id\":\"https:\/\/dev.hempking.eu\/pl\/susz-konopny-cbd-cbda-2-4-40g\/#primaryimage\"},\"image\":{\"@id\":\"https:\/\/dev.hempking.eu\/pl\/susz-konopny-cbd-cbda-2-4-40g\/#primaryimage\"},\"thumbnailUrl\":\"https:\/\/dev.hempking.eu\/pl\/wp-content\/uploads\/sites\/2\/2022\/01\/hemp_cbd.jpg\",\"datePublished\":\"2020-07-10T15:28:25+00:00\",\"dateModified\":\"2023-03-31T12:57:01+00:00\",\"description\":\"Susz konopny CBD\/CBDA 2-4% - 40g HempKing . Aromatyczny kubek herbatki konopnej. Kup ju\u017c dzi\u015b na hempking.eu! Sprawd\u017a jej w\u0142a\u015bciwo\u015bci.\",\"breadcrumb\":{\"@id\":\"https:\/\/dev.hempking.eu\/pl\/susz-konopny-cbd-cbda-2-4-40g\/#breadcrumb\"},\"inLanguage\":\"pl-PL\",\"potentialAction\":[{\"@type\":\"ReadAction\",\"target\":[\"https:\/\/dev.hempking.eu\/pl\/susz-konopny-cbd-cbda-2-4-40g\/\"]}]},{\"@type\":\"ImageObject\",\"inLanguage\":\"pl-PL\",\"@id\":\"https:\/\/dev.hempking.eu\/pl\/susz-konopny-cbd-cbda-2-4-40g\/#primaryimage\",\"url\":\"https:\/\/dev.hempking.eu\/pl\/wp-content\/uploads\/sites\/2\/2022\/01\/hemp_cbd.jpg\",\"contentUrl\":\"https:\/\/dev.hempking.eu\/pl\/wp-content\/uploads\/sites\/2\/2022\/01\/hemp_cbd.jpg\",\"width\":1000,\"height\":1000,\"caption\":\"Susz CBD+ konopny 40 g HempKing\"},{\"@type\":\"BreadcrumbList\",\"@id\":\"https:\/\/dev.hempking.eu\/pl\/susz-konopny-cbd-cbda-2-4-40g\/#breadcrumb\",\"itemListElement\":[{\"@type\":\"ListItem\",\"position\":1,\"name\":\"Home\",\"item\":\"https:\/\/dev.hempking.eu\/pl\/\"},{\"@type\":\"ListItem\",\"position\":2,\"name\":\"Sklep\",\"item\":\"https:\/\/dev.hempking.eu\/pl\/shop\/\"},{\"@type\":\"ListItem\",\"position\":3,\"name\":\"\u017bywno\u015b\u0107 konopna\",\"item\":\"https:\/\/dev.hempking.eu\/pl\/zywnosc-konopna\/\"},{\"@type\":\"ListItem\",\"position\":4,\"name\":\"Herbatki konopne\",\"item\":\"https:\/\/dev.hempking.eu\/pl\/herbatki-konopne\/\"},{\"@type\":\"ListItem\",\"position\":5,\"name\":\"Susz konopny CBD\/CBDA 2-4% + CBDA, CBC, CBGA, CBG, CBDV, CBN - 40 g\"}]},{\"@type\":\"WebSite\",\"@id\":\"https:\/\/dev.hempking.eu\/pl\/#website\",\"url\":\"https:\/\/dev.hempking.eu\/pl\/\",\"name\":\"Hemp King\",\"description\":\"\",\"publisher\":{\"@id\":\"https:\/\/dev.hempking.eu\/pl\/#organization\"},\"potentialAction\":[{\"@type\":\"SearchAction\",\"target\":{\"@type\":\"EntryPoint\",\"urlTemplate\":\"https:\/\/dev.hempking.eu\/pl\/?s={search_term_string}\"},\"query-input\":{\"@type\":\"PropertyValueSpecification\",\"valueRequired\":true,\"valueName\":\"search_term_string\"}}],\"inLanguage\":\"pl-PL\"},{\"@type\":\"Organization\",\"@id\":\"https:\/\/dev.hempking.eu\/pl\/#organization\",\"name\":\"Hemp King\",\"url\":\"https:\/\/dev.hempking.eu\/pl\/\",\"logo\":{\"@type\":\"ImageObject\",\"inLanguage\":\"pl-PL\",\"@id\":\"https:\/\/dev.hempking.eu\/pl\/#\/schema\/logo\/image\/\",\"url\":\"https:\/\/dev.hempking.eu\/pl\/wp-content\/uploads\/sites\/2\/2020\/05\/hempking.png\",\"contentUrl\":\"https:\/\/dev.hempking.eu\/pl\/wp-content\/uploads\/sites\/2\/2020\/05\/hempking.png\",\"width\":148,\"height\":91,\"caption\":\"Hemp King\"},\"image\":{\"@id\":\"https:\/\/dev.hempking.eu\/pl\/#\/schema\/logo\/image\/\"},\"sameAs\":[\"https:\/\/www.facebook.com\/hempkingpoland\",\"https:\/\/x.com\/hempkingeu\",\"https:\/\/www.instagram.com\/hempkingeu\/\",\"https:\/\/www.linkedin.com\/company\/hempking-eu\/mycompany\/\",\"https:\/\/pl.pinterest.com\/hempkingeu\/\",\"https:\/\/www.youtube.com\/channel\/UCUkeZA1fj4hSZfoYm0WpZ7w\"]}]}<\/script>\n<meta property=\"product:price:amount\" content=\"30.00\" \/>\n<meta property=\"product:price:currency\" content=\"PLN\" \/>\n<meta property=\"og:availability\" content=\"instock\" \/>\n<meta property=\"product:availability\" content=\"instock\" \/>\n<meta property=\"product:condition\" content=\"new\" \/>\n<!-- \/ Yoast SEO Premium plugin. -->","yoast_head_json":{"title":"Susz konopny CBD\/CBDA 2-4% - 40g | Sklep konopny HempKing","description":"Susz konopny CBD\/CBDA 2-4% - 40g HempKing . Aromatyczny kubek herbatki konopnej. Kup ju\u017c dzi\u015b na hempking.eu! Sprawd\u017a jej w\u0142a\u015bciwo\u015bci.","canonical":"https:\/\/dev.hempking.eu\/pl\/susz-konopny-cbd-cbda-2-4-40g\/","og_locale":"pl_PL","og_type":"article","og_title":"Susz konopny CBD\/CBDA 2-4% + CBDA, CBC, CBGA, CBG, CBDV, CBN - 40 g","og_description":"Susz konopny CBD\/CBDA 2-4% - 40g HempKing . Aromatyczny kubek herbatki konopnej. Kup ju\u017c dzi\u015b na hempking.eu! Sprawd\u017a jej w\u0142a\u015bciwo\u015bci.","og_url":"https:\/\/dev.hempking.eu\/pl\/susz-konopny-cbd-cbda-2-4-40g\/","og_site_name":"Hemp King","article_publisher":"https:\/\/www.facebook.com\/hempkingpoland","article_modified_time":"2023-03-31T12:57:01+00:00","og_image":[{"width":1000,"height":1000,"url":"https:\/\/dev.hempking.eu\/pl\/wp-content\/uploads\/sites\/2\/2022\/01\/hemp_cbd.jpg","type":"image\/jpeg"}],"twitter_card":"summary_large_image","twitter_site":"@hempkingeu","twitter_misc":{"Price":"30.00&nbsp;&#122;&#322;","Availability":"In stock"},"schema":{"@context":"https:\/\/schema.org","@graph":[{"@type":"WebPage","@id":"https:\/\/dev.hempking.eu\/pl\/susz-konopny-cbd-cbda-2-4-40g\/","url":"https:\/\/dev.hempking.eu\/pl\/susz-konopny-cbd-cbda-2-4-40g\/","name":"Susz konopny CBD\/CBDA 2-4% - 40g | Sklep konopny HempKing","isPartOf":{"@id":"https:\/\/dev.hempking.eu\/pl\/#website"},"primaryImageOfPage":{"@id":"https:\/\/dev.hempking.eu\/pl\/susz-konopny-cbd-cbda-2-4-40g\/#primaryimage"},"image":{"@id":"https:\/\/dev.hempking.eu\/pl\/susz-konopny-cbd-cbda-2-4-40g\/#primaryimage"},"thumbnailUrl":"https:\/\/dev.hempking.eu\/pl\/wp-content\/uploads\/sites\/2\/2022\/01\/hemp_cbd.jpg","datePublished":"2020-07-10T15:28:25+00:00","dateModified":"2023-03-31T12:57:01+00:00","description":"Susz konopny CBD\/CBDA 2-4% - 40g HempKing . Aromatyczny kubek herbatki konopnej. Kup ju\u017c dzi\u015b na hempking.eu! Sprawd\u017a jej w\u0142a\u015bciwo\u015bci.","breadcrumb":{"@id":"https:\/\/dev.hempking.eu\/pl\/susz-konopny-cbd-cbda-2-4-40g\/#breadcrumb"},"inLanguage":"pl-PL","potentialAction":[{"@type":"ReadAction","target":["https:\/\/dev.hempking.eu\/pl\/susz-konopny-cbd-cbda-2-4-40g\/"]}]},{"@type":"ImageObject","inLanguage":"pl-PL","@id":"https:\/\/dev.hempking.eu\/pl\/susz-konopny-cbd-cbda-2-4-40g\/#primaryimage","url":"https:\/\/dev.hempking.eu\/pl\/wp-content\/uploads\/sites\/2\/2022\/01\/hemp_cbd.jpg","contentUrl":"https:\/\/dev.hempking.eu\/pl\/wp-content\/uploads\/sites\/2\/2022\/01\/hemp_cbd.jpg","width":1000,"height":1000,"caption":"Susz CBD+ konopny 40 g HempKing"},{"@type":"BreadcrumbList","@id":"https:\/\/dev.hempking.eu\/pl\/susz-konopny-cbd-cbda-2-4-40g\/#breadcrumb","itemListElement":[{"@type":"ListItem","position":1,"name":"Home","item":"https:\/\/dev.hempking.eu\/pl\/"},{"@type":"ListItem","position":2,"name":"Sklep","item":"https:\/\/dev.hempking.eu\/pl\/shop\/"},{"@type":"ListItem","position":3,"name":"\u017bywno\u015b\u0107 konopna","item":"https:\/\/dev.hempking.eu\/pl\/zywnosc-konopna\/"},{"@type":"ListItem","position":4,"name":"Herbatki konopne","item":"https:\/\/dev.hempking.eu\/pl\/herbatki-konopne\/"},{"@type":"ListItem","position":5,"name":"Susz konopny CBD\/CBDA 2-4% + CBDA, CBC, CBGA, CBG, CBDV, CBN - 40 g"}]},{"@type":"WebSite","@id":"https:\/\/dev.hempking.eu\/pl\/#website","url":"https:\/\/dev.hempking.eu\/pl\/","name":"Hemp King","description":"","publisher":{"@id":"https:\/\/dev.hempking.eu\/pl\/#organization"},"potentialAction":[{"@type":"SearchAction","target":{"@type":"EntryPoint","urlTemplate":"https:\/\/dev.hempking.eu\/pl\/?s={search_term_string}"},"query-input":{"@type":"PropertyValueSpecification","valueRequired":true,"valueName":"search_term_string"}}],"inLanguage":"pl-PL"},{"@type":"Organization","@id":"https:\/\/dev.hempking.eu\/pl\/#organization","name":"Hemp King","url":"https:\/\/dev.hempking.eu\/pl\/","logo":{"@type":"ImageObject","inLanguage":"pl-PL","@id":"https:\/\/dev.hempking.eu\/pl\/#\/schema\/logo\/image\/","url":"https:\/\/dev.hempking.eu\/pl\/wp-content\/uploads\/sites\/2\/2020\/05\/hempking.png","contentUrl":"https:\/\/dev.hempking.eu\/pl\/wp-content\/uploads\/sites\/2\/2020\/05\/hempking.png","width":148,"height":91,"caption":"Hemp King"},"image":{"@id":"https:\/\/dev.hempking.eu\/pl\/#\/schema\/logo\/image\/"},"sameAs":["https:\/\/www.facebook.com\/hempkingpoland","https:\/\/x.com\/hempkingeu","https:\/\/www.instagram.com\/hempkingeu\/","https:\/\/www.linkedin.com\/company\/hempking-eu\/mycompany\/","https:\/\/pl.pinterest.com\/hempkingeu\/","https:\/\/www.youtube.com\/channel\/UCUkeZA1fj4hSZfoYm0WpZ7w"]}]},"product_price_amount":"30.00","product_price_currency":"PLN","og_availability":"instock","product_availability":"instock","product_condition":"new"},"_links":{"self":[{"href":"https:\/\/dev.hempking.eu\/pl\/wp-json\/wp\/v2\/product\/640","targetHints":{"allow":["GET"]}}],"collection":[{"href":"https:\/\/dev.hempking.eu\/pl\/wp-json\/wp\/v2\/product"}],"about":[{"href":"https:\/\/dev.hempking.eu\/pl\/wp-json\/wp\/v2\/types\/product"}],"wp:featuredmedia":[{"embeddable":true,"href":"https:\/\/dev.hempking.eu\/pl\/wp-json\/wp\/v2\/media\/87472"}],"wp:attachment":[{"href":"https:\/\/dev.hempking.eu\/pl\/wp-json\/wp\/v2\/media?parent=640"}],"wp:term":[{"taxonomy":"product_cat","embeddable":true,"href":"https:\/\/dev.hempking.eu\/pl\/wp-json\/wp\/v2\/product_cat?post=640"},{"taxonomy":"product_tag","embeddable":true,"href":"https:\/\/dev.hempking.eu\/pl\/wp-json\/wp\/v2\/product_tag?post=640"}],"curies":[{"name":"wp","href":"https:\/\/api.w.org\/{rel}","templated":true}]}}