{"id":642,"date":"2020-07-10T17:34:13","date_gmt":"2020-07-10T15:34:13","guid":{"rendered":"https:\/\/hempking.eu\/pl\/?post_type=product&#038;p=642"},"modified":"2023-05-17T14:25:13","modified_gmt":"2023-05-17T12:25:13","slug":"susz-konopny-cbd-cbda-2-4-1kg","status":"publish","type":"product","link":"https:\/\/dev.hempking.eu\/pl\/susz-konopny-cbd-cbda-2-4-1kg\/","title":{"rendered":"Susz konopny CBD\/CBDA 2-4% + CBDA, CBC, CBGA, CBG, CBDV, CBN - 1kg"},"content":{"rendered":"<h2><strong>Susz konopny (2-4% CBD\/CBDA) 1kg &#8211; aromatyczne zio\u0142o konopne<\/strong><\/h2>\n<p>Susz konopny CBD\/CBDA zawiera pe\u0142ne spektrum kannabinoid\u00f3w oraz innych fitosk\u0142adnik\u00f3w, a tak\u017ce terpen\u00f3w, flawonoid\u00f3w i fenoli. Nasz susz CBD zawieraj\u0105cy naturalne fitosk\u0142adniki\u00a0 zbieramy i sortujemy r\u0119cznie, \u017ceby\u015b Ty m\u00f3g\u0142 po prostu rozkoszowa\u0107 si\u0119 naparem z konopi podczas wieczornego relaksu.<\/p>\n<p><strong>Nasz susz konopny zawiera 2 \u2013 4% CBD\/CBDA fitosk\u0142adniki.<\/strong><\/p>\n<p>Gwarancja jako\u015bci zapewniaj\u0105 naturalne odmiany konopi, kt\u00f3rych u\u017cywamy do produkcji naszych herbat CBD.<\/p>\n<p>Susz konopny jest odpowiedni do zaparzenia aromatycznych napar\u00f3w i herbat. Mo\u017cesz go tak\u017ce u\u017cywa\u0107 w kuchni. Albo dodawa\u0107 do relaksacyjnych wody podczas wieczornej relaksuj\u0105cej k\u0105pieli.<\/p>\n<p>&nbsp;<\/p>\n<h2><strong>Susz konopny CBD+ \u2013 sk\u0142adniki<\/strong><\/h2>\n<p>Sk\u0142ad: Kwiaty i li\u015bcie konopi siewnych( Cannabis sativa L.), nasiona ok 3-5%.<\/p>\n<p>Uniwersalno\u015b\u0107 suszu konopnego to jedna z jego najwi\u0119kszych zalet! W sposobie jego u\u017cywania ogranicza Ci\u0119 tylko Twoja wyobra\u017ania!<\/p>\n<p>Si\u0119gaj\u0105c po nasz susz CBD z naturalnymi fitosk\u0142adnikami, b\u0119dziesz w stanie zaparzy\u0107 sobie herbatk\u0119 o niepowtarzalnym zapachu i smaku.<\/p>\n<p>&nbsp;<\/p>\n<h2><strong>Susz konopny CBD+ \u2013 jak go u\u017cywa\u0107?<\/strong><\/h2>\n<p>Aby cieszy\u0107 si\u0119 aromatem herbatki z konopi, wystarczy nawet jedna \u0142y\u017ceczka suszu CBD z fitosk\u0142adnikami na kubek. Musisz wiedzie\u0107, \u017ce kannabinoidy do rozpuszczenia potrzebuj\u0105 t\u0142uszczu. Dodaj do naparu mas\u0142a, oleju kokosowego lub chocia\u017c t\u0142ustego mleka, by zapewni\u0107 swojej diecie fitosk\u0142adniki z konopi. Mo\u017cesz te\u017c po prostu pi\u0107 napar dla walor\u00f3w smakowych! Sposob\u00f3w parzenia jest wiele, wszystko zale\u017cy tylko od Ciebie!<\/p>\n<p>Je\u015bli chcesz mocniejszego smaku konopi, zaparz 2 \u0142y\u017ceczki zio\u0142a. W zale\u017cno\u015bci od tego, jak d\u0142ugo b\u0119dziesz parzy\u0142 susz konopny, b\u0119dzie on mia\u0142 kolory od jasnozielonego po br\u0105zowawy. Napar zalej gor\u0105c\u0105 wod\u0105, staraj si\u0119 unika\u0107 wrz\u0105tku by go zbyt nie sparzy\u0107.<\/p>\n<p>Popularno\u015b\u0107 zio\u0142o konopne zawdzi\u0119cza szerokiemu spektrum w\u0142a\u015bciwo\u015bci.<\/p>\n<p><strong>Susz konopny CBD+ wykorzystasz m.in:<\/strong><\/p>\n<ul>\n<li>przygotowuj\u0105c pyszne zio\u0142owe napary,<\/li>\n<li>tworz\u0105c ekstrakty i wyci\u0105gi z konopi,<\/li>\n<li>dodaj\u0105c 5 \u0142y\u017cek suszu do k\u0105pieli,<\/li>\n<li>w naturalnej inhalacji parowej,<\/li>\n<li>przyprawiaj\u0105c nim potrawy i dania.<\/li>\n<\/ul>\n<p>&nbsp;<\/p>\n<h2><strong>Susz konopny CBD+ \u2013 jako\u015b\u0107 przede wszystkim!<\/strong><\/h2>\n<p>CBD, to podstawowy kannabinoid, kt\u00f3ry wchodzi w sk\u0142ad naszych produkt\u00f3w.<\/p>\n<p>W nasze produkty nie ingerujemy dodaj\u0105c syntetycznych fitosk\u0142adnik\u00f3w lub u\u017cywaj\u0105c chemii na naszych konopnych uprawach!<\/p>\n<p>W Hempking wierzymy, \u017ce w naturze drzemie si\u0142a i nie trzeba jej ulepsza\u0107.<\/p>\n<p>Wszystkie nasze produkty posiadaj\u0105 najnowsze badania wykonane przez niezale\u017cne laboratoria, kt\u00f3re z dum\u0105 prezentujemy na naszej stronie.<\/p>\n<p><strong>W naszym sklepie znajdziesz te\u017c susz CBD z fitosk\u0142adnikami o wadze 40g.<\/strong><\/p>\n<p>Znajdziesz go tutaj: <a href=\"https:\/\/dev.hempking.eu\/pl\/susz-konopny-cbd-cbda-2-4-40g\/\">Susz konopny 40g<\/a><\/p>\n","protected":false},"excerpt":{"rendered":"<h2><strong>Susz konopny (2-4% CBD\/CBDA) 1kg to:<\/strong><\/h2>\n<ul>\n<li style=\"list-style-type: none;\">\n<ul>\n<li>2 \u2013 4% CBD\/CBDA &#8211; naturalne fitosk\u0142adniki<\/li>\n<li><strong><a href=\"https:\/\/dev.hempking.eu\/wp-content\/certificates\/2021.01.04_Biodio_CLS_2839_20.pdf\">badanie na zawarto\u015b\u0107 fitosk\u0142adnik\u00f3w\u00a0<\/a><\/strong><\/li>\n<li>R\u0119cznie zbierane i sortowane zio\u0142o<\/li>\n<li>Bogaty w kanabinoidy, terpeny, flawonoidy, fenole<\/li>\n<li>Suszony naturalnymi sposobami<\/li>\n<li>100% naturalny<\/li>\n<li>idealny do napar\u00f3w, k\u0105pieli zio\u0142owych i stosowania w kuchni<\/li>\n<li>Produkt poddawany sta\u0142ej kontroli jako\u015bci<\/li>\n<\/ul>\n<p>&nbsp;<\/li>\n<\/ul>\n<p><strong>Waga: 1kg<\/strong><\/p>\n","protected":false},"featured_media":72744,"template":"","meta":{"_acf_changed":false},"product_cat":[32],"product_tag":[],"class_list":{"0":"post-642","1":"product","2":"type-product","3":"status-publish","4":"has-post-thumbnail","6":"product_cat-susz-konopny-cbd","8":"first","9":"instock","10":"shipping-taxable","11":"purchasable","12":"product-type-simple"},"acf":[],"yoast_head":"<!-- This site is optimized with the Yoast SEO Premium plugin v23.4 (Yoast SEO v24.0) - https:\/\/yoast.com\/wordpress\/plugins\/seo\/ -->\n<title>Susz konopny CBD\/CBDA 2-4% HempKing | 1kg | Zio\u0142o konopne<\/title>\n<meta name=\"description\" content=\"Susz konopny (2-4% CBD\/CBDA) 1kg - aromatyczne zio\u0142o konopne w sklepie HempKing 100% naturalne. Zadbaj z nami o swoj\u0105 diet\u0119!\" \/>\n<link rel=\"canonical\" href=\"https:\/\/dev.hempking.eu\/pl\/susz-konopny-cbd-cbda-2-4-1kg\/\" \/>\n<meta property=\"og:locale\" content=\"pl_PL\" \/>\n<meta property=\"og:type\" content=\"article\" \/>\n<meta property=\"og:title\" content=\"Susz konopny CBD\/CBDA 2-4% + CBDA, CBC, CBGA, CBG, CBDV, CBN - 1kg\" \/>\n<meta property=\"og:description\" content=\"Susz konopny (2-4% CBD\/CBDA) 1kg - aromatyczne zio\u0142o konopne w sklepie HempKing 100% naturalne. Zadbaj z nami o swoj\u0105 diet\u0119!\" \/>\n<meta property=\"og:url\" content=\"https:\/\/dev.hempking.eu\/pl\/susz-konopny-cbd-cbda-2-4-1kg\/\" \/>\n<meta property=\"og:site_name\" content=\"Hemp King\" \/>\n<meta property=\"article:publisher\" content=\"https:\/\/www.facebook.com\/hempkingpoland\" \/>\n<meta property=\"article:modified_time\" content=\"2023-05-17T12:25:13+00:00\" \/>\n<meta property=\"og:image\" content=\"https:\/\/dev.hempking.eu\/pl\/wp-content\/uploads\/sites\/2\/2020\/07\/HEMPCBD.jpg\" \/>\n\t<meta property=\"og:image:width\" content=\"1000\" \/>\n\t<meta property=\"og:image:height\" content=\"1000\" \/>\n\t<meta property=\"og:image:type\" content=\"image\/jpeg\" \/>\n<meta name=\"twitter:card\" content=\"summary_large_image\" \/>\n<meta name=\"twitter:site\" content=\"@hempkingeu\" \/>\n<meta name=\"twitter:label1\" content=\"Price\" \/>\n\t<meta name=\"twitter:data1\" content=\"349.00&nbsp;&#122;&#322;\" \/>\n\t<meta name=\"twitter:label2\" content=\"Availability\" \/>\n\t<meta name=\"twitter:data2\" content=\"In stock\" \/>\n<script type=\"application\/ld+json\" class=\"yoast-schema-graph\">{\"@context\":\"https:\/\/schema.org\",\"@graph\":[{\"@type\":\"WebPage\",\"@id\":\"https:\/\/dev.hempking.eu\/pl\/susz-konopny-cbd-cbda-2-4-1kg\/\",\"url\":\"https:\/\/dev.hempking.eu\/pl\/susz-konopny-cbd-cbda-2-4-1kg\/\",\"name\":\"Susz konopny CBD\/CBDA 2-4% HempKing | 1kg | Zio\u0142o konopne\",\"isPartOf\":{\"@id\":\"https:\/\/dev.hempking.eu\/pl\/#website\"},\"primaryImageOfPage\":{\"@id\":\"https:\/\/dev.hempking.eu\/pl\/susz-konopny-cbd-cbda-2-4-1kg\/#primaryimage\"},\"image\":{\"@id\":\"https:\/\/dev.hempking.eu\/pl\/susz-konopny-cbd-cbda-2-4-1kg\/#primaryimage\"},\"thumbnailUrl\":\"https:\/\/dev.hempking.eu\/pl\/wp-content\/uploads\/sites\/2\/2020\/07\/HEMPCBD.jpg\",\"datePublished\":\"2020-07-10T15:34:13+00:00\",\"dateModified\":\"2023-05-17T12:25:13+00:00\",\"description\":\"Susz konopny (2-4% CBD\/CBDA) 1kg - aromatyczne zio\u0142o konopne w sklepie HempKing 100% naturalne. Zadbaj z nami o swoj\u0105 diet\u0119!\",\"breadcrumb\":{\"@id\":\"https:\/\/dev.hempking.eu\/pl\/susz-konopny-cbd-cbda-2-4-1kg\/#breadcrumb\"},\"inLanguage\":\"pl-PL\",\"potentialAction\":[{\"@type\":\"ReadAction\",\"target\":[\"https:\/\/dev.hempking.eu\/pl\/susz-konopny-cbd-cbda-2-4-1kg\/\"]}]},{\"@type\":\"ImageObject\",\"inLanguage\":\"pl-PL\",\"@id\":\"https:\/\/dev.hempking.eu\/pl\/susz-konopny-cbd-cbda-2-4-1kg\/#primaryimage\",\"url\":\"https:\/\/dev.hempking.eu\/pl\/wp-content\/uploads\/sites\/2\/2020\/07\/HEMPCBD.jpg\",\"contentUrl\":\"https:\/\/dev.hempking.eu\/pl\/wp-content\/uploads\/sites\/2\/2020\/07\/HEMPCBD.jpg\",\"width\":1000,\"height\":1000,\"caption\":\"HEMPCBD+\"},{\"@type\":\"BreadcrumbList\",\"@id\":\"https:\/\/dev.hempking.eu\/pl\/susz-konopny-cbd-cbda-2-4-1kg\/#breadcrumb\",\"itemListElement\":[{\"@type\":\"ListItem\",\"position\":1,\"name\":\"Home\",\"item\":\"https:\/\/dev.hempking.eu\/pl\/\"},{\"@type\":\"ListItem\",\"position\":2,\"name\":\"Sklep\",\"item\":\"https:\/\/dev.hempking.eu\/pl\/shop\/\"},{\"@type\":\"ListItem\",\"position\":3,\"name\":\"Susz konopny CBD\",\"item\":\"https:\/\/dev.hempking.eu\/pl\/susz-konopny-cbd\/\"},{\"@type\":\"ListItem\",\"position\":4,\"name\":\"Susz konopny CBD\/CBDA 2-4% + CBDA, CBC, CBGA, CBG, CBDV, CBN - 1kg\"}]},{\"@type\":\"WebSite\",\"@id\":\"https:\/\/dev.hempking.eu\/pl\/#website\",\"url\":\"https:\/\/dev.hempking.eu\/pl\/\",\"name\":\"Hemp King\",\"description\":\"\",\"publisher\":{\"@id\":\"https:\/\/dev.hempking.eu\/pl\/#organization\"},\"potentialAction\":[{\"@type\":\"SearchAction\",\"target\":{\"@type\":\"EntryPoint\",\"urlTemplate\":\"https:\/\/dev.hempking.eu\/pl\/?s={search_term_string}\"},\"query-input\":{\"@type\":\"PropertyValueSpecification\",\"valueRequired\":true,\"valueName\":\"search_term_string\"}}],\"inLanguage\":\"pl-PL\"},{\"@type\":\"Organization\",\"@id\":\"https:\/\/dev.hempking.eu\/pl\/#organization\",\"name\":\"Hemp King\",\"url\":\"https:\/\/dev.hempking.eu\/pl\/\",\"logo\":{\"@type\":\"ImageObject\",\"inLanguage\":\"pl-PL\",\"@id\":\"https:\/\/dev.hempking.eu\/pl\/#\/schema\/logo\/image\/\",\"url\":\"https:\/\/dev.hempking.eu\/pl\/wp-content\/uploads\/sites\/2\/2020\/05\/hempking.png\",\"contentUrl\":\"https:\/\/dev.hempking.eu\/pl\/wp-content\/uploads\/sites\/2\/2020\/05\/hempking.png\",\"width\":148,\"height\":91,\"caption\":\"Hemp King\"},\"image\":{\"@id\":\"https:\/\/dev.hempking.eu\/pl\/#\/schema\/logo\/image\/\"},\"sameAs\":[\"https:\/\/www.facebook.com\/hempkingpoland\",\"https:\/\/x.com\/hempkingeu\",\"https:\/\/www.instagram.com\/hempkingeu\/\",\"https:\/\/www.linkedin.com\/company\/hempking-eu\/mycompany\/\",\"https:\/\/pl.pinterest.com\/hempkingeu\/\",\"https:\/\/www.youtube.com\/channel\/UCUkeZA1fj4hSZfoYm0WpZ7w\"]}]}<\/script>\n<meta property=\"product:price:amount\" content=\"349.00\" \/>\n<meta property=\"product:price:currency\" content=\"PLN\" \/>\n<meta property=\"og:availability\" content=\"instock\" \/>\n<meta property=\"product:availability\" content=\"instock\" \/>\n<meta property=\"product:condition\" content=\"new\" \/>\n<!-- \/ Yoast SEO Premium plugin. -->","yoast_head_json":{"title":"Susz konopny CBD\/CBDA 2-4% HempKing | 1kg | Zio\u0142o konopne","description":"Susz konopny (2-4% CBD\/CBDA) 1kg - aromatyczne zio\u0142o konopne w sklepie HempKing 100% naturalne. Zadbaj z nami o swoj\u0105 diet\u0119!","canonical":"https:\/\/dev.hempking.eu\/pl\/susz-konopny-cbd-cbda-2-4-1kg\/","og_locale":"pl_PL","og_type":"article","og_title":"Susz konopny CBD\/CBDA 2-4% + CBDA, CBC, CBGA, CBG, CBDV, CBN - 1kg","og_description":"Susz konopny (2-4% CBD\/CBDA) 1kg - aromatyczne zio\u0142o konopne w sklepie HempKing 100% naturalne. Zadbaj z nami o swoj\u0105 diet\u0119!","og_url":"https:\/\/dev.hempking.eu\/pl\/susz-konopny-cbd-cbda-2-4-1kg\/","og_site_name":"Hemp King","article_publisher":"https:\/\/www.facebook.com\/hempkingpoland","article_modified_time":"2023-05-17T12:25:13+00:00","og_image":[{"width":1000,"height":1000,"url":"https:\/\/dev.hempking.eu\/pl\/wp-content\/uploads\/sites\/2\/2020\/07\/HEMPCBD.jpg","type":"image\/jpeg"}],"twitter_card":"summary_large_image","twitter_site":"@hempkingeu","twitter_misc":{"Price":"349.00&nbsp;&#122;&#322;","Availability":"In stock"},"schema":{"@context":"https:\/\/schema.org","@graph":[{"@type":"WebPage","@id":"https:\/\/dev.hempking.eu\/pl\/susz-konopny-cbd-cbda-2-4-1kg\/","url":"https:\/\/dev.hempking.eu\/pl\/susz-konopny-cbd-cbda-2-4-1kg\/","name":"Susz konopny CBD\/CBDA 2-4% HempKing | 1kg | Zio\u0142o konopne","isPartOf":{"@id":"https:\/\/dev.hempking.eu\/pl\/#website"},"primaryImageOfPage":{"@id":"https:\/\/dev.hempking.eu\/pl\/susz-konopny-cbd-cbda-2-4-1kg\/#primaryimage"},"image":{"@id":"https:\/\/dev.hempking.eu\/pl\/susz-konopny-cbd-cbda-2-4-1kg\/#primaryimage"},"thumbnailUrl":"https:\/\/dev.hempking.eu\/pl\/wp-content\/uploads\/sites\/2\/2020\/07\/HEMPCBD.jpg","datePublished":"2020-07-10T15:34:13+00:00","dateModified":"2023-05-17T12:25:13+00:00","description":"Susz konopny (2-4% CBD\/CBDA) 1kg - aromatyczne zio\u0142o konopne w sklepie HempKing 100% naturalne. Zadbaj z nami o swoj\u0105 diet\u0119!","breadcrumb":{"@id":"https:\/\/dev.hempking.eu\/pl\/susz-konopny-cbd-cbda-2-4-1kg\/#breadcrumb"},"inLanguage":"pl-PL","potentialAction":[{"@type":"ReadAction","target":["https:\/\/dev.hempking.eu\/pl\/susz-konopny-cbd-cbda-2-4-1kg\/"]}]},{"@type":"ImageObject","inLanguage":"pl-PL","@id":"https:\/\/dev.hempking.eu\/pl\/susz-konopny-cbd-cbda-2-4-1kg\/#primaryimage","url":"https:\/\/dev.hempking.eu\/pl\/wp-content\/uploads\/sites\/2\/2020\/07\/HEMPCBD.jpg","contentUrl":"https:\/\/dev.hempking.eu\/pl\/wp-content\/uploads\/sites\/2\/2020\/07\/HEMPCBD.jpg","width":1000,"height":1000,"caption":"HEMPCBD+"},{"@type":"BreadcrumbList","@id":"https:\/\/dev.hempking.eu\/pl\/susz-konopny-cbd-cbda-2-4-1kg\/#breadcrumb","itemListElement":[{"@type":"ListItem","position":1,"name":"Home","item":"https:\/\/dev.hempking.eu\/pl\/"},{"@type":"ListItem","position":2,"name":"Sklep","item":"https:\/\/dev.hempking.eu\/pl\/shop\/"},{"@type":"ListItem","position":3,"name":"Susz konopny CBD","item":"https:\/\/dev.hempking.eu\/pl\/susz-konopny-cbd\/"},{"@type":"ListItem","position":4,"name":"Susz konopny CBD\/CBDA 2-4% + CBDA, CBC, CBGA, CBG, CBDV, CBN - 1kg"}]},{"@type":"WebSite","@id":"https:\/\/dev.hempking.eu\/pl\/#website","url":"https:\/\/dev.hempking.eu\/pl\/","name":"Hemp King","description":"","publisher":{"@id":"https:\/\/dev.hempking.eu\/pl\/#organization"},"potentialAction":[{"@type":"SearchAction","target":{"@type":"EntryPoint","urlTemplate":"https:\/\/dev.hempking.eu\/pl\/?s={search_term_string}"},"query-input":{"@type":"PropertyValueSpecification","valueRequired":true,"valueName":"search_term_string"}}],"inLanguage":"pl-PL"},{"@type":"Organization","@id":"https:\/\/dev.hempking.eu\/pl\/#organization","name":"Hemp King","url":"https:\/\/dev.hempking.eu\/pl\/","logo":{"@type":"ImageObject","inLanguage":"pl-PL","@id":"https:\/\/dev.hempking.eu\/pl\/#\/schema\/logo\/image\/","url":"https:\/\/dev.hempking.eu\/pl\/wp-content\/uploads\/sites\/2\/2020\/05\/hempking.png","contentUrl":"https:\/\/dev.hempking.eu\/pl\/wp-content\/uploads\/sites\/2\/2020\/05\/hempking.png","width":148,"height":91,"caption":"Hemp King"},"image":{"@id":"https:\/\/dev.hempking.eu\/pl\/#\/schema\/logo\/image\/"},"sameAs":["https:\/\/www.facebook.com\/hempkingpoland","https:\/\/x.com\/hempkingeu","https:\/\/www.instagram.com\/hempkingeu\/","https:\/\/www.linkedin.com\/company\/hempking-eu\/mycompany\/","https:\/\/pl.pinterest.com\/hempkingeu\/","https:\/\/www.youtube.com\/channel\/UCUkeZA1fj4hSZfoYm0WpZ7w"]}]},"product_price_amount":"349.00","product_price_currency":"PLN","og_availability":"instock","product_availability":"instock","product_condition":"new"},"_links":{"self":[{"href":"https:\/\/dev.hempking.eu\/pl\/wp-json\/wp\/v2\/product\/642","targetHints":{"allow":["GET"]}}],"collection":[{"href":"https:\/\/dev.hempking.eu\/pl\/wp-json\/wp\/v2\/product"}],"about":[{"href":"https:\/\/dev.hempking.eu\/pl\/wp-json\/wp\/v2\/types\/product"}],"wp:featuredmedia":[{"embeddable":true,"href":"https:\/\/dev.hempking.eu\/pl\/wp-json\/wp\/v2\/media\/72744"}],"wp:attachment":[{"href":"https:\/\/dev.hempking.eu\/pl\/wp-json\/wp\/v2\/media?parent=642"}],"wp:term":[{"taxonomy":"product_cat","embeddable":true,"href":"https:\/\/dev.hempking.eu\/pl\/wp-json\/wp\/v2\/product_cat?post=642"},{"taxonomy":"product_tag","embeddable":true,"href":"https:\/\/dev.hempking.eu\/pl\/wp-json\/wp\/v2\/product_tag?post=642"}],"curies":[{"name":"wp","href":"https:\/\/api.w.org\/{rel}","templated":true}]}}