{"id":655,"date":"2020-07-13T11:29:01","date_gmt":"2020-07-13T09:29:01","guid":{"rendered":"https:\/\/hempking.eu\/pl\/?post_type=product&#038;p=655"},"modified":"2022-08-09T10:28:12","modified_gmt":"2022-08-09T08:28:12","slug":"2x-kapsulki-cbd-1000mg-50-sztuk","status":"publish","type":"product","link":"https:\/\/dev.hempking.eu\/pl\/2x-kapsulki-cbd-1000mg-50-sztuk\/","title":{"rendered":"Zestaw: 2x Kapsu\u0142ki CBD (1000mg)+ CBDA, CBC, CBGA, CBG, CBDV, CBN \u2013 50 sztuk"},"content":{"rendered":"<h2><strong>Kapsu\u0142ki konopne &#8211; podw\u00f3jne opakowanie!<\/strong><\/h2>\n<p>Olej konopny zamkni\u0119ty w wygodnych kapsu\u0142kach \u017celowych, \u0142atwych do po\u0142kni\u0119cia! Jedna kapsu\u0142ka odpowiada 2 kroplom olejku konopnego o st\u0119\u017ceniu 10%. To wygodna alternatywa dla suplementacji naturalnych fitosk\u0142adnik\u00f3w!<\/p>\n<p><strong>W zestawie po dwa opakowania!<\/strong><\/p>\n<p>&nbsp;<\/p>\n<h2><strong>Kapsu\u0142ki konopne z fitosk\u0142adnikami:\u00a0<\/strong><\/h2>\n<ul>\n<li>1 kapsu\u0142ka = 2 krople olejku konopnego 10%<\/li>\n<li>Zawiera olej konopny o pe\u0142nym spektrum fitosk\u0142adnik\u00f3w CBD, CBDA,\u00a0 CBC, CBGA, CBG, CBDV, CBN,<\/li>\n<li>Zawiera te\u017c terpeny, flawonoidy, fenole<\/li>\n<li>Nienasycone kwasy t\u0142uszczowe: omega-3, omega-6 oraz omega-9<\/li>\n<li>Produkt zosta\u0142 dok\u0142adnie przebadany na zawarto\u015b\u0107 naturalnie wyst\u0119puj\u0105cych fitosk\u0142adnik\u00f3w, a tak\u017ce na obecno\u015b\u0107 metali ci\u0119\u017ckich, dro\u017cd\u017cy i ple\u015bni oraz pestycyd\u00f3w,<\/li>\n<li>Wszystkie sk\u0142adniki s\u0105 w 100% naturalne<\/li>\n<li>50 sztuk w s\u0142oiczku &#8211; dwupak = 100 sztuk!<\/li>\n<\/ul>\n<p><strong>Kapsu\u0142ki mo\u017cesz te\u017c kupi\u0107 osobno!<\/strong><\/p>\n<div id=\"porto-products-3627\" class=\"porto-products wpb_content_element theme_option\"><h2 class=\"section-title\">Pojedyncze opakowanie kapsu\u0142ek CBD i innymi fitosk\u0142adnikami HempKing <\/h2><div class=\"woocommerce columns-1 \"><ul class=\"products products-container list show-nav-middle pcols-lg-1 pcols-md-1 pcols-xs-1 pcols-ls-1 pwidth-lg-1 pwidth-md-1 pwidth-xs-1 pwidth-ls-1 is-shortcode\"\n\t data-cur_page=\"1\" data-max_page=\"1\" data-product_layout=\"product-\">\n\n<li class=\"product-col product type-product post-541 status-publish first instock product_cat-bestsellery product_cat-kapsulki-cbd has-post-thumbnail shipping-taxable purchasable product-type-simple\">\n<div class=\"product-inner\">\n\t\n\t<div class=\"product-image\">\n\n\t\t<a  href=\"https:\/\/dev.hempking.eu\/pl\/kapsulki-cbd-1000mg-50-sztuk\/\" aria-label=\"product\">\n\t\t\t<div class=\"inner\"><img loading=\"lazy\" decoding=\"async\" width=\"600\" height=\"600\" src=\"https:\/\/dev.hempking.eu\/pl\/wp-content\/uploads\/sites\/2\/2020\/07\/KAPSULKI-600x600.jpg\" class=\" wp-post-image\" alt=\"Kapsu\u0142ki CBD Hempking\" srcset=\"https:\/\/dev.hempking.eu\/pl\/wp-content\/uploads\/sites\/2\/2020\/07\/KAPSULKI-600x600.jpg 600w, https:\/\/dev.hempking.eu\/pl\/wp-content\/uploads\/sites\/2\/2020\/07\/KAPSULKI-400x400.jpg 400w\" sizes=\"auto, (max-width: 600px) 100vw, 600px\" \/><\/div>\t\t<\/a>\n\t\t\t<\/div>\n\n\t<div class=\"product-content\">\n\t\t\n\t\t\t<a class=\"product-loop-title\"  href=\"https:\/\/dev.hempking.eu\/pl\/kapsulki-cbd-1000mg-50-sztuk\/\">\n\t<h3 class=\"woocommerce-loop-product__title\">Kapsu\u0142ki CBD (1000mg) + CBDA, CBC, CBGA, CBG, CBDV, CBN \u2013 50 sztuk<\/h3>\t<\/a>\n\t\n\t\t\t<div class=\"description\">\n\t\t\t\t<p class=\"post-excerpt\">\n<h2>Kapsu\u0142ki CBD (1000mg) \u2013 50 sztuk<\/h2>\n<p> \tFitosk\u0142adniki naturalnie wyst\u0119puj\u0105ce w kapsu\u0142kach HempKing 10% :CBD, CBDA, CBC, CBGA, CBG, CBDV, CBN<br \/>\nposiada badania na zawarto\u015b\u0107 naturalnie wyst\u0119puj\u0105cych fitosk\u0142adnik\u00f3w,<br \/>\n \t1000 mg oleju konopnego&#8230;<\/p>\n\t<\/div>\n\t<div class='tm-widget-hornet-wrapper' data-product_id='541'><\/div>\n\t<span class=\"price\"><span class=\"woocommerce-Price-amount amount\"><bdi>109.00&nbsp;<span class=\"woocommerce-Price-currencySymbol\">&#122;&#322;<\/span><\/bdi><\/span><\/span>\n\n\t\t<div class=\"add-links-wrap\">\n\t<div class=\"add-links no-effect clearfix\">\n\t\t\t<div class=\"quantity buttons_added simple-type\">\n\t\t\t\t<button type=\"button\" value=\"-\" class=\"minus\">-<\/button>\n\t\t<input\n\t\t\ttype=\"number\"\n\t\t\tid=\"quantity_69d5e16a21c45\"\n\t\t\tclass=\"input-text qty text\"\n\t\t\tstep=\"1\"\n\t\t\tmin=\"1\"\n\t\t\tmax=\"\"\n\t\t\tname=\"quantity\"\n\t\t\tvalue=\"1\"\n\t\t\taria-label=\"Ilo\u015b\u0107 produktu\"\n\t\t\tsize=\"4\"\n\t\t\tplaceholder=\"\"\t\t\tinputmode=\"numeric\" \/>\n\t\t<button type=\"button\" value=\"+\" class=\"plus\">+<\/button>\n\t\t\t<\/div>\n\t<a href=\"?add-to-cart=541\" data-quantity=\"1\" class=\"viewcart-style-2 button product_type_simple add_to_cart_button ajax_add_to_cart\" data-product_id=\"541\" data-product_sku=\"\" aria-label=\"Dodaj do koszyka: &bdquo;Kapsu\u0142ki CBD (1000mg) + CBDA, CBC, CBGA, CBG, CBDV, CBN \u2013 50 sztuk&rdquo;\" rel=\"nofollow\" data-success_message=\"&ldquo;Kapsu\u0142ki CBD (1000mg) + CBDA, CBC, CBGA, CBG, CBDV, CBN \u2013 50 sztuk&rdquo; zosta\u0142 dodany do twojego koszyka\">Dodaj do koszyka<\/a>\t<\/div>\n\t<\/div>\n\t<\/div>\n<\/div>\n\n<\/li>\n<\/ul>\n<\/div><\/div>\n<p>&nbsp;<\/p>\n<p><a href=\"https:\/\/dev.hempking.eu\/pl\/wp-content\/uploads\/sites\/2\/2020\/07\/warunki4-1.jpg\"><img loading=\"lazy\" decoding=\"async\" class=\"alignnone wp-image-104414 size-full\" src=\"https:\/\/dev.hempking.eu\/pl\/wp-content\/uploads\/sites\/2\/2020\/07\/warunki4-1.jpg\" alt=\"o\u015bwiadczenia CBD w UE\" width=\"755\" height=\"353\" srcset=\"https:\/\/dev.hempking.eu\/pl\/wp-content\/uploads\/sites\/2\/2020\/07\/warunki4-1.jpg 755w, https:\/\/dev.hempking.eu\/pl\/wp-content\/uploads\/sites\/2\/2020\/07\/warunki4-1-640x299.jpg 640w, https:\/\/dev.hempking.eu\/pl\/wp-content\/uploads\/sites\/2\/2020\/07\/warunki4-1-400x187.jpg 400w\" sizes=\"auto, (max-width: 755px) 100vw, 755px\" \/><\/a><\/p>\n<p><a href=\"https:\/\/dev.hempking.eu\/pl\/wp-content\/uploads\/sites\/2\/2020\/07\/warunki_4.jpg\"><img loading=\"lazy\" decoding=\"async\" class=\"alignnone size-full wp-image-100623\" src=\"https:\/\/dev.hempking.eu\/pl\/wp-content\/uploads\/sites\/2\/2020\/07\/warunki_4.jpg\" alt=\"fito sk\u0142adniki novel food\" width=\"755\" height=\"237\" srcset=\"https:\/\/dev.hempking.eu\/pl\/wp-content\/uploads\/sites\/2\/2020\/07\/warunki_4.jpg 755w, https:\/\/dev.hempking.eu\/pl\/wp-content\/uploads\/sites\/2\/2020\/07\/warunki_4-640x201.jpg 640w, https:\/\/dev.hempking.eu\/pl\/wp-content\/uploads\/sites\/2\/2020\/07\/warunki_4-400x126.jpg 400w\" sizes=\"auto, (max-width: 755px) 100vw, 755px\" \/><\/a><\/p>\n","protected":false},"excerpt":{"rendered":"<h2><strong>Zestaw zawiera:<\/strong><\/h2>\n<ul>\n<li>2 s\u0142oiczki Kapsu\u0142ek &#8211; 50 sztuk<\/li>\n<li>Fitosk\u0142adniki naturalnie wyst\u0119puj\u0105ce w kapsu\u0142kach CBD HempKing 10% :CBD, CBDA,\u00a0 CBC, CBGA, CBG, CBDV, CBN<\/li>\n<li><a href=\"https:\/\/dev.hempking.eu\/wp-content\/certificates\/Kapsulki-CBD-LAB.pdf\">Kapsu\u0142ki CBD HempKing &#8211; Badanie na zawarto\u015b\u0107 naturalnie wyst\u0119puj\u0105cych fitosk\u0142adnik\u00f3w<\/a><\/li>\n<\/ul>\n","protected":false},"featured_media":902,"template":"","meta":{"_acf_changed":false},"product_cat":[19,33],"product_tag":[],"class_list":{"0":"post-655","1":"product","2":"type-product","3":"status-publish","4":"has-post-thumbnail","6":"product_cat-kapsulki-cbd","7":"product_cat-zestawy","9":"first","10":"instock","11":"sale","12":"shipping-taxable","13":"purchasable","14":"product-type-simple"},"acf":[],"yoast_head":"<!-- This site is optimized with the Yoast SEO Premium plugin v23.4 (Yoast SEO v24.0) - https:\/\/yoast.com\/wordpress\/plugins\/seo\/ -->\n<title>Zestaw: 2x Kapsu\u0142ki CBD (1000mg)+ CBDA, CBC, CBGA, CBG, CBDV, CBN \u2013 50 sztuk - Hemp King<\/title>\n<meta name=\"description\" content=\"Zobacz \u261b Zestaw: 2x Kapsu\u0142ki CBD (1000mg)+ CBDA, CBC, CBGA, CBG, CBDV, CBN \u2013 50 sztuk w konopnym sklepie HempKing 100% naturalne. Zadbaj z nami o swoj\u0105 diet\u0119!\" \/>\n<link rel=\"canonical\" href=\"https:\/\/dev.hempking.eu\/pl\/2x-kapsulki-cbd-1000mg-50-sztuk\/\" \/>\n<meta property=\"og:locale\" content=\"pl_PL\" \/>\n<meta property=\"og:type\" content=\"article\" \/>\n<meta property=\"og:title\" content=\"Zestaw: 2x Kapsu\u0142ki CBD (1000mg)+ CBDA, CBC, CBGA, CBG, CBDV, CBN \u2013 50 sztuk\" \/>\n<meta property=\"og:description\" content=\"Zobacz \u261b Zestaw: 2x Kapsu\u0142ki CBD (1000mg)+ CBDA, CBC, CBGA, CBG, CBDV, CBN \u2013 50 sztuk w konopnym sklepie HempKing 100% naturalne. Zadbaj z nami o swoj\u0105 diet\u0119!\" \/>\n<meta property=\"og:url\" content=\"https:\/\/dev.hempking.eu\/pl\/2x-kapsulki-cbd-1000mg-50-sztuk\/\" \/>\n<meta property=\"og:site_name\" content=\"Hemp King\" \/>\n<meta property=\"article:publisher\" content=\"https:\/\/www.facebook.com\/hempkingpoland\" \/>\n<meta property=\"article:modified_time\" content=\"2022-08-09T08:28:12+00:00\" \/>\n<meta property=\"og:image\" content=\"https:\/\/dev.hempking.eu\/pl\/wp-content\/uploads\/sites\/2\/2020\/07\/2x-kapsulki.jpg\" \/>\n\t<meta property=\"og:image:width\" content=\"1000\" \/>\n\t<meta property=\"og:image:height\" content=\"1000\" \/>\n\t<meta property=\"og:image:type\" content=\"image\/jpeg\" \/>\n<meta name=\"twitter:card\" content=\"summary_large_image\" \/>\n<meta name=\"twitter:site\" content=\"@hempkingeu\" \/>\n<meta name=\"twitter:label1\" content=\"Price\" \/>\n\t<meta name=\"twitter:data1\" content=\"204.90&nbsp;&#122;&#322;\" \/>\n\t<meta name=\"twitter:label2\" content=\"Availability\" \/>\n\t<meta name=\"twitter:data2\" content=\"In stock\" \/>\n<script type=\"application\/ld+json\" class=\"yoast-schema-graph\">{\"@context\":\"https:\/\/schema.org\",\"@graph\":[{\"@type\":\"WebPage\",\"@id\":\"https:\/\/dev.hempking.eu\/pl\/2x-kapsulki-cbd-1000mg-50-sztuk\/\",\"url\":\"https:\/\/dev.hempking.eu\/pl\/2x-kapsulki-cbd-1000mg-50-sztuk\/\",\"name\":\"Zestaw: 2x Kapsu\u0142ki CBD (1000mg)+ CBDA, CBC, CBGA, CBG, CBDV, CBN \u2013 50 sztuk - Hemp King\",\"isPartOf\":{\"@id\":\"https:\/\/dev.hempking.eu\/pl\/#website\"},\"primaryImageOfPage\":{\"@id\":\"https:\/\/dev.hempking.eu\/pl\/2x-kapsulki-cbd-1000mg-50-sztuk\/#primaryimage\"},\"image\":{\"@id\":\"https:\/\/dev.hempking.eu\/pl\/2x-kapsulki-cbd-1000mg-50-sztuk\/#primaryimage\"},\"thumbnailUrl\":\"https:\/\/dev.hempking.eu\/pl\/wp-content\/uploads\/sites\/2\/2020\/07\/2x-kapsulki.jpg\",\"datePublished\":\"2020-07-13T09:29:01+00:00\",\"dateModified\":\"2022-08-09T08:28:12+00:00\",\"description\":\"Zobacz \u261b Zestaw: 2x Kapsu\u0142ki CBD (1000mg)+ CBDA, CBC, CBGA, CBG, CBDV, CBN \u2013 50 sztuk w konopnym sklepie HempKing 100% naturalne. Zadbaj z nami o swoj\u0105 diet\u0119!\",\"breadcrumb\":{\"@id\":\"https:\/\/dev.hempking.eu\/pl\/2x-kapsulki-cbd-1000mg-50-sztuk\/#breadcrumb\"},\"inLanguage\":\"pl-PL\",\"potentialAction\":[{\"@type\":\"ReadAction\",\"target\":[\"https:\/\/dev.hempking.eu\/pl\/2x-kapsulki-cbd-1000mg-50-sztuk\/\"]}]},{\"@type\":\"ImageObject\",\"inLanguage\":\"pl-PL\",\"@id\":\"https:\/\/dev.hempking.eu\/pl\/2x-kapsulki-cbd-1000mg-50-sztuk\/#primaryimage\",\"url\":\"https:\/\/dev.hempking.eu\/pl\/wp-content\/uploads\/sites\/2\/2020\/07\/2x-kapsulki.jpg\",\"contentUrl\":\"https:\/\/dev.hempking.eu\/pl\/wp-content\/uploads\/sites\/2\/2020\/07\/2x-kapsulki.jpg\",\"width\":1000,\"height\":1000,\"caption\":\"2 x kapsu\u0142ki cbd\"},{\"@type\":\"BreadcrumbList\",\"@id\":\"https:\/\/dev.hempking.eu\/pl\/2x-kapsulki-cbd-1000mg-50-sztuk\/#breadcrumb\",\"itemListElement\":[{\"@type\":\"ListItem\",\"position\":1,\"name\":\"Home\",\"item\":\"https:\/\/dev.hempking.eu\/pl\/\"},{\"@type\":\"ListItem\",\"position\":2,\"name\":\"Sklep\",\"item\":\"https:\/\/dev.hempking.eu\/pl\/shop\/\"},{\"@type\":\"ListItem\",\"position\":3,\"name\":\"Kapsu\u0142ki CBD\",\"item\":\"https:\/\/dev.hempking.eu\/pl\/kapsulki-cbd\/\"},{\"@type\":\"ListItem\",\"position\":4,\"name\":\"Zestaw: 2x Kapsu\u0142ki CBD (1000mg)+ CBDA, CBC, CBGA, CBG, CBDV, CBN \u2013 50 sztuk\"}]},{\"@type\":\"WebSite\",\"@id\":\"https:\/\/dev.hempking.eu\/pl\/#website\",\"url\":\"https:\/\/dev.hempking.eu\/pl\/\",\"name\":\"Hemp King\",\"description\":\"\",\"publisher\":{\"@id\":\"https:\/\/dev.hempking.eu\/pl\/#organization\"},\"potentialAction\":[{\"@type\":\"SearchAction\",\"target\":{\"@type\":\"EntryPoint\",\"urlTemplate\":\"https:\/\/dev.hempking.eu\/pl\/?s={search_term_string}\"},\"query-input\":{\"@type\":\"PropertyValueSpecification\",\"valueRequired\":true,\"valueName\":\"search_term_string\"}}],\"inLanguage\":\"pl-PL\"},{\"@type\":\"Organization\",\"@id\":\"https:\/\/dev.hempking.eu\/pl\/#organization\",\"name\":\"Hemp King\",\"url\":\"https:\/\/dev.hempking.eu\/pl\/\",\"logo\":{\"@type\":\"ImageObject\",\"inLanguage\":\"pl-PL\",\"@id\":\"https:\/\/dev.hempking.eu\/pl\/#\/schema\/logo\/image\/\",\"url\":\"https:\/\/dev.hempking.eu\/pl\/wp-content\/uploads\/sites\/2\/2020\/05\/hempking.png\",\"contentUrl\":\"https:\/\/dev.hempking.eu\/pl\/wp-content\/uploads\/sites\/2\/2020\/05\/hempking.png\",\"width\":148,\"height\":91,\"caption\":\"Hemp King\"},\"image\":{\"@id\":\"https:\/\/dev.hempking.eu\/pl\/#\/schema\/logo\/image\/\"},\"sameAs\":[\"https:\/\/www.facebook.com\/hempkingpoland\",\"https:\/\/x.com\/hempkingeu\",\"https:\/\/www.instagram.com\/hempkingeu\/\",\"https:\/\/www.linkedin.com\/company\/hempking-eu\/mycompany\/\",\"https:\/\/pl.pinterest.com\/hempkingeu\/\",\"https:\/\/www.youtube.com\/channel\/UCUkeZA1fj4hSZfoYm0WpZ7w\"]}]}<\/script>\n<meta property=\"product:price:amount\" content=\"204.90\" \/>\n<meta property=\"product:price:currency\" content=\"PLN\" \/>\n<meta property=\"og:availability\" content=\"instock\" \/>\n<meta property=\"product:availability\" content=\"instock\" \/>\n<meta property=\"product:condition\" content=\"new\" \/>\n<!-- \/ Yoast SEO Premium plugin. -->","yoast_head_json":{"title":"Zestaw: 2x Kapsu\u0142ki CBD (1000mg)+ CBDA, CBC, CBGA, CBG, CBDV, CBN \u2013 50 sztuk - Hemp King","description":"Zobacz \u261b Zestaw: 2x Kapsu\u0142ki CBD (1000mg)+ CBDA, CBC, CBGA, CBG, CBDV, CBN \u2013 50 sztuk w konopnym sklepie HempKing 100% naturalne. Zadbaj z nami o swoj\u0105 diet\u0119!","canonical":"https:\/\/dev.hempking.eu\/pl\/2x-kapsulki-cbd-1000mg-50-sztuk\/","og_locale":"pl_PL","og_type":"article","og_title":"Zestaw: 2x Kapsu\u0142ki CBD (1000mg)+ CBDA, CBC, CBGA, CBG, CBDV, CBN \u2013 50 sztuk","og_description":"Zobacz \u261b Zestaw: 2x Kapsu\u0142ki CBD (1000mg)+ CBDA, CBC, CBGA, CBG, CBDV, CBN \u2013 50 sztuk w konopnym sklepie HempKing 100% naturalne. Zadbaj z nami o swoj\u0105 diet\u0119!","og_url":"https:\/\/dev.hempking.eu\/pl\/2x-kapsulki-cbd-1000mg-50-sztuk\/","og_site_name":"Hemp King","article_publisher":"https:\/\/www.facebook.com\/hempkingpoland","article_modified_time":"2022-08-09T08:28:12+00:00","og_image":[{"width":1000,"height":1000,"url":"https:\/\/dev.hempking.eu\/pl\/wp-content\/uploads\/sites\/2\/2020\/07\/2x-kapsulki.jpg","type":"image\/jpeg"}],"twitter_card":"summary_large_image","twitter_site":"@hempkingeu","twitter_misc":{"Price":"204.90&nbsp;&#122;&#322;","Availability":"In stock"},"schema":{"@context":"https:\/\/schema.org","@graph":[{"@type":"WebPage","@id":"https:\/\/dev.hempking.eu\/pl\/2x-kapsulki-cbd-1000mg-50-sztuk\/","url":"https:\/\/dev.hempking.eu\/pl\/2x-kapsulki-cbd-1000mg-50-sztuk\/","name":"Zestaw: 2x Kapsu\u0142ki CBD (1000mg)+ CBDA, CBC, CBGA, CBG, CBDV, CBN \u2013 50 sztuk - Hemp King","isPartOf":{"@id":"https:\/\/dev.hempking.eu\/pl\/#website"},"primaryImageOfPage":{"@id":"https:\/\/dev.hempking.eu\/pl\/2x-kapsulki-cbd-1000mg-50-sztuk\/#primaryimage"},"image":{"@id":"https:\/\/dev.hempking.eu\/pl\/2x-kapsulki-cbd-1000mg-50-sztuk\/#primaryimage"},"thumbnailUrl":"https:\/\/dev.hempking.eu\/pl\/wp-content\/uploads\/sites\/2\/2020\/07\/2x-kapsulki.jpg","datePublished":"2020-07-13T09:29:01+00:00","dateModified":"2022-08-09T08:28:12+00:00","description":"Zobacz \u261b Zestaw: 2x Kapsu\u0142ki CBD (1000mg)+ CBDA, CBC, CBGA, CBG, CBDV, CBN \u2013 50 sztuk w konopnym sklepie HempKing 100% naturalne. Zadbaj z nami o swoj\u0105 diet\u0119!","breadcrumb":{"@id":"https:\/\/dev.hempking.eu\/pl\/2x-kapsulki-cbd-1000mg-50-sztuk\/#breadcrumb"},"inLanguage":"pl-PL","potentialAction":[{"@type":"ReadAction","target":["https:\/\/dev.hempking.eu\/pl\/2x-kapsulki-cbd-1000mg-50-sztuk\/"]}]},{"@type":"ImageObject","inLanguage":"pl-PL","@id":"https:\/\/dev.hempking.eu\/pl\/2x-kapsulki-cbd-1000mg-50-sztuk\/#primaryimage","url":"https:\/\/dev.hempking.eu\/pl\/wp-content\/uploads\/sites\/2\/2020\/07\/2x-kapsulki.jpg","contentUrl":"https:\/\/dev.hempking.eu\/pl\/wp-content\/uploads\/sites\/2\/2020\/07\/2x-kapsulki.jpg","width":1000,"height":1000,"caption":"2 x kapsu\u0142ki cbd"},{"@type":"BreadcrumbList","@id":"https:\/\/dev.hempking.eu\/pl\/2x-kapsulki-cbd-1000mg-50-sztuk\/#breadcrumb","itemListElement":[{"@type":"ListItem","position":1,"name":"Home","item":"https:\/\/dev.hempking.eu\/pl\/"},{"@type":"ListItem","position":2,"name":"Sklep","item":"https:\/\/dev.hempking.eu\/pl\/shop\/"},{"@type":"ListItem","position":3,"name":"Kapsu\u0142ki CBD","item":"https:\/\/dev.hempking.eu\/pl\/kapsulki-cbd\/"},{"@type":"ListItem","position":4,"name":"Zestaw: 2x Kapsu\u0142ki CBD (1000mg)+ CBDA, CBC, CBGA, CBG, CBDV, CBN \u2013 50 sztuk"}]},{"@type":"WebSite","@id":"https:\/\/dev.hempking.eu\/pl\/#website","url":"https:\/\/dev.hempking.eu\/pl\/","name":"Hemp King","description":"","publisher":{"@id":"https:\/\/dev.hempking.eu\/pl\/#organization"},"potentialAction":[{"@type":"SearchAction","target":{"@type":"EntryPoint","urlTemplate":"https:\/\/dev.hempking.eu\/pl\/?s={search_term_string}"},"query-input":{"@type":"PropertyValueSpecification","valueRequired":true,"valueName":"search_term_string"}}],"inLanguage":"pl-PL"},{"@type":"Organization","@id":"https:\/\/dev.hempking.eu\/pl\/#organization","name":"Hemp King","url":"https:\/\/dev.hempking.eu\/pl\/","logo":{"@type":"ImageObject","inLanguage":"pl-PL","@id":"https:\/\/dev.hempking.eu\/pl\/#\/schema\/logo\/image\/","url":"https:\/\/dev.hempking.eu\/pl\/wp-content\/uploads\/sites\/2\/2020\/05\/hempking.png","contentUrl":"https:\/\/dev.hempking.eu\/pl\/wp-content\/uploads\/sites\/2\/2020\/05\/hempking.png","width":148,"height":91,"caption":"Hemp King"},"image":{"@id":"https:\/\/dev.hempking.eu\/pl\/#\/schema\/logo\/image\/"},"sameAs":["https:\/\/www.facebook.com\/hempkingpoland","https:\/\/x.com\/hempkingeu","https:\/\/www.instagram.com\/hempkingeu\/","https:\/\/www.linkedin.com\/company\/hempking-eu\/mycompany\/","https:\/\/pl.pinterest.com\/hempkingeu\/","https:\/\/www.youtube.com\/channel\/UCUkeZA1fj4hSZfoYm0WpZ7w"]}]},"product_price_amount":"204.90","product_price_currency":"PLN","og_availability":"instock","product_availability":"instock","product_condition":"new"},"_links":{"self":[{"href":"https:\/\/dev.hempking.eu\/pl\/wp-json\/wp\/v2\/product\/655","targetHints":{"allow":["GET"]}}],"collection":[{"href":"https:\/\/dev.hempking.eu\/pl\/wp-json\/wp\/v2\/product"}],"about":[{"href":"https:\/\/dev.hempking.eu\/pl\/wp-json\/wp\/v2\/types\/product"}],"wp:featuredmedia":[{"embeddable":true,"href":"https:\/\/dev.hempking.eu\/pl\/wp-json\/wp\/v2\/media\/902"}],"wp:attachment":[{"href":"https:\/\/dev.hempking.eu\/pl\/wp-json\/wp\/v2\/media?parent=655"}],"wp:term":[{"taxonomy":"product_cat","embeddable":true,"href":"https:\/\/dev.hempking.eu\/pl\/wp-json\/wp\/v2\/product_cat?post=655"},{"taxonomy":"product_tag","embeddable":true,"href":"https:\/\/dev.hempking.eu\/pl\/wp-json\/wp\/v2\/product_tag?post=655"}],"curies":[{"name":"wp","href":"https:\/\/api.w.org\/{rel}","templated":true}]}}