{"id":656,"date":"2020-07-13T11:54:17","date_gmt":"2020-07-13T09:54:17","guid":{"rendered":"https:\/\/hempking.eu\/pl\/?post_type=product&#038;p=656"},"modified":"2022-11-30T15:48:39","modified_gmt":"2022-11-30T14:48:39","slug":"kapsulki-cbd-masc-cbd-salve","status":"publish","type":"product","link":"https:\/\/dev.hempking.eu\/pl\/kapsulki-cbd-masc-cbd-salve\/","title":{"rendered":"Zestaw: Kapsu\u0142ki CBD, CBDA, CBC, CBGA, CBG, CBDV, CBN+ Ma\u015b\u0107 CBD Salve"},"content":{"rendered":"<h2><strong>Kapsu\u0142ki konopne i ma\u015b\u0107 konopna &#8211; dbaj o siebie!<\/strong><\/h2>\n<p>Z tym zestawem zadbasz o siebie od wewn\u0105trz, jaki od zewn\u0105trz! Suplementuj naturalne fitosk\u0142adniki od \u015brodka, dzi\u0119ki naszym wygodnym i por\u0119cznym kapsu\u0142kom.<br \/>\nI piel\u0119gnuj swoj\u0105 sk\u00f3r\u0119, z ma\u015bci\u0105 CBD Salve! Nada ona jej pi\u0119kny, zdrowy po\u0142ysk i sprawi, \u017ce b\u0119dzie mi\u0119kka i nawil\u017cona.<\/p>\n<p><strong>Kompleksowy duet konopny!<\/strong><\/p>\n<p>&nbsp;<\/p>\n<h2><strong>Zestaw z kapsu\u0142kami i ma\u015bci\u0105\u00a0<\/strong><\/h2>\n<h2><strong>Kapsu\u0142ki to:<\/strong><\/h2>\n<ul>\n<li>50 mi\u0119kkich \u017celowych kapsu\u0142ek<\/li>\n<li>suplement z full spectrum naturalnych fitosk\u0142adnik\u00f3w CBD, CBDA, CBC, CBGA, CBG, CBDV, CBN (<a href=\"https:\/\/dev.hempking.eu\/wp-content\/certificates\/Kapsulki-CBD-LAB.pdf\">Badania kapsu\u0142ek HempKing<\/a>)<\/li>\n<li>jedna kapsu\u0142ka zawiera 2 krople olejku 10%<\/li>\n<li>brak smaku olejku konopnego<\/li>\n<li>produkt stale poddawany kontroli i badaniom<\/li>\n<\/ul>\n<h2><strong>Ma\u015b\u0107 CBD Salve to:<\/strong><\/h2>\n<ul>\n<li>100 ml naturalnych sk\u0142adnik\u00f3w<\/li>\n<li>naturalna ma\u015b\u0107 konopna<\/li>\n<li>bestseller!<\/li>\n<li>cudownie nawil\u017ca, nadaje si\u0119 do stosowania nawet u dzieci!<\/li>\n<\/ul>\n<p><a href=\"https:\/\/dev.hempking.eu\/pl\/masc-cbd-salve-1-100ml\/\"><strong>Zobacz wi\u0119cej w\u0142a\u015bciwo\u015bci ma\u015bci konopnej.<\/strong><\/a><\/p>\n<p><a href=\"https:\/\/dev.hempking.eu\/pl\/wp-content\/uploads\/sites\/2\/2020\/07\/warunki4-1.jpg\"><img loading=\"lazy\" decoding=\"async\" class=\"alignnone wp-image-104414 size-full\" src=\"https:\/\/dev.hempking.eu\/pl\/wp-content\/uploads\/sites\/2\/2020\/07\/warunki4-1.jpg\" alt=\"o\u015bwiadczenia CBD w UE\" width=\"755\" height=\"353\" srcset=\"https:\/\/dev.hempking.eu\/pl\/wp-content\/uploads\/sites\/2\/2020\/07\/warunki4-1.jpg 755w, https:\/\/dev.hempking.eu\/pl\/wp-content\/uploads\/sites\/2\/2020\/07\/warunki4-1-640x299.jpg 640w, https:\/\/dev.hempking.eu\/pl\/wp-content\/uploads\/sites\/2\/2020\/07\/warunki4-1-400x187.jpg 400w\" sizes=\"auto, (max-width: 755px) 100vw, 755px\" \/><\/a><\/p>\n<p><a href=\"https:\/\/dev.hempking.eu\/pl\/wp-content\/uploads\/sites\/2\/2020\/07\/warunki_4.jpg\"><img loading=\"lazy\" decoding=\"async\" class=\"alignnone size-full wp-image-100623\" src=\"https:\/\/dev.hempking.eu\/pl\/wp-content\/uploads\/sites\/2\/2020\/07\/warunki_4.jpg\" alt=\"fito sk\u0142adniki novel food\" width=\"755\" height=\"237\" srcset=\"https:\/\/dev.hempking.eu\/pl\/wp-content\/uploads\/sites\/2\/2020\/07\/warunki_4.jpg 755w, https:\/\/dev.hempking.eu\/pl\/wp-content\/uploads\/sites\/2\/2020\/07\/warunki_4-640x201.jpg 640w, https:\/\/dev.hempking.eu\/pl\/wp-content\/uploads\/sites\/2\/2020\/07\/warunki_4-400x126.jpg 400w\" sizes=\"auto, (max-width: 755px) 100vw, 755px\" \/><\/a><\/p>\n","protected":false},"excerpt":{"rendered":"<h2><strong>Zestaw zawiera:<\/strong><\/h2>\n<ul>\n<li><a href=\"https:\/\/dev.hempking.eu\/pl\/kapsulki-cbd-1000mg-50-sztuk\/\" target=\"_blank\" rel=\"noopener\">Kapsu\u0142ki konopne<\/a>\u00a0&#8211; 50 sztuk &#8211; 109 z\u0142<\/li>\n<li><a href=\"https:\/\/dev.hempking.eu\/pl\/masc-cbd-salve-1-100ml\/\" target=\"_blank\" rel=\"noopener\">Ma\u015b\u0107 konopna CBD 1% Salve<\/a> &#8211; 100ml &#8211; 119 z\u0142<\/li>\n<\/ul>\n<p><strong>Kupuj\u0105c zestaw oszcz\u0119dzasz 20%!<\/strong><\/p>\n<p>Kapsu\u0142ki konopne zawieraj\u0105 naturalne fitosk\u0142adniki CBD, CBDA, CBC, CBGA, CBG, CBDV, CBN (<a href=\"https:\/\/dev.hempking.eu\/wp-content\/certificates\/Kapsulki-CBD-LAB.pdf\">Badania kapsu\u0142ek HempKing<\/a>)<\/p>\n","protected":false},"featured_media":114781,"template":"","meta":{"_acf_changed":false},"product_cat":[19,33],"product_tag":[],"class_list":{"0":"post-656","1":"product","2":"type-product","3":"status-publish","4":"has-post-thumbnail","6":"product_cat-kapsulki-cbd","7":"product_cat-zestawy","9":"first","10":"instock","11":"sale","12":"shipping-taxable","13":"purchasable","14":"product-type-simple"},"acf":[],"yoast_head":"<!-- This site is optimized with the Yoast SEO Premium plugin v23.4 (Yoast SEO v24.0) - https:\/\/yoast.com\/wordpress\/plugins\/seo\/ -->\n<title>Zestaw: Kapsu\u0142ki CBD, CBDA, CBC, CBGA, CBG, CBDV, CBN+ Ma\u015b\u0107 CBD Salve - Hemp King<\/title>\n<meta name=\"description\" content=\"Zobacz \u261b Zestaw: Kapsu\u0142ki CBD, CBDA, CBC, CBGA, CBG, CBDV, CBN+ Ma\u015b\u0107 CBD Salve w konopnym sklepie HempKing 100% naturalne. Zadbaj z nami o swoj\u0105 diet\u0119!\" \/>\n<link rel=\"canonical\" href=\"https:\/\/dev.hempking.eu\/pl\/kapsulki-cbd-masc-cbd-salve\/\" \/>\n<meta property=\"og:locale\" content=\"pl_PL\" \/>\n<meta property=\"og:type\" content=\"article\" \/>\n<meta property=\"og:title\" content=\"Zestaw: Kapsu\u0142ki CBD, CBDA, CBC, CBGA, CBG, CBDV, CBN+ Ma\u015b\u0107 CBD Salve\" \/>\n<meta property=\"og:description\" content=\"Zobacz \u261b Zestaw: Kapsu\u0142ki CBD, CBDA, CBC, CBGA, CBG, CBDV, CBN+ Ma\u015b\u0107 CBD Salve w konopnym sklepie HempKing 100% naturalne. Zadbaj z nami o swoj\u0105 diet\u0119!\" \/>\n<meta property=\"og:url\" content=\"https:\/\/dev.hempking.eu\/pl\/kapsulki-cbd-masc-cbd-salve\/\" \/>\n<meta property=\"og:site_name\" content=\"Hemp King\" \/>\n<meta property=\"article:publisher\" content=\"https:\/\/www.facebook.com\/hempkingpoland\" \/>\n<meta property=\"article:modified_time\" content=\"2022-11-30T14:48:39+00:00\" \/>\n<meta property=\"og:image\" content=\"https:\/\/dev.hempking.eu\/pl\/wp-content\/uploads\/sites\/2\/2020\/07\/Projekt-bez-tytulu-14.png\" \/>\n\t<meta property=\"og:image:width\" content=\"1000\" \/>\n\t<meta property=\"og:image:height\" content=\"1000\" \/>\n\t<meta property=\"og:image:type\" content=\"image\/png\" \/>\n<meta name=\"twitter:card\" content=\"summary_large_image\" \/>\n<meta name=\"twitter:site\" content=\"@hempkingeu\" \/>\n<meta name=\"twitter:label1\" content=\"Price\" \/>\n\t<meta name=\"twitter:data1\" content=\"182.40&nbsp;&#122;&#322;\" \/>\n\t<meta name=\"twitter:label2\" content=\"Availability\" \/>\n\t<meta name=\"twitter:data2\" content=\"In stock\" \/>\n<script type=\"application\/ld+json\" class=\"yoast-schema-graph\">{\"@context\":\"https:\/\/schema.org\",\"@graph\":[{\"@type\":\"WebPage\",\"@id\":\"https:\/\/dev.hempking.eu\/pl\/kapsulki-cbd-masc-cbd-salve\/\",\"url\":\"https:\/\/dev.hempking.eu\/pl\/kapsulki-cbd-masc-cbd-salve\/\",\"name\":\"Zestaw: Kapsu\u0142ki CBD, CBDA, CBC, CBGA, CBG, CBDV, CBN+ Ma\u015b\u0107 CBD Salve - Hemp King\",\"isPartOf\":{\"@id\":\"https:\/\/dev.hempking.eu\/pl\/#website\"},\"primaryImageOfPage\":{\"@id\":\"https:\/\/dev.hempking.eu\/pl\/kapsulki-cbd-masc-cbd-salve\/#primaryimage\"},\"image\":{\"@id\":\"https:\/\/dev.hempking.eu\/pl\/kapsulki-cbd-masc-cbd-salve\/#primaryimage\"},\"thumbnailUrl\":\"https:\/\/dev.hempking.eu\/pl\/wp-content\/uploads\/sites\/2\/2020\/07\/Projekt-bez-tytulu-14.png\",\"datePublished\":\"2020-07-13T09:54:17+00:00\",\"dateModified\":\"2022-11-30T14:48:39+00:00\",\"description\":\"Zobacz \u261b Zestaw: Kapsu\u0142ki CBD, CBDA, CBC, CBGA, CBG, CBDV, CBN+ Ma\u015b\u0107 CBD Salve w konopnym sklepie HempKing 100% naturalne. Zadbaj z nami o swoj\u0105 diet\u0119!\",\"breadcrumb\":{\"@id\":\"https:\/\/dev.hempking.eu\/pl\/kapsulki-cbd-masc-cbd-salve\/#breadcrumb\"},\"inLanguage\":\"pl-PL\",\"potentialAction\":[{\"@type\":\"ReadAction\",\"target\":[\"https:\/\/dev.hempking.eu\/pl\/kapsulki-cbd-masc-cbd-salve\/\"]}]},{\"@type\":\"ImageObject\",\"inLanguage\":\"pl-PL\",\"@id\":\"https:\/\/dev.hempking.eu\/pl\/kapsulki-cbd-masc-cbd-salve\/#primaryimage\",\"url\":\"https:\/\/dev.hempking.eu\/pl\/wp-content\/uploads\/sites\/2\/2020\/07\/Projekt-bez-tytulu-14.png\",\"contentUrl\":\"https:\/\/dev.hempking.eu\/pl\/wp-content\/uploads\/sites\/2\/2020\/07\/Projekt-bez-tytulu-14.png\",\"width\":1000,\"height\":1000,\"caption\":\"salve kapsu\u0142ki cbd\"},{\"@type\":\"BreadcrumbList\",\"@id\":\"https:\/\/dev.hempking.eu\/pl\/kapsulki-cbd-masc-cbd-salve\/#breadcrumb\",\"itemListElement\":[{\"@type\":\"ListItem\",\"position\":1,\"name\":\"Home\",\"item\":\"https:\/\/dev.hempking.eu\/pl\/\"},{\"@type\":\"ListItem\",\"position\":2,\"name\":\"Sklep\",\"item\":\"https:\/\/dev.hempking.eu\/pl\/shop\/\"},{\"@type\":\"ListItem\",\"position\":3,\"name\":\"Kapsu\u0142ki CBD\",\"item\":\"https:\/\/dev.hempking.eu\/pl\/kapsulki-cbd\/\"},{\"@type\":\"ListItem\",\"position\":4,\"name\":\"Zestaw: Kapsu\u0142ki CBD, CBDA, CBC, CBGA, CBG, CBDV, CBN+ Ma\u015b\u0107 CBD Salve\"}]},{\"@type\":\"WebSite\",\"@id\":\"https:\/\/dev.hempking.eu\/pl\/#website\",\"url\":\"https:\/\/dev.hempking.eu\/pl\/\",\"name\":\"Hemp King\",\"description\":\"\",\"publisher\":{\"@id\":\"https:\/\/dev.hempking.eu\/pl\/#organization\"},\"potentialAction\":[{\"@type\":\"SearchAction\",\"target\":{\"@type\":\"EntryPoint\",\"urlTemplate\":\"https:\/\/dev.hempking.eu\/pl\/?s={search_term_string}\"},\"query-input\":{\"@type\":\"PropertyValueSpecification\",\"valueRequired\":true,\"valueName\":\"search_term_string\"}}],\"inLanguage\":\"pl-PL\"},{\"@type\":\"Organization\",\"@id\":\"https:\/\/dev.hempking.eu\/pl\/#organization\",\"name\":\"Hemp King\",\"url\":\"https:\/\/dev.hempking.eu\/pl\/\",\"logo\":{\"@type\":\"ImageObject\",\"inLanguage\":\"pl-PL\",\"@id\":\"https:\/\/dev.hempking.eu\/pl\/#\/schema\/logo\/image\/\",\"url\":\"https:\/\/dev.hempking.eu\/pl\/wp-content\/uploads\/sites\/2\/2020\/05\/hempking.png\",\"contentUrl\":\"https:\/\/dev.hempking.eu\/pl\/wp-content\/uploads\/sites\/2\/2020\/05\/hempking.png\",\"width\":148,\"height\":91,\"caption\":\"Hemp King\"},\"image\":{\"@id\":\"https:\/\/dev.hempking.eu\/pl\/#\/schema\/logo\/image\/\"},\"sameAs\":[\"https:\/\/www.facebook.com\/hempkingpoland\",\"https:\/\/x.com\/hempkingeu\",\"https:\/\/www.instagram.com\/hempkingeu\/\",\"https:\/\/www.linkedin.com\/company\/hempking-eu\/mycompany\/\",\"https:\/\/pl.pinterest.com\/hempkingeu\/\",\"https:\/\/www.youtube.com\/channel\/UCUkeZA1fj4hSZfoYm0WpZ7w\"]}]}<\/script>\n<meta property=\"product:price:amount\" content=\"182.40\" \/>\n<meta property=\"product:price:currency\" content=\"PLN\" \/>\n<meta property=\"og:availability\" content=\"instock\" \/>\n<meta property=\"product:availability\" content=\"instock\" \/>\n<meta property=\"product:condition\" content=\"new\" \/>\n<!-- \/ Yoast SEO Premium plugin. -->","yoast_head_json":{"title":"Zestaw: Kapsu\u0142ki CBD, CBDA, CBC, CBGA, CBG, CBDV, CBN+ Ma\u015b\u0107 CBD Salve - Hemp King","description":"Zobacz \u261b Zestaw: Kapsu\u0142ki CBD, CBDA, CBC, CBGA, CBG, CBDV, CBN+ Ma\u015b\u0107 CBD Salve w konopnym sklepie HempKing 100% naturalne. Zadbaj z nami o swoj\u0105 diet\u0119!","canonical":"https:\/\/dev.hempking.eu\/pl\/kapsulki-cbd-masc-cbd-salve\/","og_locale":"pl_PL","og_type":"article","og_title":"Zestaw: Kapsu\u0142ki CBD, CBDA, CBC, CBGA, CBG, CBDV, CBN+ Ma\u015b\u0107 CBD Salve","og_description":"Zobacz \u261b Zestaw: Kapsu\u0142ki CBD, CBDA, CBC, CBGA, CBG, CBDV, CBN+ Ma\u015b\u0107 CBD Salve w konopnym sklepie HempKing 100% naturalne. Zadbaj z nami o swoj\u0105 diet\u0119!","og_url":"https:\/\/dev.hempking.eu\/pl\/kapsulki-cbd-masc-cbd-salve\/","og_site_name":"Hemp King","article_publisher":"https:\/\/www.facebook.com\/hempkingpoland","article_modified_time":"2022-11-30T14:48:39+00:00","og_image":[{"width":1000,"height":1000,"url":"https:\/\/dev.hempking.eu\/pl\/wp-content\/uploads\/sites\/2\/2020\/07\/Projekt-bez-tytulu-14.png","type":"image\/png"}],"twitter_card":"summary_large_image","twitter_site":"@hempkingeu","twitter_misc":{"Price":"182.40&nbsp;&#122;&#322;","Availability":"In stock"},"schema":{"@context":"https:\/\/schema.org","@graph":[{"@type":"WebPage","@id":"https:\/\/dev.hempking.eu\/pl\/kapsulki-cbd-masc-cbd-salve\/","url":"https:\/\/dev.hempking.eu\/pl\/kapsulki-cbd-masc-cbd-salve\/","name":"Zestaw: Kapsu\u0142ki CBD, CBDA, CBC, CBGA, CBG, CBDV, CBN+ Ma\u015b\u0107 CBD Salve - Hemp King","isPartOf":{"@id":"https:\/\/dev.hempking.eu\/pl\/#website"},"primaryImageOfPage":{"@id":"https:\/\/dev.hempking.eu\/pl\/kapsulki-cbd-masc-cbd-salve\/#primaryimage"},"image":{"@id":"https:\/\/dev.hempking.eu\/pl\/kapsulki-cbd-masc-cbd-salve\/#primaryimage"},"thumbnailUrl":"https:\/\/dev.hempking.eu\/pl\/wp-content\/uploads\/sites\/2\/2020\/07\/Projekt-bez-tytulu-14.png","datePublished":"2020-07-13T09:54:17+00:00","dateModified":"2022-11-30T14:48:39+00:00","description":"Zobacz \u261b Zestaw: Kapsu\u0142ki CBD, CBDA, CBC, CBGA, CBG, CBDV, CBN+ Ma\u015b\u0107 CBD Salve w konopnym sklepie HempKing 100% naturalne. Zadbaj z nami o swoj\u0105 diet\u0119!","breadcrumb":{"@id":"https:\/\/dev.hempking.eu\/pl\/kapsulki-cbd-masc-cbd-salve\/#breadcrumb"},"inLanguage":"pl-PL","potentialAction":[{"@type":"ReadAction","target":["https:\/\/dev.hempking.eu\/pl\/kapsulki-cbd-masc-cbd-salve\/"]}]},{"@type":"ImageObject","inLanguage":"pl-PL","@id":"https:\/\/dev.hempking.eu\/pl\/kapsulki-cbd-masc-cbd-salve\/#primaryimage","url":"https:\/\/dev.hempking.eu\/pl\/wp-content\/uploads\/sites\/2\/2020\/07\/Projekt-bez-tytulu-14.png","contentUrl":"https:\/\/dev.hempking.eu\/pl\/wp-content\/uploads\/sites\/2\/2020\/07\/Projekt-bez-tytulu-14.png","width":1000,"height":1000,"caption":"salve kapsu\u0142ki cbd"},{"@type":"BreadcrumbList","@id":"https:\/\/dev.hempking.eu\/pl\/kapsulki-cbd-masc-cbd-salve\/#breadcrumb","itemListElement":[{"@type":"ListItem","position":1,"name":"Home","item":"https:\/\/dev.hempking.eu\/pl\/"},{"@type":"ListItem","position":2,"name":"Sklep","item":"https:\/\/dev.hempking.eu\/pl\/shop\/"},{"@type":"ListItem","position":3,"name":"Kapsu\u0142ki CBD","item":"https:\/\/dev.hempking.eu\/pl\/kapsulki-cbd\/"},{"@type":"ListItem","position":4,"name":"Zestaw: Kapsu\u0142ki CBD, CBDA, CBC, CBGA, CBG, CBDV, CBN+ Ma\u015b\u0107 CBD Salve"}]},{"@type":"WebSite","@id":"https:\/\/dev.hempking.eu\/pl\/#website","url":"https:\/\/dev.hempking.eu\/pl\/","name":"Hemp King","description":"","publisher":{"@id":"https:\/\/dev.hempking.eu\/pl\/#organization"},"potentialAction":[{"@type":"SearchAction","target":{"@type":"EntryPoint","urlTemplate":"https:\/\/dev.hempking.eu\/pl\/?s={search_term_string}"},"query-input":{"@type":"PropertyValueSpecification","valueRequired":true,"valueName":"search_term_string"}}],"inLanguage":"pl-PL"},{"@type":"Organization","@id":"https:\/\/dev.hempking.eu\/pl\/#organization","name":"Hemp King","url":"https:\/\/dev.hempking.eu\/pl\/","logo":{"@type":"ImageObject","inLanguage":"pl-PL","@id":"https:\/\/dev.hempking.eu\/pl\/#\/schema\/logo\/image\/","url":"https:\/\/dev.hempking.eu\/pl\/wp-content\/uploads\/sites\/2\/2020\/05\/hempking.png","contentUrl":"https:\/\/dev.hempking.eu\/pl\/wp-content\/uploads\/sites\/2\/2020\/05\/hempking.png","width":148,"height":91,"caption":"Hemp King"},"image":{"@id":"https:\/\/dev.hempking.eu\/pl\/#\/schema\/logo\/image\/"},"sameAs":["https:\/\/www.facebook.com\/hempkingpoland","https:\/\/x.com\/hempkingeu","https:\/\/www.instagram.com\/hempkingeu\/","https:\/\/www.linkedin.com\/company\/hempking-eu\/mycompany\/","https:\/\/pl.pinterest.com\/hempkingeu\/","https:\/\/www.youtube.com\/channel\/UCUkeZA1fj4hSZfoYm0WpZ7w"]}]},"product_price_amount":"182.40","product_price_currency":"PLN","og_availability":"instock","product_availability":"instock","product_condition":"new"},"_links":{"self":[{"href":"https:\/\/dev.hempking.eu\/pl\/wp-json\/wp\/v2\/product\/656","targetHints":{"allow":["GET"]}}],"collection":[{"href":"https:\/\/dev.hempking.eu\/pl\/wp-json\/wp\/v2\/product"}],"about":[{"href":"https:\/\/dev.hempking.eu\/pl\/wp-json\/wp\/v2\/types\/product"}],"wp:featuredmedia":[{"embeddable":true,"href":"https:\/\/dev.hempking.eu\/pl\/wp-json\/wp\/v2\/media\/114781"}],"wp:attachment":[{"href":"https:\/\/dev.hempking.eu\/pl\/wp-json\/wp\/v2\/media?parent=656"}],"wp:term":[{"taxonomy":"product_cat","embeddable":true,"href":"https:\/\/dev.hempking.eu\/pl\/wp-json\/wp\/v2\/product_cat?post=656"},{"taxonomy":"product_tag","embeddable":true,"href":"https:\/\/dev.hempking.eu\/pl\/wp-json\/wp\/v2\/product_tag?post=656"}],"curies":[{"name":"wp","href":"https:\/\/api.w.org\/{rel}","templated":true}]}}