{"id":657,"date":"2020-07-13T12:00:14","date_gmt":"2020-07-13T10:00:14","guid":{"rendered":"https:\/\/hempking.eu\/pl\/?post_type=product&#038;p=657"},"modified":"2023-03-21T15:48:48","modified_gmt":"2023-03-21T14:48:48","slug":"kapsulki-cbd-herbatka-konopna-w-piramidkach","status":"publish","type":"product","link":"https:\/\/dev.hempking.eu\/pl\/kapsulki-cbd-herbatka-konopna-w-piramidkach\/","title":{"rendered":"Zestaw: Kapsu\u0142ki CBD, CBDA, CBC, CBGA, CBG, CBDV, CBN + herbatka konopna w piramidkach"},"content":{"rendered":"<h2>Kapsu\u0142ki konopne i herbatka w piramidkach &#8211; konopny zestaw dla pocz\u0105tkuj\u0105cych<\/h2>\n<p>Je\u015bli nie wiesz, czy konopie s\u0105 dla Ciebie lub je\u015bli smak olejku konopnego nie przypad\u0142 Ci do gustu, to ten zestaw powsta\u0142 z my\u015bl\u0105 w\u0142a\u015bnie o Tobie!<br \/>\nTe produkty s\u0105 niezwykle wygodne w u\u017cyciu. Kapsu\u0142ki suplementuje si\u0119 z \u0142atwo\u015bci\u0105, a herbatka w torebkach wype\u0142niona jest po brzegi smakiem konopi.<\/p>\n<p><strong>Sprawd\u017a je w zestawie taniej!<\/strong><\/p>\n<p>&nbsp;<\/p>\n<h2><strong>Zestaw z kapsu\u0142kami i Herbatk\u0105 w piramidkach<\/strong><\/h2>\n<h2><strong>Kapsu\u0142ki to:<\/strong><\/h2>\n<ul>\n<li>50 sztuk kapsu\u0142ek<\/li>\n<li>naturalnie wyst\u0119puj\u0105ce fitosk\u0142adniki (CBD, CBDA,\u00a0 CBC, CBGA, CBG, CBDV, CBN ) o pe\u0142nym spektrum,<\/li>\n<li>produkt przebadany i certyfikowany\u00a0(<a href=\"https:\/\/dev.hempking.eu\/wp-content\/certificates\/Kapsulki-CBD-LAB.pdf\">Badania kapsu\u0142ek Hemp King<\/a>)<\/li>\n<li>ka\u017cda kapsu\u0142ka to 2 krople olejku o st\u0119\u017ceniu 10%<\/li>\n<li>wygodny s\u0142oiczek<\/li>\n<li>suplement diety<\/li>\n<\/ul>\n<h2><strong>Herbatka konopna w piramidkach to:<\/strong><\/h2>\n<ul>\n<li>20 piramidek pe\u0142nych konopi z czystych upraw<\/li>\n<li>100% natury w ka\u017cdej torebce herbatki<\/li>\n<li>sprawdzone uprawy konopne w Polsce<\/li>\n<li>r\u0119cznie zbieramy i sortujemy konopie na herbatk\u0119<\/li>\n<li>waga: 40g<\/li>\n<\/ul>\n<p>&nbsp;<\/p>\n<p><strong>Herbatk\u0119 bez kapsu\u0142ek znajdziesz <a href=\"https:\/\/dev.hempking.eu\/pl\/herbatka-konopna-w-piramidkach\/\">TUTAJ<\/a>.<\/strong><\/p>\n<p><a href=\"https:\/\/dev.hempking.eu\/pl\/wp-content\/uploads\/sites\/2\/2020\/07\/warunki4-1.jpg\"><img loading=\"lazy\" decoding=\"async\" class=\"alignnone wp-image-104414 size-full\" src=\"https:\/\/dev.hempking.eu\/pl\/wp-content\/uploads\/sites\/2\/2020\/07\/warunki4-1.jpg\" alt=\"o\u015bwiadczenia CBD w UE\" width=\"755\" height=\"353\" srcset=\"https:\/\/dev.hempking.eu\/pl\/wp-content\/uploads\/sites\/2\/2020\/07\/warunki4-1.jpg 755w, https:\/\/dev.hempking.eu\/pl\/wp-content\/uploads\/sites\/2\/2020\/07\/warunki4-1-640x299.jpg 640w, https:\/\/dev.hempking.eu\/pl\/wp-content\/uploads\/sites\/2\/2020\/07\/warunki4-1-400x187.jpg 400w\" sizes=\"auto, (max-width: 755px) 100vw, 755px\" \/><\/a><\/p>\n<p><a href=\"https:\/\/dev.hempking.eu\/pl\/wp-content\/uploads\/sites\/2\/2020\/07\/warunki_4.jpg\"><img loading=\"lazy\" decoding=\"async\" class=\"alignnone size-full wp-image-100623\" src=\"https:\/\/dev.hempking.eu\/pl\/wp-content\/uploads\/sites\/2\/2020\/07\/warunki_4.jpg\" alt=\"fito sk\u0142adniki novel food\" width=\"755\" height=\"237\" srcset=\"https:\/\/dev.hempking.eu\/pl\/wp-content\/uploads\/sites\/2\/2020\/07\/warunki_4.jpg 755w, https:\/\/dev.hempking.eu\/pl\/wp-content\/uploads\/sites\/2\/2020\/07\/warunki_4-640x201.jpg 640w, https:\/\/dev.hempking.eu\/pl\/wp-content\/uploads\/sites\/2\/2020\/07\/warunki_4-400x126.jpg 400w\" sizes=\"auto, (max-width: 755px) 100vw, 755px\" \/><\/a><\/p>\n","protected":false},"excerpt":{"rendered":"<h2><strong>Zestaw zawiera:<\/strong><\/h2>\n<ul>\n<li>Kapsu\u0142ki (50 sztuk) zawieraj\u0105ce naturalne fitosk\u0142adniki CBD, CBDA, CBC, CBGA, CBG, CBDV, CBN (<a href=\"https:\/\/dev.hempking.eu\/wp-content\/certificates\/Kapsulki-CBD-LAB.pdf\">Badania<\/a>)<\/li>\n<li>Herbatk\u0119 konopn\u0105 w piramidkach &#8211; 40g<\/li>\n<\/ul>\n","protected":false},"featured_media":920,"template":"","meta":{"_acf_changed":false},"product_cat":[19,26,33],"product_tag":[],"class_list":{"0":"post-657","1":"product","2":"type-product","3":"status-publish","4":"has-post-thumbnail","6":"product_cat-kapsulki-cbd","7":"product_cat-herbatki-konopne","8":"product_cat-zestawy","10":"first","11":"instock","12":"sale","13":"shipping-taxable","14":"purchasable","15":"product-type-simple"},"acf":[],"yoast_head":"<!-- This site is optimized with the Yoast SEO Premium plugin v23.4 (Yoast SEO v24.0) - https:\/\/yoast.com\/wordpress\/plugins\/seo\/ -->\n<title>Zestaw: Kapsu\u0142ki CBD, CBDA, CBC, CBGA, CBG, CBDV, CBN + herbatka konopna w piramidkach - Hemp King<\/title>\n<meta name=\"description\" content=\"Zobacz \u261b Zestaw: Kapsu\u0142ki CBD, CBDA, CBC, CBGA, CBG, CBDV, CBN + herbatka konopna w piramidkach w konopnym sklepie HempKing 100% naturalne. Zadbaj z nami o swoj\u0105 diet\u0119!\" \/>\n<link rel=\"canonical\" href=\"https:\/\/dev.hempking.eu\/pl\/kapsulki-cbd-herbatka-konopna-w-piramidkach\/\" \/>\n<meta property=\"og:locale\" content=\"pl_PL\" \/>\n<meta property=\"og:type\" content=\"article\" \/>\n<meta property=\"og:title\" content=\"Zestaw: Kapsu\u0142ki CBD, CBDA, CBC, CBGA, CBG, CBDV, CBN + herbatka konopna w piramidkach\" \/>\n<meta property=\"og:description\" content=\"Zobacz \u261b Zestaw: Kapsu\u0142ki CBD, CBDA, CBC, CBGA, CBG, CBDV, CBN + herbatka konopna w piramidkach w konopnym sklepie HempKing 100% naturalne. Zadbaj z nami o swoj\u0105 diet\u0119!\" \/>\n<meta property=\"og:url\" content=\"https:\/\/dev.hempking.eu\/pl\/kapsulki-cbd-herbatka-konopna-w-piramidkach\/\" \/>\n<meta property=\"og:site_name\" content=\"Hemp King\" \/>\n<meta property=\"article:publisher\" content=\"https:\/\/www.facebook.com\/hempkingpoland\" \/>\n<meta property=\"article:modified_time\" content=\"2023-03-21T14:48:48+00:00\" \/>\n<meta property=\"og:image\" content=\"https:\/\/dev.hempking.eu\/pl\/wp-content\/uploads\/sites\/2\/2020\/07\/herbatka-kapsulki-cbd.jpg\" \/>\n\t<meta property=\"og:image:width\" content=\"1000\" \/>\n\t<meta property=\"og:image:height\" content=\"1000\" \/>\n\t<meta property=\"og:image:type\" content=\"image\/jpeg\" \/>\n<meta name=\"twitter:card\" content=\"summary_large_image\" \/>\n<meta name=\"twitter:site\" content=\"@hempkingeu\" \/>\n<meta name=\"twitter:label1\" content=\"Price\" \/>\n\t<meta name=\"twitter:data1\" content=\"129.90&nbsp;&#122;&#322;\" \/>\n\t<meta name=\"twitter:label2\" content=\"Availability\" \/>\n\t<meta name=\"twitter:data2\" content=\"In stock\" \/>\n<script type=\"application\/ld+json\" class=\"yoast-schema-graph\">{\"@context\":\"https:\/\/schema.org\",\"@graph\":[{\"@type\":\"WebPage\",\"@id\":\"https:\/\/dev.hempking.eu\/pl\/kapsulki-cbd-herbatka-konopna-w-piramidkach\/\",\"url\":\"https:\/\/dev.hempking.eu\/pl\/kapsulki-cbd-herbatka-konopna-w-piramidkach\/\",\"name\":\"Zestaw: Kapsu\u0142ki CBD, CBDA, CBC, CBGA, CBG, CBDV, CBN + herbatka konopna w piramidkach - Hemp King\",\"isPartOf\":{\"@id\":\"https:\/\/dev.hempking.eu\/pl\/#website\"},\"primaryImageOfPage\":{\"@id\":\"https:\/\/dev.hempking.eu\/pl\/kapsulki-cbd-herbatka-konopna-w-piramidkach\/#primaryimage\"},\"image\":{\"@id\":\"https:\/\/dev.hempking.eu\/pl\/kapsulki-cbd-herbatka-konopna-w-piramidkach\/#primaryimage\"},\"thumbnailUrl\":\"https:\/\/dev.hempking.eu\/pl\/wp-content\/uploads\/sites\/2\/2020\/07\/herbatka-kapsulki-cbd.jpg\",\"datePublished\":\"2020-07-13T10:00:14+00:00\",\"dateModified\":\"2023-03-21T14:48:48+00:00\",\"description\":\"Zobacz \u261b Zestaw: Kapsu\u0142ki CBD, CBDA, CBC, CBGA, CBG, CBDV, CBN + herbatka konopna w piramidkach w konopnym sklepie HempKing 100% naturalne. Zadbaj z nami o swoj\u0105 diet\u0119!\",\"breadcrumb\":{\"@id\":\"https:\/\/dev.hempking.eu\/pl\/kapsulki-cbd-herbatka-konopna-w-piramidkach\/#breadcrumb\"},\"inLanguage\":\"pl-PL\",\"potentialAction\":[{\"@type\":\"ReadAction\",\"target\":[\"https:\/\/dev.hempking.eu\/pl\/kapsulki-cbd-herbatka-konopna-w-piramidkach\/\"]}]},{\"@type\":\"ImageObject\",\"inLanguage\":\"pl-PL\",\"@id\":\"https:\/\/dev.hempking.eu\/pl\/kapsulki-cbd-herbatka-konopna-w-piramidkach\/#primaryimage\",\"url\":\"https:\/\/dev.hempking.eu\/pl\/wp-content\/uploads\/sites\/2\/2020\/07\/herbatka-kapsulki-cbd.jpg\",\"contentUrl\":\"https:\/\/dev.hempking.eu\/pl\/wp-content\/uploads\/sites\/2\/2020\/07\/herbatka-kapsulki-cbd.jpg\",\"width\":1000,\"height\":1000,\"caption\":\"herbatka w piramidkach + kapsu\u0142ki cbd\"},{\"@type\":\"BreadcrumbList\",\"@id\":\"https:\/\/dev.hempking.eu\/pl\/kapsulki-cbd-herbatka-konopna-w-piramidkach\/#breadcrumb\",\"itemListElement\":[{\"@type\":\"ListItem\",\"position\":1,\"name\":\"Home\",\"item\":\"https:\/\/dev.hempking.eu\/pl\/\"},{\"@type\":\"ListItem\",\"position\":2,\"name\":\"Sklep\",\"item\":\"https:\/\/dev.hempking.eu\/pl\/shop\/\"},{\"@type\":\"ListItem\",\"position\":3,\"name\":\"\u017bywno\u015b\u0107 konopna\",\"item\":\"https:\/\/dev.hempking.eu\/pl\/zywnosc-konopna\/\"},{\"@type\":\"ListItem\",\"position\":4,\"name\":\"Herbatki konopne\",\"item\":\"https:\/\/dev.hempking.eu\/pl\/herbatki-konopne\/\"},{\"@type\":\"ListItem\",\"position\":5,\"name\":\"Zestaw: Kapsu\u0142ki CBD, CBDA, CBC, CBGA, CBG, CBDV, CBN + herbatka konopna w piramidkach\"}]},{\"@type\":\"WebSite\",\"@id\":\"https:\/\/dev.hempking.eu\/pl\/#website\",\"url\":\"https:\/\/dev.hempking.eu\/pl\/\",\"name\":\"Hemp King\",\"description\":\"\",\"publisher\":{\"@id\":\"https:\/\/dev.hempking.eu\/pl\/#organization\"},\"potentialAction\":[{\"@type\":\"SearchAction\",\"target\":{\"@type\":\"EntryPoint\",\"urlTemplate\":\"https:\/\/dev.hempking.eu\/pl\/?s={search_term_string}\"},\"query-input\":{\"@type\":\"PropertyValueSpecification\",\"valueRequired\":true,\"valueName\":\"search_term_string\"}}],\"inLanguage\":\"pl-PL\"},{\"@type\":\"Organization\",\"@id\":\"https:\/\/dev.hempking.eu\/pl\/#organization\",\"name\":\"Hemp King\",\"url\":\"https:\/\/dev.hempking.eu\/pl\/\",\"logo\":{\"@type\":\"ImageObject\",\"inLanguage\":\"pl-PL\",\"@id\":\"https:\/\/dev.hempking.eu\/pl\/#\/schema\/logo\/image\/\",\"url\":\"https:\/\/dev.hempking.eu\/pl\/wp-content\/uploads\/sites\/2\/2020\/05\/hempking.png\",\"contentUrl\":\"https:\/\/dev.hempking.eu\/pl\/wp-content\/uploads\/sites\/2\/2020\/05\/hempking.png\",\"width\":148,\"height\":91,\"caption\":\"Hemp King\"},\"image\":{\"@id\":\"https:\/\/dev.hempking.eu\/pl\/#\/schema\/logo\/image\/\"},\"sameAs\":[\"https:\/\/www.facebook.com\/hempkingpoland\",\"https:\/\/x.com\/hempkingeu\",\"https:\/\/www.instagram.com\/hempkingeu\/\",\"https:\/\/www.linkedin.com\/company\/hempking-eu\/mycompany\/\",\"https:\/\/pl.pinterest.com\/hempkingeu\/\",\"https:\/\/www.youtube.com\/channel\/UCUkeZA1fj4hSZfoYm0WpZ7w\"]}]}<\/script>\n<meta property=\"product:price:amount\" content=\"129.90\" \/>\n<meta property=\"product:price:currency\" content=\"PLN\" \/>\n<meta property=\"og:availability\" content=\"instock\" \/>\n<meta property=\"product:availability\" content=\"instock\" \/>\n<meta property=\"product:condition\" content=\"new\" \/>\n<!-- \/ Yoast SEO Premium plugin. -->","yoast_head_json":{"title":"Zestaw: Kapsu\u0142ki CBD, CBDA, CBC, CBGA, CBG, CBDV, CBN + herbatka konopna w piramidkach - Hemp King","description":"Zobacz \u261b Zestaw: Kapsu\u0142ki CBD, CBDA, CBC, CBGA, CBG, CBDV, CBN + herbatka konopna w piramidkach w konopnym sklepie HempKing 100% naturalne. Zadbaj z nami o swoj\u0105 diet\u0119!","canonical":"https:\/\/dev.hempking.eu\/pl\/kapsulki-cbd-herbatka-konopna-w-piramidkach\/","og_locale":"pl_PL","og_type":"article","og_title":"Zestaw: Kapsu\u0142ki CBD, CBDA, CBC, CBGA, CBG, CBDV, CBN + herbatka konopna w piramidkach","og_description":"Zobacz \u261b Zestaw: Kapsu\u0142ki CBD, CBDA, CBC, CBGA, CBG, CBDV, CBN + herbatka konopna w piramidkach w konopnym sklepie HempKing 100% naturalne. Zadbaj z nami o swoj\u0105 diet\u0119!","og_url":"https:\/\/dev.hempking.eu\/pl\/kapsulki-cbd-herbatka-konopna-w-piramidkach\/","og_site_name":"Hemp King","article_publisher":"https:\/\/www.facebook.com\/hempkingpoland","article_modified_time":"2023-03-21T14:48:48+00:00","og_image":[{"width":1000,"height":1000,"url":"https:\/\/dev.hempking.eu\/pl\/wp-content\/uploads\/sites\/2\/2020\/07\/herbatka-kapsulki-cbd.jpg","type":"image\/jpeg"}],"twitter_card":"summary_large_image","twitter_site":"@hempkingeu","twitter_misc":{"Price":"129.90&nbsp;&#122;&#322;","Availability":"In stock"},"schema":{"@context":"https:\/\/schema.org","@graph":[{"@type":"WebPage","@id":"https:\/\/dev.hempking.eu\/pl\/kapsulki-cbd-herbatka-konopna-w-piramidkach\/","url":"https:\/\/dev.hempking.eu\/pl\/kapsulki-cbd-herbatka-konopna-w-piramidkach\/","name":"Zestaw: Kapsu\u0142ki CBD, CBDA, CBC, CBGA, CBG, CBDV, CBN + herbatka konopna w piramidkach - Hemp King","isPartOf":{"@id":"https:\/\/dev.hempking.eu\/pl\/#website"},"primaryImageOfPage":{"@id":"https:\/\/dev.hempking.eu\/pl\/kapsulki-cbd-herbatka-konopna-w-piramidkach\/#primaryimage"},"image":{"@id":"https:\/\/dev.hempking.eu\/pl\/kapsulki-cbd-herbatka-konopna-w-piramidkach\/#primaryimage"},"thumbnailUrl":"https:\/\/dev.hempking.eu\/pl\/wp-content\/uploads\/sites\/2\/2020\/07\/herbatka-kapsulki-cbd.jpg","datePublished":"2020-07-13T10:00:14+00:00","dateModified":"2023-03-21T14:48:48+00:00","description":"Zobacz \u261b Zestaw: Kapsu\u0142ki CBD, CBDA, CBC, CBGA, CBG, CBDV, CBN + herbatka konopna w piramidkach w konopnym sklepie HempKing 100% naturalne. Zadbaj z nami o swoj\u0105 diet\u0119!","breadcrumb":{"@id":"https:\/\/dev.hempking.eu\/pl\/kapsulki-cbd-herbatka-konopna-w-piramidkach\/#breadcrumb"},"inLanguage":"pl-PL","potentialAction":[{"@type":"ReadAction","target":["https:\/\/dev.hempking.eu\/pl\/kapsulki-cbd-herbatka-konopna-w-piramidkach\/"]}]},{"@type":"ImageObject","inLanguage":"pl-PL","@id":"https:\/\/dev.hempking.eu\/pl\/kapsulki-cbd-herbatka-konopna-w-piramidkach\/#primaryimage","url":"https:\/\/dev.hempking.eu\/pl\/wp-content\/uploads\/sites\/2\/2020\/07\/herbatka-kapsulki-cbd.jpg","contentUrl":"https:\/\/dev.hempking.eu\/pl\/wp-content\/uploads\/sites\/2\/2020\/07\/herbatka-kapsulki-cbd.jpg","width":1000,"height":1000,"caption":"herbatka w piramidkach + kapsu\u0142ki cbd"},{"@type":"BreadcrumbList","@id":"https:\/\/dev.hempking.eu\/pl\/kapsulki-cbd-herbatka-konopna-w-piramidkach\/#breadcrumb","itemListElement":[{"@type":"ListItem","position":1,"name":"Home","item":"https:\/\/dev.hempking.eu\/pl\/"},{"@type":"ListItem","position":2,"name":"Sklep","item":"https:\/\/dev.hempking.eu\/pl\/shop\/"},{"@type":"ListItem","position":3,"name":"\u017bywno\u015b\u0107 konopna","item":"https:\/\/dev.hempking.eu\/pl\/zywnosc-konopna\/"},{"@type":"ListItem","position":4,"name":"Herbatki konopne","item":"https:\/\/dev.hempking.eu\/pl\/herbatki-konopne\/"},{"@type":"ListItem","position":5,"name":"Zestaw: Kapsu\u0142ki CBD, CBDA, CBC, CBGA, CBG, CBDV, CBN + herbatka konopna w piramidkach"}]},{"@type":"WebSite","@id":"https:\/\/dev.hempking.eu\/pl\/#website","url":"https:\/\/dev.hempking.eu\/pl\/","name":"Hemp King","description":"","publisher":{"@id":"https:\/\/dev.hempking.eu\/pl\/#organization"},"potentialAction":[{"@type":"SearchAction","target":{"@type":"EntryPoint","urlTemplate":"https:\/\/dev.hempking.eu\/pl\/?s={search_term_string}"},"query-input":{"@type":"PropertyValueSpecification","valueRequired":true,"valueName":"search_term_string"}}],"inLanguage":"pl-PL"},{"@type":"Organization","@id":"https:\/\/dev.hempking.eu\/pl\/#organization","name":"Hemp King","url":"https:\/\/dev.hempking.eu\/pl\/","logo":{"@type":"ImageObject","inLanguage":"pl-PL","@id":"https:\/\/dev.hempking.eu\/pl\/#\/schema\/logo\/image\/","url":"https:\/\/dev.hempking.eu\/pl\/wp-content\/uploads\/sites\/2\/2020\/05\/hempking.png","contentUrl":"https:\/\/dev.hempking.eu\/pl\/wp-content\/uploads\/sites\/2\/2020\/05\/hempking.png","width":148,"height":91,"caption":"Hemp King"},"image":{"@id":"https:\/\/dev.hempking.eu\/pl\/#\/schema\/logo\/image\/"},"sameAs":["https:\/\/www.facebook.com\/hempkingpoland","https:\/\/x.com\/hempkingeu","https:\/\/www.instagram.com\/hempkingeu\/","https:\/\/www.linkedin.com\/company\/hempking-eu\/mycompany\/","https:\/\/pl.pinterest.com\/hempkingeu\/","https:\/\/www.youtube.com\/channel\/UCUkeZA1fj4hSZfoYm0WpZ7w"]}]},"product_price_amount":"129.90","product_price_currency":"PLN","og_availability":"instock","product_availability":"instock","product_condition":"new"},"_links":{"self":[{"href":"https:\/\/dev.hempking.eu\/pl\/wp-json\/wp\/v2\/product\/657","targetHints":{"allow":["GET"]}}],"collection":[{"href":"https:\/\/dev.hempking.eu\/pl\/wp-json\/wp\/v2\/product"}],"about":[{"href":"https:\/\/dev.hempking.eu\/pl\/wp-json\/wp\/v2\/types\/product"}],"wp:featuredmedia":[{"embeddable":true,"href":"https:\/\/dev.hempking.eu\/pl\/wp-json\/wp\/v2\/media\/920"}],"wp:attachment":[{"href":"https:\/\/dev.hempking.eu\/pl\/wp-json\/wp\/v2\/media?parent=657"}],"wp:term":[{"taxonomy":"product_cat","embeddable":true,"href":"https:\/\/dev.hempking.eu\/pl\/wp-json\/wp\/v2\/product_cat?post=657"},{"taxonomy":"product_tag","embeddable":true,"href":"https:\/\/dev.hempking.eu\/pl\/wp-json\/wp\/v2\/product_tag?post=657"}],"curies":[{"name":"wp","href":"https:\/\/api.w.org\/{rel}","templated":true}]}}