{"id":658,"date":"2020-07-13T12:05:05","date_gmt":"2020-07-13T10:05:05","guid":{"rendered":"https:\/\/hempking.eu\/pl\/?post_type=product&#038;p=658"},"modified":"2022-11-30T15:37:23","modified_gmt":"2022-11-30T14:37:23","slug":"kapsulki-cbd-olejek-cbd-5","status":"publish","type":"product","link":"https:\/\/dev.hempking.eu\/pl\/kapsulki-cbd-olejek-cbd-5\/","title":{"rendered":"Zestaw: Kapsu\u0142ki CBD + CBDA, CBC, CBGA, CBG, CBDV, CBN+ olejek konopny CBD + CBDA,  CBC, CBGA, CBG, CBDV, CBN"},"content":{"rendered":"<h2><strong>Kapsu\u0142ki konopne i olejek konopny 5% &#8211; duet konopnych suplement\u00f3w<\/strong><\/h2>\n<p>\u0141\u0105cz\u0105c te dwa produkty, mo\u017cesz mie\u0107 wi\u0119ksz\u0105 kontrol\u0119 nad suplementacj\u0105 oraz ilo\u015bci\u0105 spo\u017cywanego naturalnego fitosk\u0142adnika w Twojej diecie! To tak\u017ce spos\u00f3b, by w \u0142atwy spos\u00f3b przetestowa\u0107 oba produkty i zdecydowa\u0107, kt\u00f3ra forma suplementacji naturalnie wyst\u0119puj\u0105cych fitosk\u0142adnik\u00f3w CBD, CBDA, CBC, CBGA, CBG, CBDV, CBN bardziej Ci odpowiada!<\/p>\n<p><strong>Sprawd\u017a nasz konopny zestaw!<\/strong><\/p>\n<h2><strong>Zestaw z kapsu\u0142kami i olejkiem 5%<\/strong><\/h2>\n<h2><strong>Kapsu\u0142ki to:<\/strong><\/h2>\n<ul>\n<li>50 mi\u0119kkich kapsu\u0142ek<\/li>\n<li>suplement o pe\u0142nym spektrum fitosk\u0142adnik\u00f3w CBD, CBDA, CBC, CBGA, CBG, CBDV, CBN,<\/li>\n<li><a href=\"https:\/\/dev.hempking.eu\/wp-content\/certificates\/Kapsulki-CBD-LAB.pdf\">przebadane pod k\u0105tem naturalnie wyst\u0119puj\u0105cych fitosk\u0142adnik\u00f3w<\/a>,<\/li>\n<li>jedna kapsu\u0142ka to 2 krople olejku konopnego 10%<\/li>\n<li>wygodny spos\u00f3b suplementacji konopi<\/li>\n<li>posiada aktualne badania i certyfikaty<\/li>\n<\/ul>\n<h2><strong>Olejek konopny 5% to:<\/strong><\/h2>\n<ul>\n<li>500mg fitosk\u0142adnika z gwarancj\u0105 st\u0119\u017cenia<\/li>\n<li>pe\u0142ne spektrum naturalnie wyst\u0119puj\u0105cych\u00a0 fitosk\u0142adnik\u00f3w CBD, CBDA,\u00a0 CBC, CBGA, CBG, CBDV, CBN,<\/li>\n<li><a href=\"https:\/\/dev.hempking.eu\/wp-content\/certificates\/2021.07.27-Biodio-2178-21.pdf\">przebadany na zawarto\u015b\u0107 naturalnych fitosk\u0142adnik\u00f3w<\/a>,<\/li>\n<li>polski suplement diety z konopi<\/li>\n<li>1 kropla to 2,5mg fitosk\u0142adnika<\/li>\n<li>atestowany, certyfikowany i kontrolowany produkt<\/li>\n<li>10ml<\/li>\n<\/ul>\n<p><strong>Zestawy z olejkami znajdziesz <a href=\"https:\/\/dev.hempking.eu\/pl\/olej-cbd\/\">TUTAJ<\/a>.<\/strong><\/p>\n<p><a href=\"https:\/\/dev.hempking.eu\/pl\/wp-content\/uploads\/sites\/2\/2020\/07\/warunki4-1.jpg\"><img loading=\"lazy\" decoding=\"async\" class=\"alignnone wp-image-104414 size-full\" src=\"https:\/\/dev.hempking.eu\/pl\/wp-content\/uploads\/sites\/2\/2020\/07\/warunki4-1.jpg\" alt=\"o\u015bwiadczenia CBD w UE\" width=\"755\" height=\"353\" srcset=\"https:\/\/dev.hempking.eu\/pl\/wp-content\/uploads\/sites\/2\/2020\/07\/warunki4-1.jpg 755w, https:\/\/dev.hempking.eu\/pl\/wp-content\/uploads\/sites\/2\/2020\/07\/warunki4-1-640x299.jpg 640w, https:\/\/dev.hempking.eu\/pl\/wp-content\/uploads\/sites\/2\/2020\/07\/warunki4-1-400x187.jpg 400w\" sizes=\"auto, (max-width: 755px) 100vw, 755px\" \/><\/a><\/p>\n<p><a href=\"https:\/\/dev.hempking.eu\/pl\/wp-content\/uploads\/sites\/2\/2020\/07\/warunki_4.jpg\"><img loading=\"lazy\" decoding=\"async\" class=\"alignnone size-full wp-image-100623\" src=\"https:\/\/dev.hempking.eu\/pl\/wp-content\/uploads\/sites\/2\/2020\/07\/warunki_4.jpg\" alt=\"fito sk\u0142adniki novel food\" width=\"755\" height=\"237\" srcset=\"https:\/\/dev.hempking.eu\/pl\/wp-content\/uploads\/sites\/2\/2020\/07\/warunki_4.jpg 755w, https:\/\/dev.hempking.eu\/pl\/wp-content\/uploads\/sites\/2\/2020\/07\/warunki_4-640x201.jpg 640w, https:\/\/dev.hempking.eu\/pl\/wp-content\/uploads\/sites\/2\/2020\/07\/warunki_4-400x126.jpg 400w\" sizes=\"auto, (max-width: 755px) 100vw, 755px\" \/><\/a><\/p>\n","protected":false},"excerpt":{"rendered":"<h2>Zestaw <strong>zawiera<\/strong>:<\/h2>\n<ul>\n<li><a href=\"https:\/\/dev.hempking.eu\/pl\/kapsulki-cbd-1000mg-50-sztuk\/\" target=\"_blank\" rel=\"noopener\">Kapsu\u0142ki konopne &#8211; 50 sztuk<\/a> &#8211; 109 z\u0142<\/li>\n<li><a href=\"https:\/\/dev.hempking.eu\/pl\/olej-cbd-natural-5-500mg-10ml\/\" target=\"_blank\" rel=\"noopener\">Olejek konopny 5% Natural &#8211; 10ml<\/a> &#8211; 109 z\u0142<\/li>\n<\/ul>\n<p><strong>Kupuj\u0105c zestaw oszcz\u0119dzasz 15%!<\/strong><\/p>\n","protected":false},"featured_media":114677,"template":"","meta":{"_acf_changed":false},"product_cat":[19,38,33],"product_tag":[],"class_list":{"0":"post-658","1":"product","2":"type-product","3":"status-publish","4":"has-post-thumbnail","6":"product_cat-kapsulki-cbd","7":"product_cat-olej-cbd-5","8":"product_cat-zestawy","10":"first","11":"instock","12":"sale","13":"shipping-taxable","14":"purchasable","15":"product-type-simple"},"acf":[],"yoast_head":"<!-- This site is optimized with the Yoast SEO Premium plugin v23.4 (Yoast SEO v24.0) - https:\/\/yoast.com\/wordpress\/plugins\/seo\/ -->\n<title>Zestaw: Kapsu\u0142ki CBD + CBDA, CBC, CBGA, CBG, CBDV, CBN+ olejek konopny CBD + CBDA, CBC, CBGA, CBG, CBDV, CBN - Hemp King<\/title>\n<meta name=\"description\" content=\"Zobacz \u261b Zestaw: Kapsu\u0142ki CBD + CBDA, CBC, CBGA, CBG, CBDV, CBN+ olejek konopny CBD + CBDA, CBC, CBGA, CBG, CBDV, CBN w konopnym sklepie HempKing 100% naturalne. Zadbaj z nami o swoj\u0105 diet\u0119!\" \/>\n<link rel=\"canonical\" href=\"https:\/\/dev.hempking.eu\/pl\/kapsulki-cbd-olejek-cbd-5\/\" \/>\n<meta property=\"og:locale\" content=\"pl_PL\" \/>\n<meta property=\"og:type\" content=\"article\" \/>\n<meta property=\"og:title\" content=\"Zestaw: Kapsu\u0142ki CBD + CBDA, CBC, CBGA, CBG, CBDV, CBN+ olejek konopny CBD + CBDA, CBC, CBGA, CBG, CBDV, CBN\" \/>\n<meta property=\"og:description\" content=\"Zobacz \u261b Zestaw: Kapsu\u0142ki CBD + CBDA, CBC, CBGA, CBG, CBDV, CBN+ olejek konopny CBD + CBDA, CBC, CBGA, CBG, CBDV, CBN w konopnym sklepie HempKing 100% naturalne. Zadbaj z nami o swoj\u0105 diet\u0119!\" \/>\n<meta property=\"og:url\" content=\"https:\/\/dev.hempking.eu\/pl\/kapsulki-cbd-olejek-cbd-5\/\" \/>\n<meta property=\"og:site_name\" content=\"Hemp King\" \/>\n<meta property=\"article:publisher\" content=\"https:\/\/www.facebook.com\/hempkingpoland\" \/>\n<meta property=\"article:modified_time\" content=\"2022-11-30T14:37:23+00:00\" \/>\n<meta property=\"og:image\" content=\"https:\/\/dev.hempking.eu\/pl\/wp-content\/uploads\/sites\/2\/2020\/07\/1000x1000_zestaw_13.jpg\" \/>\n\t<meta property=\"og:image:width\" content=\"1000\" \/>\n\t<meta property=\"og:image:height\" content=\"1000\" \/>\n\t<meta property=\"og:image:type\" content=\"image\/jpeg\" \/>\n<meta name=\"twitter:card\" content=\"summary_large_image\" \/>\n<meta name=\"twitter:site\" content=\"@hempkingeu\" \/>\n<meta name=\"twitter:label1\" content=\"Price\" \/>\n\t<meta name=\"twitter:data1\" content=\"185.30&nbsp;&#122;&#322;\" \/>\n\t<meta name=\"twitter:label2\" content=\"Availability\" \/>\n\t<meta name=\"twitter:data2\" content=\"In stock\" \/>\n<script type=\"application\/ld+json\" class=\"yoast-schema-graph\">{\"@context\":\"https:\/\/schema.org\",\"@graph\":[{\"@type\":\"WebPage\",\"@id\":\"https:\/\/dev.hempking.eu\/pl\/kapsulki-cbd-olejek-cbd-5\/\",\"url\":\"https:\/\/dev.hempking.eu\/pl\/kapsulki-cbd-olejek-cbd-5\/\",\"name\":\"Zestaw: Kapsu\u0142ki CBD + CBDA, CBC, CBGA, CBG, CBDV, CBN+ olejek konopny CBD + CBDA, CBC, CBGA, CBG, CBDV, CBN - Hemp King\",\"isPartOf\":{\"@id\":\"https:\/\/dev.hempking.eu\/pl\/#website\"},\"primaryImageOfPage\":{\"@id\":\"https:\/\/dev.hempking.eu\/pl\/kapsulki-cbd-olejek-cbd-5\/#primaryimage\"},\"image\":{\"@id\":\"https:\/\/dev.hempking.eu\/pl\/kapsulki-cbd-olejek-cbd-5\/#primaryimage\"},\"thumbnailUrl\":\"https:\/\/dev.hempking.eu\/pl\/wp-content\/uploads\/sites\/2\/2020\/07\/1000x1000_zestaw_13.jpg\",\"datePublished\":\"2020-07-13T10:05:05+00:00\",\"dateModified\":\"2022-11-30T14:37:23+00:00\",\"description\":\"Zobacz \u261b Zestaw: Kapsu\u0142ki CBD + CBDA, CBC, CBGA, CBG, CBDV, CBN+ olejek konopny CBD + CBDA, CBC, CBGA, CBG, CBDV, CBN w konopnym sklepie HempKing 100% naturalne. Zadbaj z nami o swoj\u0105 diet\u0119!\",\"breadcrumb\":{\"@id\":\"https:\/\/dev.hempking.eu\/pl\/kapsulki-cbd-olejek-cbd-5\/#breadcrumb\"},\"inLanguage\":\"pl-PL\",\"potentialAction\":[{\"@type\":\"ReadAction\",\"target\":[\"https:\/\/dev.hempking.eu\/pl\/kapsulki-cbd-olejek-cbd-5\/\"]}]},{\"@type\":\"ImageObject\",\"inLanguage\":\"pl-PL\",\"@id\":\"https:\/\/dev.hempking.eu\/pl\/kapsulki-cbd-olejek-cbd-5\/#primaryimage\",\"url\":\"https:\/\/dev.hempking.eu\/pl\/wp-content\/uploads\/sites\/2\/2020\/07\/1000x1000_zestaw_13.jpg\",\"contentUrl\":\"https:\/\/dev.hempking.eu\/pl\/wp-content\/uploads\/sites\/2\/2020\/07\/1000x1000_zestaw_13.jpg\",\"width\":1000,\"height\":1000,\"caption\":\"kapsu\u0142ki + olejek cbd 5% natural\"},{\"@type\":\"BreadcrumbList\",\"@id\":\"https:\/\/dev.hempking.eu\/pl\/kapsulki-cbd-olejek-cbd-5\/#breadcrumb\",\"itemListElement\":[{\"@type\":\"ListItem\",\"position\":1,\"name\":\"Home\",\"item\":\"https:\/\/dev.hempking.eu\/pl\/\"},{\"@type\":\"ListItem\",\"position\":2,\"name\":\"Sklep\",\"item\":\"https:\/\/dev.hempking.eu\/pl\/shop\/\"},{\"@type\":\"ListItem\",\"position\":3,\"name\":\"Olej CBD\",\"item\":\"https:\/\/dev.hempking.eu\/pl\/olej-cbd\/\"},{\"@type\":\"ListItem\",\"position\":4,\"name\":\"Olej CBD 5%\",\"item\":\"https:\/\/dev.hempking.eu\/pl\/olej-cbd-5\/\"},{\"@type\":\"ListItem\",\"position\":5,\"name\":\"Zestaw: Kapsu\u0142ki CBD + CBDA, CBC, CBGA, CBG, CBDV, CBN+ olejek konopny CBD + CBDA, CBC, CBGA, CBG, CBDV, CBN\"}]},{\"@type\":\"WebSite\",\"@id\":\"https:\/\/dev.hempking.eu\/pl\/#website\",\"url\":\"https:\/\/dev.hempking.eu\/pl\/\",\"name\":\"Hemp King\",\"description\":\"\",\"publisher\":{\"@id\":\"https:\/\/dev.hempking.eu\/pl\/#organization\"},\"potentialAction\":[{\"@type\":\"SearchAction\",\"target\":{\"@type\":\"EntryPoint\",\"urlTemplate\":\"https:\/\/dev.hempking.eu\/pl\/?s={search_term_string}\"},\"query-input\":{\"@type\":\"PropertyValueSpecification\",\"valueRequired\":true,\"valueName\":\"search_term_string\"}}],\"inLanguage\":\"pl-PL\"},{\"@type\":\"Organization\",\"@id\":\"https:\/\/dev.hempking.eu\/pl\/#organization\",\"name\":\"Hemp King\",\"url\":\"https:\/\/dev.hempking.eu\/pl\/\",\"logo\":{\"@type\":\"ImageObject\",\"inLanguage\":\"pl-PL\",\"@id\":\"https:\/\/dev.hempking.eu\/pl\/#\/schema\/logo\/image\/\",\"url\":\"https:\/\/dev.hempking.eu\/pl\/wp-content\/uploads\/sites\/2\/2020\/05\/hempking.png\",\"contentUrl\":\"https:\/\/dev.hempking.eu\/pl\/wp-content\/uploads\/sites\/2\/2020\/05\/hempking.png\",\"width\":148,\"height\":91,\"caption\":\"Hemp King\"},\"image\":{\"@id\":\"https:\/\/dev.hempking.eu\/pl\/#\/schema\/logo\/image\/\"},\"sameAs\":[\"https:\/\/www.facebook.com\/hempkingpoland\",\"https:\/\/x.com\/hempkingeu\",\"https:\/\/www.instagram.com\/hempkingeu\/\",\"https:\/\/www.linkedin.com\/company\/hempking-eu\/mycompany\/\",\"https:\/\/pl.pinterest.com\/hempkingeu\/\",\"https:\/\/www.youtube.com\/channel\/UCUkeZA1fj4hSZfoYm0WpZ7w\"]}]}<\/script>\n<meta property=\"product:price:amount\" content=\"185.30\" \/>\n<meta property=\"product:price:currency\" content=\"PLN\" \/>\n<meta property=\"og:availability\" content=\"instock\" \/>\n<meta property=\"product:availability\" content=\"instock\" \/>\n<meta property=\"product:condition\" content=\"new\" \/>\n<!-- \/ Yoast SEO Premium plugin. -->","yoast_head_json":{"title":"Zestaw: Kapsu\u0142ki CBD + CBDA, CBC, CBGA, CBG, CBDV, CBN+ olejek konopny CBD + CBDA, CBC, CBGA, CBG, CBDV, CBN - Hemp King","description":"Zobacz \u261b Zestaw: Kapsu\u0142ki CBD + CBDA, CBC, CBGA, CBG, CBDV, CBN+ olejek konopny CBD + CBDA, CBC, CBGA, CBG, CBDV, CBN w konopnym sklepie HempKing 100% naturalne. Zadbaj z nami o swoj\u0105 diet\u0119!","canonical":"https:\/\/dev.hempking.eu\/pl\/kapsulki-cbd-olejek-cbd-5\/","og_locale":"pl_PL","og_type":"article","og_title":"Zestaw: Kapsu\u0142ki CBD + CBDA, CBC, CBGA, CBG, CBDV, CBN+ olejek konopny CBD + CBDA, CBC, CBGA, CBG, CBDV, CBN","og_description":"Zobacz \u261b Zestaw: Kapsu\u0142ki CBD + CBDA, CBC, CBGA, CBG, CBDV, CBN+ olejek konopny CBD + CBDA, CBC, CBGA, CBG, CBDV, CBN w konopnym sklepie HempKing 100% naturalne. Zadbaj z nami o swoj\u0105 diet\u0119!","og_url":"https:\/\/dev.hempking.eu\/pl\/kapsulki-cbd-olejek-cbd-5\/","og_site_name":"Hemp King","article_publisher":"https:\/\/www.facebook.com\/hempkingpoland","article_modified_time":"2022-11-30T14:37:23+00:00","og_image":[{"width":1000,"height":1000,"url":"https:\/\/dev.hempking.eu\/pl\/wp-content\/uploads\/sites\/2\/2020\/07\/1000x1000_zestaw_13.jpg","type":"image\/jpeg"}],"twitter_card":"summary_large_image","twitter_site":"@hempkingeu","twitter_misc":{"Price":"185.30&nbsp;&#122;&#322;","Availability":"In stock"},"schema":{"@context":"https:\/\/schema.org","@graph":[{"@type":"WebPage","@id":"https:\/\/dev.hempking.eu\/pl\/kapsulki-cbd-olejek-cbd-5\/","url":"https:\/\/dev.hempking.eu\/pl\/kapsulki-cbd-olejek-cbd-5\/","name":"Zestaw: Kapsu\u0142ki CBD + CBDA, CBC, CBGA, CBG, CBDV, CBN+ olejek konopny CBD + CBDA, CBC, CBGA, CBG, CBDV, CBN - Hemp King","isPartOf":{"@id":"https:\/\/dev.hempking.eu\/pl\/#website"},"primaryImageOfPage":{"@id":"https:\/\/dev.hempking.eu\/pl\/kapsulki-cbd-olejek-cbd-5\/#primaryimage"},"image":{"@id":"https:\/\/dev.hempking.eu\/pl\/kapsulki-cbd-olejek-cbd-5\/#primaryimage"},"thumbnailUrl":"https:\/\/dev.hempking.eu\/pl\/wp-content\/uploads\/sites\/2\/2020\/07\/1000x1000_zestaw_13.jpg","datePublished":"2020-07-13T10:05:05+00:00","dateModified":"2022-11-30T14:37:23+00:00","description":"Zobacz \u261b Zestaw: Kapsu\u0142ki CBD + CBDA, CBC, CBGA, CBG, CBDV, CBN+ olejek konopny CBD + CBDA, CBC, CBGA, CBG, CBDV, CBN w konopnym sklepie HempKing 100% naturalne. Zadbaj z nami o swoj\u0105 diet\u0119!","breadcrumb":{"@id":"https:\/\/dev.hempking.eu\/pl\/kapsulki-cbd-olejek-cbd-5\/#breadcrumb"},"inLanguage":"pl-PL","potentialAction":[{"@type":"ReadAction","target":["https:\/\/dev.hempking.eu\/pl\/kapsulki-cbd-olejek-cbd-5\/"]}]},{"@type":"ImageObject","inLanguage":"pl-PL","@id":"https:\/\/dev.hempking.eu\/pl\/kapsulki-cbd-olejek-cbd-5\/#primaryimage","url":"https:\/\/dev.hempking.eu\/pl\/wp-content\/uploads\/sites\/2\/2020\/07\/1000x1000_zestaw_13.jpg","contentUrl":"https:\/\/dev.hempking.eu\/pl\/wp-content\/uploads\/sites\/2\/2020\/07\/1000x1000_zestaw_13.jpg","width":1000,"height":1000,"caption":"kapsu\u0142ki + olejek cbd 5% natural"},{"@type":"BreadcrumbList","@id":"https:\/\/dev.hempking.eu\/pl\/kapsulki-cbd-olejek-cbd-5\/#breadcrumb","itemListElement":[{"@type":"ListItem","position":1,"name":"Home","item":"https:\/\/dev.hempking.eu\/pl\/"},{"@type":"ListItem","position":2,"name":"Sklep","item":"https:\/\/dev.hempking.eu\/pl\/shop\/"},{"@type":"ListItem","position":3,"name":"Olej CBD","item":"https:\/\/dev.hempking.eu\/pl\/olej-cbd\/"},{"@type":"ListItem","position":4,"name":"Olej CBD 5%","item":"https:\/\/dev.hempking.eu\/pl\/olej-cbd-5\/"},{"@type":"ListItem","position":5,"name":"Zestaw: Kapsu\u0142ki CBD + CBDA, CBC, CBGA, CBG, CBDV, CBN+ olejek konopny CBD + CBDA, CBC, CBGA, CBG, CBDV, CBN"}]},{"@type":"WebSite","@id":"https:\/\/dev.hempking.eu\/pl\/#website","url":"https:\/\/dev.hempking.eu\/pl\/","name":"Hemp King","description":"","publisher":{"@id":"https:\/\/dev.hempking.eu\/pl\/#organization"},"potentialAction":[{"@type":"SearchAction","target":{"@type":"EntryPoint","urlTemplate":"https:\/\/dev.hempking.eu\/pl\/?s={search_term_string}"},"query-input":{"@type":"PropertyValueSpecification","valueRequired":true,"valueName":"search_term_string"}}],"inLanguage":"pl-PL"},{"@type":"Organization","@id":"https:\/\/dev.hempking.eu\/pl\/#organization","name":"Hemp King","url":"https:\/\/dev.hempking.eu\/pl\/","logo":{"@type":"ImageObject","inLanguage":"pl-PL","@id":"https:\/\/dev.hempking.eu\/pl\/#\/schema\/logo\/image\/","url":"https:\/\/dev.hempking.eu\/pl\/wp-content\/uploads\/sites\/2\/2020\/05\/hempking.png","contentUrl":"https:\/\/dev.hempking.eu\/pl\/wp-content\/uploads\/sites\/2\/2020\/05\/hempking.png","width":148,"height":91,"caption":"Hemp King"},"image":{"@id":"https:\/\/dev.hempking.eu\/pl\/#\/schema\/logo\/image\/"},"sameAs":["https:\/\/www.facebook.com\/hempkingpoland","https:\/\/x.com\/hempkingeu","https:\/\/www.instagram.com\/hempkingeu\/","https:\/\/www.linkedin.com\/company\/hempking-eu\/mycompany\/","https:\/\/pl.pinterest.com\/hempkingeu\/","https:\/\/www.youtube.com\/channel\/UCUkeZA1fj4hSZfoYm0WpZ7w"]}]},"product_price_amount":"185.30","product_price_currency":"PLN","og_availability":"instock","product_availability":"instock","product_condition":"new"},"_links":{"self":[{"href":"https:\/\/dev.hempking.eu\/pl\/wp-json\/wp\/v2\/product\/658","targetHints":{"allow":["GET"]}}],"collection":[{"href":"https:\/\/dev.hempking.eu\/pl\/wp-json\/wp\/v2\/product"}],"about":[{"href":"https:\/\/dev.hempking.eu\/pl\/wp-json\/wp\/v2\/types\/product"}],"wp:featuredmedia":[{"embeddable":true,"href":"https:\/\/dev.hempking.eu\/pl\/wp-json\/wp\/v2\/media\/114677"}],"wp:attachment":[{"href":"https:\/\/dev.hempking.eu\/pl\/wp-json\/wp\/v2\/media?parent=658"}],"wp:term":[{"taxonomy":"product_cat","embeddable":true,"href":"https:\/\/dev.hempking.eu\/pl\/wp-json\/wp\/v2\/product_cat?post=658"},{"taxonomy":"product_tag","embeddable":true,"href":"https:\/\/dev.hempking.eu\/pl\/wp-json\/wp\/v2\/product_tag?post=658"}],"curies":[{"name":"wp","href":"https:\/\/api.w.org\/{rel}","templated":true}]}}