{"id":663,"date":"2020-07-13T13:02:19","date_gmt":"2020-07-13T11:02:19","guid":{"rendered":"https:\/\/hempking.eu\/pl\/?post_type=product&#038;p=663"},"modified":"2023-04-18T12:47:47","modified_gmt":"2023-04-18T10:47:47","slug":"3x-olej-cbd-1-10ml","status":"publish","type":"product","link":"https:\/\/dev.hempking.eu\/pl\/3x-olej-cbd-1-10ml\/","title":{"rendered":"Zestaw: 3x olej CBD 1% + CBDA, CBC, CBGA, CBG, CBDV, CBN - 10ml"},"content":{"rendered":"<h2 style=\"text-align: justify;\">Olejek konopny 1% &#8211; niskie st\u0119\u017cenie dla dodatkowego wsparcia diety<\/h2>\n<p style=\"text-align: justify;\">Szukasz sposobu na kompleksowe wsparcie swojego organizmu? Chcia\u0142by\u015b uzupe\u0142ni\u0107 zdrow\u0105 diet\u0119 o suplement diety, kt\u00f3ry pozwoli Ci cieszy\u0107 si\u0119 doskona\u0142ym samopoczuciem? Poznaj olejki konopne 1% i wykorzystuj w pe\u0142ni ich cenne, naturalne w\u0142a\u015bciwo\u015bci.<\/p>\n<h2 style=\"text-align: justify;\">Olejek z naturalnie wyst\u0119puj\u0105cymi fitosk\u0142adnikami 1% RAW<\/h2>\n<ul style=\"text-align: justify;\">\n<li>100 mg fitosk\u0142adnika<\/li>\n<li>jedna kropla = 0,5 mg \u2013 idealna porcja dla rozpoczynaj\u0105cych suplementacj\u0119<\/li>\n<li>olej konopny to wsparcie Twojej naturalnej odporno\u015bci,<\/li>\n<li>bardzo wygodny w stosowaniu<\/li>\n<li>zawiera pe\u0142ne spektrum naturalnie wyst\u0119puj\u0105cych w konopiach siewnych fitosk\u0142adnik\u00f3w (CBD, CBDA, CBC, CBGA, CBG, CBDV, CBN)<\/li>\n<li>100% natury, nie zawiera syntetycznego czy krystalicznego fitosk\u0142adnika<\/li>\n<li>pojemno\u015b\u0107: 10ml<\/li>\n<li>suplement diety.<\/li>\n<\/ul>\n<h2 style=\"text-align: justify;\">Olejek konopny 1% Pieprz Czarny i Kurkuma<\/h2>\n<ul style=\"text-align: justify;\">\n<li>nie mniej ni\u017c 100 mg fitosk\u0142adnika<\/li>\n<li>jedna kropla = 0,5 mg fitosk\u0142adnika<\/li>\n<li>olej konopny wspiera naturaln\u0105 odporno\u015b\u0107<\/li>\n<li>dodatek pieprzu i kurkumy dla dodatkowych korzy\u015bci,<\/li>\n<li>full spectrum naturalnie wyst\u0119puj\u0105cych w konopiach siewnych fitosk\u0142adnik\u00f3w (CBD, CBDA, CBC, CBGA, CBG, CBDV, CBN)<\/li>\n<li>100% natury,<\/li>\n<li>pojemno\u015b\u0107: 10ml<\/li>\n<\/ul>\n<p style=\"text-align: justify;\">Olejek 1% Pieprz Czarny i Kurkuma to unikatowy suplement diety. Wspiera Twoj\u0105 codzienn\u0105 diet\u0119, a przez dodatek pieprzu i kurkumy olej smakuje wyj\u0105tkowo. To \u0142agodny produkt konopny.<\/p>\n<h2 style=\"text-align: justify;\">Olejek konopny 1% Czosnek i Imbir<\/h2>\n<ul style=\"text-align: justify;\">\n<li>ponad 100 mg fitosk\u0142adnika<\/li>\n<li>jedna kropla zawiera 0,5 mg fitosk\u0142adnika \u2013 jest to dobra porcja dla tych, kt\u00f3rzy dopiero rozpoczynaj\u0105 stosowanie produkt\u00f3w konopnych<\/li>\n<li>olej konopny, czosnek, imbir wspieraj\u0105 Twoj\u0105 naturaln\u0105 odporno\u015b\u0107,<\/li>\n<li>wyj\u0105tkowy smak,<\/li>\n<li>full spectrum naturalnie wyst\u0119puj\u0105cych w konopiach siewnych fitosk\u0142adnik\u00f3w (CBD, CBDA, CBC, CBGA, CBG, CBDV, CBN)<\/li>\n<li>100% naturalny produkt,<\/li>\n<li>pojemno\u015b\u0107: 10ml<\/li>\n<\/ul>\n<p style=\"text-align: justify;\">Olejek 1% Czosnek i Imbir to suplement diety na miar\u0119 nowoczesnych czas\u00f3w. Jest \u015bwietnym uzupe\u0142nieniem codziennej diety. Dodatek czosnku i imbiru sprawia, \u017ce smak olejku jest wyj\u0105tkowy, a tak\u017ce podnosi jego wyj\u0105tkowe korzy\u015bci.<\/p>\n<p style=\"text-align: justify;\"><a href=\"https:\/\/dev.hempking.eu\/pl\/wp-content\/uploads\/sites\/2\/2020\/07\/warunki4-1.jpg\"><img loading=\"lazy\" decoding=\"async\" class=\"alignnone wp-image-104414 size-full\" src=\"https:\/\/dev.hempking.eu\/pl\/wp-content\/uploads\/sites\/2\/2020\/07\/warunki4-1.jpg\" alt=\"o\u015bwiadczenia CBD w UE\" width=\"755\" height=\"353\" srcset=\"https:\/\/dev.hempking.eu\/pl\/wp-content\/uploads\/sites\/2\/2020\/07\/warunki4-1.jpg 755w, https:\/\/dev.hempking.eu\/pl\/wp-content\/uploads\/sites\/2\/2020\/07\/warunki4-1-640x299.jpg 640w, https:\/\/dev.hempking.eu\/pl\/wp-content\/uploads\/sites\/2\/2020\/07\/warunki4-1-400x187.jpg 400w\" sizes=\"auto, (max-width: 755px) 100vw, 755px\" \/><\/a><\/p>\n<p style=\"text-align: justify;\"><a href=\"https:\/\/dev.hempking.eu\/pl\/wp-content\/uploads\/sites\/2\/2020\/07\/warunki_4.jpg\"><img loading=\"lazy\" decoding=\"async\" class=\"alignnone size-full wp-image-100623\" src=\"https:\/\/dev.hempking.eu\/pl\/wp-content\/uploads\/sites\/2\/2020\/07\/warunki_4.jpg\" alt=\"fito sk\u0142adniki novel food\" width=\"755\" height=\"237\" srcset=\"https:\/\/dev.hempking.eu\/pl\/wp-content\/uploads\/sites\/2\/2020\/07\/warunki_4.jpg 755w, https:\/\/dev.hempking.eu\/pl\/wp-content\/uploads\/sites\/2\/2020\/07\/warunki_4-640x201.jpg 640w, https:\/\/dev.hempking.eu\/pl\/wp-content\/uploads\/sites\/2\/2020\/07\/warunki_4-400x126.jpg 400w\" sizes=\"auto, (max-width: 755px) 100vw, 755px\" \/><\/a><\/p>\n","protected":false},"excerpt":{"rendered":"<h2><strong>Zestaw olejk\u00f3w CBD 1% z naturalnymi fitosk\u0142adnikami to:<\/strong><\/h2>\n<ul>\n<li><a href=\"https:\/\/dev.hempking.eu\/pl\/olej-cbd-1-raw-10ml\/\" target=\"_blank\" rel=\"noopener\">Olejek konopny 1% &#8211; RAW<\/a> &#8211; 10 ml<\/li>\n<li><a href=\"https:\/\/dev.hempking.eu\/pl\/olej-cbd-1-pieprz-czarny-i-kurkuma-10ml\/\">Olejek konopny 1% &#8211; Pieprz Czarny i Kurkuma<\/a> &#8211; 10 ml<\/li>\n<li><a href=\"https:\/\/dev.hempking.eu\/pl\/olej-cbd-1-czosnek-i-imbir-10ml\/\" target=\"_blank\" rel=\"noopener\">Olejek konopny 1% &#8211; Czosnek i Imbir<\/a> &#8211; 10 ml<\/li>\n<\/ul>\n<p><strong>Cena ka\u017cdego z powy\u017cszych olejk\u00f3w to 34.90 z\u0142 &#8211; kupuj\u0105c zestaw oszcz\u0119dzasz a\u017c 25%!<\/strong><\/p>\n<p><strong>\u00a0<\/strong><\/p>\n","protected":false},"featured_media":910,"template":"","meta":{"_acf_changed":false},"product_cat":[280,20,37,122,33],"product_tag":[],"class_list":{"0":"post-663","1":"product","2":"type-product","3":"status-publish","4":"has-post-thumbnail","6":"product_cat-wielopaki","7":"product_cat-olej-cbd","8":"product_cat-olej-cbd-1","9":"product_cat-olej-konopny-full-spectrum","10":"product_cat-zestawy","12":"first","13":"instock","14":"sale","15":"shipping-taxable","16":"purchasable","17":"product-type-simple"},"acf":[],"yoast_head":"<!-- This site is optimized with the Yoast SEO Premium plugin v23.4 (Yoast SEO v24.0) - https:\/\/yoast.com\/wordpress\/plugins\/seo\/ -->\n<title>Zestaw 3 olejk\u00f3w CBD w 3 r\u00f3\u017cnych smakach !<\/title>\n<meta name=\"description\" content=\"Zobacz \u261b Zestaw: 3x olej CBD 1% + CBDA, CBC, CBGA, CBG, CBDV, CBN - 10ml w konopnym sklepie HempKing 100% naturalne. Zadbaj z nami o swoj\u0105 diet\u0119!\" \/>\n<link rel=\"canonical\" href=\"https:\/\/dev.hempking.eu\/pl\/3x-olej-cbd-1-10ml\/\" \/>\n<meta property=\"og:locale\" content=\"pl_PL\" \/>\n<meta property=\"og:type\" content=\"article\" \/>\n<meta property=\"og:title\" content=\"Zestaw: 3x olej CBD 1% + CBDA, CBC, CBGA, CBG, CBDV, CBN - 10ml\" \/>\n<meta property=\"og:description\" content=\"Zobacz \u261b Zestaw: 3x olej CBD 1% + CBDA, CBC, CBGA, CBG, CBDV, CBN - 10ml w konopnym sklepie HempKing 100% naturalne. Zadbaj z nami o swoj\u0105 diet\u0119!\" \/>\n<meta property=\"og:url\" content=\"https:\/\/dev.hempking.eu\/pl\/3x-olej-cbd-1-10ml\/\" \/>\n<meta property=\"og:site_name\" content=\"Hemp King\" \/>\n<meta property=\"article:publisher\" content=\"https:\/\/www.facebook.com\/hempkingpoland\" \/>\n<meta property=\"article:modified_time\" content=\"2023-04-18T10:47:47+00:00\" \/>\n<meta property=\"og:image\" content=\"https:\/\/dev.hempking.eu\/pl\/wp-content\/uploads\/sites\/2\/2020\/07\/3x-olej-cbd-1.jpg\" \/>\n\t<meta property=\"og:image:width\" content=\"1000\" \/>\n\t<meta property=\"og:image:height\" content=\"1000\" \/>\n\t<meta property=\"og:image:type\" content=\"image\/jpeg\" \/>\n<meta name=\"twitter:card\" content=\"summary_large_image\" \/>\n<meta name=\"twitter:site\" content=\"@hempkingeu\" \/>\n<meta name=\"twitter:label1\" content=\"Price\" \/>\n\t<meta name=\"twitter:data1\" content=\"68.05&nbsp;&#122;&#322;\" \/>\n\t<meta name=\"twitter:label2\" content=\"Availability\" \/>\n\t<meta name=\"twitter:data2\" content=\"In stock\" \/>\n<script type=\"application\/ld+json\" class=\"yoast-schema-graph\">{\"@context\":\"https:\/\/schema.org\",\"@graph\":[{\"@type\":\"WebPage\",\"@id\":\"https:\/\/dev.hempking.eu\/pl\/3x-olej-cbd-1-10ml\/\",\"url\":\"https:\/\/dev.hempking.eu\/pl\/3x-olej-cbd-1-10ml\/\",\"name\":\"Zestaw 3 olejk\u00f3w CBD w 3 r\u00f3\u017cnych smakach !\",\"isPartOf\":{\"@id\":\"https:\/\/dev.hempking.eu\/pl\/#website\"},\"primaryImageOfPage\":{\"@id\":\"https:\/\/dev.hempking.eu\/pl\/3x-olej-cbd-1-10ml\/#primaryimage\"},\"image\":{\"@id\":\"https:\/\/dev.hempking.eu\/pl\/3x-olej-cbd-1-10ml\/#primaryimage\"},\"thumbnailUrl\":\"https:\/\/dev.hempking.eu\/pl\/wp-content\/uploads\/sites\/2\/2020\/07\/3x-olej-cbd-1.jpg\",\"datePublished\":\"2020-07-13T11:02:19+00:00\",\"dateModified\":\"2023-04-18T10:47:47+00:00\",\"description\":\"Zobacz \u261b Zestaw: 3x olej CBD 1% + CBDA, CBC, CBGA, CBG, CBDV, CBN - 10ml w konopnym sklepie HempKing 100% naturalne. Zadbaj z nami o swoj\u0105 diet\u0119!\",\"breadcrumb\":{\"@id\":\"https:\/\/dev.hempking.eu\/pl\/3x-olej-cbd-1-10ml\/#breadcrumb\"},\"inLanguage\":\"pl-PL\",\"potentialAction\":[{\"@type\":\"ReadAction\",\"target\":[\"https:\/\/dev.hempking.eu\/pl\/3x-olej-cbd-1-10ml\/\"]}]},{\"@type\":\"ImageObject\",\"inLanguage\":\"pl-PL\",\"@id\":\"https:\/\/dev.hempking.eu\/pl\/3x-olej-cbd-1-10ml\/#primaryimage\",\"url\":\"https:\/\/dev.hempking.eu\/pl\/wp-content\/uploads\/sites\/2\/2020\/07\/3x-olej-cbd-1.jpg\",\"contentUrl\":\"https:\/\/dev.hempking.eu\/pl\/wp-content\/uploads\/sites\/2\/2020\/07\/3x-olej-cbd-1.jpg\",\"width\":1000,\"height\":1000,\"caption\":\"3x olej cbd 1%\"},{\"@type\":\"BreadcrumbList\",\"@id\":\"https:\/\/dev.hempking.eu\/pl\/3x-olej-cbd-1-10ml\/#breadcrumb\",\"itemListElement\":[{\"@type\":\"ListItem\",\"position\":1,\"name\":\"Home\",\"item\":\"https:\/\/dev.hempking.eu\/pl\/\"},{\"@type\":\"ListItem\",\"position\":2,\"name\":\"Sklep\",\"item\":\"https:\/\/dev.hempking.eu\/pl\/shop\/\"},{\"@type\":\"ListItem\",\"position\":3,\"name\":\"Zestawy\",\"item\":\"https:\/\/dev.hempking.eu\/pl\/zestawy\/\"},{\"@type\":\"ListItem\",\"position\":4,\"name\":\"Wielopaki\",\"item\":\"https:\/\/dev.hempking.eu\/pl\/wielopaki\/\"},{\"@type\":\"ListItem\",\"position\":5,\"name\":\"Zestaw: 3x olej CBD 1% + CBDA, CBC, CBGA, CBG, CBDV, CBN - 10ml\"}]},{\"@type\":\"WebSite\",\"@id\":\"https:\/\/dev.hempking.eu\/pl\/#website\",\"url\":\"https:\/\/dev.hempking.eu\/pl\/\",\"name\":\"Hemp King\",\"description\":\"\",\"publisher\":{\"@id\":\"https:\/\/dev.hempking.eu\/pl\/#organization\"},\"potentialAction\":[{\"@type\":\"SearchAction\",\"target\":{\"@type\":\"EntryPoint\",\"urlTemplate\":\"https:\/\/dev.hempking.eu\/pl\/?s={search_term_string}\"},\"query-input\":{\"@type\":\"PropertyValueSpecification\",\"valueRequired\":true,\"valueName\":\"search_term_string\"}}],\"inLanguage\":\"pl-PL\"},{\"@type\":\"Organization\",\"@id\":\"https:\/\/dev.hempking.eu\/pl\/#organization\",\"name\":\"Hemp King\",\"url\":\"https:\/\/dev.hempking.eu\/pl\/\",\"logo\":{\"@type\":\"ImageObject\",\"inLanguage\":\"pl-PL\",\"@id\":\"https:\/\/dev.hempking.eu\/pl\/#\/schema\/logo\/image\/\",\"url\":\"https:\/\/dev.hempking.eu\/pl\/wp-content\/uploads\/sites\/2\/2020\/05\/hempking.png\",\"contentUrl\":\"https:\/\/dev.hempking.eu\/pl\/wp-content\/uploads\/sites\/2\/2020\/05\/hempking.png\",\"width\":148,\"height\":91,\"caption\":\"Hemp King\"},\"image\":{\"@id\":\"https:\/\/dev.hempking.eu\/pl\/#\/schema\/logo\/image\/\"},\"sameAs\":[\"https:\/\/www.facebook.com\/hempkingpoland\",\"https:\/\/x.com\/hempkingeu\",\"https:\/\/www.instagram.com\/hempkingeu\/\",\"https:\/\/www.linkedin.com\/company\/hempking-eu\/mycompany\/\",\"https:\/\/pl.pinterest.com\/hempkingeu\/\",\"https:\/\/www.youtube.com\/channel\/UCUkeZA1fj4hSZfoYm0WpZ7w\"]}]}<\/script>\n<meta property=\"product:price:amount\" content=\"68.05\" \/>\n<meta property=\"product:price:currency\" content=\"PLN\" \/>\n<meta property=\"og:availability\" content=\"instock\" \/>\n<meta property=\"product:availability\" content=\"instock\" \/>\n<meta property=\"product:condition\" content=\"new\" \/>\n<!-- \/ Yoast SEO Premium plugin. -->","yoast_head_json":{"title":"Zestaw 3 olejk\u00f3w CBD w 3 r\u00f3\u017cnych smakach !","description":"Zobacz \u261b Zestaw: 3x olej CBD 1% + CBDA, CBC, CBGA, CBG, CBDV, CBN - 10ml w konopnym sklepie HempKing 100% naturalne. Zadbaj z nami o swoj\u0105 diet\u0119!","canonical":"https:\/\/dev.hempking.eu\/pl\/3x-olej-cbd-1-10ml\/","og_locale":"pl_PL","og_type":"article","og_title":"Zestaw: 3x olej CBD 1% + CBDA, CBC, CBGA, CBG, CBDV, CBN - 10ml","og_description":"Zobacz \u261b Zestaw: 3x olej CBD 1% + CBDA, CBC, CBGA, CBG, CBDV, CBN - 10ml w konopnym sklepie HempKing 100% naturalne. Zadbaj z nami o swoj\u0105 diet\u0119!","og_url":"https:\/\/dev.hempking.eu\/pl\/3x-olej-cbd-1-10ml\/","og_site_name":"Hemp King","article_publisher":"https:\/\/www.facebook.com\/hempkingpoland","article_modified_time":"2023-04-18T10:47:47+00:00","og_image":[{"width":1000,"height":1000,"url":"https:\/\/dev.hempking.eu\/pl\/wp-content\/uploads\/sites\/2\/2020\/07\/3x-olej-cbd-1.jpg","type":"image\/jpeg"}],"twitter_card":"summary_large_image","twitter_site":"@hempkingeu","twitter_misc":{"Price":"68.05&nbsp;&#122;&#322;","Availability":"In stock"},"schema":{"@context":"https:\/\/schema.org","@graph":[{"@type":"WebPage","@id":"https:\/\/dev.hempking.eu\/pl\/3x-olej-cbd-1-10ml\/","url":"https:\/\/dev.hempking.eu\/pl\/3x-olej-cbd-1-10ml\/","name":"Zestaw 3 olejk\u00f3w CBD w 3 r\u00f3\u017cnych smakach !","isPartOf":{"@id":"https:\/\/dev.hempking.eu\/pl\/#website"},"primaryImageOfPage":{"@id":"https:\/\/dev.hempking.eu\/pl\/3x-olej-cbd-1-10ml\/#primaryimage"},"image":{"@id":"https:\/\/dev.hempking.eu\/pl\/3x-olej-cbd-1-10ml\/#primaryimage"},"thumbnailUrl":"https:\/\/dev.hempking.eu\/pl\/wp-content\/uploads\/sites\/2\/2020\/07\/3x-olej-cbd-1.jpg","datePublished":"2020-07-13T11:02:19+00:00","dateModified":"2023-04-18T10:47:47+00:00","description":"Zobacz \u261b Zestaw: 3x olej CBD 1% + CBDA, CBC, CBGA, CBG, CBDV, CBN - 10ml w konopnym sklepie HempKing 100% naturalne. Zadbaj z nami o swoj\u0105 diet\u0119!","breadcrumb":{"@id":"https:\/\/dev.hempking.eu\/pl\/3x-olej-cbd-1-10ml\/#breadcrumb"},"inLanguage":"pl-PL","potentialAction":[{"@type":"ReadAction","target":["https:\/\/dev.hempking.eu\/pl\/3x-olej-cbd-1-10ml\/"]}]},{"@type":"ImageObject","inLanguage":"pl-PL","@id":"https:\/\/dev.hempking.eu\/pl\/3x-olej-cbd-1-10ml\/#primaryimage","url":"https:\/\/dev.hempking.eu\/pl\/wp-content\/uploads\/sites\/2\/2020\/07\/3x-olej-cbd-1.jpg","contentUrl":"https:\/\/dev.hempking.eu\/pl\/wp-content\/uploads\/sites\/2\/2020\/07\/3x-olej-cbd-1.jpg","width":1000,"height":1000,"caption":"3x olej cbd 1%"},{"@type":"BreadcrumbList","@id":"https:\/\/dev.hempking.eu\/pl\/3x-olej-cbd-1-10ml\/#breadcrumb","itemListElement":[{"@type":"ListItem","position":1,"name":"Home","item":"https:\/\/dev.hempking.eu\/pl\/"},{"@type":"ListItem","position":2,"name":"Sklep","item":"https:\/\/dev.hempking.eu\/pl\/shop\/"},{"@type":"ListItem","position":3,"name":"Zestawy","item":"https:\/\/dev.hempking.eu\/pl\/zestawy\/"},{"@type":"ListItem","position":4,"name":"Wielopaki","item":"https:\/\/dev.hempking.eu\/pl\/wielopaki\/"},{"@type":"ListItem","position":5,"name":"Zestaw: 3x olej CBD 1% + CBDA, CBC, CBGA, CBG, CBDV, CBN - 10ml"}]},{"@type":"WebSite","@id":"https:\/\/dev.hempking.eu\/pl\/#website","url":"https:\/\/dev.hempking.eu\/pl\/","name":"Hemp King","description":"","publisher":{"@id":"https:\/\/dev.hempking.eu\/pl\/#organization"},"potentialAction":[{"@type":"SearchAction","target":{"@type":"EntryPoint","urlTemplate":"https:\/\/dev.hempking.eu\/pl\/?s={search_term_string}"},"query-input":{"@type":"PropertyValueSpecification","valueRequired":true,"valueName":"search_term_string"}}],"inLanguage":"pl-PL"},{"@type":"Organization","@id":"https:\/\/dev.hempking.eu\/pl\/#organization","name":"Hemp King","url":"https:\/\/dev.hempking.eu\/pl\/","logo":{"@type":"ImageObject","inLanguage":"pl-PL","@id":"https:\/\/dev.hempking.eu\/pl\/#\/schema\/logo\/image\/","url":"https:\/\/dev.hempking.eu\/pl\/wp-content\/uploads\/sites\/2\/2020\/05\/hempking.png","contentUrl":"https:\/\/dev.hempking.eu\/pl\/wp-content\/uploads\/sites\/2\/2020\/05\/hempking.png","width":148,"height":91,"caption":"Hemp King"},"image":{"@id":"https:\/\/dev.hempking.eu\/pl\/#\/schema\/logo\/image\/"},"sameAs":["https:\/\/www.facebook.com\/hempkingpoland","https:\/\/x.com\/hempkingeu","https:\/\/www.instagram.com\/hempkingeu\/","https:\/\/www.linkedin.com\/company\/hempking-eu\/mycompany\/","https:\/\/pl.pinterest.com\/hempkingeu\/","https:\/\/www.youtube.com\/channel\/UCUkeZA1fj4hSZfoYm0WpZ7w"]}]},"product_price_amount":"68.05","product_price_currency":"PLN","og_availability":"instock","product_availability":"instock","product_condition":"new"},"_links":{"self":[{"href":"https:\/\/dev.hempking.eu\/pl\/wp-json\/wp\/v2\/product\/663","targetHints":{"allow":["GET"]}}],"collection":[{"href":"https:\/\/dev.hempking.eu\/pl\/wp-json\/wp\/v2\/product"}],"about":[{"href":"https:\/\/dev.hempking.eu\/pl\/wp-json\/wp\/v2\/types\/product"}],"wp:featuredmedia":[{"embeddable":true,"href":"https:\/\/dev.hempking.eu\/pl\/wp-json\/wp\/v2\/media\/910"}],"wp:attachment":[{"href":"https:\/\/dev.hempking.eu\/pl\/wp-json\/wp\/v2\/media?parent=663"}],"wp:term":[{"taxonomy":"product_cat","embeddable":true,"href":"https:\/\/dev.hempking.eu\/pl\/wp-json\/wp\/v2\/product_cat?post=663"},{"taxonomy":"product_tag","embeddable":true,"href":"https:\/\/dev.hempking.eu\/pl\/wp-json\/wp\/v2\/product_tag?post=663"}],"curies":[{"name":"wp","href":"https:\/\/api.w.org\/{rel}","templated":true}]}}