{"id":666,"date":"2020-07-13T13:12:02","date_gmt":"2020-07-13T11:12:02","guid":{"rendered":"https:\/\/hempking.eu\/pl\/?post_type=product&#038;p=666"},"modified":"2023-05-17T14:30:21","modified_gmt":"2023-05-17T12:30:21","slug":"3x-olej-cbd-15","status":"publish","type":"product","link":"https:\/\/dev.hempking.eu\/pl\/3x-olej-cbd-15\/","title":{"rendered":"Zestaw: 3x olej CBD 15% + CBDA, CBC, CBGA, CBG, CBDV, CBN"},"content":{"rendered":"<h2>Olej konopne 15% &#8211; a\u017c trzy olejki Strong!<\/h2>\n<p>Najsilniejsze nasze olejki konopne z fitosk\u0142adnikami a\u017c 15%. Kupuj\u0105c ten zestaw, otrzymujesz a\u017c trzy nasze olejki\u00a0 15%, w pe\u0142nym wymiarze. Ale za mniej!<\/p>\n<p><strong>Silny pakiet, lepsza cena!<\/strong><\/p>\n<h2>Olej konopny 15% Full Spectrum &#8211; 10ml<\/h2>\n<ul>\n<li>Gwarancja st\u0119\u017cenia &#8211; ponad 1500 mg fitosk\u0142adnik\u00f3w,<\/li>\n<li>Zawiera fitosk\u0142adniki w pe\u0142nym spektrum CBD, CBDA, CBC, CBGA, CBG, CBDV, CBN,<\/li>\n<li>Naturalne konopne terpeny, flawonoidy, fenole,<\/li>\n<li>Nienasycone kwasy: omega-3, omega-6 oraz omega-9<\/li>\n<li>1 kropla to 7,5 mg CBD<\/li>\n<li>Produkt posiada aktualne badania i certyfikacje,<\/li>\n<li>Wyprodukowany z naturalnych, sprawdzonych upraw konopi,<\/li>\n<li>Bez zawarto\u015bci syntetycznego fitosk\u0142adnika czy rozpuszczalnik\u00f3w,<\/li>\n<li>Pojemno\u015b\u0107: 10ml<\/li>\n<\/ul>\n<p><a href=\"https:\/\/dev.hempking.eu\/pl\/wp-content\/uploads\/sites\/2\/2020\/07\/warunki4-1.jpg\"><img loading=\"lazy\" decoding=\"async\" class=\"alignnone wp-image-104414 size-full\" src=\"https:\/\/dev.hempking.eu\/pl\/wp-content\/uploads\/sites\/2\/2020\/07\/warunki4-1.jpg\" alt=\"o\u015bwiadczenia CBD w UE\" width=\"755\" height=\"353\" srcset=\"https:\/\/dev.hempking.eu\/pl\/wp-content\/uploads\/sites\/2\/2020\/07\/warunki4-1.jpg 755w, https:\/\/dev.hempking.eu\/pl\/wp-content\/uploads\/sites\/2\/2020\/07\/warunki4-1-640x299.jpg 640w, https:\/\/dev.hempking.eu\/pl\/wp-content\/uploads\/sites\/2\/2020\/07\/warunki4-1-400x187.jpg 400w\" sizes=\"auto, (max-width: 755px) 100vw, 755px\" \/><\/a><\/p>\n<p><a href=\"https:\/\/dev.hempking.eu\/pl\/wp-content\/uploads\/sites\/2\/2020\/07\/warunki_4.jpg\"><img loading=\"lazy\" decoding=\"async\" class=\"alignnone size-full wp-image-100623\" src=\"https:\/\/dev.hempking.eu\/pl\/wp-content\/uploads\/sites\/2\/2020\/07\/warunki_4.jpg\" alt=\"fito sk\u0142adniki novel food\" width=\"755\" height=\"237\" srcset=\"https:\/\/dev.hempking.eu\/pl\/wp-content\/uploads\/sites\/2\/2020\/07\/warunki_4.jpg 755w, https:\/\/dev.hempking.eu\/pl\/wp-content\/uploads\/sites\/2\/2020\/07\/warunki_4-640x201.jpg 640w, https:\/\/dev.hempking.eu\/pl\/wp-content\/uploads\/sites\/2\/2020\/07\/warunki_4-400x126.jpg 400w\" sizes=\"auto, (max-width: 755px) 100vw, 755px\" \/><\/a><\/p>\n","protected":false},"excerpt":{"rendered":"<h2><strong>Zestaw zawiera:<\/strong><\/h2>\n<ul>\n<li>3 olejki konopne\u00a0<a href=\"https:\/\/dev.hempking.eu\/pl\/olej-cbd-natural-strong-15-1500mg-10ml\/\" target=\"_blank\" rel=\"noopener\">Natural Strong 15%<\/a>\u00a0\u2013 10ml<\/li>\n<li><strong>minimum 1500 mg fitosk\u0142adnika<\/strong><\/li>\n<li><strong>pe\u0142ne spektrum fitosk\u0142adnik\u00f3w, naturalnie wyst\u0119puj\u0105cych w przyrodzie:\u00a0<\/strong>CBD, CBDA, CBC, CBGA, CBG, CBDV, CBN<\/li>\n<li>Badania znajdziesz w zak\u0142adce <strong><a href=\"https:\/\/dev.hempking.eu\/pl\/atesty-i-certyfikaty\/\">Atesty i Certyfikaty<\/a>.<\/strong><\/li>\n<\/ul>\n<p><strong>Pe\u0142na cena olejku Natural Strong 15% to 319 z\u0142, wi\u0119c kupuj\u0105c zestaw oszcz\u0119dzasz a\u017c 20%!<\/strong><\/p>\n","protected":false},"featured_media":913,"template":"","meta":{"_acf_changed":false},"product_cat":[280,20,40,122,33],"product_tag":[],"class_list":{"0":"post-666","1":"product","2":"type-product","3":"status-publish","4":"has-post-thumbnail","6":"product_cat-wielopaki","7":"product_cat-olej-cbd","8":"product_cat-olej-cbd-15","9":"product_cat-olej-konopny-full-spectrum","10":"product_cat-zestawy","12":"first","13":"instock","14":"sale","15":"shipping-taxable","16":"purchasable","17":"product-type-simple"},"acf":[],"yoast_head":"<!-- This site is optimized with the Yoast SEO Premium plugin v23.4 (Yoast SEO v24.0) - https:\/\/yoast.com\/wordpress\/plugins\/seo\/ -->\n<title>Wielopak olejku CBD 15% (1500 mg) HempKing<\/title>\n<meta name=\"description\" content=\"Zobacz \u261b Zestaw: 3x olej CBD 15% + CBDA, CBC, CBGA, CBG, CBDV, CBN w konopnym sklepie HempKing 100% naturalne. Zadbaj z nami o swoj\u0105 diet\u0119!\" \/>\n<link rel=\"canonical\" href=\"https:\/\/dev.hempking.eu\/pl\/3x-olej-cbd-15\/\" \/>\n<meta property=\"og:locale\" content=\"pl_PL\" \/>\n<meta property=\"og:type\" content=\"article\" \/>\n<meta property=\"og:title\" content=\"Zestaw: 3x olej CBD 15% + CBDA, CBC, CBGA, CBG, CBDV, CBN\" \/>\n<meta property=\"og:description\" content=\"Zobacz \u261b Zestaw: 3x olej CBD 15% + CBDA, CBC, CBGA, CBG, CBDV, CBN w konopnym sklepie HempKing 100% naturalne. Zadbaj z nami o swoj\u0105 diet\u0119!\" \/>\n<meta property=\"og:url\" content=\"https:\/\/dev.hempking.eu\/pl\/3x-olej-cbd-15\/\" \/>\n<meta property=\"og:site_name\" content=\"Hemp King\" \/>\n<meta property=\"article:publisher\" content=\"https:\/\/www.facebook.com\/hempkingpoland\" \/>\n<meta property=\"article:modified_time\" content=\"2023-05-17T12:30:21+00:00\" \/>\n<meta property=\"og:image\" content=\"https:\/\/dev.hempking.eu\/pl\/wp-content\/uploads\/sites\/2\/2020\/07\/3x-olej-cbd-15.jpg\" \/>\n\t<meta property=\"og:image:width\" content=\"1000\" \/>\n\t<meta property=\"og:image:height\" content=\"1000\" \/>\n\t<meta property=\"og:image:type\" content=\"image\/jpeg\" \/>\n<meta name=\"twitter:card\" content=\"summary_large_image\" \/>\n<meta name=\"twitter:site\" content=\"@hempkingeu\" \/>\n<meta name=\"twitter:label1\" content=\"Price\" \/>\n\t<meta name=\"twitter:data1\" content=\"622.00&nbsp;&#122;&#322;\" \/>\n\t<meta name=\"twitter:label2\" content=\"Availability\" \/>\n\t<meta name=\"twitter:data2\" content=\"In stock\" \/>\n<script type=\"application\/ld+json\" class=\"yoast-schema-graph\">{\"@context\":\"https:\/\/schema.org\",\"@graph\":[{\"@type\":\"WebPage\",\"@id\":\"https:\/\/dev.hempking.eu\/pl\/3x-olej-cbd-15\/\",\"url\":\"https:\/\/dev.hempking.eu\/pl\/3x-olej-cbd-15\/\",\"name\":\"Wielopak olejku CBD 15% (1500 mg) HempKing\",\"isPartOf\":{\"@id\":\"https:\/\/dev.hempking.eu\/pl\/#website\"},\"primaryImageOfPage\":{\"@id\":\"https:\/\/dev.hempking.eu\/pl\/3x-olej-cbd-15\/#primaryimage\"},\"image\":{\"@id\":\"https:\/\/dev.hempking.eu\/pl\/3x-olej-cbd-15\/#primaryimage\"},\"thumbnailUrl\":\"https:\/\/dev.hempking.eu\/pl\/wp-content\/uploads\/sites\/2\/2020\/07\/3x-olej-cbd-15.jpg\",\"datePublished\":\"2020-07-13T11:12:02+00:00\",\"dateModified\":\"2023-05-17T12:30:21+00:00\",\"description\":\"Zobacz \u261b Zestaw: 3x olej CBD 15% + CBDA, CBC, CBGA, CBG, CBDV, CBN w konopnym sklepie HempKing 100% naturalne. Zadbaj z nami o swoj\u0105 diet\u0119!\",\"breadcrumb\":{\"@id\":\"https:\/\/dev.hempking.eu\/pl\/3x-olej-cbd-15\/#breadcrumb\"},\"inLanguage\":\"pl-PL\",\"potentialAction\":[{\"@type\":\"ReadAction\",\"target\":[\"https:\/\/dev.hempking.eu\/pl\/3x-olej-cbd-15\/\"]}]},{\"@type\":\"ImageObject\",\"inLanguage\":\"pl-PL\",\"@id\":\"https:\/\/dev.hempking.eu\/pl\/3x-olej-cbd-15\/#primaryimage\",\"url\":\"https:\/\/dev.hempking.eu\/pl\/wp-content\/uploads\/sites\/2\/2020\/07\/3x-olej-cbd-15.jpg\",\"contentUrl\":\"https:\/\/dev.hempking.eu\/pl\/wp-content\/uploads\/sites\/2\/2020\/07\/3x-olej-cbd-15.jpg\",\"width\":1000,\"height\":1000,\"caption\":\"3x olej cbd 15%\"},{\"@type\":\"BreadcrumbList\",\"@id\":\"https:\/\/dev.hempking.eu\/pl\/3x-olej-cbd-15\/#breadcrumb\",\"itemListElement\":[{\"@type\":\"ListItem\",\"position\":1,\"name\":\"Home\",\"item\":\"https:\/\/dev.hempking.eu\/pl\/\"},{\"@type\":\"ListItem\",\"position\":2,\"name\":\"Sklep\",\"item\":\"https:\/\/dev.hempking.eu\/pl\/shop\/\"},{\"@type\":\"ListItem\",\"position\":3,\"name\":\"Zestawy\",\"item\":\"https:\/\/dev.hempking.eu\/pl\/zestawy\/\"},{\"@type\":\"ListItem\",\"position\":4,\"name\":\"Wielopaki\",\"item\":\"https:\/\/dev.hempking.eu\/pl\/wielopaki\/\"},{\"@type\":\"ListItem\",\"position\":5,\"name\":\"Zestaw: 3x olej CBD 15% + CBDA, CBC, CBGA, CBG, CBDV, CBN\"}]},{\"@type\":\"WebSite\",\"@id\":\"https:\/\/dev.hempking.eu\/pl\/#website\",\"url\":\"https:\/\/dev.hempking.eu\/pl\/\",\"name\":\"Hemp King\",\"description\":\"\",\"publisher\":{\"@id\":\"https:\/\/dev.hempking.eu\/pl\/#organization\"},\"potentialAction\":[{\"@type\":\"SearchAction\",\"target\":{\"@type\":\"EntryPoint\",\"urlTemplate\":\"https:\/\/dev.hempking.eu\/pl\/?s={search_term_string}\"},\"query-input\":{\"@type\":\"PropertyValueSpecification\",\"valueRequired\":true,\"valueName\":\"search_term_string\"}}],\"inLanguage\":\"pl-PL\"},{\"@type\":\"Organization\",\"@id\":\"https:\/\/dev.hempking.eu\/pl\/#organization\",\"name\":\"Hemp King\",\"url\":\"https:\/\/dev.hempking.eu\/pl\/\",\"logo\":{\"@type\":\"ImageObject\",\"inLanguage\":\"pl-PL\",\"@id\":\"https:\/\/dev.hempking.eu\/pl\/#\/schema\/logo\/image\/\",\"url\":\"https:\/\/dev.hempking.eu\/pl\/wp-content\/uploads\/sites\/2\/2020\/05\/hempking.png\",\"contentUrl\":\"https:\/\/dev.hempking.eu\/pl\/wp-content\/uploads\/sites\/2\/2020\/05\/hempking.png\",\"width\":148,\"height\":91,\"caption\":\"Hemp King\"},\"image\":{\"@id\":\"https:\/\/dev.hempking.eu\/pl\/#\/schema\/logo\/image\/\"},\"sameAs\":[\"https:\/\/www.facebook.com\/hempkingpoland\",\"https:\/\/x.com\/hempkingeu\",\"https:\/\/www.instagram.com\/hempkingeu\/\",\"https:\/\/www.linkedin.com\/company\/hempking-eu\/mycompany\/\",\"https:\/\/pl.pinterest.com\/hempkingeu\/\",\"https:\/\/www.youtube.com\/channel\/UCUkeZA1fj4hSZfoYm0WpZ7w\"]}]}<\/script>\n<meta property=\"product:price:amount\" content=\"622.00\" \/>\n<meta property=\"product:price:currency\" content=\"PLN\" \/>\n<meta property=\"og:availability\" content=\"instock\" \/>\n<meta property=\"product:availability\" content=\"instock\" \/>\n<meta property=\"product:condition\" content=\"new\" \/>\n<!-- \/ Yoast SEO Premium plugin. -->","yoast_head_json":{"title":"Wielopak olejku CBD 15% (1500 mg) HempKing","description":"Zobacz \u261b Zestaw: 3x olej CBD 15% + CBDA, CBC, CBGA, CBG, CBDV, CBN w konopnym sklepie HempKing 100% naturalne. Zadbaj z nami o swoj\u0105 diet\u0119!","canonical":"https:\/\/dev.hempking.eu\/pl\/3x-olej-cbd-15\/","og_locale":"pl_PL","og_type":"article","og_title":"Zestaw: 3x olej CBD 15% + CBDA, CBC, CBGA, CBG, CBDV, CBN","og_description":"Zobacz \u261b Zestaw: 3x olej CBD 15% + CBDA, CBC, CBGA, CBG, CBDV, CBN w konopnym sklepie HempKing 100% naturalne. Zadbaj z nami o swoj\u0105 diet\u0119!","og_url":"https:\/\/dev.hempking.eu\/pl\/3x-olej-cbd-15\/","og_site_name":"Hemp King","article_publisher":"https:\/\/www.facebook.com\/hempkingpoland","article_modified_time":"2023-05-17T12:30:21+00:00","og_image":[{"width":1000,"height":1000,"url":"https:\/\/dev.hempking.eu\/pl\/wp-content\/uploads\/sites\/2\/2020\/07\/3x-olej-cbd-15.jpg","type":"image\/jpeg"}],"twitter_card":"summary_large_image","twitter_site":"@hempkingeu","twitter_misc":{"Price":"622.00&nbsp;&#122;&#322;","Availability":"In stock"},"schema":{"@context":"https:\/\/schema.org","@graph":[{"@type":"WebPage","@id":"https:\/\/dev.hempking.eu\/pl\/3x-olej-cbd-15\/","url":"https:\/\/dev.hempking.eu\/pl\/3x-olej-cbd-15\/","name":"Wielopak olejku CBD 15% (1500 mg) HempKing","isPartOf":{"@id":"https:\/\/dev.hempking.eu\/pl\/#website"},"primaryImageOfPage":{"@id":"https:\/\/dev.hempking.eu\/pl\/3x-olej-cbd-15\/#primaryimage"},"image":{"@id":"https:\/\/dev.hempking.eu\/pl\/3x-olej-cbd-15\/#primaryimage"},"thumbnailUrl":"https:\/\/dev.hempking.eu\/pl\/wp-content\/uploads\/sites\/2\/2020\/07\/3x-olej-cbd-15.jpg","datePublished":"2020-07-13T11:12:02+00:00","dateModified":"2023-05-17T12:30:21+00:00","description":"Zobacz \u261b Zestaw: 3x olej CBD 15% + CBDA, CBC, CBGA, CBG, CBDV, CBN w konopnym sklepie HempKing 100% naturalne. Zadbaj z nami o swoj\u0105 diet\u0119!","breadcrumb":{"@id":"https:\/\/dev.hempking.eu\/pl\/3x-olej-cbd-15\/#breadcrumb"},"inLanguage":"pl-PL","potentialAction":[{"@type":"ReadAction","target":["https:\/\/dev.hempking.eu\/pl\/3x-olej-cbd-15\/"]}]},{"@type":"ImageObject","inLanguage":"pl-PL","@id":"https:\/\/dev.hempking.eu\/pl\/3x-olej-cbd-15\/#primaryimage","url":"https:\/\/dev.hempking.eu\/pl\/wp-content\/uploads\/sites\/2\/2020\/07\/3x-olej-cbd-15.jpg","contentUrl":"https:\/\/dev.hempking.eu\/pl\/wp-content\/uploads\/sites\/2\/2020\/07\/3x-olej-cbd-15.jpg","width":1000,"height":1000,"caption":"3x olej cbd 15%"},{"@type":"BreadcrumbList","@id":"https:\/\/dev.hempking.eu\/pl\/3x-olej-cbd-15\/#breadcrumb","itemListElement":[{"@type":"ListItem","position":1,"name":"Home","item":"https:\/\/dev.hempking.eu\/pl\/"},{"@type":"ListItem","position":2,"name":"Sklep","item":"https:\/\/dev.hempking.eu\/pl\/shop\/"},{"@type":"ListItem","position":3,"name":"Zestawy","item":"https:\/\/dev.hempking.eu\/pl\/zestawy\/"},{"@type":"ListItem","position":4,"name":"Wielopaki","item":"https:\/\/dev.hempking.eu\/pl\/wielopaki\/"},{"@type":"ListItem","position":5,"name":"Zestaw: 3x olej CBD 15% + CBDA, CBC, CBGA, CBG, CBDV, CBN"}]},{"@type":"WebSite","@id":"https:\/\/dev.hempking.eu\/pl\/#website","url":"https:\/\/dev.hempking.eu\/pl\/","name":"Hemp King","description":"","publisher":{"@id":"https:\/\/dev.hempking.eu\/pl\/#organization"},"potentialAction":[{"@type":"SearchAction","target":{"@type":"EntryPoint","urlTemplate":"https:\/\/dev.hempking.eu\/pl\/?s={search_term_string}"},"query-input":{"@type":"PropertyValueSpecification","valueRequired":true,"valueName":"search_term_string"}}],"inLanguage":"pl-PL"},{"@type":"Organization","@id":"https:\/\/dev.hempking.eu\/pl\/#organization","name":"Hemp King","url":"https:\/\/dev.hempking.eu\/pl\/","logo":{"@type":"ImageObject","inLanguage":"pl-PL","@id":"https:\/\/dev.hempking.eu\/pl\/#\/schema\/logo\/image\/","url":"https:\/\/dev.hempking.eu\/pl\/wp-content\/uploads\/sites\/2\/2020\/05\/hempking.png","contentUrl":"https:\/\/dev.hempking.eu\/pl\/wp-content\/uploads\/sites\/2\/2020\/05\/hempking.png","width":148,"height":91,"caption":"Hemp King"},"image":{"@id":"https:\/\/dev.hempking.eu\/pl\/#\/schema\/logo\/image\/"},"sameAs":["https:\/\/www.facebook.com\/hempkingpoland","https:\/\/x.com\/hempkingeu","https:\/\/www.instagram.com\/hempkingeu\/","https:\/\/www.linkedin.com\/company\/hempking-eu\/mycompany\/","https:\/\/pl.pinterest.com\/hempkingeu\/","https:\/\/www.youtube.com\/channel\/UCUkeZA1fj4hSZfoYm0WpZ7w"]}]},"product_price_amount":"622.00","product_price_currency":"PLN","og_availability":"instock","product_availability":"instock","product_condition":"new"},"_links":{"self":[{"href":"https:\/\/dev.hempking.eu\/pl\/wp-json\/wp\/v2\/product\/666","targetHints":{"allow":["GET"]}}],"collection":[{"href":"https:\/\/dev.hempking.eu\/pl\/wp-json\/wp\/v2\/product"}],"about":[{"href":"https:\/\/dev.hempking.eu\/pl\/wp-json\/wp\/v2\/types\/product"}],"wp:featuredmedia":[{"embeddable":true,"href":"https:\/\/dev.hempking.eu\/pl\/wp-json\/wp\/v2\/media\/913"}],"wp:attachment":[{"href":"https:\/\/dev.hempking.eu\/pl\/wp-json\/wp\/v2\/media?parent=666"}],"wp:term":[{"taxonomy":"product_cat","embeddable":true,"href":"https:\/\/dev.hempking.eu\/pl\/wp-json\/wp\/v2\/product_cat?post=666"},{"taxonomy":"product_tag","embeddable":true,"href":"https:\/\/dev.hempking.eu\/pl\/wp-json\/wp\/v2\/product_tag?post=666"}],"curies":[{"name":"wp","href":"https:\/\/api.w.org\/{rel}","templated":true}]}}