{"id":668,"date":"2020-07-13T13:52:29","date_gmt":"2020-07-13T11:52:29","guid":{"rendered":"https:\/\/hempking.eu\/pl\/?post_type=product&#038;p=668"},"modified":"2023-02-27T19:55:37","modified_gmt":"2023-02-27T18:55:37","slug":"olej-cbd-5-susz-konopny-cbd-40g","status":"publish","type":"product","link":"https:\/\/dev.hempking.eu\/pl\/olej-cbd-5-susz-konopny-cbd-40g\/","title":{"rendered":"Zestaw: Olej konopny 5% CBD, CBDA, CBC, CBGA, CBG, CBDV, CBN + Susz konopny CBD,+ CBDA, CBC, CBGA, CBG, CBDV, CBN 40g"},"content":{"rendered":"<h2><strong>Olejek 5% i susz konopny &#8211; konopie pod dwoma postaciami<\/strong><\/h2>\n<p>Bestsellerowy olejek konopny 5%, idealny na pocz\u0105tek przygody z konopiami, po\u0142\u0105czyli\u015bmy w zestaw wraz z suszem z konopi, kt\u00f3ry idealnie nadaje si\u0119 do przygotowywania napar\u00f3w!<\/p>\n<p>Poznaj wyj\u0105tkowy smak konopi i ciesz si\u0119 suplementacj\u0105 z olejem z fitosk\u0142adnikami i suszem konopnym!<\/p>\n<p><strong>Teraz w zestawie taniej!<\/strong><\/p>\n<h2><strong>Zestaw konopny specjalnie dla Ciebie<\/strong><\/h2>\n<h3><strong>Olej konopny 5% to:<\/strong><\/h3>\n<ul>\n<li>500mg fitosk\u0142adnik\u00f3w &#8211; z gwarancj\u0105 st\u0119\u017cenia!<\/li>\n<li>bogaty w naturalnie wyst\u0119puj\u0105ce w przyrodzie fitosk\u0142adniki o pe\u0142nym spektrum &#8211; <strong>\u00a0CBD, CBDA, CBC, CBGA, CBG, CBDV, CBN<\/strong><\/li>\n<li>olej konopny wzbogaca diet\u0119 o nienasycone kwasy t\u0142uszczowe<\/li>\n<li>10ml<\/li>\n<li>produkt przebadany i certyfikowany<\/li>\n<\/ul>\n<h3><strong>Susz konopny to:<\/strong><\/h3>\n<ul>\n<li>100% r\u0119cznie zbierane i sortowane konopie<\/li>\n<li>pochodzi tylko ze sprawdzonych upraw,<\/li>\n<li>idealny do napar\u00f3w i u\u017cywania w kuchni<\/li>\n<li>waga: 40g<\/li>\n<\/ul>\n<p><strong>Zobacz nasz <a href=\"https:\/\/dev.hempking.eu\/pl\/zestaw-startowy-z-olejem-cbd\/\">Zestaw Startowy<\/a>!\u00a0<\/strong><\/p>\n<p><a href=\"https:\/\/dev.hempking.eu\/pl\/wp-content\/uploads\/sites\/2\/2020\/07\/warunki4-1.jpg\"><img loading=\"lazy\" decoding=\"async\" class=\"alignnone wp-image-104414 size-full\" src=\"https:\/\/dev.hempking.eu\/pl\/wp-content\/uploads\/sites\/2\/2020\/07\/warunki4-1.jpg\" alt=\"o\u015bwiadczenia CBD w UE\" width=\"755\" height=\"353\" srcset=\"https:\/\/dev.hempking.eu\/pl\/wp-content\/uploads\/sites\/2\/2020\/07\/warunki4-1.jpg 755w, https:\/\/dev.hempking.eu\/pl\/wp-content\/uploads\/sites\/2\/2020\/07\/warunki4-1-640x299.jpg 640w, https:\/\/dev.hempking.eu\/pl\/wp-content\/uploads\/sites\/2\/2020\/07\/warunki4-1-400x187.jpg 400w\" sizes=\"auto, (max-width: 755px) 100vw, 755px\" \/><\/a><\/p>\n<p><a href=\"https:\/\/dev.hempking.eu\/pl\/wp-content\/uploads\/sites\/2\/2020\/07\/warunki_4.jpg\"><img loading=\"lazy\" decoding=\"async\" class=\"alignnone size-full wp-image-100623\" src=\"https:\/\/dev.hempking.eu\/pl\/wp-content\/uploads\/sites\/2\/2020\/07\/warunki_4.jpg\" alt=\"fito sk\u0142adniki novel food\" width=\"755\" height=\"237\" srcset=\"https:\/\/dev.hempking.eu\/pl\/wp-content\/uploads\/sites\/2\/2020\/07\/warunki_4.jpg 755w, https:\/\/dev.hempking.eu\/pl\/wp-content\/uploads\/sites\/2\/2020\/07\/warunki_4-640x201.jpg 640w, https:\/\/dev.hempking.eu\/pl\/wp-content\/uploads\/sites\/2\/2020\/07\/warunki_4-400x126.jpg 400w\" sizes=\"auto, (max-width: 755px) 100vw, 755px\" \/><\/a><\/p>\n","protected":false},"excerpt":{"rendered":"<div class=\"description woocommerce-product-details__short-description\">\n<h2><strong>Zestaw zawiera:<\/strong><\/h2>\n<ul>\n<li><a href=\"https:\/\/dev.hempking.eu\/pl\/olej-cbd-natural-5-500mg-10ml\/\" target=\"_blank\" rel=\"noopener\">Olej konopny z naturalnymi fitosk\u0142adnikami 5%<\/a> \u2013 10ml\u00a0\u2013\u00a0<strong>109<\/strong>\u00a0<strong>z\u0142<\/strong><\/li>\n<li><a href=\"https:\/\/dev.hempking.eu\/pl\/susz-konopny-cbd-cbda-2-4-40g\/\" target=\"_blank\" rel=\"noopener\">Susz konopny CBD z naturalnymi fitosk\u0142adnikami<\/a>\u00a0\u2013 40g \u2013\u00a0<strong>30<\/strong>\u00a0<strong>z\u0142<\/strong><\/li>\n<\/ul>\n<p><strong>Kupuj\u0105c zestaw oszcz\u0119dzasz 21%!<\/strong><\/p>\n<p>Badania znajdziesz w zak\u0142adce\u00a0<strong><a href=\"https:\/\/dev.hempking.eu\/pl\/atesty-i-certyfikaty\/\">Atesty i Certyfikaty<\/a>.<\/strong><\/p>\n<\/div>\n","protected":false},"featured_media":114721,"template":"","meta":{"_acf_changed":false},"product_cat":[38,32,33],"product_tag":[],"class_list":{"0":"post-668","1":"product","2":"type-product","3":"status-publish","4":"has-post-thumbnail","6":"product_cat-olej-cbd-5","7":"product_cat-susz-konopny-cbd","8":"product_cat-zestawy","10":"first","11":"instock","12":"sale","13":"shipping-taxable","14":"purchasable","15":"product-type-simple"},"acf":[],"yoast_head":"<!-- This site is optimized with the Yoast SEO Premium plugin v23.4 (Yoast SEO v24.0) - https:\/\/yoast.com\/wordpress\/plugins\/seo\/ -->\n<title>Zestaw: Olej konopny 5% CBD, CBDA, CBC, CBGA, CBG, CBDV, CBN + Susz konopny CBD,+ CBDA, CBC, CBGA, CBG, CBDV, CBN 40g - Hemp King<\/title>\n<meta name=\"description\" content=\"Zobacz \u261b Zestaw: Olej konopny 5% CBD, CBDA, CBC, CBGA, CBG, CBDV, CBN + Susz konopny CBD,+ CBDA, CBC, CBGA, CBG, CBDV, CBN 40g w konopnym sklepie HempKing 100% naturalne. Zadbaj z nami o swoj\u0105 diet\u0119!\" \/>\n<link rel=\"canonical\" href=\"https:\/\/dev.hempking.eu\/pl\/olej-cbd-5-susz-konopny-cbd-40g\/\" \/>\n<meta property=\"og:locale\" content=\"pl_PL\" \/>\n<meta property=\"og:type\" content=\"article\" \/>\n<meta property=\"og:title\" content=\"Zestaw: Olej konopny 5% CBD, CBDA, CBC, CBGA, CBG, CBDV, CBN + Susz konopny CBD,+ CBDA, CBC, CBGA, CBG, CBDV, CBN 40g\" \/>\n<meta property=\"og:description\" content=\"Zobacz \u261b Zestaw: Olej konopny 5% CBD, CBDA, CBC, CBGA, CBG, CBDV, CBN + Susz konopny CBD,+ CBDA, CBC, CBGA, CBG, CBDV, CBN 40g w konopnym sklepie HempKing 100% naturalne. Zadbaj z nami o swoj\u0105 diet\u0119!\" \/>\n<meta property=\"og:url\" content=\"https:\/\/dev.hempking.eu\/pl\/olej-cbd-5-susz-konopny-cbd-40g\/\" \/>\n<meta property=\"og:site_name\" content=\"Hemp King\" \/>\n<meta property=\"article:publisher\" content=\"https:\/\/www.facebook.com\/hempkingpoland\" \/>\n<meta property=\"article:modified_time\" content=\"2023-02-27T18:55:37+00:00\" \/>\n<meta property=\"og:image\" content=\"https:\/\/dev.hempking.eu\/pl\/wp-content\/uploads\/sites\/2\/2020\/07\/Projekt-bez-tytulu-5.png\" \/>\n\t<meta property=\"og:image:width\" content=\"1000\" \/>\n\t<meta property=\"og:image:height\" content=\"1000\" \/>\n\t<meta property=\"og:image:type\" content=\"image\/png\" \/>\n<meta name=\"twitter:card\" content=\"summary_large_image\" \/>\n<meta name=\"twitter:site\" content=\"@hempkingeu\" \/>\n<meta name=\"twitter:label1\" content=\"Price\" \/>\n\t<meta name=\"twitter:data1\" content=\"109.90&nbsp;&#122;&#322;\" \/>\n\t<meta name=\"twitter:label2\" content=\"Availability\" \/>\n\t<meta name=\"twitter:data2\" content=\"In stock\" \/>\n<script type=\"application\/ld+json\" class=\"yoast-schema-graph\">{\"@context\":\"https:\/\/schema.org\",\"@graph\":[{\"@type\":\"WebPage\",\"@id\":\"https:\/\/dev.hempking.eu\/pl\/olej-cbd-5-susz-konopny-cbd-40g\/\",\"url\":\"https:\/\/dev.hempking.eu\/pl\/olej-cbd-5-susz-konopny-cbd-40g\/\",\"name\":\"Zestaw: Olej konopny 5% CBD, CBDA, CBC, CBGA, CBG, CBDV, CBN + Susz konopny CBD,+ CBDA, CBC, CBGA, CBG, CBDV, CBN 40g - Hemp King\",\"isPartOf\":{\"@id\":\"https:\/\/dev.hempking.eu\/pl\/#website\"},\"primaryImageOfPage\":{\"@id\":\"https:\/\/dev.hempking.eu\/pl\/olej-cbd-5-susz-konopny-cbd-40g\/#primaryimage\"},\"image\":{\"@id\":\"https:\/\/dev.hempking.eu\/pl\/olej-cbd-5-susz-konopny-cbd-40g\/#primaryimage\"},\"thumbnailUrl\":\"https:\/\/dev.hempking.eu\/pl\/wp-content\/uploads\/sites\/2\/2020\/07\/Projekt-bez-tytulu-5.png\",\"datePublished\":\"2020-07-13T11:52:29+00:00\",\"dateModified\":\"2023-02-27T18:55:37+00:00\",\"description\":\"Zobacz \u261b Zestaw: Olej konopny 5% CBD, CBDA, CBC, CBGA, CBG, CBDV, CBN + Susz konopny CBD,+ CBDA, CBC, CBGA, CBG, CBDV, CBN 40g w konopnym sklepie HempKing 100% naturalne. Zadbaj z nami o swoj\u0105 diet\u0119!\",\"breadcrumb\":{\"@id\":\"https:\/\/dev.hempking.eu\/pl\/olej-cbd-5-susz-konopny-cbd-40g\/#breadcrumb\"},\"inLanguage\":\"pl-PL\",\"potentialAction\":[{\"@type\":\"ReadAction\",\"target\":[\"https:\/\/dev.hempking.eu\/pl\/olej-cbd-5-susz-konopny-cbd-40g\/\"]}]},{\"@type\":\"ImageObject\",\"inLanguage\":\"pl-PL\",\"@id\":\"https:\/\/dev.hempking.eu\/pl\/olej-cbd-5-susz-konopny-cbd-40g\/#primaryimage\",\"url\":\"https:\/\/dev.hempking.eu\/pl\/wp-content\/uploads\/sites\/2\/2020\/07\/Projekt-bez-tytulu-5.png\",\"contentUrl\":\"https:\/\/dev.hempking.eu\/pl\/wp-content\/uploads\/sites\/2\/2020\/07\/Projekt-bez-tytulu-5.png\",\"width\":1000,\"height\":1000,\"caption\":\"olejek cbd 5% natural susz\"},{\"@type\":\"BreadcrumbList\",\"@id\":\"https:\/\/dev.hempking.eu\/pl\/olej-cbd-5-susz-konopny-cbd-40g\/#breadcrumb\",\"itemListElement\":[{\"@type\":\"ListItem\",\"position\":1,\"name\":\"Home\",\"item\":\"https:\/\/dev.hempking.eu\/pl\/\"},{\"@type\":\"ListItem\",\"position\":2,\"name\":\"Sklep\",\"item\":\"https:\/\/dev.hempking.eu\/pl\/shop\/\"},{\"@type\":\"ListItem\",\"position\":3,\"name\":\"Olej CBD\",\"item\":\"https:\/\/dev.hempking.eu\/pl\/olej-cbd\/\"},{\"@type\":\"ListItem\",\"position\":4,\"name\":\"Olej CBD 5%\",\"item\":\"https:\/\/dev.hempking.eu\/pl\/olej-cbd-5\/\"},{\"@type\":\"ListItem\",\"position\":5,\"name\":\"Zestaw: Olej konopny 5% CBD, CBDA, CBC, CBGA, CBG, CBDV, CBN + Susz konopny CBD,+ CBDA, CBC, CBGA, CBG, CBDV, CBN 40g\"}]},{\"@type\":\"WebSite\",\"@id\":\"https:\/\/dev.hempking.eu\/pl\/#website\",\"url\":\"https:\/\/dev.hempking.eu\/pl\/\",\"name\":\"Hemp King\",\"description\":\"\",\"publisher\":{\"@id\":\"https:\/\/dev.hempking.eu\/pl\/#organization\"},\"potentialAction\":[{\"@type\":\"SearchAction\",\"target\":{\"@type\":\"EntryPoint\",\"urlTemplate\":\"https:\/\/dev.hempking.eu\/pl\/?s={search_term_string}\"},\"query-input\":{\"@type\":\"PropertyValueSpecification\",\"valueRequired\":true,\"valueName\":\"search_term_string\"}}],\"inLanguage\":\"pl-PL\"},{\"@type\":\"Organization\",\"@id\":\"https:\/\/dev.hempking.eu\/pl\/#organization\",\"name\":\"Hemp King\",\"url\":\"https:\/\/dev.hempking.eu\/pl\/\",\"logo\":{\"@type\":\"ImageObject\",\"inLanguage\":\"pl-PL\",\"@id\":\"https:\/\/dev.hempking.eu\/pl\/#\/schema\/logo\/image\/\",\"url\":\"https:\/\/dev.hempking.eu\/pl\/wp-content\/uploads\/sites\/2\/2020\/05\/hempking.png\",\"contentUrl\":\"https:\/\/dev.hempking.eu\/pl\/wp-content\/uploads\/sites\/2\/2020\/05\/hempking.png\",\"width\":148,\"height\":91,\"caption\":\"Hemp King\"},\"image\":{\"@id\":\"https:\/\/dev.hempking.eu\/pl\/#\/schema\/logo\/image\/\"},\"sameAs\":[\"https:\/\/www.facebook.com\/hempkingpoland\",\"https:\/\/x.com\/hempkingeu\",\"https:\/\/www.instagram.com\/hempkingeu\/\",\"https:\/\/www.linkedin.com\/company\/hempking-eu\/mycompany\/\",\"https:\/\/pl.pinterest.com\/hempkingeu\/\",\"https:\/\/www.youtube.com\/channel\/UCUkeZA1fj4hSZfoYm0WpZ7w\"]}]}<\/script>\n<meta property=\"product:price:amount\" content=\"109.90\" \/>\n<meta property=\"product:price:currency\" content=\"PLN\" \/>\n<meta property=\"og:availability\" content=\"instock\" \/>\n<meta property=\"product:availability\" content=\"instock\" \/>\n<meta property=\"product:condition\" content=\"new\" \/>\n<!-- \/ Yoast SEO Premium plugin. -->","yoast_head_json":{"title":"Zestaw: Olej konopny 5% CBD, CBDA, CBC, CBGA, CBG, CBDV, CBN + Susz konopny CBD,+ CBDA, CBC, CBGA, CBG, CBDV, CBN 40g - Hemp King","description":"Zobacz \u261b Zestaw: Olej konopny 5% CBD, CBDA, CBC, CBGA, CBG, CBDV, CBN + Susz konopny CBD,+ CBDA, CBC, CBGA, CBG, CBDV, CBN 40g w konopnym sklepie HempKing 100% naturalne. Zadbaj z nami o swoj\u0105 diet\u0119!","canonical":"https:\/\/dev.hempking.eu\/pl\/olej-cbd-5-susz-konopny-cbd-40g\/","og_locale":"pl_PL","og_type":"article","og_title":"Zestaw: Olej konopny 5% CBD, CBDA, CBC, CBGA, CBG, CBDV, CBN + Susz konopny CBD,+ CBDA, CBC, CBGA, CBG, CBDV, CBN 40g","og_description":"Zobacz \u261b Zestaw: Olej konopny 5% CBD, CBDA, CBC, CBGA, CBG, CBDV, CBN + Susz konopny CBD,+ CBDA, CBC, CBGA, CBG, CBDV, CBN 40g w konopnym sklepie HempKing 100% naturalne. Zadbaj z nami o swoj\u0105 diet\u0119!","og_url":"https:\/\/dev.hempking.eu\/pl\/olej-cbd-5-susz-konopny-cbd-40g\/","og_site_name":"Hemp King","article_publisher":"https:\/\/www.facebook.com\/hempkingpoland","article_modified_time":"2023-02-27T18:55:37+00:00","og_image":[{"width":1000,"height":1000,"url":"https:\/\/dev.hempking.eu\/pl\/wp-content\/uploads\/sites\/2\/2020\/07\/Projekt-bez-tytulu-5.png","type":"image\/png"}],"twitter_card":"summary_large_image","twitter_site":"@hempkingeu","twitter_misc":{"Price":"109.90&nbsp;&#122;&#322;","Availability":"In stock"},"schema":{"@context":"https:\/\/schema.org","@graph":[{"@type":"WebPage","@id":"https:\/\/dev.hempking.eu\/pl\/olej-cbd-5-susz-konopny-cbd-40g\/","url":"https:\/\/dev.hempking.eu\/pl\/olej-cbd-5-susz-konopny-cbd-40g\/","name":"Zestaw: Olej konopny 5% CBD, CBDA, CBC, CBGA, CBG, CBDV, CBN + Susz konopny CBD,+ CBDA, CBC, CBGA, CBG, CBDV, CBN 40g - Hemp King","isPartOf":{"@id":"https:\/\/dev.hempking.eu\/pl\/#website"},"primaryImageOfPage":{"@id":"https:\/\/dev.hempking.eu\/pl\/olej-cbd-5-susz-konopny-cbd-40g\/#primaryimage"},"image":{"@id":"https:\/\/dev.hempking.eu\/pl\/olej-cbd-5-susz-konopny-cbd-40g\/#primaryimage"},"thumbnailUrl":"https:\/\/dev.hempking.eu\/pl\/wp-content\/uploads\/sites\/2\/2020\/07\/Projekt-bez-tytulu-5.png","datePublished":"2020-07-13T11:52:29+00:00","dateModified":"2023-02-27T18:55:37+00:00","description":"Zobacz \u261b Zestaw: Olej konopny 5% CBD, CBDA, CBC, CBGA, CBG, CBDV, CBN + Susz konopny CBD,+ CBDA, CBC, CBGA, CBG, CBDV, CBN 40g w konopnym sklepie HempKing 100% naturalne. Zadbaj z nami o swoj\u0105 diet\u0119!","breadcrumb":{"@id":"https:\/\/dev.hempking.eu\/pl\/olej-cbd-5-susz-konopny-cbd-40g\/#breadcrumb"},"inLanguage":"pl-PL","potentialAction":[{"@type":"ReadAction","target":["https:\/\/dev.hempking.eu\/pl\/olej-cbd-5-susz-konopny-cbd-40g\/"]}]},{"@type":"ImageObject","inLanguage":"pl-PL","@id":"https:\/\/dev.hempking.eu\/pl\/olej-cbd-5-susz-konopny-cbd-40g\/#primaryimage","url":"https:\/\/dev.hempking.eu\/pl\/wp-content\/uploads\/sites\/2\/2020\/07\/Projekt-bez-tytulu-5.png","contentUrl":"https:\/\/dev.hempking.eu\/pl\/wp-content\/uploads\/sites\/2\/2020\/07\/Projekt-bez-tytulu-5.png","width":1000,"height":1000,"caption":"olejek cbd 5% natural susz"},{"@type":"BreadcrumbList","@id":"https:\/\/dev.hempking.eu\/pl\/olej-cbd-5-susz-konopny-cbd-40g\/#breadcrumb","itemListElement":[{"@type":"ListItem","position":1,"name":"Home","item":"https:\/\/dev.hempking.eu\/pl\/"},{"@type":"ListItem","position":2,"name":"Sklep","item":"https:\/\/dev.hempking.eu\/pl\/shop\/"},{"@type":"ListItem","position":3,"name":"Olej CBD","item":"https:\/\/dev.hempking.eu\/pl\/olej-cbd\/"},{"@type":"ListItem","position":4,"name":"Olej CBD 5%","item":"https:\/\/dev.hempking.eu\/pl\/olej-cbd-5\/"},{"@type":"ListItem","position":5,"name":"Zestaw: Olej konopny 5% CBD, CBDA, CBC, CBGA, CBG, CBDV, CBN + Susz konopny CBD,+ CBDA, CBC, CBGA, CBG, CBDV, CBN 40g"}]},{"@type":"WebSite","@id":"https:\/\/dev.hempking.eu\/pl\/#website","url":"https:\/\/dev.hempking.eu\/pl\/","name":"Hemp King","description":"","publisher":{"@id":"https:\/\/dev.hempking.eu\/pl\/#organization"},"potentialAction":[{"@type":"SearchAction","target":{"@type":"EntryPoint","urlTemplate":"https:\/\/dev.hempking.eu\/pl\/?s={search_term_string}"},"query-input":{"@type":"PropertyValueSpecification","valueRequired":true,"valueName":"search_term_string"}}],"inLanguage":"pl-PL"},{"@type":"Organization","@id":"https:\/\/dev.hempking.eu\/pl\/#organization","name":"Hemp King","url":"https:\/\/dev.hempking.eu\/pl\/","logo":{"@type":"ImageObject","inLanguage":"pl-PL","@id":"https:\/\/dev.hempking.eu\/pl\/#\/schema\/logo\/image\/","url":"https:\/\/dev.hempking.eu\/pl\/wp-content\/uploads\/sites\/2\/2020\/05\/hempking.png","contentUrl":"https:\/\/dev.hempking.eu\/pl\/wp-content\/uploads\/sites\/2\/2020\/05\/hempking.png","width":148,"height":91,"caption":"Hemp King"},"image":{"@id":"https:\/\/dev.hempking.eu\/pl\/#\/schema\/logo\/image\/"},"sameAs":["https:\/\/www.facebook.com\/hempkingpoland","https:\/\/x.com\/hempkingeu","https:\/\/www.instagram.com\/hempkingeu\/","https:\/\/www.linkedin.com\/company\/hempking-eu\/mycompany\/","https:\/\/pl.pinterest.com\/hempkingeu\/","https:\/\/www.youtube.com\/channel\/UCUkeZA1fj4hSZfoYm0WpZ7w"]}]},"product_price_amount":"109.90","product_price_currency":"PLN","og_availability":"instock","product_availability":"instock","product_condition":"new"},"_links":{"self":[{"href":"https:\/\/dev.hempking.eu\/pl\/wp-json\/wp\/v2\/product\/668","targetHints":{"allow":["GET"]}}],"collection":[{"href":"https:\/\/dev.hempking.eu\/pl\/wp-json\/wp\/v2\/product"}],"about":[{"href":"https:\/\/dev.hempking.eu\/pl\/wp-json\/wp\/v2\/types\/product"}],"wp:featuredmedia":[{"embeddable":true,"href":"https:\/\/dev.hempking.eu\/pl\/wp-json\/wp\/v2\/media\/114721"}],"wp:attachment":[{"href":"https:\/\/dev.hempking.eu\/pl\/wp-json\/wp\/v2\/media?parent=668"}],"wp:term":[{"taxonomy":"product_cat","embeddable":true,"href":"https:\/\/dev.hempking.eu\/pl\/wp-json\/wp\/v2\/product_cat?post=668"},{"taxonomy":"product_tag","embeddable":true,"href":"https:\/\/dev.hempking.eu\/pl\/wp-json\/wp\/v2\/product_tag?post=668"}],"curies":[{"name":"wp","href":"https:\/\/api.w.org\/{rel}","templated":true}]}}