{"id":669,"date":"2020-07-13T14:07:44","date_gmt":"2020-07-13T12:07:44","guid":{"rendered":"https:\/\/hempking.eu\/pl\/?post_type=product&#038;p=669"},"modified":"2022-11-30T13:52:11","modified_gmt":"2022-11-30T12:52:11","slug":"olej-cbd-10-susz-konopny-cbd-40g","status":"publish","type":"product","link":"https:\/\/dev.hempking.eu\/pl\/olej-cbd-10-susz-konopny-cbd-40g\/","title":{"rendered":"Zestaw: Olej CBD 10% + CBDA, CBC, CBGA, CBG, CBDV, CBN + Susz konopny CBD z naturalnymi fitosk\u0142adnikami40g"},"content":{"rendered":"<h2><strong>Olejek 10% i susz konopny &#8211; konopie w zestawie<\/strong><\/h2>\n<p>Jeden z cz\u0119\u015bciej wybieranych olejk\u00f3w konopnych w naszym sklepie, po\u0142\u0105czyli\u015bmy z ponadczasowym produktem jakim jest susz konopny CBD z pozosta\u0142ymi naturalnie wyst\u0119puj\u0105cymi w konopiach fitosk\u0142adnikami (CBDA, CBC, CBGA, CBG, CBDV, CBN) &#8211; 40g.<\/p>\n<p>To jedne z naszych pierwszych produkt\u00f3w, a nadal ciesz\u0105 si\u0119 niezwyk\u0142\u0105 popularno\u015bci\u0105! I wci\u0105\u017c maj\u0105 najwy\u017csz\u0105 jako\u015b\u0107.<\/p>\n<p><strong>Teraz w zestawie oszcz\u0119dzasz!<\/strong><\/p>\n<h2><strong>Zestaw konopny specjalnie dla Ciebie<\/strong><\/h2>\n<h3><strong>Olej konopny 10% to:<\/strong><\/h3>\n<ul>\n<li>1000 mg fitosk\u0142adnika &#8211; z gwarancj\u0105 st\u0119\u017cenia!<\/li>\n<li>pe\u0142ne spektrum fitosk\u0142adnik\u00f3w (CBD, CBDA, CBC, CBGA, CBG, CBDV, CBN)<\/li>\n<li>kwasy t\u0142uszczowe w synergii: omega 3, omega 6 i omega 9<\/li>\n<li>10ml<\/li>\n<li>posiada badania i certyfikaty &#8211; znajdziesz je w zak\u0142adce <strong><a href=\"https:\/\/dev.hempking.eu\/pl\/atesty-i-certyfikaty\/\">Atesty i Certyfikaty<\/a>.<\/strong><\/li>\n<\/ul>\n<h3><strong>Susz konopny CBD z naturalnymi fitosk\u0142adnikami to:<\/strong><\/h3>\n<ul>\n<li>100% r\u0119cznie zbierane i sortowane ro\u015bliny konopi<\/li>\n<li>na uprawach nie stosujemy pestycyd\u00f3w czy herbicyd\u00f3w<\/li>\n<li>ro\u015bliny pochodz\u0105 tylko ze sprawdzonych upraw<\/li>\n<li>przebadany i certyfikowany<\/li>\n<li>waga: 40g<\/li>\n<\/ul>\n<p>&nbsp;<\/p>\n<p><a href=\"https:\/\/dev.hempking.eu\/pl\/olej-cbd\/\"><strong>Zobacz nasze inne zestawy z olejkami!<\/strong><\/a><\/p>\n<p><a href=\"https:\/\/dev.hempking.eu\/pl\/wp-content\/uploads\/sites\/2\/2020\/07\/warunki4-1.jpg\"><img loading=\"lazy\" decoding=\"async\" class=\"alignnone wp-image-104414 size-full\" src=\"https:\/\/dev.hempking.eu\/pl\/wp-content\/uploads\/sites\/2\/2020\/07\/warunki4-1.jpg\" alt=\"o\u015bwiadczenia CBD w UE\" width=\"755\" height=\"353\" srcset=\"https:\/\/dev.hempking.eu\/pl\/wp-content\/uploads\/sites\/2\/2020\/07\/warunki4-1.jpg 755w, https:\/\/dev.hempking.eu\/pl\/wp-content\/uploads\/sites\/2\/2020\/07\/warunki4-1-640x299.jpg 640w, https:\/\/dev.hempking.eu\/pl\/wp-content\/uploads\/sites\/2\/2020\/07\/warunki4-1-400x187.jpg 400w\" sizes=\"auto, (max-width: 755px) 100vw, 755px\" \/><\/a><\/p>\n<p><a href=\"https:\/\/dev.hempking.eu\/pl\/wp-content\/uploads\/sites\/2\/2020\/07\/warunki_4.jpg\"><img loading=\"lazy\" decoding=\"async\" class=\"alignnone size-full wp-image-100623\" src=\"https:\/\/dev.hempking.eu\/pl\/wp-content\/uploads\/sites\/2\/2020\/07\/warunki_4.jpg\" alt=\"fito sk\u0142adniki novel food\" width=\"755\" height=\"237\" srcset=\"https:\/\/dev.hempking.eu\/pl\/wp-content\/uploads\/sites\/2\/2020\/07\/warunki_4.jpg 755w, https:\/\/dev.hempking.eu\/pl\/wp-content\/uploads\/sites\/2\/2020\/07\/warunki_4-640x201.jpg 640w, https:\/\/dev.hempking.eu\/pl\/wp-content\/uploads\/sites\/2\/2020\/07\/warunki_4-400x126.jpg 400w\" sizes=\"auto, (max-width: 755px) 100vw, 755px\" \/><\/a><\/p>\n","protected":false},"excerpt":{"rendered":"<h2><strong>Zestaw zawiera:<\/strong><\/h2>\n<ul>\n<li><a href=\"https:\/\/dev.hempking.eu\/pl\/olej-cbd-natural-plus-10-1000mg-10ml\/\" target=\"_blank\" rel=\"noopener\">Olej konopny z naturalnymi fitosk\u0142adnikami 10% &#8211; 10ml<\/a> &#8211; <strong>209<\/strong> <strong>z\u0142<\/strong><\/li>\n<li><a href=\"https:\/\/dev.hempking.eu\/pl\/susz-konopny-cbd-cbda-2-4-40g\/\" target=\"_blank\" rel=\"noopener\">Susz konopny CBD z naturalnymi fitosk\u0142adnikami<\/a> &#8211; 40g &#8211; <strong>30<\/strong> <strong>z\u0142<\/strong><\/li>\n<\/ul>\n<p><strong>Kupuj\u0105c zestaw oszcz\u0119dzasz 11%!<\/strong><\/p>\n<p>Badania znajdziesz w zak\u0142adce <strong><a href=\"https:\/\/dev.hempking.eu\/pl\/atesty-i-certyfikaty\/\">Atesty i Certyfikaty<\/a>.<\/strong><\/p>\n","protected":false},"featured_media":114716,"template":"","meta":{"_acf_changed":false},"product_cat":[39,32,33],"product_tag":[],"class_list":{"0":"post-669","1":"product","2":"type-product","3":"status-publish","4":"has-post-thumbnail","6":"product_cat-olej-cbd-10","7":"product_cat-susz-konopny-cbd","8":"product_cat-zestawy","10":"first","11":"instock","12":"sale","13":"shipping-taxable","14":"purchasable","15":"product-type-simple"},"acf":[],"yoast_head":"<!-- This site is optimized with the Yoast SEO Premium plugin v23.4 (Yoast SEO v24.0) - https:\/\/yoast.com\/wordpress\/plugins\/seo\/ -->\n<title>Zestaw: Olej CBD 10% + CBDA, CBC, CBGA, CBG, CBDV, CBN + Susz konopny CBD z naturalnymi fitosk\u0142adnikami40g - Hemp King<\/title>\n<meta name=\"description\" content=\"Zobacz \u261b Zestaw: Olej CBD 10% + CBDA, CBC, CBGA, CBG, CBDV, CBN + Susz konopny CBD z naturalnymi fitosk\u0142adnikami40g w konopnym sklepie HempKing 100% naturalne. Zadbaj z nami o swoj\u0105 diet\u0119!\" \/>\n<link rel=\"canonical\" href=\"https:\/\/dev.hempking.eu\/pl\/olej-cbd-10-susz-konopny-cbd-40g\/\" \/>\n<meta property=\"og:locale\" content=\"pl_PL\" \/>\n<meta property=\"og:type\" content=\"article\" \/>\n<meta property=\"og:title\" content=\"Zestaw: Olej CBD 10% + CBDA, CBC, CBGA, CBG, CBDV, CBN + Susz konopny CBD z naturalnymi fitosk\u0142adnikami40g\" \/>\n<meta property=\"og:description\" content=\"Zobacz \u261b Zestaw: Olej CBD 10% + CBDA, CBC, CBGA, CBG, CBDV, CBN + Susz konopny CBD z naturalnymi fitosk\u0142adnikami40g w konopnym sklepie HempKing 100% naturalne. Zadbaj z nami o swoj\u0105 diet\u0119!\" \/>\n<meta property=\"og:url\" content=\"https:\/\/dev.hempking.eu\/pl\/olej-cbd-10-susz-konopny-cbd-40g\/\" \/>\n<meta property=\"og:site_name\" content=\"Hemp King\" \/>\n<meta property=\"article:publisher\" content=\"https:\/\/www.facebook.com\/hempkingpoland\" \/>\n<meta property=\"article:modified_time\" content=\"2022-11-30T12:52:11+00:00\" \/>\n<meta property=\"og:image\" content=\"https:\/\/dev.hempking.eu\/pl\/wp-content\/uploads\/sites\/2\/2020\/07\/Projekt-bez-tytulu-4.png\" \/>\n\t<meta property=\"og:image:width\" content=\"1000\" \/>\n\t<meta property=\"og:image:height\" content=\"1000\" \/>\n\t<meta property=\"og:image:type\" content=\"image\/png\" \/>\n<meta name=\"twitter:card\" content=\"summary_large_image\" \/>\n<meta name=\"twitter:site\" content=\"@hempkingeu\" \/>\n<meta name=\"twitter:label1\" content=\"Price\" \/>\n\t<meta name=\"twitter:data1\" content=\"211.90&nbsp;&#122;&#322;\" \/>\n\t<meta name=\"twitter:label2\" content=\"Availability\" \/>\n\t<meta name=\"twitter:data2\" content=\"In stock\" \/>\n<script type=\"application\/ld+json\" class=\"yoast-schema-graph\">{\"@context\":\"https:\/\/schema.org\",\"@graph\":[{\"@type\":\"WebPage\",\"@id\":\"https:\/\/dev.hempking.eu\/pl\/olej-cbd-10-susz-konopny-cbd-40g\/\",\"url\":\"https:\/\/dev.hempking.eu\/pl\/olej-cbd-10-susz-konopny-cbd-40g\/\",\"name\":\"Zestaw: Olej CBD 10% + CBDA, CBC, CBGA, CBG, CBDV, CBN + Susz konopny CBD z naturalnymi fitosk\u0142adnikami40g - Hemp King\",\"isPartOf\":{\"@id\":\"https:\/\/dev.hempking.eu\/pl\/#website\"},\"primaryImageOfPage\":{\"@id\":\"https:\/\/dev.hempking.eu\/pl\/olej-cbd-10-susz-konopny-cbd-40g\/#primaryimage\"},\"image\":{\"@id\":\"https:\/\/dev.hempking.eu\/pl\/olej-cbd-10-susz-konopny-cbd-40g\/#primaryimage\"},\"thumbnailUrl\":\"https:\/\/dev.hempking.eu\/pl\/wp-content\/uploads\/sites\/2\/2020\/07\/Projekt-bez-tytulu-4.png\",\"datePublished\":\"2020-07-13T12:07:44+00:00\",\"dateModified\":\"2022-11-30T12:52:11+00:00\",\"description\":\"Zobacz \u261b Zestaw: Olej CBD 10% + CBDA, CBC, CBGA, CBG, CBDV, CBN + Susz konopny CBD z naturalnymi fitosk\u0142adnikami40g w konopnym sklepie HempKing 100% naturalne. Zadbaj z nami o swoj\u0105 diet\u0119!\",\"breadcrumb\":{\"@id\":\"https:\/\/dev.hempking.eu\/pl\/olej-cbd-10-susz-konopny-cbd-40g\/#breadcrumb\"},\"inLanguage\":\"pl-PL\",\"potentialAction\":[{\"@type\":\"ReadAction\",\"target\":[\"https:\/\/dev.hempking.eu\/pl\/olej-cbd-10-susz-konopny-cbd-40g\/\"]}]},{\"@type\":\"ImageObject\",\"inLanguage\":\"pl-PL\",\"@id\":\"https:\/\/dev.hempking.eu\/pl\/olej-cbd-10-susz-konopny-cbd-40g\/#primaryimage\",\"url\":\"https:\/\/dev.hempking.eu\/pl\/wp-content\/uploads\/sites\/2\/2020\/07\/Projekt-bez-tytulu-4.png\",\"contentUrl\":\"https:\/\/dev.hempking.eu\/pl\/wp-content\/uploads\/sites\/2\/2020\/07\/Projekt-bez-tytulu-4.png\",\"width\":1000,\"height\":1000,\"caption\":\"susz i olejek CBD 10% natural strong\"},{\"@type\":\"BreadcrumbList\",\"@id\":\"https:\/\/dev.hempking.eu\/pl\/olej-cbd-10-susz-konopny-cbd-40g\/#breadcrumb\",\"itemListElement\":[{\"@type\":\"ListItem\",\"position\":1,\"name\":\"Home\",\"item\":\"https:\/\/dev.hempking.eu\/pl\/\"},{\"@type\":\"ListItem\",\"position\":2,\"name\":\"Sklep\",\"item\":\"https:\/\/dev.hempking.eu\/pl\/shop\/\"},{\"@type\":\"ListItem\",\"position\":3,\"name\":\"Olej CBD\",\"item\":\"https:\/\/dev.hempking.eu\/pl\/olej-cbd\/\"},{\"@type\":\"ListItem\",\"position\":4,\"name\":\"Olej CBD 10%\",\"item\":\"https:\/\/dev.hempking.eu\/pl\/olej-cbd-10\/\"},{\"@type\":\"ListItem\",\"position\":5,\"name\":\"Zestaw: Olej CBD 10% + CBDA, CBC, CBGA, CBG, CBDV, CBN + Susz konopny CBD z naturalnymi fitosk\u0142adnikami40g\"}]},{\"@type\":\"WebSite\",\"@id\":\"https:\/\/dev.hempking.eu\/pl\/#website\",\"url\":\"https:\/\/dev.hempking.eu\/pl\/\",\"name\":\"Hemp King\",\"description\":\"\",\"publisher\":{\"@id\":\"https:\/\/dev.hempking.eu\/pl\/#organization\"},\"potentialAction\":[{\"@type\":\"SearchAction\",\"target\":{\"@type\":\"EntryPoint\",\"urlTemplate\":\"https:\/\/dev.hempking.eu\/pl\/?s={search_term_string}\"},\"query-input\":{\"@type\":\"PropertyValueSpecification\",\"valueRequired\":true,\"valueName\":\"search_term_string\"}}],\"inLanguage\":\"pl-PL\"},{\"@type\":\"Organization\",\"@id\":\"https:\/\/dev.hempking.eu\/pl\/#organization\",\"name\":\"Hemp King\",\"url\":\"https:\/\/dev.hempking.eu\/pl\/\",\"logo\":{\"@type\":\"ImageObject\",\"inLanguage\":\"pl-PL\",\"@id\":\"https:\/\/dev.hempking.eu\/pl\/#\/schema\/logo\/image\/\",\"url\":\"https:\/\/dev.hempking.eu\/pl\/wp-content\/uploads\/sites\/2\/2020\/05\/hempking.png\",\"contentUrl\":\"https:\/\/dev.hempking.eu\/pl\/wp-content\/uploads\/sites\/2\/2020\/05\/hempking.png\",\"width\":148,\"height\":91,\"caption\":\"Hemp King\"},\"image\":{\"@id\":\"https:\/\/dev.hempking.eu\/pl\/#\/schema\/logo\/image\/\"},\"sameAs\":[\"https:\/\/www.facebook.com\/hempkingpoland\",\"https:\/\/x.com\/hempkingeu\",\"https:\/\/www.instagram.com\/hempkingeu\/\",\"https:\/\/www.linkedin.com\/company\/hempking-eu\/mycompany\/\",\"https:\/\/pl.pinterest.com\/hempkingeu\/\",\"https:\/\/www.youtube.com\/channel\/UCUkeZA1fj4hSZfoYm0WpZ7w\"]}]}<\/script>\n<meta property=\"product:price:amount\" content=\"211.90\" \/>\n<meta property=\"product:price:currency\" content=\"PLN\" \/>\n<meta property=\"og:availability\" content=\"instock\" \/>\n<meta property=\"product:availability\" content=\"instock\" \/>\n<meta property=\"product:condition\" content=\"new\" \/>\n<!-- \/ Yoast SEO Premium plugin. -->","yoast_head_json":{"title":"Zestaw: Olej CBD 10% + CBDA, CBC, CBGA, CBG, CBDV, CBN + Susz konopny CBD z naturalnymi fitosk\u0142adnikami40g - Hemp King","description":"Zobacz \u261b Zestaw: Olej CBD 10% + CBDA, CBC, CBGA, CBG, CBDV, CBN + Susz konopny CBD z naturalnymi fitosk\u0142adnikami40g w konopnym sklepie HempKing 100% naturalne. Zadbaj z nami o swoj\u0105 diet\u0119!","canonical":"https:\/\/dev.hempking.eu\/pl\/olej-cbd-10-susz-konopny-cbd-40g\/","og_locale":"pl_PL","og_type":"article","og_title":"Zestaw: Olej CBD 10% + CBDA, CBC, CBGA, CBG, CBDV, CBN + Susz konopny CBD z naturalnymi fitosk\u0142adnikami40g","og_description":"Zobacz \u261b Zestaw: Olej CBD 10% + CBDA, CBC, CBGA, CBG, CBDV, CBN + Susz konopny CBD z naturalnymi fitosk\u0142adnikami40g w konopnym sklepie HempKing 100% naturalne. Zadbaj z nami o swoj\u0105 diet\u0119!","og_url":"https:\/\/dev.hempking.eu\/pl\/olej-cbd-10-susz-konopny-cbd-40g\/","og_site_name":"Hemp King","article_publisher":"https:\/\/www.facebook.com\/hempkingpoland","article_modified_time":"2022-11-30T12:52:11+00:00","og_image":[{"width":1000,"height":1000,"url":"https:\/\/dev.hempking.eu\/pl\/wp-content\/uploads\/sites\/2\/2020\/07\/Projekt-bez-tytulu-4.png","type":"image\/png"}],"twitter_card":"summary_large_image","twitter_site":"@hempkingeu","twitter_misc":{"Price":"211.90&nbsp;&#122;&#322;","Availability":"In stock"},"schema":{"@context":"https:\/\/schema.org","@graph":[{"@type":"WebPage","@id":"https:\/\/dev.hempking.eu\/pl\/olej-cbd-10-susz-konopny-cbd-40g\/","url":"https:\/\/dev.hempking.eu\/pl\/olej-cbd-10-susz-konopny-cbd-40g\/","name":"Zestaw: Olej CBD 10% + CBDA, CBC, CBGA, CBG, CBDV, CBN + Susz konopny CBD z naturalnymi fitosk\u0142adnikami40g - Hemp King","isPartOf":{"@id":"https:\/\/dev.hempking.eu\/pl\/#website"},"primaryImageOfPage":{"@id":"https:\/\/dev.hempking.eu\/pl\/olej-cbd-10-susz-konopny-cbd-40g\/#primaryimage"},"image":{"@id":"https:\/\/dev.hempking.eu\/pl\/olej-cbd-10-susz-konopny-cbd-40g\/#primaryimage"},"thumbnailUrl":"https:\/\/dev.hempking.eu\/pl\/wp-content\/uploads\/sites\/2\/2020\/07\/Projekt-bez-tytulu-4.png","datePublished":"2020-07-13T12:07:44+00:00","dateModified":"2022-11-30T12:52:11+00:00","description":"Zobacz \u261b Zestaw: Olej CBD 10% + CBDA, CBC, CBGA, CBG, CBDV, CBN + Susz konopny CBD z naturalnymi fitosk\u0142adnikami40g w konopnym sklepie HempKing 100% naturalne. Zadbaj z nami o swoj\u0105 diet\u0119!","breadcrumb":{"@id":"https:\/\/dev.hempking.eu\/pl\/olej-cbd-10-susz-konopny-cbd-40g\/#breadcrumb"},"inLanguage":"pl-PL","potentialAction":[{"@type":"ReadAction","target":["https:\/\/dev.hempking.eu\/pl\/olej-cbd-10-susz-konopny-cbd-40g\/"]}]},{"@type":"ImageObject","inLanguage":"pl-PL","@id":"https:\/\/dev.hempking.eu\/pl\/olej-cbd-10-susz-konopny-cbd-40g\/#primaryimage","url":"https:\/\/dev.hempking.eu\/pl\/wp-content\/uploads\/sites\/2\/2020\/07\/Projekt-bez-tytulu-4.png","contentUrl":"https:\/\/dev.hempking.eu\/pl\/wp-content\/uploads\/sites\/2\/2020\/07\/Projekt-bez-tytulu-4.png","width":1000,"height":1000,"caption":"susz i olejek CBD 10% natural strong"},{"@type":"BreadcrumbList","@id":"https:\/\/dev.hempking.eu\/pl\/olej-cbd-10-susz-konopny-cbd-40g\/#breadcrumb","itemListElement":[{"@type":"ListItem","position":1,"name":"Home","item":"https:\/\/dev.hempking.eu\/pl\/"},{"@type":"ListItem","position":2,"name":"Sklep","item":"https:\/\/dev.hempking.eu\/pl\/shop\/"},{"@type":"ListItem","position":3,"name":"Olej CBD","item":"https:\/\/dev.hempking.eu\/pl\/olej-cbd\/"},{"@type":"ListItem","position":4,"name":"Olej CBD 10%","item":"https:\/\/dev.hempking.eu\/pl\/olej-cbd-10\/"},{"@type":"ListItem","position":5,"name":"Zestaw: Olej CBD 10% + CBDA, CBC, CBGA, CBG, CBDV, CBN + Susz konopny CBD z naturalnymi fitosk\u0142adnikami40g"}]},{"@type":"WebSite","@id":"https:\/\/dev.hempking.eu\/pl\/#website","url":"https:\/\/dev.hempking.eu\/pl\/","name":"Hemp King","description":"","publisher":{"@id":"https:\/\/dev.hempking.eu\/pl\/#organization"},"potentialAction":[{"@type":"SearchAction","target":{"@type":"EntryPoint","urlTemplate":"https:\/\/dev.hempking.eu\/pl\/?s={search_term_string}"},"query-input":{"@type":"PropertyValueSpecification","valueRequired":true,"valueName":"search_term_string"}}],"inLanguage":"pl-PL"},{"@type":"Organization","@id":"https:\/\/dev.hempking.eu\/pl\/#organization","name":"Hemp King","url":"https:\/\/dev.hempking.eu\/pl\/","logo":{"@type":"ImageObject","inLanguage":"pl-PL","@id":"https:\/\/dev.hempking.eu\/pl\/#\/schema\/logo\/image\/","url":"https:\/\/dev.hempking.eu\/pl\/wp-content\/uploads\/sites\/2\/2020\/05\/hempking.png","contentUrl":"https:\/\/dev.hempking.eu\/pl\/wp-content\/uploads\/sites\/2\/2020\/05\/hempking.png","width":148,"height":91,"caption":"Hemp King"},"image":{"@id":"https:\/\/dev.hempking.eu\/pl\/#\/schema\/logo\/image\/"},"sameAs":["https:\/\/www.facebook.com\/hempkingpoland","https:\/\/x.com\/hempkingeu","https:\/\/www.instagram.com\/hempkingeu\/","https:\/\/www.linkedin.com\/company\/hempking-eu\/mycompany\/","https:\/\/pl.pinterest.com\/hempkingeu\/","https:\/\/www.youtube.com\/channel\/UCUkeZA1fj4hSZfoYm0WpZ7w"]}]},"product_price_amount":"211.90","product_price_currency":"PLN","og_availability":"instock","product_availability":"instock","product_condition":"new"},"_links":{"self":[{"href":"https:\/\/dev.hempking.eu\/pl\/wp-json\/wp\/v2\/product\/669","targetHints":{"allow":["GET"]}}],"collection":[{"href":"https:\/\/dev.hempking.eu\/pl\/wp-json\/wp\/v2\/product"}],"about":[{"href":"https:\/\/dev.hempking.eu\/pl\/wp-json\/wp\/v2\/types\/product"}],"wp:featuredmedia":[{"embeddable":true,"href":"https:\/\/dev.hempking.eu\/pl\/wp-json\/wp\/v2\/media\/114716"}],"wp:attachment":[{"href":"https:\/\/dev.hempking.eu\/pl\/wp-json\/wp\/v2\/media?parent=669"}],"wp:term":[{"taxonomy":"product_cat","embeddable":true,"href":"https:\/\/dev.hempking.eu\/pl\/wp-json\/wp\/v2\/product_cat?post=669"},{"taxonomy":"product_tag","embeddable":true,"href":"https:\/\/dev.hempking.eu\/pl\/wp-json\/wp\/v2\/product_tag?post=669"}],"curies":[{"name":"wp","href":"https:\/\/api.w.org\/{rel}","templated":true}]}}