{"id":674,"date":"2020-07-13T14:40:00","date_gmt":"2020-07-13T12:40:00","guid":{"rendered":"https:\/\/hempking.eu\/pl\/?post_type=product&#038;p=674"},"modified":"2022-08-09T12:23:51","modified_gmt":"2022-08-09T10:23:51","slug":"pasta-cbd-30-susz-konopny-cbd-40g","status":"publish","type":"product","link":"https:\/\/dev.hempking.eu\/pl\/pasta-cbd-30-susz-konopny-cbd-40g\/","title":{"rendered":"Zestaw: Pasta CBD 30% + CBDA, CBC, CBGA, CBG, CBDV, CBN + Susz konopny CBD + CBDA, CBC, CBGA, CBG, CBDV, CBN 40g"},"content":{"rendered":"<h2><strong>Susz konopny\u00a0 i Pasta konopna 30% &#8211; konopie dla Ciebie<\/strong><\/h2>\n<p>Jeden z silniejszych produkt\u00f3w w naszym sklepie, czyli Past\u0119 konopn\u0105 30% przedstawiamy Wam wraz z suszem z konopi o pojemno\u015bci 40g &#8211; idealnym do przygotowywania aromatycznych napar\u00f3w!<\/p>\n<p><strong>Oba produkty s\u0105 przebadane i wysokiej jako\u015bci!<\/strong><\/p>\n<p>&nbsp;<\/p>\n<h2><strong>Zestaw konopny specjalnie dla Twoich potrzeb!<\/strong><\/h2>\n<p>&nbsp;<\/p>\n<h2><strong>Susz konopny 40g to:<\/strong><\/h2>\n<ul>\n<li>produkt do przygotowywania napar\u00f3w z konopi<\/li>\n<li>r\u0119cznie sortowane i naturalnie suszone ro\u015bliny konopi<\/li>\n<li>produkt pochodz\u0105cy z naturalnych upraw konopi w Polsce<\/li>\n<li>100% natury<\/li>\n<li>waga: 40g<\/li>\n<\/ul>\n<h2><strong>Pasta konopna 30% to:<\/strong><\/h2>\n<ul>\n<li>100% naturalny produkt<\/li>\n<li>full spectrum fitosk\u0142adnik\u00f3w CBD, CBDA, CBC, CBGA, CBG, CBDV, CBN<\/li>\n<li>wysokie st\u0119\u017cenie naturalnego fitosk\u0142adnika na poziomie 30%<\/li>\n<li>1 kropla = 15mg fitosk\u0142adnika<\/li>\n<li>poddana kontrolom i testom potwierdzaj\u0105cym wysok\u0105 jako\u015b\u0107<\/li>\n<li>posiada badania i certyfikaty<\/li>\n<\/ul>\n<p><strong>Past\u0119 konopn\u0105 mo\u017cesz te\u017c kupi\u0107 w zestawach:<\/strong><\/p>\n<ul>\n<li><a href=\"https:\/\/dev.hempking.eu\/pl\/2x-pasta-cbd-30\/\">2 x Pasta 30%<\/a><\/li>\n<li><a href=\"https:\/\/dev.hempking.eu\/pl\/2x-pasta-cbd-50\/\">2 x Pasta 50%<\/a><\/li>\n<\/ul>\n<p><a href=\"https:\/\/dev.hempking.eu\/pl\/wp-content\/uploads\/sites\/2\/2020\/07\/warunki4-1.jpg\"><img loading=\"lazy\" decoding=\"async\" class=\"alignnone wp-image-104414 size-full\" src=\"https:\/\/dev.hempking.eu\/pl\/wp-content\/uploads\/sites\/2\/2020\/07\/warunki4-1.jpg\" alt=\"o\u015bwiadczenia CBD w UE\" width=\"755\" height=\"353\" srcset=\"https:\/\/dev.hempking.eu\/pl\/wp-content\/uploads\/sites\/2\/2020\/07\/warunki4-1.jpg 755w, https:\/\/dev.hempking.eu\/pl\/wp-content\/uploads\/sites\/2\/2020\/07\/warunki4-1-640x299.jpg 640w, https:\/\/dev.hempking.eu\/pl\/wp-content\/uploads\/sites\/2\/2020\/07\/warunki4-1-400x187.jpg 400w\" sizes=\"auto, (max-width: 755px) 100vw, 755px\" \/><\/a><\/p>\n<p><a href=\"https:\/\/dev.hempking.eu\/pl\/wp-content\/uploads\/sites\/2\/2020\/07\/warunki_4.jpg\"><img loading=\"lazy\" decoding=\"async\" class=\"alignnone size-full wp-image-100623\" src=\"https:\/\/dev.hempking.eu\/pl\/wp-content\/uploads\/sites\/2\/2020\/07\/warunki_4.jpg\" alt=\"fito sk\u0142adniki novel food\" width=\"755\" height=\"237\" srcset=\"https:\/\/dev.hempking.eu\/pl\/wp-content\/uploads\/sites\/2\/2020\/07\/warunki_4.jpg 755w, https:\/\/dev.hempking.eu\/pl\/wp-content\/uploads\/sites\/2\/2020\/07\/warunki_4-640x201.jpg 640w, https:\/\/dev.hempking.eu\/pl\/wp-content\/uploads\/sites\/2\/2020\/07\/warunki_4-400x126.jpg 400w\" sizes=\"auto, (max-width: 755px) 100vw, 755px\" \/><\/a><\/p>\n","protected":false},"excerpt":{"rendered":"<h2><strong>Zestaw zawiera:<\/strong><\/h2>\n<ul>\n<li>Susz konopny &#8211; 40g<\/li>\n<li>Past\u0119 konopn\u0105 30% &#8211; 5ml<\/li>\n<\/ul>\n","protected":false},"featured_media":72796,"template":"","meta":{"_acf_changed":false},"product_cat":[22,32,33],"product_tag":[],"class_list":{"0":"post-674","1":"product","2":"type-product","3":"status-publish","4":"has-post-thumbnail","6":"product_cat-pasty-cbd","7":"product_cat-susz-konopny-cbd","8":"product_cat-zestawy","10":"first","11":"instock","12":"sale","13":"shipping-taxable","14":"purchasable","15":"product-type-simple"},"acf":[],"yoast_head":"<!-- This site is optimized with the Yoast SEO Premium plugin v23.4 (Yoast SEO v24.0) - https:\/\/yoast.com\/wordpress\/plugins\/seo\/ -->\n<title>Zestaw: Pasta CBD 30% + CBDA, CBC, CBGA, CBG, CBDV, CBN + Susz konopny CBD + CBDA, CBC, CBGA, CBG, CBDV, CBN 40g - Hemp King<\/title>\n<meta name=\"description\" content=\"Zobacz \u261b Zestaw: Pasta CBD 30% + CBDA, CBC, CBGA, CBG, CBDV, CBN + Susz konopny CBD + CBDA, CBC, CBGA, CBG, CBDV, CBN 40g w konopnym sklepie HempKing 100% naturalne. Zadbaj z nami o swoj\u0105 diet\u0119!\" \/>\n<link rel=\"canonical\" href=\"https:\/\/dev.hempking.eu\/pl\/pasta-cbd-30-susz-konopny-cbd-40g\/\" \/>\n<meta property=\"og:locale\" content=\"pl_PL\" \/>\n<meta property=\"og:type\" content=\"article\" \/>\n<meta property=\"og:title\" content=\"Zestaw: Pasta CBD 30% + CBDA, CBC, CBGA, CBG, CBDV, CBN + Susz konopny CBD + CBDA, CBC, CBGA, CBG, CBDV, CBN 40g\" \/>\n<meta property=\"og:description\" content=\"Zobacz \u261b Zestaw: Pasta CBD 30% + CBDA, CBC, CBGA, CBG, CBDV, CBN + Susz konopny CBD + CBDA, CBC, CBGA, CBG, CBDV, CBN 40g w konopnym sklepie HempKing 100% naturalne. Zadbaj z nami o swoj\u0105 diet\u0119!\" \/>\n<meta property=\"og:url\" content=\"https:\/\/dev.hempking.eu\/pl\/pasta-cbd-30-susz-konopny-cbd-40g\/\" \/>\n<meta property=\"og:site_name\" content=\"Hemp King\" \/>\n<meta property=\"article:publisher\" content=\"https:\/\/www.facebook.com\/hempkingpoland\" \/>\n<meta property=\"article:modified_time\" content=\"2022-08-09T10:23:51+00:00\" \/>\n<meta property=\"og:image\" content=\"https:\/\/dev.hempking.eu\/pl\/wp-content\/uploads\/sites\/2\/2020\/07\/8-2.jpg\" \/>\n\t<meta property=\"og:image:width\" content=\"1000\" \/>\n\t<meta property=\"og:image:height\" content=\"1000\" \/>\n\t<meta property=\"og:image:type\" content=\"image\/jpeg\" \/>\n<meta name=\"twitter:card\" content=\"summary_large_image\" \/>\n<meta name=\"twitter:site\" content=\"@hempkingeu\" \/>\n<meta name=\"twitter:label1\" content=\"Price\" \/>\n\t<meta name=\"twitter:data1\" content=\"392.31&nbsp;&#122;&#322;\" \/>\n\t<meta name=\"twitter:label2\" content=\"Availability\" \/>\n\t<meta name=\"twitter:data2\" content=\"In stock\" \/>\n<script type=\"application\/ld+json\" class=\"yoast-schema-graph\">{\"@context\":\"https:\/\/schema.org\",\"@graph\":[{\"@type\":\"WebPage\",\"@id\":\"https:\/\/dev.hempking.eu\/pl\/pasta-cbd-30-susz-konopny-cbd-40g\/\",\"url\":\"https:\/\/dev.hempking.eu\/pl\/pasta-cbd-30-susz-konopny-cbd-40g\/\",\"name\":\"Zestaw: Pasta CBD 30% + CBDA, CBC, CBGA, CBG, CBDV, CBN + Susz konopny CBD + CBDA, CBC, CBGA, CBG, CBDV, CBN 40g - Hemp King\",\"isPartOf\":{\"@id\":\"https:\/\/dev.hempking.eu\/pl\/#website\"},\"primaryImageOfPage\":{\"@id\":\"https:\/\/dev.hempking.eu\/pl\/pasta-cbd-30-susz-konopny-cbd-40g\/#primaryimage\"},\"image\":{\"@id\":\"https:\/\/dev.hempking.eu\/pl\/pasta-cbd-30-susz-konopny-cbd-40g\/#primaryimage\"},\"thumbnailUrl\":\"https:\/\/dev.hempking.eu\/pl\/wp-content\/uploads\/sites\/2\/2020\/07\/8-2.jpg\",\"datePublished\":\"2020-07-13T12:40:00+00:00\",\"dateModified\":\"2022-08-09T10:23:51+00:00\",\"description\":\"Zobacz \u261b Zestaw: Pasta CBD 30% + CBDA, CBC, CBGA, CBG, CBDV, CBN + Susz konopny CBD + CBDA, CBC, CBGA, CBG, CBDV, CBN 40g w konopnym sklepie HempKing 100% naturalne. Zadbaj z nami o swoj\u0105 diet\u0119!\",\"breadcrumb\":{\"@id\":\"https:\/\/dev.hempking.eu\/pl\/pasta-cbd-30-susz-konopny-cbd-40g\/#breadcrumb\"},\"inLanguage\":\"pl-PL\",\"potentialAction\":[{\"@type\":\"ReadAction\",\"target\":[\"https:\/\/dev.hempking.eu\/pl\/pasta-cbd-30-susz-konopny-cbd-40g\/\"]}]},{\"@type\":\"ImageObject\",\"inLanguage\":\"pl-PL\",\"@id\":\"https:\/\/dev.hempking.eu\/pl\/pasta-cbd-30-susz-konopny-cbd-40g\/#primaryimage\",\"url\":\"https:\/\/dev.hempking.eu\/pl\/wp-content\/uploads\/sites\/2\/2020\/07\/8-2.jpg\",\"contentUrl\":\"https:\/\/dev.hempking.eu\/pl\/wp-content\/uploads\/sites\/2\/2020\/07\/8-2.jpg\",\"width\":1000,\"height\":1000,\"caption\":\"cbd paste + hemp cbd\"},{\"@type\":\"BreadcrumbList\",\"@id\":\"https:\/\/dev.hempking.eu\/pl\/pasta-cbd-30-susz-konopny-cbd-40g\/#breadcrumb\",\"itemListElement\":[{\"@type\":\"ListItem\",\"position\":1,\"name\":\"Home\",\"item\":\"https:\/\/dev.hempking.eu\/pl\/\"},{\"@type\":\"ListItem\",\"position\":2,\"name\":\"Sklep\",\"item\":\"https:\/\/dev.hempking.eu\/pl\/shop\/\"},{\"@type\":\"ListItem\",\"position\":3,\"name\":\"Pasty CBD\",\"item\":\"https:\/\/dev.hempking.eu\/pl\/pasty-cbd\/\"},{\"@type\":\"ListItem\",\"position\":4,\"name\":\"Zestaw: Pasta CBD 30% + CBDA, CBC, CBGA, CBG, CBDV, CBN + Susz konopny CBD + CBDA, CBC, CBGA, CBG, CBDV, CBN 40g\"}]},{\"@type\":\"WebSite\",\"@id\":\"https:\/\/dev.hempking.eu\/pl\/#website\",\"url\":\"https:\/\/dev.hempking.eu\/pl\/\",\"name\":\"Hemp King\",\"description\":\"\",\"publisher\":{\"@id\":\"https:\/\/dev.hempking.eu\/pl\/#organization\"},\"potentialAction\":[{\"@type\":\"SearchAction\",\"target\":{\"@type\":\"EntryPoint\",\"urlTemplate\":\"https:\/\/dev.hempking.eu\/pl\/?s={search_term_string}\"},\"query-input\":{\"@type\":\"PropertyValueSpecification\",\"valueRequired\":true,\"valueName\":\"search_term_string\"}}],\"inLanguage\":\"pl-PL\"},{\"@type\":\"Organization\",\"@id\":\"https:\/\/dev.hempking.eu\/pl\/#organization\",\"name\":\"Hemp King\",\"url\":\"https:\/\/dev.hempking.eu\/pl\/\",\"logo\":{\"@type\":\"ImageObject\",\"inLanguage\":\"pl-PL\",\"@id\":\"https:\/\/dev.hempking.eu\/pl\/#\/schema\/logo\/image\/\",\"url\":\"https:\/\/dev.hempking.eu\/pl\/wp-content\/uploads\/sites\/2\/2020\/05\/hempking.png\",\"contentUrl\":\"https:\/\/dev.hempking.eu\/pl\/wp-content\/uploads\/sites\/2\/2020\/05\/hempking.png\",\"width\":148,\"height\":91,\"caption\":\"Hemp King\"},\"image\":{\"@id\":\"https:\/\/dev.hempking.eu\/pl\/#\/schema\/logo\/image\/\"},\"sameAs\":[\"https:\/\/www.facebook.com\/hempkingpoland\",\"https:\/\/x.com\/hempkingeu\",\"https:\/\/www.instagram.com\/hempkingeu\/\",\"https:\/\/www.linkedin.com\/company\/hempking-eu\/mycompany\/\",\"https:\/\/pl.pinterest.com\/hempkingeu\/\",\"https:\/\/www.youtube.com\/channel\/UCUkeZA1fj4hSZfoYm0WpZ7w\"]}]}<\/script>\n<meta property=\"product:price:amount\" content=\"392.31\" \/>\n<meta property=\"product:price:currency\" content=\"PLN\" \/>\n<meta property=\"og:availability\" content=\"instock\" \/>\n<meta property=\"product:availability\" content=\"instock\" \/>\n<meta property=\"product:condition\" content=\"new\" \/>\n<!-- \/ Yoast SEO Premium plugin. -->","yoast_head_json":{"title":"Zestaw: Pasta CBD 30% + CBDA, CBC, CBGA, CBG, CBDV, CBN + Susz konopny CBD + CBDA, CBC, CBGA, CBG, CBDV, CBN 40g - Hemp King","description":"Zobacz \u261b Zestaw: Pasta CBD 30% + CBDA, CBC, CBGA, CBG, CBDV, CBN + Susz konopny CBD + CBDA, CBC, CBGA, CBG, CBDV, CBN 40g w konopnym sklepie HempKing 100% naturalne. Zadbaj z nami o swoj\u0105 diet\u0119!","canonical":"https:\/\/dev.hempking.eu\/pl\/pasta-cbd-30-susz-konopny-cbd-40g\/","og_locale":"pl_PL","og_type":"article","og_title":"Zestaw: Pasta CBD 30% + CBDA, CBC, CBGA, CBG, CBDV, CBN + Susz konopny CBD + CBDA, CBC, CBGA, CBG, CBDV, CBN 40g","og_description":"Zobacz \u261b Zestaw: Pasta CBD 30% + CBDA, CBC, CBGA, CBG, CBDV, CBN + Susz konopny CBD + CBDA, CBC, CBGA, CBG, CBDV, CBN 40g w konopnym sklepie HempKing 100% naturalne. Zadbaj z nami o swoj\u0105 diet\u0119!","og_url":"https:\/\/dev.hempking.eu\/pl\/pasta-cbd-30-susz-konopny-cbd-40g\/","og_site_name":"Hemp King","article_publisher":"https:\/\/www.facebook.com\/hempkingpoland","article_modified_time":"2022-08-09T10:23:51+00:00","og_image":[{"width":1000,"height":1000,"url":"https:\/\/dev.hempking.eu\/pl\/wp-content\/uploads\/sites\/2\/2020\/07\/8-2.jpg","type":"image\/jpeg"}],"twitter_card":"summary_large_image","twitter_site":"@hempkingeu","twitter_misc":{"Price":"392.31&nbsp;&#122;&#322;","Availability":"In stock"},"schema":{"@context":"https:\/\/schema.org","@graph":[{"@type":"WebPage","@id":"https:\/\/dev.hempking.eu\/pl\/pasta-cbd-30-susz-konopny-cbd-40g\/","url":"https:\/\/dev.hempking.eu\/pl\/pasta-cbd-30-susz-konopny-cbd-40g\/","name":"Zestaw: Pasta CBD 30% + CBDA, CBC, CBGA, CBG, CBDV, CBN + Susz konopny CBD + CBDA, CBC, CBGA, CBG, CBDV, CBN 40g - Hemp King","isPartOf":{"@id":"https:\/\/dev.hempking.eu\/pl\/#website"},"primaryImageOfPage":{"@id":"https:\/\/dev.hempking.eu\/pl\/pasta-cbd-30-susz-konopny-cbd-40g\/#primaryimage"},"image":{"@id":"https:\/\/dev.hempking.eu\/pl\/pasta-cbd-30-susz-konopny-cbd-40g\/#primaryimage"},"thumbnailUrl":"https:\/\/dev.hempking.eu\/pl\/wp-content\/uploads\/sites\/2\/2020\/07\/8-2.jpg","datePublished":"2020-07-13T12:40:00+00:00","dateModified":"2022-08-09T10:23:51+00:00","description":"Zobacz \u261b Zestaw: Pasta CBD 30% + CBDA, CBC, CBGA, CBG, CBDV, CBN + Susz konopny CBD + CBDA, CBC, CBGA, CBG, CBDV, CBN 40g w konopnym sklepie HempKing 100% naturalne. Zadbaj z nami o swoj\u0105 diet\u0119!","breadcrumb":{"@id":"https:\/\/dev.hempking.eu\/pl\/pasta-cbd-30-susz-konopny-cbd-40g\/#breadcrumb"},"inLanguage":"pl-PL","potentialAction":[{"@type":"ReadAction","target":["https:\/\/dev.hempking.eu\/pl\/pasta-cbd-30-susz-konopny-cbd-40g\/"]}]},{"@type":"ImageObject","inLanguage":"pl-PL","@id":"https:\/\/dev.hempking.eu\/pl\/pasta-cbd-30-susz-konopny-cbd-40g\/#primaryimage","url":"https:\/\/dev.hempking.eu\/pl\/wp-content\/uploads\/sites\/2\/2020\/07\/8-2.jpg","contentUrl":"https:\/\/dev.hempking.eu\/pl\/wp-content\/uploads\/sites\/2\/2020\/07\/8-2.jpg","width":1000,"height":1000,"caption":"cbd paste + hemp cbd"},{"@type":"BreadcrumbList","@id":"https:\/\/dev.hempking.eu\/pl\/pasta-cbd-30-susz-konopny-cbd-40g\/#breadcrumb","itemListElement":[{"@type":"ListItem","position":1,"name":"Home","item":"https:\/\/dev.hempking.eu\/pl\/"},{"@type":"ListItem","position":2,"name":"Sklep","item":"https:\/\/dev.hempking.eu\/pl\/shop\/"},{"@type":"ListItem","position":3,"name":"Pasty CBD","item":"https:\/\/dev.hempking.eu\/pl\/pasty-cbd\/"},{"@type":"ListItem","position":4,"name":"Zestaw: Pasta CBD 30% + CBDA, CBC, CBGA, CBG, CBDV, CBN + Susz konopny CBD + CBDA, CBC, CBGA, CBG, CBDV, CBN 40g"}]},{"@type":"WebSite","@id":"https:\/\/dev.hempking.eu\/pl\/#website","url":"https:\/\/dev.hempking.eu\/pl\/","name":"Hemp King","description":"","publisher":{"@id":"https:\/\/dev.hempking.eu\/pl\/#organization"},"potentialAction":[{"@type":"SearchAction","target":{"@type":"EntryPoint","urlTemplate":"https:\/\/dev.hempking.eu\/pl\/?s={search_term_string}"},"query-input":{"@type":"PropertyValueSpecification","valueRequired":true,"valueName":"search_term_string"}}],"inLanguage":"pl-PL"},{"@type":"Organization","@id":"https:\/\/dev.hempking.eu\/pl\/#organization","name":"Hemp King","url":"https:\/\/dev.hempking.eu\/pl\/","logo":{"@type":"ImageObject","inLanguage":"pl-PL","@id":"https:\/\/dev.hempking.eu\/pl\/#\/schema\/logo\/image\/","url":"https:\/\/dev.hempking.eu\/pl\/wp-content\/uploads\/sites\/2\/2020\/05\/hempking.png","contentUrl":"https:\/\/dev.hempking.eu\/pl\/wp-content\/uploads\/sites\/2\/2020\/05\/hempking.png","width":148,"height":91,"caption":"Hemp King"},"image":{"@id":"https:\/\/dev.hempking.eu\/pl\/#\/schema\/logo\/image\/"},"sameAs":["https:\/\/www.facebook.com\/hempkingpoland","https:\/\/x.com\/hempkingeu","https:\/\/www.instagram.com\/hempkingeu\/","https:\/\/www.linkedin.com\/company\/hempking-eu\/mycompany\/","https:\/\/pl.pinterest.com\/hempkingeu\/","https:\/\/www.youtube.com\/channel\/UCUkeZA1fj4hSZfoYm0WpZ7w"]}]},"product_price_amount":"392.31","product_price_currency":"PLN","og_availability":"instock","product_availability":"instock","product_condition":"new"},"_links":{"self":[{"href":"https:\/\/dev.hempking.eu\/pl\/wp-json\/wp\/v2\/product\/674","targetHints":{"allow":["GET"]}}],"collection":[{"href":"https:\/\/dev.hempking.eu\/pl\/wp-json\/wp\/v2\/product"}],"about":[{"href":"https:\/\/dev.hempking.eu\/pl\/wp-json\/wp\/v2\/types\/product"}],"wp:featuredmedia":[{"embeddable":true,"href":"https:\/\/dev.hempking.eu\/pl\/wp-json\/wp\/v2\/media\/72796"}],"wp:attachment":[{"href":"https:\/\/dev.hempking.eu\/pl\/wp-json\/wp\/v2\/media?parent=674"}],"wp:term":[{"taxonomy":"product_cat","embeddable":true,"href":"https:\/\/dev.hempking.eu\/pl\/wp-json\/wp\/v2\/product_cat?post=674"},{"taxonomy":"product_tag","embeddable":true,"href":"https:\/\/dev.hempking.eu\/pl\/wp-json\/wp\/v2\/product_tag?post=674"}],"curies":[{"name":"wp","href":"https:\/\/api.w.org\/{rel}","templated":true}]}}