{"id":681,"date":"2020-07-13T15:44:34","date_gmt":"2020-07-13T13:44:34","guid":{"rendered":"https:\/\/hempking.eu\/pl\/?post_type=product&#038;p=681"},"modified":"2023-03-14T09:27:56","modified_gmt":"2023-03-14T08:27:56","slug":"zestaw-naturalny-dezodorant-i-olejowy-mus-konopny","status":"publish","type":"product","link":"https:\/\/dev.hempking.eu\/pl\/zestaw-naturalny-dezodorant-i-olejowy-mus-konopny\/","title":{"rendered":"Zestaw: naturalny dezodorant i olejowy mus konopny"},"content":{"rendered":"<h2><strong>Zestaw: naturalny dezodorant i olejowy mus konopny. <\/strong><strong>W parze zawsze ra\u017aniej! <\/strong><\/h2>\n<p>Bo do tanga trzeba dwojga &#8211; z takiego za\u0142o\u017cenia wyszli\u015bmy \u0142\u0105cz\u0105c w par\u0119 nasze dwa sztandarowe kosmetyki. To \u015bwietna okazja, by podarowa\u0107 sobie lub bliskim zestaw do zada\u0144 specjalnych! Naturalne formu\u0142y, pi\u0119kny design opakowa\u0144 i ekologiczne rozwi\u0105zanie zero waste. Szukasz idealnego prezentu? Z tym duetem sukces b\u0119dzie gwarantowany!<\/p>\n<p>Podaruj osobie, na kt\u00f3rej ci zale\u017cy co\u015b, co sprawi, \u017ce b\u0119dzie o Tobie my\u015ble\u0107 za ka\u017cdym razem, gdy si\u0119gnie po kt\u00f3ry\u015b z produkt\u00f3w. Naturalne kosmetyki konopne na pewno zapadn\u0105 jej w pami\u0119\u0107!<\/p>\n<p>&nbsp;<\/p>\n<h2><strong>Zestaw: naturalny dezodorant i olejowy mus konopny &#8211; kwiatowy duet kosmetyk\u00f3w konopnych z CBD<\/strong><\/h2>\n<p>Ten zestaw powsta\u0142 z my\u015bl\u0105 o prezencie, kt\u00f3ry mo\u017cna da\u0107 zar\u00f3wno z jakiej\u015b okazji, jak i na co dzie\u0144, bez wyra\u017anego powodu. Naturalna piel\u0119gnacja jest zawsze dobrym pomys\u0142em!<\/p>\n<p>&nbsp;<\/p>\n<h2><strong><a href=\"https:\/\/dev.hempking.eu\/pl\/wp-content\/uploads\/sites\/2\/2020\/07\/olejowy-mus-do-ciala-3-scaled.jpg\"><img loading=\"lazy\" decoding=\"async\" class=\"wp-image-74226 size-medium alignright\" src=\"https:\/\/dev.hempking.eu\/pl\/wp-content\/uploads\/sites\/2\/2020\/07\/olejowy-mus-do-ciala-3-300x300.jpg\" alt=\"olejowy mus do cia\u0142a 3\" width=\"300\" height=\"300\" \/><\/a>1. Olejowy mus konopny o zapachu r\u00f3\u017cowego lotosu<\/strong><\/h2>\n<p>Cudowna formu\u0142a mase\u0142ka, kt\u00f3ra rozp\u0142ywa si\u0119 pod wp\u0142ywem ciep\u0142a Twoich palc\u00f3w i bez problemu przenosi na sk\u00f3r\u0119 cia\u0142a. Wydajny olejowy mus z konopi zamieni Tw\u00f3j rytua\u0142 piel\u0119gnacyjny w niezwyk\u0142e prze\u017cycie. A jak wa\u017cny jest dla Ciebie zapach?<br \/>\nJe\u015bli lubisz pachnie\u0107 \u015bwie\u017co i elegancko, to z pewno\u015bci\u0105 docenisz zapach tego konopnego mas\u0142a do cia\u0142a. R\u00f3\u017cowy lotos to kwintesencja delikatno\u015bci i luksusu. Pozw\u00f3l sobie na naturalny relaks.<\/p>\n<p><strong>Olejowy mus konopny zdoby\u0142 wyr\u00f3\u017cnienie na <a href=\"https:\/\/www.czytamyetykiety.pl\" rel=\"nofollow\">czytamyetykiety.pl<\/a>, gdzie zosta\u0142 produktem miesi\u0105ca!<\/strong><\/p>\n<p>&nbsp;<\/p>\n<h2><\/h2>\n<p>&nbsp;<\/p>\n<h2><strong><a href=\"https:\/\/dev.hempking.eu\/pl\/wp-content\/uploads\/sites\/2\/2020\/07\/dezodorant-naturalny-YLANG-3-scaled.jpg\"><img loading=\"lazy\" decoding=\"async\" class=\"alignright wp-image-74198 size-medium\" src=\"https:\/\/dev.hempking.eu\/pl\/wp-content\/uploads\/sites\/2\/2020\/07\/dezodorant-naturalny-YLANG-3-300x300.jpg\" alt=\"dezodorant naturalny YLANG YLANG otwarty\" width=\"300\" height=\"300\" \/><\/a>2. Naturalny dezodorant konopny o zapachu wanilii i kwiat\u00f3w Ylang Ylang<\/strong><\/h2>\n<p>Je\u015bli jeszcze nigdy nie by\u0142o dane u\u017cywa\u0107 Ci naturalnego dezodorantu konopnego, musisz koniecznie nadrobi\u0107 zaleg\u0142o\u015bci! To rozwi\u0105zanie dla ka\u017cdego, kto lubi naturalne sk\u0142adniki, uwa\u017ca na to, co stosuje na swojej sk\u00f3rze oraz szuka ciekawych rozwi\u0105za\u0144.<br \/>\nAle nasz dezodorant z konopi to co\u015b wi\u0119cej! \u015awie\u017cy zapach, pudrowe wyko\u0144czenie i swoboda u\u017cywania!<\/p>\n<p><strong>Ten produkt w kr\u00f3tkim czasie sta\u0142 si\u0119 ulubie\u0144cem naszych klientek!<\/strong><\/p>\n<p>&nbsp;<\/p>\n<p><strong>100% naturalne. Sk\u0142ad u\u0142o\u017cy\u0142a Justyna Sobczyk: <a href=\"https:\/\/www.instagram.com\/hushaaabye\/\" rel=\"nofollow\">Instagram<\/a> \/ <a href=\"https:\/\/www.hushaaabye.pl\/\" rel=\"nofollow\">Blog<\/a><\/strong><\/p>\n","protected":false},"excerpt":{"rendered":"<h2><strong>Konopna para kosmetyk\u00f3w z CBD to:<\/strong><\/h2>\n<ul>\n<li><span style=\"text-decoration: underline\"><a href=\"https:\/\/dev.hempking.eu\/pl\/naturalny-dezodorant-konopny-o-zapachu-wanilii-i-kwiatow-ylang-ylang\/\" target=\"_blank\" rel=\"noopener\">Naturalny dezodorant konopny z CBD \u2013 65g<\/a><\/span>\u00a0\u2013 <strong>50.90 z\u0142<\/strong><\/li>\n<li><a href=\"https:\/\/dev.hempking.eu\/pl\/olejowy-mus-konopny-z-cbd-do-ciala-o-zapachu-rozowego-lotosu\/\" target=\"_blank\" rel=\"noopener\">Olejowy mus konopny z CBD o zapachu owoc\u00f3w le\u015bnych \u2013 100m<span style=\"text-decoration: underline\">l<\/span><\/a>\u00a0\u2013 <strong>53.90 z\u0142<\/strong><\/li>\n<li style=\"list-style-type: none\"><\/li>\n<\/ul>\n<p><strong>Kupuj\u0105c zestaw oszcz\u0119dzasz 20%!<\/strong><\/p>\n","protected":false},"featured_media":114510,"template":"","meta":{"_acf_changed":false},"product_cat":[28,108,111,33,150],"product_tag":[],"class_list":{"0":"post-681","1":"product","2":"type-product","3":"status-publish","4":"has-post-thumbnail","6":"product_cat-kosmetyki-konopne","7":"product_cat-dezodorant-z-konopi","8":"product_cat-kosmetyki-do-ciala-z-konopi","9":"product_cat-zestawy","10":"product_cat-zestawy-dla-kobiet","12":"first","13":"instock","14":"sale","15":"shipping-taxable","16":"purchasable","17":"product-type-simple"},"acf":[],"yoast_head":"<!-- This site is optimized with the Yoast SEO Premium plugin v23.4 (Yoast SEO v24.0) - https:\/\/yoast.com\/wordpress\/plugins\/seo\/ -->\n<title>Zestaw: naturalny dezodorant i olejowy mus konopny<\/title>\n<meta name=\"description\" content=\"Zestaw: naturalny dezodorant i olejowy mus konopny w konopnym sklepie HempKing \u2705100% naturalne \u2705 Zadbaj z nami o swoj\u0105 sk\u00f3r\u0119!\" \/>\n<link rel=\"canonical\" href=\"https:\/\/dev.hempking.eu\/pl\/naturalny-dezodorant-konopny-z-cbd-o-zapachu-wanilii-i-kwiatow-ylang-ylang\/\" \/>\n<meta property=\"og:locale\" content=\"pl_PL\" \/>\n<meta property=\"og:type\" content=\"article\" \/>\n<meta property=\"og:title\" content=\"Zestaw: naturalny dezodorant i olejowy mus konopny\" \/>\n<meta property=\"og:description\" content=\"Zestaw: naturalny dezodorant i olejowy mus konopny w konopnym sklepie HempKing \u2705100% naturalne \u2705 Zadbaj z nami o swoj\u0105 sk\u00f3r\u0119!\" \/>\n<meta property=\"og:url\" content=\"https:\/\/dev.hempking.eu\/pl\/naturalny-dezodorant-konopny-z-cbd-o-zapachu-wanilii-i-kwiatow-ylang-ylang\/\" \/>\n<meta property=\"og:site_name\" content=\"Hemp King\" \/>\n<meta property=\"article:publisher\" content=\"https:\/\/www.facebook.com\/hempkingpoland\" \/>\n<meta property=\"article:modified_time\" content=\"2023-03-14T08:27:56+00:00\" \/>\n<meta property=\"og:image\" content=\"https:\/\/dev.hempking.eu\/pl\/wp-content\/uploads\/sites\/2\/2020\/07\/1000x1000_zestaw_4.jpg\" \/>\n\t<meta property=\"og:image:width\" content=\"1000\" \/>\n\t<meta property=\"og:image:height\" content=\"1000\" \/>\n\t<meta property=\"og:image:type\" content=\"image\/jpeg\" \/>\n<meta name=\"twitter:card\" content=\"summary_large_image\" \/>\n<meta name=\"twitter:site\" content=\"@hempkingeu\" \/>\n<meta name=\"twitter:label1\" content=\"Price\" \/>\n\t<meta name=\"twitter:data1\" content=\"83.84&nbsp;&#122;&#322;\" \/>\n\t<meta name=\"twitter:label2\" content=\"Availability\" \/>\n\t<meta name=\"twitter:data2\" content=\"In stock\" \/>\n<script type=\"application\/ld+json\" class=\"yoast-schema-graph\">{\"@context\":\"https:\/\/schema.org\",\"@graph\":[{\"@type\":\"WebPage\",\"@id\":\"https:\/\/dev.hempking.eu\/pl\/zestaw-naturalny-dezodorant-i-olejowy-mus-konopny\/\",\"url\":\"https:\/\/dev.hempking.eu\/pl\/naturalny-dezodorant-konopny-z-cbd-o-zapachu-wanilii-i-kwiatow-ylang-ylang\/\",\"name\":\"Zestaw: naturalny dezodorant i olejowy mus konopny\",\"isPartOf\":{\"@id\":\"https:\/\/dev.hempking.eu\/pl\/#website\"},\"primaryImageOfPage\":{\"@id\":\"https:\/\/dev.hempking.eu\/pl\/naturalny-dezodorant-konopny-z-cbd-o-zapachu-wanilii-i-kwiatow-ylang-ylang\/#primaryimage\"},\"image\":{\"@id\":\"https:\/\/dev.hempking.eu\/pl\/naturalny-dezodorant-konopny-z-cbd-o-zapachu-wanilii-i-kwiatow-ylang-ylang\/#primaryimage\"},\"thumbnailUrl\":\"https:\/\/dev.hempking.eu\/pl\/wp-content\/uploads\/sites\/2\/2020\/07\/1000x1000_zestaw_4.jpg\",\"datePublished\":\"2020-07-13T13:44:34+00:00\",\"dateModified\":\"2023-03-14T08:27:56+00:00\",\"description\":\"Zestaw: naturalny dezodorant i olejowy mus konopny w konopnym sklepie HempKing \u2705100% naturalne \u2705 Zadbaj z nami o swoj\u0105 sk\u00f3r\u0119!\",\"breadcrumb\":{\"@id\":\"https:\/\/dev.hempking.eu\/pl\/naturalny-dezodorant-konopny-z-cbd-o-zapachu-wanilii-i-kwiatow-ylang-ylang\/#breadcrumb\"},\"inLanguage\":\"pl-PL\",\"potentialAction\":[{\"@type\":\"ReadAction\",\"target\":[\"https:\/\/dev.hempking.eu\/pl\/naturalny-dezodorant-konopny-z-cbd-o-zapachu-wanilii-i-kwiatow-ylang-ylang\/\"]}]},{\"@type\":\"ImageObject\",\"inLanguage\":\"pl-PL\",\"@id\":\"https:\/\/dev.hempking.eu\/pl\/naturalny-dezodorant-konopny-z-cbd-o-zapachu-wanilii-i-kwiatow-ylang-ylang\/#primaryimage\",\"url\":\"https:\/\/dev.hempking.eu\/pl\/wp-content\/uploads\/sites\/2\/2020\/07\/1000x1000_zestaw_4.jpg\",\"contentUrl\":\"https:\/\/dev.hempking.eu\/pl\/wp-content\/uploads\/sites\/2\/2020\/07\/1000x1000_zestaw_4.jpg\",\"width\":1000,\"height\":1000,\"caption\":\"zestaw dezodorant i mus olejowy\"},{\"@type\":\"BreadcrumbList\",\"@id\":\"https:\/\/dev.hempking.eu\/pl\/naturalny-dezodorant-konopny-z-cbd-o-zapachu-wanilii-i-kwiatow-ylang-ylang\/#breadcrumb\",\"itemListElement\":[{\"@type\":\"ListItem\",\"position\":1,\"name\":\"Home\",\"item\":\"https:\/\/dev.hempking.eu\/pl\/\"},{\"@type\":\"ListItem\",\"position\":2,\"name\":\"Sklep\",\"item\":\"https:\/\/dev.hempking.eu\/pl\/shop\/\"},{\"@type\":\"ListItem\",\"position\":3,\"name\":\"Kosmetyki konopne\",\"item\":\"https:\/\/dev.hempking.eu\/pl\/kosmetyki-konopne\/\"},{\"@type\":\"ListItem\",\"position\":4,\"name\":\"Zestaw: naturalny dezodorant i olejowy mus konopny\"}]},{\"@type\":\"WebSite\",\"@id\":\"https:\/\/dev.hempking.eu\/pl\/#website\",\"url\":\"https:\/\/dev.hempking.eu\/pl\/\",\"name\":\"Hemp King\",\"description\":\"\",\"publisher\":{\"@id\":\"https:\/\/dev.hempking.eu\/pl\/#organization\"},\"potentialAction\":[{\"@type\":\"SearchAction\",\"target\":{\"@type\":\"EntryPoint\",\"urlTemplate\":\"https:\/\/dev.hempking.eu\/pl\/?s={search_term_string}\"},\"query-input\":{\"@type\":\"PropertyValueSpecification\",\"valueRequired\":true,\"valueName\":\"search_term_string\"}}],\"inLanguage\":\"pl-PL\"},{\"@type\":\"Organization\",\"@id\":\"https:\/\/dev.hempking.eu\/pl\/#organization\",\"name\":\"Hemp King\",\"url\":\"https:\/\/dev.hempking.eu\/pl\/\",\"logo\":{\"@type\":\"ImageObject\",\"inLanguage\":\"pl-PL\",\"@id\":\"https:\/\/dev.hempking.eu\/pl\/#\/schema\/logo\/image\/\",\"url\":\"https:\/\/dev.hempking.eu\/pl\/wp-content\/uploads\/sites\/2\/2020\/05\/hempking.png\",\"contentUrl\":\"https:\/\/dev.hempking.eu\/pl\/wp-content\/uploads\/sites\/2\/2020\/05\/hempking.png\",\"width\":148,\"height\":91,\"caption\":\"Hemp King\"},\"image\":{\"@id\":\"https:\/\/dev.hempking.eu\/pl\/#\/schema\/logo\/image\/\"},\"sameAs\":[\"https:\/\/www.facebook.com\/hempkingpoland\",\"https:\/\/x.com\/hempkingeu\",\"https:\/\/www.instagram.com\/hempkingeu\/\",\"https:\/\/www.linkedin.com\/company\/hempking-eu\/mycompany\/\",\"https:\/\/pl.pinterest.com\/hempkingeu\/\",\"https:\/\/www.youtube.com\/channel\/UCUkeZA1fj4hSZfoYm0WpZ7w\"]}]}<\/script>\n<meta property=\"product:price:amount\" content=\"83.84\" \/>\n<meta property=\"product:price:currency\" content=\"PLN\" \/>\n<meta property=\"og:availability\" content=\"instock\" \/>\n<meta property=\"product:availability\" content=\"instock\" \/>\n<meta property=\"product:condition\" content=\"new\" \/>\n<!-- \/ Yoast SEO Premium plugin. -->","yoast_head_json":{"title":"Zestaw: naturalny dezodorant i olejowy mus konopny","description":"Zestaw: naturalny dezodorant i olejowy mus konopny w konopnym sklepie HempKing \u2705100% naturalne \u2705 Zadbaj z nami o swoj\u0105 sk\u00f3r\u0119!","canonical":"https:\/\/dev.hempking.eu\/pl\/naturalny-dezodorant-konopny-z-cbd-o-zapachu-wanilii-i-kwiatow-ylang-ylang\/","og_locale":"pl_PL","og_type":"article","og_title":"Zestaw: naturalny dezodorant i olejowy mus konopny","og_description":"Zestaw: naturalny dezodorant i olejowy mus konopny w konopnym sklepie HempKing \u2705100% naturalne \u2705 Zadbaj z nami o swoj\u0105 sk\u00f3r\u0119!","og_url":"https:\/\/dev.hempking.eu\/pl\/naturalny-dezodorant-konopny-z-cbd-o-zapachu-wanilii-i-kwiatow-ylang-ylang\/","og_site_name":"Hemp King","article_publisher":"https:\/\/www.facebook.com\/hempkingpoland","article_modified_time":"2023-03-14T08:27:56+00:00","og_image":[{"width":1000,"height":1000,"url":"https:\/\/dev.hempking.eu\/pl\/wp-content\/uploads\/sites\/2\/2020\/07\/1000x1000_zestaw_4.jpg","type":"image\/jpeg"}],"twitter_card":"summary_large_image","twitter_site":"@hempkingeu","twitter_misc":{"Price":"83.84&nbsp;&#122;&#322;","Availability":"In stock"},"schema":{"@context":"https:\/\/schema.org","@graph":[{"@type":"WebPage","@id":"https:\/\/dev.hempking.eu\/pl\/zestaw-naturalny-dezodorant-i-olejowy-mus-konopny\/","url":"https:\/\/dev.hempking.eu\/pl\/naturalny-dezodorant-konopny-z-cbd-o-zapachu-wanilii-i-kwiatow-ylang-ylang\/","name":"Zestaw: naturalny dezodorant i olejowy mus konopny","isPartOf":{"@id":"https:\/\/dev.hempking.eu\/pl\/#website"},"primaryImageOfPage":{"@id":"https:\/\/dev.hempking.eu\/pl\/naturalny-dezodorant-konopny-z-cbd-o-zapachu-wanilii-i-kwiatow-ylang-ylang\/#primaryimage"},"image":{"@id":"https:\/\/dev.hempking.eu\/pl\/naturalny-dezodorant-konopny-z-cbd-o-zapachu-wanilii-i-kwiatow-ylang-ylang\/#primaryimage"},"thumbnailUrl":"https:\/\/dev.hempking.eu\/pl\/wp-content\/uploads\/sites\/2\/2020\/07\/1000x1000_zestaw_4.jpg","datePublished":"2020-07-13T13:44:34+00:00","dateModified":"2023-03-14T08:27:56+00:00","description":"Zestaw: naturalny dezodorant i olejowy mus konopny w konopnym sklepie HempKing \u2705100% naturalne \u2705 Zadbaj z nami o swoj\u0105 sk\u00f3r\u0119!","breadcrumb":{"@id":"https:\/\/dev.hempking.eu\/pl\/naturalny-dezodorant-konopny-z-cbd-o-zapachu-wanilii-i-kwiatow-ylang-ylang\/#breadcrumb"},"inLanguage":"pl-PL","potentialAction":[{"@type":"ReadAction","target":["https:\/\/dev.hempking.eu\/pl\/naturalny-dezodorant-konopny-z-cbd-o-zapachu-wanilii-i-kwiatow-ylang-ylang\/"]}]},{"@type":"ImageObject","inLanguage":"pl-PL","@id":"https:\/\/dev.hempking.eu\/pl\/naturalny-dezodorant-konopny-z-cbd-o-zapachu-wanilii-i-kwiatow-ylang-ylang\/#primaryimage","url":"https:\/\/dev.hempking.eu\/pl\/wp-content\/uploads\/sites\/2\/2020\/07\/1000x1000_zestaw_4.jpg","contentUrl":"https:\/\/dev.hempking.eu\/pl\/wp-content\/uploads\/sites\/2\/2020\/07\/1000x1000_zestaw_4.jpg","width":1000,"height":1000,"caption":"zestaw dezodorant i mus olejowy"},{"@type":"BreadcrumbList","@id":"https:\/\/dev.hempking.eu\/pl\/naturalny-dezodorant-konopny-z-cbd-o-zapachu-wanilii-i-kwiatow-ylang-ylang\/#breadcrumb","itemListElement":[{"@type":"ListItem","position":1,"name":"Home","item":"https:\/\/dev.hempking.eu\/pl\/"},{"@type":"ListItem","position":2,"name":"Sklep","item":"https:\/\/dev.hempking.eu\/pl\/shop\/"},{"@type":"ListItem","position":3,"name":"Kosmetyki konopne","item":"https:\/\/dev.hempking.eu\/pl\/kosmetyki-konopne\/"},{"@type":"ListItem","position":4,"name":"Zestaw: naturalny dezodorant i olejowy mus konopny"}]},{"@type":"WebSite","@id":"https:\/\/dev.hempking.eu\/pl\/#website","url":"https:\/\/dev.hempking.eu\/pl\/","name":"Hemp King","description":"","publisher":{"@id":"https:\/\/dev.hempking.eu\/pl\/#organization"},"potentialAction":[{"@type":"SearchAction","target":{"@type":"EntryPoint","urlTemplate":"https:\/\/dev.hempking.eu\/pl\/?s={search_term_string}"},"query-input":{"@type":"PropertyValueSpecification","valueRequired":true,"valueName":"search_term_string"}}],"inLanguage":"pl-PL"},{"@type":"Organization","@id":"https:\/\/dev.hempking.eu\/pl\/#organization","name":"Hemp King","url":"https:\/\/dev.hempking.eu\/pl\/","logo":{"@type":"ImageObject","inLanguage":"pl-PL","@id":"https:\/\/dev.hempking.eu\/pl\/#\/schema\/logo\/image\/","url":"https:\/\/dev.hempking.eu\/pl\/wp-content\/uploads\/sites\/2\/2020\/05\/hempking.png","contentUrl":"https:\/\/dev.hempking.eu\/pl\/wp-content\/uploads\/sites\/2\/2020\/05\/hempking.png","width":148,"height":91,"caption":"Hemp King"},"image":{"@id":"https:\/\/dev.hempking.eu\/pl\/#\/schema\/logo\/image\/"},"sameAs":["https:\/\/www.facebook.com\/hempkingpoland","https:\/\/x.com\/hempkingeu","https:\/\/www.instagram.com\/hempkingeu\/","https:\/\/www.linkedin.com\/company\/hempking-eu\/mycompany\/","https:\/\/pl.pinterest.com\/hempkingeu\/","https:\/\/www.youtube.com\/channel\/UCUkeZA1fj4hSZfoYm0WpZ7w"]}]},"product_price_amount":"83.84","product_price_currency":"PLN","og_availability":"instock","product_availability":"instock","product_condition":"new"},"_links":{"self":[{"href":"https:\/\/dev.hempking.eu\/pl\/wp-json\/wp\/v2\/product\/681","targetHints":{"allow":["GET"]}}],"collection":[{"href":"https:\/\/dev.hempking.eu\/pl\/wp-json\/wp\/v2\/product"}],"about":[{"href":"https:\/\/dev.hempking.eu\/pl\/wp-json\/wp\/v2\/types\/product"}],"wp:featuredmedia":[{"embeddable":true,"href":"https:\/\/dev.hempking.eu\/pl\/wp-json\/wp\/v2\/media\/114510"}],"wp:attachment":[{"href":"https:\/\/dev.hempking.eu\/pl\/wp-json\/wp\/v2\/media?parent=681"}],"wp:term":[{"taxonomy":"product_cat","embeddable":true,"href":"https:\/\/dev.hempking.eu\/pl\/wp-json\/wp\/v2\/product_cat?post=681"},{"taxonomy":"product_tag","embeddable":true,"href":"https:\/\/dev.hempking.eu\/pl\/wp-json\/wp\/v2\/product_tag?post=681"}],"curies":[{"name":"wp","href":"https:\/\/api.w.org\/{rel}","templated":true}]}}