{"id":682,"date":"2020-07-13T15:49:20","date_gmt":"2020-07-13T13:49:20","guid":{"rendered":"https:\/\/hempking.eu\/pl\/?post_type=product&#038;p=682"},"modified":"2023-03-14T09:27:27","modified_gmt":"2023-03-14T08:27:27","slug":"zestaw-naturalny-dezodorant-i-jogurtowy-mus-konopny","status":"publish","type":"product","link":"https:\/\/dev.hempking.eu\/pl\/zestaw-naturalny-dezodorant-i-jogurtowy-mus-konopny\/","title":{"rendered":"Dla niej: naturalny dezodorant i jogurtowy mus konopny"},"content":{"rendered":"<h2><strong>Konopny duet kosmetyczny dla Ciebie lub bliskiej osoby!<\/strong><\/h2>\n<p>Dwa kosmetyki, kt\u00f3re po\u0142\u0105czy\u0142 los\u2026 A w\u0142a\u015bciwie to my, tworz\u0105c zestaw, kt\u00f3ry nadaje si\u0119 jako prezent. Komu mo\u017cesz podarowa\u0107 tak\u0105 naturaln\u0105 par\u0119? Spraw sobie przyjemno\u015b\u0107 i kup go dla siebie. Lub je\u015bli masz na my\u015bli kogo\u015b, kto ucieszy\u0142by si\u0119 z takiego podarku, gwarantujemy niezapomniany czas i mn\u00f3stwo u\u015bmiech\u00f3w.<\/p>\n<p>Zaskocz blisk\u0105 sercu osob\u0119 niebanalnym prezentem. Poka\u017c jej, \u017ce wiele dla Ciebie znaczy, podarowuj\u0105c jej kosmetyki z CBD wysokiej jako\u015bci, docenione ju\u017c przez wielu!<\/p>\n<h2><strong>Konopna para nie od parady pe\u0142na natury<\/strong><\/h2>\n<p>Ten zestaw kosmetyk\u00f3w na bazie konopi z CBD powsta\u0142 z my\u015bl\u0105 o tych, kt\u00f3rzy uwielbiaj\u0105 owocowe zapachy i lubi\u0105 si\u0119 nimi otacza\u0107. Ostrzegamy! Zakochasz si\u0119 w tych produktach!<\/p>\n<h2><strong><a href=\"https:\/\/dev.hempking.eu\/pl\/wp-content\/uploads\/sites\/2\/2020\/07\/jogurtowy-mus-do-ciala-3-scaled.jpg\"><img loading=\"lazy\" decoding=\"async\" class=\"wp-image-74197 size-medium alignright\" src=\"https:\/\/dev.hempking.eu\/pl\/wp-content\/uploads\/sites\/2\/2020\/07\/jogurtowy-mus-do-ciala-3-300x300.jpg\" alt=\"jogurtowy mus do cia\u0142a hempking\" width=\"300\" height=\"300\" \/><\/a>1. Jogurtowy mus konopny o zapachu owoc\u00f3w le\u015bnych<\/strong><\/h2>\n<p>Czy wiesz jak pachnie najpyszniejszy owocowy koktajl, jaki od pierwszego pow\u0105chania przywodzi na my\u015bl letnie wieczory? W\u0142a\u015bnie tak samo jak nasz konopny mus do cia\u0142a! I wcale nie przesadzamy, od razu po odkr\u0119ceniu nakr\u0119tki, ze s\u0142oiczka wydob\u0119dzie si\u0119 cudowny zapach i otuli Twoje zmys\u0142y. A gdy tylko na\u0142o\u017cysz nasz kosmetyk z CBD na sk\u00f3r\u0119, ten zapach b\u0119dzie towarzyszy\u0107 Ci w ci\u0105gu dnia.<\/p>\n<p><strong>P.S. S\u0142yszeli\u015bmy, \u017ce pachnie jak malinowa Mamba!<\/strong><\/p>\n<p>&nbsp;<\/p>\n<p>&nbsp;<\/p>\n<p>&nbsp;<\/p>\n<p>&nbsp;<\/p>\n<h2><strong><a href=\"https:\/\/dev.hempking.eu\/pl\/wp-content\/uploads\/sites\/2\/2020\/07\/dezodorant-naturalny-YLANG-3-scaled.jpg\"><img loading=\"lazy\" decoding=\"async\" class=\"wp-image-74198 size-medium alignright\" src=\"https:\/\/dev.hempking.eu\/pl\/wp-content\/uploads\/sites\/2\/2020\/07\/dezodorant-naturalny-YLANG-3-300x300.jpg\" alt=\"dezodorant naturalny YLANG YLANG otwarty\" width=\"300\" height=\"300\" \/><\/a>2. Naturalny dezodorant konopny o zapachu wanilii i kwiat\u00f3w Ylang Ylang<\/strong><\/h2>\n<p>Naturalne dezodoranty to co\u015b, o czym musisz wiedzie\u0107. A naturalny dezodorant konopny to co\u015b, co jest must-have w ka\u017cdej kosmetyczce! Dlaczego? To bogactwo naturalnych sk\u0142adnik\u00f3w, wygoda u\u017cywania, zero lepkiego filmu na sk\u00f3rze i pi\u0119kny, elegancki zapach kwiat\u00f3w Ylang Ylang.<br \/>\nPo na\u0142o\u017ceniu na sk\u00f3r\u0119, zostawia lekkie pudrowe wyko\u0144czenie, przez co nie brudzi ubra\u0144, a twoje pachy s\u0105 suche i \u015bwie\u017co pachn\u0105ce.<\/p>\n<p><strong>Ten produkt przypad\u0142 do gustu wszystkim i zosta\u0142 ulubie\u0144cem naszych klientek!<\/strong><\/p>\n<p><strong>100% naturalne. Sk\u0142ad u\u0142o\u017cy\u0142a Justyna Sobczyk: <a href=\"https:\/\/www.instagram.com\/hushaaabye\/\" rel=\"nofollow\">Instagram<\/a> \/ <a href=\"https:\/\/www.hushaaabye.pl\/\" rel=\"nofollow\">Blog<\/a><\/strong><\/p>\n<p>&nbsp;<\/p>\n","protected":false},"excerpt":{"rendered":"<h2><strong style=\"font-size: 16px\">Konopna para kosmetyk\u00f3w z CBD to:<\/strong><\/h2>\n<ul>\n<li style=\"list-style-type: none\">\n<ul>\n<li><span style=\"text-decoration: underline\"><a href=\"https:\/\/dev.hempking.eu\/pl\/naturalny-dezodorant-konopny-o-zapachu-wanilii-i-kwiatow-ylang-ylang\/\" target=\"_blank\" rel=\"noopener\">Naturalny dezodorant konopny z CBD &#8211; 65g <\/a><\/span><strong>&#8211; 50.90 z\u0142<\/strong><\/li>\n<li><a href=\"https:\/\/dev.hempking.eu\/pl\/jogurtowy-mus-konopny-z-cbd-do-ciala-o-zapachu-owocow-lesnych\/\">Jogurtowy mus konopny z CBD o zapachu owoc\u00f3w le\u015bnych &#8211; 100ml<\/a>\u00a0<strong>&#8211; 53.90 z\u0142<\/strong><\/li>\n<\/ul>\n<\/li>\n<\/ul>\n<p><strong>Kupuj\u0105c zestaw oszcz\u0119dzasz 20%!<\/strong><\/p>\n","protected":false},"featured_media":114499,"template":"","meta":{"_acf_changed":false},"product_cat":[28,108,111,33,150],"product_tag":[],"class_list":{"0":"post-682","1":"product","2":"type-product","3":"status-publish","4":"has-post-thumbnail","6":"product_cat-kosmetyki-konopne","7":"product_cat-dezodorant-z-konopi","8":"product_cat-kosmetyki-do-ciala-z-konopi","9":"product_cat-zestawy","10":"product_cat-zestawy-dla-kobiet","12":"first","13":"instock","14":"sale","15":"shipping-taxable","16":"purchasable","17":"product-type-simple"},"acf":[],"yoast_head":"<!-- This site is optimized with the Yoast SEO Premium plugin v23.4 (Yoast SEO v24.0) - https:\/\/yoast.com\/wordpress\/plugins\/seo\/ -->\n<title>Dla niej: naturalny dezodorant i jogurtowy mus konopny od HempKing<\/title>\n<meta name=\"description\" content=\"Zobacz \u261b Dla niej: naturalny dezodorant i jogurtowy mus konopny w konopnym sklepie HempKing \u2705100% naturalne \u2705 Zadbaj z nami o swoj\u0105 sk\u00f3r\u0119!\" \/>\n<link rel=\"canonical\" href=\"https:\/\/dev.hempking.eu\/pl\/naturalny-dezodorant-konopny-z-cbd-o-zapachu-wanilii-i-kwiatow-ylang-ylang\/\" \/>\n<meta property=\"og:locale\" content=\"pl_PL\" \/>\n<meta property=\"og:type\" content=\"article\" \/>\n<meta property=\"og:title\" content=\"Dla niej: naturalny dezodorant i jogurtowy mus konopny\" \/>\n<meta property=\"og:description\" content=\"Zobacz \u261b Dla niej: naturalny dezodorant i jogurtowy mus konopny w konopnym sklepie HempKing \u2705100% naturalne \u2705 Zadbaj z nami o swoj\u0105 sk\u00f3r\u0119!\" \/>\n<meta property=\"og:url\" content=\"https:\/\/dev.hempking.eu\/pl\/naturalny-dezodorant-konopny-z-cbd-o-zapachu-wanilii-i-kwiatow-ylang-ylang\/\" \/>\n<meta property=\"og:site_name\" content=\"Hemp King\" \/>\n<meta property=\"article:publisher\" content=\"https:\/\/www.facebook.com\/hempkingpoland\" \/>\n<meta property=\"article:modified_time\" content=\"2023-03-14T08:27:27+00:00\" \/>\n<meta property=\"og:image\" content=\"https:\/\/dev.hempking.eu\/pl\/wp-content\/uploads\/sites\/2\/2020\/07\/1000x1000_zestaw_5.jpg\" \/>\n\t<meta property=\"og:image:width\" content=\"1000\" \/>\n\t<meta property=\"og:image:height\" content=\"1000\" \/>\n\t<meta property=\"og:image:type\" content=\"image\/jpeg\" \/>\n<meta name=\"twitter:card\" content=\"summary_large_image\" \/>\n<meta name=\"twitter:site\" content=\"@hempkingeu\" \/>\n<meta name=\"twitter:label1\" content=\"Price\" \/>\n\t<meta name=\"twitter:data1\" content=\"84.04&nbsp;&#122;&#322;\" \/>\n\t<meta name=\"twitter:label2\" content=\"Availability\" \/>\n\t<meta name=\"twitter:data2\" content=\"In stock\" \/>\n<script type=\"application\/ld+json\" class=\"yoast-schema-graph\">{\"@context\":\"https:\/\/schema.org\",\"@graph\":[{\"@type\":\"WebPage\",\"@id\":\"https:\/\/dev.hempking.eu\/pl\/zestaw-naturalny-dezodorant-i-jogurtowy-mus-konopny\/\",\"url\":\"https:\/\/dev.hempking.eu\/pl\/naturalny-dezodorant-konopny-z-cbd-o-zapachu-wanilii-i-kwiatow-ylang-ylang\/\",\"name\":\"Dla niej: naturalny dezodorant i jogurtowy mus konopny od HempKing\",\"isPartOf\":{\"@id\":\"https:\/\/dev.hempking.eu\/pl\/#website\"},\"primaryImageOfPage\":{\"@id\":\"https:\/\/dev.hempking.eu\/pl\/naturalny-dezodorant-konopny-z-cbd-o-zapachu-wanilii-i-kwiatow-ylang-ylang\/#primaryimage\"},\"image\":{\"@id\":\"https:\/\/dev.hempking.eu\/pl\/naturalny-dezodorant-konopny-z-cbd-o-zapachu-wanilii-i-kwiatow-ylang-ylang\/#primaryimage\"},\"thumbnailUrl\":\"https:\/\/dev.hempking.eu\/pl\/wp-content\/uploads\/sites\/2\/2020\/07\/1000x1000_zestaw_5.jpg\",\"datePublished\":\"2020-07-13T13:49:20+00:00\",\"dateModified\":\"2023-03-14T08:27:27+00:00\",\"description\":\"Zobacz \u261b Dla niej: naturalny dezodorant i jogurtowy mus konopny w konopnym sklepie HempKing \u2705100% naturalne \u2705 Zadbaj z nami o swoj\u0105 sk\u00f3r\u0119!\",\"breadcrumb\":{\"@id\":\"https:\/\/dev.hempking.eu\/pl\/naturalny-dezodorant-konopny-z-cbd-o-zapachu-wanilii-i-kwiatow-ylang-ylang\/#breadcrumb\"},\"inLanguage\":\"pl-PL\",\"potentialAction\":[{\"@type\":\"ReadAction\",\"target\":[\"https:\/\/dev.hempking.eu\/pl\/naturalny-dezodorant-konopny-z-cbd-o-zapachu-wanilii-i-kwiatow-ylang-ylang\/\"]}]},{\"@type\":\"ImageObject\",\"inLanguage\":\"pl-PL\",\"@id\":\"https:\/\/dev.hempking.eu\/pl\/naturalny-dezodorant-konopny-z-cbd-o-zapachu-wanilii-i-kwiatow-ylang-ylang\/#primaryimage\",\"url\":\"https:\/\/dev.hempking.eu\/pl\/wp-content\/uploads\/sites\/2\/2020\/07\/1000x1000_zestaw_5.jpg\",\"contentUrl\":\"https:\/\/dev.hempking.eu\/pl\/wp-content\/uploads\/sites\/2\/2020\/07\/1000x1000_zestaw_5.jpg\",\"width\":1000,\"height\":1000,\"caption\":\"zestaw dezodorant i mus jogurtowy\"},{\"@type\":\"BreadcrumbList\",\"@id\":\"https:\/\/dev.hempking.eu\/pl\/naturalny-dezodorant-konopny-z-cbd-o-zapachu-wanilii-i-kwiatow-ylang-ylang\/#breadcrumb\",\"itemListElement\":[{\"@type\":\"ListItem\",\"position\":1,\"name\":\"Home\",\"item\":\"https:\/\/dev.hempking.eu\/pl\/\"},{\"@type\":\"ListItem\",\"position\":2,\"name\":\"Sklep\",\"item\":\"https:\/\/dev.hempking.eu\/pl\/shop\/\"},{\"@type\":\"ListItem\",\"position\":3,\"name\":\"Kosmetyki konopne\",\"item\":\"https:\/\/dev.hempking.eu\/pl\/kosmetyki-konopne\/\"},{\"@type\":\"ListItem\",\"position\":4,\"name\":\"Dla niej: naturalny dezodorant i jogurtowy mus konopny\"}]},{\"@type\":\"WebSite\",\"@id\":\"https:\/\/dev.hempking.eu\/pl\/#website\",\"url\":\"https:\/\/dev.hempking.eu\/pl\/\",\"name\":\"Hemp King\",\"description\":\"\",\"publisher\":{\"@id\":\"https:\/\/dev.hempking.eu\/pl\/#organization\"},\"potentialAction\":[{\"@type\":\"SearchAction\",\"target\":{\"@type\":\"EntryPoint\",\"urlTemplate\":\"https:\/\/dev.hempking.eu\/pl\/?s={search_term_string}\"},\"query-input\":{\"@type\":\"PropertyValueSpecification\",\"valueRequired\":true,\"valueName\":\"search_term_string\"}}],\"inLanguage\":\"pl-PL\"},{\"@type\":\"Organization\",\"@id\":\"https:\/\/dev.hempking.eu\/pl\/#organization\",\"name\":\"Hemp King\",\"url\":\"https:\/\/dev.hempking.eu\/pl\/\",\"logo\":{\"@type\":\"ImageObject\",\"inLanguage\":\"pl-PL\",\"@id\":\"https:\/\/dev.hempking.eu\/pl\/#\/schema\/logo\/image\/\",\"url\":\"https:\/\/dev.hempking.eu\/pl\/wp-content\/uploads\/sites\/2\/2020\/05\/hempking.png\",\"contentUrl\":\"https:\/\/dev.hempking.eu\/pl\/wp-content\/uploads\/sites\/2\/2020\/05\/hempking.png\",\"width\":148,\"height\":91,\"caption\":\"Hemp King\"},\"image\":{\"@id\":\"https:\/\/dev.hempking.eu\/pl\/#\/schema\/logo\/image\/\"},\"sameAs\":[\"https:\/\/www.facebook.com\/hempkingpoland\",\"https:\/\/x.com\/hempkingeu\",\"https:\/\/www.instagram.com\/hempkingeu\/\",\"https:\/\/www.linkedin.com\/company\/hempking-eu\/mycompany\/\",\"https:\/\/pl.pinterest.com\/hempkingeu\/\",\"https:\/\/www.youtube.com\/channel\/UCUkeZA1fj4hSZfoYm0WpZ7w\"]}]}<\/script>\n<meta property=\"product:price:amount\" content=\"84.04\" \/>\n<meta property=\"product:price:currency\" content=\"PLN\" \/>\n<meta property=\"og:availability\" content=\"instock\" \/>\n<meta property=\"product:availability\" content=\"instock\" \/>\n<meta property=\"product:condition\" content=\"new\" \/>\n<!-- \/ Yoast SEO Premium plugin. -->","yoast_head_json":{"title":"Dla niej: naturalny dezodorant i jogurtowy mus konopny od HempKing","description":"Zobacz \u261b Dla niej: naturalny dezodorant i jogurtowy mus konopny w konopnym sklepie HempKing \u2705100% naturalne \u2705 Zadbaj z nami o swoj\u0105 sk\u00f3r\u0119!","canonical":"https:\/\/dev.hempking.eu\/pl\/naturalny-dezodorant-konopny-z-cbd-o-zapachu-wanilii-i-kwiatow-ylang-ylang\/","og_locale":"pl_PL","og_type":"article","og_title":"Dla niej: naturalny dezodorant i jogurtowy mus konopny","og_description":"Zobacz \u261b Dla niej: naturalny dezodorant i jogurtowy mus konopny w konopnym sklepie HempKing \u2705100% naturalne \u2705 Zadbaj z nami o swoj\u0105 sk\u00f3r\u0119!","og_url":"https:\/\/dev.hempking.eu\/pl\/naturalny-dezodorant-konopny-z-cbd-o-zapachu-wanilii-i-kwiatow-ylang-ylang\/","og_site_name":"Hemp King","article_publisher":"https:\/\/www.facebook.com\/hempkingpoland","article_modified_time":"2023-03-14T08:27:27+00:00","og_image":[{"width":1000,"height":1000,"url":"https:\/\/dev.hempking.eu\/pl\/wp-content\/uploads\/sites\/2\/2020\/07\/1000x1000_zestaw_5.jpg","type":"image\/jpeg"}],"twitter_card":"summary_large_image","twitter_site":"@hempkingeu","twitter_misc":{"Price":"84.04&nbsp;&#122;&#322;","Availability":"In stock"},"schema":{"@context":"https:\/\/schema.org","@graph":[{"@type":"WebPage","@id":"https:\/\/dev.hempking.eu\/pl\/zestaw-naturalny-dezodorant-i-jogurtowy-mus-konopny\/","url":"https:\/\/dev.hempking.eu\/pl\/naturalny-dezodorant-konopny-z-cbd-o-zapachu-wanilii-i-kwiatow-ylang-ylang\/","name":"Dla niej: naturalny dezodorant i jogurtowy mus konopny od HempKing","isPartOf":{"@id":"https:\/\/dev.hempking.eu\/pl\/#website"},"primaryImageOfPage":{"@id":"https:\/\/dev.hempking.eu\/pl\/naturalny-dezodorant-konopny-z-cbd-o-zapachu-wanilii-i-kwiatow-ylang-ylang\/#primaryimage"},"image":{"@id":"https:\/\/dev.hempking.eu\/pl\/naturalny-dezodorant-konopny-z-cbd-o-zapachu-wanilii-i-kwiatow-ylang-ylang\/#primaryimage"},"thumbnailUrl":"https:\/\/dev.hempking.eu\/pl\/wp-content\/uploads\/sites\/2\/2020\/07\/1000x1000_zestaw_5.jpg","datePublished":"2020-07-13T13:49:20+00:00","dateModified":"2023-03-14T08:27:27+00:00","description":"Zobacz \u261b Dla niej: naturalny dezodorant i jogurtowy mus konopny w konopnym sklepie HempKing \u2705100% naturalne \u2705 Zadbaj z nami o swoj\u0105 sk\u00f3r\u0119!","breadcrumb":{"@id":"https:\/\/dev.hempking.eu\/pl\/naturalny-dezodorant-konopny-z-cbd-o-zapachu-wanilii-i-kwiatow-ylang-ylang\/#breadcrumb"},"inLanguage":"pl-PL","potentialAction":[{"@type":"ReadAction","target":["https:\/\/dev.hempking.eu\/pl\/naturalny-dezodorant-konopny-z-cbd-o-zapachu-wanilii-i-kwiatow-ylang-ylang\/"]}]},{"@type":"ImageObject","inLanguage":"pl-PL","@id":"https:\/\/dev.hempking.eu\/pl\/naturalny-dezodorant-konopny-z-cbd-o-zapachu-wanilii-i-kwiatow-ylang-ylang\/#primaryimage","url":"https:\/\/dev.hempking.eu\/pl\/wp-content\/uploads\/sites\/2\/2020\/07\/1000x1000_zestaw_5.jpg","contentUrl":"https:\/\/dev.hempking.eu\/pl\/wp-content\/uploads\/sites\/2\/2020\/07\/1000x1000_zestaw_5.jpg","width":1000,"height":1000,"caption":"zestaw dezodorant i mus jogurtowy"},{"@type":"BreadcrumbList","@id":"https:\/\/dev.hempking.eu\/pl\/naturalny-dezodorant-konopny-z-cbd-o-zapachu-wanilii-i-kwiatow-ylang-ylang\/#breadcrumb","itemListElement":[{"@type":"ListItem","position":1,"name":"Home","item":"https:\/\/dev.hempking.eu\/pl\/"},{"@type":"ListItem","position":2,"name":"Sklep","item":"https:\/\/dev.hempking.eu\/pl\/shop\/"},{"@type":"ListItem","position":3,"name":"Kosmetyki konopne","item":"https:\/\/dev.hempking.eu\/pl\/kosmetyki-konopne\/"},{"@type":"ListItem","position":4,"name":"Dla niej: naturalny dezodorant i jogurtowy mus konopny"}]},{"@type":"WebSite","@id":"https:\/\/dev.hempking.eu\/pl\/#website","url":"https:\/\/dev.hempking.eu\/pl\/","name":"Hemp King","description":"","publisher":{"@id":"https:\/\/dev.hempking.eu\/pl\/#organization"},"potentialAction":[{"@type":"SearchAction","target":{"@type":"EntryPoint","urlTemplate":"https:\/\/dev.hempking.eu\/pl\/?s={search_term_string}"},"query-input":{"@type":"PropertyValueSpecification","valueRequired":true,"valueName":"search_term_string"}}],"inLanguage":"pl-PL"},{"@type":"Organization","@id":"https:\/\/dev.hempking.eu\/pl\/#organization","name":"Hemp King","url":"https:\/\/dev.hempking.eu\/pl\/","logo":{"@type":"ImageObject","inLanguage":"pl-PL","@id":"https:\/\/dev.hempking.eu\/pl\/#\/schema\/logo\/image\/","url":"https:\/\/dev.hempking.eu\/pl\/wp-content\/uploads\/sites\/2\/2020\/05\/hempking.png","contentUrl":"https:\/\/dev.hempking.eu\/pl\/wp-content\/uploads\/sites\/2\/2020\/05\/hempking.png","width":148,"height":91,"caption":"Hemp King"},"image":{"@id":"https:\/\/dev.hempking.eu\/pl\/#\/schema\/logo\/image\/"},"sameAs":["https:\/\/www.facebook.com\/hempkingpoland","https:\/\/x.com\/hempkingeu","https:\/\/www.instagram.com\/hempkingeu\/","https:\/\/www.linkedin.com\/company\/hempking-eu\/mycompany\/","https:\/\/pl.pinterest.com\/hempkingeu\/","https:\/\/www.youtube.com\/channel\/UCUkeZA1fj4hSZfoYm0WpZ7w"]}]},"product_price_amount":"84.04","product_price_currency":"PLN","og_availability":"instock","product_availability":"instock","product_condition":"new"},"_links":{"self":[{"href":"https:\/\/dev.hempking.eu\/pl\/wp-json\/wp\/v2\/product\/682","targetHints":{"allow":["GET"]}}],"collection":[{"href":"https:\/\/dev.hempking.eu\/pl\/wp-json\/wp\/v2\/product"}],"about":[{"href":"https:\/\/dev.hempking.eu\/pl\/wp-json\/wp\/v2\/types\/product"}],"wp:featuredmedia":[{"embeddable":true,"href":"https:\/\/dev.hempking.eu\/pl\/wp-json\/wp\/v2\/media\/114499"}],"wp:attachment":[{"href":"https:\/\/dev.hempking.eu\/pl\/wp-json\/wp\/v2\/media?parent=682"}],"wp:term":[{"taxonomy":"product_cat","embeddable":true,"href":"https:\/\/dev.hempking.eu\/pl\/wp-json\/wp\/v2\/product_cat?post=682"},{"taxonomy":"product_tag","embeddable":true,"href":"https:\/\/dev.hempking.eu\/pl\/wp-json\/wp\/v2\/product_tag?post=682"}],"curies":[{"name":"wp","href":"https:\/\/api.w.org\/{rel}","templated":true}]}}