{"id":68366,"date":"2021-06-18T09:22:39","date_gmt":"2021-06-18T07:22:39","guid":{"rendered":"https:\/\/hempking.eu\/pl\/?post_type=product&#038;p=68366"},"modified":"2023-04-04T13:23:42","modified_gmt":"2023-04-04T11:23:42","slug":"bio-bialko-konopne-detox-250g","status":"publish","type":"product","link":"https:\/\/dev.hempking.eu\/pl\/bio-bialko-konopne-detox-250g\/","title":{"rendered":"BIO bia\u0142ko konopne Detox - 250 g - Powiadom o dost\u0119pno\u015bci"},"content":{"rendered":"<h2><strong>Sk\u0142adniki i warto\u015b\u0107 od\u017cywcza bia\u0142ka Detox<\/strong><\/h2>\n<p>BIO bia\u0142ko konopne 70%, BIO spirulina 5%, BIO jarmu\u017c 5%, BIO broku\u0142 5%, BIO szpinak 5%, BIO burak 5%, BIO kurkuma 4%, BIO chlorella 1%.<\/p>\n<p style=\"text-align: center;\"><strong>Warto\u015bci od\u017cywcze BIO bia\u0142ka konopnego Detox w 100g:<\/strong><br \/>\n<a href=\"https:\/\/dev.hempking.eu\/pl\/wp-content\/uploads\/sites\/2\/2022\/01\/detox.jpg\"><img loading=\"lazy\" decoding=\"async\" class=\"alignnone wp-image-87920 size-medium\" src=\"https:\/\/dev.hempking.eu\/pl\/wp-content\/uploads\/sites\/2\/2022\/01\/detox-216x300.jpg\" alt=\"detox\" width=\"216\" height=\"300\" \/><\/a><\/p>\n<h2><strong>BIO bia\u0142ko konopne Detox &#8211; oczyszczenie z metali ci\u0119\u017ckich i od\u017cywienie<\/strong><\/h2>\n<p>BIO bia\u0142ko konopne Detox sk\u0142ada si\u0119 w 70% z bia\u0142ka konopnego, za\u015b reszta sk\u0142adnik\u00f3w to BIO spirulina 5%, BIO jarmu\u017c 5%, BIO broku\u0142 5%, BIO szpinak 5%, BIO burak 5%, BIO kurkuma 4% oraz BIO chlorella 1%.<\/p>\n<p>BIO bia\u0142ko konopne Detox to co\u015b wi\u0119cej ni\u017c tylko ro\u015blinne proteiny dla uzupe\u0142nienia diety. Wysok\u0105 zawarto\u015b\u0107 ro\u015blinnego bia\u0142ka z konopi urozmaicili\u015bmy spirulin\u0105, a tak\u017ce chlorell\u0105. Te algi pomagaj\u0105 oczy\u015bci\u0107 organizm z metali ci\u0119\u017ckich. Z kolei kurkuma zadba o odporno\u015b\u0107 oraz Twoj\u0105 sk\u00f3r\u0119 od wewn\u0105trz. BIO jarmu\u017c, broku\u0142, szpinak i burak dostarcz\u0105 witamin i minera\u0142\u00f3w!<br \/>\nBia\u0142ko konopne mog\u0105 stosowa\u0107 weganie i wegetarianie, nie zawiera bowiem \u017cadnych sk\u0142adnik\u00f3w odzwierz\u0119cych. Do bia\u0142ka do\u0142\u0105czyli\u015bmy biodegradowaln\u0105 miark\u0119 &#8211; pomo\u017ce Ci ona odmierzy\u0107 idealne porcje!<\/p>\n<p><strong>BIO bia\u0142ko konopne Detox to:<\/strong><\/p>\n<ul>\n<li>ciekawy spos\u00f3b na rozszerzenie Twojej diety,<\/li>\n<li>wprowadzenie dodatkowej porcji warzyw do menu,<\/li>\n<li>100% czystych sk\u0142adnik\u00f3w,<\/li>\n<li>kwasy omega 3, 6 i 9,<\/li>\n<li>aminokwasy egzogenne,<\/li>\n<li>b\u0142onnik dla lepszego trawienia,<\/li>\n<li>spirulina i chlorella dla wsparcia detoksu z metali ci\u0119\u017ckich.<\/li>\n<\/ul>\n<p><strong>Nasze BIO bia\u0142ko Detox powsta\u0142o metod\u0105 mielenia na zimno. To dzi\u0119ki tej metodzie nasz produkt zachowuje swoje warto\u015bci od\u017cywcze!<\/strong><\/p>\n<h2><strong>BIO bia\u0142ko konopne Detox &#8211; dlaczego warto w\u0142\u0105czy\u0107 je do diety?<\/strong><\/h2>\n<p>Metale ci\u0119\u017ckie w dzisiejszych czasach s\u0105 wsz\u0119dzie. W glebie, powietrzu, wodzie, a tym samym w tym, co spo\u017cywamy! Dlatego tak wa\u017cne jest to, by wybiera\u0107 produkty organiczne, z czystych upraw i hodowli. Oraz takie, kt\u00f3re pomog\u0105 nam pozby\u0107 si\u0119 szkodliwych substancji z organizmu np. poprzez wsparcie metabolizmu.<\/p>\n<p>Bia\u0142ko jest r\u00f3wnie\u017c tym, co buduje nasz organizm i pomaga nam funkcjonowa\u0107. Dzi\u0119ki niemu spalamy niechciane kalorie i zb\u0119dny t\u0142uszcz, czy te\u017c rozbudowujemy mas\u0119 mi\u0119\u015bniow\u0105. W\u0142\u0105czaj\u0105c <a href=\"https:\/\/dev.hempking.eu\/pl\/bialko-konopne\/\" target=\"_blank\" rel=\"noopener\">BIO bia\u0142ko konopne<\/a> do swojej diety dbamy o to, co serwujemy w naszym codziennym menu.<\/p>\n<p>Ten wyj\u0105tkowy produkt to naturalne bia\u0142ko pochodzenia ro\u015blinnego, kt\u00f3rego sk\u0142adniki zosta\u0142y starannie wyselekcjonowane. Jego zadaniem jest nie tylko urozmaicenie Twojej diety, ale tak\u017ce wsparcie procesu detoksykacji oraz wsparcie Twojej odporno\u015bci.<\/p>\n<p>BIO bia\u0142ko konopne Detox zawiera du\u017co b\u0142onnika, bo a\u017c 18,9 g\/ 100 g produktu! B\u0142onnik jest niezb\u0119dny w naszej diecie dla prawid\u0142owego trawienia. To r\u00f3wnie\u017c on sprawia, \u017ce czujemy si\u0119 syci na d\u0142u\u017cej, a tym samym nie mamy ochoty na podjadanie pomi\u0119dzy posi\u0142kami.<\/p>\n<p><strong>Nasze BIO bia\u0142ko konopne Detox zawiera r\u00f3wnie\u017c witaminy i minera\u0142y.<\/strong><\/p>\n<ul>\n<li><strong>Witamina A<\/strong> przyczynia si\u0119 do prawid\u0142owego metabolizmu \u017celaza, wspiera zdrowy wygl\u0105d sk\u00f3ry oraz wzrok oraz wspomaga odporno\u015b\u0107.<\/li>\n<li><strong>Witamina C<\/strong> pomaga w utrzymaniu prawid\u0142owego funkcjonowania uk\u0142adu odporno\u015bciowego w trakcie intensywnych \u0107wicze\u0144 fizycznych i po nich, wspiera produkcj\u0119 kolagenu potrzebnego dla zdrowej sk\u00f3ry, ko\u015bci i staw\u00f3w, a tak\u017ce wspomaga uk\u0142ad nerwowy i odporno\u015bciowy.<\/li>\n<li><strong>Witamina B9<\/strong> czyli kwas foliowy pomaga w prawid\u0142owej syntezie aminokwas\u00f3w.<\/li>\n<li><strong>Witamina B12<\/strong> przyczynia si\u0119 do utrzymania prawid\u0142owego metabolizmu energetycznego oraz do zmniejszenia uczucia zm\u0119czenia i znu\u017cenia.<\/li>\n<li><strong>Potas<\/strong> pomaga w prawid\u0142owym funkcjonowaniu mi\u0119\u015bni.<\/li>\n<li><strong>Magnez<\/strong> pomaga w utrzymaniu r\u00f3wnowagi elektrolitowej oraz w prawid\u0142owej syntezie bia\u0142ka.<\/li>\n<li><strong>\u017belazo<\/strong> pomaga w prawid\u0142owym transporcie tlenu w organizmie.<\/li>\n<\/ul>\n<p>BIO bia\u0142ko konopne to bia\u0142ko pe\u0142nowarto\u015bciowe, poniewa\u017c zawiera aminokwasy egzogenne.<br \/>\nOrganiczne bia\u0142ko konopne Detox zawiera 44 g bia\u0142ka\/ 100 g produktu.<br \/>\n\u015awietnie sprawdza si\u0119 w diecie u tych os\u00f3b, kt\u00f3re do tej pory nie mog\u0142y stosowa\u0107 bia\u0142ek z laktoz\u0105, glukoz\u0105, maj\u0105cych pochodzenie zwierz\u0119ce lub tych ze str\u0105czk\u00f3w lub soi.<\/p>\n<p><strong>Nasze BIO bia\u0142ko konopne Detox posiada certyfikat EU Organic, \u015bwiadcz\u0105cy o organiczno\u015bci produktu.<\/strong><\/p>\n<h2><strong>Kto mo\u017ce u\u017cywa\u0107 konopnego bia\u0142ka DETOX?<\/strong><\/h2>\n<p>BIO bia\u0142ko konopne Detox to produkt idealny dla tych, kt\u00f3rzy:<\/p>\n<ul>\n<li>uprawiaj\u0105 regularnie sport,<\/li>\n<li>prowadz\u0105 aktywny tryb \u017cycia,<\/li>\n<li>maj\u0105 prac\u0119 fizyczn\u0105,<\/li>\n<li>chc\u0105 zwi\u0119kszy\u0107 tkank\u0119 mi\u0119\u015bniow\u0105,<\/li>\n<li>pr\u00f3buj\u0105 zdrowo si\u0119 od\u017cywia\u0107,<\/li>\n<li>s\u0105 na diecie ro\u015blinnej lub ubogiej w bia\u0142ko,<\/li>\n<li>chc\u0105 spo\u017cywa\u0107 czyste sk\u0142adowo produkty,<\/li>\n<li>chc\u0105 wesprze\u0107 organizm w detoksykacji z metali ci\u0119\u017ckich.<\/li>\n<\/ul>\n<h2><strong>Stosowanie BIO bia\u0142ka konopnego Detox<\/strong><\/h2>\n<p>3 \u0142y\u017ceczki (15 g) dziennie. W dni treningowe 6 \u0142y\u017ceczek (15 g) raz dziennie, najlepiej po treningu. Produkt mo\u017cesz doda\u0107 do ulubionego koktajlu, owsianki, nale\u015bnik\u00f3w, wypiek\u00f3w czy wypi\u0107 z wod\u0105. Sprawd\u017a wi\u0119cej <a href=\"https:\/\/dev.hempking.eu\/pl\/bialko-konopne-wartosc-odzywcza-i-przepisy\/\">przepis\u00f3w.<\/a><\/p>\n<h3><\/h3>\n<p>Sprawd\u017a te\u017c ca\u0142\u0105 ofert\u0119: <a href=\"https:\/\/dev.hempking.eu\/pl\/bialko-konopne\/\">Bia\u0142ko konopne<\/a><\/p>\n","protected":false},"excerpt":{"rendered":"<h2><strong>BIO bia\u0142ko konopne Detox to:<\/strong><\/h2>\n<ul>\n<li>bia\u0142ko konopne z organicznymi algami i nie tylko<\/li>\n<li>eko certyfikat EU Organic<\/li>\n<li>zawarto\u015b\u0107 chlorelli i spiruliny dla wsparcia oczyszczania z metali ci\u0119\u017ckich<\/li>\n<li>wsparcie odporno\u015bci<\/li>\n<li>produkt odpowiedni r\u00f3wnie\u017c dla wegan i wegetarian<\/li>\n<li>zawiera biodegradowaln\u0105 miark\u0119 w \u015brodku<\/li>\n<li>100% czyste sk\u0142adniki<\/li>\n<\/ul>\n<p><strong>Waga: 250g<\/strong><\/p>\n","protected":false},"featured_media":87463,"template":"","meta":{"_acf_changed":false},"product_cat":[153],"product_tag":[],"class_list":{"0":"post-68366","1":"product","2":"type-product","3":"status-publish","4":"has-post-thumbnail","6":"product_cat-powiadom-o-dostepnosci","8":"first","9":"outofstock","10":"shipping-taxable","11":"purchasable","12":"product-type-simple"},"acf":[],"yoast_head":"<!-- This site is optimized with the Yoast SEO Premium plugin v23.4 (Yoast SEO v24.0) - https:\/\/yoast.com\/wordpress\/plugins\/seo\/ -->\n<title>Bio bia\u0142ko konopne DETOX 250 g | Nowo\u015b\u0107 od Hempking | Kup teraz!<\/title>\n<meta name=\"description\" content=\"Bio bia\u0142ko konopne Detox - oczyszczenie z metali ci\u0119\u017ckich i od\u017cywienie organizmu. 100% czystego sk\u0142adu. Sprawd\u017a bia\u0142ko DETOX od Hempking !\" \/>\n<link rel=\"canonical\" href=\"https:\/\/dev.hempking.eu\/pl\/bio-bialko-konopne-detox-250g\/\" \/>\n<meta property=\"og:locale\" content=\"pl_PL\" \/>\n<meta property=\"og:type\" content=\"article\" \/>\n<meta property=\"og:title\" content=\"BIO bia\u0142ko konopne Detox - 250 g - Powiadom o dost\u0119pno\u015bci\" \/>\n<meta property=\"og:description\" content=\"Bio bia\u0142ko konopne Detox - oczyszczenie z metali ci\u0119\u017ckich i od\u017cywienie organizmu. 100% czystego sk\u0142adu. Sprawd\u017a bia\u0142ko DETOX od Hempking !\" \/>\n<meta property=\"og:url\" content=\"https:\/\/dev.hempking.eu\/pl\/bio-bialko-konopne-detox-250g\/\" \/>\n<meta property=\"og:site_name\" content=\"Hemp King\" \/>\n<meta property=\"article:publisher\" content=\"https:\/\/www.facebook.com\/hempkingpoland\" \/>\n<meta property=\"article:modified_time\" content=\"2023-04-04T11:23:42+00:00\" \/>\n<meta property=\"og:image\" content=\"https:\/\/dev.hempking.eu\/pl\/wp-content\/uploads\/sites\/2\/2022\/01\/bialko_detox.jpg\" \/>\n\t<meta property=\"og:image:width\" content=\"1000\" \/>\n\t<meta property=\"og:image:height\" content=\"1000\" \/>\n\t<meta property=\"og:image:type\" content=\"image\/jpeg\" \/>\n<meta name=\"twitter:card\" content=\"summary_large_image\" \/>\n<meta name=\"twitter:site\" content=\"@hempkingeu\" \/>\n<meta name=\"twitter:label1\" content=\"Price\" \/>\n\t<meta name=\"twitter:data1\" content=\"37.90&nbsp;&#122;&#322;\" \/>\n\t<meta name=\"twitter:label2\" content=\"Availability\" \/>\n\t<meta name=\"twitter:data2\" content=\"Out of stock\" \/>\n<script type=\"application\/ld+json\" class=\"yoast-schema-graph\">{\"@context\":\"https:\/\/schema.org\",\"@graph\":[{\"@type\":\"WebPage\",\"@id\":\"https:\/\/dev.hempking.eu\/pl\/bio-bialko-konopne-detox-250g\/\",\"url\":\"https:\/\/dev.hempking.eu\/pl\/bio-bialko-konopne-detox-250g\/\",\"name\":\"Bio bia\u0142ko konopne DETOX 250 g | Nowo\u015b\u0107 od Hempking | Kup teraz!\",\"isPartOf\":{\"@id\":\"https:\/\/dev.hempking.eu\/pl\/#website\"},\"primaryImageOfPage\":{\"@id\":\"https:\/\/dev.hempking.eu\/pl\/bio-bialko-konopne-detox-250g\/#primaryimage\"},\"image\":{\"@id\":\"https:\/\/dev.hempking.eu\/pl\/bio-bialko-konopne-detox-250g\/#primaryimage\"},\"thumbnailUrl\":\"https:\/\/dev.hempking.eu\/pl\/wp-content\/uploads\/sites\/2\/2022\/01\/bialko_detox.jpg\",\"datePublished\":\"2021-06-18T07:22:39+00:00\",\"dateModified\":\"2023-04-04T11:23:42+00:00\",\"description\":\"Bio bia\u0142ko konopne Detox - oczyszczenie z metali ci\u0119\u017ckich i od\u017cywienie organizmu. 100% czystego sk\u0142adu. Sprawd\u017a bia\u0142ko DETOX od Hempking !\",\"breadcrumb\":{\"@id\":\"https:\/\/dev.hempking.eu\/pl\/bio-bialko-konopne-detox-250g\/#breadcrumb\"},\"inLanguage\":\"pl-PL\",\"potentialAction\":[{\"@type\":\"ReadAction\",\"target\":[\"https:\/\/dev.hempking.eu\/pl\/bio-bialko-konopne-detox-250g\/\"]}]},{\"@type\":\"ImageObject\",\"inLanguage\":\"pl-PL\",\"@id\":\"https:\/\/dev.hempking.eu\/pl\/bio-bialko-konopne-detox-250g\/#primaryimage\",\"url\":\"https:\/\/dev.hempking.eu\/pl\/wp-content\/uploads\/sites\/2\/2022\/01\/bialko_detox.jpg\",\"contentUrl\":\"https:\/\/dev.hempking.eu\/pl\/wp-content\/uploads\/sites\/2\/2022\/01\/bialko_detox.jpg\",\"width\":1000,\"height\":1000,\"caption\":\"Bia\u0142ko konopne Detox 250 g HempKing\"},{\"@type\":\"BreadcrumbList\",\"@id\":\"https:\/\/dev.hempking.eu\/pl\/bio-bialko-konopne-detox-250g\/#breadcrumb\",\"itemListElement\":[{\"@type\":\"ListItem\",\"position\":1,\"name\":\"Home\",\"item\":\"https:\/\/dev.hempking.eu\/pl\/\"},{\"@type\":\"ListItem\",\"position\":2,\"name\":\"Sklep\",\"item\":\"https:\/\/dev.hempking.eu\/pl\/shop\/\"},{\"@type\":\"ListItem\",\"position\":3,\"name\":\"Powiadom o dost\u0119pno\u015bci\",\"item\":\"https:\/\/dev.hempking.eu\/pl\/powiadom-o-dostepnosci\/\"},{\"@type\":\"ListItem\",\"position\":4,\"name\":\"BIO bia\u0142ko konopne Detox - 250 g - Powiadom o dost\u0119pno\u015bci\"}]},{\"@type\":\"WebSite\",\"@id\":\"https:\/\/dev.hempking.eu\/pl\/#website\",\"url\":\"https:\/\/dev.hempking.eu\/pl\/\",\"name\":\"Hemp King\",\"description\":\"\",\"publisher\":{\"@id\":\"https:\/\/dev.hempking.eu\/pl\/#organization\"},\"potentialAction\":[{\"@type\":\"SearchAction\",\"target\":{\"@type\":\"EntryPoint\",\"urlTemplate\":\"https:\/\/dev.hempking.eu\/pl\/?s={search_term_string}\"},\"query-input\":{\"@type\":\"PropertyValueSpecification\",\"valueRequired\":true,\"valueName\":\"search_term_string\"}}],\"inLanguage\":\"pl-PL\"},{\"@type\":\"Organization\",\"@id\":\"https:\/\/dev.hempking.eu\/pl\/#organization\",\"name\":\"Hemp King\",\"url\":\"https:\/\/dev.hempking.eu\/pl\/\",\"logo\":{\"@type\":\"ImageObject\",\"inLanguage\":\"pl-PL\",\"@id\":\"https:\/\/dev.hempking.eu\/pl\/#\/schema\/logo\/image\/\",\"url\":\"https:\/\/dev.hempking.eu\/pl\/wp-content\/uploads\/sites\/2\/2020\/05\/hempking.png\",\"contentUrl\":\"https:\/\/dev.hempking.eu\/pl\/wp-content\/uploads\/sites\/2\/2020\/05\/hempking.png\",\"width\":148,\"height\":91,\"caption\":\"Hemp King\"},\"image\":{\"@id\":\"https:\/\/dev.hempking.eu\/pl\/#\/schema\/logo\/image\/\"},\"sameAs\":[\"https:\/\/www.facebook.com\/hempkingpoland\",\"https:\/\/x.com\/hempkingeu\",\"https:\/\/www.instagram.com\/hempkingeu\/\",\"https:\/\/www.linkedin.com\/company\/hempking-eu\/mycompany\/\",\"https:\/\/pl.pinterest.com\/hempkingeu\/\",\"https:\/\/www.youtube.com\/channel\/UCUkeZA1fj4hSZfoYm0WpZ7w\"]}]}<\/script>\n<meta property=\"product:price:amount\" content=\"37.90\" \/>\n<meta property=\"product:price:currency\" content=\"PLN\" \/>\n<meta property=\"og:availability\" content=\"out of stock\" \/>\n<meta property=\"product:availability\" content=\"out of stock\" \/>\n<meta property=\"product:condition\" content=\"new\" \/>\n<!-- \/ Yoast SEO Premium plugin. -->","yoast_head_json":{"title":"Bio bia\u0142ko konopne DETOX 250 g | Nowo\u015b\u0107 od Hempking | Kup teraz!","description":"Bio bia\u0142ko konopne Detox - oczyszczenie z metali ci\u0119\u017ckich i od\u017cywienie organizmu. 100% czystego sk\u0142adu. Sprawd\u017a bia\u0142ko DETOX od Hempking !","canonical":"https:\/\/dev.hempking.eu\/pl\/bio-bialko-konopne-detox-250g\/","og_locale":"pl_PL","og_type":"article","og_title":"BIO bia\u0142ko konopne Detox - 250 g - Powiadom o dost\u0119pno\u015bci","og_description":"Bio bia\u0142ko konopne Detox - oczyszczenie z metali ci\u0119\u017ckich i od\u017cywienie organizmu. 100% czystego sk\u0142adu. Sprawd\u017a bia\u0142ko DETOX od Hempking !","og_url":"https:\/\/dev.hempking.eu\/pl\/bio-bialko-konopne-detox-250g\/","og_site_name":"Hemp King","article_publisher":"https:\/\/www.facebook.com\/hempkingpoland","article_modified_time":"2023-04-04T11:23:42+00:00","og_image":[{"width":1000,"height":1000,"url":"https:\/\/dev.hempking.eu\/pl\/wp-content\/uploads\/sites\/2\/2022\/01\/bialko_detox.jpg","type":"image\/jpeg"}],"twitter_card":"summary_large_image","twitter_site":"@hempkingeu","twitter_misc":{"Price":"37.90&nbsp;&#122;&#322;","Availability":"Out of stock"},"schema":{"@context":"https:\/\/schema.org","@graph":[{"@type":"WebPage","@id":"https:\/\/dev.hempking.eu\/pl\/bio-bialko-konopne-detox-250g\/","url":"https:\/\/dev.hempking.eu\/pl\/bio-bialko-konopne-detox-250g\/","name":"Bio bia\u0142ko konopne DETOX 250 g | Nowo\u015b\u0107 od Hempking | Kup teraz!","isPartOf":{"@id":"https:\/\/dev.hempking.eu\/pl\/#website"},"primaryImageOfPage":{"@id":"https:\/\/dev.hempking.eu\/pl\/bio-bialko-konopne-detox-250g\/#primaryimage"},"image":{"@id":"https:\/\/dev.hempking.eu\/pl\/bio-bialko-konopne-detox-250g\/#primaryimage"},"thumbnailUrl":"https:\/\/dev.hempking.eu\/pl\/wp-content\/uploads\/sites\/2\/2022\/01\/bialko_detox.jpg","datePublished":"2021-06-18T07:22:39+00:00","dateModified":"2023-04-04T11:23:42+00:00","description":"Bio bia\u0142ko konopne Detox - oczyszczenie z metali ci\u0119\u017ckich i od\u017cywienie organizmu. 100% czystego sk\u0142adu. Sprawd\u017a bia\u0142ko DETOX od Hempking !","breadcrumb":{"@id":"https:\/\/dev.hempking.eu\/pl\/bio-bialko-konopne-detox-250g\/#breadcrumb"},"inLanguage":"pl-PL","potentialAction":[{"@type":"ReadAction","target":["https:\/\/dev.hempking.eu\/pl\/bio-bialko-konopne-detox-250g\/"]}]},{"@type":"ImageObject","inLanguage":"pl-PL","@id":"https:\/\/dev.hempking.eu\/pl\/bio-bialko-konopne-detox-250g\/#primaryimage","url":"https:\/\/dev.hempking.eu\/pl\/wp-content\/uploads\/sites\/2\/2022\/01\/bialko_detox.jpg","contentUrl":"https:\/\/dev.hempking.eu\/pl\/wp-content\/uploads\/sites\/2\/2022\/01\/bialko_detox.jpg","width":1000,"height":1000,"caption":"Bia\u0142ko konopne Detox 250 g HempKing"},{"@type":"BreadcrumbList","@id":"https:\/\/dev.hempking.eu\/pl\/bio-bialko-konopne-detox-250g\/#breadcrumb","itemListElement":[{"@type":"ListItem","position":1,"name":"Home","item":"https:\/\/dev.hempking.eu\/pl\/"},{"@type":"ListItem","position":2,"name":"Sklep","item":"https:\/\/dev.hempking.eu\/pl\/shop\/"},{"@type":"ListItem","position":3,"name":"Powiadom o dost\u0119pno\u015bci","item":"https:\/\/dev.hempking.eu\/pl\/powiadom-o-dostepnosci\/"},{"@type":"ListItem","position":4,"name":"BIO bia\u0142ko konopne Detox - 250 g - Powiadom o dost\u0119pno\u015bci"}]},{"@type":"WebSite","@id":"https:\/\/dev.hempking.eu\/pl\/#website","url":"https:\/\/dev.hempking.eu\/pl\/","name":"Hemp King","description":"","publisher":{"@id":"https:\/\/dev.hempking.eu\/pl\/#organization"},"potentialAction":[{"@type":"SearchAction","target":{"@type":"EntryPoint","urlTemplate":"https:\/\/dev.hempking.eu\/pl\/?s={search_term_string}"},"query-input":{"@type":"PropertyValueSpecification","valueRequired":true,"valueName":"search_term_string"}}],"inLanguage":"pl-PL"},{"@type":"Organization","@id":"https:\/\/dev.hempking.eu\/pl\/#organization","name":"Hemp King","url":"https:\/\/dev.hempking.eu\/pl\/","logo":{"@type":"ImageObject","inLanguage":"pl-PL","@id":"https:\/\/dev.hempking.eu\/pl\/#\/schema\/logo\/image\/","url":"https:\/\/dev.hempking.eu\/pl\/wp-content\/uploads\/sites\/2\/2020\/05\/hempking.png","contentUrl":"https:\/\/dev.hempking.eu\/pl\/wp-content\/uploads\/sites\/2\/2020\/05\/hempking.png","width":148,"height":91,"caption":"Hemp King"},"image":{"@id":"https:\/\/dev.hempking.eu\/pl\/#\/schema\/logo\/image\/"},"sameAs":["https:\/\/www.facebook.com\/hempkingpoland","https:\/\/x.com\/hempkingeu","https:\/\/www.instagram.com\/hempkingeu\/","https:\/\/www.linkedin.com\/company\/hempking-eu\/mycompany\/","https:\/\/pl.pinterest.com\/hempkingeu\/","https:\/\/www.youtube.com\/channel\/UCUkeZA1fj4hSZfoYm0WpZ7w"]}]},"product_price_amount":"37.90","product_price_currency":"PLN","og_availability":"out of stock","product_availability":"out of stock","product_condition":"new"},"_links":{"self":[{"href":"https:\/\/dev.hempking.eu\/pl\/wp-json\/wp\/v2\/product\/68366","targetHints":{"allow":["GET"]}}],"collection":[{"href":"https:\/\/dev.hempking.eu\/pl\/wp-json\/wp\/v2\/product"}],"about":[{"href":"https:\/\/dev.hempking.eu\/pl\/wp-json\/wp\/v2\/types\/product"}],"wp:featuredmedia":[{"embeddable":true,"href":"https:\/\/dev.hempking.eu\/pl\/wp-json\/wp\/v2\/media\/87463"}],"wp:attachment":[{"href":"https:\/\/dev.hempking.eu\/pl\/wp-json\/wp\/v2\/media?parent=68366"}],"wp:term":[{"taxonomy":"product_cat","embeddable":true,"href":"https:\/\/dev.hempking.eu\/pl\/wp-json\/wp\/v2\/product_cat?post=68366"},{"taxonomy":"product_tag","embeddable":true,"href":"https:\/\/dev.hempking.eu\/pl\/wp-json\/wp\/v2\/product_tag?post=68366"}],"curies":[{"name":"wp","href":"https:\/\/api.w.org\/{rel}","templated":true}]}}