{"id":68376,"date":"2021-06-18T09:41:13","date_gmt":"2021-06-18T07:41:13","guid":{"rendered":"https:\/\/hempking.eu\/pl\/?post_type=product&#038;p=68376"},"modified":"2023-04-24T07:46:41","modified_gmt":"2023-04-24T05:46:41","slug":"bio-bialko-konopne-active-250g","status":"publish","type":"product","link":"https:\/\/dev.hempking.eu\/pl\/bio-bialko-konopne-active-250g\/","title":{"rendered":"BIO bia\u0142ko konopne Active - 250 g"},"content":{"rendered":"<h2 style=\"text-align: justify;\">BIO bia\u0142ko konopne Active &#8211; pe\u0142nowarto\u015bciowe proteiny wspieraj\u0105ce wytrzyma\u0142o\u015b\u0107 i witalno\u015b\u0107<\/h2>\n<p style=\"text-align: justify;\">Bia\u0142ko konopne BIO Active sk\u0142ada si\u0119 w 50% z bia\u0142ka konopnego, za\u015b reszta sk\u0142adnik\u00f3w to<br \/>\nBIO kurkuma 5%, BIO imbir 5%, BIO ashwaghanda (Withania somnifera) 5%, baobab BIO\u00a0 5%, BIO banan 5%,\u00a0 broku\u0142 BIO 5%, BIO szpinak 5%, burak BIO\u00a0 5%, BIO jarmu\u017c 5% i BIO lucuma 5%.<\/p>\n<p style=\"text-align: justify;\">BIO bia\u0142ko konopne Active to co\u015b wi\u0119cej ni\u017c tylko ro\u015blinne bia\u0142ko w proszku, kt\u00f3re urozmaici Twoj\u0105 diet\u0119. To wysokiej jako\u015bci produkt organiczny, kt\u00f3ry dzi\u0119ki wyselekcjonowanym sk\u0142adnikom ma za zadanie dzia\u0142a\u0107 kompleksowo!<\/p>\n<p style=\"text-align: justify;\">Bogata formu\u0142a, w kt\u00f3r\u0105 wchodz\u0105 zar\u00f3wno adaptogeny, czyli Ashwagandha, jak i warzywa (broku\u0142, szpinak, burak, jarmu\u017c) oraz owoce (banan, baobab, lucuma), a tak\u017ce korzenne przyprawy (imbir i kurkuma) sprawia, \u017ce bia\u0142ko, poza w\u0142a\u015bciwo\u015bciami od\u017cywiaj\u0105cymi, wspiera te\u017c odporno\u015b\u0107, dodaje witaminy do diety, wspiera witalno\u015b\u0107 i wytrzyma\u0142o\u015b\u0107 organizmu.<\/p>\n<p style=\"text-align: justify;\">Do tego w \u015brodku s\u0142oika znajdziesz biodegradowaln\u0105 miark\u0119, za pomoc\u0105 kt\u00f3rej odmierzysz idealne porcje produktu.<\/p>\n<p style=\"text-align: justify;\"><span style=\"text-decoration: underline;\">BIO bia\u0142ko konopne Active to:<\/span><\/p>\n<ul style=\"text-align: justify;\">\n<li>ciekawy spos\u00f3b na rozszerzenie Twojej diety,<\/li>\n<li>miks warzyw, owoc\u00f3w i korzennych przypraw,<\/li>\n<li>100% ekologicznych sk\u0142adnik\u00f3w,<\/li>\n<li>zawarto\u015b\u0107 kwas\u00f3w omega,<\/li>\n<li>pe\u0142nowarto\u015bciowe aminokwasy egzogenne,<\/li>\n<li>zawiera b\u0142onnik dla lepszego trawienia,<\/li>\n<li>ashwagandha dla wsparcia aktywno\u015bci.<\/li>\n<\/ul>\n<h2 style=\"text-align: justify;\">Kto mo\u017ce u\u017cywa\u0107 BIO bia\u0142ko konopne Active?<\/h2>\n<p style=\"text-align: justify;\">BIO bia\u0142ko konopne Active to produkt dla wszystkich tych, kt\u00f3rzy:<\/p>\n<ul style=\"text-align: justify;\">\n<li>uprawiaj\u0105 sport i intensywnie \u0107wicz\u0105,<\/li>\n<li>prowadz\u0105 aktywny tryb \u017cycia,<\/li>\n<li>wykonuj\u0105 prac\u0119 fizyczn\u0105 i potrzebuj\u0105 wsparcia witalno\u015bci umys\u0142u,<\/li>\n<li>chc\u0105 zwi\u0119kszy\u0107 tkank\u0119 mi\u0119\u015bniow\u0105 lub spali\u0107 zb\u0119dne kilogramy,<\/li>\n<li>pr\u00f3buj\u0105 zdrowo si\u0119 od\u017cywia\u0107,<\/li>\n<li>od\u017cywiaj\u0105 si\u0119 diet\u0105 ubog\u0105 w bia\u0142ko lub ro\u015blinn\u0105,<\/li>\n<li>dbaj\u0105 o to, by spo\u017cywa\u0107 produkty ekologiczne i z czystymi sk\u0142adnikami,<\/li>\n<li>potrzebuj\u0105 wsparcia witalno\u015bci i wytrzyma\u0142o\u015bci.<\/li>\n<\/ul>\n<p style=\"text-align: justify;\">\n","protected":false},"excerpt":{"rendered":"<h2><strong>BIO bia\u0142ko konopne Active:<\/strong><\/h2>\n<ul>\n<li>BIO bia\u0142ko konopne z ashwagandh\u0105, warzywami, owocami i przyprawami<\/li>\n<li>eko certyfikat EU Organic<\/li>\n<li>pomaga utrzyma\u0107 witalno\u015b\u0107 i wytrzyma\u0142o\u015b\u0107<\/li>\n<li>wspiera odporno\u015b\u0107<\/li>\n<li>produkt w 100% ro\u015blinny, odpowiedni dla wegan i wegetarian<\/li>\n<li>100% czyste sk\u0142adniki<\/li>\n<li>zawiera miark\u0119 z biodegradowalnych materia\u0142\u00f3w<\/li>\n<\/ul>\n<p><strong>Waga: 250g<\/strong><\/p>\n","protected":false},"featured_media":87460,"template":"","meta":{"_acf_changed":false},"product_cat":[23,27,117,36],"product_tag":[],"class_list":{"0":"post-68376","1":"product","2":"type-product","3":"status-publish","4":"has-post-thumbnail","6":"product_cat-zywnosc-konopna","7":"product_cat-bialko-konopne","8":"product_cat-bialko-roslinne","9":"product_cat-bestsellery","11":"first","12":"outofstock","13":"shipping-taxable","14":"purchasable","15":"product-type-simple"},"acf":[],"yoast_head":"<!-- This site is optimized with the Yoast SEO Premium plugin v23.4 (Yoast SEO v24.0) - https:\/\/yoast.com\/wordpress\/plugins\/seo\/ -->\n<title>Bio bia\u0142ko konopne Active \u2013 250g HempKing<\/title>\n<meta name=\"description\" content=\"Bio bia\u0142ko konopne Active to pe\u0142nowarto\u015bciowe proteiny wspieraj\u0105ce wytrzyma\u0142o\u015b\u0107 i witalno\u015b\u0107. Wypr\u00f3buj zupe\u0142nie nowy smak bia\u0142ka konopnego!\" \/>\n<link rel=\"canonical\" href=\"https:\/\/dev.hempking.eu\/pl\/bio-bialko-konopne-active-250g\/\" \/>\n<meta property=\"og:locale\" content=\"pl_PL\" \/>\n<meta property=\"og:type\" content=\"article\" \/>\n<meta property=\"og:title\" content=\"BIO bia\u0142ko konopne Active - 250 g\" \/>\n<meta property=\"og:description\" content=\"Bio bia\u0142ko konopne Active to pe\u0142nowarto\u015bciowe proteiny wspieraj\u0105ce wytrzyma\u0142o\u015b\u0107 i witalno\u015b\u0107. Wypr\u00f3buj zupe\u0142nie nowy smak bia\u0142ka konopnego!\" \/>\n<meta property=\"og:url\" content=\"https:\/\/dev.hempking.eu\/pl\/bio-bialko-konopne-active-250g\/\" \/>\n<meta property=\"og:site_name\" content=\"Hemp King\" \/>\n<meta property=\"article:publisher\" content=\"https:\/\/www.facebook.com\/hempkingpoland\" \/>\n<meta property=\"article:modified_time\" content=\"2023-04-24T05:46:41+00:00\" \/>\n<meta property=\"og:image\" content=\"https:\/\/dev.hempking.eu\/pl\/wp-content\/uploads\/sites\/2\/2022\/01\/bialko_active.jpg\" \/>\n\t<meta property=\"og:image:width\" content=\"1000\" \/>\n\t<meta property=\"og:image:height\" content=\"1000\" \/>\n\t<meta property=\"og:image:type\" content=\"image\/jpeg\" \/>\n<meta name=\"twitter:card\" content=\"summary_large_image\" \/>\n<meta name=\"twitter:site\" content=\"@hempkingeu\" \/>\n<meta name=\"twitter:label1\" content=\"Price\" \/>\n\t<meta name=\"twitter:data1\" content=\"47.90&nbsp;&#122;&#322;\" \/>\n\t<meta name=\"twitter:label2\" content=\"Availability\" \/>\n\t<meta name=\"twitter:data2\" content=\"Out of stock\" \/>\n<script type=\"application\/ld+json\" class=\"yoast-schema-graph\">{\"@context\":\"https:\/\/schema.org\",\"@graph\":[{\"@type\":\"WebPage\",\"@id\":\"https:\/\/dev.hempking.eu\/pl\/bio-bialko-konopne-active-250g\/\",\"url\":\"https:\/\/dev.hempking.eu\/pl\/bio-bialko-konopne-active-250g\/\",\"name\":\"Bio bia\u0142ko konopne Active \u2013 250g HempKing\",\"isPartOf\":{\"@id\":\"https:\/\/dev.hempking.eu\/pl\/#website\"},\"primaryImageOfPage\":{\"@id\":\"https:\/\/dev.hempking.eu\/pl\/bio-bialko-konopne-active-250g\/#primaryimage\"},\"image\":{\"@id\":\"https:\/\/dev.hempking.eu\/pl\/bio-bialko-konopne-active-250g\/#primaryimage\"},\"thumbnailUrl\":\"https:\/\/dev.hempking.eu\/pl\/wp-content\/uploads\/sites\/2\/2022\/01\/bialko_active.jpg\",\"datePublished\":\"2021-06-18T07:41:13+00:00\",\"dateModified\":\"2023-04-24T05:46:41+00:00\",\"description\":\"Bio bia\u0142ko konopne Active to pe\u0142nowarto\u015bciowe proteiny wspieraj\u0105ce wytrzyma\u0142o\u015b\u0107 i witalno\u015b\u0107. Wypr\u00f3buj zupe\u0142nie nowy smak bia\u0142ka konopnego!\",\"breadcrumb\":{\"@id\":\"https:\/\/dev.hempking.eu\/pl\/bio-bialko-konopne-active-250g\/#breadcrumb\"},\"inLanguage\":\"pl-PL\",\"potentialAction\":[{\"@type\":\"ReadAction\",\"target\":[\"https:\/\/dev.hempking.eu\/pl\/bio-bialko-konopne-active-250g\/\"]}]},{\"@type\":\"ImageObject\",\"inLanguage\":\"pl-PL\",\"@id\":\"https:\/\/dev.hempking.eu\/pl\/bio-bialko-konopne-active-250g\/#primaryimage\",\"url\":\"https:\/\/dev.hempking.eu\/pl\/wp-content\/uploads\/sites\/2\/2022\/01\/bialko_active.jpg\",\"contentUrl\":\"https:\/\/dev.hempking.eu\/pl\/wp-content\/uploads\/sites\/2\/2022\/01\/bialko_active.jpg\",\"width\":1000,\"height\":1000,\"caption\":\"Bia\u0142ko konopne Active 250g HempKing\"},{\"@type\":\"BreadcrumbList\",\"@id\":\"https:\/\/dev.hempking.eu\/pl\/bio-bialko-konopne-active-250g\/#breadcrumb\",\"itemListElement\":[{\"@type\":\"ListItem\",\"position\":1,\"name\":\"Home\",\"item\":\"https:\/\/dev.hempking.eu\/pl\/\"},{\"@type\":\"ListItem\",\"position\":2,\"name\":\"Sklep\",\"item\":\"https:\/\/dev.hempking.eu\/pl\/shop\/\"},{\"@type\":\"ListItem\",\"position\":3,\"name\":\"\u017bywno\u015b\u0107 konopna\",\"item\":\"https:\/\/dev.hempking.eu\/pl\/zywnosc-konopna\/\"},{\"@type\":\"ListItem\",\"position\":4,\"name\":\"Bia\u0142ko konopne\",\"item\":\"https:\/\/dev.hempking.eu\/pl\/bialko-konopne\/\"},{\"@type\":\"ListItem\",\"position\":5,\"name\":\"BIO bia\u0142ko konopne Active - 250 g\"}]},{\"@type\":\"WebSite\",\"@id\":\"https:\/\/dev.hempking.eu\/pl\/#website\",\"url\":\"https:\/\/dev.hempking.eu\/pl\/\",\"name\":\"Hemp King\",\"description\":\"\",\"publisher\":{\"@id\":\"https:\/\/dev.hempking.eu\/pl\/#organization\"},\"potentialAction\":[{\"@type\":\"SearchAction\",\"target\":{\"@type\":\"EntryPoint\",\"urlTemplate\":\"https:\/\/dev.hempking.eu\/pl\/?s={search_term_string}\"},\"query-input\":{\"@type\":\"PropertyValueSpecification\",\"valueRequired\":true,\"valueName\":\"search_term_string\"}}],\"inLanguage\":\"pl-PL\"},{\"@type\":\"Organization\",\"@id\":\"https:\/\/dev.hempking.eu\/pl\/#organization\",\"name\":\"Hemp King\",\"url\":\"https:\/\/dev.hempking.eu\/pl\/\",\"logo\":{\"@type\":\"ImageObject\",\"inLanguage\":\"pl-PL\",\"@id\":\"https:\/\/dev.hempking.eu\/pl\/#\/schema\/logo\/image\/\",\"url\":\"https:\/\/dev.hempking.eu\/pl\/wp-content\/uploads\/sites\/2\/2020\/05\/hempking.png\",\"contentUrl\":\"https:\/\/dev.hempking.eu\/pl\/wp-content\/uploads\/sites\/2\/2020\/05\/hempking.png\",\"width\":148,\"height\":91,\"caption\":\"Hemp King\"},\"image\":{\"@id\":\"https:\/\/dev.hempking.eu\/pl\/#\/schema\/logo\/image\/\"},\"sameAs\":[\"https:\/\/www.facebook.com\/hempkingpoland\",\"https:\/\/x.com\/hempkingeu\",\"https:\/\/www.instagram.com\/hempkingeu\/\",\"https:\/\/www.linkedin.com\/company\/hempking-eu\/mycompany\/\",\"https:\/\/pl.pinterest.com\/hempkingeu\/\",\"https:\/\/www.youtube.com\/channel\/UCUkeZA1fj4hSZfoYm0WpZ7w\"]}]}<\/script>\n<meta property=\"product:price:amount\" content=\"47.90\" \/>\n<meta property=\"product:price:currency\" content=\"PLN\" \/>\n<meta property=\"og:availability\" content=\"out of stock\" \/>\n<meta property=\"product:availability\" content=\"out of stock\" \/>\n<meta property=\"product:condition\" content=\"new\" \/>\n<!-- \/ Yoast SEO Premium plugin. -->","yoast_head_json":{"title":"Bio bia\u0142ko konopne Active \u2013 250g HempKing","description":"Bio bia\u0142ko konopne Active to pe\u0142nowarto\u015bciowe proteiny wspieraj\u0105ce wytrzyma\u0142o\u015b\u0107 i witalno\u015b\u0107. Wypr\u00f3buj zupe\u0142nie nowy smak bia\u0142ka konopnego!","canonical":"https:\/\/dev.hempking.eu\/pl\/bio-bialko-konopne-active-250g\/","og_locale":"pl_PL","og_type":"article","og_title":"BIO bia\u0142ko konopne Active - 250 g","og_description":"Bio bia\u0142ko konopne Active to pe\u0142nowarto\u015bciowe proteiny wspieraj\u0105ce wytrzyma\u0142o\u015b\u0107 i witalno\u015b\u0107. Wypr\u00f3buj zupe\u0142nie nowy smak bia\u0142ka konopnego!","og_url":"https:\/\/dev.hempking.eu\/pl\/bio-bialko-konopne-active-250g\/","og_site_name":"Hemp King","article_publisher":"https:\/\/www.facebook.com\/hempkingpoland","article_modified_time":"2023-04-24T05:46:41+00:00","og_image":[{"width":1000,"height":1000,"url":"https:\/\/dev.hempking.eu\/pl\/wp-content\/uploads\/sites\/2\/2022\/01\/bialko_active.jpg","type":"image\/jpeg"}],"twitter_card":"summary_large_image","twitter_site":"@hempkingeu","twitter_misc":{"Price":"47.90&nbsp;&#122;&#322;","Availability":"Out of stock"},"schema":{"@context":"https:\/\/schema.org","@graph":[{"@type":"WebPage","@id":"https:\/\/dev.hempking.eu\/pl\/bio-bialko-konopne-active-250g\/","url":"https:\/\/dev.hempking.eu\/pl\/bio-bialko-konopne-active-250g\/","name":"Bio bia\u0142ko konopne Active \u2013 250g HempKing","isPartOf":{"@id":"https:\/\/dev.hempking.eu\/pl\/#website"},"primaryImageOfPage":{"@id":"https:\/\/dev.hempking.eu\/pl\/bio-bialko-konopne-active-250g\/#primaryimage"},"image":{"@id":"https:\/\/dev.hempking.eu\/pl\/bio-bialko-konopne-active-250g\/#primaryimage"},"thumbnailUrl":"https:\/\/dev.hempking.eu\/pl\/wp-content\/uploads\/sites\/2\/2022\/01\/bialko_active.jpg","datePublished":"2021-06-18T07:41:13+00:00","dateModified":"2023-04-24T05:46:41+00:00","description":"Bio bia\u0142ko konopne Active to pe\u0142nowarto\u015bciowe proteiny wspieraj\u0105ce wytrzyma\u0142o\u015b\u0107 i witalno\u015b\u0107. Wypr\u00f3buj zupe\u0142nie nowy smak bia\u0142ka konopnego!","breadcrumb":{"@id":"https:\/\/dev.hempking.eu\/pl\/bio-bialko-konopne-active-250g\/#breadcrumb"},"inLanguage":"pl-PL","potentialAction":[{"@type":"ReadAction","target":["https:\/\/dev.hempking.eu\/pl\/bio-bialko-konopne-active-250g\/"]}]},{"@type":"ImageObject","inLanguage":"pl-PL","@id":"https:\/\/dev.hempking.eu\/pl\/bio-bialko-konopne-active-250g\/#primaryimage","url":"https:\/\/dev.hempking.eu\/pl\/wp-content\/uploads\/sites\/2\/2022\/01\/bialko_active.jpg","contentUrl":"https:\/\/dev.hempking.eu\/pl\/wp-content\/uploads\/sites\/2\/2022\/01\/bialko_active.jpg","width":1000,"height":1000,"caption":"Bia\u0142ko konopne Active 250g HempKing"},{"@type":"BreadcrumbList","@id":"https:\/\/dev.hempking.eu\/pl\/bio-bialko-konopne-active-250g\/#breadcrumb","itemListElement":[{"@type":"ListItem","position":1,"name":"Home","item":"https:\/\/dev.hempking.eu\/pl\/"},{"@type":"ListItem","position":2,"name":"Sklep","item":"https:\/\/dev.hempking.eu\/pl\/shop\/"},{"@type":"ListItem","position":3,"name":"\u017bywno\u015b\u0107 konopna","item":"https:\/\/dev.hempking.eu\/pl\/zywnosc-konopna\/"},{"@type":"ListItem","position":4,"name":"Bia\u0142ko konopne","item":"https:\/\/dev.hempking.eu\/pl\/bialko-konopne\/"},{"@type":"ListItem","position":5,"name":"BIO bia\u0142ko konopne Active - 250 g"}]},{"@type":"WebSite","@id":"https:\/\/dev.hempking.eu\/pl\/#website","url":"https:\/\/dev.hempking.eu\/pl\/","name":"Hemp King","description":"","publisher":{"@id":"https:\/\/dev.hempking.eu\/pl\/#organization"},"potentialAction":[{"@type":"SearchAction","target":{"@type":"EntryPoint","urlTemplate":"https:\/\/dev.hempking.eu\/pl\/?s={search_term_string}"},"query-input":{"@type":"PropertyValueSpecification","valueRequired":true,"valueName":"search_term_string"}}],"inLanguage":"pl-PL"},{"@type":"Organization","@id":"https:\/\/dev.hempking.eu\/pl\/#organization","name":"Hemp King","url":"https:\/\/dev.hempking.eu\/pl\/","logo":{"@type":"ImageObject","inLanguage":"pl-PL","@id":"https:\/\/dev.hempking.eu\/pl\/#\/schema\/logo\/image\/","url":"https:\/\/dev.hempking.eu\/pl\/wp-content\/uploads\/sites\/2\/2020\/05\/hempking.png","contentUrl":"https:\/\/dev.hempking.eu\/pl\/wp-content\/uploads\/sites\/2\/2020\/05\/hempking.png","width":148,"height":91,"caption":"Hemp King"},"image":{"@id":"https:\/\/dev.hempking.eu\/pl\/#\/schema\/logo\/image\/"},"sameAs":["https:\/\/www.facebook.com\/hempkingpoland","https:\/\/x.com\/hempkingeu","https:\/\/www.instagram.com\/hempkingeu\/","https:\/\/www.linkedin.com\/company\/hempking-eu\/mycompany\/","https:\/\/pl.pinterest.com\/hempkingeu\/","https:\/\/www.youtube.com\/channel\/UCUkeZA1fj4hSZfoYm0WpZ7w"]}]},"product_price_amount":"47.90","product_price_currency":"PLN","og_availability":"out of stock","product_availability":"out of stock","product_condition":"new"},"_links":{"self":[{"href":"https:\/\/dev.hempking.eu\/pl\/wp-json\/wp\/v2\/product\/68376","targetHints":{"allow":["GET"]}}],"collection":[{"href":"https:\/\/dev.hempking.eu\/pl\/wp-json\/wp\/v2\/product"}],"about":[{"href":"https:\/\/dev.hempking.eu\/pl\/wp-json\/wp\/v2\/types\/product"}],"wp:featuredmedia":[{"embeddable":true,"href":"https:\/\/dev.hempking.eu\/pl\/wp-json\/wp\/v2\/media\/87460"}],"wp:attachment":[{"href":"https:\/\/dev.hempking.eu\/pl\/wp-json\/wp\/v2\/media?parent=68376"}],"wp:term":[{"taxonomy":"product_cat","embeddable":true,"href":"https:\/\/dev.hempking.eu\/pl\/wp-json\/wp\/v2\/product_cat?post=68376"},{"taxonomy":"product_tag","embeddable":true,"href":"https:\/\/dev.hempking.eu\/pl\/wp-json\/wp\/v2\/product_tag?post=68376"}],"curies":[{"name":"wp","href":"https:\/\/api.w.org\/{rel}","templated":true}]}}