{"id":684,"date":"2020-07-14T10:12:16","date_gmt":"2020-07-14T08:12:16","guid":{"rendered":"https:\/\/hempking.eu\/pl\/?post_type=product&#038;p=684"},"modified":"2023-04-21T11:25:56","modified_gmt":"2023-04-21T09:25:56","slug":"zestaw-startowy-z-kapsulkami-cbd","status":"publish","type":"product","link":"https:\/\/dev.hempking.eu\/pl\/zestaw-startowy-z-kapsulkami-cbd\/","title":{"rendered":"Zestaw startowy z kapsu\u0142kami CBD, CBDA, CBC, CBGA, CBG, CBDV, CBN"},"content":{"rendered":"<h2><strong>ZESTAW STARTOWY z kapsu\u0142kami\u00a0<\/strong><\/h2>\n<p>Zestaw powsta\u0142 jako drugi zestaw startowy w naszej ofercie. Zamiast bestsellerowego olejku Natural 5%, zawiera kapsu\u0142ki konopne. Je\u015bli chcesz spr\u00f3bowa\u0107 konopi i naturalnych fitosk\u0142adnik\u00f3w CBD, CBDA, CBC, CBGA, CBG, CBDV, CBN w swojej diecie, jednak nie wiesz od czego zacz\u0105\u0107 i boisz si\u0119 smaku olejk\u00f3w konopnych &#8211; ten zestaw jest w\u0142a\u015bnie dla Ciebie! Sprawd\u017a te\u017c &#8211; <a href=\"https:\/\/dev.hempking.eu\/wp-content\/certificates\/Kapsulki-CBD-LAB.pdf\">badania na zawarto\u015b\u0107 naturalnych fitosk\u0142adnik\u00f3w w kapsu\u0142kach HempKing<\/a>.<br \/>\nDzi\u0119ki zestawowi masz szans\u0119 spr\u00f3bowa\u0107 kilku r\u00f3\u017cnych produkt\u00f3w i zdecydowa\u0107, kt\u00f3re s\u0105 w\u0142a\u015bnie dla Ciebie, w ni\u017cszej cenie!<br \/>\n<strong>Oszcz\u0119dzasz, kupuj\u0105c w zestawie!<\/strong><\/p>\n<p>&nbsp;<\/p>\n<h2><strong>Zestaw Startowy z kapsu\u0142kami &#8211; wypr\u00f3buj go!<\/strong><\/h2>\n<p><strong>ZESTAW STARTOWY<\/strong> to opcja dla ka\u017cdego, kto chce rozpocz\u0105\u0107 wprowadzanie konopi do swojej diety i nie wie jeszcze, jakie produkty konopne b\u0119d\u0105 odpowiednie. Wybieraj\u0105c Zestaw startowy z kapsu\u0142kami masz szans\u0119 przetestowa\u0107 kilka produkt\u00f3w, w pe\u0142nym wymiarze.<\/p>\n<p>&nbsp;<\/p>\n<h2><strong>Kapsu\u0142ki konopne<\/strong><\/h2>\n<ul>\n<li>mi\u0119kka kapsu\u0142ka z olejem konopnym w \u017celatynowej otoczce<\/li>\n<li>zawiera full spectrum naturalnych fitosk\u0142adnik\u00f3w CBD, CBDA, CBC, CBGA, CBG, CBDV, CBN,<\/li>\n<li>znajdziesz w nich naturalnie wyst\u0119puj\u0105ce w konopiach terpeny, flawonoidy, fenole<\/li>\n<li>a tak\u017ce nienasycone kwasy: omega-3, omega-6 oraz omega-9<\/li>\n<li>1 kapsu\u0142ka \u2013 odpowiednik 2 kropli olejku 10%<\/li>\n<li>produkt przeszed\u0142 kontrol\u0119 jako\u015bci<\/li>\n<li>nie zawieraj\u0105 syntetycznego czy krystalicznego fitosk\u0142adnika<\/li>\n<li>100% naturalne<\/li>\n<li>50 sztuk<\/li>\n<\/ul>\n<h2><strong>Ziarna konopi 250g<\/strong><\/h2>\n<ul>\n<li>Nie\u0142uskane nasiona konopi wysokiej jako\u015bci<\/li>\n<li>Zawieraj\u0105 witaminy A, B1, B2, B3, B6, C i E<\/li>\n<li>W sk\u0142adzie znajdziesz minera\u0142y: fosfor, magnez, cynk czy \u017celazo<\/li>\n<li>100% naturalne, ze sprawdzonych upraw<\/li>\n<li>Idealny dodatek w ka\u017cdej \u015bwiadomej kuchni<\/li>\n<li>Waga: 250g<\/li>\n<\/ul>\n<h2><strong>Herbatka konopna w piramidkach<\/strong><\/h2>\n<ul>\n<li>20 piramidek po 2g suszu konopnego<\/li>\n<li>Susz r\u0119cznie zbierany i suszony<\/li>\n<li>Pochodzi tylko ze sprawdzonych upraw konopi w Polsce<\/li>\n<li>100% naturalny produkt, bez pestycyd\u00f3w czy herbicyt\u00f3w<\/li>\n<li>Badana pod wzgl\u0119dem jako\u015bci i zawarto\u015bci metali ci\u0119\u017ckich<\/li>\n<li>Waga: 40g<\/li>\n<\/ul>\n<p>&nbsp;<\/p>\n<p><strong>Mamy te\u017c<a href=\"https:\/\/dev.hempking.eu\/pl\/zestaw-startowy-z-olejem-cbd\/\"> zestaw startowy z olejkiem<\/a>!<\/strong><\/p>\n<p><a href=\"https:\/\/dev.hempking.eu\/pl\/wp-content\/uploads\/sites\/2\/2020\/07\/warunki4-1.jpg\"><img loading=\"lazy\" decoding=\"async\" class=\"alignnone wp-image-104414 size-full\" src=\"https:\/\/dev.hempking.eu\/pl\/wp-content\/uploads\/sites\/2\/2020\/07\/warunki4-1.jpg\" alt=\"o\u015bwiadczenia CBD w UE\" width=\"755\" height=\"353\" srcset=\"https:\/\/dev.hempking.eu\/pl\/wp-content\/uploads\/sites\/2\/2020\/07\/warunki4-1.jpg 755w, https:\/\/dev.hempking.eu\/pl\/wp-content\/uploads\/sites\/2\/2020\/07\/warunki4-1-640x299.jpg 640w, https:\/\/dev.hempking.eu\/pl\/wp-content\/uploads\/sites\/2\/2020\/07\/warunki4-1-400x187.jpg 400w\" sizes=\"auto, (max-width: 755px) 100vw, 755px\" \/><\/a><\/p>\n<p><a href=\"https:\/\/dev.hempking.eu\/pl\/wp-content\/uploads\/sites\/2\/2020\/07\/warunki_4.jpg\"><img loading=\"lazy\" decoding=\"async\" class=\"alignnone size-full wp-image-100623\" src=\"https:\/\/dev.hempking.eu\/pl\/wp-content\/uploads\/sites\/2\/2020\/07\/warunki_4.jpg\" alt=\"fito sk\u0142adniki novel food\" width=\"755\" height=\"237\" srcset=\"https:\/\/dev.hempking.eu\/pl\/wp-content\/uploads\/sites\/2\/2020\/07\/warunki_4.jpg 755w, https:\/\/dev.hempking.eu\/pl\/wp-content\/uploads\/sites\/2\/2020\/07\/warunki_4-640x201.jpg 640w, https:\/\/dev.hempking.eu\/pl\/wp-content\/uploads\/sites\/2\/2020\/07\/warunki_4-400x126.jpg 400w\" sizes=\"auto, (max-width: 755px) 100vw, 755px\" \/><\/a><\/p>\n","protected":false},"excerpt":{"rendered":"<h2><strong>Zestaw Startowy zawiera:<\/strong><\/h2>\n<ul>\n<li>Kapsu\u0142ki zawieraj\u0105ce naturalne fitosk\u0142adniki CBD, CBDA, CBC, CBGA, CBG, CBDV, CBN (<a href=\"https:\/\/dev.hempking.eu\/wp-content\/certificates\/Kapsulki-CBD-LAB.pdf\">Badania<\/a>)<\/li>\n<li>Nasiona konopi 250g<\/li>\n<li>Herbatka konopna w piramidkach<\/li>\n<\/ul>\n","protected":false},"featured_media":44194,"template":"","meta":{"_acf_changed":false},"product_cat":[19,25,33],"product_tag":[],"class_list":{"0":"post-684","1":"product","2":"type-product","3":"status-publish","4":"has-post-thumbnail","6":"product_cat-kapsulki-cbd","7":"product_cat-nasiona-konopi","8":"product_cat-zestawy","10":"first","11":"outofstock","12":"sale","13":"shipping-taxable","14":"purchasable","15":"product-type-simple"},"acf":[],"yoast_head":"<!-- This site is optimized with the Yoast SEO Premium plugin v23.4 (Yoast SEO v24.0) - https:\/\/yoast.com\/wordpress\/plugins\/seo\/ -->\n<title>Zestaw startowy z kapsu\u0142kami CBD, CBDA, CBC, CBGA, CBG, CBDV, CBN - Hemp King<\/title>\n<meta name=\"description\" content=\"Zobacz \u261b Zestaw startowy z kapsu\u0142kami CBD, CBDA, CBC, CBGA, CBG, CBDV, CBN w konopnym sklepie HempKing 100% naturalne. Zadbaj z nami o swoj\u0105 diet\u0119!\" \/>\n<link rel=\"canonical\" href=\"https:\/\/dev.hempking.eu\/pl\/zestaw-startowy-z-kapsulkami-cbd\/\" \/>\n<meta property=\"og:locale\" content=\"pl_PL\" \/>\n<meta property=\"og:type\" content=\"article\" \/>\n<meta property=\"og:title\" content=\"Zestaw startowy z kapsu\u0142kami CBD, CBDA, CBC, CBGA, CBG, CBDV, CBN\" \/>\n<meta property=\"og:description\" content=\"Zobacz \u261b Zestaw startowy z kapsu\u0142kami CBD, CBDA, CBC, CBGA, CBG, CBDV, CBN w konopnym sklepie HempKing 100% naturalne. Zadbaj z nami o swoj\u0105 diet\u0119!\" \/>\n<meta property=\"og:url\" content=\"https:\/\/dev.hempking.eu\/pl\/zestaw-startowy-z-kapsulkami-cbd\/\" \/>\n<meta property=\"og:site_name\" content=\"Hemp King\" \/>\n<meta property=\"article:publisher\" content=\"https:\/\/www.facebook.com\/hempkingpoland\" \/>\n<meta property=\"article:modified_time\" content=\"2023-04-21T09:25:56+00:00\" \/>\n<meta property=\"og:image\" content=\"https:\/\/dev.hempking.eu\/pl\/wp-content\/uploads\/sites\/2\/2020\/07\/piramidki_kapsulki_ziarna.jpg\" \/>\n\t<meta property=\"og:image:width\" content=\"1000\" \/>\n\t<meta property=\"og:image:height\" content=\"1000\" \/>\n\t<meta property=\"og:image:type\" content=\"image\/jpeg\" \/>\n<meta name=\"twitter:card\" content=\"summary_large_image\" \/>\n<meta name=\"twitter:site\" content=\"@hempkingeu\" \/>\n<meta name=\"twitter:label1\" content=\"Price\" \/>\n\t<meta name=\"twitter:data1\" content=\"141.90&nbsp;&#122;&#322;\" \/>\n\t<meta name=\"twitter:label2\" content=\"Availability\" \/>\n\t<meta name=\"twitter:data2\" content=\"Out of stock\" \/>\n<script type=\"application\/ld+json\" class=\"yoast-schema-graph\">{\"@context\":\"https:\/\/schema.org\",\"@graph\":[{\"@type\":\"WebPage\",\"@id\":\"https:\/\/dev.hempking.eu\/pl\/zestaw-startowy-z-kapsulkami-cbd\/\",\"url\":\"https:\/\/dev.hempking.eu\/pl\/zestaw-startowy-z-kapsulkami-cbd\/\",\"name\":\"Zestaw startowy z kapsu\u0142kami CBD, CBDA, CBC, CBGA, CBG, CBDV, CBN - Hemp King\",\"isPartOf\":{\"@id\":\"https:\/\/dev.hempking.eu\/pl\/#website\"},\"primaryImageOfPage\":{\"@id\":\"https:\/\/dev.hempking.eu\/pl\/zestaw-startowy-z-kapsulkami-cbd\/#primaryimage\"},\"image\":{\"@id\":\"https:\/\/dev.hempking.eu\/pl\/zestaw-startowy-z-kapsulkami-cbd\/#primaryimage\"},\"thumbnailUrl\":\"https:\/\/dev.hempking.eu\/pl\/wp-content\/uploads\/sites\/2\/2020\/07\/piramidki_kapsulki_ziarna.jpg\",\"datePublished\":\"2020-07-14T08:12:16+00:00\",\"dateModified\":\"2023-04-21T09:25:56+00:00\",\"description\":\"Zobacz \u261b Zestaw startowy z kapsu\u0142kami CBD, CBDA, CBC, CBGA, CBG, CBDV, CBN w konopnym sklepie HempKing 100% naturalne. Zadbaj z nami o swoj\u0105 diet\u0119!\",\"breadcrumb\":{\"@id\":\"https:\/\/dev.hempking.eu\/pl\/zestaw-startowy-z-kapsulkami-cbd\/#breadcrumb\"},\"inLanguage\":\"pl-PL\",\"potentialAction\":[{\"@type\":\"ReadAction\",\"target\":[\"https:\/\/dev.hempking.eu\/pl\/zestaw-startowy-z-kapsulkami-cbd\/\"]}]},{\"@type\":\"ImageObject\",\"inLanguage\":\"pl-PL\",\"@id\":\"https:\/\/dev.hempking.eu\/pl\/zestaw-startowy-z-kapsulkami-cbd\/#primaryimage\",\"url\":\"https:\/\/dev.hempking.eu\/pl\/wp-content\/uploads\/sites\/2\/2020\/07\/piramidki_kapsulki_ziarna.jpg\",\"contentUrl\":\"https:\/\/dev.hempking.eu\/pl\/wp-content\/uploads\/sites\/2\/2020\/07\/piramidki_kapsulki_ziarna.jpg\",\"width\":1000,\"height\":1000,\"caption\":\"zestaw startowy z kapsu\u0142kami\"},{\"@type\":\"BreadcrumbList\",\"@id\":\"https:\/\/dev.hempking.eu\/pl\/zestaw-startowy-z-kapsulkami-cbd\/#breadcrumb\",\"itemListElement\":[{\"@type\":\"ListItem\",\"position\":1,\"name\":\"Home\",\"item\":\"https:\/\/dev.hempking.eu\/pl\/\"},{\"@type\":\"ListItem\",\"position\":2,\"name\":\"Sklep\",\"item\":\"https:\/\/dev.hempking.eu\/pl\/shop\/\"},{\"@type\":\"ListItem\",\"position\":3,\"name\":\"\u017bywno\u015b\u0107 konopna\",\"item\":\"https:\/\/dev.hempking.eu\/pl\/zywnosc-konopna\/\"},{\"@type\":\"ListItem\",\"position\":4,\"name\":\"Nasiona konopi\",\"item\":\"https:\/\/dev.hempking.eu\/pl\/nasiona-konopi\/\"},{\"@type\":\"ListItem\",\"position\":5,\"name\":\"Zestaw startowy z kapsu\u0142kami CBD, CBDA, CBC, CBGA, CBG, CBDV, CBN\"}]},{\"@type\":\"WebSite\",\"@id\":\"https:\/\/dev.hempking.eu\/pl\/#website\",\"url\":\"https:\/\/dev.hempking.eu\/pl\/\",\"name\":\"Hemp King\",\"description\":\"\",\"publisher\":{\"@id\":\"https:\/\/dev.hempking.eu\/pl\/#organization\"},\"potentialAction\":[{\"@type\":\"SearchAction\",\"target\":{\"@type\":\"EntryPoint\",\"urlTemplate\":\"https:\/\/dev.hempking.eu\/pl\/?s={search_term_string}\"},\"query-input\":{\"@type\":\"PropertyValueSpecification\",\"valueRequired\":true,\"valueName\":\"search_term_string\"}}],\"inLanguage\":\"pl-PL\"},{\"@type\":\"Organization\",\"@id\":\"https:\/\/dev.hempking.eu\/pl\/#organization\",\"name\":\"Hemp King\",\"url\":\"https:\/\/dev.hempking.eu\/pl\/\",\"logo\":{\"@type\":\"ImageObject\",\"inLanguage\":\"pl-PL\",\"@id\":\"https:\/\/dev.hempking.eu\/pl\/#\/schema\/logo\/image\/\",\"url\":\"https:\/\/dev.hempking.eu\/pl\/wp-content\/uploads\/sites\/2\/2020\/05\/hempking.png\",\"contentUrl\":\"https:\/\/dev.hempking.eu\/pl\/wp-content\/uploads\/sites\/2\/2020\/05\/hempking.png\",\"width\":148,\"height\":91,\"caption\":\"Hemp King\"},\"image\":{\"@id\":\"https:\/\/dev.hempking.eu\/pl\/#\/schema\/logo\/image\/\"},\"sameAs\":[\"https:\/\/www.facebook.com\/hempkingpoland\",\"https:\/\/x.com\/hempkingeu\",\"https:\/\/www.instagram.com\/hempkingeu\/\",\"https:\/\/www.linkedin.com\/company\/hempking-eu\/mycompany\/\",\"https:\/\/pl.pinterest.com\/hempkingeu\/\",\"https:\/\/www.youtube.com\/channel\/UCUkeZA1fj4hSZfoYm0WpZ7w\"]}]}<\/script>\n<meta property=\"product:price:amount\" content=\"141.90\" \/>\n<meta property=\"product:price:currency\" content=\"PLN\" \/>\n<meta property=\"og:availability\" content=\"out of stock\" \/>\n<meta property=\"product:availability\" content=\"out of stock\" \/>\n<meta property=\"product:condition\" content=\"new\" \/>\n<!-- \/ Yoast SEO Premium plugin. -->","yoast_head_json":{"title":"Zestaw startowy z kapsu\u0142kami CBD, CBDA, CBC, CBGA, CBG, CBDV, CBN - Hemp King","description":"Zobacz \u261b Zestaw startowy z kapsu\u0142kami CBD, CBDA, CBC, CBGA, CBG, CBDV, CBN w konopnym sklepie HempKing 100% naturalne. Zadbaj z nami o swoj\u0105 diet\u0119!","canonical":"https:\/\/dev.hempking.eu\/pl\/zestaw-startowy-z-kapsulkami-cbd\/","og_locale":"pl_PL","og_type":"article","og_title":"Zestaw startowy z kapsu\u0142kami CBD, CBDA, CBC, CBGA, CBG, CBDV, CBN","og_description":"Zobacz \u261b Zestaw startowy z kapsu\u0142kami CBD, CBDA, CBC, CBGA, CBG, CBDV, CBN w konopnym sklepie HempKing 100% naturalne. Zadbaj z nami o swoj\u0105 diet\u0119!","og_url":"https:\/\/dev.hempking.eu\/pl\/zestaw-startowy-z-kapsulkami-cbd\/","og_site_name":"Hemp King","article_publisher":"https:\/\/www.facebook.com\/hempkingpoland","article_modified_time":"2023-04-21T09:25:56+00:00","og_image":[{"width":1000,"height":1000,"url":"https:\/\/dev.hempking.eu\/pl\/wp-content\/uploads\/sites\/2\/2020\/07\/piramidki_kapsulki_ziarna.jpg","type":"image\/jpeg"}],"twitter_card":"summary_large_image","twitter_site":"@hempkingeu","twitter_misc":{"Price":"141.90&nbsp;&#122;&#322;","Availability":"Out of stock"},"schema":{"@context":"https:\/\/schema.org","@graph":[{"@type":"WebPage","@id":"https:\/\/dev.hempking.eu\/pl\/zestaw-startowy-z-kapsulkami-cbd\/","url":"https:\/\/dev.hempking.eu\/pl\/zestaw-startowy-z-kapsulkami-cbd\/","name":"Zestaw startowy z kapsu\u0142kami CBD, CBDA, CBC, CBGA, CBG, CBDV, CBN - Hemp King","isPartOf":{"@id":"https:\/\/dev.hempking.eu\/pl\/#website"},"primaryImageOfPage":{"@id":"https:\/\/dev.hempking.eu\/pl\/zestaw-startowy-z-kapsulkami-cbd\/#primaryimage"},"image":{"@id":"https:\/\/dev.hempking.eu\/pl\/zestaw-startowy-z-kapsulkami-cbd\/#primaryimage"},"thumbnailUrl":"https:\/\/dev.hempking.eu\/pl\/wp-content\/uploads\/sites\/2\/2020\/07\/piramidki_kapsulki_ziarna.jpg","datePublished":"2020-07-14T08:12:16+00:00","dateModified":"2023-04-21T09:25:56+00:00","description":"Zobacz \u261b Zestaw startowy z kapsu\u0142kami CBD, CBDA, CBC, CBGA, CBG, CBDV, CBN w konopnym sklepie HempKing 100% naturalne. Zadbaj z nami o swoj\u0105 diet\u0119!","breadcrumb":{"@id":"https:\/\/dev.hempking.eu\/pl\/zestaw-startowy-z-kapsulkami-cbd\/#breadcrumb"},"inLanguage":"pl-PL","potentialAction":[{"@type":"ReadAction","target":["https:\/\/dev.hempking.eu\/pl\/zestaw-startowy-z-kapsulkami-cbd\/"]}]},{"@type":"ImageObject","inLanguage":"pl-PL","@id":"https:\/\/dev.hempking.eu\/pl\/zestaw-startowy-z-kapsulkami-cbd\/#primaryimage","url":"https:\/\/dev.hempking.eu\/pl\/wp-content\/uploads\/sites\/2\/2020\/07\/piramidki_kapsulki_ziarna.jpg","contentUrl":"https:\/\/dev.hempking.eu\/pl\/wp-content\/uploads\/sites\/2\/2020\/07\/piramidki_kapsulki_ziarna.jpg","width":1000,"height":1000,"caption":"zestaw startowy z kapsu\u0142kami"},{"@type":"BreadcrumbList","@id":"https:\/\/dev.hempking.eu\/pl\/zestaw-startowy-z-kapsulkami-cbd\/#breadcrumb","itemListElement":[{"@type":"ListItem","position":1,"name":"Home","item":"https:\/\/dev.hempking.eu\/pl\/"},{"@type":"ListItem","position":2,"name":"Sklep","item":"https:\/\/dev.hempking.eu\/pl\/shop\/"},{"@type":"ListItem","position":3,"name":"\u017bywno\u015b\u0107 konopna","item":"https:\/\/dev.hempking.eu\/pl\/zywnosc-konopna\/"},{"@type":"ListItem","position":4,"name":"Nasiona konopi","item":"https:\/\/dev.hempking.eu\/pl\/nasiona-konopi\/"},{"@type":"ListItem","position":5,"name":"Zestaw startowy z kapsu\u0142kami CBD, CBDA, CBC, CBGA, CBG, CBDV, CBN"}]},{"@type":"WebSite","@id":"https:\/\/dev.hempking.eu\/pl\/#website","url":"https:\/\/dev.hempking.eu\/pl\/","name":"Hemp King","description":"","publisher":{"@id":"https:\/\/dev.hempking.eu\/pl\/#organization"},"potentialAction":[{"@type":"SearchAction","target":{"@type":"EntryPoint","urlTemplate":"https:\/\/dev.hempking.eu\/pl\/?s={search_term_string}"},"query-input":{"@type":"PropertyValueSpecification","valueRequired":true,"valueName":"search_term_string"}}],"inLanguage":"pl-PL"},{"@type":"Organization","@id":"https:\/\/dev.hempking.eu\/pl\/#organization","name":"Hemp King","url":"https:\/\/dev.hempking.eu\/pl\/","logo":{"@type":"ImageObject","inLanguage":"pl-PL","@id":"https:\/\/dev.hempking.eu\/pl\/#\/schema\/logo\/image\/","url":"https:\/\/dev.hempking.eu\/pl\/wp-content\/uploads\/sites\/2\/2020\/05\/hempking.png","contentUrl":"https:\/\/dev.hempking.eu\/pl\/wp-content\/uploads\/sites\/2\/2020\/05\/hempking.png","width":148,"height":91,"caption":"Hemp King"},"image":{"@id":"https:\/\/dev.hempking.eu\/pl\/#\/schema\/logo\/image\/"},"sameAs":["https:\/\/www.facebook.com\/hempkingpoland","https:\/\/x.com\/hempkingeu","https:\/\/www.instagram.com\/hempkingeu\/","https:\/\/www.linkedin.com\/company\/hempking-eu\/mycompany\/","https:\/\/pl.pinterest.com\/hempkingeu\/","https:\/\/www.youtube.com\/channel\/UCUkeZA1fj4hSZfoYm0WpZ7w"]}]},"product_price_amount":"141.90","product_price_currency":"PLN","og_availability":"out of stock","product_availability":"out of stock","product_condition":"new"},"_links":{"self":[{"href":"https:\/\/dev.hempking.eu\/pl\/wp-json\/wp\/v2\/product\/684","targetHints":{"allow":["GET"]}}],"collection":[{"href":"https:\/\/dev.hempking.eu\/pl\/wp-json\/wp\/v2\/product"}],"about":[{"href":"https:\/\/dev.hempking.eu\/pl\/wp-json\/wp\/v2\/types\/product"}],"wp:featuredmedia":[{"embeddable":true,"href":"https:\/\/dev.hempking.eu\/pl\/wp-json\/wp\/v2\/media\/44194"}],"wp:attachment":[{"href":"https:\/\/dev.hempking.eu\/pl\/wp-json\/wp\/v2\/media?parent=684"}],"wp:term":[{"taxonomy":"product_cat","embeddable":true,"href":"https:\/\/dev.hempking.eu\/pl\/wp-json\/wp\/v2\/product_cat?post=684"},{"taxonomy":"product_tag","embeddable":true,"href":"https:\/\/dev.hempking.eu\/pl\/wp-json\/wp\/v2\/product_tag?post=684"}],"curies":[{"name":"wp","href":"https:\/\/api.w.org\/{rel}","templated":true}]}}