{"id":685,"date":"2020-07-14T10:20:40","date_gmt":"2020-07-14T08:20:40","guid":{"rendered":"https:\/\/hempking.eu\/pl\/?post_type=product&#038;p=685"},"modified":"2023-04-21T10:22:32","modified_gmt":"2023-04-21T08:22:32","slug":"zestaw-startowy-z-olejem-cbd","status":"publish","type":"product","link":"https:\/\/dev.hempking.eu\/pl\/zestaw-startowy-z-olejem-cbd\/","title":{"rendered":"Zestaw startowy z olejem CBD, CBDA, CBC, CBGA, CBG, CBDV, CBN"},"content":{"rendered":"<h2><strong>Idealny zestaw z CBD dla pocz\u0105tkuj\u0105cych<\/strong><\/h2>\n<p>Zestaw powsta\u0142 z my\u015bl\u0105 o ka\u017cdym, kto chce wprowadzi\u0107 konopie i CBD do swojej diety, jednak nie wie od czego zacz\u0105\u0107.<br \/>\nDzi\u0119ki zestawowi masz szans\u0119 przetestowa\u0107 r\u00f3\u017cne produkty i wybra\u0107 dla siebie te, kt\u00f3re najbardziej Ci odpowiadaj\u0105, w ni\u017cszej cenie.<br \/>\nBo kupuj\u0105c w zestawie \u2013 oszcz\u0119dzasz!<\/p>\n<p>&nbsp;<\/p>\n<h2><strong>Zestaw Startowy z CBD dla Ciebie!<\/strong><\/h2>\n<p><strong>ZESTAW STARTOWY<\/strong> to idealna opcja dla wszystkich, kt\u00f3rzy dopiero rozpoczynaj\u0105 swoj\u0105 przygod\u0119 z produktami konopnymi i chcieliby przetestowa\u0107, kt\u00f3ry z nich sprawdzi si\u0119 w ich przypadku najlepiej.<br \/>\nKa\u017cdy z produkt\u00f3w w zestawie startowym stosuje si\u0119 inaczej, jednak mo\u017cna je spo\u017cywa\u0107 razem.<\/p>\n<p>&nbsp;<\/p>\n<h2><strong>Olejek CBD 5%<\/strong><\/h2>\n<ul>\n<li>500 mg CBD oraz inne kannabinoidy<\/li>\n<li>Pe\u0142ne spektrum kannabinoid\u00f3w (m.in. CBD, CBDA, CBDV ,CBG, CBC, CBN, CBGA)<\/li>\n<li>Naturalnie wyst\u0119puj\u0105ce w konopiach: terpeny, flawonoidy, fenole<\/li>\n<li>Kwasy t\u0142uszczowe: omega-3, omega-6 oraz omega-9<\/li>\n<li>1 kropla \u2013 2,5 mg CBD<\/li>\n<li>Produkt poddawany sta\u0142ej kontroli jako\u015bci<\/li>\n<li>Produkowane bez u\u017cycia rozpuszczalnik\u00f3w, wzbogacenia syntetycznego lub krystalicznego CBD<\/li>\n<li>100% naturalny<\/li>\n<li>Pojemno\u015b\u0107: 10ml<\/li>\n<\/ul>\n<h2><strong>Ziarna konopi 250g<\/strong><\/h2>\n<ul>\n<li>Nie\u0142uskane ziarna konopi najwy\u017cszej jako\u015bci<\/li>\n<li>Bogate w witaminy A, B1, B2, B3, B6, C i E<\/li>\n<li>Zawieraj\u0105 cenne minera\u0142y takie jak fosfor, magnez, cynk czy \u017celazo<\/li>\n<li>100% naturalne<\/li>\n<li>Idealny dodatek to kuchni i wzbogacenia diety<\/li>\n<li>Produkt poddawany sta\u0142ej kontroli jako\u015bci<\/li>\n<li>Waga: 250g<\/li>\n<\/ul>\n<h2><strong>Herbatka CBD 40g<\/strong><\/h2>\n<ul>\n<li>2 \u2013 4% CBD\/CBDA<\/li>\n<li>R\u0119cznie zbierana i sortowana<\/li>\n<li>Bogaty w kanabinoidy, terpeny, flawonoidy, fenole<\/li>\n<li>Suszona naturalnymi sposobami<\/li>\n<li>100% naturalna<\/li>\n<li>Produkt poddawany sta\u0142ej kontroli jako\u015bci<\/li>\n<li>Waga: 40g<\/li>\n<\/ul>\n<p>&nbsp;<\/p>\n<p><a href=\"https:\/\/dev.hempking.eu\/pl\/zestaw-startowy-z-kapsulkami-cbd\/\"><strong>Zobacz nasz Zestaw Startowy z Kapsu\u0142kami CBD!<\/strong><\/a><\/p>\n","protected":false},"excerpt":{"rendered":"<h2><strong>Zestaw Startowy zawiera:<\/strong><\/h2>\n<ul>\n<li><a href=\"https:\/\/dev.hempking.eu\/pl\/olej-konopny-natural-5-500mg-10ml\/\" target=\"_blank\" rel=\"noopener\">Olejek CBD 5% Natural<\/a> &#8211; 10 ml &#8211; <strong>109<\/strong> <strong>z\u0142<\/strong><\/li>\n<li><a href=\"https:\/\/dev.hempking.eu\/pl\/nasiona-konopi-250g\/\" target=\"_blank\" rel=\"noopener\">Nasiona konopi nie\u0142uskane \u2013 250g<\/a>\u00a0\u2013\u00a0<strong>16.90<\/strong>\u00a0<strong>z\u0142<\/strong><\/li>\n<li><a href=\"https:\/\/dev.hempking.eu\/pl\/susz-konopny-2-4-40g\/\" target=\"_blank\" rel=\"noopener\">Susz konopny CBD<\/a> &#8211; 40g &#8211; <strong>30<\/strong> <strong>z\u0142<\/strong><\/li>\n<\/ul>\n<p><strong>Kupuj\u0105c zestaw oszcz\u0119dzasz 15%!<\/strong><\/p>\n","protected":false},"featured_media":115807,"template":"","meta":{"_acf_changed":false},"product_cat":[20,25,33,36],"product_tag":[],"class_list":{"0":"post-685","1":"product","2":"type-product","3":"status-publish","4":"has-post-thumbnail","6":"product_cat-olej-cbd","7":"product_cat-nasiona-konopi","8":"product_cat-zestawy","9":"product_cat-bestsellery","11":"first","12":"outofstock","13":"sale","14":"shipping-taxable","15":"purchasable","16":"product-type-simple"},"acf":[],"yoast_head":"<!-- This site is optimized with the Yoast SEO Premium plugin v23.4 (Yoast SEO v24.0) - https:\/\/yoast.com\/wordpress\/plugins\/seo\/ -->\n<title>Zestaw startowy z olejem CBD, CBDA, CBC, CBGA, CBG, CBDV, CBN - Hemp King<\/title>\n<meta name=\"description\" content=\"Zobacz \u261b Zestaw startowy z olejem CBD, CBDA, CBC, CBGA, CBG, CBDV, CBN w konopnym sklepie HempKing 100% naturalne. Zadbaj z nami o swoj\u0105 diet\u0119!\" \/>\n<link rel=\"canonical\" href=\"https:\/\/dev.hempking.eu\/pl\/zestaw-startowy-z-olejem-cbd\/\" \/>\n<meta property=\"og:locale\" content=\"pl_PL\" \/>\n<meta property=\"og:type\" content=\"article\" \/>\n<meta property=\"og:title\" content=\"Zestaw startowy z olejem CBD, CBDA, CBC, CBGA, CBG, CBDV, CBN\" \/>\n<meta property=\"og:description\" content=\"Zobacz \u261b Zestaw startowy z olejem CBD, CBDA, CBC, CBGA, CBG, CBDV, CBN w konopnym sklepie HempKing 100% naturalne. Zadbaj z nami o swoj\u0105 diet\u0119!\" \/>\n<meta property=\"og:url\" content=\"https:\/\/dev.hempking.eu\/pl\/zestaw-startowy-z-olejem-cbd\/\" \/>\n<meta property=\"og:site_name\" content=\"Hemp King\" \/>\n<meta property=\"article:publisher\" content=\"https:\/\/www.facebook.com\/hempkingpoland\" \/>\n<meta property=\"article:modified_time\" content=\"2023-04-21T08:22:32+00:00\" \/>\n<meta property=\"og:image\" content=\"https:\/\/dev.hempking.eu\/pl\/wp-content\/uploads\/sites\/2\/2020\/07\/1000x1000_zestaw_21.jpg\" \/>\n\t<meta property=\"og:image:width\" content=\"1000\" \/>\n\t<meta property=\"og:image:height\" content=\"1000\" \/>\n\t<meta property=\"og:image:type\" content=\"image\/jpeg\" \/>\n<meta name=\"twitter:card\" content=\"summary_large_image\" \/>\n<meta name=\"twitter:site\" content=\"@hempkingeu\" \/>\n<meta name=\"twitter:label1\" content=\"Price\" \/>\n\t<meta name=\"twitter:data1\" content=\"132.81&nbsp;&#122;&#322;\" \/>\n\t<meta name=\"twitter:label2\" content=\"Availability\" \/>\n\t<meta name=\"twitter:data2\" content=\"Out of stock\" \/>\n<script type=\"application\/ld+json\" class=\"yoast-schema-graph\">{\"@context\":\"https:\/\/schema.org\",\"@graph\":[{\"@type\":\"WebPage\",\"@id\":\"https:\/\/dev.hempking.eu\/pl\/zestaw-startowy-z-olejem-cbd\/\",\"url\":\"https:\/\/dev.hempking.eu\/pl\/zestaw-startowy-z-olejem-cbd\/\",\"name\":\"Zestaw startowy z olejem CBD, CBDA, CBC, CBGA, CBG, CBDV, CBN - Hemp King\",\"isPartOf\":{\"@id\":\"https:\/\/dev.hempking.eu\/pl\/#website\"},\"primaryImageOfPage\":{\"@id\":\"https:\/\/dev.hempking.eu\/pl\/zestaw-startowy-z-olejem-cbd\/#primaryimage\"},\"image\":{\"@id\":\"https:\/\/dev.hempking.eu\/pl\/zestaw-startowy-z-olejem-cbd\/#primaryimage\"},\"thumbnailUrl\":\"https:\/\/dev.hempking.eu\/pl\/wp-content\/uploads\/sites\/2\/2020\/07\/1000x1000_zestaw_21.jpg\",\"datePublished\":\"2020-07-14T08:20:40+00:00\",\"dateModified\":\"2023-04-21T08:22:32+00:00\",\"description\":\"Zobacz \u261b Zestaw startowy z olejem CBD, CBDA, CBC, CBGA, CBG, CBDV, CBN w konopnym sklepie HempKing 100% naturalne. Zadbaj z nami o swoj\u0105 diet\u0119!\",\"breadcrumb\":{\"@id\":\"https:\/\/dev.hempking.eu\/pl\/zestaw-startowy-z-olejem-cbd\/#breadcrumb\"},\"inLanguage\":\"pl-PL\",\"potentialAction\":[{\"@type\":\"ReadAction\",\"target\":[\"https:\/\/dev.hempking.eu\/pl\/zestaw-startowy-z-olejem-cbd\/\"]}]},{\"@type\":\"ImageObject\",\"inLanguage\":\"pl-PL\",\"@id\":\"https:\/\/dev.hempking.eu\/pl\/zestaw-startowy-z-olejem-cbd\/#primaryimage\",\"url\":\"https:\/\/dev.hempking.eu\/pl\/wp-content\/uploads\/sites\/2\/2020\/07\/1000x1000_zestaw_21.jpg\",\"contentUrl\":\"https:\/\/dev.hempking.eu\/pl\/wp-content\/uploads\/sites\/2\/2020\/07\/1000x1000_zestaw_21.jpg\",\"width\":1000,\"height\":1000,\"caption\":\"zestaw olej CBD5% natural susz nasiona konopii\"},{\"@type\":\"BreadcrumbList\",\"@id\":\"https:\/\/dev.hempking.eu\/pl\/zestaw-startowy-z-olejem-cbd\/#breadcrumb\",\"itemListElement\":[{\"@type\":\"ListItem\",\"position\":1,\"name\":\"Home\",\"item\":\"https:\/\/dev.hempking.eu\/pl\/\"},{\"@type\":\"ListItem\",\"position\":2,\"name\":\"Sklep\",\"item\":\"https:\/\/dev.hempking.eu\/pl\/shop\/\"},{\"@type\":\"ListItem\",\"position\":3,\"name\":\"\u017bywno\u015b\u0107 konopna\",\"item\":\"https:\/\/dev.hempking.eu\/pl\/zywnosc-konopna\/\"},{\"@type\":\"ListItem\",\"position\":4,\"name\":\"Nasiona konopi\",\"item\":\"https:\/\/dev.hempking.eu\/pl\/nasiona-konopi\/\"},{\"@type\":\"ListItem\",\"position\":5,\"name\":\"Zestaw startowy z olejem CBD, CBDA, CBC, CBGA, CBG, CBDV, CBN\"}]},{\"@type\":\"WebSite\",\"@id\":\"https:\/\/dev.hempking.eu\/pl\/#website\",\"url\":\"https:\/\/dev.hempking.eu\/pl\/\",\"name\":\"Hemp King\",\"description\":\"\",\"publisher\":{\"@id\":\"https:\/\/dev.hempking.eu\/pl\/#organization\"},\"potentialAction\":[{\"@type\":\"SearchAction\",\"target\":{\"@type\":\"EntryPoint\",\"urlTemplate\":\"https:\/\/dev.hempking.eu\/pl\/?s={search_term_string}\"},\"query-input\":{\"@type\":\"PropertyValueSpecification\",\"valueRequired\":true,\"valueName\":\"search_term_string\"}}],\"inLanguage\":\"pl-PL\"},{\"@type\":\"Organization\",\"@id\":\"https:\/\/dev.hempking.eu\/pl\/#organization\",\"name\":\"Hemp King\",\"url\":\"https:\/\/dev.hempking.eu\/pl\/\",\"logo\":{\"@type\":\"ImageObject\",\"inLanguage\":\"pl-PL\",\"@id\":\"https:\/\/dev.hempking.eu\/pl\/#\/schema\/logo\/image\/\",\"url\":\"https:\/\/dev.hempking.eu\/pl\/wp-content\/uploads\/sites\/2\/2020\/05\/hempking.png\",\"contentUrl\":\"https:\/\/dev.hempking.eu\/pl\/wp-content\/uploads\/sites\/2\/2020\/05\/hempking.png\",\"width\":148,\"height\":91,\"caption\":\"Hemp King\"},\"image\":{\"@id\":\"https:\/\/dev.hempking.eu\/pl\/#\/schema\/logo\/image\/\"},\"sameAs\":[\"https:\/\/www.facebook.com\/hempkingpoland\",\"https:\/\/x.com\/hempkingeu\",\"https:\/\/www.instagram.com\/hempkingeu\/\",\"https:\/\/www.linkedin.com\/company\/hempking-eu\/mycompany\/\",\"https:\/\/pl.pinterest.com\/hempkingeu\/\",\"https:\/\/www.youtube.com\/channel\/UCUkeZA1fj4hSZfoYm0WpZ7w\"]}]}<\/script>\n<meta property=\"product:price:amount\" content=\"132.81\" \/>\n<meta property=\"product:price:currency\" content=\"PLN\" \/>\n<meta property=\"og:availability\" content=\"out of stock\" \/>\n<meta property=\"product:availability\" content=\"out of stock\" \/>\n<meta property=\"product:condition\" content=\"new\" \/>\n<!-- \/ Yoast SEO Premium plugin. -->","yoast_head_json":{"title":"Zestaw startowy z olejem CBD, CBDA, CBC, CBGA, CBG, CBDV, CBN - Hemp King","description":"Zobacz \u261b Zestaw startowy z olejem CBD, CBDA, CBC, CBGA, CBG, CBDV, CBN w konopnym sklepie HempKing 100% naturalne. Zadbaj z nami o swoj\u0105 diet\u0119!","canonical":"https:\/\/dev.hempking.eu\/pl\/zestaw-startowy-z-olejem-cbd\/","og_locale":"pl_PL","og_type":"article","og_title":"Zestaw startowy z olejem CBD, CBDA, CBC, CBGA, CBG, CBDV, CBN","og_description":"Zobacz \u261b Zestaw startowy z olejem CBD, CBDA, CBC, CBGA, CBG, CBDV, CBN w konopnym sklepie HempKing 100% naturalne. Zadbaj z nami o swoj\u0105 diet\u0119!","og_url":"https:\/\/dev.hempking.eu\/pl\/zestaw-startowy-z-olejem-cbd\/","og_site_name":"Hemp King","article_publisher":"https:\/\/www.facebook.com\/hempkingpoland","article_modified_time":"2023-04-21T08:22:32+00:00","og_image":[{"width":1000,"height":1000,"url":"https:\/\/dev.hempking.eu\/pl\/wp-content\/uploads\/sites\/2\/2020\/07\/1000x1000_zestaw_21.jpg","type":"image\/jpeg"}],"twitter_card":"summary_large_image","twitter_site":"@hempkingeu","twitter_misc":{"Price":"132.81&nbsp;&#122;&#322;","Availability":"Out of stock"},"schema":{"@context":"https:\/\/schema.org","@graph":[{"@type":"WebPage","@id":"https:\/\/dev.hempking.eu\/pl\/zestaw-startowy-z-olejem-cbd\/","url":"https:\/\/dev.hempking.eu\/pl\/zestaw-startowy-z-olejem-cbd\/","name":"Zestaw startowy z olejem CBD, CBDA, CBC, CBGA, CBG, CBDV, CBN - Hemp King","isPartOf":{"@id":"https:\/\/dev.hempking.eu\/pl\/#website"},"primaryImageOfPage":{"@id":"https:\/\/dev.hempking.eu\/pl\/zestaw-startowy-z-olejem-cbd\/#primaryimage"},"image":{"@id":"https:\/\/dev.hempking.eu\/pl\/zestaw-startowy-z-olejem-cbd\/#primaryimage"},"thumbnailUrl":"https:\/\/dev.hempking.eu\/pl\/wp-content\/uploads\/sites\/2\/2020\/07\/1000x1000_zestaw_21.jpg","datePublished":"2020-07-14T08:20:40+00:00","dateModified":"2023-04-21T08:22:32+00:00","description":"Zobacz \u261b Zestaw startowy z olejem CBD, CBDA, CBC, CBGA, CBG, CBDV, CBN w konopnym sklepie HempKing 100% naturalne. Zadbaj z nami o swoj\u0105 diet\u0119!","breadcrumb":{"@id":"https:\/\/dev.hempking.eu\/pl\/zestaw-startowy-z-olejem-cbd\/#breadcrumb"},"inLanguage":"pl-PL","potentialAction":[{"@type":"ReadAction","target":["https:\/\/dev.hempking.eu\/pl\/zestaw-startowy-z-olejem-cbd\/"]}]},{"@type":"ImageObject","inLanguage":"pl-PL","@id":"https:\/\/dev.hempking.eu\/pl\/zestaw-startowy-z-olejem-cbd\/#primaryimage","url":"https:\/\/dev.hempking.eu\/pl\/wp-content\/uploads\/sites\/2\/2020\/07\/1000x1000_zestaw_21.jpg","contentUrl":"https:\/\/dev.hempking.eu\/pl\/wp-content\/uploads\/sites\/2\/2020\/07\/1000x1000_zestaw_21.jpg","width":1000,"height":1000,"caption":"zestaw olej CBD5% natural susz nasiona konopii"},{"@type":"BreadcrumbList","@id":"https:\/\/dev.hempking.eu\/pl\/zestaw-startowy-z-olejem-cbd\/#breadcrumb","itemListElement":[{"@type":"ListItem","position":1,"name":"Home","item":"https:\/\/dev.hempking.eu\/pl\/"},{"@type":"ListItem","position":2,"name":"Sklep","item":"https:\/\/dev.hempking.eu\/pl\/shop\/"},{"@type":"ListItem","position":3,"name":"\u017bywno\u015b\u0107 konopna","item":"https:\/\/dev.hempking.eu\/pl\/zywnosc-konopna\/"},{"@type":"ListItem","position":4,"name":"Nasiona konopi","item":"https:\/\/dev.hempking.eu\/pl\/nasiona-konopi\/"},{"@type":"ListItem","position":5,"name":"Zestaw startowy z olejem CBD, CBDA, CBC, CBGA, CBG, CBDV, CBN"}]},{"@type":"WebSite","@id":"https:\/\/dev.hempking.eu\/pl\/#website","url":"https:\/\/dev.hempking.eu\/pl\/","name":"Hemp King","description":"","publisher":{"@id":"https:\/\/dev.hempking.eu\/pl\/#organization"},"potentialAction":[{"@type":"SearchAction","target":{"@type":"EntryPoint","urlTemplate":"https:\/\/dev.hempking.eu\/pl\/?s={search_term_string}"},"query-input":{"@type":"PropertyValueSpecification","valueRequired":true,"valueName":"search_term_string"}}],"inLanguage":"pl-PL"},{"@type":"Organization","@id":"https:\/\/dev.hempking.eu\/pl\/#organization","name":"Hemp King","url":"https:\/\/dev.hempking.eu\/pl\/","logo":{"@type":"ImageObject","inLanguage":"pl-PL","@id":"https:\/\/dev.hempking.eu\/pl\/#\/schema\/logo\/image\/","url":"https:\/\/dev.hempking.eu\/pl\/wp-content\/uploads\/sites\/2\/2020\/05\/hempking.png","contentUrl":"https:\/\/dev.hempking.eu\/pl\/wp-content\/uploads\/sites\/2\/2020\/05\/hempking.png","width":148,"height":91,"caption":"Hemp King"},"image":{"@id":"https:\/\/dev.hempking.eu\/pl\/#\/schema\/logo\/image\/"},"sameAs":["https:\/\/www.facebook.com\/hempkingpoland","https:\/\/x.com\/hempkingeu","https:\/\/www.instagram.com\/hempkingeu\/","https:\/\/www.linkedin.com\/company\/hempking-eu\/mycompany\/","https:\/\/pl.pinterest.com\/hempkingeu\/","https:\/\/www.youtube.com\/channel\/UCUkeZA1fj4hSZfoYm0WpZ7w"]}]},"product_price_amount":"132.81","product_price_currency":"PLN","og_availability":"out of stock","product_availability":"out of stock","product_condition":"new"},"_links":{"self":[{"href":"https:\/\/dev.hempking.eu\/pl\/wp-json\/wp\/v2\/product\/685","targetHints":{"allow":["GET"]}}],"collection":[{"href":"https:\/\/dev.hempking.eu\/pl\/wp-json\/wp\/v2\/product"}],"about":[{"href":"https:\/\/dev.hempking.eu\/pl\/wp-json\/wp\/v2\/types\/product"}],"wp:featuredmedia":[{"embeddable":true,"href":"https:\/\/dev.hempking.eu\/pl\/wp-json\/wp\/v2\/media\/115807"}],"wp:attachment":[{"href":"https:\/\/dev.hempking.eu\/pl\/wp-json\/wp\/v2\/media?parent=685"}],"wp:term":[{"taxonomy":"product_cat","embeddable":true,"href":"https:\/\/dev.hempking.eu\/pl\/wp-json\/wp\/v2\/product_cat?post=685"},{"taxonomy":"product_tag","embeddable":true,"href":"https:\/\/dev.hempking.eu\/pl\/wp-json\/wp\/v2\/product_tag?post=685"}],"curies":[{"name":"wp","href":"https:\/\/api.w.org\/{rel}","templated":true}]}}