{"id":688,"date":"2020-07-14T10:34:50","date_gmt":"2020-07-14T08:34:50","guid":{"rendered":"https:\/\/hempking.eu\/pl\/?post_type=product&#038;p=688"},"modified":"2022-11-30T15:46:20","modified_gmt":"2022-11-30T14:46:20","slug":"herbatka-w-piramidkach-olej-cbd-5","status":"publish","type":"product","link":"https:\/\/dev.hempking.eu\/pl\/herbatka-w-piramidkach-olej-cbd-5\/","title":{"rendered":"Zestaw: Herbatka w piramidkach + Olej konopny 5% CBD,  CBDA, CBC, CBGA, CBG, CBDV, CBN"},"content":{"rendered":"<h2><strong>Olejek 5% i herbatka w piramidkach &#8211; rozsmakuj si\u0119 w konopiach<\/strong><\/h2>\n<p>Nasz najch\u0119tniej kupowany olejek konopny 5% w zestawie z suszem z konopi zamkni\u0119tym w wygodnych tr\u00f3jk\u0105tnych torebkach. Parzenie konopnych napar\u00f3w jeszcze nigdy nie by\u0142o tak \u0142atwe!<\/p>\n<p>Wzboga\u0107 konopie w swojej diecie dodatkowo suplementem diety pod postaci\u0105 olejku konopnego 5% z naturalnymi fitosk\u0142adnikami.<\/p>\n<p><strong>Teraz w zestawie!<\/strong><\/p>\n<p>&nbsp;<\/p>\n<h2><strong>Zestaw konopny skomponowany dla Ciebie<\/strong><\/h2>\n<h2><strong>Olej konopny 5% to:<\/strong><\/h2>\n<ul>\n<li>500 mg fitosk\u0142adnika &#8211; ma gwarancj\u0119 st\u0119\u017cenia!<\/li>\n<li>fitosk\u0142adniki o pe\u0142nym spektrum, naturalnie wyst\u0119puj\u0105ce w przyrodzie: CBD, CBDA, CBC, CBGA, CBG, CBDV, CBN<\/li>\n<li>wzbogaca diet\u0119 o nienasycone kwasy t\u0142uszczowe<\/li>\n<li>10ml<\/li>\n<li>produkt certyfikowany &#8211; <a href=\"https:\/\/dev.hempking.eu\/wp-content\/certificates\/2021.07.27-Biodio-2178-21.pdf\">badanie na st\u0119\u017cenie naturalnych fitosk\u0142adnik\u00f3w\u00a0<\/a><\/li>\n<\/ul>\n<h2><strong>Herbatka konopna w piramidkach to:<\/strong><\/h2>\n<ul>\n<li>20 piramidek pe\u0142nych suszonych konopi<\/li>\n<li>wygodny spos\u00f3b na picie napar\u00f3w konopnych<\/li>\n<li>100% produkt naturalny<\/li>\n<li>konopie pochodz\u0105 z naturalnych upraw w Polsce<\/li>\n<li>waga: 40g<\/li>\n<\/ul>\n<p>&nbsp;<\/p>\n<p><strong>Zestaw olejku i suszu konopnego w postaci sypkiej herbatki, znajdziesz <a href=\"https:\/\/dev.hempking.eu\/pl\/herbatka-w-piramidkach-olej-cbd-5\/\">TUTAJ<\/a>.<\/strong><\/p>\n<p><a href=\"https:\/\/dev.hempking.eu\/pl\/wp-content\/uploads\/sites\/2\/2020\/07\/warunki4-1.jpg\"><img loading=\"lazy\" decoding=\"async\" class=\"alignnone wp-image-104414 size-full\" src=\"https:\/\/dev.hempking.eu\/pl\/wp-content\/uploads\/sites\/2\/2020\/07\/warunki4-1.jpg\" alt=\"o\u015bwiadczenia CBD w UE\" width=\"755\" height=\"353\" srcset=\"https:\/\/dev.hempking.eu\/pl\/wp-content\/uploads\/sites\/2\/2020\/07\/warunki4-1.jpg 755w, https:\/\/dev.hempking.eu\/pl\/wp-content\/uploads\/sites\/2\/2020\/07\/warunki4-1-640x299.jpg 640w, https:\/\/dev.hempking.eu\/pl\/wp-content\/uploads\/sites\/2\/2020\/07\/warunki4-1-400x187.jpg 400w\" sizes=\"auto, (max-width: 755px) 100vw, 755px\" \/><\/a><\/p>\n<p>&nbsp;<\/p>\n<p><a href=\"https:\/\/dev.hempking.eu\/pl\/wp-content\/uploads\/sites\/2\/2020\/07\/warunki_4.jpg\"><img loading=\"lazy\" decoding=\"async\" class=\"alignnone size-full wp-image-100623\" src=\"https:\/\/dev.hempking.eu\/pl\/wp-content\/uploads\/sites\/2\/2020\/07\/warunki_4.jpg\" alt=\"fito sk\u0142adniki novel food\" width=\"755\" height=\"237\" srcset=\"https:\/\/dev.hempking.eu\/pl\/wp-content\/uploads\/sites\/2\/2020\/07\/warunki_4.jpg 755w, https:\/\/dev.hempking.eu\/pl\/wp-content\/uploads\/sites\/2\/2020\/07\/warunki_4-640x201.jpg 640w, https:\/\/dev.hempking.eu\/pl\/wp-content\/uploads\/sites\/2\/2020\/07\/warunki_4-400x126.jpg 400w\" sizes=\"auto, (max-width: 755px) 100vw, 755px\" \/><\/a><\/p>\n","protected":false},"excerpt":{"rendered":"<h2><strong>Zestaw zawiera:<\/strong><\/h2>\n<ul>\n<li><a href=\"https:\/\/dev.hempking.eu\/pl\/olej-cbd-natural-5-500mg-10ml\/\" target=\"_blank\" rel=\"noopener\">Olej konopny 5% Natural<\/a> &#8211; 10ml &#8211; <strong>109<\/strong> <strong>z\u0142<\/strong><\/li>\n<li><a href=\"https:\/\/dev.hempking.eu\/pl\/herbatka-konopna-w-piramidkach\/\" target=\"_blank\" rel=\"noopener\">Herbatk\u0119 konopn\u0105 w piramidkach<\/a> &#8211; 40g &#8211; <strong>36.90<\/strong> <strong>z\u0142<\/strong><\/li>\n<\/ul>\n<p><strong>Kupuj\u0105c zestaw oszcz\u0119dzasz 20%!<\/strong><\/p>\n<h3>Olej konopny 5% &#8211; informacje<\/h3>\n<p>Olej konopny 5 % zawiera naturalne sk\u0142adniki ro\u015blinne CBD, CBDA, CBC, CBGA, CBG, CBDV, CBN<\/p>\n<ul>\n<li><a href=\"https:\/\/dev.hempking.eu\/wp-content\/certificates\/2021.07.27-Biodio-2178-21.pdf\">badania na zawarto\u015b\u0107 fitosk\u0142adnik\u00f3w w olejku konopnych 5%<\/a><\/li>\n<\/ul>\n","protected":false},"featured_media":114778,"template":"","meta":{"_acf_changed":false},"product_cat":[38,26,33],"product_tag":[],"class_list":{"0":"post-688","1":"product","2":"type-product","3":"status-publish","4":"has-post-thumbnail","6":"product_cat-olej-cbd-5","7":"product_cat-herbatki-konopne","8":"product_cat-zestawy","10":"first","11":"instock","12":"sale","13":"shipping-taxable","14":"purchasable","15":"product-type-simple"},"acf":[],"yoast_head":"<!-- This site is optimized with the Yoast SEO Premium plugin v23.4 (Yoast SEO v24.0) - https:\/\/yoast.com\/wordpress\/plugins\/seo\/ -->\n<title>Zestaw: Herbatka w piramidkach + Olej konopny 5% CBD, CBDA, CBC, CBGA, CBG, CBDV, CBN - Hemp King<\/title>\n<meta name=\"description\" content=\"Zobacz \u261b Zestaw: Herbatka w piramidkach + Olej konopny 5% CBD, CBDA, CBC, CBGA, CBG, CBDV, CBN w konopnym sklepie HempKing 100% naturalne. Zadbaj z nami o swoj\u0105 diet\u0119!\" \/>\n<link rel=\"canonical\" href=\"https:\/\/dev.hempking.eu\/pl\/herbatka-w-piramidkach-olej-cbd-5\/\" \/>\n<meta property=\"og:locale\" content=\"pl_PL\" \/>\n<meta property=\"og:type\" content=\"article\" \/>\n<meta property=\"og:title\" content=\"Zestaw: Herbatka w piramidkach + Olej konopny 5% CBD, CBDA, CBC, CBGA, CBG, CBDV, CBN\" \/>\n<meta property=\"og:description\" content=\"Zobacz \u261b Zestaw: Herbatka w piramidkach + Olej konopny 5% CBD, CBDA, CBC, CBGA, CBG, CBDV, CBN w konopnym sklepie HempKing 100% naturalne. Zadbaj z nami o swoj\u0105 diet\u0119!\" \/>\n<meta property=\"og:url\" content=\"https:\/\/dev.hempking.eu\/pl\/herbatka-w-piramidkach-olej-cbd-5\/\" \/>\n<meta property=\"og:site_name\" content=\"Hemp King\" \/>\n<meta property=\"article:publisher\" content=\"https:\/\/www.facebook.com\/hempkingpoland\" \/>\n<meta property=\"article:modified_time\" content=\"2022-11-30T14:46:20+00:00\" \/>\n<meta property=\"og:image\" content=\"https:\/\/dev.hempking.eu\/pl\/wp-content\/uploads\/sites\/2\/2020\/07\/Projekt-bez-tytulu-13.png\" \/>\n\t<meta property=\"og:image:width\" content=\"1000\" \/>\n\t<meta property=\"og:image:height\" content=\"1000\" \/>\n\t<meta property=\"og:image:type\" content=\"image\/png\" \/>\n<meta name=\"twitter:card\" content=\"summary_large_image\" \/>\n<meta name=\"twitter:site\" content=\"@hempkingeu\" \/>\n<meta name=\"twitter:label1\" content=\"Price\" \/>\n\t<meta name=\"twitter:data1\" content=\"116.72&nbsp;&#122;&#322;\" \/>\n\t<meta name=\"twitter:label2\" content=\"Availability\" \/>\n\t<meta name=\"twitter:data2\" content=\"In stock\" \/>\n<script type=\"application\/ld+json\" class=\"yoast-schema-graph\">{\"@context\":\"https:\/\/schema.org\",\"@graph\":[{\"@type\":\"WebPage\",\"@id\":\"https:\/\/dev.hempking.eu\/pl\/herbatka-w-piramidkach-olej-cbd-5\/\",\"url\":\"https:\/\/dev.hempking.eu\/pl\/herbatka-w-piramidkach-olej-cbd-5\/\",\"name\":\"Zestaw: Herbatka w piramidkach + Olej konopny 5% CBD, CBDA, CBC, CBGA, CBG, CBDV, CBN - Hemp King\",\"isPartOf\":{\"@id\":\"https:\/\/dev.hempking.eu\/pl\/#website\"},\"primaryImageOfPage\":{\"@id\":\"https:\/\/dev.hempking.eu\/pl\/herbatka-w-piramidkach-olej-cbd-5\/#primaryimage\"},\"image\":{\"@id\":\"https:\/\/dev.hempking.eu\/pl\/herbatka-w-piramidkach-olej-cbd-5\/#primaryimage\"},\"thumbnailUrl\":\"https:\/\/dev.hempking.eu\/pl\/wp-content\/uploads\/sites\/2\/2020\/07\/Projekt-bez-tytulu-13.png\",\"datePublished\":\"2020-07-14T08:34:50+00:00\",\"dateModified\":\"2022-11-30T14:46:20+00:00\",\"description\":\"Zobacz \u261b Zestaw: Herbatka w piramidkach + Olej konopny 5% CBD, CBDA, CBC, CBGA, CBG, CBDV, CBN w konopnym sklepie HempKing 100% naturalne. Zadbaj z nami o swoj\u0105 diet\u0119!\",\"breadcrumb\":{\"@id\":\"https:\/\/dev.hempking.eu\/pl\/herbatka-w-piramidkach-olej-cbd-5\/#breadcrumb\"},\"inLanguage\":\"pl-PL\",\"potentialAction\":[{\"@type\":\"ReadAction\",\"target\":[\"https:\/\/dev.hempking.eu\/pl\/herbatka-w-piramidkach-olej-cbd-5\/\"]}]},{\"@type\":\"ImageObject\",\"inLanguage\":\"pl-PL\",\"@id\":\"https:\/\/dev.hempking.eu\/pl\/herbatka-w-piramidkach-olej-cbd-5\/#primaryimage\",\"url\":\"https:\/\/dev.hempking.eu\/pl\/wp-content\/uploads\/sites\/2\/2020\/07\/Projekt-bez-tytulu-13.png\",\"contentUrl\":\"https:\/\/dev.hempking.eu\/pl\/wp-content\/uploads\/sites\/2\/2020\/07\/Projekt-bez-tytulu-13.png\",\"width\":1000,\"height\":1000,\"caption\":\"olejek cbd 5% natural herbatka w piramidkach\"},{\"@type\":\"BreadcrumbList\",\"@id\":\"https:\/\/dev.hempking.eu\/pl\/herbatka-w-piramidkach-olej-cbd-5\/#breadcrumb\",\"itemListElement\":[{\"@type\":\"ListItem\",\"position\":1,\"name\":\"Home\",\"item\":\"https:\/\/dev.hempking.eu\/pl\/\"},{\"@type\":\"ListItem\",\"position\":2,\"name\":\"Sklep\",\"item\":\"https:\/\/dev.hempking.eu\/pl\/shop\/\"},{\"@type\":\"ListItem\",\"position\":3,\"name\":\"Olej CBD\",\"item\":\"https:\/\/dev.hempking.eu\/pl\/olej-cbd\/\"},{\"@type\":\"ListItem\",\"position\":4,\"name\":\"Olej CBD 5%\",\"item\":\"https:\/\/dev.hempking.eu\/pl\/olej-cbd-5\/\"},{\"@type\":\"ListItem\",\"position\":5,\"name\":\"Zestaw: Herbatka w piramidkach + Olej konopny 5% CBD, CBDA, CBC, CBGA, CBG, CBDV, CBN\"}]},{\"@type\":\"WebSite\",\"@id\":\"https:\/\/dev.hempking.eu\/pl\/#website\",\"url\":\"https:\/\/dev.hempking.eu\/pl\/\",\"name\":\"Hemp King\",\"description\":\"\",\"publisher\":{\"@id\":\"https:\/\/dev.hempking.eu\/pl\/#organization\"},\"potentialAction\":[{\"@type\":\"SearchAction\",\"target\":{\"@type\":\"EntryPoint\",\"urlTemplate\":\"https:\/\/dev.hempking.eu\/pl\/?s={search_term_string}\"},\"query-input\":{\"@type\":\"PropertyValueSpecification\",\"valueRequired\":true,\"valueName\":\"search_term_string\"}}],\"inLanguage\":\"pl-PL\"},{\"@type\":\"Organization\",\"@id\":\"https:\/\/dev.hempking.eu\/pl\/#organization\",\"name\":\"Hemp King\",\"url\":\"https:\/\/dev.hempking.eu\/pl\/\",\"logo\":{\"@type\":\"ImageObject\",\"inLanguage\":\"pl-PL\",\"@id\":\"https:\/\/dev.hempking.eu\/pl\/#\/schema\/logo\/image\/\",\"url\":\"https:\/\/dev.hempking.eu\/pl\/wp-content\/uploads\/sites\/2\/2020\/05\/hempking.png\",\"contentUrl\":\"https:\/\/dev.hempking.eu\/pl\/wp-content\/uploads\/sites\/2\/2020\/05\/hempking.png\",\"width\":148,\"height\":91,\"caption\":\"Hemp King\"},\"image\":{\"@id\":\"https:\/\/dev.hempking.eu\/pl\/#\/schema\/logo\/image\/\"},\"sameAs\":[\"https:\/\/www.facebook.com\/hempkingpoland\",\"https:\/\/x.com\/hempkingeu\",\"https:\/\/www.instagram.com\/hempkingeu\/\",\"https:\/\/www.linkedin.com\/company\/hempking-eu\/mycompany\/\",\"https:\/\/pl.pinterest.com\/hempkingeu\/\",\"https:\/\/www.youtube.com\/channel\/UCUkeZA1fj4hSZfoYm0WpZ7w\"]}]}<\/script>\n<meta property=\"product:price:amount\" content=\"116.72\" \/>\n<meta property=\"product:price:currency\" content=\"PLN\" \/>\n<meta property=\"og:availability\" content=\"instock\" \/>\n<meta property=\"product:availability\" content=\"instock\" \/>\n<meta property=\"product:condition\" content=\"new\" \/>\n<!-- \/ Yoast SEO Premium plugin. -->","yoast_head_json":{"title":"Zestaw: Herbatka w piramidkach + Olej konopny 5% CBD, CBDA, CBC, CBGA, CBG, CBDV, CBN - Hemp King","description":"Zobacz \u261b Zestaw: Herbatka w piramidkach + Olej konopny 5% CBD, CBDA, CBC, CBGA, CBG, CBDV, CBN w konopnym sklepie HempKing 100% naturalne. Zadbaj z nami o swoj\u0105 diet\u0119!","canonical":"https:\/\/dev.hempking.eu\/pl\/herbatka-w-piramidkach-olej-cbd-5\/","og_locale":"pl_PL","og_type":"article","og_title":"Zestaw: Herbatka w piramidkach + Olej konopny 5% CBD, CBDA, CBC, CBGA, CBG, CBDV, CBN","og_description":"Zobacz \u261b Zestaw: Herbatka w piramidkach + Olej konopny 5% CBD, CBDA, CBC, CBGA, CBG, CBDV, CBN w konopnym sklepie HempKing 100% naturalne. Zadbaj z nami o swoj\u0105 diet\u0119!","og_url":"https:\/\/dev.hempking.eu\/pl\/herbatka-w-piramidkach-olej-cbd-5\/","og_site_name":"Hemp King","article_publisher":"https:\/\/www.facebook.com\/hempkingpoland","article_modified_time":"2022-11-30T14:46:20+00:00","og_image":[{"width":1000,"height":1000,"url":"https:\/\/dev.hempking.eu\/pl\/wp-content\/uploads\/sites\/2\/2020\/07\/Projekt-bez-tytulu-13.png","type":"image\/png"}],"twitter_card":"summary_large_image","twitter_site":"@hempkingeu","twitter_misc":{"Price":"116.72&nbsp;&#122;&#322;","Availability":"In stock"},"schema":{"@context":"https:\/\/schema.org","@graph":[{"@type":"WebPage","@id":"https:\/\/dev.hempking.eu\/pl\/herbatka-w-piramidkach-olej-cbd-5\/","url":"https:\/\/dev.hempking.eu\/pl\/herbatka-w-piramidkach-olej-cbd-5\/","name":"Zestaw: Herbatka w piramidkach + Olej konopny 5% CBD, CBDA, CBC, CBGA, CBG, CBDV, CBN - Hemp King","isPartOf":{"@id":"https:\/\/dev.hempking.eu\/pl\/#website"},"primaryImageOfPage":{"@id":"https:\/\/dev.hempking.eu\/pl\/herbatka-w-piramidkach-olej-cbd-5\/#primaryimage"},"image":{"@id":"https:\/\/dev.hempking.eu\/pl\/herbatka-w-piramidkach-olej-cbd-5\/#primaryimage"},"thumbnailUrl":"https:\/\/dev.hempking.eu\/pl\/wp-content\/uploads\/sites\/2\/2020\/07\/Projekt-bez-tytulu-13.png","datePublished":"2020-07-14T08:34:50+00:00","dateModified":"2022-11-30T14:46:20+00:00","description":"Zobacz \u261b Zestaw: Herbatka w piramidkach + Olej konopny 5% CBD, CBDA, CBC, CBGA, CBG, CBDV, CBN w konopnym sklepie HempKing 100% naturalne. Zadbaj z nami o swoj\u0105 diet\u0119!","breadcrumb":{"@id":"https:\/\/dev.hempking.eu\/pl\/herbatka-w-piramidkach-olej-cbd-5\/#breadcrumb"},"inLanguage":"pl-PL","potentialAction":[{"@type":"ReadAction","target":["https:\/\/dev.hempking.eu\/pl\/herbatka-w-piramidkach-olej-cbd-5\/"]}]},{"@type":"ImageObject","inLanguage":"pl-PL","@id":"https:\/\/dev.hempking.eu\/pl\/herbatka-w-piramidkach-olej-cbd-5\/#primaryimage","url":"https:\/\/dev.hempking.eu\/pl\/wp-content\/uploads\/sites\/2\/2020\/07\/Projekt-bez-tytulu-13.png","contentUrl":"https:\/\/dev.hempking.eu\/pl\/wp-content\/uploads\/sites\/2\/2020\/07\/Projekt-bez-tytulu-13.png","width":1000,"height":1000,"caption":"olejek cbd 5% natural herbatka w piramidkach"},{"@type":"BreadcrumbList","@id":"https:\/\/dev.hempking.eu\/pl\/herbatka-w-piramidkach-olej-cbd-5\/#breadcrumb","itemListElement":[{"@type":"ListItem","position":1,"name":"Home","item":"https:\/\/dev.hempking.eu\/pl\/"},{"@type":"ListItem","position":2,"name":"Sklep","item":"https:\/\/dev.hempking.eu\/pl\/shop\/"},{"@type":"ListItem","position":3,"name":"Olej CBD","item":"https:\/\/dev.hempking.eu\/pl\/olej-cbd\/"},{"@type":"ListItem","position":4,"name":"Olej CBD 5%","item":"https:\/\/dev.hempking.eu\/pl\/olej-cbd-5\/"},{"@type":"ListItem","position":5,"name":"Zestaw: Herbatka w piramidkach + Olej konopny 5% CBD, CBDA, CBC, CBGA, CBG, CBDV, CBN"}]},{"@type":"WebSite","@id":"https:\/\/dev.hempking.eu\/pl\/#website","url":"https:\/\/dev.hempking.eu\/pl\/","name":"Hemp King","description":"","publisher":{"@id":"https:\/\/dev.hempking.eu\/pl\/#organization"},"potentialAction":[{"@type":"SearchAction","target":{"@type":"EntryPoint","urlTemplate":"https:\/\/dev.hempking.eu\/pl\/?s={search_term_string}"},"query-input":{"@type":"PropertyValueSpecification","valueRequired":true,"valueName":"search_term_string"}}],"inLanguage":"pl-PL"},{"@type":"Organization","@id":"https:\/\/dev.hempking.eu\/pl\/#organization","name":"Hemp King","url":"https:\/\/dev.hempking.eu\/pl\/","logo":{"@type":"ImageObject","inLanguage":"pl-PL","@id":"https:\/\/dev.hempking.eu\/pl\/#\/schema\/logo\/image\/","url":"https:\/\/dev.hempking.eu\/pl\/wp-content\/uploads\/sites\/2\/2020\/05\/hempking.png","contentUrl":"https:\/\/dev.hempking.eu\/pl\/wp-content\/uploads\/sites\/2\/2020\/05\/hempking.png","width":148,"height":91,"caption":"Hemp King"},"image":{"@id":"https:\/\/dev.hempking.eu\/pl\/#\/schema\/logo\/image\/"},"sameAs":["https:\/\/www.facebook.com\/hempkingpoland","https:\/\/x.com\/hempkingeu","https:\/\/www.instagram.com\/hempkingeu\/","https:\/\/www.linkedin.com\/company\/hempking-eu\/mycompany\/","https:\/\/pl.pinterest.com\/hempkingeu\/","https:\/\/www.youtube.com\/channel\/UCUkeZA1fj4hSZfoYm0WpZ7w"]}]},"product_price_amount":"116.72","product_price_currency":"PLN","og_availability":"instock","product_availability":"instock","product_condition":"new"},"_links":{"self":[{"href":"https:\/\/dev.hempking.eu\/pl\/wp-json\/wp\/v2\/product\/688","targetHints":{"allow":["GET"]}}],"collection":[{"href":"https:\/\/dev.hempking.eu\/pl\/wp-json\/wp\/v2\/product"}],"about":[{"href":"https:\/\/dev.hempking.eu\/pl\/wp-json\/wp\/v2\/types\/product"}],"wp:featuredmedia":[{"embeddable":true,"href":"https:\/\/dev.hempking.eu\/pl\/wp-json\/wp\/v2\/media\/114778"}],"wp:attachment":[{"href":"https:\/\/dev.hempking.eu\/pl\/wp-json\/wp\/v2\/media?parent=688"}],"wp:term":[{"taxonomy":"product_cat","embeddable":true,"href":"https:\/\/dev.hempking.eu\/pl\/wp-json\/wp\/v2\/product_cat?post=688"},{"taxonomy":"product_tag","embeddable":true,"href":"https:\/\/dev.hempking.eu\/pl\/wp-json\/wp\/v2\/product_tag?post=688"}],"curies":[{"name":"wp","href":"https:\/\/api.w.org\/{rel}","templated":true}]}}