{"id":689,"date":"2020-07-14T10:39:12","date_gmt":"2020-07-14T08:39:12","guid":{"rendered":"https:\/\/hempking.eu\/pl\/?post_type=product&#038;p=689"},"modified":"2022-12-06T15:46:36","modified_gmt":"2022-12-06T14:46:36","slug":"olej-konopny-250ml-nasiona-konopne-herbatka","status":"publish","type":"product","link":"https:\/\/dev.hempking.eu\/pl\/olej-konopny-250ml-nasiona-konopne-herbatka\/","title":{"rendered":"Zestaw: Olej konopny 250ml + Nasiona konopne + Herbatka"},"content":{"rendered":"<h2><strong>Konopne niezb\u0119dniki w Twojej kuchni<\/strong><\/h2>\n<p>Trio, kt\u00f3re gdy raz si\u0119 pojawi, ju\u017c na zawsze zago\u015bci w Twojej kuchennej p\u00f3\u0142ce. Olej konopny, nasiona konopi i herbatka konopna w piramidkach &#8211; trio dla zdrowej diety i pysznych potraw!<\/p>\n<p><strong>Postaw na konopie w kuchni!<\/strong><\/p>\n<p>&nbsp;<\/p>\n<h2><strong>Zestaw konopnych produkt\u00f3w spo\u017cywczych<\/strong><\/h2>\n<h2><strong>Nasiona konopi 250g to:<\/strong><\/h2>\n<ul>\n<li>naturalne ziarno konopi<\/li>\n<li>zawiera kwasy t\u0142uszczowe w synergii: omega-3, omega-6, omega-9<\/li>\n<li>przyjemny, orzechowo-s\u0142onecznikowy smak<\/li>\n<li>smaczny dodatek w Twojej kuchni<\/li>\n<li>250g<\/li>\n<\/ul>\n<h2><strong>Olej konopny RAW 250ml to:<\/strong><\/h2>\n<ul>\n<li>100% olej konopny, nierafinowany<\/li>\n<li>zimnot\u0142oczony olej spo\u017cywczy<\/li>\n<li>tylko ze sprawdzonych upraw konopi<\/li>\n<li>pojemno\u015b\u0107: 250ml<\/li>\n<\/ul>\n<h2><strong>Herbatka konopna w piramidkach to:<\/strong><\/h2>\n<ul>\n<li>20 piramidek po 2g suszu konopnego<\/li>\n<li>aromatyczny napar z konopi<\/li>\n<li>100% natury<\/li>\n<li>konopie starannie wyselekcjonowali\u015bmy<\/li>\n<li>waga: 40g (2g x 20)<\/li>\n<\/ul>\n<p>&nbsp;<\/p>\n<p><strong>Produkty kupisz tak\u017ce osobno:<\/strong><\/p>\n<ul>\n<li><a href=\"https:\/\/dev.hempking.eu\/pl\/olej-konopny-raw-250ml\/\">olej konopny RAW 250ml<\/a><\/li>\n<li><a href=\"https:\/\/dev.hempking.eu\/pl\/nasiona-konopi-250g\/\">nasiona konopi 250g<\/a><\/li>\n<li><a href=\"https:\/\/dev.hempking.eu\/pl\/herbatka-konopna-w-piramidkach\/\">herbatka konopna w piramidkach<\/a><\/li>\n<\/ul>\n","protected":false},"excerpt":{"rendered":"<h2><strong>Zestaw zawiera:<\/strong><\/h2>\n<ul>\n<li><a href=\"https:\/\/dev.hempking.eu\/pl\/bio-olej-konopny-raw-250-ml\/\" target=\"_blank\" rel=\"noopener\">Olej konopny RAW<\/a> &#8211; 250ml<\/li>\n<li><a href=\"https:\/\/dev.hempking.eu\/pl\/nasiona-konopi-250g\/\" target=\"_blank\" rel=\"noopener\">Nasiona konopi<\/a> &#8211; 250g<\/li>\n<li><a href=\"https:\/\/dev.hempking.eu\/pl\/herbatka-konopna-w-piramidkach\/\" target=\"_blank\" rel=\"noopener\">Herbatka konopna w piramidkach<\/a> &#8211; 20 x 2g<\/li>\n<\/ul>\n","protected":false},"featured_media":921,"template":"","meta":{"_acf_changed":false},"product_cat":[23,25,24,33],"product_tag":[91],"class_list":{"0":"post-689","1":"product","2":"type-product","3":"status-publish","4":"has-post-thumbnail","6":"product_cat-zywnosc-konopna","7":"product_cat-nasiona-konopi","8":"product_cat-olej-konopny","9":"product_cat-zestawy","10":"product_tag-home","12":"first","13":"instock","14":"sale","15":"shipping-taxable","16":"purchasable","17":"product-type-simple"},"acf":[],"yoast_head":"<!-- This site is optimized with the Yoast SEO Premium plugin v23.4 (Yoast SEO v24.0) - https:\/\/yoast.com\/wordpress\/plugins\/seo\/ -->\n<title>Zestaw: Olej konopny 250ml + Nasiona konopne + Herbatka - Hemp King<\/title>\n<meta name=\"description\" content=\"Zobacz \u261b Zestaw: Olej konopny 250ml + Nasiona konopne + Herbatka w konopnym sklepie HempKing 100% naturalne. Zadbaj z nami o swoj\u0105 diet\u0119!\" \/>\n<link rel=\"canonical\" href=\"https:\/\/dev.hempking.eu\/pl\/olej-konopny-250ml-nasiona-konopne-herbatka\/\" \/>\n<meta property=\"og:locale\" content=\"pl_PL\" \/>\n<meta property=\"og:type\" content=\"article\" \/>\n<meta property=\"og:title\" content=\"Zestaw: Olej konopny 250ml + Nasiona konopne + Herbatka\" \/>\n<meta property=\"og:description\" content=\"Zobacz \u261b Zestaw: Olej konopny 250ml + Nasiona konopne + Herbatka w konopnym sklepie HempKing 100% naturalne. Zadbaj z nami o swoj\u0105 diet\u0119!\" \/>\n<meta property=\"og:url\" content=\"https:\/\/dev.hempking.eu\/pl\/olej-konopny-250ml-nasiona-konopne-herbatka\/\" \/>\n<meta property=\"og:site_name\" content=\"Hemp King\" \/>\n<meta property=\"article:publisher\" content=\"https:\/\/www.facebook.com\/hempkingpoland\" \/>\n<meta property=\"article:modified_time\" content=\"2022-12-06T14:46:36+00:00\" \/>\n<meta property=\"og:image\" content=\"https:\/\/dev.hempking.eu\/pl\/wp-content\/uploads\/sites\/2\/2020\/07\/herbatka-nasiona-konopi-250g-olej-konopny-250.jpg\" \/>\n\t<meta property=\"og:image:width\" content=\"1000\" \/>\n\t<meta property=\"og:image:height\" content=\"1000\" \/>\n\t<meta property=\"og:image:type\" content=\"image\/jpeg\" \/>\n<meta name=\"twitter:card\" content=\"summary_large_image\" \/>\n<meta name=\"twitter:site\" content=\"@hempkingeu\" \/>\n<meta name=\"twitter:label1\" content=\"Price\" \/>\n\t<meta name=\"twitter:data1\" content=\"73.90&nbsp;&#122;&#322;\" \/>\n\t<meta name=\"twitter:label2\" content=\"Availability\" \/>\n\t<meta name=\"twitter:data2\" content=\"In stock\" \/>\n<script type=\"application\/ld+json\" class=\"yoast-schema-graph\">{\"@context\":\"https:\/\/schema.org\",\"@graph\":[{\"@type\":\"WebPage\",\"@id\":\"https:\/\/dev.hempking.eu\/pl\/olej-konopny-250ml-nasiona-konopne-herbatka\/\",\"url\":\"https:\/\/dev.hempking.eu\/pl\/olej-konopny-250ml-nasiona-konopne-herbatka\/\",\"name\":\"Zestaw: Olej konopny 250ml + Nasiona konopne + Herbatka - Hemp King\",\"isPartOf\":{\"@id\":\"https:\/\/dev.hempking.eu\/pl\/#website\"},\"primaryImageOfPage\":{\"@id\":\"https:\/\/dev.hempking.eu\/pl\/olej-konopny-250ml-nasiona-konopne-herbatka\/#primaryimage\"},\"image\":{\"@id\":\"https:\/\/dev.hempking.eu\/pl\/olej-konopny-250ml-nasiona-konopne-herbatka\/#primaryimage\"},\"thumbnailUrl\":\"https:\/\/dev.hempking.eu\/pl\/wp-content\/uploads\/sites\/2\/2020\/07\/herbatka-nasiona-konopi-250g-olej-konopny-250.jpg\",\"datePublished\":\"2020-07-14T08:39:12+00:00\",\"dateModified\":\"2022-12-06T14:46:36+00:00\",\"description\":\"Zobacz \u261b Zestaw: Olej konopny 250ml + Nasiona konopne + Herbatka w konopnym sklepie HempKing 100% naturalne. Zadbaj z nami o swoj\u0105 diet\u0119!\",\"breadcrumb\":{\"@id\":\"https:\/\/dev.hempking.eu\/pl\/olej-konopny-250ml-nasiona-konopne-herbatka\/#breadcrumb\"},\"inLanguage\":\"pl-PL\",\"potentialAction\":[{\"@type\":\"ReadAction\",\"target\":[\"https:\/\/dev.hempking.eu\/pl\/olej-konopny-250ml-nasiona-konopne-herbatka\/\"]}]},{\"@type\":\"ImageObject\",\"inLanguage\":\"pl-PL\",\"@id\":\"https:\/\/dev.hempking.eu\/pl\/olej-konopny-250ml-nasiona-konopne-herbatka\/#primaryimage\",\"url\":\"https:\/\/dev.hempking.eu\/pl\/wp-content\/uploads\/sites\/2\/2020\/07\/herbatka-nasiona-konopi-250g-olej-konopny-250.jpg\",\"contentUrl\":\"https:\/\/dev.hempking.eu\/pl\/wp-content\/uploads\/sites\/2\/2020\/07\/herbatka-nasiona-konopi-250g-olej-konopny-250.jpg\",\"width\":1000,\"height\":1000,\"caption\":\"olej konopny + nasiona konopi + herbata konopna\"},{\"@type\":\"BreadcrumbList\",\"@id\":\"https:\/\/dev.hempking.eu\/pl\/olej-konopny-250ml-nasiona-konopne-herbatka\/#breadcrumb\",\"itemListElement\":[{\"@type\":\"ListItem\",\"position\":1,\"name\":\"Home\",\"item\":\"https:\/\/dev.hempking.eu\/pl\/\"},{\"@type\":\"ListItem\",\"position\":2,\"name\":\"Sklep\",\"item\":\"https:\/\/dev.hempking.eu\/pl\/shop\/\"},{\"@type\":\"ListItem\",\"position\":3,\"name\":\"\u017bywno\u015b\u0107 konopna\",\"item\":\"https:\/\/dev.hempking.eu\/pl\/zywnosc-konopna\/\"},{\"@type\":\"ListItem\",\"position\":4,\"name\":\"Nasiona konopi\",\"item\":\"https:\/\/dev.hempking.eu\/pl\/nasiona-konopi\/\"},{\"@type\":\"ListItem\",\"position\":5,\"name\":\"Zestaw: Olej konopny 250ml + Nasiona konopne + Herbatka\"}]},{\"@type\":\"WebSite\",\"@id\":\"https:\/\/dev.hempking.eu\/pl\/#website\",\"url\":\"https:\/\/dev.hempking.eu\/pl\/\",\"name\":\"Hemp King\",\"description\":\"\",\"publisher\":{\"@id\":\"https:\/\/dev.hempking.eu\/pl\/#organization\"},\"potentialAction\":[{\"@type\":\"SearchAction\",\"target\":{\"@type\":\"EntryPoint\",\"urlTemplate\":\"https:\/\/dev.hempking.eu\/pl\/?s={search_term_string}\"},\"query-input\":{\"@type\":\"PropertyValueSpecification\",\"valueRequired\":true,\"valueName\":\"search_term_string\"}}],\"inLanguage\":\"pl-PL\"},{\"@type\":\"Organization\",\"@id\":\"https:\/\/dev.hempking.eu\/pl\/#organization\",\"name\":\"Hemp King\",\"url\":\"https:\/\/dev.hempking.eu\/pl\/\",\"logo\":{\"@type\":\"ImageObject\",\"inLanguage\":\"pl-PL\",\"@id\":\"https:\/\/dev.hempking.eu\/pl\/#\/schema\/logo\/image\/\",\"url\":\"https:\/\/dev.hempking.eu\/pl\/wp-content\/uploads\/sites\/2\/2020\/05\/hempking.png\",\"contentUrl\":\"https:\/\/dev.hempking.eu\/pl\/wp-content\/uploads\/sites\/2\/2020\/05\/hempking.png\",\"width\":148,\"height\":91,\"caption\":\"Hemp King\"},\"image\":{\"@id\":\"https:\/\/dev.hempking.eu\/pl\/#\/schema\/logo\/image\/\"},\"sameAs\":[\"https:\/\/www.facebook.com\/hempkingpoland\",\"https:\/\/x.com\/hempkingeu\",\"https:\/\/www.instagram.com\/hempkingeu\/\",\"https:\/\/www.linkedin.com\/company\/hempking-eu\/mycompany\/\",\"https:\/\/pl.pinterest.com\/hempkingeu\/\",\"https:\/\/www.youtube.com\/channel\/UCUkeZA1fj4hSZfoYm0WpZ7w\"]}]}<\/script>\n<meta property=\"product:price:amount\" content=\"73.90\" \/>\n<meta property=\"product:price:currency\" content=\"PLN\" \/>\n<meta property=\"og:availability\" content=\"instock\" \/>\n<meta property=\"product:availability\" content=\"instock\" \/>\n<meta property=\"product:condition\" content=\"new\" \/>\n<!-- \/ Yoast SEO Premium plugin. -->","yoast_head_json":{"title":"Zestaw: Olej konopny 250ml + Nasiona konopne + Herbatka - Hemp King","description":"Zobacz \u261b Zestaw: Olej konopny 250ml + Nasiona konopne + Herbatka w konopnym sklepie HempKing 100% naturalne. Zadbaj z nami o swoj\u0105 diet\u0119!","canonical":"https:\/\/dev.hempking.eu\/pl\/olej-konopny-250ml-nasiona-konopne-herbatka\/","og_locale":"pl_PL","og_type":"article","og_title":"Zestaw: Olej konopny 250ml + Nasiona konopne + Herbatka","og_description":"Zobacz \u261b Zestaw: Olej konopny 250ml + Nasiona konopne + Herbatka w konopnym sklepie HempKing 100% naturalne. Zadbaj z nami o swoj\u0105 diet\u0119!","og_url":"https:\/\/dev.hempking.eu\/pl\/olej-konopny-250ml-nasiona-konopne-herbatka\/","og_site_name":"Hemp King","article_publisher":"https:\/\/www.facebook.com\/hempkingpoland","article_modified_time":"2022-12-06T14:46:36+00:00","og_image":[{"width":1000,"height":1000,"url":"https:\/\/dev.hempking.eu\/pl\/wp-content\/uploads\/sites\/2\/2020\/07\/herbatka-nasiona-konopi-250g-olej-konopny-250.jpg","type":"image\/jpeg"}],"twitter_card":"summary_large_image","twitter_site":"@hempkingeu","twitter_misc":{"Price":"73.90&nbsp;&#122;&#322;","Availability":"In stock"},"schema":{"@context":"https:\/\/schema.org","@graph":[{"@type":"WebPage","@id":"https:\/\/dev.hempking.eu\/pl\/olej-konopny-250ml-nasiona-konopne-herbatka\/","url":"https:\/\/dev.hempking.eu\/pl\/olej-konopny-250ml-nasiona-konopne-herbatka\/","name":"Zestaw: Olej konopny 250ml + Nasiona konopne + Herbatka - Hemp King","isPartOf":{"@id":"https:\/\/dev.hempking.eu\/pl\/#website"},"primaryImageOfPage":{"@id":"https:\/\/dev.hempking.eu\/pl\/olej-konopny-250ml-nasiona-konopne-herbatka\/#primaryimage"},"image":{"@id":"https:\/\/dev.hempking.eu\/pl\/olej-konopny-250ml-nasiona-konopne-herbatka\/#primaryimage"},"thumbnailUrl":"https:\/\/dev.hempking.eu\/pl\/wp-content\/uploads\/sites\/2\/2020\/07\/herbatka-nasiona-konopi-250g-olej-konopny-250.jpg","datePublished":"2020-07-14T08:39:12+00:00","dateModified":"2022-12-06T14:46:36+00:00","description":"Zobacz \u261b Zestaw: Olej konopny 250ml + Nasiona konopne + Herbatka w konopnym sklepie HempKing 100% naturalne. Zadbaj z nami o swoj\u0105 diet\u0119!","breadcrumb":{"@id":"https:\/\/dev.hempking.eu\/pl\/olej-konopny-250ml-nasiona-konopne-herbatka\/#breadcrumb"},"inLanguage":"pl-PL","potentialAction":[{"@type":"ReadAction","target":["https:\/\/dev.hempking.eu\/pl\/olej-konopny-250ml-nasiona-konopne-herbatka\/"]}]},{"@type":"ImageObject","inLanguage":"pl-PL","@id":"https:\/\/dev.hempking.eu\/pl\/olej-konopny-250ml-nasiona-konopne-herbatka\/#primaryimage","url":"https:\/\/dev.hempking.eu\/pl\/wp-content\/uploads\/sites\/2\/2020\/07\/herbatka-nasiona-konopi-250g-olej-konopny-250.jpg","contentUrl":"https:\/\/dev.hempking.eu\/pl\/wp-content\/uploads\/sites\/2\/2020\/07\/herbatka-nasiona-konopi-250g-olej-konopny-250.jpg","width":1000,"height":1000,"caption":"olej konopny + nasiona konopi + herbata konopna"},{"@type":"BreadcrumbList","@id":"https:\/\/dev.hempking.eu\/pl\/olej-konopny-250ml-nasiona-konopne-herbatka\/#breadcrumb","itemListElement":[{"@type":"ListItem","position":1,"name":"Home","item":"https:\/\/dev.hempking.eu\/pl\/"},{"@type":"ListItem","position":2,"name":"Sklep","item":"https:\/\/dev.hempking.eu\/pl\/shop\/"},{"@type":"ListItem","position":3,"name":"\u017bywno\u015b\u0107 konopna","item":"https:\/\/dev.hempking.eu\/pl\/zywnosc-konopna\/"},{"@type":"ListItem","position":4,"name":"Nasiona konopi","item":"https:\/\/dev.hempking.eu\/pl\/nasiona-konopi\/"},{"@type":"ListItem","position":5,"name":"Zestaw: Olej konopny 250ml + Nasiona konopne + Herbatka"}]},{"@type":"WebSite","@id":"https:\/\/dev.hempking.eu\/pl\/#website","url":"https:\/\/dev.hempking.eu\/pl\/","name":"Hemp King","description":"","publisher":{"@id":"https:\/\/dev.hempking.eu\/pl\/#organization"},"potentialAction":[{"@type":"SearchAction","target":{"@type":"EntryPoint","urlTemplate":"https:\/\/dev.hempking.eu\/pl\/?s={search_term_string}"},"query-input":{"@type":"PropertyValueSpecification","valueRequired":true,"valueName":"search_term_string"}}],"inLanguage":"pl-PL"},{"@type":"Organization","@id":"https:\/\/dev.hempking.eu\/pl\/#organization","name":"Hemp King","url":"https:\/\/dev.hempking.eu\/pl\/","logo":{"@type":"ImageObject","inLanguage":"pl-PL","@id":"https:\/\/dev.hempking.eu\/pl\/#\/schema\/logo\/image\/","url":"https:\/\/dev.hempking.eu\/pl\/wp-content\/uploads\/sites\/2\/2020\/05\/hempking.png","contentUrl":"https:\/\/dev.hempking.eu\/pl\/wp-content\/uploads\/sites\/2\/2020\/05\/hempking.png","width":148,"height":91,"caption":"Hemp King"},"image":{"@id":"https:\/\/dev.hempking.eu\/pl\/#\/schema\/logo\/image\/"},"sameAs":["https:\/\/www.facebook.com\/hempkingpoland","https:\/\/x.com\/hempkingeu","https:\/\/www.instagram.com\/hempkingeu\/","https:\/\/www.linkedin.com\/company\/hempking-eu\/mycompany\/","https:\/\/pl.pinterest.com\/hempkingeu\/","https:\/\/www.youtube.com\/channel\/UCUkeZA1fj4hSZfoYm0WpZ7w"]}]},"product_price_amount":"73.90","product_price_currency":"PLN","og_availability":"instock","product_availability":"instock","product_condition":"new"},"_links":{"self":[{"href":"https:\/\/dev.hempking.eu\/pl\/wp-json\/wp\/v2\/product\/689","targetHints":{"allow":["GET"]}}],"collection":[{"href":"https:\/\/dev.hempking.eu\/pl\/wp-json\/wp\/v2\/product"}],"about":[{"href":"https:\/\/dev.hempking.eu\/pl\/wp-json\/wp\/v2\/types\/product"}],"wp:featuredmedia":[{"embeddable":true,"href":"https:\/\/dev.hempking.eu\/pl\/wp-json\/wp\/v2\/media\/921"}],"wp:attachment":[{"href":"https:\/\/dev.hempking.eu\/pl\/wp-json\/wp\/v2\/media?parent=689"}],"wp:term":[{"taxonomy":"product_cat","embeddable":true,"href":"https:\/\/dev.hempking.eu\/pl\/wp-json\/wp\/v2\/product_cat?post=689"},{"taxonomy":"product_tag","embeddable":true,"href":"https:\/\/dev.hempking.eu\/pl\/wp-json\/wp\/v2\/product_tag?post=689"}],"curies":[{"name":"wp","href":"https:\/\/api.w.org\/{rel}","templated":true}]}}