{"id":691,"date":"2020-07-14T10:46:47","date_gmt":"2020-07-14T08:46:47","guid":{"rendered":"https:\/\/hempking.eu\/pl\/?post_type=product&#038;p=691"},"modified":"2023-04-24T09:27:02","modified_gmt":"2023-04-24T07:27:02","slug":"zestaw-sportowca-olej-cbd-bialko-nasiona","status":"publish","type":"product","link":"https:\/\/dev.hempking.eu\/pl\/zestaw-sportowca-olej-cbd-bialko-nasiona\/","title":{"rendered":"Zestaw sportowca - olej CBD, CBDA, CBC, CBGA, CBG, CBDV, CBN, bia\u0142ko, nasiona"},"content":{"rendered":"<h2><strong>Zestaw olej CBD 5%, nasiona konopi i bia\u0142ko konopne<\/strong><\/h2>\n<h2><strong>Konopne wsparcie dla sportowca!<\/strong><\/h2>\n<p>Ka\u017cdy z produkt\u00f3w, kt\u00f3re znajduj\u0105 si\u0119 w zestawie jest w pe\u0142nym wymiarze. To produkty bogate w nienasycone kwasy t\u0142uszczowe, ro\u015blinne bia\u0142ko oraz moc warto\u015bci od\u017cywczych!<br \/>\nPowinny znale\u017a\u0107 si\u0119 w diecie ka\u017cdego sportowca, kt\u00f3ry ceni sobie ro\u015bliny w diecie.<\/p>\n<p>A tak\u017ce wegan i wegetarian. To \u015bwietna alternatywa dla bia\u0142ka sojowego!<\/p>\n<p><strong>Si\u0142a z konopi w zestawie!<\/strong><\/p>\n<p>&nbsp;<\/p>\n<h2><strong>Zestaw sportowca<\/strong><\/h2>\n<h2><strong>Nasiona konopi 250g to:<\/strong><\/h2>\n<ul>\n<li>naturalne ziarno konopne<\/li>\n<li>zawiera kwasy t\u0142uszczowe w synergii: omega-3, omega-6, omega-9<\/li>\n<li>przyjemny, orzechowo-s\u0142onecznikowy smak<\/li>\n<li>zawiera bia\u0142ko oraz witaminy i minera\u0142y<\/li>\n<li>250g<\/li>\n<\/ul>\n<p>&nbsp;<\/p>\n<h2><strong>Olej CBD 5% to:<\/strong><\/h2>\n<ul>\n<li>naturalny suplement konopny<\/li>\n<li>500mg CBD<\/li>\n<li>oraz pozosta\u0142e fitosk\u0142adniki w pe\u0142nym spektrum<\/li>\n<li>100% natury<\/li>\n<li>przebadany i certyfikowany<\/li>\n<li>pojemno\u015b\u0107: 10ml<\/li>\n<\/ul>\n<p>&nbsp;<\/p>\n<h2><strong>Bia\u0142ko konopne to:<\/strong><\/h2>\n<ul>\n<li>naturalne bia\u0142ko ro\u015blinne<\/li>\n<li>alternatywa dla np. bia\u0142ka sojowego<\/li>\n<li>100% naturalny produkt wysokiej jako\u015bci<\/li>\n<li>wsparcie diety wega\u0144skiej i wegetaria\u0144skiej<\/li>\n<li><a href=\"https:\/\/dev.hempking.eu\/pl\/wp-content\/uploads\/sites\/2\/2022\/01\/bialko.jpg\"><img loading=\"lazy\" decoding=\"async\" class=\"wp-image-87922 size-medium alignleft\" src=\"https:\/\/dev.hempking.eu\/pl\/wp-content\/uploads\/sites\/2\/2022\/01\/bialko-233x300.jpg\" alt=\"bialko\" width=\"233\" height=\"300\" \/><\/a><\/li>\n<\/ul>\n<p>&nbsp;<\/p>\n<p>&nbsp;<\/p>\n<p>&nbsp;<\/p>\n<p>&nbsp;<\/p>\n<p>&nbsp;<\/p>\n<p>&nbsp;<\/p>\n<p>&nbsp;<\/p>\n<p>&nbsp;<\/p>\n<p><strong>Produkty kupisz tak\u017ce osobno:<\/strong><\/p>\n<ul>\n<li><a href=\"https:\/\/dev.hempking.eu\/pl\/olej-cbd-natural-5-500mg-10ml\/\">olej CBD 5%<\/a><\/li>\n<li><a href=\"https:\/\/dev.hempking.eu\/pl\/nasiona-konopi-250g\/\">nasiona konopi 250g<\/a><\/li>\n<li><a href=\"https:\/\/dev.hempking.eu\/pl\/bialko-konopne\/\">bia\u0142ko konopne<\/a><\/li>\n<\/ul>\n<div id=\"gtx-trans\">\n<div class=\"gtx-trans-icon\"><\/div>\n<\/div>\n","protected":false},"excerpt":{"rendered":"<h2><strong>Zestaw zawiera:<\/strong><\/h2>\n<ul>\n<li><a href=\"https:\/\/dev.hempking.eu\/pl\/olej-konopny-natural-5-500mg-10ml\/\" target=\"_blank\" rel=\"noopener\">Olej CBD 5% Natural &#8211; 10ml<\/a> &#8211; <strong>109<\/strong> <strong>z\u0142<\/strong><\/li>\n<li><a href=\"https:\/\/dev.hempking.eu\/pl\/nasiona-konopi-250g\/\" target=\"_blank\" rel=\"noopener\">Nasiona konopi nie\u0142uskane &#8211; 250g<\/a> &#8211; <strong>16.90<\/strong> <strong>z\u0142<\/strong><\/li>\n<li><a href=\"https:\/\/dev.hempking.eu\/pl\/bio-bialko-konopne-250g\/\" target=\"_blank\" rel=\"noopener\">Bia\u0142ko konopne &#8211; 250 g<\/a> &#8211; <strong>35.90<\/strong> <strong>z\u0142<\/strong><\/li>\n<\/ul>\n<p><strong>Kupuj\u0105c w zestawie oszcz\u0119dzasz 15%!<\/strong><\/p>\n","protected":false},"featured_media":115805,"template":"","meta":{"_acf_changed":false},"product_cat":[20,27,25,117,33],"product_tag":[91],"class_list":{"0":"post-691","1":"product","2":"type-product","3":"status-publish","4":"has-post-thumbnail","6":"product_cat-olej-cbd","7":"product_cat-bialko-konopne","8":"product_cat-nasiona-konopi","9":"product_cat-bialko-roslinne","10":"product_cat-zestawy","11":"product_tag-home","13":"first","14":"instock","15":"sale","16":"shipping-taxable","17":"purchasable","18":"product-type-simple"},"acf":[],"yoast_head":"<!-- This site is optimized with the Yoast SEO Premium plugin v23.4 (Yoast SEO v24.0) - https:\/\/yoast.com\/wordpress\/plugins\/seo\/ -->\n<title>Zestaw sportowca - olej CBD, CBDA, CBC, CBGA, CBG, CBDV, CBN, bia\u0142ko, nasiona - Hemp King<\/title>\n<meta name=\"description\" content=\"Zobacz \u261b Zestaw sportowca - olej CBD, CBDA, CBC, CBGA, CBG, CBDV, CBN, bia\u0142ko, nasiona w konopnym sklepie HempKing 100% naturalne. Zadbaj z nami o swoj\u0105 diet\u0119!\" \/>\n<link rel=\"canonical\" href=\"https:\/\/dev.hempking.eu\/pl\/zestaw-sportowca-olej-cbd-bialko-nasiona\/\" \/>\n<meta property=\"og:locale\" content=\"pl_PL\" \/>\n<meta property=\"og:type\" content=\"article\" \/>\n<meta property=\"og:title\" content=\"Zestaw sportowca - olej CBD, CBDA, CBC, CBGA, CBG, CBDV, CBN, bia\u0142ko, nasiona\" \/>\n<meta property=\"og:description\" content=\"Zobacz \u261b Zestaw sportowca - olej CBD, CBDA, CBC, CBGA, CBG, CBDV, CBN, bia\u0142ko, nasiona w konopnym sklepie HempKing 100% naturalne. Zadbaj z nami o swoj\u0105 diet\u0119!\" \/>\n<meta property=\"og:url\" content=\"https:\/\/dev.hempking.eu\/pl\/zestaw-sportowca-olej-cbd-bialko-nasiona\/\" \/>\n<meta property=\"og:site_name\" content=\"Hemp King\" \/>\n<meta property=\"article:publisher\" content=\"https:\/\/www.facebook.com\/hempkingpoland\" \/>\n<meta property=\"article:modified_time\" content=\"2023-04-24T07:27:02+00:00\" \/>\n<meta property=\"og:image\" content=\"https:\/\/dev.hempking.eu\/pl\/wp-content\/uploads\/sites\/2\/2020\/07\/1000x1000_zestaw_20.jpg\" \/>\n\t<meta property=\"og:image:width\" content=\"1000\" \/>\n\t<meta property=\"og:image:height\" content=\"1000\" \/>\n\t<meta property=\"og:image:type\" content=\"image\/jpeg\" \/>\n<meta name=\"twitter:card\" content=\"summary_large_image\" \/>\n<meta name=\"twitter:site\" content=\"@hempkingeu\" \/>\n<meta name=\"twitter:label1\" content=\"Price\" \/>\n\t<meta name=\"twitter:data1\" content=\"137.53&nbsp;&#122;&#322;\" \/>\n\t<meta name=\"twitter:label2\" content=\"Availability\" \/>\n\t<meta name=\"twitter:data2\" content=\"In stock\" \/>\n<script type=\"application\/ld+json\" class=\"yoast-schema-graph\">{\"@context\":\"https:\/\/schema.org\",\"@graph\":[{\"@type\":\"WebPage\",\"@id\":\"https:\/\/dev.hempking.eu\/pl\/zestaw-sportowca-olej-cbd-bialko-nasiona\/\",\"url\":\"https:\/\/dev.hempking.eu\/pl\/zestaw-sportowca-olej-cbd-bialko-nasiona\/\",\"name\":\"Zestaw sportowca - olej CBD, CBDA, CBC, CBGA, CBG, CBDV, CBN, bia\u0142ko, nasiona - Hemp King\",\"isPartOf\":{\"@id\":\"https:\/\/dev.hempking.eu\/pl\/#website\"},\"primaryImageOfPage\":{\"@id\":\"https:\/\/dev.hempking.eu\/pl\/zestaw-sportowca-olej-cbd-bialko-nasiona\/#primaryimage\"},\"image\":{\"@id\":\"https:\/\/dev.hempking.eu\/pl\/zestaw-sportowca-olej-cbd-bialko-nasiona\/#primaryimage\"},\"thumbnailUrl\":\"https:\/\/dev.hempking.eu\/pl\/wp-content\/uploads\/sites\/2\/2020\/07\/1000x1000_zestaw_20.jpg\",\"datePublished\":\"2020-07-14T08:46:47+00:00\",\"dateModified\":\"2023-04-24T07:27:02+00:00\",\"description\":\"Zobacz \u261b Zestaw sportowca - olej CBD, CBDA, CBC, CBGA, CBG, CBDV, CBN, bia\u0142ko, nasiona w konopnym sklepie HempKing 100% naturalne. Zadbaj z nami o swoj\u0105 diet\u0119!\",\"breadcrumb\":{\"@id\":\"https:\/\/dev.hempking.eu\/pl\/zestaw-sportowca-olej-cbd-bialko-nasiona\/#breadcrumb\"},\"inLanguage\":\"pl-PL\",\"potentialAction\":[{\"@type\":\"ReadAction\",\"target\":[\"https:\/\/dev.hempking.eu\/pl\/zestaw-sportowca-olej-cbd-bialko-nasiona\/\"]}]},{\"@type\":\"ImageObject\",\"inLanguage\":\"pl-PL\",\"@id\":\"https:\/\/dev.hempking.eu\/pl\/zestaw-sportowca-olej-cbd-bialko-nasiona\/#primaryimage\",\"url\":\"https:\/\/dev.hempking.eu\/pl\/wp-content\/uploads\/sites\/2\/2020\/07\/1000x1000_zestaw_20.jpg\",\"contentUrl\":\"https:\/\/dev.hempking.eu\/pl\/wp-content\/uploads\/sites\/2\/2020\/07\/1000x1000_zestaw_20.jpg\",\"width\":1000,\"height\":1000,\"caption\":\"zestaw olej cbd 5% natural nasiona i szusz\"},{\"@type\":\"BreadcrumbList\",\"@id\":\"https:\/\/dev.hempking.eu\/pl\/zestaw-sportowca-olej-cbd-bialko-nasiona\/#breadcrumb\",\"itemListElement\":[{\"@type\":\"ListItem\",\"position\":1,\"name\":\"Home\",\"item\":\"https:\/\/dev.hempking.eu\/pl\/\"},{\"@type\":\"ListItem\",\"position\":2,\"name\":\"Sklep\",\"item\":\"https:\/\/dev.hempking.eu\/pl\/shop\/\"},{\"@type\":\"ListItem\",\"position\":3,\"name\":\"Olej CBD\",\"item\":\"https:\/\/dev.hempking.eu\/pl\/olej-cbd\/\"},{\"@type\":\"ListItem\",\"position\":4,\"name\":\"Zestaw sportowca - olej CBD, CBDA, CBC, CBGA, CBG, CBDV, CBN, bia\u0142ko, nasiona\"}]},{\"@type\":\"WebSite\",\"@id\":\"https:\/\/dev.hempking.eu\/pl\/#website\",\"url\":\"https:\/\/dev.hempking.eu\/pl\/\",\"name\":\"Hemp King\",\"description\":\"\",\"publisher\":{\"@id\":\"https:\/\/dev.hempking.eu\/pl\/#organization\"},\"potentialAction\":[{\"@type\":\"SearchAction\",\"target\":{\"@type\":\"EntryPoint\",\"urlTemplate\":\"https:\/\/dev.hempking.eu\/pl\/?s={search_term_string}\"},\"query-input\":{\"@type\":\"PropertyValueSpecification\",\"valueRequired\":true,\"valueName\":\"search_term_string\"}}],\"inLanguage\":\"pl-PL\"},{\"@type\":\"Organization\",\"@id\":\"https:\/\/dev.hempking.eu\/pl\/#organization\",\"name\":\"Hemp King\",\"url\":\"https:\/\/dev.hempking.eu\/pl\/\",\"logo\":{\"@type\":\"ImageObject\",\"inLanguage\":\"pl-PL\",\"@id\":\"https:\/\/dev.hempking.eu\/pl\/#\/schema\/logo\/image\/\",\"url\":\"https:\/\/dev.hempking.eu\/pl\/wp-content\/uploads\/sites\/2\/2020\/05\/hempking.png\",\"contentUrl\":\"https:\/\/dev.hempking.eu\/pl\/wp-content\/uploads\/sites\/2\/2020\/05\/hempking.png\",\"width\":148,\"height\":91,\"caption\":\"Hemp King\"},\"image\":{\"@id\":\"https:\/\/dev.hempking.eu\/pl\/#\/schema\/logo\/image\/\"},\"sameAs\":[\"https:\/\/www.facebook.com\/hempkingpoland\",\"https:\/\/x.com\/hempkingeu\",\"https:\/\/www.instagram.com\/hempkingeu\/\",\"https:\/\/www.linkedin.com\/company\/hempking-eu\/mycompany\/\",\"https:\/\/pl.pinterest.com\/hempkingeu\/\",\"https:\/\/www.youtube.com\/channel\/UCUkeZA1fj4hSZfoYm0WpZ7w\"]}]}<\/script>\n<meta property=\"product:price:amount\" content=\"137.53\" \/>\n<meta property=\"product:price:currency\" content=\"PLN\" \/>\n<meta property=\"og:availability\" content=\"instock\" \/>\n<meta property=\"product:availability\" content=\"instock\" \/>\n<meta property=\"product:condition\" content=\"new\" \/>\n<!-- \/ Yoast SEO Premium plugin. -->","yoast_head_json":{"title":"Zestaw sportowca - olej CBD, CBDA, CBC, CBGA, CBG, CBDV, CBN, bia\u0142ko, nasiona - Hemp King","description":"Zobacz \u261b Zestaw sportowca - olej CBD, CBDA, CBC, CBGA, CBG, CBDV, CBN, bia\u0142ko, nasiona w konopnym sklepie HempKing 100% naturalne. Zadbaj z nami o swoj\u0105 diet\u0119!","canonical":"https:\/\/dev.hempking.eu\/pl\/zestaw-sportowca-olej-cbd-bialko-nasiona\/","og_locale":"pl_PL","og_type":"article","og_title":"Zestaw sportowca - olej CBD, CBDA, CBC, CBGA, CBG, CBDV, CBN, bia\u0142ko, nasiona","og_description":"Zobacz \u261b Zestaw sportowca - olej CBD, CBDA, CBC, CBGA, CBG, CBDV, CBN, bia\u0142ko, nasiona w konopnym sklepie HempKing 100% naturalne. Zadbaj z nami o swoj\u0105 diet\u0119!","og_url":"https:\/\/dev.hempking.eu\/pl\/zestaw-sportowca-olej-cbd-bialko-nasiona\/","og_site_name":"Hemp King","article_publisher":"https:\/\/www.facebook.com\/hempkingpoland","article_modified_time":"2023-04-24T07:27:02+00:00","og_image":[{"width":1000,"height":1000,"url":"https:\/\/dev.hempking.eu\/pl\/wp-content\/uploads\/sites\/2\/2020\/07\/1000x1000_zestaw_20.jpg","type":"image\/jpeg"}],"twitter_card":"summary_large_image","twitter_site":"@hempkingeu","twitter_misc":{"Price":"137.53&nbsp;&#122;&#322;","Availability":"In stock"},"schema":{"@context":"https:\/\/schema.org","@graph":[{"@type":"WebPage","@id":"https:\/\/dev.hempking.eu\/pl\/zestaw-sportowca-olej-cbd-bialko-nasiona\/","url":"https:\/\/dev.hempking.eu\/pl\/zestaw-sportowca-olej-cbd-bialko-nasiona\/","name":"Zestaw sportowca - olej CBD, CBDA, CBC, CBGA, CBG, CBDV, CBN, bia\u0142ko, nasiona - Hemp King","isPartOf":{"@id":"https:\/\/dev.hempking.eu\/pl\/#website"},"primaryImageOfPage":{"@id":"https:\/\/dev.hempking.eu\/pl\/zestaw-sportowca-olej-cbd-bialko-nasiona\/#primaryimage"},"image":{"@id":"https:\/\/dev.hempking.eu\/pl\/zestaw-sportowca-olej-cbd-bialko-nasiona\/#primaryimage"},"thumbnailUrl":"https:\/\/dev.hempking.eu\/pl\/wp-content\/uploads\/sites\/2\/2020\/07\/1000x1000_zestaw_20.jpg","datePublished":"2020-07-14T08:46:47+00:00","dateModified":"2023-04-24T07:27:02+00:00","description":"Zobacz \u261b Zestaw sportowca - olej CBD, CBDA, CBC, CBGA, CBG, CBDV, CBN, bia\u0142ko, nasiona w konopnym sklepie HempKing 100% naturalne. Zadbaj z nami o swoj\u0105 diet\u0119!","breadcrumb":{"@id":"https:\/\/dev.hempking.eu\/pl\/zestaw-sportowca-olej-cbd-bialko-nasiona\/#breadcrumb"},"inLanguage":"pl-PL","potentialAction":[{"@type":"ReadAction","target":["https:\/\/dev.hempking.eu\/pl\/zestaw-sportowca-olej-cbd-bialko-nasiona\/"]}]},{"@type":"ImageObject","inLanguage":"pl-PL","@id":"https:\/\/dev.hempking.eu\/pl\/zestaw-sportowca-olej-cbd-bialko-nasiona\/#primaryimage","url":"https:\/\/dev.hempking.eu\/pl\/wp-content\/uploads\/sites\/2\/2020\/07\/1000x1000_zestaw_20.jpg","contentUrl":"https:\/\/dev.hempking.eu\/pl\/wp-content\/uploads\/sites\/2\/2020\/07\/1000x1000_zestaw_20.jpg","width":1000,"height":1000,"caption":"zestaw olej cbd 5% natural nasiona i szusz"},{"@type":"BreadcrumbList","@id":"https:\/\/dev.hempking.eu\/pl\/zestaw-sportowca-olej-cbd-bialko-nasiona\/#breadcrumb","itemListElement":[{"@type":"ListItem","position":1,"name":"Home","item":"https:\/\/dev.hempking.eu\/pl\/"},{"@type":"ListItem","position":2,"name":"Sklep","item":"https:\/\/dev.hempking.eu\/pl\/shop\/"},{"@type":"ListItem","position":3,"name":"Olej CBD","item":"https:\/\/dev.hempking.eu\/pl\/olej-cbd\/"},{"@type":"ListItem","position":4,"name":"Zestaw sportowca - olej CBD, CBDA, CBC, CBGA, CBG, CBDV, CBN, bia\u0142ko, nasiona"}]},{"@type":"WebSite","@id":"https:\/\/dev.hempking.eu\/pl\/#website","url":"https:\/\/dev.hempking.eu\/pl\/","name":"Hemp King","description":"","publisher":{"@id":"https:\/\/dev.hempking.eu\/pl\/#organization"},"potentialAction":[{"@type":"SearchAction","target":{"@type":"EntryPoint","urlTemplate":"https:\/\/dev.hempking.eu\/pl\/?s={search_term_string}"},"query-input":{"@type":"PropertyValueSpecification","valueRequired":true,"valueName":"search_term_string"}}],"inLanguage":"pl-PL"},{"@type":"Organization","@id":"https:\/\/dev.hempking.eu\/pl\/#organization","name":"Hemp King","url":"https:\/\/dev.hempking.eu\/pl\/","logo":{"@type":"ImageObject","inLanguage":"pl-PL","@id":"https:\/\/dev.hempking.eu\/pl\/#\/schema\/logo\/image\/","url":"https:\/\/dev.hempking.eu\/pl\/wp-content\/uploads\/sites\/2\/2020\/05\/hempking.png","contentUrl":"https:\/\/dev.hempking.eu\/pl\/wp-content\/uploads\/sites\/2\/2020\/05\/hempking.png","width":148,"height":91,"caption":"Hemp King"},"image":{"@id":"https:\/\/dev.hempking.eu\/pl\/#\/schema\/logo\/image\/"},"sameAs":["https:\/\/www.facebook.com\/hempkingpoland","https:\/\/x.com\/hempkingeu","https:\/\/www.instagram.com\/hempkingeu\/","https:\/\/www.linkedin.com\/company\/hempking-eu\/mycompany\/","https:\/\/pl.pinterest.com\/hempkingeu\/","https:\/\/www.youtube.com\/channel\/UCUkeZA1fj4hSZfoYm0WpZ7w"]}]},"product_price_amount":"137.53","product_price_currency":"PLN","og_availability":"instock","product_availability":"instock","product_condition":"new"},"_links":{"self":[{"href":"https:\/\/dev.hempking.eu\/pl\/wp-json\/wp\/v2\/product\/691","targetHints":{"allow":["GET"]}}],"collection":[{"href":"https:\/\/dev.hempking.eu\/pl\/wp-json\/wp\/v2\/product"}],"about":[{"href":"https:\/\/dev.hempking.eu\/pl\/wp-json\/wp\/v2\/types\/product"}],"wp:featuredmedia":[{"embeddable":true,"href":"https:\/\/dev.hempking.eu\/pl\/wp-json\/wp\/v2\/media\/115805"}],"wp:attachment":[{"href":"https:\/\/dev.hempking.eu\/pl\/wp-json\/wp\/v2\/media?parent=691"}],"wp:term":[{"taxonomy":"product_cat","embeddable":true,"href":"https:\/\/dev.hempking.eu\/pl\/wp-json\/wp\/v2\/product_cat?post=691"},{"taxonomy":"product_tag","embeddable":true,"href":"https:\/\/dev.hempking.eu\/pl\/wp-json\/wp\/v2\/product_tag?post=691"}],"curies":[{"name":"wp","href":"https:\/\/api.w.org\/{rel}","templated":true}]}}