{"id":70130,"date":"2021-07-13T11:22:50","date_gmt":"2021-07-13T09:22:50","guid":{"rendered":"https:\/\/hempking.eu\/pl\/?post_type=product&#038;p=70130"},"modified":"2023-05-18T10:09:48","modified_gmt":"2023-05-18T08:09:48","slug":"probka-olej-cbd-1-raw-2ml","status":"publish","type":"product","link":"https:\/\/dev.hempking.eu\/pl\/probka-olej-cbd-1-raw-2ml\/","title":{"rendered":"Pr\u00f3bka Olej CBD 1% RAW - 2ml"},"content":{"rendered":"<h2><a href=\"https:\/\/dev.hempking.eu\/pl\/probki-olejkow\/\"><strong>Zam\u00f3w pr\u00f3bk\u0119 olejku CBD 1% RAW za 2,90 z\u0142 z kodem! &gt;&gt;&gt;Sprawd\u017a!&lt;&lt;&lt;<\/strong><\/a><\/h2>\n<p>Ka\u017cdy Klient ma prawo do zakupu jednej pr\u00f3bki, a kod rabatowy nie \u0142\u0105czy si\u0119 z innymi kodami.<\/p>\n<h2><strong>W\u0142a\u015bciwo\u015bci oleju CBD RAW 1%<\/strong><\/h2>\n<p>Olejek konopny 1% zawiera pe\u0142ne spektrum fitosk\u0142adnik\u00f3w w niskim st\u0119\u017ceniu. Sprawdzi si\u0119 zw\u0142aszcza w diecie pocz\u0105tkuj\u0105cych os\u00f3b w \u015bwiecie konopi i CBD.<\/p>\n<p><strong>Suplementuj\u0105c olej konopny:<\/strong><\/p>\n<ul>\n<li>dostarczasz sobie pe\u0142en zakres fitosk\u0142adnik\u00f3w z konopi, nawet gdy st\u0119\u017cenie jest tak niskie jak 1%,<\/li>\n<li>dostarczasz do diety niezb\u0119dne kwasy t\u0142uszczowe omega-3, omega-6 i omega-9,<\/li>\n<li>wspierasz naturaln\u0105 odporno\u015b\u0107 swojego organizmu,<\/li>\n<li>wspomagasz sw\u00f3j uk\u0142ad sercowo-naczyniowy,<\/li>\n<li>organizm jest wspierany w regulacji zawarto\u015bci cholesterolu i tr\u00f3jgliceryd\u00f3w we krwi,<\/li>\n<li>sk\u00f3ra zachowuje optymalny poziom nawil\u017cenia i zdrowy wygl\u0105d.<\/li>\n<\/ul>\n<h2><strong>Spos\u00f3b spo\u017cywania olejku CBD 1% RAW &#8211; 2ml<\/strong><\/h2>\n<p>Olejek konopny spo\u017cywamy za pomoc\u0105 do\u0142\u0105czonego kroplomierza. Kropl\u0119 suplementu diety umieszczamy pod j\u0119zykiem i trzymamy do jej rozpuszczenia i wch\u0142oni\u0119cia si\u0119 &#8211; min. 30 sekund.<\/p>\n<p><strong>Pe\u0142nowymiarowy produkt znajdziesz <a href=\"https:\/\/dev.hempking.eu\/pl\/olej-cbd-1-raw-10ml\/\">TUTAJ &#8211; Olej CBD 1% RAW &#8211; 10ml<\/a><\/strong><\/p>\n<p>Mo\u017cesz te\u017c sprawdzi\u0107 inne wersje <a href=\"https:\/\/dev.hempking.eu\/pl\/olej-cbd-1\/\">olejku CBD 1%<\/a>:<\/p>\n<ul>\n<li><a href=\"https:\/\/dev.hempking.eu\/pl\/olej-cbd-1-czosnek-i-imbir-10ml\/\">Olej CBD 1% Czosnek i Imbir &#8211; 10ml\u00a0<\/a><\/li>\n<li><a href=\"https:\/\/dev.hempking.eu\/pl\/olej-cbd-1-pieprz-czarny-i-kurkuma-10ml\/\">Olej CBD 1% Kurkuma i Pieprz czarny &#8211; 10ml<\/a><\/li>\n<\/ul>\n<p><a href=\"https:\/\/dev.hempking.eu\/pl\/wp-content\/uploads\/sites\/2\/2020\/07\/warunki_4.jpg\"><img loading=\"lazy\" decoding=\"async\" class=\"alignnone size-full wp-image-100623\" src=\"https:\/\/dev.hempking.eu\/pl\/wp-content\/uploads\/sites\/2\/2020\/07\/warunki_4.jpg\" alt=\"fito sk\u0142adniki novel food\" width=\"755\" height=\"237\" srcset=\"https:\/\/dev.hempking.eu\/pl\/wp-content\/uploads\/sites\/2\/2020\/07\/warunki_4.jpg 755w, https:\/\/dev.hempking.eu\/pl\/wp-content\/uploads\/sites\/2\/2020\/07\/warunki_4-640x201.jpg 640w, https:\/\/dev.hempking.eu\/pl\/wp-content\/uploads\/sites\/2\/2020\/07\/warunki_4-400x126.jpg 400w\" sizes=\"auto, (max-width: 755px) 100vw, 755px\" \/><\/a><\/p>\n","protected":false},"excerpt":{"rendered":"<h2><a href=\"https:\/\/dev.hempking.eu\/pl\/probki-olejkow\/\" rel=\"nofollow\"><strong>Zam\u00f3w pr\u00f3bk\u0119 olejku CBD 1% RAW TANIEJ z kodem! &gt;&gt;&gt;Sprawd\u017a!&lt;&lt;&lt;<\/strong><\/a><\/h2>\n<h2><strong>Pr\u00f3bka oleju CBD RAW 1%:\u00a0<\/strong><\/h2>\n<ul>\n<li>najni\u017csze st\u0119\u017cenie fitosk\u0142adnik\u00f3w, idealne na pocz\u0105tek<\/li>\n<li>full spectrum fitokannabinoid\u00f3w<\/li>\n<li>olej konopny wysokiej jako\u015bci<\/li>\n<li>produkt przebadany i certyfikowany<\/li>\n<\/ul>\n<p><strong>Pojemno\u015b\u0107: 2ml<\/strong><\/p>\n","protected":false},"featured_media":70134,"template":"","meta":{"_acf_changed":false},"product_cat":[20,37],"product_tag":[],"class_list":{"0":"post-70130","1":"product","2":"type-product","3":"status-publish","4":"has-post-thumbnail","6":"product_cat-olej-cbd","7":"product_cat-olej-cbd-1","9":"first","10":"instock","11":"sold-individually","12":"shipping-taxable","13":"purchasable","14":"product-type-simple"},"acf":[],"yoast_head":"<!-- This site is optimized with the Yoast SEO Premium plugin v23.4 (Yoast SEO v24.0) - https:\/\/yoast.com\/wordpress\/plugins\/seo\/ -->\n<title>Pr\u00f3bka Olej CBD 1% RAW - 2ml | Full Spectrum | Hempking<\/title>\n<meta name=\"description\" content=\"Pr\u00f3bka Olej CBD 1% RAW Hempking. Zam\u00f3w pr\u00f3bk\u0119 olejku CBD 1% RAW za 2,90 z\u0142 z kodem! \u0141ap okazj\u0119 i wypr\u00f3buj olejek CBD taniej!\" \/>\n<link rel=\"canonical\" href=\"https:\/\/dev.hempking.eu\/pl\/probka-olej-cbd-1-raw-2ml\/\" \/>\n<meta property=\"og:locale\" content=\"pl_PL\" \/>\n<meta property=\"og:type\" content=\"article\" \/>\n<meta property=\"og:title\" content=\"Pr\u00f3bka Olej CBD 1% RAW - 2ml\" \/>\n<meta property=\"og:description\" content=\"Pr\u00f3bka Olej CBD 1% RAW Hempking. Zam\u00f3w pr\u00f3bk\u0119 olejku CBD 1% RAW za 2,90 z\u0142 z kodem! \u0141ap okazj\u0119 i wypr\u00f3buj olejek CBD taniej!\" \/>\n<meta property=\"og:url\" content=\"https:\/\/dev.hempking.eu\/pl\/probka-olej-cbd-1-raw-2ml\/\" \/>\n<meta property=\"og:site_name\" content=\"Hemp King\" \/>\n<meta property=\"article:publisher\" content=\"https:\/\/www.facebook.com\/hempkingpoland\" \/>\n<meta property=\"article:modified_time\" content=\"2023-05-18T08:09:48+00:00\" \/>\n<meta property=\"og:image\" content=\"https:\/\/dev.hempking.eu\/pl\/wp-content\/uploads\/sites\/2\/2021\/07\/olejek_1_2ml.jpg\" \/>\n\t<meta property=\"og:image:width\" content=\"1000\" \/>\n\t<meta property=\"og:image:height\" content=\"1000\" \/>\n\t<meta property=\"og:image:type\" content=\"image\/jpeg\" \/>\n<meta name=\"twitter:card\" content=\"summary_large_image\" \/>\n<meta name=\"twitter:site\" content=\"@hempkingeu\" \/>\n<meta name=\"twitter:label1\" content=\"Price\" \/>\n\t<meta name=\"twitter:data1\" content=\"8.90&nbsp;&#122;&#322;\" \/>\n\t<meta name=\"twitter:label2\" content=\"Availability\" \/>\n\t<meta name=\"twitter:data2\" content=\"In stock\" \/>\n<script type=\"application\/ld+json\" class=\"yoast-schema-graph\">{\"@context\":\"https:\/\/schema.org\",\"@graph\":[{\"@type\":\"WebPage\",\"@id\":\"https:\/\/dev.hempking.eu\/pl\/probka-olej-cbd-1-raw-2ml\/\",\"url\":\"https:\/\/dev.hempking.eu\/pl\/probka-olej-cbd-1-raw-2ml\/\",\"name\":\"Pr\u00f3bka Olej CBD 1% RAW - 2ml | Full Spectrum | Hempking\",\"isPartOf\":{\"@id\":\"https:\/\/dev.hempking.eu\/pl\/#website\"},\"primaryImageOfPage\":{\"@id\":\"https:\/\/dev.hempking.eu\/pl\/probka-olej-cbd-1-raw-2ml\/#primaryimage\"},\"image\":{\"@id\":\"https:\/\/dev.hempking.eu\/pl\/probka-olej-cbd-1-raw-2ml\/#primaryimage\"},\"thumbnailUrl\":\"https:\/\/dev.hempking.eu\/pl\/wp-content\/uploads\/sites\/2\/2021\/07\/olejek_1_2ml.jpg\",\"datePublished\":\"2021-07-13T09:22:50+00:00\",\"dateModified\":\"2023-05-18T08:09:48+00:00\",\"description\":\"Pr\u00f3bka Olej CBD 1% RAW Hempking. Zam\u00f3w pr\u00f3bk\u0119 olejku CBD 1% RAW za 2,90 z\u0142 z kodem! \u0141ap okazj\u0119 i wypr\u00f3buj olejek CBD taniej!\",\"breadcrumb\":{\"@id\":\"https:\/\/dev.hempking.eu\/pl\/probka-olej-cbd-1-raw-2ml\/#breadcrumb\"},\"inLanguage\":\"pl-PL\",\"potentialAction\":[{\"@type\":\"ReadAction\",\"target\":[\"https:\/\/dev.hempking.eu\/pl\/probka-olej-cbd-1-raw-2ml\/\"]}]},{\"@type\":\"ImageObject\",\"inLanguage\":\"pl-PL\",\"@id\":\"https:\/\/dev.hempking.eu\/pl\/probka-olej-cbd-1-raw-2ml\/#primaryimage\",\"url\":\"https:\/\/dev.hempking.eu\/pl\/wp-content\/uploads\/sites\/2\/2021\/07\/olejek_1_2ml.jpg\",\"contentUrl\":\"https:\/\/dev.hempking.eu\/pl\/wp-content\/uploads\/sites\/2\/2021\/07\/olejek_1_2ml.jpg\",\"width\":1000,\"height\":1000,\"caption\":\"Pr\u00f3bka olejku CBD 1% RAW\"},{\"@type\":\"BreadcrumbList\",\"@id\":\"https:\/\/dev.hempking.eu\/pl\/probka-olej-cbd-1-raw-2ml\/#breadcrumb\",\"itemListElement\":[{\"@type\":\"ListItem\",\"position\":1,\"name\":\"Home\",\"item\":\"https:\/\/dev.hempking.eu\/pl\/\"},{\"@type\":\"ListItem\",\"position\":2,\"name\":\"Sklep\",\"item\":\"https:\/\/dev.hempking.eu\/pl\/shop\/\"},{\"@type\":\"ListItem\",\"position\":3,\"name\":\"Olej CBD\",\"item\":\"https:\/\/dev.hempking.eu\/pl\/olej-cbd\/\"},{\"@type\":\"ListItem\",\"position\":4,\"name\":\"Pr\u00f3bka Olej CBD 1% RAW &#8211; 2ml\"}]},{\"@type\":\"WebSite\",\"@id\":\"https:\/\/dev.hempking.eu\/pl\/#website\",\"url\":\"https:\/\/dev.hempking.eu\/pl\/\",\"name\":\"Hemp King\",\"description\":\"\",\"publisher\":{\"@id\":\"https:\/\/dev.hempking.eu\/pl\/#organization\"},\"potentialAction\":[{\"@type\":\"SearchAction\",\"target\":{\"@type\":\"EntryPoint\",\"urlTemplate\":\"https:\/\/dev.hempking.eu\/pl\/?s={search_term_string}\"},\"query-input\":{\"@type\":\"PropertyValueSpecification\",\"valueRequired\":true,\"valueName\":\"search_term_string\"}}],\"inLanguage\":\"pl-PL\"},{\"@type\":\"Organization\",\"@id\":\"https:\/\/dev.hempking.eu\/pl\/#organization\",\"name\":\"Hemp King\",\"url\":\"https:\/\/dev.hempking.eu\/pl\/\",\"logo\":{\"@type\":\"ImageObject\",\"inLanguage\":\"pl-PL\",\"@id\":\"https:\/\/dev.hempking.eu\/pl\/#\/schema\/logo\/image\/\",\"url\":\"https:\/\/dev.hempking.eu\/pl\/wp-content\/uploads\/sites\/2\/2020\/05\/hempking.png\",\"contentUrl\":\"https:\/\/dev.hempking.eu\/pl\/wp-content\/uploads\/sites\/2\/2020\/05\/hempking.png\",\"width\":148,\"height\":91,\"caption\":\"Hemp King\"},\"image\":{\"@id\":\"https:\/\/dev.hempking.eu\/pl\/#\/schema\/logo\/image\/\"},\"sameAs\":[\"https:\/\/www.facebook.com\/hempkingpoland\",\"https:\/\/x.com\/hempkingeu\",\"https:\/\/www.instagram.com\/hempkingeu\/\",\"https:\/\/www.linkedin.com\/company\/hempking-eu\/mycompany\/\",\"https:\/\/pl.pinterest.com\/hempkingeu\/\",\"https:\/\/www.youtube.com\/channel\/UCUkeZA1fj4hSZfoYm0WpZ7w\"]}]}<\/script>\n<meta property=\"product:price:amount\" content=\"8.90\" \/>\n<meta property=\"product:price:currency\" content=\"PLN\" \/>\n<meta property=\"og:availability\" content=\"instock\" \/>\n<meta property=\"product:availability\" content=\"instock\" \/>\n<meta property=\"product:condition\" content=\"new\" \/>\n<!-- \/ Yoast SEO Premium plugin. -->","yoast_head_json":{"title":"Pr\u00f3bka Olej CBD 1% RAW - 2ml | Full Spectrum | Hempking","description":"Pr\u00f3bka Olej CBD 1% RAW Hempking. Zam\u00f3w pr\u00f3bk\u0119 olejku CBD 1% RAW za 2,90 z\u0142 z kodem! \u0141ap okazj\u0119 i wypr\u00f3buj olejek CBD taniej!","canonical":"https:\/\/dev.hempking.eu\/pl\/probka-olej-cbd-1-raw-2ml\/","og_locale":"pl_PL","og_type":"article","og_title":"Pr\u00f3bka Olej CBD 1% RAW - 2ml","og_description":"Pr\u00f3bka Olej CBD 1% RAW Hempking. Zam\u00f3w pr\u00f3bk\u0119 olejku CBD 1% RAW za 2,90 z\u0142 z kodem! \u0141ap okazj\u0119 i wypr\u00f3buj olejek CBD taniej!","og_url":"https:\/\/dev.hempking.eu\/pl\/probka-olej-cbd-1-raw-2ml\/","og_site_name":"Hemp King","article_publisher":"https:\/\/www.facebook.com\/hempkingpoland","article_modified_time":"2023-05-18T08:09:48+00:00","og_image":[{"width":1000,"height":1000,"url":"https:\/\/dev.hempking.eu\/pl\/wp-content\/uploads\/sites\/2\/2021\/07\/olejek_1_2ml.jpg","type":"image\/jpeg"}],"twitter_card":"summary_large_image","twitter_site":"@hempkingeu","twitter_misc":{"Price":"8.90&nbsp;&#122;&#322;","Availability":"In stock"},"schema":{"@context":"https:\/\/schema.org","@graph":[{"@type":"WebPage","@id":"https:\/\/dev.hempking.eu\/pl\/probka-olej-cbd-1-raw-2ml\/","url":"https:\/\/dev.hempking.eu\/pl\/probka-olej-cbd-1-raw-2ml\/","name":"Pr\u00f3bka Olej CBD 1% RAW - 2ml | Full Spectrum | Hempking","isPartOf":{"@id":"https:\/\/dev.hempking.eu\/pl\/#website"},"primaryImageOfPage":{"@id":"https:\/\/dev.hempking.eu\/pl\/probka-olej-cbd-1-raw-2ml\/#primaryimage"},"image":{"@id":"https:\/\/dev.hempking.eu\/pl\/probka-olej-cbd-1-raw-2ml\/#primaryimage"},"thumbnailUrl":"https:\/\/dev.hempking.eu\/pl\/wp-content\/uploads\/sites\/2\/2021\/07\/olejek_1_2ml.jpg","datePublished":"2021-07-13T09:22:50+00:00","dateModified":"2023-05-18T08:09:48+00:00","description":"Pr\u00f3bka Olej CBD 1% RAW Hempking. Zam\u00f3w pr\u00f3bk\u0119 olejku CBD 1% RAW za 2,90 z\u0142 z kodem! \u0141ap okazj\u0119 i wypr\u00f3buj olejek CBD taniej!","breadcrumb":{"@id":"https:\/\/dev.hempking.eu\/pl\/probka-olej-cbd-1-raw-2ml\/#breadcrumb"},"inLanguage":"pl-PL","potentialAction":[{"@type":"ReadAction","target":["https:\/\/dev.hempking.eu\/pl\/probka-olej-cbd-1-raw-2ml\/"]}]},{"@type":"ImageObject","inLanguage":"pl-PL","@id":"https:\/\/dev.hempking.eu\/pl\/probka-olej-cbd-1-raw-2ml\/#primaryimage","url":"https:\/\/dev.hempking.eu\/pl\/wp-content\/uploads\/sites\/2\/2021\/07\/olejek_1_2ml.jpg","contentUrl":"https:\/\/dev.hempking.eu\/pl\/wp-content\/uploads\/sites\/2\/2021\/07\/olejek_1_2ml.jpg","width":1000,"height":1000,"caption":"Pr\u00f3bka olejku CBD 1% RAW"},{"@type":"BreadcrumbList","@id":"https:\/\/dev.hempking.eu\/pl\/probka-olej-cbd-1-raw-2ml\/#breadcrumb","itemListElement":[{"@type":"ListItem","position":1,"name":"Home","item":"https:\/\/dev.hempking.eu\/pl\/"},{"@type":"ListItem","position":2,"name":"Sklep","item":"https:\/\/dev.hempking.eu\/pl\/shop\/"},{"@type":"ListItem","position":3,"name":"Olej CBD","item":"https:\/\/dev.hempking.eu\/pl\/olej-cbd\/"},{"@type":"ListItem","position":4,"name":"Pr\u00f3bka Olej CBD 1% RAW &#8211; 2ml"}]},{"@type":"WebSite","@id":"https:\/\/dev.hempking.eu\/pl\/#website","url":"https:\/\/dev.hempking.eu\/pl\/","name":"Hemp King","description":"","publisher":{"@id":"https:\/\/dev.hempking.eu\/pl\/#organization"},"potentialAction":[{"@type":"SearchAction","target":{"@type":"EntryPoint","urlTemplate":"https:\/\/dev.hempking.eu\/pl\/?s={search_term_string}"},"query-input":{"@type":"PropertyValueSpecification","valueRequired":true,"valueName":"search_term_string"}}],"inLanguage":"pl-PL"},{"@type":"Organization","@id":"https:\/\/dev.hempking.eu\/pl\/#organization","name":"Hemp King","url":"https:\/\/dev.hempking.eu\/pl\/","logo":{"@type":"ImageObject","inLanguage":"pl-PL","@id":"https:\/\/dev.hempking.eu\/pl\/#\/schema\/logo\/image\/","url":"https:\/\/dev.hempking.eu\/pl\/wp-content\/uploads\/sites\/2\/2020\/05\/hempking.png","contentUrl":"https:\/\/dev.hempking.eu\/pl\/wp-content\/uploads\/sites\/2\/2020\/05\/hempking.png","width":148,"height":91,"caption":"Hemp King"},"image":{"@id":"https:\/\/dev.hempking.eu\/pl\/#\/schema\/logo\/image\/"},"sameAs":["https:\/\/www.facebook.com\/hempkingpoland","https:\/\/x.com\/hempkingeu","https:\/\/www.instagram.com\/hempkingeu\/","https:\/\/www.linkedin.com\/company\/hempking-eu\/mycompany\/","https:\/\/pl.pinterest.com\/hempkingeu\/","https:\/\/www.youtube.com\/channel\/UCUkeZA1fj4hSZfoYm0WpZ7w"]}]},"product_price_amount":"8.90","product_price_currency":"PLN","og_availability":"instock","product_availability":"instock","product_condition":"new"},"_links":{"self":[{"href":"https:\/\/dev.hempking.eu\/pl\/wp-json\/wp\/v2\/product\/70130","targetHints":{"allow":["GET"]}}],"collection":[{"href":"https:\/\/dev.hempking.eu\/pl\/wp-json\/wp\/v2\/product"}],"about":[{"href":"https:\/\/dev.hempking.eu\/pl\/wp-json\/wp\/v2\/types\/product"}],"wp:featuredmedia":[{"embeddable":true,"href":"https:\/\/dev.hempking.eu\/pl\/wp-json\/wp\/v2\/media\/70134"}],"wp:attachment":[{"href":"https:\/\/dev.hempking.eu\/pl\/wp-json\/wp\/v2\/media?parent=70130"}],"wp:term":[{"taxonomy":"product_cat","embeddable":true,"href":"https:\/\/dev.hempking.eu\/pl\/wp-json\/wp\/v2\/product_cat?post=70130"},{"taxonomy":"product_tag","embeddable":true,"href":"https:\/\/dev.hempking.eu\/pl\/wp-json\/wp\/v2\/product_tag?post=70130"}],"curies":[{"name":"wp","href":"https:\/\/api.w.org\/{rel}","templated":true}]}}