{"id":71989,"date":"2021-08-03T13:26:57","date_gmt":"2021-08-03T11:26:57","guid":{"rendered":"https:\/\/hempking.eu\/pl\/?post_type=product&#038;p=71989"},"modified":"2023-04-18T13:36:27","modified_gmt":"2023-04-18T11:36:27","slug":"herbatka-konopna-na-uspokojenie-40g","status":"publish","type":"product","link":"https:\/\/dev.hempking.eu\/pl\/herbatka-konopna-na-uspokojenie-40g\/","title":{"rendered":"Herbatka konopna na uspokojenie - 40g HempKing"},"content":{"rendered":"<h2 style=\"text-align: justify;\">Herbatka konopna na uspokojenie i dobry sen- sekret naturalnego spokoju!<\/h2>\n<p style=\"text-align: justify;\">Herbatka konopna na uspokojenie zawiera pe\u0142ne spektrum fitosk\u0142adnik\u00f3w z konopi, takie jak kannabinoidy, terpeny, flawonoidy, czy fenole. Ta herbatka to wyj\u0105tkowe po\u0142\u0105czenie konopi, melisy i lawendy pomagaj\u0105cych si\u0119 odpr\u0119\u017cy\u0107 i zasn\u0105\u0107* oraz chmielu, kt\u00f3ry wspiera prawid\u0142owe funkcjonowanie uk\u0142adu nerwowego, kt\u00f3re Ci\u0119 zrelaksuje.<\/p>\n<p style=\"text-align: justify;\">Relaks i odpoczynek to podstawa naszego dobrego samopoczucia! Postaw na naturaln\u0105 herbatk\u0119 konopn\u0105 z wyj\u0105tkowymi sk\u0142adnikami i zobacz, jak przyjemne jest dbanie o sw\u00f3j uk\u0142ad nerwowy!<\/p>\n<p style=\"text-align: justify;\">Herbatka to urozmaicenie Twojej diety w naturalne produkty.<\/p>\n<p style=\"text-align: justify;\">Nie znajdziesz w niej \u017cadnej chemii, herbicyd\u00f3w, pestycyd\u00f3w, czy innych sztucznych dodatk\u00f3w.<\/p>\n<p style=\"text-align: justify;\">Opakowanie 40g jest mieszank\u0105 zawieraj\u0105c\u0105 konopie w\u0142\u00f3kniste 30% (Cannabis Sativa L.), li\u015b\u0107 melisy lekarskiej 20% (Melissa officinalis L.), kwiat lawendy 20% (Lavandulae L.), szyszki chmielu 20% (Humulus lupulus L.), ziele m\u0119czennicy 10% (Passiflora incarnata L.).<\/p>\n<p style=\"text-align: justify;\">Herbatka konopna to idealny nap\u00f3j do picia na wiecz\u00f3r. Dodaj kubek herbatki konopnej na uspokojenie do codziennych rytua\u0142\u00f3w, a zadbasz o sw\u00f3j uk\u0142ad nerwowy.<\/p>\n<h2 style=\"text-align: justify;\">Herbatka konopna na spok\u00f3j\u00a0 &#8211; wysoka jako\u015b\u0107 wprost z natury<\/h2>\n<p style=\"text-align: justify;\">Nasze produkty s\u0105 badane przez ca\u0142y czas produkcji. Od momentu gdy wybieramy nasiona i sadzonki, przez upraw\u0119 ro\u015bliny na polach nieskalanych chemi\u0105, a\u017c po przetw\u00f3rstwo, suszenie i gotowy produkt. Herbatka przebadali\u015bmy zar\u00f3wno w naszym wewn\u0119trznym laboratorium, jak zlecili\u015bmy badania niezale\u017cnej zewn\u0119trznej jednostce.<\/p>\n","protected":false},"excerpt":{"rendered":"<h2><strong>Herbatka konopna na uspokojenie to:<\/strong><\/h2>\n<ul>\n<li>r\u0119cznie zbierane i sortowane ro\u015bliny i zio\u0142a,<\/li>\n<li>konopie, melisa, lawenda, chmiel, m\u0119czennica,<\/li>\n<li>naturalne fitosk\u0142adniki z konopi<\/li>\n<li>w 100% natury, bez chemicznych dodatk\u00f3w,<\/li>\n<li>suszona w naturalny spos\u00f3b,<\/li>\n<li>przebadana przeprowadzi\u0142o niezale\u017cne laboratorium<\/li>\n<\/ul>\n<p><strong>Waga: 40 g<\/strong><\/p>\n","protected":false},"featured_media":87476,"template":"","meta":{"_acf_changed":false},"product_cat":[23,26,36],"product_tag":[],"class_list":{"0":"post-71989","1":"product","2":"type-product","3":"status-publish","4":"has-post-thumbnail","6":"product_cat-zywnosc-konopna","7":"product_cat-herbatki-konopne","8":"product_cat-bestsellery","10":"first","11":"instock","12":"shipping-taxable","13":"purchasable","14":"product-type-simple"},"acf":[],"yoast_head":"<!-- This site is optimized with the Yoast SEO Premium plugin v23.4 (Yoast SEO v24.0) - https:\/\/yoast.com\/wordpress\/plugins\/seo\/ -->\n<title>Herbatka konopna na uspokojenie i dobry sen 40g HempKing<\/title>\n<meta name=\"description\" content=\"Herbatka konopna na uspokojenie i dobry, mocny sen od HempKing. O dzia\u0142aniu wyciszaj\u0105cym, koj\u0105cym i antystresowym. Mocny sen i spok\u00f3j.\" \/>\n<link rel=\"canonical\" href=\"https:\/\/dev.hempking.eu\/pl\/herbatka-konopna-na-uspokojenie-40g\/\" \/>\n<meta property=\"og:locale\" content=\"pl_PL\" \/>\n<meta property=\"og:type\" content=\"article\" \/>\n<meta property=\"og:title\" content=\"Herbatka konopna na uspokojenie - 40g HempKing\" \/>\n<meta property=\"og:description\" content=\"Herbatka konopna na uspokojenie i dobry, mocny sen od HempKing. O dzia\u0142aniu wyciszaj\u0105cym, koj\u0105cym i antystresowym. Mocny sen i spok\u00f3j.\" \/>\n<meta property=\"og:url\" content=\"https:\/\/dev.hempking.eu\/pl\/herbatka-konopna-na-uspokojenie-40g\/\" \/>\n<meta property=\"og:site_name\" content=\"Hemp King\" \/>\n<meta property=\"article:publisher\" content=\"https:\/\/www.facebook.com\/hempkingpoland\" \/>\n<meta property=\"article:modified_time\" content=\"2023-04-18T11:36:27+00:00\" \/>\n<meta property=\"og:image\" content=\"https:\/\/dev.hempking.eu\/pl\/wp-content\/uploads\/sites\/2\/2022\/01\/herbatka_uspokojenie.jpg\" \/>\n\t<meta property=\"og:image:width\" content=\"1000\" \/>\n\t<meta property=\"og:image:height\" content=\"1000\" \/>\n\t<meta property=\"og:image:type\" content=\"image\/jpeg\" \/>\n<meta name=\"twitter:card\" content=\"summary_large_image\" \/>\n<meta name=\"twitter:site\" content=\"@hempkingeu\" \/>\n<meta name=\"twitter:label1\" content=\"Price\" \/>\n\t<meta name=\"twitter:data1\" content=\"36.90&nbsp;&#122;&#322;\" \/>\n\t<meta name=\"twitter:label2\" content=\"Availability\" \/>\n\t<meta name=\"twitter:data2\" content=\"In stock\" \/>\n<script type=\"application\/ld+json\" class=\"yoast-schema-graph\">{\"@context\":\"https:\/\/schema.org\",\"@graph\":[{\"@type\":\"WebPage\",\"@id\":\"https:\/\/dev.hempking.eu\/pl\/herbatka-konopna-na-uspokojenie-40g\/\",\"url\":\"https:\/\/dev.hempking.eu\/pl\/herbatka-konopna-na-uspokojenie-40g\/\",\"name\":\"Herbatka konopna na uspokojenie i dobry sen 40g HempKing\",\"isPartOf\":{\"@id\":\"https:\/\/dev.hempking.eu\/pl\/#website\"},\"primaryImageOfPage\":{\"@id\":\"https:\/\/dev.hempking.eu\/pl\/herbatka-konopna-na-uspokojenie-40g\/#primaryimage\"},\"image\":{\"@id\":\"https:\/\/dev.hempking.eu\/pl\/herbatka-konopna-na-uspokojenie-40g\/#primaryimage\"},\"thumbnailUrl\":\"https:\/\/dev.hempking.eu\/pl\/wp-content\/uploads\/sites\/2\/2022\/01\/herbatka_uspokojenie.jpg\",\"datePublished\":\"2021-08-03T11:26:57+00:00\",\"dateModified\":\"2023-04-18T11:36:27+00:00\",\"description\":\"Herbatka konopna na uspokojenie i dobry, mocny sen od HempKing. O dzia\u0142aniu wyciszaj\u0105cym, koj\u0105cym i antystresowym. Mocny sen i spok\u00f3j.\",\"breadcrumb\":{\"@id\":\"https:\/\/dev.hempking.eu\/pl\/herbatka-konopna-na-uspokojenie-40g\/#breadcrumb\"},\"inLanguage\":\"pl-PL\",\"potentialAction\":[{\"@type\":\"ReadAction\",\"target\":[\"https:\/\/dev.hempking.eu\/pl\/herbatka-konopna-na-uspokojenie-40g\/\"]}]},{\"@type\":\"ImageObject\",\"inLanguage\":\"pl-PL\",\"@id\":\"https:\/\/dev.hempking.eu\/pl\/herbatka-konopna-na-uspokojenie-40g\/#primaryimage\",\"url\":\"https:\/\/dev.hempking.eu\/pl\/wp-content\/uploads\/sites\/2\/2022\/01\/herbatka_uspokojenie.jpg\",\"contentUrl\":\"https:\/\/dev.hempking.eu\/pl\/wp-content\/uploads\/sites\/2\/2022\/01\/herbatka_uspokojenie.jpg\",\"width\":1000,\"height\":1000,\"caption\":\"Herbata konopna na uspokojenie 40 g HempKing\"},{\"@type\":\"BreadcrumbList\",\"@id\":\"https:\/\/dev.hempking.eu\/pl\/herbatka-konopna-na-uspokojenie-40g\/#breadcrumb\",\"itemListElement\":[{\"@type\":\"ListItem\",\"position\":1,\"name\":\"Home\",\"item\":\"https:\/\/dev.hempking.eu\/pl\/\"},{\"@type\":\"ListItem\",\"position\":2,\"name\":\"Sklep\",\"item\":\"https:\/\/dev.hempking.eu\/pl\/shop\/\"},{\"@type\":\"ListItem\",\"position\":3,\"name\":\"\u017bywno\u015b\u0107 konopna\",\"item\":\"https:\/\/dev.hempking.eu\/pl\/zywnosc-konopna\/\"},{\"@type\":\"ListItem\",\"position\":4,\"name\":\"Herbatki konopne\",\"item\":\"https:\/\/dev.hempking.eu\/pl\/herbatki-konopne\/\"},{\"@type\":\"ListItem\",\"position\":5,\"name\":\"Herbatka konopna na uspokojenie - 40g HempKing\"}]},{\"@type\":\"WebSite\",\"@id\":\"https:\/\/dev.hempking.eu\/pl\/#website\",\"url\":\"https:\/\/dev.hempking.eu\/pl\/\",\"name\":\"Hemp King\",\"description\":\"\",\"publisher\":{\"@id\":\"https:\/\/dev.hempking.eu\/pl\/#organization\"},\"potentialAction\":[{\"@type\":\"SearchAction\",\"target\":{\"@type\":\"EntryPoint\",\"urlTemplate\":\"https:\/\/dev.hempking.eu\/pl\/?s={search_term_string}\"},\"query-input\":{\"@type\":\"PropertyValueSpecification\",\"valueRequired\":true,\"valueName\":\"search_term_string\"}}],\"inLanguage\":\"pl-PL\"},{\"@type\":\"Organization\",\"@id\":\"https:\/\/dev.hempking.eu\/pl\/#organization\",\"name\":\"Hemp King\",\"url\":\"https:\/\/dev.hempking.eu\/pl\/\",\"logo\":{\"@type\":\"ImageObject\",\"inLanguage\":\"pl-PL\",\"@id\":\"https:\/\/dev.hempking.eu\/pl\/#\/schema\/logo\/image\/\",\"url\":\"https:\/\/dev.hempking.eu\/pl\/wp-content\/uploads\/sites\/2\/2020\/05\/hempking.png\",\"contentUrl\":\"https:\/\/dev.hempking.eu\/pl\/wp-content\/uploads\/sites\/2\/2020\/05\/hempking.png\",\"width\":148,\"height\":91,\"caption\":\"Hemp King\"},\"image\":{\"@id\":\"https:\/\/dev.hempking.eu\/pl\/#\/schema\/logo\/image\/\"},\"sameAs\":[\"https:\/\/www.facebook.com\/hempkingpoland\",\"https:\/\/x.com\/hempkingeu\",\"https:\/\/www.instagram.com\/hempkingeu\/\",\"https:\/\/www.linkedin.com\/company\/hempking-eu\/mycompany\/\",\"https:\/\/pl.pinterest.com\/hempkingeu\/\",\"https:\/\/www.youtube.com\/channel\/UCUkeZA1fj4hSZfoYm0WpZ7w\"]}]}<\/script>\n<meta property=\"product:price:amount\" content=\"36.90\" \/>\n<meta property=\"product:price:currency\" content=\"PLN\" \/>\n<meta property=\"og:availability\" content=\"instock\" \/>\n<meta property=\"product:availability\" content=\"instock\" \/>\n<meta property=\"product:condition\" content=\"new\" \/>\n<!-- \/ Yoast SEO Premium plugin. -->","yoast_head_json":{"title":"Herbatka konopna na uspokojenie i dobry sen 40g HempKing","description":"Herbatka konopna na uspokojenie i dobry, mocny sen od HempKing. O dzia\u0142aniu wyciszaj\u0105cym, koj\u0105cym i antystresowym. Mocny sen i spok\u00f3j.","canonical":"https:\/\/dev.hempking.eu\/pl\/herbatka-konopna-na-uspokojenie-40g\/","og_locale":"pl_PL","og_type":"article","og_title":"Herbatka konopna na uspokojenie - 40g HempKing","og_description":"Herbatka konopna na uspokojenie i dobry, mocny sen od HempKing. O dzia\u0142aniu wyciszaj\u0105cym, koj\u0105cym i antystresowym. Mocny sen i spok\u00f3j.","og_url":"https:\/\/dev.hempking.eu\/pl\/herbatka-konopna-na-uspokojenie-40g\/","og_site_name":"Hemp King","article_publisher":"https:\/\/www.facebook.com\/hempkingpoland","article_modified_time":"2023-04-18T11:36:27+00:00","og_image":[{"width":1000,"height":1000,"url":"https:\/\/dev.hempking.eu\/pl\/wp-content\/uploads\/sites\/2\/2022\/01\/herbatka_uspokojenie.jpg","type":"image\/jpeg"}],"twitter_card":"summary_large_image","twitter_site":"@hempkingeu","twitter_misc":{"Price":"36.90&nbsp;&#122;&#322;","Availability":"In stock"},"schema":{"@context":"https:\/\/schema.org","@graph":[{"@type":"WebPage","@id":"https:\/\/dev.hempking.eu\/pl\/herbatka-konopna-na-uspokojenie-40g\/","url":"https:\/\/dev.hempking.eu\/pl\/herbatka-konopna-na-uspokojenie-40g\/","name":"Herbatka konopna na uspokojenie i dobry sen 40g HempKing","isPartOf":{"@id":"https:\/\/dev.hempking.eu\/pl\/#website"},"primaryImageOfPage":{"@id":"https:\/\/dev.hempking.eu\/pl\/herbatka-konopna-na-uspokojenie-40g\/#primaryimage"},"image":{"@id":"https:\/\/dev.hempking.eu\/pl\/herbatka-konopna-na-uspokojenie-40g\/#primaryimage"},"thumbnailUrl":"https:\/\/dev.hempking.eu\/pl\/wp-content\/uploads\/sites\/2\/2022\/01\/herbatka_uspokojenie.jpg","datePublished":"2021-08-03T11:26:57+00:00","dateModified":"2023-04-18T11:36:27+00:00","description":"Herbatka konopna na uspokojenie i dobry, mocny sen od HempKing. O dzia\u0142aniu wyciszaj\u0105cym, koj\u0105cym i antystresowym. Mocny sen i spok\u00f3j.","breadcrumb":{"@id":"https:\/\/dev.hempking.eu\/pl\/herbatka-konopna-na-uspokojenie-40g\/#breadcrumb"},"inLanguage":"pl-PL","potentialAction":[{"@type":"ReadAction","target":["https:\/\/dev.hempking.eu\/pl\/herbatka-konopna-na-uspokojenie-40g\/"]}]},{"@type":"ImageObject","inLanguage":"pl-PL","@id":"https:\/\/dev.hempking.eu\/pl\/herbatka-konopna-na-uspokojenie-40g\/#primaryimage","url":"https:\/\/dev.hempking.eu\/pl\/wp-content\/uploads\/sites\/2\/2022\/01\/herbatka_uspokojenie.jpg","contentUrl":"https:\/\/dev.hempking.eu\/pl\/wp-content\/uploads\/sites\/2\/2022\/01\/herbatka_uspokojenie.jpg","width":1000,"height":1000,"caption":"Herbata konopna na uspokojenie 40 g HempKing"},{"@type":"BreadcrumbList","@id":"https:\/\/dev.hempking.eu\/pl\/herbatka-konopna-na-uspokojenie-40g\/#breadcrumb","itemListElement":[{"@type":"ListItem","position":1,"name":"Home","item":"https:\/\/dev.hempking.eu\/pl\/"},{"@type":"ListItem","position":2,"name":"Sklep","item":"https:\/\/dev.hempking.eu\/pl\/shop\/"},{"@type":"ListItem","position":3,"name":"\u017bywno\u015b\u0107 konopna","item":"https:\/\/dev.hempking.eu\/pl\/zywnosc-konopna\/"},{"@type":"ListItem","position":4,"name":"Herbatki konopne","item":"https:\/\/dev.hempking.eu\/pl\/herbatki-konopne\/"},{"@type":"ListItem","position":5,"name":"Herbatka konopna na uspokojenie - 40g HempKing"}]},{"@type":"WebSite","@id":"https:\/\/dev.hempking.eu\/pl\/#website","url":"https:\/\/dev.hempking.eu\/pl\/","name":"Hemp King","description":"","publisher":{"@id":"https:\/\/dev.hempking.eu\/pl\/#organization"},"potentialAction":[{"@type":"SearchAction","target":{"@type":"EntryPoint","urlTemplate":"https:\/\/dev.hempking.eu\/pl\/?s={search_term_string}"},"query-input":{"@type":"PropertyValueSpecification","valueRequired":true,"valueName":"search_term_string"}}],"inLanguage":"pl-PL"},{"@type":"Organization","@id":"https:\/\/dev.hempking.eu\/pl\/#organization","name":"Hemp King","url":"https:\/\/dev.hempking.eu\/pl\/","logo":{"@type":"ImageObject","inLanguage":"pl-PL","@id":"https:\/\/dev.hempking.eu\/pl\/#\/schema\/logo\/image\/","url":"https:\/\/dev.hempking.eu\/pl\/wp-content\/uploads\/sites\/2\/2020\/05\/hempking.png","contentUrl":"https:\/\/dev.hempking.eu\/pl\/wp-content\/uploads\/sites\/2\/2020\/05\/hempking.png","width":148,"height":91,"caption":"Hemp King"},"image":{"@id":"https:\/\/dev.hempking.eu\/pl\/#\/schema\/logo\/image\/"},"sameAs":["https:\/\/www.facebook.com\/hempkingpoland","https:\/\/x.com\/hempkingeu","https:\/\/www.instagram.com\/hempkingeu\/","https:\/\/www.linkedin.com\/company\/hempking-eu\/mycompany\/","https:\/\/pl.pinterest.com\/hempkingeu\/","https:\/\/www.youtube.com\/channel\/UCUkeZA1fj4hSZfoYm0WpZ7w"]}]},"product_price_amount":"36.90","product_price_currency":"PLN","og_availability":"instock","product_availability":"instock","product_condition":"new"},"_links":{"self":[{"href":"https:\/\/dev.hempking.eu\/pl\/wp-json\/wp\/v2\/product\/71989","targetHints":{"allow":["GET"]}}],"collection":[{"href":"https:\/\/dev.hempking.eu\/pl\/wp-json\/wp\/v2\/product"}],"about":[{"href":"https:\/\/dev.hempking.eu\/pl\/wp-json\/wp\/v2\/types\/product"}],"wp:featuredmedia":[{"embeddable":true,"href":"https:\/\/dev.hempking.eu\/pl\/wp-json\/wp\/v2\/media\/87476"}],"wp:attachment":[{"href":"https:\/\/dev.hempking.eu\/pl\/wp-json\/wp\/v2\/media?parent=71989"}],"wp:term":[{"taxonomy":"product_cat","embeddable":true,"href":"https:\/\/dev.hempking.eu\/pl\/wp-json\/wp\/v2\/product_cat?post=71989"},{"taxonomy":"product_tag","embeddable":true,"href":"https:\/\/dev.hempking.eu\/pl\/wp-json\/wp\/v2\/product_tag?post=71989"}],"curies":[{"name":"wp","href":"https:\/\/api.w.org\/{rel}","templated":true}]}}