{"id":73243,"date":"2021-08-25T12:47:49","date_gmt":"2021-08-25T10:47:49","guid":{"rendered":"https:\/\/hempking.eu\/pl\/?post_type=product&#038;p=73243"},"modified":"2023-04-18T13:58:50","modified_gmt":"2023-04-18T11:58:50","slug":"stawocare-masc-na-stawy-60ml","status":"publish","type":"product","link":"https:\/\/dev.hempking.eu\/pl\/stawocare-masc-na-stawy-60ml\/","title":{"rendered":"Stawocare - ma\u015b\u0107 na stawy - 60 ml"},"content":{"rendered":"<h2 style=\"text-align: justify;\"><span style=\"font-weight: 400;\">Stawocare &#8211; ma\u015b\u0107 konopna na stawy &#8211; 60 ml<\/span><\/h2>\n<p style=\"text-align: justify;\"><span style=\"font-weight: 400;\">Nasz\u0105 <\/span><b>ma\u015b\u0107 na stawy<\/b><span style=\"font-weight: 400;\"> stworzyli\u015bmy specjalnie z my\u015bl\u0105 o ka\u017cdym, kto chce stosowa\u0107 <\/span><b>ma\u015b\u0107 konopn\u0105 na stawy<\/b><span style=\"font-weight: 400;\"> po to, by je wesprze\u0107 w naturalny spos\u00f3b. Zawiera wiele sk\u0142adnik\u00f3w aktywnych! Na <\/span><b>ma\u015b\u0107 konopn\u0105 na b\u00f3le staw\u00f3w<\/b><span style=\"font-weight: 400;\"> sk\u0142ada si\u0119 m.in. \u017cywokost, organiczna siarka &#8211; MSM, w\u0105krotka azjatycka, a tak\u017ce olej konopny z fitosk\u0142adnikami. To produkt, kt\u00f3ry powsta\u0142 po to, by da\u0107 Ci naturalne ukojenie i pozwoli\u0107 Ci dzia\u0142a\u0107 w zgodzie z natur\u0105, kiedy tylko masz tak\u0105 potrzeb\u0119! <\/span><span style=\"font-weight: 400;\"><br \/>\n<\/span><span style=\"font-weight: 400;\"><br \/>\n<\/span><b>Ma\u015b\u0107 na stawy<\/b><span style=\"font-weight: 400;\"> Stawocare \u015bwietnie sprawdzi si\u0119 u wielu os\u00f3b, a zw\u0142aszcza u tych, kt\u00f3re:<\/span><\/p>\n<ul style=\"text-align: justify;\">\n<li style=\"font-weight: 400;\" aria-level=\"1\"><span style=\"font-weight: 400;\">trenuj\u0105,\u00a0<\/span><\/li>\n<li style=\"font-weight: 400;\" aria-level=\"1\"><span style=\"font-weight: 400;\">prowadz\u0105 intensywny tryb \u017cycia,\u00a0<\/span><\/li>\n<li style=\"font-weight: 400;\" aria-level=\"1\"><span style=\"font-weight: 400;\">s\u0105 w starszym wieku,\u00a0<\/span><\/li>\n<li style=\"font-weight: 400;\" aria-level=\"1\"><span style=\"font-weight: 400;\">czuj\u0105, \u017ce potrzebuj\u0105 naturalnego wsparcia w okolicach staw\u00f3w,\u00a0<\/span><\/li>\n<li style=\"font-weight: 400;\" aria-level=\"1\"><span style=\"font-weight: 400;\">s\u0105 nara\u017cone na urazy w okolicy staw\u00f3w,<\/span><\/li>\n<li style=\"font-weight: 400;\" aria-level=\"1\"><span style=\"font-weight: 400;\">chc\u0105 piel\u0119gnowa\u0107 sk\u00f3r\u0119 w tych okolicach.\u00a0<\/span><\/li>\n<\/ul>\n<p style=\"text-align: justify;\"><b>Ma\u015b\u0107 konopna na b\u00f3le staw\u00f3w<\/b><span style=\"font-weight: 400;\"> Stawocare to produkt, kt\u00f3ry przetestowa\u0142o ju\u017c tysi\u0105ce naszych klient\u00f3w, a kt\u00f3rego opinie mo\u017cesz sprawdzi\u0107 tutaj na naszej stronie! Je\u015bli czujesz, \u017ce to co\u015b dla Ciebie, wypr\u00f3buj j\u0105!<\/span><\/p>\n<h2 style=\"text-align: justify;\"><span style=\"font-weight: 400;\">Stawocare \u2013 zalety<\/span><\/h2>\n<p style=\"text-align: justify;\"><span style=\"font-weight: 400;\">Stawocare to nie jest zwyk\u0142a <\/span><b>ma\u015b\u0107 konopna na stawy<\/b><span style=\"font-weight: 400;\">, a starannie dopracowany miks sk\u0142adnik\u00f3w, kt\u00f3rych zadaniem jest wsparcie Ci\u0119 w codziennej rutynie. Nie znajdziesz tutaj kontrowersyjnych sk\u0142adnik\u00f3w, kt\u00f3rych dzia\u0142anie jest poddane pod w\u0105tpliwo\u015b\u0107 lub ich szkodliwo\u015b\u0107 znacznie przewa\u017ca nad zaletami! To moc ro\u015blinnych w\u0142a\u015bciwo\u015bci wraz z olejkami eterycznymi. Bez zb\u0119dnych sztucznych aromat\u00f3w, barwnik\u00f3w, konserwant\u00f3w czy paraben\u00f3w.\u00a0<\/span><\/p>\n<p style=\"text-align: justify;\"><span style=\"font-weight: 400;\">Dodatkow\u0105 zalet\u0105 naszych kosmetyk\u00f3w takich jak <\/span><b>ma\u015b\u0107 konopna na b\u00f3le staw\u00f3w<\/b><span style=\"font-weight: 400;\"> jest fakt, \u017ce ich opakowanie jest zgodne z duchem idei less\/zero waste. Ma\u015b\u0107 Stawocare zamkni\u0119ta jest w szklanym ciemnym s\u0142oiczku z aluminiow\u0105 nakr\u0119tk\u0105. Dzi\u0119ki temu nie tylko wygl\u0105da stylowo i \u015bwietnie nadaje si\u0119 na prezent, np. dla bliskiego Twemu sercu sportowca, ale tak\u017ce nie generuje plastikowych \u015bmieci! Staramy si\u0119 dba\u0107 o ekologi\u0119, poniewa\u017c zale\u017cy nam na darach natury, z kt\u00f3rych korzystamy na co dzie\u0144. S\u0142oiczek, po zu\u017cyciu ma\u015bci, mo\u017cesz bez problemu ponownie wykorzysta\u0107. <\/span><\/p>\n","protected":false},"excerpt":{"rendered":"<h2><strong>Ma\u015b\u0107 Stawocare to:\u00a0<\/strong><\/h2>\n<ul>\n<li>ma\u015b\u0107 wspieraj\u0105ca Twoje stawy,<\/li>\n<li>po\u0142\u0105czenie konopi z w\u0105krotk\u0105 azjatyck\u0105, MSM i \u017cywokostem<\/li>\n<li>produkt oparty na naturalnych sk\u0142adnikach wysokiej jako\u015bci<\/li>\n<\/ul>\n<p><strong>Pojemno\u015b\u0107: 60ml<\/strong><\/p>\n","protected":false},"featured_media":134687,"template":"","meta":{"_acf_changed":false},"product_cat":[28,111,106],"product_tag":[],"class_list":{"0":"post-73243","1":"product","2":"type-product","3":"status-publish","4":"has-post-thumbnail","6":"product_cat-kosmetyki-konopne","7":"product_cat-kosmetyki-do-ciala-z-konopi","8":"product_cat-masc-konopna","10":"first","11":"instock","12":"shipping-taxable","13":"purchasable","14":"product-type-simple"},"acf":[],"yoast_head":"<!-- This site is optimized with the Yoast SEO Premium plugin v23.4 (Yoast SEO v24.0) - https:\/\/yoast.com\/wordpress\/plugins\/seo\/ -->\n<title>Ma\u015b\u0107 na stawy - Stawocare - 60ml HempKing<\/title>\n<meta name=\"description\" content=\"Ma\u015b\u0107 na stawy - Stawocare - naturalna regeneracja dla staw\u00f3w. Tylko naturalne sk\u0142adniki. Tylko dobry sk\u0142ad. Totalna NOWO\u015a\u0106 w HempKing !\" \/>\n<link rel=\"canonical\" href=\"https:\/\/dev.hempking.eu\/pl\/stawocare-masc-na-stawy-60ml\/\" \/>\n<meta property=\"og:locale\" content=\"pl_PL\" \/>\n<meta property=\"og:type\" content=\"article\" \/>\n<meta property=\"og:title\" content=\"Stawocare - ma\u015b\u0107 na stawy - 60 ml\" \/>\n<meta property=\"og:description\" content=\"Ma\u015b\u0107 na stawy - Stawocare - naturalna regeneracja dla staw\u00f3w. Tylko naturalne sk\u0142adniki. Tylko dobry sk\u0142ad. Totalna NOWO\u015a\u0106 w HempKing !\" \/>\n<meta property=\"og:url\" content=\"https:\/\/dev.hempking.eu\/pl\/stawocare-masc-na-stawy-60ml\/\" \/>\n<meta property=\"og:site_name\" content=\"Hemp King\" \/>\n<meta property=\"article:publisher\" content=\"https:\/\/www.facebook.com\/hempkingpoland\" \/>\n<meta property=\"article:modified_time\" content=\"2023-04-18T11:58:50+00:00\" \/>\n<meta property=\"og:image\" content=\"https:\/\/dev.hempking.eu\/pl\/wp-content\/uploads\/sites\/2\/2021\/08\/STAWOCARE-MAS\u0301C\u0301-4-1024x1024.png\" \/>\n\t<meta property=\"og:image:width\" content=\"1024\" \/>\n\t<meta property=\"og:image:height\" content=\"1024\" \/>\n\t<meta property=\"og:image:type\" content=\"image\/png\" \/>\n<meta name=\"twitter:card\" content=\"summary_large_image\" \/>\n<meta name=\"twitter:site\" content=\"@hempkingeu\" \/>\n<meta name=\"twitter:label1\" content=\"Price\" \/>\n\t<meta name=\"twitter:data1\" content=\"59.90&nbsp;&#122;&#322;\" \/>\n\t<meta name=\"twitter:label2\" content=\"Availability\" \/>\n\t<meta name=\"twitter:data2\" content=\"In stock\" \/>\n<script type=\"application\/ld+json\" class=\"yoast-schema-graph\">{\"@context\":\"https:\/\/schema.org\",\"@graph\":[{\"@type\":\"WebPage\",\"@id\":\"https:\/\/dev.hempking.eu\/pl\/stawocare-masc-na-stawy-60ml\/\",\"url\":\"https:\/\/dev.hempking.eu\/pl\/stawocare-masc-na-stawy-60ml\/\",\"name\":\"Ma\u015b\u0107 na stawy - Stawocare - 60ml HempKing\",\"isPartOf\":{\"@id\":\"https:\/\/dev.hempking.eu\/pl\/#website\"},\"primaryImageOfPage\":{\"@id\":\"https:\/\/dev.hempking.eu\/pl\/stawocare-masc-na-stawy-60ml\/#primaryimage\"},\"image\":{\"@id\":\"https:\/\/dev.hempking.eu\/pl\/stawocare-masc-na-stawy-60ml\/#primaryimage\"},\"thumbnailUrl\":\"https:\/\/dev.hempking.eu\/pl\/wp-content\/uploads\/sites\/2\/2021\/08\/STAWOCARE-MAS\u0301C\u0301-4.png\",\"datePublished\":\"2021-08-25T10:47:49+00:00\",\"dateModified\":\"2023-04-18T11:58:50+00:00\",\"description\":\"Ma\u015b\u0107 na stawy - Stawocare - naturalna regeneracja dla staw\u00f3w. Tylko naturalne sk\u0142adniki. Tylko dobry sk\u0142ad. Totalna NOWO\u015a\u0106 w HempKing !\",\"breadcrumb\":{\"@id\":\"https:\/\/dev.hempking.eu\/pl\/stawocare-masc-na-stawy-60ml\/#breadcrumb\"},\"inLanguage\":\"pl-PL\",\"potentialAction\":[{\"@type\":\"ReadAction\",\"target\":[\"https:\/\/dev.hempking.eu\/pl\/stawocare-masc-na-stawy-60ml\/\"]}]},{\"@type\":\"ImageObject\",\"inLanguage\":\"pl-PL\",\"@id\":\"https:\/\/dev.hempking.eu\/pl\/stawocare-masc-na-stawy-60ml\/#primaryimage\",\"url\":\"https:\/\/dev.hempking.eu\/pl\/wp-content\/uploads\/sites\/2\/2021\/08\/STAWOCARE-MAS\u0301C\u0301-4.png\",\"contentUrl\":\"https:\/\/dev.hempking.eu\/pl\/wp-content\/uploads\/sites\/2\/2021\/08\/STAWOCARE-MAS\u0301C\u0301-4.png\",\"width\":4000,\"height\":4000,\"caption\":\"Stawocare konopna ma\u015b\u0107 na stawy\"},{\"@type\":\"BreadcrumbList\",\"@id\":\"https:\/\/dev.hempking.eu\/pl\/stawocare-masc-na-stawy-60ml\/#breadcrumb\",\"itemListElement\":[{\"@type\":\"ListItem\",\"position\":1,\"name\":\"Home\",\"item\":\"https:\/\/dev.hempking.eu\/pl\/\"},{\"@type\":\"ListItem\",\"position\":2,\"name\":\"Sklep\",\"item\":\"https:\/\/dev.hempking.eu\/pl\/shop\/\"},{\"@type\":\"ListItem\",\"position\":3,\"name\":\"Kosmetyki konopne\",\"item\":\"https:\/\/dev.hempking.eu\/pl\/kosmetyki-konopne\/\"},{\"@type\":\"ListItem\",\"position\":4,\"name\":\"Stawocare - ma\u015b\u0107 na stawy - 60 ml\"}]},{\"@type\":\"WebSite\",\"@id\":\"https:\/\/dev.hempking.eu\/pl\/#website\",\"url\":\"https:\/\/dev.hempking.eu\/pl\/\",\"name\":\"Hemp King\",\"description\":\"\",\"publisher\":{\"@id\":\"https:\/\/dev.hempking.eu\/pl\/#organization\"},\"potentialAction\":[{\"@type\":\"SearchAction\",\"target\":{\"@type\":\"EntryPoint\",\"urlTemplate\":\"https:\/\/dev.hempking.eu\/pl\/?s={search_term_string}\"},\"query-input\":{\"@type\":\"PropertyValueSpecification\",\"valueRequired\":true,\"valueName\":\"search_term_string\"}}],\"inLanguage\":\"pl-PL\"},{\"@type\":\"Organization\",\"@id\":\"https:\/\/dev.hempking.eu\/pl\/#organization\",\"name\":\"Hemp King\",\"url\":\"https:\/\/dev.hempking.eu\/pl\/\",\"logo\":{\"@type\":\"ImageObject\",\"inLanguage\":\"pl-PL\",\"@id\":\"https:\/\/dev.hempking.eu\/pl\/#\/schema\/logo\/image\/\",\"url\":\"https:\/\/dev.hempking.eu\/pl\/wp-content\/uploads\/sites\/2\/2020\/05\/hempking.png\",\"contentUrl\":\"https:\/\/dev.hempking.eu\/pl\/wp-content\/uploads\/sites\/2\/2020\/05\/hempking.png\",\"width\":148,\"height\":91,\"caption\":\"Hemp King\"},\"image\":{\"@id\":\"https:\/\/dev.hempking.eu\/pl\/#\/schema\/logo\/image\/\"},\"sameAs\":[\"https:\/\/www.facebook.com\/hempkingpoland\",\"https:\/\/x.com\/hempkingeu\",\"https:\/\/www.instagram.com\/hempkingeu\/\",\"https:\/\/www.linkedin.com\/company\/hempking-eu\/mycompany\/\",\"https:\/\/pl.pinterest.com\/hempkingeu\/\",\"https:\/\/www.youtube.com\/channel\/UCUkeZA1fj4hSZfoYm0WpZ7w\"]}]}<\/script>\n<meta property=\"product:price:amount\" content=\"59.90\" \/>\n<meta property=\"product:price:currency\" content=\"PLN\" \/>\n<meta property=\"og:availability\" content=\"instock\" \/>\n<meta property=\"product:availability\" content=\"instock\" \/>\n<meta property=\"product:condition\" content=\"new\" \/>\n<!-- \/ Yoast SEO Premium plugin. -->","yoast_head_json":{"title":"Ma\u015b\u0107 na stawy - Stawocare - 60ml HempKing","description":"Ma\u015b\u0107 na stawy - Stawocare - naturalna regeneracja dla staw\u00f3w. Tylko naturalne sk\u0142adniki. Tylko dobry sk\u0142ad. Totalna NOWO\u015a\u0106 w HempKing !","canonical":"https:\/\/dev.hempking.eu\/pl\/stawocare-masc-na-stawy-60ml\/","og_locale":"pl_PL","og_type":"article","og_title":"Stawocare - ma\u015b\u0107 na stawy - 60 ml","og_description":"Ma\u015b\u0107 na stawy - Stawocare - naturalna regeneracja dla staw\u00f3w. Tylko naturalne sk\u0142adniki. Tylko dobry sk\u0142ad. Totalna NOWO\u015a\u0106 w HempKing !","og_url":"https:\/\/dev.hempking.eu\/pl\/stawocare-masc-na-stawy-60ml\/","og_site_name":"Hemp King","article_publisher":"https:\/\/www.facebook.com\/hempkingpoland","article_modified_time":"2023-04-18T11:58:50+00:00","og_image":[{"width":1024,"height":1024,"url":"https:\/\/dev.hempking.eu\/pl\/wp-content\/uploads\/sites\/2\/2021\/08\/STAWOCARE-MAS\u0301C\u0301-4-1024x1024.png","type":"image\/png"}],"twitter_card":"summary_large_image","twitter_site":"@hempkingeu","twitter_misc":{"Price":"59.90&nbsp;&#122;&#322;","Availability":"In stock"},"schema":{"@context":"https:\/\/schema.org","@graph":[{"@type":"WebPage","@id":"https:\/\/dev.hempking.eu\/pl\/stawocare-masc-na-stawy-60ml\/","url":"https:\/\/dev.hempking.eu\/pl\/stawocare-masc-na-stawy-60ml\/","name":"Ma\u015b\u0107 na stawy - Stawocare - 60ml HempKing","isPartOf":{"@id":"https:\/\/dev.hempking.eu\/pl\/#website"},"primaryImageOfPage":{"@id":"https:\/\/dev.hempking.eu\/pl\/stawocare-masc-na-stawy-60ml\/#primaryimage"},"image":{"@id":"https:\/\/dev.hempking.eu\/pl\/stawocare-masc-na-stawy-60ml\/#primaryimage"},"thumbnailUrl":"https:\/\/dev.hempking.eu\/pl\/wp-content\/uploads\/sites\/2\/2021\/08\/STAWOCARE-MAS\u0301C\u0301-4.png","datePublished":"2021-08-25T10:47:49+00:00","dateModified":"2023-04-18T11:58:50+00:00","description":"Ma\u015b\u0107 na stawy - Stawocare - naturalna regeneracja dla staw\u00f3w. Tylko naturalne sk\u0142adniki. Tylko dobry sk\u0142ad. Totalna NOWO\u015a\u0106 w HempKing !","breadcrumb":{"@id":"https:\/\/dev.hempking.eu\/pl\/stawocare-masc-na-stawy-60ml\/#breadcrumb"},"inLanguage":"pl-PL","potentialAction":[{"@type":"ReadAction","target":["https:\/\/dev.hempking.eu\/pl\/stawocare-masc-na-stawy-60ml\/"]}]},{"@type":"ImageObject","inLanguage":"pl-PL","@id":"https:\/\/dev.hempking.eu\/pl\/stawocare-masc-na-stawy-60ml\/#primaryimage","url":"https:\/\/dev.hempking.eu\/pl\/wp-content\/uploads\/sites\/2\/2021\/08\/STAWOCARE-MAS\u0301C\u0301-4.png","contentUrl":"https:\/\/dev.hempking.eu\/pl\/wp-content\/uploads\/sites\/2\/2021\/08\/STAWOCARE-MAS\u0301C\u0301-4.png","width":4000,"height":4000,"caption":"Stawocare konopna ma\u015b\u0107 na stawy"},{"@type":"BreadcrumbList","@id":"https:\/\/dev.hempking.eu\/pl\/stawocare-masc-na-stawy-60ml\/#breadcrumb","itemListElement":[{"@type":"ListItem","position":1,"name":"Home","item":"https:\/\/dev.hempking.eu\/pl\/"},{"@type":"ListItem","position":2,"name":"Sklep","item":"https:\/\/dev.hempking.eu\/pl\/shop\/"},{"@type":"ListItem","position":3,"name":"Kosmetyki konopne","item":"https:\/\/dev.hempking.eu\/pl\/kosmetyki-konopne\/"},{"@type":"ListItem","position":4,"name":"Stawocare - ma\u015b\u0107 na stawy - 60 ml"}]},{"@type":"WebSite","@id":"https:\/\/dev.hempking.eu\/pl\/#website","url":"https:\/\/dev.hempking.eu\/pl\/","name":"Hemp King","description":"","publisher":{"@id":"https:\/\/dev.hempking.eu\/pl\/#organization"},"potentialAction":[{"@type":"SearchAction","target":{"@type":"EntryPoint","urlTemplate":"https:\/\/dev.hempking.eu\/pl\/?s={search_term_string}"},"query-input":{"@type":"PropertyValueSpecification","valueRequired":true,"valueName":"search_term_string"}}],"inLanguage":"pl-PL"},{"@type":"Organization","@id":"https:\/\/dev.hempking.eu\/pl\/#organization","name":"Hemp King","url":"https:\/\/dev.hempking.eu\/pl\/","logo":{"@type":"ImageObject","inLanguage":"pl-PL","@id":"https:\/\/dev.hempking.eu\/pl\/#\/schema\/logo\/image\/","url":"https:\/\/dev.hempking.eu\/pl\/wp-content\/uploads\/sites\/2\/2020\/05\/hempking.png","contentUrl":"https:\/\/dev.hempking.eu\/pl\/wp-content\/uploads\/sites\/2\/2020\/05\/hempking.png","width":148,"height":91,"caption":"Hemp King"},"image":{"@id":"https:\/\/dev.hempking.eu\/pl\/#\/schema\/logo\/image\/"},"sameAs":["https:\/\/www.facebook.com\/hempkingpoland","https:\/\/x.com\/hempkingeu","https:\/\/www.instagram.com\/hempkingeu\/","https:\/\/www.linkedin.com\/company\/hempking-eu\/mycompany\/","https:\/\/pl.pinterest.com\/hempkingeu\/","https:\/\/www.youtube.com\/channel\/UCUkeZA1fj4hSZfoYm0WpZ7w"]}]},"product_price_amount":"59.90","product_price_currency":"PLN","og_availability":"instock","product_availability":"instock","product_condition":"new"},"_links":{"self":[{"href":"https:\/\/dev.hempking.eu\/pl\/wp-json\/wp\/v2\/product\/73243","targetHints":{"allow":["GET"]}}],"collection":[{"href":"https:\/\/dev.hempking.eu\/pl\/wp-json\/wp\/v2\/product"}],"about":[{"href":"https:\/\/dev.hempking.eu\/pl\/wp-json\/wp\/v2\/types\/product"}],"wp:featuredmedia":[{"embeddable":true,"href":"https:\/\/dev.hempking.eu\/pl\/wp-json\/wp\/v2\/media\/134687"}],"wp:attachment":[{"href":"https:\/\/dev.hempking.eu\/pl\/wp-json\/wp\/v2\/media?parent=73243"}],"wp:term":[{"taxonomy":"product_cat","embeddable":true,"href":"https:\/\/dev.hempking.eu\/pl\/wp-json\/wp\/v2\/product_cat?post=73243"},{"taxonomy":"product_tag","embeddable":true,"href":"https:\/\/dev.hempking.eu\/pl\/wp-json\/wp\/v2\/product_tag?post=73243"}],"curies":[{"name":"wp","href":"https:\/\/api.w.org\/{rel}","templated":true}]}}