{"id":74675,"date":"2021-09-15T13:12:22","date_gmt":"2021-09-15T11:12:22","guid":{"rendered":"https:\/\/hempking.eu\/pl\/?post_type=product&#038;p=74675"},"modified":"2023-05-19T12:50:16","modified_gmt":"2023-05-19T10:50:16","slug":"olej-cbd-5-k2mk-7-z-natto-10ml-last-minute","status":"publish","type":"product","link":"https:\/\/dev.hempking.eu\/pl\/olej-cbd-5-k2mk-7-z-natto-10ml-last-minute\/","title":{"rendered":"Olej CBD 5% + CBDA, CBC, CBGA, CBG, CBDV, CBN + K2MK-7 z natto - 10ml - wa\u017cno\u015b\u0107 do 30.06.2023"},"content":{"rendered":"<h2 style=\"text-align: justify;\">Poznaj Olej CBD 5% z naturaln\u0105 witamin\u0105 K2MK-7 z natto \u2013 wsparcie odporno\u015bci<\/h2>\n<p style=\"text-align: justify;\">Bestsellerowy hempkingowy produkt, jakim jest olej CBD Natural 5% &#8211; 10ml po\u0142\u0105czyli\u015bmy z ca\u0142kowicie naturaln\u0105 witamin\u0105 K2MK-7, kt\u00f3ra pochodzi z natto, czyli sfermentowanej soi. <strong>Ten olej CBD 5% + K2MK-7 dostarczy Ci 500mg CBD wraz z innymi fitosk\u0142adnikami oraz 6600 ug witaminy K2MK-7 (menachinon-7).<\/strong><\/p>\n<p style=\"text-align: justify;\">Opakowanie standardowo zawiera 200 kropli olejku. <strong>Jedna kropla produktu konopnego to 2,5mg CBD z full spectrum oraz 33 ug witaminy K2MK-7.<\/strong><\/p>\n<p style=\"text-align: justify;\">Olejek CBD 5% z K2MK-7, poza kannabinoidami oraz naturaln\u0105 witamin\u0105 K2MK-7 z natto, jest te\u017c bogaty w naturalnie wyst\u0119puj\u0105ce w konopiach terpeny, fenole i flawonoidy.<\/p>\n<p style=\"text-align: justify;\">Nasz olej konopny CBD jest sprawdzony i przebadany, mi\u0119dzy innymi na obecno\u015b\u0107 pestycyd\u00f3w, metali ci\u0119\u017ckich oraz dro\u017cd\u017cy i ple\u015bni. To sprawia, \u017ce to produkt wysokiej jako\u015bci, bezpieczny do stosowania. Wszystkie certyfikaty z bada\u0144 znajdziesz w zak\u0142adce: <a href=\"https:\/\/dev.hempking.eu\/pl\/atesty-i-certyfikaty\/\">Atesty i Certyfikaty.<\/a><\/p>\n<h2 style=\"text-align: justify;\">Co wyr\u00f3\u017cnia Olej CBD 5% + K2MK-7 &#8211; 10ml?<\/h2>\n<p style=\"text-align: justify;\"><strong>Wysokie st\u0119\u017cenie w ka\u017cdej kropli<\/strong><br \/>\nOlej CBD 5% z K2MK-7 w ka\u017cdej kropli zawiera odpowiedni\u0105 dla st\u0119\u017cenia ilo\u015b\u0107 CBD oraz naturalnej witaminy K2MK-7 z fermentowanej soi. W kropli olejku konopnego CBD 5% + K2MK-7 jest ponad 2,5mg CBD oraz fitokannabinoidy w pe\u0142nym spektrum, jak i r\u00f3wnie\u017c 33ug witaminy K2MK-7.<\/p>\n<p style=\"text-align: justify;\"><strong>Tylko naturalne komponenty<\/strong><br \/>\nOlej CBD 5% + K2MK-7 to produkt, kt\u00f3ry jest w 100% pochodzenia naturalnego. Olej konopny kt\u00f3rego u\u017cyli\u015bmy do produkcji, nie jest wzbogacany syntetycznie kannabinoidami czy izolatem. Z kolei witamina K2MK-7 pochodzi z sfermentowanej soi i jest r\u00f3wnie\u017c naturalnym komponentem.<\/p>\n<p style=\"text-align: justify;\"><strong>100% produkt z Polski<\/strong><br \/>\nNasz olejek CBD 5% + K2MK-7 produkujemy sami i jeste\u015bmy jego producentem. Do ekstrakcji CBD wykorzystujemy tylko polskie konopie. Wszystkie surowce jakich u\u017cywamy s\u0105 przez nas gruntownie sprawdzane.<\/p>\n<p style=\"text-align: justify;\"><strong>Dodatek witaminy K2MK-7<\/strong><br \/>\nTen olejek CBD to co\u015b wi\u0119cej, ni\u017c tylko olej konopny. Naturalna witamin\u0105 K2MK-7 kt\u00f3ra si\u0119 w nim znajduje, jest rozpuszczalna w t\u0142uszczach i bardzo dobrze si\u0119 wch\u0142ania.<\/p>\n<p style=\"text-align: justify;\"><a href=\"https:\/\/dev.hempking.eu\/pl\/wp-content\/uploads\/sites\/2\/2020\/07\/warunki_4.jpg\"><img loading=\"lazy\" decoding=\"async\" class=\"alignnone size-full wp-image-100623\" src=\"https:\/\/dev.hempking.eu\/pl\/wp-content\/uploads\/sites\/2\/2020\/07\/warunki_4.jpg\" alt=\"fito sk\u0142adniki novel food\" width=\"755\" height=\"237\" srcset=\"https:\/\/dev.hempking.eu\/pl\/wp-content\/uploads\/sites\/2\/2020\/07\/warunki_4.jpg 755w, https:\/\/dev.hempking.eu\/pl\/wp-content\/uploads\/sites\/2\/2020\/07\/warunki_4-640x201.jpg 640w, https:\/\/dev.hempking.eu\/pl\/wp-content\/uploads\/sites\/2\/2020\/07\/warunki_4-400x126.jpg 400w\" sizes=\"auto, (max-width: 755px) 100vw, 755px\" \/><\/a><\/p>\n<p style=\"text-align: justify;\"><a href=\"https:\/\/dev.hempking.eu\/pl\/wp-content\/uploads\/sites\/2\/2022\/01\/warunki2.jpg\"><img loading=\"lazy\" decoding=\"async\" class=\"alignnone wp-image-85647 size-full\" src=\"https:\/\/dev.hempking.eu\/pl\/wp-content\/uploads\/sites\/2\/2022\/01\/warunki2.jpg\" alt=\"warunki2\" width=\"755\" height=\"307\" srcset=\"https:\/\/dev.hempking.eu\/pl\/wp-content\/uploads\/sites\/2\/2022\/01\/warunki2.jpg 755w, https:\/\/dev.hempking.eu\/pl\/wp-content\/uploads\/sites\/2\/2022\/01\/warunki2-640x260.jpg 640w, https:\/\/dev.hempking.eu\/pl\/wp-content\/uploads\/sites\/2\/2022\/01\/warunki2-400x163.jpg 400w, https:\/\/dev.hempking.eu\/pl\/wp-content\/uploads\/sites\/2\/2022\/01\/warunki2-600x244.jpg 600w\" sizes=\"auto, (max-width: 755px) 100vw, 755px\" \/><\/a><\/p>\n","protected":false},"excerpt":{"rendered":"<h2>Termin wa\u017cno\u015bci: 30.06.2023<\/h2>\n<h2><strong>Olej CBD 5% + K2MK-7 z natto:<\/strong><\/h2>\n<ul>\n<li>olej CBD 5% z naturaln\u0105 witamin\u0105 K2MK-7<\/li>\n<li>st\u0119\u017cenie fitosk\u0142adnik\u00f3w wynosi 5%<\/li>\n<li>full spectrum<\/li>\n<li>1 kropla to 2,5mg CBD oraz 33ug K2MK-7<\/li>\n<li>produkt przebadany i atestowany<\/li>\n<li>100% natury<\/li>\n<\/ul>\n<p><strong>Pojemno\u015b\u0107: 10ml<\/strong><\/p>\n","protected":false},"featured_media":87495,"template":"","meta":{"_acf_changed":false},"product_cat":[20,101],"product_tag":[],"class_list":{"0":"post-74675","1":"product","2":"type-product","3":"status-publish","4":"has-post-thumbnail","6":"product_cat-olej-cbd","7":"product_cat-last-minute","9":"first","10":"instock","11":"sale","12":"shipping-taxable","13":"purchasable","14":"product-type-simple"},"acf":[],"yoast_head":"<!-- This site is optimized with the Yoast SEO Premium plugin v23.4 (Yoast SEO v24.0) - https:\/\/yoast.com\/wordpress\/plugins\/seo\/ -->\n<title>Olej CBD 5% + K2MK-7 z natto | 10 ml | 139 PLN | HempKing<\/title>\n<meta name=\"description\" content=\"Olej CBD 5% + K2MK-7 z natto. Naturalne wzmocnienie odporno\u015bci, uk\u0142adu sercowo-naczyniowego. Full Spectrum. Kup teraz na hempking.eu!\" \/>\n<link rel=\"canonical\" href=\"https:\/\/dev.hempking.eu\/pl\/olej-cbd-5-k2mk-7-z-natto-10ml\/\" \/>\n<meta property=\"og:locale\" content=\"pl_PL\" \/>\n<meta property=\"og:type\" content=\"article\" \/>\n<meta property=\"og:title\" content=\"Olej CBD 5% + CBDA, CBC, CBGA, CBG, CBDV, CBN + K2MK-7 z natto - 10ml - wa\u017cno\u015b\u0107 do 30.06.2023\" \/>\n<meta property=\"og:description\" content=\"Olej CBD 5% + K2MK-7 z natto. Naturalne wzmocnienie odporno\u015bci, uk\u0142adu sercowo-naczyniowego. Full Spectrum. Kup teraz na hempking.eu!\" \/>\n<meta property=\"og:url\" content=\"https:\/\/dev.hempking.eu\/pl\/olej-cbd-5-k2mk-7-z-natto-10ml\/\" \/>\n<meta property=\"og:site_name\" content=\"Hemp King\" \/>\n<meta property=\"article:publisher\" content=\"https:\/\/www.facebook.com\/hempkingpoland\" \/>\n<meta property=\"article:modified_time\" content=\"2023-05-19T10:50:16+00:00\" \/>\n<meta property=\"og:image\" content=\"https:\/\/dev.hempking.eu\/pl\/wp-content\/uploads\/sites\/2\/2022\/01\/olejek_k2_mk7.jpg\" \/>\n\t<meta property=\"og:image:width\" content=\"1000\" \/>\n\t<meta property=\"og:image:height\" content=\"1000\" \/>\n\t<meta property=\"og:image:type\" content=\"image\/jpeg\" \/>\n<meta name=\"twitter:card\" content=\"summary_large_image\" \/>\n<meta name=\"twitter:site\" content=\"@hempkingeu\" \/>\n<meta name=\"twitter:label1\" content=\"Price\" \/>\n\t<meta name=\"twitter:data1\" content=\"77.40&nbsp;&#122;&#322;\" \/>\n\t<meta name=\"twitter:label2\" content=\"Availability\" \/>\n\t<meta name=\"twitter:data2\" content=\"In stock\" \/>\n<script type=\"application\/ld+json\" class=\"yoast-schema-graph\">{\"@context\":\"https:\/\/schema.org\",\"@graph\":[{\"@type\":\"WebPage\",\"@id\":\"https:\/\/dev.hempking.eu\/pl\/olej-cbd-5-k2mk-7-z-natto-10ml-last-minute\/\",\"url\":\"https:\/\/dev.hempking.eu\/pl\/olej-cbd-5-k2mk-7-z-natto-10ml\/\",\"name\":\"Olej CBD 5% + K2MK-7 z natto | 10 ml | 139 PLN | HempKing\",\"isPartOf\":{\"@id\":\"https:\/\/dev.hempking.eu\/pl\/#website\"},\"primaryImageOfPage\":{\"@id\":\"https:\/\/dev.hempking.eu\/pl\/olej-cbd-5-k2mk-7-z-natto-10ml\/#primaryimage\"},\"image\":{\"@id\":\"https:\/\/dev.hempking.eu\/pl\/olej-cbd-5-k2mk-7-z-natto-10ml\/#primaryimage\"},\"thumbnailUrl\":\"https:\/\/dev.hempking.eu\/pl\/wp-content\/uploads\/sites\/2\/2022\/01\/olejek_k2_mk7.jpg\",\"datePublished\":\"2021-09-15T11:12:22+00:00\",\"dateModified\":\"2023-05-19T10:50:16+00:00\",\"description\":\"Olej CBD 5% + K2MK-7 z natto. Naturalne wzmocnienie odporno\u015bci, uk\u0142adu sercowo-naczyniowego. Full Spectrum. Kup teraz na hempking.eu!\",\"breadcrumb\":{\"@id\":\"https:\/\/dev.hempking.eu\/pl\/olej-cbd-5-k2mk-7-z-natto-10ml\/#breadcrumb\"},\"inLanguage\":\"pl-PL\",\"potentialAction\":[{\"@type\":\"ReadAction\",\"target\":[\"https:\/\/dev.hempking.eu\/pl\/olej-cbd-5-k2mk-7-z-natto-10ml\/\"]}]},{\"@type\":\"ImageObject\",\"inLanguage\":\"pl-PL\",\"@id\":\"https:\/\/dev.hempking.eu\/pl\/olej-cbd-5-k2mk-7-z-natto-10ml\/#primaryimage\",\"url\":\"https:\/\/dev.hempking.eu\/pl\/wp-content\/uploads\/sites\/2\/2022\/01\/olejek_k2_mk7.jpg\",\"contentUrl\":\"https:\/\/dev.hempking.eu\/pl\/wp-content\/uploads\/sites\/2\/2022\/01\/olejek_k2_mk7.jpg\",\"width\":1000,\"height\":1000,\"caption\":\"Olej CBD K2Mk-7 z Natto 5% Full Spectrum HempKing\"},{\"@type\":\"BreadcrumbList\",\"@id\":\"https:\/\/dev.hempking.eu\/pl\/olej-cbd-5-k2mk-7-z-natto-10ml\/#breadcrumb\",\"itemListElement\":[{\"@type\":\"ListItem\",\"position\":1,\"name\":\"Home\",\"item\":\"https:\/\/dev.hempking.eu\/pl\/\"},{\"@type\":\"ListItem\",\"position\":2,\"name\":\"Sklep\",\"item\":\"https:\/\/dev.hempking.eu\/pl\/shop\/\"},{\"@type\":\"ListItem\",\"position\":3,\"name\":\"Olej CBD\",\"item\":\"https:\/\/dev.hempking.eu\/pl\/olej-cbd\/\"},{\"@type\":\"ListItem\",\"position\":4,\"name\":\"Olej CBD 5% + CBDA, CBC, CBGA, CBG, CBDV, CBN + K2MK-7 z natto - 10ml - wa\u017cno\u015b\u0107 do 30.06.2023\"}]},{\"@type\":\"WebSite\",\"@id\":\"https:\/\/dev.hempking.eu\/pl\/#website\",\"url\":\"https:\/\/dev.hempking.eu\/pl\/\",\"name\":\"Hemp King\",\"description\":\"\",\"publisher\":{\"@id\":\"https:\/\/dev.hempking.eu\/pl\/#organization\"},\"potentialAction\":[{\"@type\":\"SearchAction\",\"target\":{\"@type\":\"EntryPoint\",\"urlTemplate\":\"https:\/\/dev.hempking.eu\/pl\/?s={search_term_string}\"},\"query-input\":{\"@type\":\"PropertyValueSpecification\",\"valueRequired\":true,\"valueName\":\"search_term_string\"}}],\"inLanguage\":\"pl-PL\"},{\"@type\":\"Organization\",\"@id\":\"https:\/\/dev.hempking.eu\/pl\/#organization\",\"name\":\"Hemp King\",\"url\":\"https:\/\/dev.hempking.eu\/pl\/\",\"logo\":{\"@type\":\"ImageObject\",\"inLanguage\":\"pl-PL\",\"@id\":\"https:\/\/dev.hempking.eu\/pl\/#\/schema\/logo\/image\/\",\"url\":\"https:\/\/dev.hempking.eu\/pl\/wp-content\/uploads\/sites\/2\/2020\/05\/hempking.png\",\"contentUrl\":\"https:\/\/dev.hempking.eu\/pl\/wp-content\/uploads\/sites\/2\/2020\/05\/hempking.png\",\"width\":148,\"height\":91,\"caption\":\"Hemp King\"},\"image\":{\"@id\":\"https:\/\/dev.hempking.eu\/pl\/#\/schema\/logo\/image\/\"},\"sameAs\":[\"https:\/\/www.facebook.com\/hempkingpoland\",\"https:\/\/x.com\/hempkingeu\",\"https:\/\/www.instagram.com\/hempkingeu\/\",\"https:\/\/www.linkedin.com\/company\/hempking-eu\/mycompany\/\",\"https:\/\/pl.pinterest.com\/hempkingeu\/\",\"https:\/\/www.youtube.com\/channel\/UCUkeZA1fj4hSZfoYm0WpZ7w\"]}]}<\/script>\n<meta property=\"product:price:amount\" content=\"77.40\" \/>\n<meta property=\"product:price:currency\" content=\"PLN\" \/>\n<meta property=\"og:availability\" content=\"instock\" \/>\n<meta property=\"product:availability\" content=\"instock\" \/>\n<meta property=\"product:condition\" content=\"new\" \/>\n<!-- \/ Yoast SEO Premium plugin. -->","yoast_head_json":{"title":"Olej CBD 5% + K2MK-7 z natto | 10 ml | 139 PLN | HempKing","description":"Olej CBD 5% + K2MK-7 z natto. Naturalne wzmocnienie odporno\u015bci, uk\u0142adu sercowo-naczyniowego. Full Spectrum. Kup teraz na hempking.eu!","canonical":"https:\/\/dev.hempking.eu\/pl\/olej-cbd-5-k2mk-7-z-natto-10ml\/","og_locale":"pl_PL","og_type":"article","og_title":"Olej CBD 5% + CBDA, CBC, CBGA, CBG, CBDV, CBN + K2MK-7 z natto - 10ml - wa\u017cno\u015b\u0107 do 30.06.2023","og_description":"Olej CBD 5% + K2MK-7 z natto. Naturalne wzmocnienie odporno\u015bci, uk\u0142adu sercowo-naczyniowego. Full Spectrum. Kup teraz na hempking.eu!","og_url":"https:\/\/dev.hempking.eu\/pl\/olej-cbd-5-k2mk-7-z-natto-10ml\/","og_site_name":"Hemp King","article_publisher":"https:\/\/www.facebook.com\/hempkingpoland","article_modified_time":"2023-05-19T10:50:16+00:00","og_image":[{"width":1000,"height":1000,"url":"https:\/\/dev.hempking.eu\/pl\/wp-content\/uploads\/sites\/2\/2022\/01\/olejek_k2_mk7.jpg","type":"image\/jpeg"}],"twitter_card":"summary_large_image","twitter_site":"@hempkingeu","twitter_misc":{"Price":"77.40&nbsp;&#122;&#322;","Availability":"In stock"},"schema":{"@context":"https:\/\/schema.org","@graph":[{"@type":"WebPage","@id":"https:\/\/dev.hempking.eu\/pl\/olej-cbd-5-k2mk-7-z-natto-10ml-last-minute\/","url":"https:\/\/dev.hempking.eu\/pl\/olej-cbd-5-k2mk-7-z-natto-10ml\/","name":"Olej CBD 5% + K2MK-7 z natto | 10 ml | 139 PLN | HempKing","isPartOf":{"@id":"https:\/\/dev.hempking.eu\/pl\/#website"},"primaryImageOfPage":{"@id":"https:\/\/dev.hempking.eu\/pl\/olej-cbd-5-k2mk-7-z-natto-10ml\/#primaryimage"},"image":{"@id":"https:\/\/dev.hempking.eu\/pl\/olej-cbd-5-k2mk-7-z-natto-10ml\/#primaryimage"},"thumbnailUrl":"https:\/\/dev.hempking.eu\/pl\/wp-content\/uploads\/sites\/2\/2022\/01\/olejek_k2_mk7.jpg","datePublished":"2021-09-15T11:12:22+00:00","dateModified":"2023-05-19T10:50:16+00:00","description":"Olej CBD 5% + K2MK-7 z natto. Naturalne wzmocnienie odporno\u015bci, uk\u0142adu sercowo-naczyniowego. Full Spectrum. Kup teraz na hempking.eu!","breadcrumb":{"@id":"https:\/\/dev.hempking.eu\/pl\/olej-cbd-5-k2mk-7-z-natto-10ml\/#breadcrumb"},"inLanguage":"pl-PL","potentialAction":[{"@type":"ReadAction","target":["https:\/\/dev.hempking.eu\/pl\/olej-cbd-5-k2mk-7-z-natto-10ml\/"]}]},{"@type":"ImageObject","inLanguage":"pl-PL","@id":"https:\/\/dev.hempking.eu\/pl\/olej-cbd-5-k2mk-7-z-natto-10ml\/#primaryimage","url":"https:\/\/dev.hempking.eu\/pl\/wp-content\/uploads\/sites\/2\/2022\/01\/olejek_k2_mk7.jpg","contentUrl":"https:\/\/dev.hempking.eu\/pl\/wp-content\/uploads\/sites\/2\/2022\/01\/olejek_k2_mk7.jpg","width":1000,"height":1000,"caption":"Olej CBD K2Mk-7 z Natto 5% Full Spectrum HempKing"},{"@type":"BreadcrumbList","@id":"https:\/\/dev.hempking.eu\/pl\/olej-cbd-5-k2mk-7-z-natto-10ml\/#breadcrumb","itemListElement":[{"@type":"ListItem","position":1,"name":"Home","item":"https:\/\/dev.hempking.eu\/pl\/"},{"@type":"ListItem","position":2,"name":"Sklep","item":"https:\/\/dev.hempking.eu\/pl\/shop\/"},{"@type":"ListItem","position":3,"name":"Olej CBD","item":"https:\/\/dev.hempking.eu\/pl\/olej-cbd\/"},{"@type":"ListItem","position":4,"name":"Olej CBD 5% + CBDA, CBC, CBGA, CBG, CBDV, CBN + K2MK-7 z natto - 10ml - wa\u017cno\u015b\u0107 do 30.06.2023"}]},{"@type":"WebSite","@id":"https:\/\/dev.hempking.eu\/pl\/#website","url":"https:\/\/dev.hempking.eu\/pl\/","name":"Hemp King","description":"","publisher":{"@id":"https:\/\/dev.hempking.eu\/pl\/#organization"},"potentialAction":[{"@type":"SearchAction","target":{"@type":"EntryPoint","urlTemplate":"https:\/\/dev.hempking.eu\/pl\/?s={search_term_string}"},"query-input":{"@type":"PropertyValueSpecification","valueRequired":true,"valueName":"search_term_string"}}],"inLanguage":"pl-PL"},{"@type":"Organization","@id":"https:\/\/dev.hempking.eu\/pl\/#organization","name":"Hemp King","url":"https:\/\/dev.hempking.eu\/pl\/","logo":{"@type":"ImageObject","inLanguage":"pl-PL","@id":"https:\/\/dev.hempking.eu\/pl\/#\/schema\/logo\/image\/","url":"https:\/\/dev.hempking.eu\/pl\/wp-content\/uploads\/sites\/2\/2020\/05\/hempking.png","contentUrl":"https:\/\/dev.hempking.eu\/pl\/wp-content\/uploads\/sites\/2\/2020\/05\/hempking.png","width":148,"height":91,"caption":"Hemp King"},"image":{"@id":"https:\/\/dev.hempking.eu\/pl\/#\/schema\/logo\/image\/"},"sameAs":["https:\/\/www.facebook.com\/hempkingpoland","https:\/\/x.com\/hempkingeu","https:\/\/www.instagram.com\/hempkingeu\/","https:\/\/www.linkedin.com\/company\/hempking-eu\/mycompany\/","https:\/\/pl.pinterest.com\/hempkingeu\/","https:\/\/www.youtube.com\/channel\/UCUkeZA1fj4hSZfoYm0WpZ7w"]}]},"product_price_amount":"77.40","product_price_currency":"PLN","og_availability":"instock","product_availability":"instock","product_condition":"new"},"_links":{"self":[{"href":"https:\/\/dev.hempking.eu\/pl\/wp-json\/wp\/v2\/product\/74675","targetHints":{"allow":["GET"]}}],"collection":[{"href":"https:\/\/dev.hempking.eu\/pl\/wp-json\/wp\/v2\/product"}],"about":[{"href":"https:\/\/dev.hempking.eu\/pl\/wp-json\/wp\/v2\/types\/product"}],"wp:featuredmedia":[{"embeddable":true,"href":"https:\/\/dev.hempking.eu\/pl\/wp-json\/wp\/v2\/media\/87495"}],"wp:attachment":[{"href":"https:\/\/dev.hempking.eu\/pl\/wp-json\/wp\/v2\/media?parent=74675"}],"wp:term":[{"taxonomy":"product_cat","embeddable":true,"href":"https:\/\/dev.hempking.eu\/pl\/wp-json\/wp\/v2\/product_cat?post=74675"},{"taxonomy":"product_tag","embeddable":true,"href":"https:\/\/dev.hempking.eu\/pl\/wp-json\/wp\/v2\/product_tag?post=74675"}],"curies":[{"name":"wp","href":"https:\/\/api.w.org\/{rel}","templated":true}]}}