{"id":74676,"date":"2021-09-15T13:14:28","date_gmt":"2021-09-15T11:14:28","guid":{"rendered":"https:\/\/hempking.eu\/pl\/?post_type=product&#038;p=74676"},"modified":"2023-04-04T13:08:39","modified_gmt":"2023-04-04T11:08:39","slug":"olej-cbd-1-raw-10ml-krotki-termin-waznosci","status":"publish","type":"product","link":"https:\/\/dev.hempking.eu\/pl\/olej-cbd-1-raw-10ml-krotki-termin-waznosci\/","title":{"rendered":"Olej CBD 1% + CBDA, CBC, CBGA, CBG, CBDV, CBN RAW \u2013 10ml - Kr\u00f3tki termin - Powiadom o dost\u0119pno\u015bci"},"content":{"rendered":"<h2><strong>Olej CBD RAW 1% &#8211; \u0142agodne naturalne wsparcie<\/strong><\/h2>\n<p><strong>Olejek CBD 1% RAW to suplement diety<\/strong>, kt\u00f3ry charakteryzuje si\u0119 wysok\u0105 jako\u015bci\u0105. Produkowany jest z pochodz\u0105cych z wysokiej jako\u015bci upraw konopi siewnych.<\/p>\n<p>&nbsp;<\/p>\n<h2><strong>Olej CBD RAW 1% &#8211; dlaczego warto?<\/strong><\/h2>\n<p><strong>Gwarancja st\u0119\u017cenia<\/strong><br \/>\nKupuj\u0105c produkt konopny, musisz mie\u0107 pewno\u015b\u0107, \u017ce p\u0142acisz za tak\u0105 ilo\u015b\u0107 CBD, jakiej oczekujesz. A na pewno nie mniejsz\u0105! Tak te\u017c jest w przypadku olejku konopnego RAW 1%. Ka\u017cda butelka zawiera minimum 100 mg naturalnego kannabidiolu (CBD) oraz dodatkowo pozosta\u0142e fitosk\u0142adniki w pe\u0142nym spektrum, terpeny i fenole.<\/p>\n<p><strong>Olejki Hempking 1%<\/strong> to wysokie st\u0119\u017cenie na jedn\u0105 kropl\u0119 produktu. Co to oznacza? \u017be w ka\u017cdej kropli naszego oleju CBD RAW 1% jest nie mniej ni\u017c 0,5 mg CBD. Reszta to pozosta\u0142e naturalne sk\u0142adniki wyst\u0119puj\u0105ce w konopiach.<\/p>\n<p><strong>100% natury<\/strong><br \/>\nW Hempking wierzymy w si\u0142\u0119 natury, dlatego do naszych produkt\u00f3w nie u\u017cywamy sztucznych sk\u0142adnik\u00f3w, jak syntetyczne CBD. M\u00f3wimy te\u017c NIE wszelkiej chemii, pestycydom i herbicydom.<\/p>\n<p><strong>Produkt polski<\/strong><br \/>\nNasze olejki s\u0105 w 100% polskim produktem. Produkowane w Bia\u0142ymstoku, z konopi rosn\u0105cych na polskich polach, w najczystszych zak\u0105tkach naszego kraju. Polska ro\u015bnie konopiami!<\/p>\n<p>&nbsp;<\/p>\n<h2><strong>Jako\u015b\u0107 to nasz priorytet!<\/strong><\/h2>\n<p><strong>Olejek CBD 1% jest zbadany<\/strong>. Na naszej stronie znajdziesz potwierdzenie zawarto\u015bci fitosk\u0142adnik\u00f3w, terpen\u00f3w oraz badanie na metale ci\u0119\u017ckie.<\/p>\n<p><strong>Wszystkie badania znajdziesz tutaj: <a href=\"https:\/\/dev.hempking.eu\/pl\/atesty-i-certyfikaty\/\">Atesty i Certyfikaty<\/a>.<\/strong><\/p>\n<p>&nbsp;<\/p>\n<h2><strong>W\u0142a\u015bciwo\u015bci oleju CBD RAW 1%<\/strong><\/h2>\n<p>Olejek konopny 1% zawiera CBD oraz inne fitosk\u0142adniki w niskim st\u0119\u017ceniu, dzi\u0119ki czemu ma \u0142agodne, ale pozytywne w\u0142a\u015bciwo\u015bci. <strong>Doceni\u0105 je zw\u0142aszcza pocz\u0105tkuj\u0105cy.<\/strong><\/p>\n<p><strong>Gdy suplementujesz olej konopny:<\/strong><\/p>\n<ul>\n<li>dostarczasz sobie pe\u0142ne spektrum fitosk\u0142adnik\u00f3w, nawet gdy st\u0119\u017cenie olejku jest tak niskie,<\/li>\n<li>spo\u017cywasz te\u017c kwasy t\u0142uszczowe omega-3, omega-6 i omega-9,<\/li>\n<li><strong>Twoja naturalna odporno\u015b\u0107 jest wspierana,<\/strong><\/li>\n<li>dbasz o sw\u00f3j uk\u0142ad sercowo-naczyniowy,<\/li>\n<li>pomagasz organizmowi regulowa\u0107 zawarto\u015b\u0107 cholesterolu i tr\u00f3jgliceryd\u00f3w we krwi,<\/li>\n<li>a Twoja sk\u00f3ra \u0142atwiej zachowa optymalny poziom nawil\u017cenia i zdrowy wygl\u0105d.<\/li>\n<\/ul>\n<p>&nbsp;<\/p>\n<h2><strong>Jak rozpocz\u0105\u0107 suplementacj\u0119 CBD z olejkiem 1%?<\/strong><\/h2>\n<p>Spo\u017cywanie olejku CBD 1% jest ca\u0142kiem \u0142atwe, zw\u0142aszcza dla pocz\u0105tkuj\u0105cych, ale musisz wiedzie\u0107 o kilku rzeczach.<\/p>\n<p>Spr\u00f3buj na pocz\u0105tku spo\u017cywa\u0107 tylko 3 krople dziennie, w trzech porcjach dziennie!<br \/>\nPostaraj si\u0119 \u017ceby przed spo\u017cyciem olejku CBD by\u0107 p\u00f3\u0142 godziny przed posi\u0142kiem lub po posi\u0142ku.<\/p>\n<p>Za pomoc\u0105 kroplomierza umie\u015b\u0107 pod j\u0119zykiem kropl\u0119,poczekaj 30 sekund i dopiero wtedy prze\u0142knij<br \/>\nPostaraj si\u0119 nie popija\u0107 od razu suplementu!<\/p>\n<p><strong>Widzia\u0142e\u015b pozosta\u0142e wersje naszego olejku CBD 1%?<\/strong><br \/>\nSprawd\u017a je:<br \/>\n<a href=\"https:\/\/dev.hempking.eu\/pl\/olej-cbd-1-czosnek-i-imbir-10ml\/\">Olejek CBD 1% z czosnkiem i imbirem<\/a><br \/>\n<a href=\"https:\/\/dev.hempking.eu\/pl\/olej-cbd-1-pieprz-czarny-i-kurkuma-10ml\/\">Olejek CBD 1% z pieprzem i kurkum\u0105<\/a><\/p>\n<p>&nbsp;<\/p>\n<h2><strong>Olej CBD RAW 1% &#8211; sk\u0142adniki<\/strong><\/h2>\n<p>Olejek z konopi siewnych (Cannabis sativa L.) z pe\u0142nym spektrum fitosk\u0142adnik\u00f3w oraz olej z nasion konopi siewnych, terpeny, flawonoidy, fenole.<\/p>\n<p><a href=\"https:\/\/dev.hempking.eu\/pl\/wp-content\/uploads\/sites\/2\/2020\/07\/warunki_4.jpg\"><img loading=\"lazy\" decoding=\"async\" class=\"alignnone size-full wp-image-100623\" src=\"https:\/\/dev.hempking.eu\/pl\/wp-content\/uploads\/sites\/2\/2020\/07\/warunki_4.jpg\" alt=\"fito sk\u0142adniki novel food\" width=\"755\" height=\"237\" srcset=\"https:\/\/dev.hempking.eu\/pl\/wp-content\/uploads\/sites\/2\/2020\/07\/warunki_4.jpg 755w, https:\/\/dev.hempking.eu\/pl\/wp-content\/uploads\/sites\/2\/2020\/07\/warunki_4-640x201.jpg 640w, https:\/\/dev.hempking.eu\/pl\/wp-content\/uploads\/sites\/2\/2020\/07\/warunki_4-400x126.jpg 400w\" sizes=\"auto, (max-width: 755px) 100vw, 755px\" \/><\/a><\/p>\n<p><a href=\"https:\/\/dev.hempking.eu\/pl\/wp-content\/uploads\/sites\/2\/2022\/01\/warunki2.jpg\"><img loading=\"lazy\" decoding=\"async\" class=\"alignnone wp-image-85647 size-full\" src=\"https:\/\/dev.hempking.eu\/pl\/wp-content\/uploads\/sites\/2\/2022\/01\/warunki2.jpg\" alt=\"warunki2\" width=\"755\" height=\"307\" srcset=\"https:\/\/dev.hempking.eu\/pl\/wp-content\/uploads\/sites\/2\/2022\/01\/warunki2.jpg 755w, https:\/\/dev.hempking.eu\/pl\/wp-content\/uploads\/sites\/2\/2022\/01\/warunki2-640x260.jpg 640w, https:\/\/dev.hempking.eu\/pl\/wp-content\/uploads\/sites\/2\/2022\/01\/warunki2-400x163.jpg 400w, https:\/\/dev.hempking.eu\/pl\/wp-content\/uploads\/sites\/2\/2022\/01\/warunki2-600x244.jpg 600w\" sizes=\"auto, (max-width: 755px) 100vw, 755px\" \/><\/a><\/p>\n","protected":false},"excerpt":{"rendered":"<h3>Kr\u00f3tki termin wa\u017cno\u015bci<\/h3>\n<p>Ograniczona ilo\u015b\u0107!<\/p>\n<h2><strong>Olej konopny CBD RAW 1% to:<\/strong><\/h2>\n<ul>\n<li><strong>100 mg wysokiej jako\u015bci CBD (fitosk\u0142adnika)<\/strong><\/li>\n<li><strong>jedna kropla to 0,5 mg CBD<\/strong> \u2013 porcja dla tych, kt\u00f3rzy dopiero rozpoczynaj\u0105 przygod\u0119 z CBD<\/li>\n<li>wsparcie Twojej naturalnej odporno\u015bci (olej konopny),<\/li>\n<li>wygoda stosowania,<\/li>\n<li><strong>pe\u0142ne spektrum fitosk\u0142adnik\u00f3w<\/strong> (w tym: CBD, CBDA, CBDV, CBG, CBC, CBN, CBGA)<\/li>\n<li>100% naturalnych sk\u0142adnik\u00f3w,<\/li>\n<\/ul>\n<p><strong>Pojemno\u015b\u0107: 10ml<\/strong><\/p>\n","protected":false},"featured_media":87497,"template":"","meta":{"_acf_changed":false},"product_cat":[153],"product_tag":[],"class_list":{"0":"post-74676","1":"product","2":"type-product","3":"status-publish","4":"has-post-thumbnail","6":"product_cat-powiadom-o-dostepnosci","8":"first","9":"outofstock","10":"sale","11":"shipping-taxable","12":"purchasable","13":"product-type-simple"},"acf":[],"yoast_head":"<!-- This site is optimized with the Yoast SEO Premium plugin v23.4 (Yoast SEO v24.0) - https:\/\/yoast.com\/wordpress\/plugins\/seo\/ -->\n<title>Olej CBD 1% RAW HempKing | 10 ml | Full Spectrum<\/title>\n<meta name=\"description\" content=\"Olej CBD 1% RAW to produkt idealny na pocz\u0105tek. Naturalne wsparcie odporno\u015bci. Kup teraz za jedyne 34,90 z\u0142 na hempking.eu! Zapraszamy!\" \/>\n<link rel=\"canonical\" href=\"https:\/\/dev.hempking.eu\/pl\/olej-cbd-1-raw-10ml\/\" \/>\n<meta property=\"og:locale\" content=\"pl_PL\" \/>\n<meta property=\"og:type\" content=\"article\" \/>\n<meta property=\"og:title\" content=\"Olej CBD 1% + CBDA, CBC, CBGA, CBG, CBDV, CBN RAW \u2013 10ml - Kr\u00f3tki termin - Powiadom o dost\u0119pno\u015bci\" \/>\n<meta property=\"og:description\" content=\"Olej CBD 1% RAW to produkt idealny na pocz\u0105tek. Naturalne wsparcie odporno\u015bci. Kup teraz za jedyne 34,90 z\u0142 na hempking.eu! Zapraszamy!\" \/>\n<meta property=\"og:url\" content=\"https:\/\/dev.hempking.eu\/pl\/olej-cbd-1-raw-10ml\/\" \/>\n<meta property=\"og:site_name\" content=\"Hemp King\" \/>\n<meta property=\"article:publisher\" content=\"https:\/\/www.facebook.com\/hempkingpoland\" \/>\n<meta property=\"article:modified_time\" content=\"2023-04-04T11:08:39+00:00\" \/>\n<meta property=\"og:image\" content=\"https:\/\/dev.hempking.eu\/pl\/wp-content\/uploads\/sites\/2\/2022\/01\/olejek_raw.jpg\" \/>\n\t<meta property=\"og:image:width\" content=\"1000\" \/>\n\t<meta property=\"og:image:height\" content=\"1000\" \/>\n\t<meta property=\"og:image:type\" content=\"image\/jpeg\" \/>\n<meta name=\"twitter:card\" content=\"summary_large_image\" \/>\n<meta name=\"twitter:site\" content=\"@hempkingeu\" \/>\n<meta name=\"twitter:label1\" content=\"Price\" \/>\n\t<meta name=\"twitter:data1\" content=\"20.00&nbsp;&#122;&#322;\" \/>\n\t<meta name=\"twitter:label2\" content=\"Availability\" \/>\n\t<meta name=\"twitter:data2\" content=\"Out of stock\" \/>\n<script type=\"application\/ld+json\" class=\"yoast-schema-graph\">{\"@context\":\"https:\/\/schema.org\",\"@graph\":[{\"@type\":\"WebPage\",\"@id\":\"https:\/\/dev.hempking.eu\/pl\/olej-cbd-1-raw-10ml-krotki-termin-waznosci\/\",\"url\":\"https:\/\/dev.hempking.eu\/pl\/olej-cbd-1-raw-10ml\/\",\"name\":\"Olej CBD 1% RAW HempKing | 10 ml | Full Spectrum\",\"isPartOf\":{\"@id\":\"https:\/\/dev.hempking.eu\/pl\/#website\"},\"primaryImageOfPage\":{\"@id\":\"https:\/\/dev.hempking.eu\/pl\/olej-cbd-1-raw-10ml\/#primaryimage\"},\"image\":{\"@id\":\"https:\/\/dev.hempking.eu\/pl\/olej-cbd-1-raw-10ml\/#primaryimage\"},\"thumbnailUrl\":\"https:\/\/dev.hempking.eu\/pl\/wp-content\/uploads\/sites\/2\/2022\/01\/olejek_raw.jpg\",\"datePublished\":\"2021-09-15T11:14:28+00:00\",\"dateModified\":\"2023-04-04T11:08:39+00:00\",\"description\":\"Olej CBD 1% RAW to produkt idealny na pocz\u0105tek. Naturalne wsparcie odporno\u015bci. Kup teraz za jedyne 34,90 z\u0142 na hempking.eu! Zapraszamy!\",\"breadcrumb\":{\"@id\":\"https:\/\/dev.hempking.eu\/pl\/olej-cbd-1-raw-10ml\/#breadcrumb\"},\"inLanguage\":\"pl-PL\",\"potentialAction\":[{\"@type\":\"ReadAction\",\"target\":[\"https:\/\/dev.hempking.eu\/pl\/olej-cbd-1-raw-10ml\/\"]}]},{\"@type\":\"ImageObject\",\"inLanguage\":\"pl-PL\",\"@id\":\"https:\/\/dev.hempking.eu\/pl\/olej-cbd-1-raw-10ml\/#primaryimage\",\"url\":\"https:\/\/dev.hempking.eu\/pl\/wp-content\/uploads\/sites\/2\/2022\/01\/olejek_raw.jpg\",\"contentUrl\":\"https:\/\/dev.hempking.eu\/pl\/wp-content\/uploads\/sites\/2\/2022\/01\/olejek_raw.jpg\",\"width\":1000,\"height\":1000,\"caption\":\"Olej CBD Raw 1% 10 ml HempKing\"},{\"@type\":\"BreadcrumbList\",\"@id\":\"https:\/\/dev.hempking.eu\/pl\/olej-cbd-1-raw-10ml\/#breadcrumb\",\"itemListElement\":[{\"@type\":\"ListItem\",\"position\":1,\"name\":\"Home\",\"item\":\"https:\/\/dev.hempking.eu\/pl\/\"},{\"@type\":\"ListItem\",\"position\":2,\"name\":\"Sklep\",\"item\":\"https:\/\/dev.hempking.eu\/pl\/shop\/\"},{\"@type\":\"ListItem\",\"position\":3,\"name\":\"Powiadom o dost\u0119pno\u015bci\",\"item\":\"https:\/\/dev.hempking.eu\/pl\/powiadom-o-dostepnosci\/\"},{\"@type\":\"ListItem\",\"position\":4,\"name\":\"Olej CBD 1% + CBDA, CBC, CBGA, CBG, CBDV, CBN RAW \u2013 10ml - Kr\u00f3tki termin - Powiadom o dost\u0119pno\u015bci\"}]},{\"@type\":\"WebSite\",\"@id\":\"https:\/\/dev.hempking.eu\/pl\/#website\",\"url\":\"https:\/\/dev.hempking.eu\/pl\/\",\"name\":\"Hemp King\",\"description\":\"\",\"publisher\":{\"@id\":\"https:\/\/dev.hempking.eu\/pl\/#organization\"},\"potentialAction\":[{\"@type\":\"SearchAction\",\"target\":{\"@type\":\"EntryPoint\",\"urlTemplate\":\"https:\/\/dev.hempking.eu\/pl\/?s={search_term_string}\"},\"query-input\":{\"@type\":\"PropertyValueSpecification\",\"valueRequired\":true,\"valueName\":\"search_term_string\"}}],\"inLanguage\":\"pl-PL\"},{\"@type\":\"Organization\",\"@id\":\"https:\/\/dev.hempking.eu\/pl\/#organization\",\"name\":\"Hemp King\",\"url\":\"https:\/\/dev.hempking.eu\/pl\/\",\"logo\":{\"@type\":\"ImageObject\",\"inLanguage\":\"pl-PL\",\"@id\":\"https:\/\/dev.hempking.eu\/pl\/#\/schema\/logo\/image\/\",\"url\":\"https:\/\/dev.hempking.eu\/pl\/wp-content\/uploads\/sites\/2\/2020\/05\/hempking.png\",\"contentUrl\":\"https:\/\/dev.hempking.eu\/pl\/wp-content\/uploads\/sites\/2\/2020\/05\/hempking.png\",\"width\":148,\"height\":91,\"caption\":\"Hemp King\"},\"image\":{\"@id\":\"https:\/\/dev.hempking.eu\/pl\/#\/schema\/logo\/image\/\"},\"sameAs\":[\"https:\/\/www.facebook.com\/hempkingpoland\",\"https:\/\/x.com\/hempkingeu\",\"https:\/\/www.instagram.com\/hempkingeu\/\",\"https:\/\/www.linkedin.com\/company\/hempking-eu\/mycompany\/\",\"https:\/\/pl.pinterest.com\/hempkingeu\/\",\"https:\/\/www.youtube.com\/channel\/UCUkeZA1fj4hSZfoYm0WpZ7w\"]}]}<\/script>\n<meta property=\"product:price:amount\" content=\"20.00\" \/>\n<meta property=\"product:price:currency\" content=\"PLN\" \/>\n<meta property=\"og:availability\" content=\"out of stock\" \/>\n<meta property=\"product:availability\" content=\"out of stock\" \/>\n<meta property=\"product:condition\" content=\"new\" \/>\n<!-- \/ Yoast SEO Premium plugin. -->","yoast_head_json":{"title":"Olej CBD 1% RAW HempKing | 10 ml | Full Spectrum","description":"Olej CBD 1% RAW to produkt idealny na pocz\u0105tek. Naturalne wsparcie odporno\u015bci. Kup teraz za jedyne 34,90 z\u0142 na hempking.eu! Zapraszamy!","canonical":"https:\/\/dev.hempking.eu\/pl\/olej-cbd-1-raw-10ml\/","og_locale":"pl_PL","og_type":"article","og_title":"Olej CBD 1% + CBDA, CBC, CBGA, CBG, CBDV, CBN RAW \u2013 10ml - Kr\u00f3tki termin - Powiadom o dost\u0119pno\u015bci","og_description":"Olej CBD 1% RAW to produkt idealny na pocz\u0105tek. Naturalne wsparcie odporno\u015bci. Kup teraz za jedyne 34,90 z\u0142 na hempking.eu! Zapraszamy!","og_url":"https:\/\/dev.hempking.eu\/pl\/olej-cbd-1-raw-10ml\/","og_site_name":"Hemp King","article_publisher":"https:\/\/www.facebook.com\/hempkingpoland","article_modified_time":"2023-04-04T11:08:39+00:00","og_image":[{"width":1000,"height":1000,"url":"https:\/\/dev.hempking.eu\/pl\/wp-content\/uploads\/sites\/2\/2022\/01\/olejek_raw.jpg","type":"image\/jpeg"}],"twitter_card":"summary_large_image","twitter_site":"@hempkingeu","twitter_misc":{"Price":"20.00&nbsp;&#122;&#322;","Availability":"Out of stock"},"schema":{"@context":"https:\/\/schema.org","@graph":[{"@type":"WebPage","@id":"https:\/\/dev.hempking.eu\/pl\/olej-cbd-1-raw-10ml-krotki-termin-waznosci\/","url":"https:\/\/dev.hempking.eu\/pl\/olej-cbd-1-raw-10ml\/","name":"Olej CBD 1% RAW HempKing | 10 ml | Full Spectrum","isPartOf":{"@id":"https:\/\/dev.hempking.eu\/pl\/#website"},"primaryImageOfPage":{"@id":"https:\/\/dev.hempking.eu\/pl\/olej-cbd-1-raw-10ml\/#primaryimage"},"image":{"@id":"https:\/\/dev.hempking.eu\/pl\/olej-cbd-1-raw-10ml\/#primaryimage"},"thumbnailUrl":"https:\/\/dev.hempking.eu\/pl\/wp-content\/uploads\/sites\/2\/2022\/01\/olejek_raw.jpg","datePublished":"2021-09-15T11:14:28+00:00","dateModified":"2023-04-04T11:08:39+00:00","description":"Olej CBD 1% RAW to produkt idealny na pocz\u0105tek. Naturalne wsparcie odporno\u015bci. Kup teraz za jedyne 34,90 z\u0142 na hempking.eu! Zapraszamy!","breadcrumb":{"@id":"https:\/\/dev.hempking.eu\/pl\/olej-cbd-1-raw-10ml\/#breadcrumb"},"inLanguage":"pl-PL","potentialAction":[{"@type":"ReadAction","target":["https:\/\/dev.hempking.eu\/pl\/olej-cbd-1-raw-10ml\/"]}]},{"@type":"ImageObject","inLanguage":"pl-PL","@id":"https:\/\/dev.hempking.eu\/pl\/olej-cbd-1-raw-10ml\/#primaryimage","url":"https:\/\/dev.hempking.eu\/pl\/wp-content\/uploads\/sites\/2\/2022\/01\/olejek_raw.jpg","contentUrl":"https:\/\/dev.hempking.eu\/pl\/wp-content\/uploads\/sites\/2\/2022\/01\/olejek_raw.jpg","width":1000,"height":1000,"caption":"Olej CBD Raw 1% 10 ml HempKing"},{"@type":"BreadcrumbList","@id":"https:\/\/dev.hempking.eu\/pl\/olej-cbd-1-raw-10ml\/#breadcrumb","itemListElement":[{"@type":"ListItem","position":1,"name":"Home","item":"https:\/\/dev.hempking.eu\/pl\/"},{"@type":"ListItem","position":2,"name":"Sklep","item":"https:\/\/dev.hempking.eu\/pl\/shop\/"},{"@type":"ListItem","position":3,"name":"Powiadom o dost\u0119pno\u015bci","item":"https:\/\/dev.hempking.eu\/pl\/powiadom-o-dostepnosci\/"},{"@type":"ListItem","position":4,"name":"Olej CBD 1% + CBDA, CBC, CBGA, CBG, CBDV, CBN RAW \u2013 10ml - Kr\u00f3tki termin - Powiadom o dost\u0119pno\u015bci"}]},{"@type":"WebSite","@id":"https:\/\/dev.hempking.eu\/pl\/#website","url":"https:\/\/dev.hempking.eu\/pl\/","name":"Hemp King","description":"","publisher":{"@id":"https:\/\/dev.hempking.eu\/pl\/#organization"},"potentialAction":[{"@type":"SearchAction","target":{"@type":"EntryPoint","urlTemplate":"https:\/\/dev.hempking.eu\/pl\/?s={search_term_string}"},"query-input":{"@type":"PropertyValueSpecification","valueRequired":true,"valueName":"search_term_string"}}],"inLanguage":"pl-PL"},{"@type":"Organization","@id":"https:\/\/dev.hempking.eu\/pl\/#organization","name":"Hemp King","url":"https:\/\/dev.hempking.eu\/pl\/","logo":{"@type":"ImageObject","inLanguage":"pl-PL","@id":"https:\/\/dev.hempking.eu\/pl\/#\/schema\/logo\/image\/","url":"https:\/\/dev.hempking.eu\/pl\/wp-content\/uploads\/sites\/2\/2020\/05\/hempking.png","contentUrl":"https:\/\/dev.hempking.eu\/pl\/wp-content\/uploads\/sites\/2\/2020\/05\/hempking.png","width":148,"height":91,"caption":"Hemp King"},"image":{"@id":"https:\/\/dev.hempking.eu\/pl\/#\/schema\/logo\/image\/"},"sameAs":["https:\/\/www.facebook.com\/hempkingpoland","https:\/\/x.com\/hempkingeu","https:\/\/www.instagram.com\/hempkingeu\/","https:\/\/www.linkedin.com\/company\/hempking-eu\/mycompany\/","https:\/\/pl.pinterest.com\/hempkingeu\/","https:\/\/www.youtube.com\/channel\/UCUkeZA1fj4hSZfoYm0WpZ7w"]}]},"product_price_amount":"20.00","product_price_currency":"PLN","og_availability":"out of stock","product_availability":"out of stock","product_condition":"new"},"_links":{"self":[{"href":"https:\/\/dev.hempking.eu\/pl\/wp-json\/wp\/v2\/product\/74676","targetHints":{"allow":["GET"]}}],"collection":[{"href":"https:\/\/dev.hempking.eu\/pl\/wp-json\/wp\/v2\/product"}],"about":[{"href":"https:\/\/dev.hempking.eu\/pl\/wp-json\/wp\/v2\/types\/product"}],"wp:featuredmedia":[{"embeddable":true,"href":"https:\/\/dev.hempking.eu\/pl\/wp-json\/wp\/v2\/media\/87497"}],"wp:attachment":[{"href":"https:\/\/dev.hempking.eu\/pl\/wp-json\/wp\/v2\/media?parent=74676"}],"wp:term":[{"taxonomy":"product_cat","embeddable":true,"href":"https:\/\/dev.hempking.eu\/pl\/wp-json\/wp\/v2\/product_cat?post=74676"},{"taxonomy":"product_tag","embeddable":true,"href":"https:\/\/dev.hempking.eu\/pl\/wp-json\/wp\/v2\/product_tag?post=74676"}],"curies":[{"name":"wp","href":"https:\/\/api.w.org\/{rel}","templated":true}]}}