{"id":74680,"date":"2021-09-15T13:23:06","date_gmt":"2021-09-15T11:23:06","guid":{"rendered":"https:\/\/hempking.eu\/pl\/?post_type=product&#038;p=74680"},"modified":"2023-04-07T15:08:28","modified_gmt":"2023-04-07T13:08:28","slug":"olej-cbd-5-natural-500mg-10ml-last-minute","status":"publish","type":"product","link":"https:\/\/dev.hempking.eu\/pl\/olej-cbd-5-natural-500mg-10ml-last-minute\/","title":{"rendered":"Olej CBD 5% + CBDA, CBC, CBGA, CBG, CBDV, CBN Natural (500mg) \u2013 10ml - Kr\u00f3tki termin - Powiadom o dost\u0119pno\u015bci"},"content":{"rendered":"<h2><strong>Poznaj Olej CBD Natural 5% &#8211; naturalny olej konopny z pe\u0142nym spektrum fitosk\u0142adnik\u00f3w<\/strong><\/h2>\n<p><strong>Bestsellerowy olejek konopny Natural z CBD 5%<\/strong> to nasz sztandarowy produkt! Ten suplement diety dostarczy Ci mi\u0119dzy innymi minimum 500mg naturalnego CBD oraz pe\u0142nego spektrum innych fitosk\u0142adnik\u00f3w (kannabinoid\u00f3w).<\/p>\n<p>W naszym olejku CBD Natural 5% znajdziesz wszystkie sk\u0142adniki, kt\u00f3re wyst\u0119puj\u0105 naturalnie w konopiach: fenole, terpeny i flawonoidy, a tak\u017ce nienasycone kwasy t\u0142uszczowe omega-3, omega-6 i omega-9.<\/p>\n<p>&nbsp;<\/p>\n<h2><strong>Co wyr\u00f3\u017cnia nasz Olej konopny z CBD 5%?<\/strong><\/h2>\n<p><strong>Wysokie st\u0119\u017cenie na kropl\u0119 produktu<br \/>\n<\/strong><a href=\"https:\/\/dev.hempking.eu\/pl\/olej-cbd\/\">Olej CBD<\/a> Hempking to <strong>wysoki procent st\u0119\u017cenia na kropl\u0119 produktu<\/strong>. Co to oznacza? Hempking oferuje produkty o korzystnej cenie za CBD na 1mg. W kropli olejku konopnego o st\u0119\u017ceniu 5% CBD znajduje si\u0119 ponad 2,5mg CBD, a dodatkowo pozosta\u0142e kannabinoidy (fitosk\u0142adniki) z konopi, jak fenole, terpeny i flawonoidy.<\/p>\n<p>Je\u015bli chcesz spo\u017cy\u0107 wybran\u0105 porcj\u0119 miligram\u00f3w CBD, wybieraj\u0105c produkty Hempking, dzi\u0119ki wysokiemu st\u0119\u017ceniu na 1 kropl\u0119, zu\u017cyjesz mniej produktu ni\u017c w przypadku produkt\u00f3w z ni\u017cszym st\u0119\u017ceniem.<\/p>\n<p><strong>100% natury<\/strong><br \/>\nDo produkcji naszych produkt\u00f3w <strong>nie u\u017cywamy sztucznych sk\u0142adnik\u00f3w<\/strong>, izolat\u00f3w czy syntetycznego CBD. Olej produkujemy w Polsce, bezpieczn\u0105 metod\u0105 ekstrakcji nadkrytycznym CO2.<\/p>\n<p><strong>Produkt polski<\/strong><br \/>\nZamkni\u0119te w szklanej buteleczce bogactwo konopi, kt\u00f3re rosn\u0105 w czystych zak\u0105tkach Polski i s\u0105 <strong>produkowane w Polsce<\/strong>, to pewno\u015b\u0107, \u017ce wybierasz najlepszy konopny suplement diety dla siebie. Masz te\u017c pewno\u015b\u0107, \u017ce p\u0142acisz za to, czego wymagasz!<\/p>\n<p>W naszej ofercie posiadamy tak\u017ce <a href=\"https:\/\/dev.hempking.eu\/pl\/olej-cbd-bio-5-10-ml\/\">Olej CBD BIO 5% &#8211; 10ml<\/a>.<\/p>\n<p>&nbsp;<\/p>\n<h2><strong>Jako\u015b\u0107 jest dla nas najwa\u017cniejsza!<\/strong><\/h2>\n<p><strong>Olejek CBD Natural 5% jest przebadany<\/strong> pod k\u0105tem zawarto\u015bci fitosk\u0142adnik\u00f3w, terpen\u00f3w oraz metali ci\u0119\u017ckich.<\/p>\n<p><strong>Najnowsze badania mo\u017cesz znale\u017a\u0107 w zak\u0142adce <a href=\"https:\/\/dev.hempking.eu\/pl\/atesty-i-certyfikaty\/\">Atesty i Certyfikaty<\/a>.<\/strong><\/p>\n<p>Korzystamy ze sprawdzonych upraw konopi do produkcji naszych suplement\u00f3w, \u017cywno\u015bci oraz kosmetyk\u00f3w.<\/p>\n<p>&nbsp;<\/p>\n<h2><strong>W\u0142a\u015bciwo\u015bci oleju CBD Natural 5%<\/strong><\/h2>\n<p>Dzi\u0119ki zawarto\u015bci CBD i innych fitosk\u0142adnik\u00f3w oraz pozosta\u0142ych zwi\u0105zk\u00f3w pochodz\u0105cych z konopi, olejek konopny ma pozytywne w\u0142a\u015bciwo\u015bci. Z pewno\u015bci\u0105 je docenisz.<\/p>\n<p><strong>Suplementuj\u0105c olej konopny:<\/strong><\/p>\n<ul>\n<li>wzbogacisz diet\u0119 o fitosk\u0142adniki,<\/li>\n<li>bogactwo nienasyconych kwas\u00f3w t\u0142uszczowych omega-3, omega-6 i omega-9,<\/li>\n<li>pomaga Twojej naturalnej odporno\u015bci,<\/li>\n<li>korzystnie wp\u0142ywa na uk\u0142ad sercowo-naczyniowy,<\/li>\n<li>pomaga regulowa\u0107 zawarto\u015b\u0107 cholesterolu i tr\u00f3jgliceryd\u00f3w we krwi,<\/li>\n<li>zapewnia sk\u00f3rze optymalny poziom nawil\u017cenia i zdrowy wygl\u0105d.<\/li>\n<\/ul>\n<p>&nbsp;<\/p>\n<h2><strong>Suplementacja CBD &#8211; jak spo\u017cywa\u0107 olej konopny CBD Natural 5%?<\/strong><\/h2>\n<p>Wdro\u017cenie suplementacji olejku CBD Natural 5% jest niezwykle proste, pod warunkiem, \u017ce znasz kilka podstaw.<br \/>\nRozpocz\u0119cie spo\u017cywania CBD w formie olejku konopnego zaczyna si\u0119 od ma\u0142ych ilo\u015bci. Na pocz\u0105tek spr\u00f3buj suplementowa\u0107 1 kropl\u0119, trzy razy dziennie &#8211; codziennie!<\/p>\n<p>Najlepiej je\u015bli b\u0119dziesz to robi\u0107 10min przed lub po posi\u0142ku.<br \/>\nKropl\u0119 olejku konopnego z CBD Natural 5% umie\u015b\u0107 pod j\u0119zykiem i odczekaj przynajmniej 30 sekund przed po\u0142kni\u0119ciem.<br \/>\nStaraj si\u0119 nie pi\u0107 od razu po prze\u0142kni\u0119ciu!<\/p>\n<p><strong>A co zrobi\u0107, gdy smak konopi okazuje si\u0119 nie dla Ciebie?<\/strong><br \/>\nSprawd\u017a nasze kapsu\u0142ki z olejem CBD: <a href=\"https:\/\/dev.hempking.eu\/pl\/kapsulki-cbd-1000mg-50-sztuk\/\">Kapsu\u0142ki CBD<\/a><\/p>\n<p>&nbsp;<\/p>\n<h2><strong>Olej konopny CBD Natural 5% &#8211; 10ml &#8211; sk\u0142adniki<\/strong><\/h2>\n<p>Olej z konopi siewnych (Cannabis sativa L.) o pe\u0142nym spektrum fitosk\u0142adnik\u00f3w oraz olej z nasion konopi siewnych, terpeny, flawonoidy, fenole.<\/p>\n<p>Przyk\u0142adamy te\u017c du\u017c\u0105 wag\u0119 do wygl\u0105du naszych produkt\u00f3w i stawiamy na naturalne rozwi\u0105zania, w ekologicznych formatach. Butelka jest wykonana z zaciemnionego szk\u0142a, a nakr\u0119tka z bambusu, by ograniczy\u0107 ilo\u015b\u0107 wykorzystywanego plastiku.<\/p>\n<p><span style=\"font-weight: 400;\">W ofercie posiadamy tak\u017ce olej <a href=\"https:\/\/dev.hempking.eu\/pl\/olej-cbd-1\/\">CBD 1%<\/a>, <a href=\"https:\/\/dev.hempking.eu\/pl\/olej-cbd-10\/\">olej CBD 10%<\/a>, <a href=\"https:\/\/dev.hempking.eu\/pl\/olej-cbd-15\/\">olej CBD 15%<\/a>, <a href=\"https:\/\/dev.hempking.eu\/pl\/olej-cbd-bio\/\">olej CBD BIO<\/a>, <a href=\"https:\/\/dev.hempking.eu\/pl\/olej-cbg\/\">olej CBG<\/a>. oraz inne <a href=\"https:\/\/dev.hempking.eu\/pl\/olej-cbd-5\/\">olejki CBD 5%<\/a>.\u00a0<\/span><\/p>\n<p><a href=\"https:\/\/dev.hempking.eu\/pl\/wp-content\/uploads\/sites\/2\/2020\/07\/warunki_4.jpg\"><img loading=\"lazy\" decoding=\"async\" class=\"alignnone size-full wp-image-100623\" src=\"https:\/\/dev.hempking.eu\/pl\/wp-content\/uploads\/sites\/2\/2020\/07\/warunki_4.jpg\" alt=\"fito sk\u0142adniki novel food\" width=\"755\" height=\"237\" srcset=\"https:\/\/dev.hempking.eu\/pl\/wp-content\/uploads\/sites\/2\/2020\/07\/warunki_4.jpg 755w, https:\/\/dev.hempking.eu\/pl\/wp-content\/uploads\/sites\/2\/2020\/07\/warunki_4-640x201.jpg 640w, https:\/\/dev.hempking.eu\/pl\/wp-content\/uploads\/sites\/2\/2020\/07\/warunki_4-400x126.jpg 400w\" sizes=\"auto, (max-width: 755px) 100vw, 755px\" \/><\/a><\/p>\n<p><a href=\"https:\/\/dev.hempking.eu\/pl\/wp-content\/uploads\/sites\/2\/2022\/01\/warunki2.jpg\"><img loading=\"lazy\" decoding=\"async\" class=\"alignnone wp-image-85647 size-full\" src=\"https:\/\/dev.hempking.eu\/pl\/wp-content\/uploads\/sites\/2\/2022\/01\/warunki2.jpg\" alt=\"warunki2\" width=\"755\" height=\"307\" srcset=\"https:\/\/dev.hempking.eu\/pl\/wp-content\/uploads\/sites\/2\/2022\/01\/warunki2.jpg 755w, https:\/\/dev.hempking.eu\/pl\/wp-content\/uploads\/sites\/2\/2022\/01\/warunki2-640x260.jpg 640w, https:\/\/dev.hempking.eu\/pl\/wp-content\/uploads\/sites\/2\/2022\/01\/warunki2-400x163.jpg 400w, https:\/\/dev.hempking.eu\/pl\/wp-content\/uploads\/sites\/2\/2022\/01\/warunki2-600x244.jpg 600w\" sizes=\"auto, (max-width: 755px) 100vw, 755px\" \/><\/a><\/p>\n","protected":false},"excerpt":{"rendered":"<h2><strong>Olej konopny CBD Natural 5% to:<\/strong><\/h2>\n<ul>\n<li><strong>Minimum 500 mg CBD<\/strong><\/li>\n<li><strong>Pe\u0142ne spektrum kannabinoid\u00f3w<\/strong> (fitosk\u0142adnik\u00f3w), w tym: CBD, CBDA, CBDV, CBG, CBC, CBN, CBGA<\/li>\n<li>Naturalnie wyst\u0119puj\u0105ce w konopiach terpeny, flawonoidy, fenole<\/li>\n<li>Kwasy t\u0142uszczowe: omega-3, omega-6 oraz omega-9<\/li>\n<li><strong>1 kropla \u2013 minimum 2,5 mg CBD<\/strong><\/li>\n<li>Produkt poddawany sta\u0142ej kontroli jako\u015bci<\/li>\n<li>Produkowane bez u\u017cycia rozpuszczalnik\u00f3w, wzbogacenia syntetycznego lub krystalicznego CBD<\/li>\n<li><strong>100% naturalny<\/strong><\/li>\n<li>butelka to 200 kropli<\/li>\n<li>wystarcza na ok. 2 miesi\u0105ce stosowania<\/li>\n<\/ul>\n<p><strong>Pojemno\u015b\u0107: 10ml<\/strong><\/p>\n","protected":false},"featured_media":91775,"template":"","meta":{"_acf_changed":false},"product_cat":[153],"product_tag":[91],"class_list":{"0":"post-74680","1":"product","2":"type-product","3":"status-publish","4":"has-post-thumbnail","6":"product_cat-powiadom-o-dostepnosci","7":"product_tag-home","9":"first","10":"outofstock","11":"sale","12":"shipping-taxable","13":"purchasable","14":"product-type-simple"},"acf":[],"yoast_head":"<!-- This site is optimized with the Yoast SEO Premium plugin v23.4 (Yoast SEO v24.0) - https:\/\/yoast.com\/wordpress\/plugins\/seo\/ -->\n<title>Olej CBD 5% Natural (500 mg) Hempking | 10 ml | Full Spectrum<\/title>\n<meta name=\"description\" content=\"Poznaj Olej CBD Natural 5% - naturalny olej konopny z pe\u0142nym spektrum fitosk\u0142adnik\u00f3w. Kup nasz bestseller w cenie 119 z\u0142 za 10 ml !\" \/>\n<link rel=\"canonical\" href=\"https:\/\/dev.hempking.eu\/pl\/olej-cbd-natural-5-500mg-10ml\/\" \/>\n<meta property=\"og:locale\" content=\"pl_PL\" \/>\n<meta property=\"og:type\" content=\"article\" \/>\n<meta property=\"og:title\" content=\"Olej CBD 5% + CBDA, CBC, CBGA, CBG, CBDV, CBN Natural (500mg) \u2013 10ml - Kr\u00f3tki termin - Powiadom o dost\u0119pno\u015bci\" \/>\n<meta property=\"og:description\" content=\"Poznaj Olej CBD Natural 5% - naturalny olej konopny z pe\u0142nym spektrum fitosk\u0142adnik\u00f3w. Kup nasz bestseller w cenie 119 z\u0142 za 10 ml !\" \/>\n<meta property=\"og:url\" content=\"https:\/\/dev.hempking.eu\/pl\/olej-cbd-natural-5-500mg-10ml\/\" \/>\n<meta property=\"og:site_name\" content=\"Hemp King\" \/>\n<meta property=\"article:publisher\" content=\"https:\/\/www.facebook.com\/hempkingpoland\" \/>\n<meta property=\"article:modified_time\" content=\"2023-04-07T13:08:28+00:00\" \/>\n<meta property=\"og:image\" content=\"https:\/\/dev.hempking.eu\/pl\/wp-content\/uploads\/sites\/2\/2020\/07\/olejek_natural.jpg\" \/>\n\t<meta property=\"og:image:width\" content=\"1000\" \/>\n\t<meta property=\"og:image:height\" content=\"1000\" \/>\n\t<meta property=\"og:image:type\" content=\"image\/jpeg\" \/>\n<meta name=\"twitter:card\" content=\"summary_large_image\" \/>\n<meta name=\"twitter:site\" content=\"@hempkingeu\" \/>\n<meta name=\"twitter:label1\" content=\"Price\" \/>\n\t<meta name=\"twitter:data1\" content=\"81.75&nbsp;&#122;&#322;\" \/>\n\t<meta name=\"twitter:label2\" content=\"Availability\" \/>\n\t<meta name=\"twitter:data2\" content=\"Out of stock\" \/>\n<script type=\"application\/ld+json\" class=\"yoast-schema-graph\">{\"@context\":\"https:\/\/schema.org\",\"@graph\":[{\"@type\":\"WebPage\",\"@id\":\"https:\/\/dev.hempking.eu\/pl\/olej-cbd-5-natural-500mg-10ml-last-minute\/\",\"url\":\"https:\/\/dev.hempking.eu\/pl\/olej-cbd-natural-5-500mg-10ml\/\",\"name\":\"Olej CBD 5% Natural (500 mg) Hempking | 10 ml | Full Spectrum\",\"isPartOf\":{\"@id\":\"https:\/\/dev.hempking.eu\/pl\/#website\"},\"primaryImageOfPage\":{\"@id\":\"https:\/\/dev.hempking.eu\/pl\/olej-cbd-natural-5-500mg-10ml\/#primaryimage\"},\"image\":{\"@id\":\"https:\/\/dev.hempking.eu\/pl\/olej-cbd-natural-5-500mg-10ml\/#primaryimage\"},\"thumbnailUrl\":\"https:\/\/dev.hempking.eu\/pl\/wp-content\/uploads\/sites\/2\/2020\/07\/olejek_natural.jpg\",\"datePublished\":\"2021-09-15T11:23:06+00:00\",\"dateModified\":\"2023-04-07T13:08:28+00:00\",\"description\":\"Poznaj Olej CBD Natural 5% - naturalny olej konopny z pe\u0142nym spektrum fitosk\u0142adnik\u00f3w. Kup nasz bestseller w cenie 119 z\u0142 za 10 ml !\",\"breadcrumb\":{\"@id\":\"https:\/\/dev.hempking.eu\/pl\/olej-cbd-natural-5-500mg-10ml\/#breadcrumb\"},\"inLanguage\":\"pl-PL\",\"potentialAction\":[{\"@type\":\"ReadAction\",\"target\":[\"https:\/\/dev.hempking.eu\/pl\/olej-cbd-natural-5-500mg-10ml\/\"]}]},{\"@type\":\"ImageObject\",\"inLanguage\":\"pl-PL\",\"@id\":\"https:\/\/dev.hempking.eu\/pl\/olej-cbd-natural-5-500mg-10ml\/#primaryimage\",\"url\":\"https:\/\/dev.hempking.eu\/pl\/wp-content\/uploads\/sites\/2\/2020\/07\/olejek_natural.jpg\",\"contentUrl\":\"https:\/\/dev.hempking.eu\/pl\/wp-content\/uploads\/sites\/2\/2020\/07\/olejek_natural.jpg\",\"width\":1000,\"height\":1000,\"caption\":\"olej CBD 5% natural\"},{\"@type\":\"BreadcrumbList\",\"@id\":\"https:\/\/dev.hempking.eu\/pl\/olej-cbd-natural-5-500mg-10ml\/#breadcrumb\",\"itemListElement\":[{\"@type\":\"ListItem\",\"position\":1,\"name\":\"Home\",\"item\":\"https:\/\/dev.hempking.eu\/pl\/\"},{\"@type\":\"ListItem\",\"position\":2,\"name\":\"Sklep\",\"item\":\"https:\/\/dev.hempking.eu\/pl\/shop\/\"},{\"@type\":\"ListItem\",\"position\":3,\"name\":\"Powiadom o dost\u0119pno\u015bci\",\"item\":\"https:\/\/dev.hempking.eu\/pl\/powiadom-o-dostepnosci\/\"},{\"@type\":\"ListItem\",\"position\":4,\"name\":\"Olej CBD 5% + CBDA, CBC, CBGA, CBG, CBDV, CBN Natural (500mg) \u2013 10ml - Kr\u00f3tki termin - Powiadom o dost\u0119pno\u015bci\"}]},{\"@type\":\"WebSite\",\"@id\":\"https:\/\/dev.hempking.eu\/pl\/#website\",\"url\":\"https:\/\/dev.hempking.eu\/pl\/\",\"name\":\"Hemp King\",\"description\":\"\",\"publisher\":{\"@id\":\"https:\/\/dev.hempking.eu\/pl\/#organization\"},\"potentialAction\":[{\"@type\":\"SearchAction\",\"target\":{\"@type\":\"EntryPoint\",\"urlTemplate\":\"https:\/\/dev.hempking.eu\/pl\/?s={search_term_string}\"},\"query-input\":{\"@type\":\"PropertyValueSpecification\",\"valueRequired\":true,\"valueName\":\"search_term_string\"}}],\"inLanguage\":\"pl-PL\"},{\"@type\":\"Organization\",\"@id\":\"https:\/\/dev.hempking.eu\/pl\/#organization\",\"name\":\"Hemp King\",\"url\":\"https:\/\/dev.hempking.eu\/pl\/\",\"logo\":{\"@type\":\"ImageObject\",\"inLanguage\":\"pl-PL\",\"@id\":\"https:\/\/dev.hempking.eu\/pl\/#\/schema\/logo\/image\/\",\"url\":\"https:\/\/dev.hempking.eu\/pl\/wp-content\/uploads\/sites\/2\/2020\/05\/hempking.png\",\"contentUrl\":\"https:\/\/dev.hempking.eu\/pl\/wp-content\/uploads\/sites\/2\/2020\/05\/hempking.png\",\"width\":148,\"height\":91,\"caption\":\"Hemp King\"},\"image\":{\"@id\":\"https:\/\/dev.hempking.eu\/pl\/#\/schema\/logo\/image\/\"},\"sameAs\":[\"https:\/\/www.facebook.com\/hempkingpoland\",\"https:\/\/x.com\/hempkingeu\",\"https:\/\/www.instagram.com\/hempkingeu\/\",\"https:\/\/www.linkedin.com\/company\/hempking-eu\/mycompany\/\",\"https:\/\/pl.pinterest.com\/hempkingeu\/\",\"https:\/\/www.youtube.com\/channel\/UCUkeZA1fj4hSZfoYm0WpZ7w\"]}]}<\/script>\n<meta property=\"product:price:amount\" content=\"81.75\" \/>\n<meta property=\"product:price:currency\" content=\"PLN\" \/>\n<meta property=\"og:availability\" content=\"out of stock\" \/>\n<meta property=\"product:availability\" content=\"out of stock\" \/>\n<meta property=\"product:condition\" content=\"new\" \/>\n<!-- \/ Yoast SEO Premium plugin. -->","yoast_head_json":{"title":"Olej CBD 5% Natural (500 mg) Hempking | 10 ml | Full Spectrum","description":"Poznaj Olej CBD Natural 5% - naturalny olej konopny z pe\u0142nym spektrum fitosk\u0142adnik\u00f3w. Kup nasz bestseller w cenie 119 z\u0142 za 10 ml !","canonical":"https:\/\/dev.hempking.eu\/pl\/olej-cbd-natural-5-500mg-10ml\/","og_locale":"pl_PL","og_type":"article","og_title":"Olej CBD 5% + CBDA, CBC, CBGA, CBG, CBDV, CBN Natural (500mg) \u2013 10ml - Kr\u00f3tki termin - Powiadom o dost\u0119pno\u015bci","og_description":"Poznaj Olej CBD Natural 5% - naturalny olej konopny z pe\u0142nym spektrum fitosk\u0142adnik\u00f3w. Kup nasz bestseller w cenie 119 z\u0142 za 10 ml !","og_url":"https:\/\/dev.hempking.eu\/pl\/olej-cbd-natural-5-500mg-10ml\/","og_site_name":"Hemp King","article_publisher":"https:\/\/www.facebook.com\/hempkingpoland","article_modified_time":"2023-04-07T13:08:28+00:00","og_image":[{"width":1000,"height":1000,"url":"https:\/\/dev.hempking.eu\/pl\/wp-content\/uploads\/sites\/2\/2020\/07\/olejek_natural.jpg","type":"image\/jpeg"}],"twitter_card":"summary_large_image","twitter_site":"@hempkingeu","twitter_misc":{"Price":"81.75&nbsp;&#122;&#322;","Availability":"Out of stock"},"schema":{"@context":"https:\/\/schema.org","@graph":[{"@type":"WebPage","@id":"https:\/\/dev.hempking.eu\/pl\/olej-cbd-5-natural-500mg-10ml-last-minute\/","url":"https:\/\/dev.hempking.eu\/pl\/olej-cbd-natural-5-500mg-10ml\/","name":"Olej CBD 5% Natural (500 mg) Hempking | 10 ml | Full Spectrum","isPartOf":{"@id":"https:\/\/dev.hempking.eu\/pl\/#website"},"primaryImageOfPage":{"@id":"https:\/\/dev.hempking.eu\/pl\/olej-cbd-natural-5-500mg-10ml\/#primaryimage"},"image":{"@id":"https:\/\/dev.hempking.eu\/pl\/olej-cbd-natural-5-500mg-10ml\/#primaryimage"},"thumbnailUrl":"https:\/\/dev.hempking.eu\/pl\/wp-content\/uploads\/sites\/2\/2020\/07\/olejek_natural.jpg","datePublished":"2021-09-15T11:23:06+00:00","dateModified":"2023-04-07T13:08:28+00:00","description":"Poznaj Olej CBD Natural 5% - naturalny olej konopny z pe\u0142nym spektrum fitosk\u0142adnik\u00f3w. Kup nasz bestseller w cenie 119 z\u0142 za 10 ml !","breadcrumb":{"@id":"https:\/\/dev.hempking.eu\/pl\/olej-cbd-natural-5-500mg-10ml\/#breadcrumb"},"inLanguage":"pl-PL","potentialAction":[{"@type":"ReadAction","target":["https:\/\/dev.hempking.eu\/pl\/olej-cbd-natural-5-500mg-10ml\/"]}]},{"@type":"ImageObject","inLanguage":"pl-PL","@id":"https:\/\/dev.hempking.eu\/pl\/olej-cbd-natural-5-500mg-10ml\/#primaryimage","url":"https:\/\/dev.hempking.eu\/pl\/wp-content\/uploads\/sites\/2\/2020\/07\/olejek_natural.jpg","contentUrl":"https:\/\/dev.hempking.eu\/pl\/wp-content\/uploads\/sites\/2\/2020\/07\/olejek_natural.jpg","width":1000,"height":1000,"caption":"olej CBD 5% natural"},{"@type":"BreadcrumbList","@id":"https:\/\/dev.hempking.eu\/pl\/olej-cbd-natural-5-500mg-10ml\/#breadcrumb","itemListElement":[{"@type":"ListItem","position":1,"name":"Home","item":"https:\/\/dev.hempking.eu\/pl\/"},{"@type":"ListItem","position":2,"name":"Sklep","item":"https:\/\/dev.hempking.eu\/pl\/shop\/"},{"@type":"ListItem","position":3,"name":"Powiadom o dost\u0119pno\u015bci","item":"https:\/\/dev.hempking.eu\/pl\/powiadom-o-dostepnosci\/"},{"@type":"ListItem","position":4,"name":"Olej CBD 5% + CBDA, CBC, CBGA, CBG, CBDV, CBN Natural (500mg) \u2013 10ml - Kr\u00f3tki termin - Powiadom o dost\u0119pno\u015bci"}]},{"@type":"WebSite","@id":"https:\/\/dev.hempking.eu\/pl\/#website","url":"https:\/\/dev.hempking.eu\/pl\/","name":"Hemp King","description":"","publisher":{"@id":"https:\/\/dev.hempking.eu\/pl\/#organization"},"potentialAction":[{"@type":"SearchAction","target":{"@type":"EntryPoint","urlTemplate":"https:\/\/dev.hempking.eu\/pl\/?s={search_term_string}"},"query-input":{"@type":"PropertyValueSpecification","valueRequired":true,"valueName":"search_term_string"}}],"inLanguage":"pl-PL"},{"@type":"Organization","@id":"https:\/\/dev.hempking.eu\/pl\/#organization","name":"Hemp King","url":"https:\/\/dev.hempking.eu\/pl\/","logo":{"@type":"ImageObject","inLanguage":"pl-PL","@id":"https:\/\/dev.hempking.eu\/pl\/#\/schema\/logo\/image\/","url":"https:\/\/dev.hempking.eu\/pl\/wp-content\/uploads\/sites\/2\/2020\/05\/hempking.png","contentUrl":"https:\/\/dev.hempking.eu\/pl\/wp-content\/uploads\/sites\/2\/2020\/05\/hempking.png","width":148,"height":91,"caption":"Hemp King"},"image":{"@id":"https:\/\/dev.hempking.eu\/pl\/#\/schema\/logo\/image\/"},"sameAs":["https:\/\/www.facebook.com\/hempkingpoland","https:\/\/x.com\/hempkingeu","https:\/\/www.instagram.com\/hempkingeu\/","https:\/\/www.linkedin.com\/company\/hempking-eu\/mycompany\/","https:\/\/pl.pinterest.com\/hempkingeu\/","https:\/\/www.youtube.com\/channel\/UCUkeZA1fj4hSZfoYm0WpZ7w"]}]},"product_price_amount":"81.75","product_price_currency":"PLN","og_availability":"out of stock","product_availability":"out of stock","product_condition":"new"},"_links":{"self":[{"href":"https:\/\/dev.hempking.eu\/pl\/wp-json\/wp\/v2\/product\/74680","targetHints":{"allow":["GET"]}}],"collection":[{"href":"https:\/\/dev.hempking.eu\/pl\/wp-json\/wp\/v2\/product"}],"about":[{"href":"https:\/\/dev.hempking.eu\/pl\/wp-json\/wp\/v2\/types\/product"}],"wp:featuredmedia":[{"embeddable":true,"href":"https:\/\/dev.hempking.eu\/pl\/wp-json\/wp\/v2\/media\/91775"}],"wp:attachment":[{"href":"https:\/\/dev.hempking.eu\/pl\/wp-json\/wp\/v2\/media?parent=74680"}],"wp:term":[{"taxonomy":"product_cat","embeddable":true,"href":"https:\/\/dev.hempking.eu\/pl\/wp-json\/wp\/v2\/product_cat?post=74680"},{"taxonomy":"product_tag","embeddable":true,"href":"https:\/\/dev.hempking.eu\/pl\/wp-json\/wp\/v2\/product_tag?post=74680"}],"curies":[{"name":"wp","href":"https:\/\/api.w.org\/{rel}","templated":true}]}}