{"id":74808,"date":"2021-09-16T16:28:27","date_gmt":"2021-09-16T14:28:27","guid":{"rendered":"https:\/\/hempking.eu\/pl\/?post_type=product&#038;p=74808"},"modified":"2023-04-07T14:31:40","modified_gmt":"2023-04-07T12:31:40","slug":"olej-cbd-10-natural-plus-1000mg-10ml-last-minute","status":"publish","type":"product","link":"https:\/\/dev.hempking.eu\/pl\/olej-cbd-10-natural-plus-1000mg-10ml-last-minute\/","title":{"rendered":"Olej CBD 10% + CBDA, CBC, CBGA, CBG, CBDV, CBN Natural Plus (1000mg) \u2013 10 ml - Kr\u00f3tki termin - Powiadom mnie o dost\u0119pno\u015bci"},"content":{"rendered":"<h2><strong>Bestsellerowy Olej CBD Natural Plus 10% &#8211; olej konopny Full Spectrum<\/strong><\/h2>\n<p>Suplement diety jakim jest nasz olejek konopny o st\u0119\u017ceniu 10% CBD zawiera minimum 1000 mg naturalnego CBD oraz innych fitosk\u0142adnik\u00f3w (kannabinoid\u00f3w) w pe\u0142nym spektrum.<\/p>\n<p>W olejku CBD 10% s\u0105 wszystkie sk\u0142adniki, kt\u00f3re naturalnie mo\u017cesz znale\u017a\u0107 w konopiach: terpeny, fenole, flawonoidy, a tak\u017ce nienasycone kwasy t\u0142uszczowe omega-3, omega-6 i omega-9, tak wa\u017cne w naszej diecie.<\/p>\n<p>&nbsp;<\/p>\n<h2><strong>Olej CBD Natural Plus 10% &#8211; 10 ml &#8211; co go wyr\u00f3\u017cnia?<\/strong><\/h2>\n<p><strong>Wysokie st\u0119\u017cenie w jednej kropli<br \/>\n<\/strong><a href=\"https:\/\/dev.hempking.eu\/pl\/olej-cbd-10\/\">Olej CBD 10%<\/a> Hempking daje Ci wysoki procent st\u0119\u017cenia na kropl\u0119 produktu. Co to oznacza? Oferujemy produkty o korzystnej cenie za CBD na 1 mg. W kropli olejku konopnego Natural Plus 10% CBD znajduje si\u0119 minimum 5 mg CBD, a dodatkowo pozosta\u0142e fitosk\u0142adniki wyst\u0119puj\u0105ce w konopiach, jak fenole, terpeny i flawonoidy.<\/p>\n<p>Wybieraj\u0105c nasze produkty, masz gwarancj\u0119 wysokiego st\u0119\u017cenia na 1 kropl\u0119 i mo\u017cesz zu\u017cy\u0107 mniej produktu, dostarczaj\u0105c sobie po\u017c\u0105dan\u0105 ilo\u015b\u0107 fitosk\u0142adnik\u00f3w.<\/p>\n<p><strong>100% natury<br \/>\n<\/strong>Do produkcji naszych produkt\u00f3w u\u017cywamy tylko naturalnych sk\u0142adnik\u00f3w. Nie ma w nich izolat\u00f3w czy syntetycznego CBD. Do jego wytworzenia u\u017cywamy nowoczesnej metody ekstrakcji, kt\u00f3ra jest bardzo bezpieczna i pozwala zachowa\u0107 full spectrum naturalnych sk\u0142adnik\u00f3w &#8211; metod\u0119 ekstrakcji nadkrytycznym CO2.<\/p>\n<p><strong>Produkt polski<br \/>\n<\/strong>Konopne bogactwo polskich upraw zamkn\u0119li\u015bmy w szklanej buteleczce. Wybrali\u015bmy takie uprawy, kt\u00f3re znajduj\u0105 si\u0119 w czystych zak\u0105tkach Polski. Nasze olejki s\u0105 produkowane w Polsce. Mo\u017cesz mie\u0107 pewno\u015b\u0107, \u017ce wybierasz najlepszy konopny suplement diety dla siebie. Oraz \u017ce p\u0142acisz za to, czego wymagasz!<\/p>\n<p>&nbsp;<\/p>\n<h2><strong>Jako\u015b\u0107 znaczy dla nas najwi\u0119cej!<\/strong><\/h2>\n<p>Olejek CBD Natural Plus 10% przebadali\u015bmy na zawarto\u015b\u0107 fitosk\u0142adnik\u00f3w, terpen\u00f3w oraz metali ci\u0119\u017ckich.<\/p>\n<p><strong>Najnowsze badania znajdziesz w zak\u0142adce <a href=\"https:\/\/dev.hempking.eu\/pl\/atesty-i-certyfikaty\/\">Atesty i Certyfikaty<\/a>.<\/strong><\/p>\n<p>Korzystamy tylko z samych sprawdzonych i bezpiecznych upraw konopi do produkcji naszych suplement\u00f3w, \u017cywno\u015bci oraz kosmetyk\u00f3w.<\/p>\n<p>&nbsp;<\/p>\n<h2><strong>W\u0142a\u015bciwo\u015bci olejku CBD Natural Plus 10%<\/strong><\/h2>\n<p>Dzi\u0119ki temu, \u017ce olejek konopny zawiera CBD, inne fitosk\u0142adniki oraz pozosta\u0142e zwi\u0105zki wyst\u0119puj\u0105ce w konopiach, olejek ma pozytywne w\u0142a\u015bciwo\u015bci.<\/p>\n<p><strong>Suplementuj\u0105c olej konopny:<\/strong><\/p>\n<ul>\n<li>wzbogacisz diet\u0119 o pe\u0142ne spektrum fitosk\u0142adnik\u00f3w,<\/li>\n<li>dostarczysz sobie nienasyconych kwas\u00f3w t\u0142uszczowych omega-3, omega-6 i omega-9,<\/li>\n<li>pomo\u017cesz wzmocni\u0107 Twoj\u0105 naturaln\u0105 odporno\u015b\u0107,<\/li>\n<li>CBD korzystnie wp\u0142ynie na uk\u0142ad sercowo-naczyniowy,<\/li>\n<li>olej konopny mo\u017ce regulowa\u0107 zawarto\u015b\u0107 cholesterolu i tr\u00f3jgliceryd\u00f3w w Twojej krwi,<\/li>\n<li>zapewnisz sk\u00f3rze optymalny poziom nawil\u017cenia i zdrowy wygl\u0105d.<\/li>\n<\/ul>\n<p>&nbsp;<\/p>\n<h2><strong>Jak spo\u017cywa\u0107 olej konopny Natural Plus 10%?<\/strong><\/h2>\n<p>Suplementacja olejku CBD Natural Plus 10% jest prosta, pod warunkiem, \u017ce zapoznasz si\u0119 z kilkoma podstawami.<\/p>\n<p>Rozpoczynaj\u0105c suplementacj\u0119 CBD w formie olejku konopnego zacznij si\u0119 od niewielkich ilo\u015bci. Najpierw spr\u00f3buj spo\u017cywa\u0107 3 krople dziennie, roz\u0142o\u017cone na trzy porcje w ci\u0105gu dnia &#8211; codziennie!<br \/>\nNajlepiej gdy b\u0119dziesz p\u00f3\u0142 godziny przed lub po posi\u0142ku.<\/p>\n<p>Kropl\u0119 suplementu z CBD nale\u017cy umie\u015bci\u0107 pod j\u0119zykiem i odczeka\u0107 minimum 30 sekund zanim si\u0119 j\u0105 po\u0142knie.<br \/>\nPo prze\u0142kni\u0119ciu postaraj si\u0119 od razu nie pi\u0107!<\/p>\n<p>&nbsp;<\/p>\n<p><strong>Mamy te\u017c seri\u0119 olejk\u00f3w CBD Bio, z certyfikatem EU Organic!<\/strong><br \/>\nSprawd\u017a je: <a href=\"https:\/\/dev.hempking.eu\/pl\/olej-cbd-bio\/\">Olejki CBD Bio<\/a><\/p>\n<p>&nbsp;<\/p>\n<h2><strong>Olej konopny Natural Plus 10% &#8211; sk\u0142adniki<\/strong><\/h2>\n<p>Olej z konopi siewnych (Cannabis sativa L.) z full spectrum fitosk\u0142adnik\u00f3w oraz olej z nasion konopi siewnych, terpeny, flawonoidy, fenole.<\/p>\n<p>&nbsp;<\/p>\n<p>Wygl\u0105d naszych produkt\u00f3w jest dla nas r\u00f3wnie\u017c istotny, tak samo jak jego pakowanie. Staramy si\u0119 wykorzystywa\u0107 naturalne rozwi\u0105zania, w ekologicznych formatach. Butelka jest wykonana z ciemnego szk\u0142a dla bezpiecze\u0144stwa produktu, a bambusowa nakr\u0119tka jest po to, by ograniczy\u0107 ilo\u015b\u0107 wykorzystywanego plastiku.<\/p>\n<p><span style=\"font-weight: 400;\">W naszej ofercie dost\u0119pne s\u0105 <\/span><a href=\"https:\/\/dev.hempking.eu\/pl\/olej-cbd\/\"><span style=\"font-weight: 400;\">Oleje CBD<\/span><\/a><span style=\"font-weight: 400;\"> o r\u00f3\u017cnych st\u0119\u017ceniach: <\/span><a href=\"https:\/\/dev.hempking.eu\/pl\/olej-cbd-1\/\"><span style=\"font-weight: 400;\">Olej CBD 1%<\/span><\/a><span style=\"font-weight: 400;\">, <\/span><a href=\"https:\/\/dev.hempking.eu\/pl\/olej-cbd-5\/\"><span style=\"font-weight: 400;\">Olej CBD 5%<\/span><\/a><span style=\"font-weight: 400;\">, <\/span><a href=\"https:\/\/dev.hempking.eu\/pl\/olej-cbd-10\/\"><span style=\"font-weight: 400;\">Olej CBD 10%<\/span><\/a><span style=\"font-weight: 400;\">, <\/span><a href=\"https:\/\/dev.hempking.eu\/pl\/olej-cbd-15\/\"><span style=\"font-weight: 400;\">Olej CBD 15%<\/span><\/a><span style=\"font-weight: 400;\">, a tak\u017ce <\/span><span style=\"font-weight: 400;\"><a href=\"https:\/\/dev.hempking.eu\/pl\/olej-cbg\/\">Olej CBG<\/a>.<\/span><\/p>\n<p>&nbsp;<\/p>\n<p><a href=\"https:\/\/dev.hempking.eu\/pl\/wp-content\/uploads\/sites\/2\/2020\/07\/warunki4.jpg\"><img loading=\"lazy\" decoding=\"async\" class=\"alignnone wp-image-101812 size-full\" src=\"https:\/\/dev.hempking.eu\/pl\/wp-content\/uploads\/sites\/2\/2020\/07\/warunki4.jpg\" alt=\"o\u015bwiadczenia w UE\" width=\"755\" height=\"353\" srcset=\"https:\/\/dev.hempking.eu\/pl\/wp-content\/uploads\/sites\/2\/2020\/07\/warunki4.jpg 755w, https:\/\/dev.hempking.eu\/pl\/wp-content\/uploads\/sites\/2\/2020\/07\/warunki4-640x299.jpg 640w, https:\/\/dev.hempking.eu\/pl\/wp-content\/uploads\/sites\/2\/2020\/07\/warunki4-400x187.jpg 400w\" sizes=\"auto, (max-width: 755px) 100vw, 755px\" \/><\/a><\/p>\n<p><a href=\"https:\/\/dev.hempking.eu\/pl\/wp-content\/uploads\/sites\/2\/2020\/07\/warunki_4.jpg\"><img loading=\"lazy\" decoding=\"async\" class=\"alignnone size-full wp-image-100623\" src=\"https:\/\/dev.hempking.eu\/pl\/wp-content\/uploads\/sites\/2\/2020\/07\/warunki_4.jpg\" alt=\"fito sk\u0142adniki novel food\" width=\"755\" height=\"237\" srcset=\"https:\/\/dev.hempking.eu\/pl\/wp-content\/uploads\/sites\/2\/2020\/07\/warunki_4.jpg 755w, https:\/\/dev.hempking.eu\/pl\/wp-content\/uploads\/sites\/2\/2020\/07\/warunki_4-640x201.jpg 640w, https:\/\/dev.hempking.eu\/pl\/wp-content\/uploads\/sites\/2\/2020\/07\/warunki_4-400x126.jpg 400w\" sizes=\"auto, (max-width: 755px) 100vw, 755px\" \/><\/a><\/p>\n<p><a href=\"https:\/\/dev.hempking.eu\/pl\/wp-content\/uploads\/sites\/2\/2022\/01\/warunki2.jpg\"><img loading=\"lazy\" decoding=\"async\" class=\"alignnone wp-image-85647 size-full\" src=\"https:\/\/dev.hempking.eu\/pl\/wp-content\/uploads\/sites\/2\/2022\/01\/warunki2.jpg\" alt=\"warunki2\" width=\"755\" height=\"307\" srcset=\"https:\/\/dev.hempking.eu\/pl\/wp-content\/uploads\/sites\/2\/2022\/01\/warunki2.jpg 755w, https:\/\/dev.hempking.eu\/pl\/wp-content\/uploads\/sites\/2\/2022\/01\/warunki2-640x260.jpg 640w, https:\/\/dev.hempking.eu\/pl\/wp-content\/uploads\/sites\/2\/2022\/01\/warunki2-400x163.jpg 400w, https:\/\/dev.hempking.eu\/pl\/wp-content\/uploads\/sites\/2\/2022\/01\/warunki2-600x244.jpg 600w\" sizes=\"auto, (max-width: 755px) 100vw, 755px\" \/><\/a><\/p>\n","protected":false},"excerpt":{"rendered":"<h2><strong>Olej konopny CBD Natural Plus 10% to:<\/strong><\/h2>\n<ul>\n<li><strong>Ponad 1000 mg CBD<\/strong><\/li>\n<li>Full spectrum kannabinoid\u00f3w (fitosk\u0142adnik\u00f3w), w tym: <strong>CBD, CBDA, CBDV, CBG, CBC, CBN, CBGA<\/strong><\/li>\n<li>Terpeny, flawonoidy, fenole naturalnie wyst\u0119puj\u0105ce w konopiach<\/li>\n<li><strong>Nienasycone kwasy t\u0142uszczowe: omega-3, omega-6 oraz omega-9<\/strong><\/li>\n<li><strong>1 kropla to minimalnie 5 mg CBD<\/strong><\/li>\n<li>Jako\u015b\u0107 produktu jest stale kontrolowana<\/li>\n<li>Olejek powstaje bez u\u017cycia rozpuszczalnik\u00f3w, wzbogacenia syntetycznego lub krystalicznego CBD<\/li>\n<li><strong>100% natury<\/strong><\/li>\n<li>w butelce jest 200 kropli olejku<\/li>\n<li>produkt wystarcza na ok. 2 miesi\u0105ce<\/li>\n<\/ul>\n<p><strong>Pojemno\u015b\u0107: 10ml<\/strong><\/p>\n","protected":false},"featured_media":91773,"template":"","meta":{"_acf_changed":false},"product_cat":[153],"product_tag":[91],"class_list":{"0":"post-74808","1":"product","2":"type-product","3":"status-publish","4":"has-post-thumbnail","6":"product_cat-powiadom-o-dostepnosci","7":"product_tag-home","9":"first","10":"outofstock","11":"sale","12":"shipping-taxable","13":"purchasable","14":"product-type-simple"},"acf":[],"yoast_head":"<!-- This site is optimized with the Yoast SEO Premium plugin v23.4 (Yoast SEO v24.0) - https:\/\/yoast.com\/wordpress\/plugins\/seo\/ -->\n<title>Olej CBD 10% Natural Plus (1000mg) \u2013 10ml Hempking<\/title>\n<meta name=\"description\" content=\"Olej CBD 10% Natural Plus (1000mg) \u2013 10ml w konopnym sklepie HempKing 100% naturalne. Zadbaj z nami o swoj\u0105 diet\u0119! Sprawd\u017a teraz!\" \/>\n<link rel=\"canonical\" href=\"https:\/\/dev.hempking.eu\/pl\/olej-cbd-natural-plus-10-1000mg-10ml\/\" \/>\n<meta property=\"og:locale\" content=\"pl_PL\" \/>\n<meta property=\"og:type\" content=\"article\" \/>\n<meta property=\"og:title\" content=\"Olej CBD 10% + CBDA, CBC, CBGA, CBG, CBDV, CBN Natural Plus (1000mg) \u2013 10 ml - Kr\u00f3tki termin - Powiadom mnie o dost\u0119pno\u015bci\" \/>\n<meta property=\"og:description\" content=\"Olej CBD 10% Natural Plus (1000mg) \u2013 10ml w konopnym sklepie HempKing 100% naturalne. Zadbaj z nami o swoj\u0105 diet\u0119! Sprawd\u017a teraz!\" \/>\n<meta property=\"og:url\" content=\"https:\/\/dev.hempking.eu\/pl\/olej-cbd-natural-plus-10-1000mg-10ml\/\" \/>\n<meta property=\"og:site_name\" content=\"Hemp King\" \/>\n<meta property=\"article:publisher\" content=\"https:\/\/www.facebook.com\/hempkingpoland\" \/>\n<meta property=\"article:modified_time\" content=\"2023-04-07T12:31:40+00:00\" \/>\n<meta property=\"og:image\" content=\"https:\/\/dev.hempking.eu\/pl\/wp-content\/uploads\/sites\/2\/2020\/07\/olejek_natural_plus.jpg\" \/>\n\t<meta property=\"og:image:width\" content=\"1000\" \/>\n\t<meta property=\"og:image:height\" content=\"1000\" \/>\n\t<meta property=\"og:image:type\" content=\"image\/jpeg\" \/>\n<meta name=\"twitter:card\" content=\"summary_large_image\" \/>\n<meta name=\"twitter:site\" content=\"@hempkingeu\" \/>\n<meta name=\"twitter:label1\" content=\"Price\" \/>\n\t<meta name=\"twitter:data1\" content=\"156.75&nbsp;&#122;&#322;\" \/>\n\t<meta name=\"twitter:label2\" content=\"Availability\" \/>\n\t<meta name=\"twitter:data2\" content=\"Out of stock\" \/>\n<script type=\"application\/ld+json\" class=\"yoast-schema-graph\">{\"@context\":\"https:\/\/schema.org\",\"@graph\":[{\"@type\":\"WebPage\",\"@id\":\"https:\/\/dev.hempking.eu\/pl\/olej-cbd-10-natural-plus-1000mg-10ml-last-minute\/\",\"url\":\"https:\/\/dev.hempking.eu\/pl\/olej-cbd-natural-plus-10-1000mg-10ml\/\",\"name\":\"Olej CBD 10% Natural Plus (1000mg) \u2013 10ml Hempking\",\"isPartOf\":{\"@id\":\"https:\/\/dev.hempking.eu\/pl\/#website\"},\"primaryImageOfPage\":{\"@id\":\"https:\/\/dev.hempking.eu\/pl\/olej-cbd-natural-plus-10-1000mg-10ml\/#primaryimage\"},\"image\":{\"@id\":\"https:\/\/dev.hempking.eu\/pl\/olej-cbd-natural-plus-10-1000mg-10ml\/#primaryimage\"},\"thumbnailUrl\":\"https:\/\/dev.hempking.eu\/pl\/wp-content\/uploads\/sites\/2\/2020\/07\/olejek_natural_plus.jpg\",\"datePublished\":\"2021-09-16T14:28:27+00:00\",\"dateModified\":\"2023-04-07T12:31:40+00:00\",\"description\":\"Olej CBD 10% Natural Plus (1000mg) \u2013 10ml w konopnym sklepie HempKing 100% naturalne. Zadbaj z nami o swoj\u0105 diet\u0119! Sprawd\u017a teraz!\",\"breadcrumb\":{\"@id\":\"https:\/\/dev.hempking.eu\/pl\/olej-cbd-natural-plus-10-1000mg-10ml\/#breadcrumb\"},\"inLanguage\":\"pl-PL\",\"potentialAction\":[{\"@type\":\"ReadAction\",\"target\":[\"https:\/\/dev.hempking.eu\/pl\/olej-cbd-natural-plus-10-1000mg-10ml\/\"]}]},{\"@type\":\"ImageObject\",\"inLanguage\":\"pl-PL\",\"@id\":\"https:\/\/dev.hempking.eu\/pl\/olej-cbd-natural-plus-10-1000mg-10ml\/#primaryimage\",\"url\":\"https:\/\/dev.hempking.eu\/pl\/wp-content\/uploads\/sites\/2\/2020\/07\/olejek_natural_plus.jpg\",\"contentUrl\":\"https:\/\/dev.hempking.eu\/pl\/wp-content\/uploads\/sites\/2\/2020\/07\/olejek_natural_plus.jpg\",\"width\":1000,\"height\":1000,\"caption\":\"olej CBD 10% natural\"},{\"@type\":\"BreadcrumbList\",\"@id\":\"https:\/\/dev.hempking.eu\/pl\/olej-cbd-natural-plus-10-1000mg-10ml\/#breadcrumb\",\"itemListElement\":[{\"@type\":\"ListItem\",\"position\":1,\"name\":\"Home\",\"item\":\"https:\/\/dev.hempking.eu\/pl\/\"},{\"@type\":\"ListItem\",\"position\":2,\"name\":\"Sklep\",\"item\":\"https:\/\/dev.hempking.eu\/pl\/shop\/\"},{\"@type\":\"ListItem\",\"position\":3,\"name\":\"Powiadom o dost\u0119pno\u015bci\",\"item\":\"https:\/\/dev.hempking.eu\/pl\/powiadom-o-dostepnosci\/\"},{\"@type\":\"ListItem\",\"position\":4,\"name\":\"Olej CBD 10% + CBDA, CBC, CBGA, CBG, CBDV, CBN Natural Plus (1000mg) \u2013 10 ml - Kr\u00f3tki termin - Powiadom mnie o dost\u0119pno\u015bci\"}]},{\"@type\":\"WebSite\",\"@id\":\"https:\/\/dev.hempking.eu\/pl\/#website\",\"url\":\"https:\/\/dev.hempking.eu\/pl\/\",\"name\":\"Hemp King\",\"description\":\"\",\"publisher\":{\"@id\":\"https:\/\/dev.hempking.eu\/pl\/#organization\"},\"potentialAction\":[{\"@type\":\"SearchAction\",\"target\":{\"@type\":\"EntryPoint\",\"urlTemplate\":\"https:\/\/dev.hempking.eu\/pl\/?s={search_term_string}\"},\"query-input\":{\"@type\":\"PropertyValueSpecification\",\"valueRequired\":true,\"valueName\":\"search_term_string\"}}],\"inLanguage\":\"pl-PL\"},{\"@type\":\"Organization\",\"@id\":\"https:\/\/dev.hempking.eu\/pl\/#organization\",\"name\":\"Hemp King\",\"url\":\"https:\/\/dev.hempking.eu\/pl\/\",\"logo\":{\"@type\":\"ImageObject\",\"inLanguage\":\"pl-PL\",\"@id\":\"https:\/\/dev.hempking.eu\/pl\/#\/schema\/logo\/image\/\",\"url\":\"https:\/\/dev.hempking.eu\/pl\/wp-content\/uploads\/sites\/2\/2020\/05\/hempking.png\",\"contentUrl\":\"https:\/\/dev.hempking.eu\/pl\/wp-content\/uploads\/sites\/2\/2020\/05\/hempking.png\",\"width\":148,\"height\":91,\"caption\":\"Hemp King\"},\"image\":{\"@id\":\"https:\/\/dev.hempking.eu\/pl\/#\/schema\/logo\/image\/\"},\"sameAs\":[\"https:\/\/www.facebook.com\/hempkingpoland\",\"https:\/\/x.com\/hempkingeu\",\"https:\/\/www.instagram.com\/hempkingeu\/\",\"https:\/\/www.linkedin.com\/company\/hempking-eu\/mycompany\/\",\"https:\/\/pl.pinterest.com\/hempkingeu\/\",\"https:\/\/www.youtube.com\/channel\/UCUkeZA1fj4hSZfoYm0WpZ7w\"]}]}<\/script>\n<meta property=\"product:price:amount\" content=\"156.75\" \/>\n<meta property=\"product:price:currency\" content=\"PLN\" \/>\n<meta property=\"og:availability\" content=\"out of stock\" \/>\n<meta property=\"product:availability\" content=\"out of stock\" \/>\n<meta property=\"product:condition\" content=\"new\" \/>\n<!-- \/ Yoast SEO Premium plugin. -->","yoast_head_json":{"title":"Olej CBD 10% Natural Plus (1000mg) \u2013 10ml Hempking","description":"Olej CBD 10% Natural Plus (1000mg) \u2013 10ml w konopnym sklepie HempKing 100% naturalne. Zadbaj z nami o swoj\u0105 diet\u0119! Sprawd\u017a teraz!","canonical":"https:\/\/dev.hempking.eu\/pl\/olej-cbd-natural-plus-10-1000mg-10ml\/","og_locale":"pl_PL","og_type":"article","og_title":"Olej CBD 10% + CBDA, CBC, CBGA, CBG, CBDV, CBN Natural Plus (1000mg) \u2013 10 ml - Kr\u00f3tki termin - Powiadom mnie o dost\u0119pno\u015bci","og_description":"Olej CBD 10% Natural Plus (1000mg) \u2013 10ml w konopnym sklepie HempKing 100% naturalne. Zadbaj z nami o swoj\u0105 diet\u0119! Sprawd\u017a teraz!","og_url":"https:\/\/dev.hempking.eu\/pl\/olej-cbd-natural-plus-10-1000mg-10ml\/","og_site_name":"Hemp King","article_publisher":"https:\/\/www.facebook.com\/hempkingpoland","article_modified_time":"2023-04-07T12:31:40+00:00","og_image":[{"width":1000,"height":1000,"url":"https:\/\/dev.hempking.eu\/pl\/wp-content\/uploads\/sites\/2\/2020\/07\/olejek_natural_plus.jpg","type":"image\/jpeg"}],"twitter_card":"summary_large_image","twitter_site":"@hempkingeu","twitter_misc":{"Price":"156.75&nbsp;&#122;&#322;","Availability":"Out of stock"},"schema":{"@context":"https:\/\/schema.org","@graph":[{"@type":"WebPage","@id":"https:\/\/dev.hempking.eu\/pl\/olej-cbd-10-natural-plus-1000mg-10ml-last-minute\/","url":"https:\/\/dev.hempking.eu\/pl\/olej-cbd-natural-plus-10-1000mg-10ml\/","name":"Olej CBD 10% Natural Plus (1000mg) \u2013 10ml Hempking","isPartOf":{"@id":"https:\/\/dev.hempking.eu\/pl\/#website"},"primaryImageOfPage":{"@id":"https:\/\/dev.hempking.eu\/pl\/olej-cbd-natural-plus-10-1000mg-10ml\/#primaryimage"},"image":{"@id":"https:\/\/dev.hempking.eu\/pl\/olej-cbd-natural-plus-10-1000mg-10ml\/#primaryimage"},"thumbnailUrl":"https:\/\/dev.hempking.eu\/pl\/wp-content\/uploads\/sites\/2\/2020\/07\/olejek_natural_plus.jpg","datePublished":"2021-09-16T14:28:27+00:00","dateModified":"2023-04-07T12:31:40+00:00","description":"Olej CBD 10% Natural Plus (1000mg) \u2013 10ml w konopnym sklepie HempKing 100% naturalne. Zadbaj z nami o swoj\u0105 diet\u0119! Sprawd\u017a teraz!","breadcrumb":{"@id":"https:\/\/dev.hempking.eu\/pl\/olej-cbd-natural-plus-10-1000mg-10ml\/#breadcrumb"},"inLanguage":"pl-PL","potentialAction":[{"@type":"ReadAction","target":["https:\/\/dev.hempking.eu\/pl\/olej-cbd-natural-plus-10-1000mg-10ml\/"]}]},{"@type":"ImageObject","inLanguage":"pl-PL","@id":"https:\/\/dev.hempking.eu\/pl\/olej-cbd-natural-plus-10-1000mg-10ml\/#primaryimage","url":"https:\/\/dev.hempking.eu\/pl\/wp-content\/uploads\/sites\/2\/2020\/07\/olejek_natural_plus.jpg","contentUrl":"https:\/\/dev.hempking.eu\/pl\/wp-content\/uploads\/sites\/2\/2020\/07\/olejek_natural_plus.jpg","width":1000,"height":1000,"caption":"olej CBD 10% natural"},{"@type":"BreadcrumbList","@id":"https:\/\/dev.hempking.eu\/pl\/olej-cbd-natural-plus-10-1000mg-10ml\/#breadcrumb","itemListElement":[{"@type":"ListItem","position":1,"name":"Home","item":"https:\/\/dev.hempking.eu\/pl\/"},{"@type":"ListItem","position":2,"name":"Sklep","item":"https:\/\/dev.hempking.eu\/pl\/shop\/"},{"@type":"ListItem","position":3,"name":"Powiadom o dost\u0119pno\u015bci","item":"https:\/\/dev.hempking.eu\/pl\/powiadom-o-dostepnosci\/"},{"@type":"ListItem","position":4,"name":"Olej CBD 10% + CBDA, CBC, CBGA, CBG, CBDV, CBN Natural Plus (1000mg) \u2013 10 ml - Kr\u00f3tki termin - Powiadom mnie o dost\u0119pno\u015bci"}]},{"@type":"WebSite","@id":"https:\/\/dev.hempking.eu\/pl\/#website","url":"https:\/\/dev.hempking.eu\/pl\/","name":"Hemp King","description":"","publisher":{"@id":"https:\/\/dev.hempking.eu\/pl\/#organization"},"potentialAction":[{"@type":"SearchAction","target":{"@type":"EntryPoint","urlTemplate":"https:\/\/dev.hempking.eu\/pl\/?s={search_term_string}"},"query-input":{"@type":"PropertyValueSpecification","valueRequired":true,"valueName":"search_term_string"}}],"inLanguage":"pl-PL"},{"@type":"Organization","@id":"https:\/\/dev.hempking.eu\/pl\/#organization","name":"Hemp King","url":"https:\/\/dev.hempking.eu\/pl\/","logo":{"@type":"ImageObject","inLanguage":"pl-PL","@id":"https:\/\/dev.hempking.eu\/pl\/#\/schema\/logo\/image\/","url":"https:\/\/dev.hempking.eu\/pl\/wp-content\/uploads\/sites\/2\/2020\/05\/hempking.png","contentUrl":"https:\/\/dev.hempking.eu\/pl\/wp-content\/uploads\/sites\/2\/2020\/05\/hempking.png","width":148,"height":91,"caption":"Hemp King"},"image":{"@id":"https:\/\/dev.hempking.eu\/pl\/#\/schema\/logo\/image\/"},"sameAs":["https:\/\/www.facebook.com\/hempkingpoland","https:\/\/x.com\/hempkingeu","https:\/\/www.instagram.com\/hempkingeu\/","https:\/\/www.linkedin.com\/company\/hempking-eu\/mycompany\/","https:\/\/pl.pinterest.com\/hempkingeu\/","https:\/\/www.youtube.com\/channel\/UCUkeZA1fj4hSZfoYm0WpZ7w"]}]},"product_price_amount":"156.75","product_price_currency":"PLN","og_availability":"out of stock","product_availability":"out of stock","product_condition":"new"},"_links":{"self":[{"href":"https:\/\/dev.hempking.eu\/pl\/wp-json\/wp\/v2\/product\/74808","targetHints":{"allow":["GET"]}}],"collection":[{"href":"https:\/\/dev.hempking.eu\/pl\/wp-json\/wp\/v2\/product"}],"about":[{"href":"https:\/\/dev.hempking.eu\/pl\/wp-json\/wp\/v2\/types\/product"}],"wp:featuredmedia":[{"embeddable":true,"href":"https:\/\/dev.hempking.eu\/pl\/wp-json\/wp\/v2\/media\/91773"}],"wp:attachment":[{"href":"https:\/\/dev.hempking.eu\/pl\/wp-json\/wp\/v2\/media?parent=74808"}],"wp:term":[{"taxonomy":"product_cat","embeddable":true,"href":"https:\/\/dev.hempking.eu\/pl\/wp-json\/wp\/v2\/product_cat?post=74808"},{"taxonomy":"product_tag","embeddable":true,"href":"https:\/\/dev.hempking.eu\/pl\/wp-json\/wp\/v2\/product_tag?post=74808"}],"curies":[{"name":"wp","href":"https:\/\/api.w.org\/{rel}","templated":true}]}}