{"id":75568,"date":"2021-09-24T12:32:37","date_gmt":"2021-09-24T10:32:37","guid":{"rendered":"https:\/\/hempking.eu\/pl\/?post_type=product&#038;p=75568"},"modified":"2023-05-23T09:32:00","modified_gmt":"2023-05-23T07:32:00","slug":"konopny-peeling-do-ust-z-cbd-z-pomarancza-promocja-last-minute","status":"publish","type":"product","link":"https:\/\/dev.hempking.eu\/pl\/konopny-peeling-do-ust-z-cbd-z-pomarancza-promocja-last-minute\/","title":{"rendered":"Konopny peeling do ust z CBD z pomara\u0144cz\u0105 - wa\u017cno\u015b\u0107 do 31.08.2023"},"content":{"rendered":"<h2><strong>Konopny peeling do ust z CBD &#8211; baza pi\u0119knych ust<\/strong><\/h2>\n<p>Czy wiesz, \u017ce problemy z ustami maj\u0105 sw\u00f3j pocz\u0105tek w \u017ale z\u0142uszczonym nask\u00f3rku? Nasze usta podobnie jak twarz wymagaj\u0105 regularnego peelingowania i regeneracji \u2013 pomadki czy skrajnie matowe formu\u0142y wcale im tego nie u\u0142atwiaj\u0105! Je\u017celi czujesz wi\u0119c, \u017ce z Twoimi ustami dzieje si\u0119 co\u015b niepokoj\u0105cego, a ukochana szminka wygl\u0105da gorzej\u2026 to czas na to, by wykona\u0107 im prawdziwie naturalny, regeneracyjny i od\u017cywczy peeling konopny do ust.<br \/>\nWraz z naszym <a href=\"https:\/\/dev.hempking.eu\/pl\/kojace-serum-konopne-do-ust-z-cbd\/\">serum do ust<\/a> stworzyli\u015bmy wi\u0119c produkt uzupe\u0142niaj\u0105cy, a jednocze\u015bnie b\u0119d\u0105cy baz\u0105 dla pi\u0119knych, zdrowych i od\u017cywionych ust. Nasz konopny peeling do ust z CBD z pomara\u0144cz\u0105 powsta\u0142 na bazie cukru trzcinowego, kt\u00f3ry po\u0142\u0105czyli\u015bmy ze zmielonymi nasionami malin, kt\u00f3re naturalnie pozb\u0119d\u0105 si\u0119 martwego nask\u00f3rka i dostarcz\u0105 Twoim ustom licznych minera\u0142\u00f3w i pierwiastk\u00f3w.<\/p>\n<h3>Mas\u0142o shea + mas\u0142o mango &#8211; ukojenie i od\u017cywienie<\/h3>\n<p>Mimo \u017ce peeling na usta jest produktem, kt\u00f3ry dos\u0142ownie przez chwil\u0119 pozostaje na naszej sk\u00f3rze, postanowili\u015bmy prze\u0142ama\u0107 barier\u0119 s\u0142abych sk\u0142ad\u00f3w i wzbogacili\u015bmy go cennymi i od\u017cywczymi substancjami. Mas\u0142o Shea razem z mas\u0142em mango tworz\u0105 mieszank\u0119 silnie koj\u0105c\u0105 i od\u017cywcz\u0105. W ten spos\u00f3b ju\u017c na etapie z\u0142uszczania sprawiasz, \u017ce usta s\u0105 intensywnie piel\u0119gnowane, co zreszt\u0105 odczujesz natychmiast po jego zmyciu. Oczywi\u015bcie nie mog\u0142o w nim zabrakn\u0105\u0107 naszego oleju z konopi siewnych, kt\u00f3ry sprawia, \u017ce to jedyny tak dzia\u0142aj\u0105cy peeling do ust na rynku.<\/p>\n<h2><strong>Spos\u00f3b na pop\u0119kane usta: Peeling do ust z CBD<\/strong><\/h2>\n<p>Peeling do ust stosuj regularnie dwa razy w tygodniu, a zauwa\u017cysz ogromn\u0105 r\u00f3\u017cnic\u0119. Uzupe\u0142nij swoj\u0105 piel\u0119gnacj\u0119 o nasze serum z <a href=\"https:\/\/dev.hempking.eu\/pl\/olejek-cbd-kompendium-wiedzy\/\">CBD<\/a> z mi\u0119t\u0105 poln\u0105, kt\u00f3re dope\u0142ni zabieg i sprawi, \u017ce nie b\u0119dziesz si\u0119ga\u0107 po nic innego.<br \/>\nOrze\u017awiaj\u0105cy, soczysty i radosny zapach pomara\u0144czy domyka produkt, a przy okazji uzupe\u0142nia jego w\u0142a\u015bciwo\u015bci o dzia\u0142anie antybakteryjne i antyoksydacyjne.<\/p>\n<h2><strong>Scrub do ust &#8211; Sk\u0142adniki<\/strong><\/h2>\n<h4><strong>Sucrose \u2013 cukier. Naturalny sk\u0142adnik z\u0142uszczaj\u0105cy martwy nask\u00f3rek.<\/strong><\/h4>\n<p>Do naszych kosmetyk\u00f3w wybrali\u015bmy cukier trzcinowy, poniewa\u017c w odr\u00f3\u017cnieniu od tradycyjnego cukru bia\u0142ego, w procesie jego pozyskiwania nie traci cennych substancji. Zawiera w sobie liczne minera\u0142y i pierwiastki (\u017celazo, wap\u0144, fosfor, potas czy magnez), a tak\u017ce sole mineralne. Jest doskona\u0142ym, ekologicznym sk\u0142adnikiem, kt\u00f3ry zast\u0119puje drobiny peelinguj\u0105ce wykonane z mikroplastiku.<\/p>\n<h4><strong>Prunus Amygdalus Dulcis Oil &#8211; olej ze s\u0142odkich migda\u0142\u00f3w.<\/strong><\/h4>\n<p>Zawiera wysokie zawarto\u015bci witamin A, E i D, a tak\u017ce nienasycone kwasy t\u0142uszczowe takie jak oleinowy i linolowy. Jest olejem, kt\u00f3ry sprawdza si\u0119 w piel\u0119gnacji ka\u017cdego rodzaju cery, ale najlepsze w\u0142a\u015bciwo\u015bci wykazuje w przypadku sk\u00f3r suchych, wra\u017cliwych i problematycznych. Spe\u0142nia funkcj\u0119 naturalnego emolientu chroni\u0105cego warstw\u0119 hydrolipidow\u0105. Wyg\u0142adza i od\u017cywia sk\u00f3r\u0119, zabezpiecza j\u0105 przed odparowywaniem wody, a jednocze\u015bnie lekko uj\u0119drnia i nawil\u017ca.<\/p>\n<h4><strong>Butyrospermum Parkii Butter &#8211; mas\u0142o Shea.<\/strong><\/h4>\n<p>Sk\u0142adnik naturalny pozyskiwany z afryka\u0144skiego mas\u0142osza Parka. Jest jednym z najpopularniejszych i najcz\u0119\u015bciej spotykanych naturalnych emolient\u00f3w z gamy t\u0142ustej. Mas\u0142o Shea znajduje zastosowanie w wielu dziedzinach piel\u0119gnacji, poniewa\u017c pozostawia ochronny i zabezpieczaj\u0105cy film. Do tego nab\u0142yszcza, od\u017cywia w\u0142osy i paznokcie.<\/p>\n<h4><strong>Cocos Nucifera Oil &#8211; olej kokosowy.<\/strong><\/h4>\n<p>Olej, kt\u00f3ry pozyskuje si\u0119 w mi\u0105\u017cszu kokosa w wyniku t\u0142oczenia nale\u017cy do gamy olei nieschn\u0105cych, czyli pozostawiaj\u0105cych wyra\u017any, t\u0142usty film. Jest bardzo odporny na dzia\u0142anie czynnik\u00f3w zewn\u0119trznych i wysokich temperatur. Olej kokosowy jest bogaty w kwas oleinowy, laurynowy, mirystynowy, palmitynowy i kaprylowy. Dzi\u0119ki temu, \u017ce jest olejem nieschn\u0105cym wykorzystuje si\u0119 go jako t\u0142usty emolient, kt\u00f3ry od\u017cywia, silnie nat\u0142uszcza i chroni sk\u00f3r\u0119 oraz w\u0142osy przed \u015brodowiskiem zewn\u0119trznym. Olej kokosowy wykorzystuje si\u0119 w piel\u0119gnacji sk\u00f3ry suchych, wra\u017cliwych, poniewa\u017c koi i niweluje uczucie \u015bci\u0105gni\u0119cia.<\/p>\n<h4><strong>Mangifera Indica Seed Butter &#8211; mas\u0142o mango.<\/strong><\/h4>\n<p>Mas\u0142o to wyt\u0142aczane jest z nasion mango i jego cech\u0105 charakterystyczn\u0105 jest doskona\u0142y poziom kwas\u00f3w oleinowego, linolowego i palmitynowego. Mas\u0142o mango jest przede wszystkim emolientem \u2013 pozostawia na sk\u00f3rze ochronny i zabezpieczaj\u0105cy, do\u015b\u0107 t\u0142usty film, dzi\u0119ki czemu dobrze sprawdza si\u0119 w przypadku piel\u0119gnacji sk\u00f3ry. Opr\u00f3cz tego dzia\u0142a \u0142agodz\u0105co, koj\u0105co, a przy tym jest naturalnym filtrem UV. Mas\u0142o mango to tak\u017ce idealny sk\u0142adnik dla os\u00f3b ze sk\u00f3r\u0105 such\u0105.<\/p>\n<h4><strong>Cannabis Sativa (Hemp) Seed Oil \u2013 olej z nasion konopi siewnych<\/strong>.<\/h4>\n<p>Jeden z najcenniejszych i najbardziej wszechstronnych sk\u0142adnik\u00f3w naturalnych jakim s\u0105 konopie siewne wci\u0105\u017c zyskuje na popularno\u015bci. Oleje na bazie tej ro\u015bliny s\u0105 nieocenionym \u017ar\u00f3d\u0142em NNTK w idealnej synergii, a tak\u017ce bogactwem naturalnych terpen\u00f3w, flawonoid\u00f3w i fenoli. Olej konopny sprawdza si\u0119 w przypadku ka\u017cdego rodzaju sk\u00f3ry. Nie jest komedogenny, ale dzia\u0142a silnie i zdecydowanie. Mo\u017ce by\u0107 stosowany na uszkodzon\u0105 i podra\u017cnion\u0105 sk\u00f3r\u0119. Doskonale przywraca komfort sk\u00f3rze.<\/p>\n<h4><strong>Hydrogenated Soy Vegetable Oil &#8211; wosk sojowy.<\/strong><\/h4>\n<p>Bezpieczny i wszechstronny wosk sojowy charakteryzuje si\u0119 wysok\u0105 zawarto\u015bci\u0105 kwas\u00f3w t\u0142uszczowych, lecytyny i witaminy E. Jest naturalnym emolientem i cho\u0107 naprawd\u0119 dobrze zabezpiecza i chroni sk\u00f3r\u0119, to wch\u0142ania si\u0119 szybko i nie pozostawia po sobie nieprzyjemnego filmu. Mo\u017ce by\u0107 stosowany bezpo\u015brednio na sk\u00f3r\u0119. Dzia\u0142a przede wszystkim zmi\u0119kczaj\u0105co i nat\u0142uszczaj\u0105co, ale dzi\u0119ki witaminie E jest r\u00f3wnie\u017c doskona\u0142ym przeciwutleniaczem.<\/p>\n<h4><strong>Rubus Idaeus Seed Oil \u2013 olej z pestek malin.<\/strong><\/h4>\n<p>Olej naturalny, niezwykle ceniony w kosmetyce za du\u017ce pok\u0142ady kwas\u00f3w owocowych w towarzystwie prowitaminy A, witamin z grupy B, C i E, a tak\u017ce cennych pektyn. Sk\u0142adnik ten, jako jeden z niewielu doskonale sprawdza si\u0119 w okolicach oczu, poniewa\u017c regeneruje i wyg\u0142adza te okolice. Opr\u00f3cz tego ma dzia\u0142anie koj\u0105ce, wzmacniaj\u0105ce, a przy tym od\u015bwie\u017caj\u0105ce i reguluj\u0105ce poziom wydzielanego sebum.<\/p>\n<h4><strong>Tocopheryl Acetate &#8211; witamina E.<\/strong><\/h4>\n<p>Niezwykle wa\u017cna witamina dla dobrej kondycji sk\u00f3ry, szczeg\u00f3lnie istotna dla os\u00f3b z such\u0105 sk\u00f3r\u0105. Zwana jest witamin\u0105 m\u0142odo\u015bci, poniewa\u017c bezpo\u015brednio wp\u0142ywa na procesy starzeniowe. Pomaga w transporcie sk\u0142adnik\u00f3w od\u017cywczych do sk\u00f3ry. Naturalna substancja konserwuj\u0105ca.<\/p>\n<h4><strong>Citrus Sinensis Oil \u2013 olejek ze s\u0142odkiej pomara\u0144czy chi\u0144skiej.<\/strong><\/h4>\n<p>Orze\u017awiaj\u0105cy, cytrusowy olejek pozyskiwany metod\u0105 t\u0142oczenia na zimno ma silne dzia\u0142anie antybakteryjne, antyseptyczne i przeciwwirusowe. Bogaty w menoterpeny zawiera w sk\u0142adzie biologicznym silne przeciwutleniacze. Nadaje kosmetykowi pi\u0119kny, pomara\u0144czowy i intensywny zapach.<\/p>\n<h4><strong>Rubus Idaeus (Raspberry) Seeds \u2013 zmielone nasiona malin.<\/strong><\/h4>\n<p>Naturalny sk\u0142adnik z\u0142uszczaj\u0105cy martwy nask\u00f3rek.<\/p>\n<h2><strong>Kilka istotnych fakt\u00f3w na temat sk\u0142adnik\u00f3w naszego peelingu do ust:<\/strong><\/h2>\n<ul>\n<li>oleje i mas\u0142a, kt\u00f3rych u\u017cyli\u015bmy do stworzenia peelingu do ust s\u0105 t\u0142oczone na zimno oraz nie s\u0105 rafinowane,<\/li>\n<li>za zapach konopnego peelingu do ust odpowiada wy\u0142\u0105cznie olej ze s\u0142odkiej pomara\u0144czy chi\u0144skiej<\/li>\n<li>cukier, kt\u00f3rego u\u017cyli\u015bmy, to cukier trzcinowy<\/li>\n<li>w roli konserwantu wykorzystujemy witamin\u0119 E, by nasze kosmetyki konopne zachowa\u0142y \u015bwie\u017co\u015b\u0107 przez d\u0142ugi czas<\/li>\n<li>wybrali\u015bmy tylko takich dostawc\u00f3w naszych surowc\u00f3w, kt\u00f3rzy nie przyk\u0142adaj\u0105 r\u0119ki do cierpienia zwierz\u0105t.<\/li>\n<\/ul>\n<h2><strong>Peeling na usta &#8211; spos\u00f3b u\u017cycia<\/strong><\/h2>\n<p>Nasz konopny peeling do ust z CBD z pomara\u0144cz\u0105 nak\u0142adaj na oczyszczone i suche usta. Wykonaj kilka okr\u0119\u017cnych ruch\u00f3w i pozostaw peeling konopny na p\u00f3\u0142 minuty. Sp\u0142ucz ciep\u0142\u0105 wod\u0105 i na\u0142\u00f3\u017c nasze serum, kt\u00f3re dope\u0142ni piel\u0119gnacyjnego zabiegu. Je\u017celi masz ochot\u0119 wzmocni\u0107 efekt peelingu do wykonania okr\u0119\u017cnych ruch\u00f3w u\u017cyj mi\u0119kkiej szczoteczki do z\u0119b\u00f3w.<\/p>\n<p>Produkt nie zawiera THC.<\/p>\n","protected":false},"excerpt":{"rendered":"<h2><strong>Termin wa\u017cno\u015bci: 31.08.2023<\/strong><\/h2>\n<h2><strong>Peeling do ust to:\u00a0<\/strong><\/h2>\n<ul>\n<li>\u00a0w 100% naturalny produkt,<\/li>\n<li>\u00a0nie zawiera mikroplastik\u00f3w,<\/li>\n<li>\u00a0jest odpowiedni dla wegan i wegetarian.<\/li>\n<\/ul>\n<p><strong>Pojemno\u015b\u0107: 15 ml<\/strong><\/p>\n","protected":false},"featured_media":74213,"template":"","meta":{"_acf_changed":false},"product_cat":[28,109,112,36,101],"product_tag":[],"class_list":{"0":"post-75568","1":"product","2":"type-product","3":"status-publish","4":"has-post-thumbnail","6":"product_cat-kosmetyki-konopne","7":"product_cat-kosmetyki-do-ust-z-konopi","8":"product_cat-peeling-z-konopi","9":"product_cat-bestsellery","10":"product_cat-last-minute","12":"first","13":"instock","14":"sale","15":"shipping-taxable","16":"purchasable","17":"product-type-simple"},"acf":[],"yoast_head":"<!-- This site is optimized with the Yoast SEO Premium plugin v23.4 (Yoast SEO v24.0) - https:\/\/yoast.com\/wordpress\/plugins\/seo\/ -->\n<title>Konopny peeling do ust z CBD z pomara\u0144cz\u0105 Hempking<\/title>\n<meta name=\"description\" content=\"Konopny peeling do ust z CBD z pomara\u0144cz\u0105 Hempking. Silnie koj\u0105ca i od\u017cywcza mieszanka do piel\u0119gnacji ust. Kup teraz na hempking.eu!\" \/>\n<link rel=\"canonical\" href=\"https:\/\/dev.hempking.eu\/pl\/konopny-peeling-do-ust-z-cbd-z-pomarancza\/\" \/>\n<meta property=\"og:locale\" content=\"pl_PL\" \/>\n<meta property=\"og:type\" content=\"article\" \/>\n<meta property=\"og:title\" content=\"Konopny peeling do ust z CBD z pomara\u0144cz\u0105 - wa\u017cno\u015b\u0107 do 31.08.2023\" \/>\n<meta property=\"og:description\" content=\"Konopny peeling do ust z CBD z pomara\u0144cz\u0105 Hempking. Silnie koj\u0105ca i od\u017cywcza mieszanka do piel\u0119gnacji ust. Kup teraz na hempking.eu!\" \/>\n<meta property=\"og:url\" content=\"https:\/\/dev.hempking.eu\/pl\/konopny-peeling-do-ust-z-cbd-z-pomarancza\/\" \/>\n<meta property=\"og:site_name\" content=\"Hemp King\" \/>\n<meta property=\"article:publisher\" content=\"https:\/\/www.facebook.com\/hempkingpoland\" \/>\n<meta property=\"article:modified_time\" content=\"2023-05-23T07:32:00+00:00\" \/>\n<meta property=\"og:image\" content=\"https:\/\/dev.hempking.eu\/pl\/wp-content\/uploads\/sites\/2\/2020\/10\/peeling-do-ust-4-scaled.jpg\" \/>\n\t<meta property=\"og:image:width\" content=\"2560\" \/>\n\t<meta property=\"og:image:height\" content=\"2560\" \/>\n\t<meta property=\"og:image:type\" content=\"image\/jpeg\" \/>\n<meta name=\"twitter:card\" content=\"summary_large_image\" \/>\n<meta name=\"twitter:site\" content=\"@hempkingeu\" \/>\n<meta name=\"twitter:label1\" content=\"Price\" \/>\n\t<meta name=\"twitter:data1\" content=\"17.90&nbsp;&#122;&#322;\" \/>\n\t<meta name=\"twitter:label2\" content=\"Availability\" \/>\n\t<meta name=\"twitter:data2\" content=\"In stock\" \/>\n<script type=\"application\/ld+json\" class=\"yoast-schema-graph\">{\"@context\":\"https:\/\/schema.org\",\"@graph\":[{\"@type\":\"WebPage\",\"@id\":\"https:\/\/dev.hempking.eu\/pl\/konopny-peeling-do-ust-z-cbd-z-pomarancza-promocja-last-minute\/\",\"url\":\"https:\/\/dev.hempking.eu\/pl\/konopny-peeling-do-ust-z-cbd-z-pomarancza\/\",\"name\":\"Konopny peeling do ust z CBD z pomara\u0144cz\u0105 Hempking\",\"isPartOf\":{\"@id\":\"https:\/\/dev.hempking.eu\/pl\/#website\"},\"primaryImageOfPage\":{\"@id\":\"https:\/\/dev.hempking.eu\/pl\/konopny-peeling-do-ust-z-cbd-z-pomarancza\/#primaryimage\"},\"image\":{\"@id\":\"https:\/\/dev.hempking.eu\/pl\/konopny-peeling-do-ust-z-cbd-z-pomarancza\/#primaryimage\"},\"thumbnailUrl\":\"https:\/\/dev.hempking.eu\/pl\/wp-content\/uploads\/sites\/2\/2020\/10\/peeling-do-ust-4-scaled.jpg\",\"datePublished\":\"2021-09-24T10:32:37+00:00\",\"dateModified\":\"2023-05-23T07:32:00+00:00\",\"description\":\"Konopny peeling do ust z CBD z pomara\u0144cz\u0105 Hempking. Silnie koj\u0105ca i od\u017cywcza mieszanka do piel\u0119gnacji ust. Kup teraz na hempking.eu!\",\"breadcrumb\":{\"@id\":\"https:\/\/dev.hempking.eu\/pl\/konopny-peeling-do-ust-z-cbd-z-pomarancza\/#breadcrumb\"},\"inLanguage\":\"pl-PL\",\"potentialAction\":[{\"@type\":\"ReadAction\",\"target\":[\"https:\/\/dev.hempking.eu\/pl\/konopny-peeling-do-ust-z-cbd-z-pomarancza\/\"]}]},{\"@type\":\"ImageObject\",\"inLanguage\":\"pl-PL\",\"@id\":\"https:\/\/dev.hempking.eu\/pl\/konopny-peeling-do-ust-z-cbd-z-pomarancza\/#primaryimage\",\"url\":\"https:\/\/dev.hempking.eu\/pl\/wp-content\/uploads\/sites\/2\/2020\/10\/peeling-do-ust-4-scaled.jpg\",\"contentUrl\":\"https:\/\/dev.hempking.eu\/pl\/wp-content\/uploads\/sites\/2\/2020\/10\/peeling-do-ust-4-scaled.jpg\",\"width\":2560,\"height\":2560,\"caption\":\"peeling do ust hempking\"},{\"@type\":\"BreadcrumbList\",\"@id\":\"https:\/\/dev.hempking.eu\/pl\/konopny-peeling-do-ust-z-cbd-z-pomarancza\/#breadcrumb\",\"itemListElement\":[{\"@type\":\"ListItem\",\"position\":1,\"name\":\"Home\",\"item\":\"https:\/\/dev.hempking.eu\/pl\/\"},{\"@type\":\"ListItem\",\"position\":2,\"name\":\"Sklep\",\"item\":\"https:\/\/dev.hempking.eu\/pl\/shop\/\"},{\"@type\":\"ListItem\",\"position\":3,\"name\":\"Last minute\",\"item\":\"https:\/\/dev.hempking.eu\/pl\/last-minute\/\"},{\"@type\":\"ListItem\",\"position\":4,\"name\":\"Konopny peeling do ust z CBD z pomara\u0144cz\u0105 - wa\u017cno\u015b\u0107 do 31.08.2023\"}]},{\"@type\":\"WebSite\",\"@id\":\"https:\/\/dev.hempking.eu\/pl\/#website\",\"url\":\"https:\/\/dev.hempking.eu\/pl\/\",\"name\":\"Hemp King\",\"description\":\"\",\"publisher\":{\"@id\":\"https:\/\/dev.hempking.eu\/pl\/#organization\"},\"potentialAction\":[{\"@type\":\"SearchAction\",\"target\":{\"@type\":\"EntryPoint\",\"urlTemplate\":\"https:\/\/dev.hempking.eu\/pl\/?s={search_term_string}\"},\"query-input\":{\"@type\":\"PropertyValueSpecification\",\"valueRequired\":true,\"valueName\":\"search_term_string\"}}],\"inLanguage\":\"pl-PL\"},{\"@type\":\"Organization\",\"@id\":\"https:\/\/dev.hempking.eu\/pl\/#organization\",\"name\":\"Hemp King\",\"url\":\"https:\/\/dev.hempking.eu\/pl\/\",\"logo\":{\"@type\":\"ImageObject\",\"inLanguage\":\"pl-PL\",\"@id\":\"https:\/\/dev.hempking.eu\/pl\/#\/schema\/logo\/image\/\",\"url\":\"https:\/\/dev.hempking.eu\/pl\/wp-content\/uploads\/sites\/2\/2020\/05\/hempking.png\",\"contentUrl\":\"https:\/\/dev.hempking.eu\/pl\/wp-content\/uploads\/sites\/2\/2020\/05\/hempking.png\",\"width\":148,\"height\":91,\"caption\":\"Hemp King\"},\"image\":{\"@id\":\"https:\/\/dev.hempking.eu\/pl\/#\/schema\/logo\/image\/\"},\"sameAs\":[\"https:\/\/www.facebook.com\/hempkingpoland\",\"https:\/\/x.com\/hempkingeu\",\"https:\/\/www.instagram.com\/hempkingeu\/\",\"https:\/\/www.linkedin.com\/company\/hempking-eu\/mycompany\/\",\"https:\/\/pl.pinterest.com\/hempkingeu\/\",\"https:\/\/www.youtube.com\/channel\/UCUkeZA1fj4hSZfoYm0WpZ7w\"]}]}<\/script>\n<meta property=\"product:price:amount\" content=\"17.90\" \/>\n<meta property=\"product:price:currency\" content=\"PLN\" \/>\n<meta property=\"og:availability\" content=\"instock\" \/>\n<meta property=\"product:availability\" content=\"instock\" \/>\n<meta property=\"product:condition\" content=\"new\" \/>\n<!-- \/ Yoast SEO Premium plugin. -->","yoast_head_json":{"title":"Konopny peeling do ust z CBD z pomara\u0144cz\u0105 Hempking","description":"Konopny peeling do ust z CBD z pomara\u0144cz\u0105 Hempking. Silnie koj\u0105ca i od\u017cywcza mieszanka do piel\u0119gnacji ust. Kup teraz na hempking.eu!","canonical":"https:\/\/dev.hempking.eu\/pl\/konopny-peeling-do-ust-z-cbd-z-pomarancza\/","og_locale":"pl_PL","og_type":"article","og_title":"Konopny peeling do ust z CBD z pomara\u0144cz\u0105 - wa\u017cno\u015b\u0107 do 31.08.2023","og_description":"Konopny peeling do ust z CBD z pomara\u0144cz\u0105 Hempking. Silnie koj\u0105ca i od\u017cywcza mieszanka do piel\u0119gnacji ust. Kup teraz na hempking.eu!","og_url":"https:\/\/dev.hempking.eu\/pl\/konopny-peeling-do-ust-z-cbd-z-pomarancza\/","og_site_name":"Hemp King","article_publisher":"https:\/\/www.facebook.com\/hempkingpoland","article_modified_time":"2023-05-23T07:32:00+00:00","og_image":[{"width":2560,"height":2560,"url":"https:\/\/dev.hempking.eu\/pl\/wp-content\/uploads\/sites\/2\/2020\/10\/peeling-do-ust-4-scaled.jpg","type":"image\/jpeg"}],"twitter_card":"summary_large_image","twitter_site":"@hempkingeu","twitter_misc":{"Price":"17.90&nbsp;&#122;&#322;","Availability":"In stock"},"schema":{"@context":"https:\/\/schema.org","@graph":[{"@type":"WebPage","@id":"https:\/\/dev.hempking.eu\/pl\/konopny-peeling-do-ust-z-cbd-z-pomarancza-promocja-last-minute\/","url":"https:\/\/dev.hempking.eu\/pl\/konopny-peeling-do-ust-z-cbd-z-pomarancza\/","name":"Konopny peeling do ust z CBD z pomara\u0144cz\u0105 Hempking","isPartOf":{"@id":"https:\/\/dev.hempking.eu\/pl\/#website"},"primaryImageOfPage":{"@id":"https:\/\/dev.hempking.eu\/pl\/konopny-peeling-do-ust-z-cbd-z-pomarancza\/#primaryimage"},"image":{"@id":"https:\/\/dev.hempking.eu\/pl\/konopny-peeling-do-ust-z-cbd-z-pomarancza\/#primaryimage"},"thumbnailUrl":"https:\/\/dev.hempking.eu\/pl\/wp-content\/uploads\/sites\/2\/2020\/10\/peeling-do-ust-4-scaled.jpg","datePublished":"2021-09-24T10:32:37+00:00","dateModified":"2023-05-23T07:32:00+00:00","description":"Konopny peeling do ust z CBD z pomara\u0144cz\u0105 Hempking. Silnie koj\u0105ca i od\u017cywcza mieszanka do piel\u0119gnacji ust. Kup teraz na hempking.eu!","breadcrumb":{"@id":"https:\/\/dev.hempking.eu\/pl\/konopny-peeling-do-ust-z-cbd-z-pomarancza\/#breadcrumb"},"inLanguage":"pl-PL","potentialAction":[{"@type":"ReadAction","target":["https:\/\/dev.hempking.eu\/pl\/konopny-peeling-do-ust-z-cbd-z-pomarancza\/"]}]},{"@type":"ImageObject","inLanguage":"pl-PL","@id":"https:\/\/dev.hempking.eu\/pl\/konopny-peeling-do-ust-z-cbd-z-pomarancza\/#primaryimage","url":"https:\/\/dev.hempking.eu\/pl\/wp-content\/uploads\/sites\/2\/2020\/10\/peeling-do-ust-4-scaled.jpg","contentUrl":"https:\/\/dev.hempking.eu\/pl\/wp-content\/uploads\/sites\/2\/2020\/10\/peeling-do-ust-4-scaled.jpg","width":2560,"height":2560,"caption":"peeling do ust hempking"},{"@type":"BreadcrumbList","@id":"https:\/\/dev.hempking.eu\/pl\/konopny-peeling-do-ust-z-cbd-z-pomarancza\/#breadcrumb","itemListElement":[{"@type":"ListItem","position":1,"name":"Home","item":"https:\/\/dev.hempking.eu\/pl\/"},{"@type":"ListItem","position":2,"name":"Sklep","item":"https:\/\/dev.hempking.eu\/pl\/shop\/"},{"@type":"ListItem","position":3,"name":"Last minute","item":"https:\/\/dev.hempking.eu\/pl\/last-minute\/"},{"@type":"ListItem","position":4,"name":"Konopny peeling do ust z CBD z pomara\u0144cz\u0105 - wa\u017cno\u015b\u0107 do 31.08.2023"}]},{"@type":"WebSite","@id":"https:\/\/dev.hempking.eu\/pl\/#website","url":"https:\/\/dev.hempking.eu\/pl\/","name":"Hemp King","description":"","publisher":{"@id":"https:\/\/dev.hempking.eu\/pl\/#organization"},"potentialAction":[{"@type":"SearchAction","target":{"@type":"EntryPoint","urlTemplate":"https:\/\/dev.hempking.eu\/pl\/?s={search_term_string}"},"query-input":{"@type":"PropertyValueSpecification","valueRequired":true,"valueName":"search_term_string"}}],"inLanguage":"pl-PL"},{"@type":"Organization","@id":"https:\/\/dev.hempking.eu\/pl\/#organization","name":"Hemp King","url":"https:\/\/dev.hempking.eu\/pl\/","logo":{"@type":"ImageObject","inLanguage":"pl-PL","@id":"https:\/\/dev.hempking.eu\/pl\/#\/schema\/logo\/image\/","url":"https:\/\/dev.hempking.eu\/pl\/wp-content\/uploads\/sites\/2\/2020\/05\/hempking.png","contentUrl":"https:\/\/dev.hempking.eu\/pl\/wp-content\/uploads\/sites\/2\/2020\/05\/hempking.png","width":148,"height":91,"caption":"Hemp King"},"image":{"@id":"https:\/\/dev.hempking.eu\/pl\/#\/schema\/logo\/image\/"},"sameAs":["https:\/\/www.facebook.com\/hempkingpoland","https:\/\/x.com\/hempkingeu","https:\/\/www.instagram.com\/hempkingeu\/","https:\/\/www.linkedin.com\/company\/hempking-eu\/mycompany\/","https:\/\/pl.pinterest.com\/hempkingeu\/","https:\/\/www.youtube.com\/channel\/UCUkeZA1fj4hSZfoYm0WpZ7w"]}]},"product_price_amount":"17.90","product_price_currency":"PLN","og_availability":"instock","product_availability":"instock","product_condition":"new"},"_links":{"self":[{"href":"https:\/\/dev.hempking.eu\/pl\/wp-json\/wp\/v2\/product\/75568","targetHints":{"allow":["GET"]}}],"collection":[{"href":"https:\/\/dev.hempking.eu\/pl\/wp-json\/wp\/v2\/product"}],"about":[{"href":"https:\/\/dev.hempking.eu\/pl\/wp-json\/wp\/v2\/types\/product"}],"wp:featuredmedia":[{"embeddable":true,"href":"https:\/\/dev.hempking.eu\/pl\/wp-json\/wp\/v2\/media\/74213"}],"wp:attachment":[{"href":"https:\/\/dev.hempking.eu\/pl\/wp-json\/wp\/v2\/media?parent=75568"}],"wp:term":[{"taxonomy":"product_cat","embeddable":true,"href":"https:\/\/dev.hempking.eu\/pl\/wp-json\/wp\/v2\/product_cat?post=75568"},{"taxonomy":"product_tag","embeddable":true,"href":"https:\/\/dev.hempking.eu\/pl\/wp-json\/wp\/v2\/product_tag?post=75568"}],"curies":[{"name":"wp","href":"https:\/\/api.w.org\/{rel}","templated":true}]}}