{"id":75577,"date":"2021-09-24T12:45:32","date_gmt":"2021-09-24T10:45:32","guid":{"rendered":"https:\/\/hempking.eu\/pl\/?post_type=product&#038;p=75577"},"modified":"2023-04-04T13:10:35","modified_gmt":"2023-04-04T11:10:35","slug":"bio-bialko-konopne-banan-250g-promocja-last-minute","status":"publish","type":"product","link":"https:\/\/dev.hempking.eu\/pl\/bio-bialko-konopne-banan-250g-promocja-last-minute\/","title":{"rendered":"Bio bia\u0142ko konopne - banan - 250 g - Kr\u00f3tki termin - Powiadom o dost\u0119pno\u015bci"},"content":{"rendered":"<h2><strong>Bio bia\u0142ko konopne bananowe &#8211; smakowite po\u0142\u0105czenie konopi i banana<\/strong><\/h2>\n<p>Bio bia\u0142ko konopne bananowe sk\u0142ada si\u0119 w 80% z nasion konopi siewnych, pochodz\u0105cych z organicznych upraw, z dodatkiem 20% bio banana najwy\u017cszej jako\u015bci.<\/p>\n<p>Bia\u0142ko konopne z bananem zawiera mn\u00f3stwo <strong>nienasyconych kwas\u00f3w t\u0142uszczowych oraz protein, wraz z aminokwasami, witaminami oraz innymi sk\u0142adnikami od\u017cywczymi.<\/strong> To zdrowe uzupe\u0142nienie Twojej diety, a dzi\u0119ki dodatkowi banana, r\u00f3wnie\u017c smaczne!<br \/>\n<strong>Bia\u0142ko konopne jest idealne dla wegan i wegetarian!<\/strong><\/p>\n<p>Bio bia\u0142ko konopne bananowe to:<\/p>\n<ul>\n<li>uzupe\u0142nienie Twojej diety w zdrowy i smaczny spos\u00f3b,<\/li>\n<li>bananowy smak,<\/li>\n<li>pewno\u015b\u0107 pochodzenia sk\u0142adnik\u00f3w,<\/li>\n<li>nienasycone kwasy t\u0142uszczowe niezb\u0119dne w ka\u017cdej diecie,<\/li>\n<li>aminokwasy egzogenne,<\/li>\n<li>zupe\u0142ny brak glutenu,<\/li>\n<li>mn\u00f3stwo b\u0142onnika dla lepszego trawienia.<\/li>\n<\/ul>\n<p>Nasze bio bia\u0142ko konopno-bananowe powstaje dzi\u0119ki metodzie <strong>mielenia na zimno.<\/strong> To pozwala nam zachowa\u0107 w bia\u0142ku du\u017co warto\u015bci od\u017cywczych.<\/p>\n<p>&nbsp;<\/p>\n<h2><strong>Bio bia\u0142ko konopne bananowe &#8211; dlaczego warto je spo\u017cywa\u0107?<\/strong><\/h2>\n<p>Z bia\u0142ka sk\u0142ada si\u0119 ludzkie cia\u0142o. To te\u017c bia\u0142ko pomaga nam spala\u0107 kalorie, chudn\u0105\u0107, zwi\u0119ksza\u0107 mas\u0119 mi\u0119\u015bniow\u0105. Dlatego w\u0142\u0105czenie go do diety jest dobrym pomys\u0142em, je\u015bli dbamy o to, co znajduje si\u0119 na naszym talerzu.<\/p>\n<p>Bio bia\u0142ko konopne z bio bananem zawiera bogactwo b\u0142onnika, kt\u00f3ry wspomaga prac\u0119 Twojego uk\u0142adu pokarmowego i pozwala Ci czu\u0107 si\u0119 sytym na d\u0142u\u017cej. Koniec z podjadaniem!<\/p>\n<p>Nasze bananowe bio bia\u0142ko konopne to te\u017c bogate \u017ar\u00f3d\u0142o omega-3, omega-6 i omega-9. Kwasy t\u0142uszczowe s\u0105 nam niezb\u0119dne dla zachowania zdrowego uk\u0142adu krwiono\u015bnego. Stosuj\u0105c diet\u0119 bogat\u0105 w te nienasycone t\u0142uszcze, zmniejszamy ryzyko zawa\u0142\u00f3w serca czy udar\u00f3w m\u00f3zgu. Witamina E, kt\u00f3r\u0105 znajdziesz w bia\u0142ku konopnym, dzi\u0119ki tym kwasom mo\u017ce \u0142atwo wch\u0142ania\u0107 si\u0119 do organizmu. Dzi\u0119ki niej nasza sk\u00f3ra zachowuje zdrowy wygl\u0105d!<\/p>\n<p>Bio bia\u0142ko konopne z dodatkiem bio banana nazywa si\u0119 bia\u0142kiem pe\u0142nowarto\u015bciowym. Jest tak dlatego, \u017ce zawiera w sobie aminokwasy egzogenne, czyli takie, kt\u00f3re trzeba organizmowi dostarcza\u0107 z zewn\u0105trz, poniewa\u017c nie jest w stanie sam ich wytworzy\u0107.<\/p>\n<p>Organiczne bia\u0142ko konopne to r\u00f3wnie\u017c spos\u00f3b na w\u0142\u0105czenie do diety bia\u0142ka ro\u015blinnego, kt\u00f3re nie ma czynnik\u00f3w alergizuj\u0105cych, w przeciwie\u0144stwie do bia\u0142ka sojowego. A tak\u017ce ciekawy spos\u00f3b na urozmaicenie swojej diety, zw\u0142aszcza dla wegan i wegetarian.<\/p>\n<p><strong>Nasze Bio bia\u0142ko konopne z bio bananem posiada certyfikat EU Organic, po\u015bwiadczaj\u0105cy o organiczno\u015bci produktu.<\/strong><\/p>\n<p>&nbsp;<\/p>\n<h2><strong>Kto mo\u017ce spo\u017cywa\u0107 bio bia\u0142ko konopne z bananem?<\/strong><\/h2>\n<p><strong>Bio bia\u0142ko konopne bananowe powsta\u0142o dla ka\u017cdego, kto:<\/strong><\/p>\n<ul>\n<li>odchudza si\u0119 lub pr\u00f3buje utrzyma\u0107 wag\u0119,<\/li>\n<li>\u0107wiczy i trenuje,<\/li>\n<li>chce zwi\u0119kszy\u0107 mas\u0119 mi\u0119\u015bniow\u0105,<\/li>\n<li>jest na diecie wegetaria\u0144skiej lub wega\u0144skiej,<\/li>\n<li>zwraca uwag\u0119 na organiczne produkty,<\/li>\n<li>oczekuje od bia\u0142ka r\u00f3wnie\u017c dobrego smaku.<\/li>\n<\/ul>\n<h2><strong>Bio bia\u0142ko konopne bananowe &#8211; sugerowana porcja\u00a0<\/strong><\/h2>\n<div>Porcja bia\u0142ka do dziennego spo\u017cycia, zale\u017cy od jego ilo\u015bci znajduj\u0105cej si\u0119 w naszej diecie oraz od naszego stylu \u017cycia:<\/div>\n<ul>\n<li>ma\u0142o ruchu, siedz\u0105cy tryb \u017cycia \u2013 ok. 1g bia\u0142ka na kilogram masy cia\u0142a dziennie,<\/li>\n<li>regularny ruch \u2013 ok 1,5g bia\u0142ka na kilogram masy dziennie,<\/li>\n<li>trening minimum 2 razy w tygodniu \u2013 2g bia\u0142ka\/kg masy cia\u0142a dziennie.<\/li>\n<\/ul>\n<p>Osoby spo\u017cywaj\u0105ce mi\u0119so: 1g\/kg masy cia\u0142a.<br \/>\nOsoby na diecie bezmi\u0119snej: 1,5g\/kg masy cia\u0142a.<br \/>\nW sportach wytrzyma\u0142o\u015bciowych: 1,2-1,4 g\/kg masy cia\u0142a.<br \/>\nW sportach si\u0142owo-szybko\u015bciowych: 1,6-1,8 g\/kg masy cia\u0142a.<\/p>\n<h2><strong>Bio bia\u0142ko konopne bananowe &#8211; sk\u0142adniki i warto\u015b\u0107 od\u017cywcza<\/strong><\/h2>\n<p><strong>80% bio bia\u0142ko konopne, 20% bio banan.<\/strong><\/p>\n<p style=\"text-align: center;\"><strong>Warto\u015bci od\u017cywcze bio bia\u0142ka konopnego z organicznym bananem na 100g produktu:<\/strong><br \/>\n<a href=\"https:\/\/dev.hempking.eu\/pl\/wp-content\/uploads\/sites\/2\/2022\/01\/banan.jpg\"><img loading=\"lazy\" decoding=\"async\" class=\"alignnone wp-image-87923 size-medium\" src=\"https:\/\/dev.hempking.eu\/pl\/wp-content\/uploads\/sites\/2\/2022\/01\/banan-233x300.jpg\" alt=\"banan\" width=\"233\" height=\"300\" \/><\/a><\/p>\n","protected":false},"excerpt":{"rendered":"<h3>Kr\u00f3tki termin wa\u017cno\u015bci<\/h3>\n<h2><strong>Bio bia\u0142ko konopne bananowe to:<\/strong><\/h2>\n<ul>\n<li>bia\u0142ko konopne z dodatkiem organicznego banana<\/li>\n<li>certyfikat EU Organic<\/li>\n<li>b\u0142onnik, kwasy omega oraz aminokwasy<\/li>\n<li>smakowite uzupe\u0142nienie Twojej diety<\/li>\n<li>odpowiedni dla wegan i wegetarian<\/li>\n<li>0% glutenu<\/li>\n<li>100% natury<\/li>\n<\/ul>\n<p><strong>Waga: 250g<\/strong><\/p>\n","protected":false},"featured_media":87461,"template":"","meta":{"_acf_changed":false},"product_cat":[153,36],"product_tag":[],"class_list":{"0":"post-75577","1":"product","2":"type-product","3":"status-publish","4":"has-post-thumbnail","6":"product_cat-powiadom-o-dostepnosci","7":"product_cat-bestsellery","9":"first","10":"outofstock","11":"sale","12":"shipping-taxable","13":"purchasable","14":"product-type-simple"},"acf":[],"yoast_head":"<!-- This site is optimized with the Yoast SEO Premium plugin v23.4 (Yoast SEO v24.0) - https:\/\/yoast.com\/wordpress\/plugins\/seo\/ -->\n<title>Bio bia\u0142ko konopne bananowe 250 g | HempKing | Kupuj od producenta<\/title>\n<meta name=\"description\" content=\"Bia\u0142ko konopne banan. Smakowite po\u0142\u0105czenie konopi i banana. Prosty sk\u0142ad - 80% konopi siewnych + 20% bio banana. Wypr\u00f3buj !\" \/>\n<link rel=\"canonical\" href=\"https:\/\/dev.hempking.eu\/pl\/bio-bialko-konopne-bananowe-250g\/\" \/>\n<meta property=\"og:locale\" content=\"pl_PL\" \/>\n<meta property=\"og:type\" content=\"article\" \/>\n<meta property=\"og:title\" content=\"Bio bia\u0142ko konopne - banan - 250 g - Kr\u00f3tki termin - Powiadom o dost\u0119pno\u015bci\" \/>\n<meta property=\"og:description\" content=\"Bia\u0142ko konopne banan. Smakowite po\u0142\u0105czenie konopi i banana. Prosty sk\u0142ad - 80% konopi siewnych + 20% bio banana. Wypr\u00f3buj !\" \/>\n<meta property=\"og:url\" content=\"https:\/\/dev.hempking.eu\/pl\/bio-bialko-konopne-bananowe-250g\/\" \/>\n<meta property=\"og:site_name\" content=\"Hemp King\" \/>\n<meta property=\"article:publisher\" content=\"https:\/\/www.facebook.com\/hempkingpoland\" \/>\n<meta property=\"article:modified_time\" content=\"2023-04-04T11:10:35+00:00\" \/>\n<meta property=\"og:image\" content=\"https:\/\/dev.hempking.eu\/pl\/wp-content\/uploads\/sites\/2\/2022\/01\/bialko_bananowe.jpg\" \/>\n\t<meta property=\"og:image:width\" content=\"1000\" \/>\n\t<meta property=\"og:image:height\" content=\"1000\" \/>\n\t<meta property=\"og:image:type\" content=\"image\/jpeg\" \/>\n<meta name=\"twitter:card\" content=\"summary_large_image\" \/>\n<meta name=\"twitter:site\" content=\"@hempkingeu\" \/>\n<meta name=\"twitter:label1\" content=\"Price\" \/>\n\t<meta name=\"twitter:data1\" content=\"12.90&nbsp;&#122;&#322;\" \/>\n\t<meta name=\"twitter:label2\" content=\"Availability\" \/>\n\t<meta name=\"twitter:data2\" content=\"Out of stock\" \/>\n<script type=\"application\/ld+json\" class=\"yoast-schema-graph\">{\"@context\":\"https:\/\/schema.org\",\"@graph\":[{\"@type\":\"WebPage\",\"@id\":\"https:\/\/dev.hempking.eu\/pl\/bio-bialko-konopne-banan-250g-promocja-last-minute\/\",\"url\":\"https:\/\/dev.hempking.eu\/pl\/bio-bialko-konopne-bananowe-250g\/\",\"name\":\"Bio bia\u0142ko konopne bananowe 250 g | HempKing | Kupuj od producenta\",\"isPartOf\":{\"@id\":\"https:\/\/dev.hempking.eu\/pl\/#website\"},\"primaryImageOfPage\":{\"@id\":\"https:\/\/dev.hempking.eu\/pl\/bio-bialko-konopne-bananowe-250g\/#primaryimage\"},\"image\":{\"@id\":\"https:\/\/dev.hempking.eu\/pl\/bio-bialko-konopne-bananowe-250g\/#primaryimage\"},\"thumbnailUrl\":\"https:\/\/dev.hempking.eu\/pl\/wp-content\/uploads\/sites\/2\/2022\/01\/bialko_bananowe.jpg\",\"datePublished\":\"2021-09-24T10:45:32+00:00\",\"dateModified\":\"2023-04-04T11:10:35+00:00\",\"description\":\"Bia\u0142ko konopne banan. Smakowite po\u0142\u0105czenie konopi i banana. Prosty sk\u0142ad - 80% konopi siewnych + 20% bio banana. Wypr\u00f3buj !\",\"breadcrumb\":{\"@id\":\"https:\/\/dev.hempking.eu\/pl\/bio-bialko-konopne-bananowe-250g\/#breadcrumb\"},\"inLanguage\":\"pl-PL\",\"potentialAction\":[{\"@type\":\"ReadAction\",\"target\":[\"https:\/\/dev.hempking.eu\/pl\/bio-bialko-konopne-bananowe-250g\/\"]}]},{\"@type\":\"ImageObject\",\"inLanguage\":\"pl-PL\",\"@id\":\"https:\/\/dev.hempking.eu\/pl\/bio-bialko-konopne-bananowe-250g\/#primaryimage\",\"url\":\"https:\/\/dev.hempking.eu\/pl\/wp-content\/uploads\/sites\/2\/2022\/01\/bialko_bananowe.jpg\",\"contentUrl\":\"https:\/\/dev.hempking.eu\/pl\/wp-content\/uploads\/sites\/2\/2022\/01\/bialko_bananowe.jpg\",\"width\":1000,\"height\":1000,\"caption\":\"Bia\u0142ko konopne bananowe 250 g HempKing\"},{\"@type\":\"BreadcrumbList\",\"@id\":\"https:\/\/dev.hempking.eu\/pl\/bio-bialko-konopne-bananowe-250g\/#breadcrumb\",\"itemListElement\":[{\"@type\":\"ListItem\",\"position\":1,\"name\":\"Home\",\"item\":\"https:\/\/dev.hempking.eu\/pl\/\"},{\"@type\":\"ListItem\",\"position\":2,\"name\":\"Sklep\",\"item\":\"https:\/\/dev.hempking.eu\/pl\/shop\/\"},{\"@type\":\"ListItem\",\"position\":3,\"name\":\"Powiadom o dost\u0119pno\u015bci\",\"item\":\"https:\/\/dev.hempking.eu\/pl\/powiadom-o-dostepnosci\/\"},{\"@type\":\"ListItem\",\"position\":4,\"name\":\"Bio bia\u0142ko konopne - banan - 250 g - Kr\u00f3tki termin - Powiadom o dost\u0119pno\u015bci\"}]},{\"@type\":\"WebSite\",\"@id\":\"https:\/\/dev.hempking.eu\/pl\/#website\",\"url\":\"https:\/\/dev.hempking.eu\/pl\/\",\"name\":\"Hemp King\",\"description\":\"\",\"publisher\":{\"@id\":\"https:\/\/dev.hempking.eu\/pl\/#organization\"},\"potentialAction\":[{\"@type\":\"SearchAction\",\"target\":{\"@type\":\"EntryPoint\",\"urlTemplate\":\"https:\/\/dev.hempking.eu\/pl\/?s={search_term_string}\"},\"query-input\":{\"@type\":\"PropertyValueSpecification\",\"valueRequired\":true,\"valueName\":\"search_term_string\"}}],\"inLanguage\":\"pl-PL\"},{\"@type\":\"Organization\",\"@id\":\"https:\/\/dev.hempking.eu\/pl\/#organization\",\"name\":\"Hemp King\",\"url\":\"https:\/\/dev.hempking.eu\/pl\/\",\"logo\":{\"@type\":\"ImageObject\",\"inLanguage\":\"pl-PL\",\"@id\":\"https:\/\/dev.hempking.eu\/pl\/#\/schema\/logo\/image\/\",\"url\":\"https:\/\/dev.hempking.eu\/pl\/wp-content\/uploads\/sites\/2\/2020\/05\/hempking.png\",\"contentUrl\":\"https:\/\/dev.hempking.eu\/pl\/wp-content\/uploads\/sites\/2\/2020\/05\/hempking.png\",\"width\":148,\"height\":91,\"caption\":\"Hemp King\"},\"image\":{\"@id\":\"https:\/\/dev.hempking.eu\/pl\/#\/schema\/logo\/image\/\"},\"sameAs\":[\"https:\/\/www.facebook.com\/hempkingpoland\",\"https:\/\/x.com\/hempkingeu\",\"https:\/\/www.instagram.com\/hempkingeu\/\",\"https:\/\/www.linkedin.com\/company\/hempking-eu\/mycompany\/\",\"https:\/\/pl.pinterest.com\/hempkingeu\/\",\"https:\/\/www.youtube.com\/channel\/UCUkeZA1fj4hSZfoYm0WpZ7w\"]}]}<\/script>\n<meta property=\"product:price:amount\" content=\"12.90\" \/>\n<meta property=\"product:price:currency\" content=\"PLN\" \/>\n<meta property=\"og:availability\" content=\"out of stock\" \/>\n<meta property=\"product:availability\" content=\"out of stock\" \/>\n<meta property=\"product:condition\" content=\"new\" \/>\n<!-- \/ Yoast SEO Premium plugin. -->","yoast_head_json":{"title":"Bio bia\u0142ko konopne bananowe 250 g | HempKing | Kupuj od producenta","description":"Bia\u0142ko konopne banan. Smakowite po\u0142\u0105czenie konopi i banana. Prosty sk\u0142ad - 80% konopi siewnych + 20% bio banana. Wypr\u00f3buj !","canonical":"https:\/\/dev.hempking.eu\/pl\/bio-bialko-konopne-bananowe-250g\/","og_locale":"pl_PL","og_type":"article","og_title":"Bio bia\u0142ko konopne - banan - 250 g - Kr\u00f3tki termin - Powiadom o dost\u0119pno\u015bci","og_description":"Bia\u0142ko konopne banan. Smakowite po\u0142\u0105czenie konopi i banana. Prosty sk\u0142ad - 80% konopi siewnych + 20% bio banana. Wypr\u00f3buj !","og_url":"https:\/\/dev.hempking.eu\/pl\/bio-bialko-konopne-bananowe-250g\/","og_site_name":"Hemp King","article_publisher":"https:\/\/www.facebook.com\/hempkingpoland","article_modified_time":"2023-04-04T11:10:35+00:00","og_image":[{"width":1000,"height":1000,"url":"https:\/\/dev.hempking.eu\/pl\/wp-content\/uploads\/sites\/2\/2022\/01\/bialko_bananowe.jpg","type":"image\/jpeg"}],"twitter_card":"summary_large_image","twitter_site":"@hempkingeu","twitter_misc":{"Price":"12.90&nbsp;&#122;&#322;","Availability":"Out of stock"},"schema":{"@context":"https:\/\/schema.org","@graph":[{"@type":"WebPage","@id":"https:\/\/dev.hempking.eu\/pl\/bio-bialko-konopne-banan-250g-promocja-last-minute\/","url":"https:\/\/dev.hempking.eu\/pl\/bio-bialko-konopne-bananowe-250g\/","name":"Bio bia\u0142ko konopne bananowe 250 g | HempKing | Kupuj od producenta","isPartOf":{"@id":"https:\/\/dev.hempking.eu\/pl\/#website"},"primaryImageOfPage":{"@id":"https:\/\/dev.hempking.eu\/pl\/bio-bialko-konopne-bananowe-250g\/#primaryimage"},"image":{"@id":"https:\/\/dev.hempking.eu\/pl\/bio-bialko-konopne-bananowe-250g\/#primaryimage"},"thumbnailUrl":"https:\/\/dev.hempking.eu\/pl\/wp-content\/uploads\/sites\/2\/2022\/01\/bialko_bananowe.jpg","datePublished":"2021-09-24T10:45:32+00:00","dateModified":"2023-04-04T11:10:35+00:00","description":"Bia\u0142ko konopne banan. Smakowite po\u0142\u0105czenie konopi i banana. Prosty sk\u0142ad - 80% konopi siewnych + 20% bio banana. Wypr\u00f3buj !","breadcrumb":{"@id":"https:\/\/dev.hempking.eu\/pl\/bio-bialko-konopne-bananowe-250g\/#breadcrumb"},"inLanguage":"pl-PL","potentialAction":[{"@type":"ReadAction","target":["https:\/\/dev.hempking.eu\/pl\/bio-bialko-konopne-bananowe-250g\/"]}]},{"@type":"ImageObject","inLanguage":"pl-PL","@id":"https:\/\/dev.hempking.eu\/pl\/bio-bialko-konopne-bananowe-250g\/#primaryimage","url":"https:\/\/dev.hempking.eu\/pl\/wp-content\/uploads\/sites\/2\/2022\/01\/bialko_bananowe.jpg","contentUrl":"https:\/\/dev.hempking.eu\/pl\/wp-content\/uploads\/sites\/2\/2022\/01\/bialko_bananowe.jpg","width":1000,"height":1000,"caption":"Bia\u0142ko konopne bananowe 250 g HempKing"},{"@type":"BreadcrumbList","@id":"https:\/\/dev.hempking.eu\/pl\/bio-bialko-konopne-bananowe-250g\/#breadcrumb","itemListElement":[{"@type":"ListItem","position":1,"name":"Home","item":"https:\/\/dev.hempking.eu\/pl\/"},{"@type":"ListItem","position":2,"name":"Sklep","item":"https:\/\/dev.hempking.eu\/pl\/shop\/"},{"@type":"ListItem","position":3,"name":"Powiadom o dost\u0119pno\u015bci","item":"https:\/\/dev.hempking.eu\/pl\/powiadom-o-dostepnosci\/"},{"@type":"ListItem","position":4,"name":"Bio bia\u0142ko konopne - banan - 250 g - Kr\u00f3tki termin - Powiadom o dost\u0119pno\u015bci"}]},{"@type":"WebSite","@id":"https:\/\/dev.hempking.eu\/pl\/#website","url":"https:\/\/dev.hempking.eu\/pl\/","name":"Hemp King","description":"","publisher":{"@id":"https:\/\/dev.hempking.eu\/pl\/#organization"},"potentialAction":[{"@type":"SearchAction","target":{"@type":"EntryPoint","urlTemplate":"https:\/\/dev.hempking.eu\/pl\/?s={search_term_string}"},"query-input":{"@type":"PropertyValueSpecification","valueRequired":true,"valueName":"search_term_string"}}],"inLanguage":"pl-PL"},{"@type":"Organization","@id":"https:\/\/dev.hempking.eu\/pl\/#organization","name":"Hemp King","url":"https:\/\/dev.hempking.eu\/pl\/","logo":{"@type":"ImageObject","inLanguage":"pl-PL","@id":"https:\/\/dev.hempking.eu\/pl\/#\/schema\/logo\/image\/","url":"https:\/\/dev.hempking.eu\/pl\/wp-content\/uploads\/sites\/2\/2020\/05\/hempking.png","contentUrl":"https:\/\/dev.hempking.eu\/pl\/wp-content\/uploads\/sites\/2\/2020\/05\/hempking.png","width":148,"height":91,"caption":"Hemp King"},"image":{"@id":"https:\/\/dev.hempking.eu\/pl\/#\/schema\/logo\/image\/"},"sameAs":["https:\/\/www.facebook.com\/hempkingpoland","https:\/\/x.com\/hempkingeu","https:\/\/www.instagram.com\/hempkingeu\/","https:\/\/www.linkedin.com\/company\/hempking-eu\/mycompany\/","https:\/\/pl.pinterest.com\/hempkingeu\/","https:\/\/www.youtube.com\/channel\/UCUkeZA1fj4hSZfoYm0WpZ7w"]}]},"product_price_amount":"12.90","product_price_currency":"PLN","og_availability":"out of stock","product_availability":"out of stock","product_condition":"new"},"_links":{"self":[{"href":"https:\/\/dev.hempking.eu\/pl\/wp-json\/wp\/v2\/product\/75577","targetHints":{"allow":["GET"]}}],"collection":[{"href":"https:\/\/dev.hempking.eu\/pl\/wp-json\/wp\/v2\/product"}],"about":[{"href":"https:\/\/dev.hempking.eu\/pl\/wp-json\/wp\/v2\/types\/product"}],"wp:featuredmedia":[{"embeddable":true,"href":"https:\/\/dev.hempking.eu\/pl\/wp-json\/wp\/v2\/media\/87461"}],"wp:attachment":[{"href":"https:\/\/dev.hempking.eu\/pl\/wp-json\/wp\/v2\/media?parent=75577"}],"wp:term":[{"taxonomy":"product_cat","embeddable":true,"href":"https:\/\/dev.hempking.eu\/pl\/wp-json\/wp\/v2\/product_cat?post=75577"},{"taxonomy":"product_tag","embeddable":true,"href":"https:\/\/dev.hempking.eu\/pl\/wp-json\/wp\/v2\/product_tag?post=75577"}],"curies":[{"name":"wp","href":"https:\/\/api.w.org\/{rel}","templated":true}]}}