{"id":76199,"date":"2021-10-01T10:08:05","date_gmt":"2021-10-01T08:08:05","guid":{"rendered":"https:\/\/hempking.eu\/pl\/?post_type=product&#038;p=76199"},"modified":"2023-05-21T12:45:34","modified_gmt":"2023-05-21T10:45:34","slug":"bio-ashwagandha-120-g","status":"publish","type":"product","link":"https:\/\/dev.hempking.eu\/pl\/bio-ashwagandha-120-g\/","title":{"rendered":"BIO Ashwagandha - 120 g"},"content":{"rendered":"<h2 style=\"text-align: justify;\">BIO Ashwagandha &#8211; sproszkowany adaptogen<\/h2>\n<p style=\"text-align: justify;\">BIO Ashwagandha Biowen to sproszkowana organiczna ro\u015blina, nazywana indyjskim \u017ce\u0144-szeniem. Posiada mn\u00f3stwo ciekawych w\u0142a\u015bciwo\u015bci i jest adaptogenem. Oznacza to, \u017ce jest ro\u015blin\u0105, kt\u00f3ra w okre\u015blony spos\u00f3b wp\u0142ywa na ludzkie cia\u0142o, holistycznie wspieraj\u0105c nasz organizm.<\/p>\n<p style=\"text-align: justify;\">Ashwagandha w formie sproszkowanej to \u015bwietny dodatek do wielu potraw. Dzi\u0119ki tej formule mo\u017cesz bardzo \u0142atwo stosowa\u0107 j\u0105 w swojej kuchni i dzi\u0119ki temu czerpa\u0107 jak najwi\u0119cej z jej w\u0142a\u015bciwo\u015bci!<\/p>\n<p style=\"text-align: justify;\">Je\u015bli potrzebujesz wsparcia w odpowiednim relaksie, szukasz produktu wspieraj\u0105cego umys\u0142 i takiego, kt\u00f3ry doda Ci energii, to BIO Ashwagandha jest w\u0142a\u015bnie dla Ciebie! Poznaj ten wyj\u0105tkowy adaptogen i ciesz si\u0119 jego w\u0142a\u015bciwo\u015bciami dla cia\u0142a i umys\u0142u!<\/p>\n","protected":false},"excerpt":{"rendered":"<h2><strong>BIO Ashwagandha:<\/strong><\/h2>\n<ul>\n<li>certyfikat ekologiczny<\/li>\n<li>szklany s\u0142oik z metalow\u0105 nakr\u0119tk\u0105<\/li>\n<li>organiczny adaptogen<\/li>\n<li>produkt dla witalno\u015bci<\/li>\n<\/ul>\n<p><strong>Waga: 120 g<\/strong><\/p>\n","protected":false},"featured_media":76405,"template":"","meta":{"_acf_changed":false},"product_cat":[96,98],"product_tag":[],"class_list":{"0":"post-76199","1":"product","2":"type-product","3":"status-publish","4":"has-post-thumbnail","6":"product_cat-suplementy","7":"product_cat-superfoods","9":"first","10":"instock","11":"shipping-taxable","12":"purchasable","13":"product-type-simple"},"acf":[],"yoast_head":"<!-- This site is optimized with the Yoast SEO Premium plugin v23.4 (Yoast SEO v24.0) - https:\/\/yoast.com\/wordpress\/plugins\/seo\/ -->\n<title>Bio Ashwagandha Biowen 120 g | Ashwagandha w proszku<\/title>\n<meta name=\"description\" content=\"Bio Ashwagandha Biowen to zdrowy dodatek do potraw, wspomagaj\u0105c zar\u00f3wno umys\u0142 jak i cia\u0142o. Wypr\u00f3buj Ashwagadhe w proszku ju\u017c dzi\u015b !\" \/>\n<link rel=\"canonical\" href=\"https:\/\/dev.hempking.eu\/pl\/bio-ashwagandha-120-g\/\" \/>\n<meta property=\"og:locale\" content=\"pl_PL\" \/>\n<meta property=\"og:type\" content=\"article\" \/>\n<meta property=\"og:title\" content=\"BIO Ashwagandha - 120 g\" \/>\n<meta property=\"og:description\" content=\"Bio Ashwagandha Biowen to zdrowy dodatek do potraw, wspomagaj\u0105c zar\u00f3wno umys\u0142 jak i cia\u0142o. Wypr\u00f3buj Ashwagadhe w proszku ju\u017c dzi\u015b !\" \/>\n<meta property=\"og:url\" content=\"https:\/\/dev.hempking.eu\/pl\/bio-ashwagandha-120-g\/\" \/>\n<meta property=\"og:site_name\" content=\"Hemp King\" \/>\n<meta property=\"article:publisher\" content=\"https:\/\/www.facebook.com\/hempkingpoland\" \/>\n<meta property=\"article:modified_time\" content=\"2023-05-21T10:45:34+00:00\" \/>\n<meta property=\"og:image\" content=\"https:\/\/dev.hempking.eu\/pl\/wp-content\/uploads\/sites\/2\/2021\/10\/bio_ashwagandha.jpg\" \/>\n\t<meta property=\"og:image:width\" content=\"1000\" \/>\n\t<meta property=\"og:image:height\" content=\"1000\" \/>\n\t<meta property=\"og:image:type\" content=\"image\/jpeg\" \/>\n<meta name=\"twitter:card\" content=\"summary_large_image\" \/>\n<meta name=\"twitter:site\" content=\"@hempkingeu\" \/>\n<meta name=\"twitter:label1\" content=\"Price\" \/>\n\t<meta name=\"twitter:data1\" content=\"19.95&nbsp;&#122;&#322;\" \/>\n\t<meta name=\"twitter:label2\" content=\"Availability\" \/>\n\t<meta name=\"twitter:data2\" content=\"In stock\" \/>\n<script type=\"application\/ld+json\" class=\"yoast-schema-graph\">{\"@context\":\"https:\/\/schema.org\",\"@graph\":[{\"@type\":\"WebPage\",\"@id\":\"https:\/\/dev.hempking.eu\/pl\/bio-ashwagandha-120-g\/\",\"url\":\"https:\/\/dev.hempking.eu\/pl\/bio-ashwagandha-120-g\/\",\"name\":\"Bio Ashwagandha Biowen 120 g | Ashwagandha w proszku\",\"isPartOf\":{\"@id\":\"https:\/\/dev.hempking.eu\/pl\/#website\"},\"primaryImageOfPage\":{\"@id\":\"https:\/\/dev.hempking.eu\/pl\/bio-ashwagandha-120-g\/#primaryimage\"},\"image\":{\"@id\":\"https:\/\/dev.hempking.eu\/pl\/bio-ashwagandha-120-g\/#primaryimage\"},\"thumbnailUrl\":\"https:\/\/dev.hempking.eu\/pl\/wp-content\/uploads\/sites\/2\/2021\/10\/bio_ashwagandha.jpg\",\"datePublished\":\"2021-10-01T08:08:05+00:00\",\"dateModified\":\"2023-05-21T10:45:34+00:00\",\"description\":\"Bio Ashwagandha Biowen to zdrowy dodatek do potraw, wspomagaj\u0105c zar\u00f3wno umys\u0142 jak i cia\u0142o. Wypr\u00f3buj Ashwagadhe w proszku ju\u017c dzi\u015b !\",\"breadcrumb\":{\"@id\":\"https:\/\/dev.hempking.eu\/pl\/bio-ashwagandha-120-g\/#breadcrumb\"},\"inLanguage\":\"pl-PL\",\"potentialAction\":[{\"@type\":\"ReadAction\",\"target\":[\"https:\/\/dev.hempking.eu\/pl\/bio-ashwagandha-120-g\/\"]}]},{\"@type\":\"ImageObject\",\"inLanguage\":\"pl-PL\",\"@id\":\"https:\/\/dev.hempking.eu\/pl\/bio-ashwagandha-120-g\/#primaryimage\",\"url\":\"https:\/\/dev.hempking.eu\/pl\/wp-content\/uploads\/sites\/2\/2021\/10\/bio_ashwagandha.jpg\",\"contentUrl\":\"https:\/\/dev.hempking.eu\/pl\/wp-content\/uploads\/sites\/2\/2021\/10\/bio_ashwagandha.jpg\",\"width\":1000,\"height\":1000,\"caption\":\"bio ashwagandha w proszku biowen\"},{\"@type\":\"BreadcrumbList\",\"@id\":\"https:\/\/dev.hempking.eu\/pl\/bio-ashwagandha-120-g\/#breadcrumb\",\"itemListElement\":[{\"@type\":\"ListItem\",\"position\":1,\"name\":\"Home\",\"item\":\"https:\/\/dev.hempking.eu\/pl\/\"},{\"@type\":\"ListItem\",\"position\":2,\"name\":\"Sklep\",\"item\":\"https:\/\/dev.hempking.eu\/pl\/shop\/\"},{\"@type\":\"ListItem\",\"position\":3,\"name\":\"Suplementy\",\"item\":\"https:\/\/dev.hempking.eu\/pl\/suplementy\/\"},{\"@type\":\"ListItem\",\"position\":4,\"name\":\"Superfoods\",\"item\":\"https:\/\/dev.hempking.eu\/pl\/superfoods\/\"},{\"@type\":\"ListItem\",\"position\":5,\"name\":\"BIO Ashwagandha - 120 g\"}]},{\"@type\":\"WebSite\",\"@id\":\"https:\/\/dev.hempking.eu\/pl\/#website\",\"url\":\"https:\/\/dev.hempking.eu\/pl\/\",\"name\":\"Hemp King\",\"description\":\"\",\"publisher\":{\"@id\":\"https:\/\/dev.hempking.eu\/pl\/#organization\"},\"potentialAction\":[{\"@type\":\"SearchAction\",\"target\":{\"@type\":\"EntryPoint\",\"urlTemplate\":\"https:\/\/dev.hempking.eu\/pl\/?s={search_term_string}\"},\"query-input\":{\"@type\":\"PropertyValueSpecification\",\"valueRequired\":true,\"valueName\":\"search_term_string\"}}],\"inLanguage\":\"pl-PL\"},{\"@type\":\"Organization\",\"@id\":\"https:\/\/dev.hempking.eu\/pl\/#organization\",\"name\":\"Hemp King\",\"url\":\"https:\/\/dev.hempking.eu\/pl\/\",\"logo\":{\"@type\":\"ImageObject\",\"inLanguage\":\"pl-PL\",\"@id\":\"https:\/\/dev.hempking.eu\/pl\/#\/schema\/logo\/image\/\",\"url\":\"https:\/\/dev.hempking.eu\/pl\/wp-content\/uploads\/sites\/2\/2020\/05\/hempking.png\",\"contentUrl\":\"https:\/\/dev.hempking.eu\/pl\/wp-content\/uploads\/sites\/2\/2020\/05\/hempking.png\",\"width\":148,\"height\":91,\"caption\":\"Hemp King\"},\"image\":{\"@id\":\"https:\/\/dev.hempking.eu\/pl\/#\/schema\/logo\/image\/\"},\"sameAs\":[\"https:\/\/www.facebook.com\/hempkingpoland\",\"https:\/\/x.com\/hempkingeu\",\"https:\/\/www.instagram.com\/hempkingeu\/\",\"https:\/\/www.linkedin.com\/company\/hempking-eu\/mycompany\/\",\"https:\/\/pl.pinterest.com\/hempkingeu\/\",\"https:\/\/www.youtube.com\/channel\/UCUkeZA1fj4hSZfoYm0WpZ7w\"]}]}<\/script>\n<meta property=\"product:price:amount\" content=\"19.95\" \/>\n<meta property=\"product:price:currency\" content=\"PLN\" \/>\n<meta property=\"og:availability\" content=\"instock\" \/>\n<meta property=\"product:availability\" content=\"instock\" \/>\n<meta property=\"product:condition\" content=\"new\" \/>\n<!-- \/ Yoast SEO Premium plugin. -->","yoast_head_json":{"title":"Bio Ashwagandha Biowen 120 g | Ashwagandha w proszku","description":"Bio Ashwagandha Biowen to zdrowy dodatek do potraw, wspomagaj\u0105c zar\u00f3wno umys\u0142 jak i cia\u0142o. Wypr\u00f3buj Ashwagadhe w proszku ju\u017c dzi\u015b !","canonical":"https:\/\/dev.hempking.eu\/pl\/bio-ashwagandha-120-g\/","og_locale":"pl_PL","og_type":"article","og_title":"BIO Ashwagandha - 120 g","og_description":"Bio Ashwagandha Biowen to zdrowy dodatek do potraw, wspomagaj\u0105c zar\u00f3wno umys\u0142 jak i cia\u0142o. Wypr\u00f3buj Ashwagadhe w proszku ju\u017c dzi\u015b !","og_url":"https:\/\/dev.hempking.eu\/pl\/bio-ashwagandha-120-g\/","og_site_name":"Hemp King","article_publisher":"https:\/\/www.facebook.com\/hempkingpoland","article_modified_time":"2023-05-21T10:45:34+00:00","og_image":[{"width":1000,"height":1000,"url":"https:\/\/dev.hempking.eu\/pl\/wp-content\/uploads\/sites\/2\/2021\/10\/bio_ashwagandha.jpg","type":"image\/jpeg"}],"twitter_card":"summary_large_image","twitter_site":"@hempkingeu","twitter_misc":{"Price":"19.95&nbsp;&#122;&#322;","Availability":"In stock"},"schema":{"@context":"https:\/\/schema.org","@graph":[{"@type":"WebPage","@id":"https:\/\/dev.hempking.eu\/pl\/bio-ashwagandha-120-g\/","url":"https:\/\/dev.hempking.eu\/pl\/bio-ashwagandha-120-g\/","name":"Bio Ashwagandha Biowen 120 g | Ashwagandha w proszku","isPartOf":{"@id":"https:\/\/dev.hempking.eu\/pl\/#website"},"primaryImageOfPage":{"@id":"https:\/\/dev.hempking.eu\/pl\/bio-ashwagandha-120-g\/#primaryimage"},"image":{"@id":"https:\/\/dev.hempking.eu\/pl\/bio-ashwagandha-120-g\/#primaryimage"},"thumbnailUrl":"https:\/\/dev.hempking.eu\/pl\/wp-content\/uploads\/sites\/2\/2021\/10\/bio_ashwagandha.jpg","datePublished":"2021-10-01T08:08:05+00:00","dateModified":"2023-05-21T10:45:34+00:00","description":"Bio Ashwagandha Biowen to zdrowy dodatek do potraw, wspomagaj\u0105c zar\u00f3wno umys\u0142 jak i cia\u0142o. Wypr\u00f3buj Ashwagadhe w proszku ju\u017c dzi\u015b !","breadcrumb":{"@id":"https:\/\/dev.hempking.eu\/pl\/bio-ashwagandha-120-g\/#breadcrumb"},"inLanguage":"pl-PL","potentialAction":[{"@type":"ReadAction","target":["https:\/\/dev.hempking.eu\/pl\/bio-ashwagandha-120-g\/"]}]},{"@type":"ImageObject","inLanguage":"pl-PL","@id":"https:\/\/dev.hempking.eu\/pl\/bio-ashwagandha-120-g\/#primaryimage","url":"https:\/\/dev.hempking.eu\/pl\/wp-content\/uploads\/sites\/2\/2021\/10\/bio_ashwagandha.jpg","contentUrl":"https:\/\/dev.hempking.eu\/pl\/wp-content\/uploads\/sites\/2\/2021\/10\/bio_ashwagandha.jpg","width":1000,"height":1000,"caption":"bio ashwagandha w proszku biowen"},{"@type":"BreadcrumbList","@id":"https:\/\/dev.hempking.eu\/pl\/bio-ashwagandha-120-g\/#breadcrumb","itemListElement":[{"@type":"ListItem","position":1,"name":"Home","item":"https:\/\/dev.hempking.eu\/pl\/"},{"@type":"ListItem","position":2,"name":"Sklep","item":"https:\/\/dev.hempking.eu\/pl\/shop\/"},{"@type":"ListItem","position":3,"name":"Suplementy","item":"https:\/\/dev.hempking.eu\/pl\/suplementy\/"},{"@type":"ListItem","position":4,"name":"Superfoods","item":"https:\/\/dev.hempking.eu\/pl\/superfoods\/"},{"@type":"ListItem","position":5,"name":"BIO Ashwagandha - 120 g"}]},{"@type":"WebSite","@id":"https:\/\/dev.hempking.eu\/pl\/#website","url":"https:\/\/dev.hempking.eu\/pl\/","name":"Hemp King","description":"","publisher":{"@id":"https:\/\/dev.hempking.eu\/pl\/#organization"},"potentialAction":[{"@type":"SearchAction","target":{"@type":"EntryPoint","urlTemplate":"https:\/\/dev.hempking.eu\/pl\/?s={search_term_string}"},"query-input":{"@type":"PropertyValueSpecification","valueRequired":true,"valueName":"search_term_string"}}],"inLanguage":"pl-PL"},{"@type":"Organization","@id":"https:\/\/dev.hempking.eu\/pl\/#organization","name":"Hemp King","url":"https:\/\/dev.hempking.eu\/pl\/","logo":{"@type":"ImageObject","inLanguage":"pl-PL","@id":"https:\/\/dev.hempking.eu\/pl\/#\/schema\/logo\/image\/","url":"https:\/\/dev.hempking.eu\/pl\/wp-content\/uploads\/sites\/2\/2020\/05\/hempking.png","contentUrl":"https:\/\/dev.hempking.eu\/pl\/wp-content\/uploads\/sites\/2\/2020\/05\/hempking.png","width":148,"height":91,"caption":"Hemp King"},"image":{"@id":"https:\/\/dev.hempking.eu\/pl\/#\/schema\/logo\/image\/"},"sameAs":["https:\/\/www.facebook.com\/hempkingpoland","https:\/\/x.com\/hempkingeu","https:\/\/www.instagram.com\/hempkingeu\/","https:\/\/www.linkedin.com\/company\/hempking-eu\/mycompany\/","https:\/\/pl.pinterest.com\/hempkingeu\/","https:\/\/www.youtube.com\/channel\/UCUkeZA1fj4hSZfoYm0WpZ7w"]}]},"product_price_amount":"19.95","product_price_currency":"PLN","og_availability":"instock","product_availability":"instock","product_condition":"new"},"_links":{"self":[{"href":"https:\/\/dev.hempking.eu\/pl\/wp-json\/wp\/v2\/product\/76199","targetHints":{"allow":["GET"]}}],"collection":[{"href":"https:\/\/dev.hempking.eu\/pl\/wp-json\/wp\/v2\/product"}],"about":[{"href":"https:\/\/dev.hempking.eu\/pl\/wp-json\/wp\/v2\/types\/product"}],"wp:featuredmedia":[{"embeddable":true,"href":"https:\/\/dev.hempking.eu\/pl\/wp-json\/wp\/v2\/media\/76405"}],"wp:attachment":[{"href":"https:\/\/dev.hempking.eu\/pl\/wp-json\/wp\/v2\/media?parent=76199"}],"wp:term":[{"taxonomy":"product_cat","embeddable":true,"href":"https:\/\/dev.hempking.eu\/pl\/wp-json\/wp\/v2\/product_cat?post=76199"},{"taxonomy":"product_tag","embeddable":true,"href":"https:\/\/dev.hempking.eu\/pl\/wp-json\/wp\/v2\/product_tag?post=76199"}],"curies":[{"name":"wp","href":"https:\/\/api.w.org\/{rel}","templated":true}]}}