{"id":76202,"date":"2021-10-01T10:12:10","date_gmt":"2021-10-01T08:12:10","guid":{"rendered":"https:\/\/hempking.eu\/pl\/?post_type=product&#038;p=76202"},"modified":"2023-05-23T14:08:18","modified_gmt":"2023-05-23T12:08:18","slug":"bio-banan-120-g","status":"publish","type":"product","link":"https:\/\/dev.hempking.eu\/pl\/bio-banan-120-g\/","title":{"rendered":"BIO banan - 120 g"},"content":{"rendered":"<h2 style=\"text-align: justify;\">BIO banan w proszku Biowen<\/h2>\n<p style=\"text-align: justify;\">BIO banan Biowen to sproszkowane organiczne banany wysokiej jako\u015bci, dojrzewaj\u0105ce na organicznych uprawach w pe\u0142nym s\u0142o\u0144cu. Zawiera potas oraz witamin\u0119 B6, a tak\u017ce b\u0142onnik oraz bia\u0142ko i nasycone kwasy t\u0142uszczowe. To \u015bwietny naturalny dodatek do sok\u00f3w, jogurt\u00f3w, koktajli i muesli.<\/p>\n<p style=\"text-align: justify;\">Proszek ma \u017c\u00f3\u0142ty kolor oraz intensywny bananowy zapach, kt\u00f3ry zawdzi\u0119cza wy\u0142\u0105cznie naturze. To produkt bez dodatk\u00f3w sztucznych barwnik\u00f3w czy aromat\u00f3w! Dzi\u0119ki sproszkowanej formule sprawia, \u017ce mo\u017cesz go u\u017cywa\u0107 kiedy chcesz i do czego chcesz! Bez przejmowania si\u0119, \u017ce owoc stanie si\u0119 przejrza\u0142y. To alternatywa dla tych, kt\u00f3rzy ceni\u0105 sobie wygod\u0119 i lubi\u0105 szybkie rozwi\u0105zania.<\/p>\n<p style=\"text-align: justify;\">100 g produktu uzyskano z 400 g \u015bwie\u017cego banana!<\/p>\n","protected":false},"excerpt":{"rendered":"<h2>BIO banan:<\/h2>\n<ul>\n<li>100 g produktu powsta\u0142o z 400 g \u015bwie\u017cych owoc\u00f3w,<\/li>\n<li>posiada certyfikat organiczny,<\/li>\n<li>idealny do koktajli i smoothie,<\/li>\n<li>szklany s\u0142oik i stalowa nakr\u0119tka.<\/li>\n<\/ul>\n<p><strong>Waga: 120 g<\/strong><\/p>\n","protected":false},"featured_media":76404,"template":"","meta":{"_acf_changed":false},"product_cat":[96,98],"product_tag":[],"class_list":{"0":"post-76202","1":"product","2":"type-product","3":"status-publish","4":"has-post-thumbnail","6":"product_cat-suplementy","7":"product_cat-superfoods","9":"first","10":"instock","11":"shipping-taxable","12":"purchasable","13":"product-type-simple"},"acf":[],"yoast_head":"<!-- This site is optimized with the Yoast SEO Premium plugin v23.4 (Yoast SEO v24.0) - https:\/\/yoast.com\/wordpress\/plugins\/seo\/ -->\n<title>Bio banan w proszku\u00a0Biowen 120 g do jogurt\u00f3w, koktajli i muesli<\/title>\n<meta name=\"description\" content=\"Bio Banan w proszku Biowen to w 100% organiczny superfood, w kt\u00f3rym 100 g uzyskano z 400 g \u015bwie\u017cego banana! Wypr\u00f3buj Bio Banana od Biowen!\" \/>\n<link rel=\"canonical\" href=\"https:\/\/dev.hempking.eu\/pl\/bio-banan-120-g\/\" \/>\n<meta property=\"og:locale\" content=\"pl_PL\" \/>\n<meta property=\"og:type\" content=\"article\" \/>\n<meta property=\"og:title\" content=\"BIO banan - 120 g\" \/>\n<meta property=\"og:description\" content=\"Bio Banan w proszku Biowen to w 100% organiczny superfood, w kt\u00f3rym 100 g uzyskano z 400 g \u015bwie\u017cego banana! Wypr\u00f3buj Bio Banana od Biowen!\" \/>\n<meta property=\"og:url\" content=\"https:\/\/dev.hempking.eu\/pl\/bio-banan-120-g\/\" \/>\n<meta property=\"og:site_name\" content=\"Hemp King\" \/>\n<meta property=\"article:publisher\" content=\"https:\/\/www.facebook.com\/hempkingpoland\" \/>\n<meta property=\"article:modified_time\" content=\"2023-05-23T12:08:18+00:00\" \/>\n<meta property=\"og:image\" content=\"https:\/\/dev.hempking.eu\/pl\/wp-content\/uploads\/sites\/2\/2021\/10\/bio_banan.jpg\" \/>\n\t<meta property=\"og:image:width\" content=\"1000\" \/>\n\t<meta property=\"og:image:height\" content=\"1000\" \/>\n\t<meta property=\"og:image:type\" content=\"image\/jpeg\" \/>\n<meta name=\"twitter:card\" content=\"summary_large_image\" \/>\n<meta name=\"twitter:site\" content=\"@hempkingeu\" \/>\n<meta name=\"twitter:label1\" content=\"Price\" \/>\n\t<meta name=\"twitter:data1\" content=\"12.99&nbsp;&#122;&#322;\" \/>\n\t<meta name=\"twitter:label2\" content=\"Availability\" \/>\n\t<meta name=\"twitter:data2\" content=\"In stock\" \/>\n<script type=\"application\/ld+json\" class=\"yoast-schema-graph\">{\"@context\":\"https:\/\/schema.org\",\"@graph\":[{\"@type\":\"WebPage\",\"@id\":\"https:\/\/dev.hempking.eu\/pl\/bio-banan-120-g\/\",\"url\":\"https:\/\/dev.hempking.eu\/pl\/bio-banan-120-g\/\",\"name\":\"Bio banan w proszku\u00a0Biowen 120 g do jogurt\u00f3w, koktajli i muesli\",\"isPartOf\":{\"@id\":\"https:\/\/dev.hempking.eu\/pl\/#website\"},\"primaryImageOfPage\":{\"@id\":\"https:\/\/dev.hempking.eu\/pl\/bio-banan-120-g\/#primaryimage\"},\"image\":{\"@id\":\"https:\/\/dev.hempking.eu\/pl\/bio-banan-120-g\/#primaryimage\"},\"thumbnailUrl\":\"https:\/\/dev.hempking.eu\/pl\/wp-content\/uploads\/sites\/2\/2021\/10\/bio_banan.jpg\",\"datePublished\":\"2021-10-01T08:12:10+00:00\",\"dateModified\":\"2023-05-23T12:08:18+00:00\",\"description\":\"Bio Banan w proszku Biowen to w 100% organiczny superfood, w kt\u00f3rym 100 g uzyskano z 400 g \u015bwie\u017cego banana! Wypr\u00f3buj Bio Banana od Biowen!\",\"breadcrumb\":{\"@id\":\"https:\/\/dev.hempking.eu\/pl\/bio-banan-120-g\/#breadcrumb\"},\"inLanguage\":\"pl-PL\",\"potentialAction\":[{\"@type\":\"ReadAction\",\"target\":[\"https:\/\/dev.hempking.eu\/pl\/bio-banan-120-g\/\"]}]},{\"@type\":\"ImageObject\",\"inLanguage\":\"pl-PL\",\"@id\":\"https:\/\/dev.hempking.eu\/pl\/bio-banan-120-g\/#primaryimage\",\"url\":\"https:\/\/dev.hempking.eu\/pl\/wp-content\/uploads\/sites\/2\/2021\/10\/bio_banan.jpg\",\"contentUrl\":\"https:\/\/dev.hempking.eu\/pl\/wp-content\/uploads\/sites\/2\/2021\/10\/bio_banan.jpg\",\"width\":1000,\"height\":1000,\"caption\":\"Bio Banan w proszku Biowen\"},{\"@type\":\"BreadcrumbList\",\"@id\":\"https:\/\/dev.hempking.eu\/pl\/bio-banan-120-g\/#breadcrumb\",\"itemListElement\":[{\"@type\":\"ListItem\",\"position\":1,\"name\":\"Home\",\"item\":\"https:\/\/dev.hempking.eu\/pl\/\"},{\"@type\":\"ListItem\",\"position\":2,\"name\":\"Sklep\",\"item\":\"https:\/\/dev.hempking.eu\/pl\/shop\/\"},{\"@type\":\"ListItem\",\"position\":3,\"name\":\"Suplementy\",\"item\":\"https:\/\/dev.hempking.eu\/pl\/suplementy\/\"},{\"@type\":\"ListItem\",\"position\":4,\"name\":\"Superfoods\",\"item\":\"https:\/\/dev.hempking.eu\/pl\/superfoods\/\"},{\"@type\":\"ListItem\",\"position\":5,\"name\":\"BIO banan - 120 g\"}]},{\"@type\":\"WebSite\",\"@id\":\"https:\/\/dev.hempking.eu\/pl\/#website\",\"url\":\"https:\/\/dev.hempking.eu\/pl\/\",\"name\":\"Hemp King\",\"description\":\"\",\"publisher\":{\"@id\":\"https:\/\/dev.hempking.eu\/pl\/#organization\"},\"potentialAction\":[{\"@type\":\"SearchAction\",\"target\":{\"@type\":\"EntryPoint\",\"urlTemplate\":\"https:\/\/dev.hempking.eu\/pl\/?s={search_term_string}\"},\"query-input\":{\"@type\":\"PropertyValueSpecification\",\"valueRequired\":true,\"valueName\":\"search_term_string\"}}],\"inLanguage\":\"pl-PL\"},{\"@type\":\"Organization\",\"@id\":\"https:\/\/dev.hempking.eu\/pl\/#organization\",\"name\":\"Hemp King\",\"url\":\"https:\/\/dev.hempking.eu\/pl\/\",\"logo\":{\"@type\":\"ImageObject\",\"inLanguage\":\"pl-PL\",\"@id\":\"https:\/\/dev.hempking.eu\/pl\/#\/schema\/logo\/image\/\",\"url\":\"https:\/\/dev.hempking.eu\/pl\/wp-content\/uploads\/sites\/2\/2020\/05\/hempking.png\",\"contentUrl\":\"https:\/\/dev.hempking.eu\/pl\/wp-content\/uploads\/sites\/2\/2020\/05\/hempking.png\",\"width\":148,\"height\":91,\"caption\":\"Hemp King\"},\"image\":{\"@id\":\"https:\/\/dev.hempking.eu\/pl\/#\/schema\/logo\/image\/\"},\"sameAs\":[\"https:\/\/www.facebook.com\/hempkingpoland\",\"https:\/\/x.com\/hempkingeu\",\"https:\/\/www.instagram.com\/hempkingeu\/\",\"https:\/\/www.linkedin.com\/company\/hempking-eu\/mycompany\/\",\"https:\/\/pl.pinterest.com\/hempkingeu\/\",\"https:\/\/www.youtube.com\/channel\/UCUkeZA1fj4hSZfoYm0WpZ7w\"]}]}<\/script>\n<meta property=\"product:price:amount\" content=\"12.99\" \/>\n<meta property=\"product:price:currency\" content=\"PLN\" \/>\n<meta property=\"og:availability\" content=\"instock\" \/>\n<meta property=\"product:availability\" content=\"instock\" \/>\n<meta property=\"product:condition\" content=\"new\" \/>\n<!-- \/ Yoast SEO Premium plugin. -->","yoast_head_json":{"title":"Bio banan w proszku\u00a0Biowen 120 g do jogurt\u00f3w, koktajli i muesli","description":"Bio Banan w proszku Biowen to w 100% organiczny superfood, w kt\u00f3rym 100 g uzyskano z 400 g \u015bwie\u017cego banana! Wypr\u00f3buj Bio Banana od Biowen!","canonical":"https:\/\/dev.hempking.eu\/pl\/bio-banan-120-g\/","og_locale":"pl_PL","og_type":"article","og_title":"BIO banan - 120 g","og_description":"Bio Banan w proszku Biowen to w 100% organiczny superfood, w kt\u00f3rym 100 g uzyskano z 400 g \u015bwie\u017cego banana! Wypr\u00f3buj Bio Banana od Biowen!","og_url":"https:\/\/dev.hempking.eu\/pl\/bio-banan-120-g\/","og_site_name":"Hemp King","article_publisher":"https:\/\/www.facebook.com\/hempkingpoland","article_modified_time":"2023-05-23T12:08:18+00:00","og_image":[{"width":1000,"height":1000,"url":"https:\/\/dev.hempking.eu\/pl\/wp-content\/uploads\/sites\/2\/2021\/10\/bio_banan.jpg","type":"image\/jpeg"}],"twitter_card":"summary_large_image","twitter_site":"@hempkingeu","twitter_misc":{"Price":"12.99&nbsp;&#122;&#322;","Availability":"In stock"},"schema":{"@context":"https:\/\/schema.org","@graph":[{"@type":"WebPage","@id":"https:\/\/dev.hempking.eu\/pl\/bio-banan-120-g\/","url":"https:\/\/dev.hempking.eu\/pl\/bio-banan-120-g\/","name":"Bio banan w proszku\u00a0Biowen 120 g do jogurt\u00f3w, koktajli i muesli","isPartOf":{"@id":"https:\/\/dev.hempking.eu\/pl\/#website"},"primaryImageOfPage":{"@id":"https:\/\/dev.hempking.eu\/pl\/bio-banan-120-g\/#primaryimage"},"image":{"@id":"https:\/\/dev.hempking.eu\/pl\/bio-banan-120-g\/#primaryimage"},"thumbnailUrl":"https:\/\/dev.hempking.eu\/pl\/wp-content\/uploads\/sites\/2\/2021\/10\/bio_banan.jpg","datePublished":"2021-10-01T08:12:10+00:00","dateModified":"2023-05-23T12:08:18+00:00","description":"Bio Banan w proszku Biowen to w 100% organiczny superfood, w kt\u00f3rym 100 g uzyskano z 400 g \u015bwie\u017cego banana! Wypr\u00f3buj Bio Banana od Biowen!","breadcrumb":{"@id":"https:\/\/dev.hempking.eu\/pl\/bio-banan-120-g\/#breadcrumb"},"inLanguage":"pl-PL","potentialAction":[{"@type":"ReadAction","target":["https:\/\/dev.hempking.eu\/pl\/bio-banan-120-g\/"]}]},{"@type":"ImageObject","inLanguage":"pl-PL","@id":"https:\/\/dev.hempking.eu\/pl\/bio-banan-120-g\/#primaryimage","url":"https:\/\/dev.hempking.eu\/pl\/wp-content\/uploads\/sites\/2\/2021\/10\/bio_banan.jpg","contentUrl":"https:\/\/dev.hempking.eu\/pl\/wp-content\/uploads\/sites\/2\/2021\/10\/bio_banan.jpg","width":1000,"height":1000,"caption":"Bio Banan w proszku Biowen"},{"@type":"BreadcrumbList","@id":"https:\/\/dev.hempking.eu\/pl\/bio-banan-120-g\/#breadcrumb","itemListElement":[{"@type":"ListItem","position":1,"name":"Home","item":"https:\/\/dev.hempking.eu\/pl\/"},{"@type":"ListItem","position":2,"name":"Sklep","item":"https:\/\/dev.hempking.eu\/pl\/shop\/"},{"@type":"ListItem","position":3,"name":"Suplementy","item":"https:\/\/dev.hempking.eu\/pl\/suplementy\/"},{"@type":"ListItem","position":4,"name":"Superfoods","item":"https:\/\/dev.hempking.eu\/pl\/superfoods\/"},{"@type":"ListItem","position":5,"name":"BIO banan - 120 g"}]},{"@type":"WebSite","@id":"https:\/\/dev.hempking.eu\/pl\/#website","url":"https:\/\/dev.hempking.eu\/pl\/","name":"Hemp King","description":"","publisher":{"@id":"https:\/\/dev.hempking.eu\/pl\/#organization"},"potentialAction":[{"@type":"SearchAction","target":{"@type":"EntryPoint","urlTemplate":"https:\/\/dev.hempking.eu\/pl\/?s={search_term_string}"},"query-input":{"@type":"PropertyValueSpecification","valueRequired":true,"valueName":"search_term_string"}}],"inLanguage":"pl-PL"},{"@type":"Organization","@id":"https:\/\/dev.hempking.eu\/pl\/#organization","name":"Hemp King","url":"https:\/\/dev.hempking.eu\/pl\/","logo":{"@type":"ImageObject","inLanguage":"pl-PL","@id":"https:\/\/dev.hempking.eu\/pl\/#\/schema\/logo\/image\/","url":"https:\/\/dev.hempking.eu\/pl\/wp-content\/uploads\/sites\/2\/2020\/05\/hempking.png","contentUrl":"https:\/\/dev.hempking.eu\/pl\/wp-content\/uploads\/sites\/2\/2020\/05\/hempking.png","width":148,"height":91,"caption":"Hemp King"},"image":{"@id":"https:\/\/dev.hempking.eu\/pl\/#\/schema\/logo\/image\/"},"sameAs":["https:\/\/www.facebook.com\/hempkingpoland","https:\/\/x.com\/hempkingeu","https:\/\/www.instagram.com\/hempkingeu\/","https:\/\/www.linkedin.com\/company\/hempking-eu\/mycompany\/","https:\/\/pl.pinterest.com\/hempkingeu\/","https:\/\/www.youtube.com\/channel\/UCUkeZA1fj4hSZfoYm0WpZ7w"]}]},"product_price_amount":"12.99","product_price_currency":"PLN","og_availability":"instock","product_availability":"instock","product_condition":"new"},"_links":{"self":[{"href":"https:\/\/dev.hempking.eu\/pl\/wp-json\/wp\/v2\/product\/76202","targetHints":{"allow":["GET"]}}],"collection":[{"href":"https:\/\/dev.hempking.eu\/pl\/wp-json\/wp\/v2\/product"}],"about":[{"href":"https:\/\/dev.hempking.eu\/pl\/wp-json\/wp\/v2\/types\/product"}],"wp:featuredmedia":[{"embeddable":true,"href":"https:\/\/dev.hempking.eu\/pl\/wp-json\/wp\/v2\/media\/76404"}],"wp:attachment":[{"href":"https:\/\/dev.hempking.eu\/pl\/wp-json\/wp\/v2\/media?parent=76202"}],"wp:term":[{"taxonomy":"product_cat","embeddable":true,"href":"https:\/\/dev.hempking.eu\/pl\/wp-json\/wp\/v2\/product_cat?post=76202"},{"taxonomy":"product_tag","embeddable":true,"href":"https:\/\/dev.hempking.eu\/pl\/wp-json\/wp\/v2\/product_tag?post=76202"}],"curies":[{"name":"wp","href":"https:\/\/api.w.org\/{rel}","templated":true}]}}