{"id":76208,"date":"2021-10-01T10:23:18","date_gmt":"2021-10-01T08:23:18","guid":{"rendered":"https:\/\/hempking.eu\/pl\/?post_type=product&#038;p=76208"},"modified":"2023-03-29T09:06:49","modified_gmt":"2023-03-29T07:06:49","slug":"bio-imbir-100-g","status":"publish","type":"product","link":"https:\/\/dev.hempking.eu\/pl\/bio-imbir-100-g\/","title":{"rendered":"BIO Imbir - 100 g"},"content":{"rendered":"<h2 style=\"text-align: justify;\">BIO Imbir Biowen &#8211; korze\u0144 z wieloma w\u0142a\u015bciwo\u015bciami<\/h2>\n<p style=\"text-align: justify;\">BIO imbir Biowen to sproszkowany korze\u0144 imbiru pochodz\u0105cy z naturalnych, organicznych upraw bez u\u017cycia pestycyd\u00f3w. Posiada wiele cennych w\u0142a\u015bciwo\u015bci i wspiera nasz\u0105 diet\u0119 oraz organizm. To dodatek, kt\u00f3ry powinien znale\u017a\u0107 si\u0119 w ka\u017cdej kuchni! U\u017cywa si\u0119 go g\u0142\u00f3wnie w daniach azjatyckich. Ma bardzo charakterystyczny smak &#8211; gorzkawy i pal\u0105cy. Jest te\u017c sk\u0142adnikiem znanej wszystkim przyprawy curry! Wiele os\u00f3b uwa\u017ca go za afrodyzjak o wyj\u0105tkowym dzia\u0142aniu.<\/p>\n","protected":false},"excerpt":{"rendered":"<h2><strong>BIO imbir: <\/strong><\/h2>\n<ul>\n<li>naturalny superfoods,<\/li>\n<li>produkt z certyfikatem ekologicznym,<\/li>\n<li>zdrowy dodatek do da\u0144 i koktajli,<\/li>\n<li>szklane opakowanie z metalow\u0105 nakr\u0119tk\u0105.<\/li>\n<\/ul>\n<p><strong>Waga: 100 g<\/strong><\/p>\n","protected":false},"featured_media":76565,"template":"","meta":{"_acf_changed":false},"product_cat":[96,98],"product_tag":[],"class_list":{"0":"post-76208","1":"product","2":"type-product","3":"status-publish","4":"has-post-thumbnail","6":"product_cat-suplementy","7":"product_cat-superfoods","9":"first","10":"instock","11":"shipping-taxable","12":"purchasable","13":"product-type-simple"},"acf":[],"yoast_head":"<!-- This site is optimized with the Yoast SEO Premium plugin v23.4 (Yoast SEO v24.0) - https:\/\/yoast.com\/wordpress\/plugins\/seo\/ -->\n<title>Bio Imbir Biowen w proszku - idealny do koktajli 100 g<\/title>\n<meta name=\"description\" content=\"Bio Imbir Biowen to w 100% sproszkowany imbir pochodz\u0105cy z organicznych upraw. Nieoczywisty dodatek do wielu potraw. Wypr\u00f3buj !\" \/>\n<link rel=\"canonical\" href=\"https:\/\/dev.hempking.eu\/pl\/bio-imbir-100-g\/\" \/>\n<meta property=\"og:locale\" content=\"pl_PL\" \/>\n<meta property=\"og:type\" content=\"article\" \/>\n<meta property=\"og:title\" content=\"BIO Imbir - 100 g\" \/>\n<meta property=\"og:description\" content=\"Bio Imbir Biowen to w 100% sproszkowany imbir pochodz\u0105cy z organicznych upraw. Nieoczywisty dodatek do wielu potraw. Wypr\u00f3buj !\" \/>\n<meta property=\"og:url\" content=\"https:\/\/dev.hempking.eu\/pl\/bio-imbir-100-g\/\" \/>\n<meta property=\"og:site_name\" content=\"Hemp King\" \/>\n<meta property=\"article:publisher\" content=\"https:\/\/www.facebook.com\/hempkingpoland\" \/>\n<meta property=\"article:modified_time\" content=\"2023-03-29T07:06:49+00:00\" \/>\n<meta property=\"og:image\" content=\"https:\/\/dev.hempking.eu\/pl\/wp-content\/uploads\/sites\/2\/2021\/10\/bio_imbir-1.jpg\" \/>\n\t<meta property=\"og:image:width\" content=\"1000\" \/>\n\t<meta property=\"og:image:height\" content=\"1000\" \/>\n\t<meta property=\"og:image:type\" content=\"image\/jpeg\" \/>\n<meta name=\"twitter:card\" content=\"summary_large_image\" \/>\n<meta name=\"twitter:site\" content=\"@hempkingeu\" \/>\n<meta name=\"twitter:label1\" content=\"Price\" \/>\n\t<meta name=\"twitter:data1\" content=\"18.89&nbsp;&#122;&#322;\" \/>\n\t<meta name=\"twitter:label2\" content=\"Availability\" \/>\n\t<meta name=\"twitter:data2\" content=\"In stock\" \/>\n<script type=\"application\/ld+json\" class=\"yoast-schema-graph\">{\"@context\":\"https:\/\/schema.org\",\"@graph\":[{\"@type\":\"WebPage\",\"@id\":\"https:\/\/dev.hempking.eu\/pl\/bio-imbir-100-g\/\",\"url\":\"https:\/\/dev.hempking.eu\/pl\/bio-imbir-100-g\/\",\"name\":\"Bio Imbir Biowen w proszku - idealny do koktajli 100 g\",\"isPartOf\":{\"@id\":\"https:\/\/dev.hempking.eu\/pl\/#website\"},\"primaryImageOfPage\":{\"@id\":\"https:\/\/dev.hempking.eu\/pl\/bio-imbir-100-g\/#primaryimage\"},\"image\":{\"@id\":\"https:\/\/dev.hempking.eu\/pl\/bio-imbir-100-g\/#primaryimage\"},\"thumbnailUrl\":\"https:\/\/dev.hempking.eu\/pl\/wp-content\/uploads\/sites\/2\/2021\/10\/bio_imbir-1.jpg\",\"datePublished\":\"2021-10-01T08:23:18+00:00\",\"dateModified\":\"2023-03-29T07:06:49+00:00\",\"description\":\"Bio Imbir Biowen to w 100% sproszkowany imbir pochodz\u0105cy z organicznych upraw. Nieoczywisty dodatek do wielu potraw. Wypr\u00f3buj !\",\"breadcrumb\":{\"@id\":\"https:\/\/dev.hempking.eu\/pl\/bio-imbir-100-g\/#breadcrumb\"},\"inLanguage\":\"pl-PL\",\"potentialAction\":[{\"@type\":\"ReadAction\",\"target\":[\"https:\/\/dev.hempking.eu\/pl\/bio-imbir-100-g\/\"]}]},{\"@type\":\"ImageObject\",\"inLanguage\":\"pl-PL\",\"@id\":\"https:\/\/dev.hempking.eu\/pl\/bio-imbir-100-g\/#primaryimage\",\"url\":\"https:\/\/dev.hempking.eu\/pl\/wp-content\/uploads\/sites\/2\/2021\/10\/bio_imbir-1.jpg\",\"contentUrl\":\"https:\/\/dev.hempking.eu\/pl\/wp-content\/uploads\/sites\/2\/2021\/10\/bio_imbir-1.jpg\",\"width\":1000,\"height\":1000,\"caption\":\"bio_imbir biowen\"},{\"@type\":\"BreadcrumbList\",\"@id\":\"https:\/\/dev.hempking.eu\/pl\/bio-imbir-100-g\/#breadcrumb\",\"itemListElement\":[{\"@type\":\"ListItem\",\"position\":1,\"name\":\"Home\",\"item\":\"https:\/\/dev.hempking.eu\/pl\/\"},{\"@type\":\"ListItem\",\"position\":2,\"name\":\"Sklep\",\"item\":\"https:\/\/dev.hempking.eu\/pl\/shop\/\"},{\"@type\":\"ListItem\",\"position\":3,\"name\":\"Suplementy\",\"item\":\"https:\/\/dev.hempking.eu\/pl\/suplementy\/\"},{\"@type\":\"ListItem\",\"position\":4,\"name\":\"Superfoods\",\"item\":\"https:\/\/dev.hempking.eu\/pl\/superfoods\/\"},{\"@type\":\"ListItem\",\"position\":5,\"name\":\"BIO Imbir - 100 g\"}]},{\"@type\":\"WebSite\",\"@id\":\"https:\/\/dev.hempking.eu\/pl\/#website\",\"url\":\"https:\/\/dev.hempking.eu\/pl\/\",\"name\":\"Hemp King\",\"description\":\"\",\"publisher\":{\"@id\":\"https:\/\/dev.hempking.eu\/pl\/#organization\"},\"potentialAction\":[{\"@type\":\"SearchAction\",\"target\":{\"@type\":\"EntryPoint\",\"urlTemplate\":\"https:\/\/dev.hempking.eu\/pl\/?s={search_term_string}\"},\"query-input\":{\"@type\":\"PropertyValueSpecification\",\"valueRequired\":true,\"valueName\":\"search_term_string\"}}],\"inLanguage\":\"pl-PL\"},{\"@type\":\"Organization\",\"@id\":\"https:\/\/dev.hempking.eu\/pl\/#organization\",\"name\":\"Hemp King\",\"url\":\"https:\/\/dev.hempking.eu\/pl\/\",\"logo\":{\"@type\":\"ImageObject\",\"inLanguage\":\"pl-PL\",\"@id\":\"https:\/\/dev.hempking.eu\/pl\/#\/schema\/logo\/image\/\",\"url\":\"https:\/\/dev.hempking.eu\/pl\/wp-content\/uploads\/sites\/2\/2020\/05\/hempking.png\",\"contentUrl\":\"https:\/\/dev.hempking.eu\/pl\/wp-content\/uploads\/sites\/2\/2020\/05\/hempking.png\",\"width\":148,\"height\":91,\"caption\":\"Hemp King\"},\"image\":{\"@id\":\"https:\/\/dev.hempking.eu\/pl\/#\/schema\/logo\/image\/\"},\"sameAs\":[\"https:\/\/www.facebook.com\/hempkingpoland\",\"https:\/\/x.com\/hempkingeu\",\"https:\/\/www.instagram.com\/hempkingeu\/\",\"https:\/\/www.linkedin.com\/company\/hempking-eu\/mycompany\/\",\"https:\/\/pl.pinterest.com\/hempkingeu\/\",\"https:\/\/www.youtube.com\/channel\/UCUkeZA1fj4hSZfoYm0WpZ7w\"]}]}<\/script>\n<meta property=\"product:price:amount\" content=\"18.89\" \/>\n<meta property=\"product:price:currency\" content=\"PLN\" \/>\n<meta property=\"og:availability\" content=\"instock\" \/>\n<meta property=\"product:availability\" content=\"instock\" \/>\n<meta property=\"product:condition\" content=\"new\" \/>\n<!-- \/ Yoast SEO Premium plugin. -->","yoast_head_json":{"title":"Bio Imbir Biowen w proszku - idealny do koktajli 100 g","description":"Bio Imbir Biowen to w 100% sproszkowany imbir pochodz\u0105cy z organicznych upraw. Nieoczywisty dodatek do wielu potraw. Wypr\u00f3buj !","canonical":"https:\/\/dev.hempking.eu\/pl\/bio-imbir-100-g\/","og_locale":"pl_PL","og_type":"article","og_title":"BIO Imbir - 100 g","og_description":"Bio Imbir Biowen to w 100% sproszkowany imbir pochodz\u0105cy z organicznych upraw. Nieoczywisty dodatek do wielu potraw. Wypr\u00f3buj !","og_url":"https:\/\/dev.hempking.eu\/pl\/bio-imbir-100-g\/","og_site_name":"Hemp King","article_publisher":"https:\/\/www.facebook.com\/hempkingpoland","article_modified_time":"2023-03-29T07:06:49+00:00","og_image":[{"width":1000,"height":1000,"url":"https:\/\/dev.hempking.eu\/pl\/wp-content\/uploads\/sites\/2\/2021\/10\/bio_imbir-1.jpg","type":"image\/jpeg"}],"twitter_card":"summary_large_image","twitter_site":"@hempkingeu","twitter_misc":{"Price":"18.89&nbsp;&#122;&#322;","Availability":"In stock"},"schema":{"@context":"https:\/\/schema.org","@graph":[{"@type":"WebPage","@id":"https:\/\/dev.hempking.eu\/pl\/bio-imbir-100-g\/","url":"https:\/\/dev.hempking.eu\/pl\/bio-imbir-100-g\/","name":"Bio Imbir Biowen w proszku - idealny do koktajli 100 g","isPartOf":{"@id":"https:\/\/dev.hempking.eu\/pl\/#website"},"primaryImageOfPage":{"@id":"https:\/\/dev.hempking.eu\/pl\/bio-imbir-100-g\/#primaryimage"},"image":{"@id":"https:\/\/dev.hempking.eu\/pl\/bio-imbir-100-g\/#primaryimage"},"thumbnailUrl":"https:\/\/dev.hempking.eu\/pl\/wp-content\/uploads\/sites\/2\/2021\/10\/bio_imbir-1.jpg","datePublished":"2021-10-01T08:23:18+00:00","dateModified":"2023-03-29T07:06:49+00:00","description":"Bio Imbir Biowen to w 100% sproszkowany imbir pochodz\u0105cy z organicznych upraw. Nieoczywisty dodatek do wielu potraw. Wypr\u00f3buj !","breadcrumb":{"@id":"https:\/\/dev.hempking.eu\/pl\/bio-imbir-100-g\/#breadcrumb"},"inLanguage":"pl-PL","potentialAction":[{"@type":"ReadAction","target":["https:\/\/dev.hempking.eu\/pl\/bio-imbir-100-g\/"]}]},{"@type":"ImageObject","inLanguage":"pl-PL","@id":"https:\/\/dev.hempking.eu\/pl\/bio-imbir-100-g\/#primaryimage","url":"https:\/\/dev.hempking.eu\/pl\/wp-content\/uploads\/sites\/2\/2021\/10\/bio_imbir-1.jpg","contentUrl":"https:\/\/dev.hempking.eu\/pl\/wp-content\/uploads\/sites\/2\/2021\/10\/bio_imbir-1.jpg","width":1000,"height":1000,"caption":"bio_imbir biowen"},{"@type":"BreadcrumbList","@id":"https:\/\/dev.hempking.eu\/pl\/bio-imbir-100-g\/#breadcrumb","itemListElement":[{"@type":"ListItem","position":1,"name":"Home","item":"https:\/\/dev.hempking.eu\/pl\/"},{"@type":"ListItem","position":2,"name":"Sklep","item":"https:\/\/dev.hempking.eu\/pl\/shop\/"},{"@type":"ListItem","position":3,"name":"Suplementy","item":"https:\/\/dev.hempking.eu\/pl\/suplementy\/"},{"@type":"ListItem","position":4,"name":"Superfoods","item":"https:\/\/dev.hempking.eu\/pl\/superfoods\/"},{"@type":"ListItem","position":5,"name":"BIO Imbir - 100 g"}]},{"@type":"WebSite","@id":"https:\/\/dev.hempking.eu\/pl\/#website","url":"https:\/\/dev.hempking.eu\/pl\/","name":"Hemp King","description":"","publisher":{"@id":"https:\/\/dev.hempking.eu\/pl\/#organization"},"potentialAction":[{"@type":"SearchAction","target":{"@type":"EntryPoint","urlTemplate":"https:\/\/dev.hempking.eu\/pl\/?s={search_term_string}"},"query-input":{"@type":"PropertyValueSpecification","valueRequired":true,"valueName":"search_term_string"}}],"inLanguage":"pl-PL"},{"@type":"Organization","@id":"https:\/\/dev.hempking.eu\/pl\/#organization","name":"Hemp King","url":"https:\/\/dev.hempking.eu\/pl\/","logo":{"@type":"ImageObject","inLanguage":"pl-PL","@id":"https:\/\/dev.hempking.eu\/pl\/#\/schema\/logo\/image\/","url":"https:\/\/dev.hempking.eu\/pl\/wp-content\/uploads\/sites\/2\/2020\/05\/hempking.png","contentUrl":"https:\/\/dev.hempking.eu\/pl\/wp-content\/uploads\/sites\/2\/2020\/05\/hempking.png","width":148,"height":91,"caption":"Hemp King"},"image":{"@id":"https:\/\/dev.hempking.eu\/pl\/#\/schema\/logo\/image\/"},"sameAs":["https:\/\/www.facebook.com\/hempkingpoland","https:\/\/x.com\/hempkingeu","https:\/\/www.instagram.com\/hempkingeu\/","https:\/\/www.linkedin.com\/company\/hempking-eu\/mycompany\/","https:\/\/pl.pinterest.com\/hempkingeu\/","https:\/\/www.youtube.com\/channel\/UCUkeZA1fj4hSZfoYm0WpZ7w"]}]},"product_price_amount":"18.89","product_price_currency":"PLN","og_availability":"instock","product_availability":"instock","product_condition":"new"},"_links":{"self":[{"href":"https:\/\/dev.hempking.eu\/pl\/wp-json\/wp\/v2\/product\/76208","targetHints":{"allow":["GET"]}}],"collection":[{"href":"https:\/\/dev.hempking.eu\/pl\/wp-json\/wp\/v2\/product"}],"about":[{"href":"https:\/\/dev.hempking.eu\/pl\/wp-json\/wp\/v2\/types\/product"}],"wp:featuredmedia":[{"embeddable":true,"href":"https:\/\/dev.hempking.eu\/pl\/wp-json\/wp\/v2\/media\/76565"}],"wp:attachment":[{"href":"https:\/\/dev.hempking.eu\/pl\/wp-json\/wp\/v2\/media?parent=76208"}],"wp:term":[{"taxonomy":"product_cat","embeddable":true,"href":"https:\/\/dev.hempking.eu\/pl\/wp-json\/wp\/v2\/product_cat?post=76208"},{"taxonomy":"product_tag","embeddable":true,"href":"https:\/\/dev.hempking.eu\/pl\/wp-json\/wp\/v2\/product_tag?post=76208"}],"curies":[{"name":"wp","href":"https:\/\/api.w.org\/{rel}","templated":true}]}}