{"id":76215,"date":"2021-10-01T10:33:23","date_gmt":"2021-10-01T08:33:23","guid":{"rendered":"https:\/\/hempking.eu\/pl\/?post_type=product&#038;p=76215"},"modified":"2023-03-29T09:21:31","modified_gmt":"2023-03-29T07:21:31","slug":"bio-kurkuma-120-g","status":"publish","type":"product","link":"https:\/\/dev.hempking.eu\/pl\/bio-kurkuma-120-g\/","title":{"rendered":"BIO kurkuma - 120 g"},"content":{"rendered":"<h2 style=\"text-align: justify;\">BIO kurkuma Biowen &#8211; naturalne w\u0142a\u015bciwo\u015bci dla organizmu<\/h2>\n<p style=\"text-align: justify;\">BIO kurkuma Biowen to \u017c\u00f3\u0142ty proszek, kt\u00f3ry powsta\u0142 z korzenia kurkumy. To przyprawa korzenna znana od lat, ceniona za smak w potrawach oraz swoje liczne w\u0142a\u015bciwo\u015bci i wp\u0142yw na nasz organizm!<\/p>\n<p style=\"text-align: justify;\">To nie tylko przyprawa, ale przede wszystkim ro\u015blina, kt\u00f3r\u0105 docenia si\u0119 ju\u017c od lat za to, jak wp\u0142ywa na nasze zdrowie i samopoczucie. BIO kurkuma Biowen to w 100% naturalny produkt, z certyfikatem ekologicznym, nieskalany chemi\u0105.<\/p>\n<p style=\"text-align: justify;\"><span style=\"font-weight: 400;\">Kurkuma to produkt, kt\u00f3ry \u015bwietnie sprawdzi si\u0119 w diecie antyzapalnej, wsparciu odporno\u015bci oraz zadba o zdrowy wygl\u0105d sk\u00f3ry.<\/span><\/p>\n","protected":false},"excerpt":{"rendered":"<h2><strong>BIO kurkuma: <\/strong><\/h2>\n<ul>\n<li>znakomita przyprawa o wielu w\u0142a\u015bciwo\u015bciach,<\/li>\n<li>certyfikat EU Organic \u015bwiad\u0105cy o ekologiczno\u015bci,<\/li>\n<li>opakowanie less waste,<\/li>\n<li>produkt multifunkcyjny.<\/li>\n<\/ul>\n<p><strong>Waga: 120 g<\/strong><\/p>\n","protected":false},"featured_media":76398,"template":"","meta":{"_acf_changed":false},"product_cat":[96,98],"product_tag":[],"class_list":{"0":"post-76215","1":"product","2":"type-product","3":"status-publish","4":"has-post-thumbnail","6":"product_cat-suplementy","7":"product_cat-superfoods","9":"first","10":"instock","11":"shipping-taxable","12":"purchasable","13":"product-type-simple"},"acf":[],"yoast_head":"<!-- This site is optimized with the Yoast SEO Premium plugin v23.4 (Yoast SEO v24.0) - https:\/\/yoast.com\/wordpress\/plugins\/seo\/ -->\n<title>Bio Kurkuma Biowen 120 g | Naturalne w\u0142a\u015bciwo\u015bci | HempKing<\/title>\n<meta name=\"description\" content=\"Bio Kurkuma Biowen to \u017c\u00f3\u0142ty proszek, kt\u00f3ry powsta\u0142 z korzenia kurkumy. Ceniona za w\u0142a\u015bciwo\u015bci pro zdrowotne. Wypr\u00f3buj ju\u017c dzi\u015b !\" \/>\n<link rel=\"canonical\" href=\"https:\/\/dev.hempking.eu\/pl\/bio-kurkuma-120-g\/\" \/>\n<meta property=\"og:locale\" content=\"pl_PL\" \/>\n<meta property=\"og:type\" content=\"article\" \/>\n<meta property=\"og:title\" content=\"BIO kurkuma - 120 g\" \/>\n<meta property=\"og:description\" content=\"Bio Kurkuma Biowen to \u017c\u00f3\u0142ty proszek, kt\u00f3ry powsta\u0142 z korzenia kurkumy. Ceniona za w\u0142a\u015bciwo\u015bci pro zdrowotne. Wypr\u00f3buj ju\u017c dzi\u015b !\" \/>\n<meta property=\"og:url\" content=\"https:\/\/dev.hempking.eu\/pl\/bio-kurkuma-120-g\/\" \/>\n<meta property=\"og:site_name\" content=\"Hemp King\" \/>\n<meta property=\"article:publisher\" content=\"https:\/\/www.facebook.com\/hempkingpoland\" \/>\n<meta property=\"article:modified_time\" content=\"2023-03-29T07:21:31+00:00\" \/>\n<meta property=\"og:image\" content=\"https:\/\/dev.hempking.eu\/pl\/wp-content\/uploads\/sites\/2\/2021\/10\/bio_kurkuma.jpg\" \/>\n\t<meta property=\"og:image:width\" content=\"1000\" \/>\n\t<meta property=\"og:image:height\" content=\"1000\" \/>\n\t<meta property=\"og:image:type\" content=\"image\/jpeg\" \/>\n<meta name=\"twitter:card\" content=\"summary_large_image\" \/>\n<meta name=\"twitter:site\" content=\"@hempkingeu\" \/>\n<meta name=\"twitter:label1\" content=\"Price\" \/>\n\t<meta name=\"twitter:data1\" content=\"10.95&nbsp;&#122;&#322;\" \/>\n\t<meta name=\"twitter:label2\" content=\"Availability\" \/>\n\t<meta name=\"twitter:data2\" content=\"In stock\" \/>\n<script type=\"application\/ld+json\" class=\"yoast-schema-graph\">{\"@context\":\"https:\/\/schema.org\",\"@graph\":[{\"@type\":\"WebPage\",\"@id\":\"https:\/\/dev.hempking.eu\/pl\/bio-kurkuma-120-g\/\",\"url\":\"https:\/\/dev.hempking.eu\/pl\/bio-kurkuma-120-g\/\",\"name\":\"Bio Kurkuma Biowen 120 g | Naturalne w\u0142a\u015bciwo\u015bci | HempKing\",\"isPartOf\":{\"@id\":\"https:\/\/dev.hempking.eu\/pl\/#website\"},\"primaryImageOfPage\":{\"@id\":\"https:\/\/dev.hempking.eu\/pl\/bio-kurkuma-120-g\/#primaryimage\"},\"image\":{\"@id\":\"https:\/\/dev.hempking.eu\/pl\/bio-kurkuma-120-g\/#primaryimage\"},\"thumbnailUrl\":\"https:\/\/dev.hempking.eu\/pl\/wp-content\/uploads\/sites\/2\/2021\/10\/bio_kurkuma.jpg\",\"datePublished\":\"2021-10-01T08:33:23+00:00\",\"dateModified\":\"2023-03-29T07:21:31+00:00\",\"description\":\"Bio Kurkuma Biowen to \u017c\u00f3\u0142ty proszek, kt\u00f3ry powsta\u0142 z korzenia kurkumy. Ceniona za w\u0142a\u015bciwo\u015bci pro zdrowotne. Wypr\u00f3buj ju\u017c dzi\u015b !\",\"breadcrumb\":{\"@id\":\"https:\/\/dev.hempking.eu\/pl\/bio-kurkuma-120-g\/#breadcrumb\"},\"inLanguage\":\"pl-PL\",\"potentialAction\":[{\"@type\":\"ReadAction\",\"target\":[\"https:\/\/dev.hempking.eu\/pl\/bio-kurkuma-120-g\/\"]}]},{\"@type\":\"ImageObject\",\"inLanguage\":\"pl-PL\",\"@id\":\"https:\/\/dev.hempking.eu\/pl\/bio-kurkuma-120-g\/#primaryimage\",\"url\":\"https:\/\/dev.hempking.eu\/pl\/wp-content\/uploads\/sites\/2\/2021\/10\/bio_kurkuma.jpg\",\"contentUrl\":\"https:\/\/dev.hempking.eu\/pl\/wp-content\/uploads\/sites\/2\/2021\/10\/bio_kurkuma.jpg\",\"width\":1000,\"height\":1000,\"caption\":\"biowen bio kurkuma w proszku\"},{\"@type\":\"BreadcrumbList\",\"@id\":\"https:\/\/dev.hempking.eu\/pl\/bio-kurkuma-120-g\/#breadcrumb\",\"itemListElement\":[{\"@type\":\"ListItem\",\"position\":1,\"name\":\"Home\",\"item\":\"https:\/\/dev.hempking.eu\/pl\/\"},{\"@type\":\"ListItem\",\"position\":2,\"name\":\"Sklep\",\"item\":\"https:\/\/dev.hempking.eu\/pl\/shop\/\"},{\"@type\":\"ListItem\",\"position\":3,\"name\":\"Suplementy\",\"item\":\"https:\/\/dev.hempking.eu\/pl\/suplementy\/\"},{\"@type\":\"ListItem\",\"position\":4,\"name\":\"Superfoods\",\"item\":\"https:\/\/dev.hempking.eu\/pl\/superfoods\/\"},{\"@type\":\"ListItem\",\"position\":5,\"name\":\"BIO kurkuma - 120 g\"}]},{\"@type\":\"WebSite\",\"@id\":\"https:\/\/dev.hempking.eu\/pl\/#website\",\"url\":\"https:\/\/dev.hempking.eu\/pl\/\",\"name\":\"Hemp King\",\"description\":\"\",\"publisher\":{\"@id\":\"https:\/\/dev.hempking.eu\/pl\/#organization\"},\"potentialAction\":[{\"@type\":\"SearchAction\",\"target\":{\"@type\":\"EntryPoint\",\"urlTemplate\":\"https:\/\/dev.hempking.eu\/pl\/?s={search_term_string}\"},\"query-input\":{\"@type\":\"PropertyValueSpecification\",\"valueRequired\":true,\"valueName\":\"search_term_string\"}}],\"inLanguage\":\"pl-PL\"},{\"@type\":\"Organization\",\"@id\":\"https:\/\/dev.hempking.eu\/pl\/#organization\",\"name\":\"Hemp King\",\"url\":\"https:\/\/dev.hempking.eu\/pl\/\",\"logo\":{\"@type\":\"ImageObject\",\"inLanguage\":\"pl-PL\",\"@id\":\"https:\/\/dev.hempking.eu\/pl\/#\/schema\/logo\/image\/\",\"url\":\"https:\/\/dev.hempking.eu\/pl\/wp-content\/uploads\/sites\/2\/2020\/05\/hempking.png\",\"contentUrl\":\"https:\/\/dev.hempking.eu\/pl\/wp-content\/uploads\/sites\/2\/2020\/05\/hempking.png\",\"width\":148,\"height\":91,\"caption\":\"Hemp King\"},\"image\":{\"@id\":\"https:\/\/dev.hempking.eu\/pl\/#\/schema\/logo\/image\/\"},\"sameAs\":[\"https:\/\/www.facebook.com\/hempkingpoland\",\"https:\/\/x.com\/hempkingeu\",\"https:\/\/www.instagram.com\/hempkingeu\/\",\"https:\/\/www.linkedin.com\/company\/hempking-eu\/mycompany\/\",\"https:\/\/pl.pinterest.com\/hempkingeu\/\",\"https:\/\/www.youtube.com\/channel\/UCUkeZA1fj4hSZfoYm0WpZ7w\"]}]}<\/script>\n<meta property=\"product:price:amount\" content=\"10.95\" \/>\n<meta property=\"product:price:currency\" content=\"PLN\" \/>\n<meta property=\"og:availability\" content=\"instock\" \/>\n<meta property=\"product:availability\" content=\"instock\" \/>\n<meta property=\"product:condition\" content=\"new\" \/>\n<!-- \/ Yoast SEO Premium plugin. -->","yoast_head_json":{"title":"Bio Kurkuma Biowen 120 g | Naturalne w\u0142a\u015bciwo\u015bci | HempKing","description":"Bio Kurkuma Biowen to \u017c\u00f3\u0142ty proszek, kt\u00f3ry powsta\u0142 z korzenia kurkumy. Ceniona za w\u0142a\u015bciwo\u015bci pro zdrowotne. Wypr\u00f3buj ju\u017c dzi\u015b !","canonical":"https:\/\/dev.hempking.eu\/pl\/bio-kurkuma-120-g\/","og_locale":"pl_PL","og_type":"article","og_title":"BIO kurkuma - 120 g","og_description":"Bio Kurkuma Biowen to \u017c\u00f3\u0142ty proszek, kt\u00f3ry powsta\u0142 z korzenia kurkumy. Ceniona za w\u0142a\u015bciwo\u015bci pro zdrowotne. Wypr\u00f3buj ju\u017c dzi\u015b !","og_url":"https:\/\/dev.hempking.eu\/pl\/bio-kurkuma-120-g\/","og_site_name":"Hemp King","article_publisher":"https:\/\/www.facebook.com\/hempkingpoland","article_modified_time":"2023-03-29T07:21:31+00:00","og_image":[{"width":1000,"height":1000,"url":"https:\/\/dev.hempking.eu\/pl\/wp-content\/uploads\/sites\/2\/2021\/10\/bio_kurkuma.jpg","type":"image\/jpeg"}],"twitter_card":"summary_large_image","twitter_site":"@hempkingeu","twitter_misc":{"Price":"10.95&nbsp;&#122;&#322;","Availability":"In stock"},"schema":{"@context":"https:\/\/schema.org","@graph":[{"@type":"WebPage","@id":"https:\/\/dev.hempking.eu\/pl\/bio-kurkuma-120-g\/","url":"https:\/\/dev.hempking.eu\/pl\/bio-kurkuma-120-g\/","name":"Bio Kurkuma Biowen 120 g | Naturalne w\u0142a\u015bciwo\u015bci | HempKing","isPartOf":{"@id":"https:\/\/dev.hempking.eu\/pl\/#website"},"primaryImageOfPage":{"@id":"https:\/\/dev.hempking.eu\/pl\/bio-kurkuma-120-g\/#primaryimage"},"image":{"@id":"https:\/\/dev.hempking.eu\/pl\/bio-kurkuma-120-g\/#primaryimage"},"thumbnailUrl":"https:\/\/dev.hempking.eu\/pl\/wp-content\/uploads\/sites\/2\/2021\/10\/bio_kurkuma.jpg","datePublished":"2021-10-01T08:33:23+00:00","dateModified":"2023-03-29T07:21:31+00:00","description":"Bio Kurkuma Biowen to \u017c\u00f3\u0142ty proszek, kt\u00f3ry powsta\u0142 z korzenia kurkumy. Ceniona za w\u0142a\u015bciwo\u015bci pro zdrowotne. Wypr\u00f3buj ju\u017c dzi\u015b !","breadcrumb":{"@id":"https:\/\/dev.hempking.eu\/pl\/bio-kurkuma-120-g\/#breadcrumb"},"inLanguage":"pl-PL","potentialAction":[{"@type":"ReadAction","target":["https:\/\/dev.hempking.eu\/pl\/bio-kurkuma-120-g\/"]}]},{"@type":"ImageObject","inLanguage":"pl-PL","@id":"https:\/\/dev.hempking.eu\/pl\/bio-kurkuma-120-g\/#primaryimage","url":"https:\/\/dev.hempking.eu\/pl\/wp-content\/uploads\/sites\/2\/2021\/10\/bio_kurkuma.jpg","contentUrl":"https:\/\/dev.hempking.eu\/pl\/wp-content\/uploads\/sites\/2\/2021\/10\/bio_kurkuma.jpg","width":1000,"height":1000,"caption":"biowen bio kurkuma w proszku"},{"@type":"BreadcrumbList","@id":"https:\/\/dev.hempking.eu\/pl\/bio-kurkuma-120-g\/#breadcrumb","itemListElement":[{"@type":"ListItem","position":1,"name":"Home","item":"https:\/\/dev.hempking.eu\/pl\/"},{"@type":"ListItem","position":2,"name":"Sklep","item":"https:\/\/dev.hempking.eu\/pl\/shop\/"},{"@type":"ListItem","position":3,"name":"Suplementy","item":"https:\/\/dev.hempking.eu\/pl\/suplementy\/"},{"@type":"ListItem","position":4,"name":"Superfoods","item":"https:\/\/dev.hempking.eu\/pl\/superfoods\/"},{"@type":"ListItem","position":5,"name":"BIO kurkuma - 120 g"}]},{"@type":"WebSite","@id":"https:\/\/dev.hempking.eu\/pl\/#website","url":"https:\/\/dev.hempking.eu\/pl\/","name":"Hemp King","description":"","publisher":{"@id":"https:\/\/dev.hempking.eu\/pl\/#organization"},"potentialAction":[{"@type":"SearchAction","target":{"@type":"EntryPoint","urlTemplate":"https:\/\/dev.hempking.eu\/pl\/?s={search_term_string}"},"query-input":{"@type":"PropertyValueSpecification","valueRequired":true,"valueName":"search_term_string"}}],"inLanguage":"pl-PL"},{"@type":"Organization","@id":"https:\/\/dev.hempking.eu\/pl\/#organization","name":"Hemp King","url":"https:\/\/dev.hempking.eu\/pl\/","logo":{"@type":"ImageObject","inLanguage":"pl-PL","@id":"https:\/\/dev.hempking.eu\/pl\/#\/schema\/logo\/image\/","url":"https:\/\/dev.hempking.eu\/pl\/wp-content\/uploads\/sites\/2\/2020\/05\/hempking.png","contentUrl":"https:\/\/dev.hempking.eu\/pl\/wp-content\/uploads\/sites\/2\/2020\/05\/hempking.png","width":148,"height":91,"caption":"Hemp King"},"image":{"@id":"https:\/\/dev.hempking.eu\/pl\/#\/schema\/logo\/image\/"},"sameAs":["https:\/\/www.facebook.com\/hempkingpoland","https:\/\/x.com\/hempkingeu","https:\/\/www.instagram.com\/hempkingeu\/","https:\/\/www.linkedin.com\/company\/hempking-eu\/mycompany\/","https:\/\/pl.pinterest.com\/hempkingeu\/","https:\/\/www.youtube.com\/channel\/UCUkeZA1fj4hSZfoYm0WpZ7w"]}]},"product_price_amount":"10.95","product_price_currency":"PLN","og_availability":"instock","product_availability":"instock","product_condition":"new"},"_links":{"self":[{"href":"https:\/\/dev.hempking.eu\/pl\/wp-json\/wp\/v2\/product\/76215","targetHints":{"allow":["GET"]}}],"collection":[{"href":"https:\/\/dev.hempking.eu\/pl\/wp-json\/wp\/v2\/product"}],"about":[{"href":"https:\/\/dev.hempking.eu\/pl\/wp-json\/wp\/v2\/types\/product"}],"wp:featuredmedia":[{"embeddable":true,"href":"https:\/\/dev.hempking.eu\/pl\/wp-json\/wp\/v2\/media\/76398"}],"wp:attachment":[{"href":"https:\/\/dev.hempking.eu\/pl\/wp-json\/wp\/v2\/media?parent=76215"}],"wp:term":[{"taxonomy":"product_cat","embeddable":true,"href":"https:\/\/dev.hempking.eu\/pl\/wp-json\/wp\/v2\/product_cat?post=76215"},{"taxonomy":"product_tag","embeddable":true,"href":"https:\/\/dev.hempking.eu\/pl\/wp-json\/wp\/v2\/product_tag?post=76215"}],"curies":[{"name":"wp","href":"https:\/\/api.w.org\/{rel}","templated":true}]}}