{"id":82350,"date":"2021-12-01T11:35:47","date_gmt":"2021-12-01T10:35:47","guid":{"rendered":"https:\/\/hempking.eu\/pl\/?post_type=product&#038;p=82350"},"modified":"2023-01-30T15:56:06","modified_gmt":"2023-01-30T14:56:06","slug":"zestaw-krem-do-rak-pomaranczowy-olejowy-mus-do-ciala","status":"publish","type":"product","link":"https:\/\/dev.hempking.eu\/pl\/zestaw-krem-do-rak-pomaranczowy-olejowy-mus-do-ciala\/","title":{"rendered":"Zestaw: Krem do r\u0105k pomara\u0144czowy + olejowy mus do cia\u0142a"},"content":{"rendered":"<h2><strong>Pomara\u0144czowy krem do r\u0105k oraz olejowy mus do cia\u0142a o zapachu r\u00f3\u017cowego lotosu!<\/strong><\/h2>\n<p>Zestaw dla os\u00f3b, kt\u00f3re lubi\u0105 dba\u0107 o siebie, ceni\u0105 naturalne kosmetyki, a jednocze\u015bnie zale\u017cy im na pi\u0119knych zapachach. Olejowy mus do cia\u0142a ma elegancki i bogaty zapach, kt\u00f3ry d\u0142ugo czu\u0107 na sk\u00f3rze. Jednocze\u015bnie nie przyt\u0142umi perfum czy nie b\u0119dzie wyczuwalny z daleka. A jedynie otuli Twoj\u0105 sk\u00f3r\u0119. Z kolei pomara\u0144czowo-waniliowy krem do r\u0105k to dobrze od\u017cywiaj\u0105cy krem, kt\u00f3ry nie zostawia t\u0142ustej i lepkiej warstwy na d\u0142oniach i szybko si\u0119 wch\u0142ania! Na pewno ten zestaw przypadnie do gustu osobie obdarowanej nim &#8211; pokocha go od pierwszego pow\u0105chania!<\/p>\n<h2><strong>Zestaw z musem do cia\u0142a i kremem do r\u0105k!<\/strong><\/h2>\n<p><img loading=\"lazy\" decoding=\"async\" class=\"alignleft wp-image-74226\" src=\"https:\/\/dev.hempking.eu\/pl\/wp-content\/uploads\/sites\/2\/2020\/07\/olejowy-mus-do-ciala-3-scaled.jpg\" alt=\"olejowy mus do cia\u0142a 3\" width=\"250\" height=\"250\" \/><strong><a href=\"https:\/\/dev.hempking.eu\/pl\/olejowy-mus-konopny-z-cbd-do-ciala-o-zapachu-rozowego-lotosu\/\">Olejowy mus do cia\u0142a z CBD o zapachu r\u00f3\u017cowego lotosu<\/a>:<\/strong><\/p>\n<ul>\n<li>bogaty w nierafinowane oleje i mas\u0142a sk\u0142ad,<\/li>\n<li>elegancki kwiatowy zapach,<\/li>\n<li>zawiera certyfikowany ekstrakt CBD,<\/li>\n<li>zosta\u0142 produktem miesi\u0105ca na czytamyetykiety.pl,<\/li>\n<li>ma posta\u0107 przyjemnego mase\u0142ka, kt\u00f3re otula sk\u00f3r\u0119,<\/li>\n<li>bez dodatku sztucznych aromat\u00f3w,<\/li>\n<li>produkt, jak i jego sk\u0142adniki, nie s\u0105 testowane na zwierz\u0119tach!<\/li>\n<\/ul>\n<p><strong>Pojemno\u015b\u0107: 100 ml <\/strong><\/p>\n<p>&nbsp;<\/p>\n<p><strong><img loading=\"lazy\" decoding=\"async\" class=\"alignleft wp-image-74214\" src=\"https:\/\/dev.hempking.eu\/pl\/wp-content\/uploads\/sites\/2\/2020\/11\/krem-do-rak-3-scaled.jpg\" alt=\"krem do r\u0105k hempking - otwarte opakowanie\" width=\"250\" height=\"250\" \/>Konopny krem do r\u0105k z CBD o zapachu pomara\u0144czy i wanilii:<\/strong><\/p>\n<ul>\n<li>szybko si\u0119 wch\u0142ania i nie pozostawia lepkiej warstwy na sk\u00f3rze,<\/li>\n<li>zawiera nasz sztandarowy sk\u0142adnik konopny czyli certyfikowany ekstrakt CBD,<\/li>\n<li>wspiera regeneracj\u0119 nask\u00f3rka,<\/li>\n<li>zawiera nierafinowane mas\u0142a i oleje w sk\u0142adzie,<\/li>\n<li>pi\u0119knie pachnie, nie zawiera sztucznych aromat\u00f3w,<\/li>\n<li>ma lekk\u0105, ale tre\u015bciw\u0105 konsystencj\u0119.<\/li>\n<\/ul>\n<p><strong>Pojemno\u015b\u0107: 50 ml<\/strong><\/p>\n","protected":false},"excerpt":{"rendered":"<h2><strong>Konopna para kosmetyk\u00f3w z CBD to:<\/strong><\/h2>\n<ul>\n<li><a href=\"https:\/\/dev.hempking.eu\/pl\/olejowy-mus-konopny-z-cbd-do-ciala-o-zapachu-rozowego-lotosu\/\" target=\"_blank\" rel=\"noopener\">Olejowy mus konopny z CBD o zapachu owoc\u00f3w le\u015bnych<\/a> \u2013 100 ml\u00a0\u2013\u00a0<strong>53.90 z\u0142<\/strong><\/li>\n<li><a href=\"https:\/\/dev.hempking.eu\/pl\/konopny-krem-do-rak-z-cbd-o-zapachu-wanilii-i-pomaranczy\/\" target=\"_blank\" rel=\"noopener\">Konopny krem do r\u0105k o zapachu wanilii i pomara\u0144czy<\/a> \u2013 50 ml\u00a0\u2013\u00a0<strong>36.90 z\u0142<\/strong><\/li>\n<\/ul>\n<p><strong>Kupuj\u0105c zestaw oszcz\u0119dzasz a\u017c 20%!<\/strong><\/p>\n","protected":false},"featured_media":114740,"template":"","meta":{"_acf_changed":false},"product_cat":[28,33,150],"product_tag":[],"class_list":{"0":"post-82350","1":"product","2":"type-product","3":"status-publish","4":"has-post-thumbnail","6":"product_cat-kosmetyki-konopne","7":"product_cat-zestawy","8":"product_cat-zestawy-dla-kobiet","10":"first","11":"instock","12":"sale","13":"shipping-taxable","14":"purchasable","15":"product-type-simple"},"acf":[],"yoast_head":"<!-- This site is optimized with the Yoast SEO Premium plugin v23.4 (Yoast SEO v24.0) - https:\/\/yoast.com\/wordpress\/plugins\/seo\/ -->\n<title>Zestaw konopny krem i mus olejowy Hempking<\/title>\n<meta name=\"description\" content=\"Zobacz \u261b Zestaw: Krem do r\u0105k pomara\u0144czowy + olejowy mus do cia\u0142a w konopnym sklepie HempKing \u2705100% naturalne \u2705 Zadbaj z nami o swoj\u0105 diet\u0119!\" \/>\n<link rel=\"canonical\" href=\"https:\/\/dev.hempking.eu\/pl\/zestaw-krem-do-rak-pomaranczowy-olejowy-mus-do-ciala\/\" \/>\n<meta property=\"og:locale\" content=\"pl_PL\" \/>\n<meta property=\"og:type\" content=\"article\" \/>\n<meta property=\"og:title\" content=\"Zestaw: Krem do r\u0105k pomara\u0144czowy + olejowy mus do cia\u0142a\" \/>\n<meta property=\"og:description\" content=\"Zobacz \u261b Zestaw: Krem do r\u0105k pomara\u0144czowy + olejowy mus do cia\u0142a w konopnym sklepie HempKing \u2705100% naturalne \u2705 Zadbaj z nami o swoj\u0105 diet\u0119!\" \/>\n<meta property=\"og:url\" content=\"https:\/\/dev.hempking.eu\/pl\/zestaw-krem-do-rak-pomaranczowy-olejowy-mus-do-ciala\/\" \/>\n<meta property=\"og:site_name\" content=\"Hemp King\" \/>\n<meta property=\"article:publisher\" content=\"https:\/\/www.facebook.com\/hempkingpoland\" \/>\n<meta property=\"article:modified_time\" content=\"2023-01-30T14:56:06+00:00\" \/>\n<meta property=\"og:image\" content=\"https:\/\/dev.hempking.eu\/pl\/wp-content\/uploads\/sites\/2\/2021\/12\/1000x1000_zestaw_14.jpg\" \/>\n\t<meta property=\"og:image:width\" content=\"1000\" \/>\n\t<meta property=\"og:image:height\" content=\"1000\" \/>\n\t<meta property=\"og:image:type\" content=\"image\/jpeg\" \/>\n<meta name=\"twitter:card\" content=\"summary_large_image\" \/>\n<meta name=\"twitter:site\" content=\"@hempkingeu\" \/>\n<meta name=\"twitter:label1\" content=\"Price\" \/>\n\t<meta name=\"twitter:data1\" content=\"72.64&nbsp;&#122;&#322;\" \/>\n\t<meta name=\"twitter:label2\" content=\"Availability\" \/>\n\t<meta name=\"twitter:data2\" content=\"In stock\" \/>\n<script type=\"application\/ld+json\" class=\"yoast-schema-graph\">{\"@context\":\"https:\/\/schema.org\",\"@graph\":[{\"@type\":\"WebPage\",\"@id\":\"https:\/\/dev.hempking.eu\/pl\/zestaw-krem-do-rak-pomaranczowy-olejowy-mus-do-ciala\/\",\"url\":\"https:\/\/dev.hempking.eu\/pl\/zestaw-krem-do-rak-pomaranczowy-olejowy-mus-do-ciala\/\",\"name\":\"Zestaw konopny krem i mus olejowy Hempking\",\"isPartOf\":{\"@id\":\"https:\/\/dev.hempking.eu\/pl\/#website\"},\"primaryImageOfPage\":{\"@id\":\"https:\/\/dev.hempking.eu\/pl\/zestaw-krem-do-rak-pomaranczowy-olejowy-mus-do-ciala\/#primaryimage\"},\"image\":{\"@id\":\"https:\/\/dev.hempking.eu\/pl\/zestaw-krem-do-rak-pomaranczowy-olejowy-mus-do-ciala\/#primaryimage\"},\"thumbnailUrl\":\"https:\/\/dev.hempking.eu\/pl\/wp-content\/uploads\/sites\/2\/2021\/12\/1000x1000_zestaw_14.jpg\",\"datePublished\":\"2021-12-01T10:35:47+00:00\",\"dateModified\":\"2023-01-30T14:56:06+00:00\",\"description\":\"Zobacz \u261b Zestaw: Krem do r\u0105k pomara\u0144czowy + olejowy mus do cia\u0142a w konopnym sklepie HempKing \u2705100% naturalne \u2705 Zadbaj z nami o swoj\u0105 diet\u0119!\",\"breadcrumb\":{\"@id\":\"https:\/\/dev.hempking.eu\/pl\/zestaw-krem-do-rak-pomaranczowy-olejowy-mus-do-ciala\/#breadcrumb\"},\"inLanguage\":\"pl-PL\",\"potentialAction\":[{\"@type\":\"ReadAction\",\"target\":[\"https:\/\/dev.hempking.eu\/pl\/zestaw-krem-do-rak-pomaranczowy-olejowy-mus-do-ciala\/\"]}]},{\"@type\":\"ImageObject\",\"inLanguage\":\"pl-PL\",\"@id\":\"https:\/\/dev.hempking.eu\/pl\/zestaw-krem-do-rak-pomaranczowy-olejowy-mus-do-ciala\/#primaryimage\",\"url\":\"https:\/\/dev.hempking.eu\/pl\/wp-content\/uploads\/sites\/2\/2021\/12\/1000x1000_zestaw_14.jpg\",\"contentUrl\":\"https:\/\/dev.hempking.eu\/pl\/wp-content\/uploads\/sites\/2\/2021\/12\/1000x1000_zestaw_14.jpg\",\"width\":1000,\"height\":1000,\"caption\":\"krem do r\u0105k i olejowy mus\"},{\"@type\":\"BreadcrumbList\",\"@id\":\"https:\/\/dev.hempking.eu\/pl\/zestaw-krem-do-rak-pomaranczowy-olejowy-mus-do-ciala\/#breadcrumb\",\"itemListElement\":[{\"@type\":\"ListItem\",\"position\":1,\"name\":\"Home\",\"item\":\"https:\/\/dev.hempking.eu\/pl\/\"},{\"@type\":\"ListItem\",\"position\":2,\"name\":\"Sklep\",\"item\":\"https:\/\/dev.hempking.eu\/pl\/shop\/\"},{\"@type\":\"ListItem\",\"position\":3,\"name\":\"Zestawy\",\"item\":\"https:\/\/dev.hempking.eu\/pl\/zestawy\/\"},{\"@type\":\"ListItem\",\"position\":4,\"name\":\"Zestaw: Krem do r\u0105k pomara\u0144czowy + olejowy mus do cia\u0142a\"}]},{\"@type\":\"WebSite\",\"@id\":\"https:\/\/dev.hempking.eu\/pl\/#website\",\"url\":\"https:\/\/dev.hempking.eu\/pl\/\",\"name\":\"Hemp King\",\"description\":\"\",\"publisher\":{\"@id\":\"https:\/\/dev.hempking.eu\/pl\/#organization\"},\"potentialAction\":[{\"@type\":\"SearchAction\",\"target\":{\"@type\":\"EntryPoint\",\"urlTemplate\":\"https:\/\/dev.hempking.eu\/pl\/?s={search_term_string}\"},\"query-input\":{\"@type\":\"PropertyValueSpecification\",\"valueRequired\":true,\"valueName\":\"search_term_string\"}}],\"inLanguage\":\"pl-PL\"},{\"@type\":\"Organization\",\"@id\":\"https:\/\/dev.hempking.eu\/pl\/#organization\",\"name\":\"Hemp King\",\"url\":\"https:\/\/dev.hempking.eu\/pl\/\",\"logo\":{\"@type\":\"ImageObject\",\"inLanguage\":\"pl-PL\",\"@id\":\"https:\/\/dev.hempking.eu\/pl\/#\/schema\/logo\/image\/\",\"url\":\"https:\/\/dev.hempking.eu\/pl\/wp-content\/uploads\/sites\/2\/2020\/05\/hempking.png\",\"contentUrl\":\"https:\/\/dev.hempking.eu\/pl\/wp-content\/uploads\/sites\/2\/2020\/05\/hempking.png\",\"width\":148,\"height\":91,\"caption\":\"Hemp King\"},\"image\":{\"@id\":\"https:\/\/dev.hempking.eu\/pl\/#\/schema\/logo\/image\/\"},\"sameAs\":[\"https:\/\/www.facebook.com\/hempkingpoland\",\"https:\/\/x.com\/hempkingeu\",\"https:\/\/www.instagram.com\/hempkingeu\/\",\"https:\/\/www.linkedin.com\/company\/hempking-eu\/mycompany\/\",\"https:\/\/pl.pinterest.com\/hempkingeu\/\",\"https:\/\/www.youtube.com\/channel\/UCUkeZA1fj4hSZfoYm0WpZ7w\"]}]}<\/script>\n<meta property=\"product:price:amount\" content=\"72.64\" \/>\n<meta property=\"product:price:currency\" content=\"PLN\" \/>\n<meta property=\"og:availability\" content=\"instock\" \/>\n<meta property=\"product:availability\" content=\"instock\" \/>\n<meta property=\"product:condition\" content=\"new\" \/>\n<!-- \/ Yoast SEO Premium plugin. -->","yoast_head_json":{"title":"Zestaw konopny krem i mus olejowy Hempking","description":"Zobacz \u261b Zestaw: Krem do r\u0105k pomara\u0144czowy + olejowy mus do cia\u0142a w konopnym sklepie HempKing \u2705100% naturalne \u2705 Zadbaj z nami o swoj\u0105 diet\u0119!","canonical":"https:\/\/dev.hempking.eu\/pl\/zestaw-krem-do-rak-pomaranczowy-olejowy-mus-do-ciala\/","og_locale":"pl_PL","og_type":"article","og_title":"Zestaw: Krem do r\u0105k pomara\u0144czowy + olejowy mus do cia\u0142a","og_description":"Zobacz \u261b Zestaw: Krem do r\u0105k pomara\u0144czowy + olejowy mus do cia\u0142a w konopnym sklepie HempKing \u2705100% naturalne \u2705 Zadbaj z nami o swoj\u0105 diet\u0119!","og_url":"https:\/\/dev.hempking.eu\/pl\/zestaw-krem-do-rak-pomaranczowy-olejowy-mus-do-ciala\/","og_site_name":"Hemp King","article_publisher":"https:\/\/www.facebook.com\/hempkingpoland","article_modified_time":"2023-01-30T14:56:06+00:00","og_image":[{"width":1000,"height":1000,"url":"https:\/\/dev.hempking.eu\/pl\/wp-content\/uploads\/sites\/2\/2021\/12\/1000x1000_zestaw_14.jpg","type":"image\/jpeg"}],"twitter_card":"summary_large_image","twitter_site":"@hempkingeu","twitter_misc":{"Price":"72.64&nbsp;&#122;&#322;","Availability":"In stock"},"schema":{"@context":"https:\/\/schema.org","@graph":[{"@type":"WebPage","@id":"https:\/\/dev.hempking.eu\/pl\/zestaw-krem-do-rak-pomaranczowy-olejowy-mus-do-ciala\/","url":"https:\/\/dev.hempking.eu\/pl\/zestaw-krem-do-rak-pomaranczowy-olejowy-mus-do-ciala\/","name":"Zestaw konopny krem i mus olejowy Hempking","isPartOf":{"@id":"https:\/\/dev.hempking.eu\/pl\/#website"},"primaryImageOfPage":{"@id":"https:\/\/dev.hempking.eu\/pl\/zestaw-krem-do-rak-pomaranczowy-olejowy-mus-do-ciala\/#primaryimage"},"image":{"@id":"https:\/\/dev.hempking.eu\/pl\/zestaw-krem-do-rak-pomaranczowy-olejowy-mus-do-ciala\/#primaryimage"},"thumbnailUrl":"https:\/\/dev.hempking.eu\/pl\/wp-content\/uploads\/sites\/2\/2021\/12\/1000x1000_zestaw_14.jpg","datePublished":"2021-12-01T10:35:47+00:00","dateModified":"2023-01-30T14:56:06+00:00","description":"Zobacz \u261b Zestaw: Krem do r\u0105k pomara\u0144czowy + olejowy mus do cia\u0142a w konopnym sklepie HempKing \u2705100% naturalne \u2705 Zadbaj z nami o swoj\u0105 diet\u0119!","breadcrumb":{"@id":"https:\/\/dev.hempking.eu\/pl\/zestaw-krem-do-rak-pomaranczowy-olejowy-mus-do-ciala\/#breadcrumb"},"inLanguage":"pl-PL","potentialAction":[{"@type":"ReadAction","target":["https:\/\/dev.hempking.eu\/pl\/zestaw-krem-do-rak-pomaranczowy-olejowy-mus-do-ciala\/"]}]},{"@type":"ImageObject","inLanguage":"pl-PL","@id":"https:\/\/dev.hempking.eu\/pl\/zestaw-krem-do-rak-pomaranczowy-olejowy-mus-do-ciala\/#primaryimage","url":"https:\/\/dev.hempking.eu\/pl\/wp-content\/uploads\/sites\/2\/2021\/12\/1000x1000_zestaw_14.jpg","contentUrl":"https:\/\/dev.hempking.eu\/pl\/wp-content\/uploads\/sites\/2\/2021\/12\/1000x1000_zestaw_14.jpg","width":1000,"height":1000,"caption":"krem do r\u0105k i olejowy mus"},{"@type":"BreadcrumbList","@id":"https:\/\/dev.hempking.eu\/pl\/zestaw-krem-do-rak-pomaranczowy-olejowy-mus-do-ciala\/#breadcrumb","itemListElement":[{"@type":"ListItem","position":1,"name":"Home","item":"https:\/\/dev.hempking.eu\/pl\/"},{"@type":"ListItem","position":2,"name":"Sklep","item":"https:\/\/dev.hempking.eu\/pl\/shop\/"},{"@type":"ListItem","position":3,"name":"Zestawy","item":"https:\/\/dev.hempking.eu\/pl\/zestawy\/"},{"@type":"ListItem","position":4,"name":"Zestaw: Krem do r\u0105k pomara\u0144czowy + olejowy mus do cia\u0142a"}]},{"@type":"WebSite","@id":"https:\/\/dev.hempking.eu\/pl\/#website","url":"https:\/\/dev.hempking.eu\/pl\/","name":"Hemp King","description":"","publisher":{"@id":"https:\/\/dev.hempking.eu\/pl\/#organization"},"potentialAction":[{"@type":"SearchAction","target":{"@type":"EntryPoint","urlTemplate":"https:\/\/dev.hempking.eu\/pl\/?s={search_term_string}"},"query-input":{"@type":"PropertyValueSpecification","valueRequired":true,"valueName":"search_term_string"}}],"inLanguage":"pl-PL"},{"@type":"Organization","@id":"https:\/\/dev.hempking.eu\/pl\/#organization","name":"Hemp King","url":"https:\/\/dev.hempking.eu\/pl\/","logo":{"@type":"ImageObject","inLanguage":"pl-PL","@id":"https:\/\/dev.hempking.eu\/pl\/#\/schema\/logo\/image\/","url":"https:\/\/dev.hempking.eu\/pl\/wp-content\/uploads\/sites\/2\/2020\/05\/hempking.png","contentUrl":"https:\/\/dev.hempking.eu\/pl\/wp-content\/uploads\/sites\/2\/2020\/05\/hempking.png","width":148,"height":91,"caption":"Hemp King"},"image":{"@id":"https:\/\/dev.hempking.eu\/pl\/#\/schema\/logo\/image\/"},"sameAs":["https:\/\/www.facebook.com\/hempkingpoland","https:\/\/x.com\/hempkingeu","https:\/\/www.instagram.com\/hempkingeu\/","https:\/\/www.linkedin.com\/company\/hempking-eu\/mycompany\/","https:\/\/pl.pinterest.com\/hempkingeu\/","https:\/\/www.youtube.com\/channel\/UCUkeZA1fj4hSZfoYm0WpZ7w"]}]},"product_price_amount":"72.64","product_price_currency":"PLN","og_availability":"instock","product_availability":"instock","product_condition":"new"},"_links":{"self":[{"href":"https:\/\/dev.hempking.eu\/pl\/wp-json\/wp\/v2\/product\/82350","targetHints":{"allow":["GET"]}}],"collection":[{"href":"https:\/\/dev.hempking.eu\/pl\/wp-json\/wp\/v2\/product"}],"about":[{"href":"https:\/\/dev.hempking.eu\/pl\/wp-json\/wp\/v2\/types\/product"}],"wp:featuredmedia":[{"embeddable":true,"href":"https:\/\/dev.hempking.eu\/pl\/wp-json\/wp\/v2\/media\/114740"}],"wp:attachment":[{"href":"https:\/\/dev.hempking.eu\/pl\/wp-json\/wp\/v2\/media?parent=82350"}],"wp:term":[{"taxonomy":"product_cat","embeddable":true,"href":"https:\/\/dev.hempking.eu\/pl\/wp-json\/wp\/v2\/product_cat?post=82350"},{"taxonomy":"product_tag","embeddable":true,"href":"https:\/\/dev.hempking.eu\/pl\/wp-json\/wp\/v2\/product_tag?post=82350"}],"curies":[{"name":"wp","href":"https:\/\/api.w.org\/{rel}","templated":true}]}}